{"id":11433,"date":"2025-03-03T09:32:21","date_gmt":"2025-03-03T07:32:21","guid":{"rendered":"https:\/\/reviva.fi\/product\/time-release-vitamin-c-1000mg-lamberts\/"},"modified":"2026-02-12T13:22:20","modified_gmt":"2026-02-12T11:22:20","slug":"time-release-vitamin-c-1000mg-lamberts","status":"publish","type":"product","link":"https:\/\/reviva.fi\/fi\/tuote\/time-release-vitamin-c-1000mg-lamberts\/","title":{"rendered":"Vitamin C Time 1000 mg bioflavonoideilla ja ruusunmarjauutteella \u2013 Lamberts"},"content":{"rendered":"<p data-start=\"0\" data-end=\"71\"><strong>Depottabletti hitaalla vapautumisella optimaalista imeytymist\u00e4 varten<\/strong><\/p>\n<p data-start=\"73\" data-end=\"347\">Lamberts Vitamin C Time 1000 mg on korkealaatuinen depottabletti, joka vapauttaa C-vitamiinia asteittain useiden tuntien ajan. T\u00e4m\u00e4 viiv\u00e4stetty vapautuminen on suunniteltu j\u00e4ljittelem\u00e4\u00e4n elimist\u00f6n luonnollista imeytymist\u00e4 ja edist\u00e4m\u00e4\u00e4n tasaisempaa imeytymist\u00e4 ajan kuluessa.<\/p>\n<p data-start=\"349\" data-end=\"554\">Jokainen tabletti sis\u00e4lt\u00e4\u00e4 1000 mg C-vitamiinia yhdistettyn\u00e4 sitrusbioflavonoideihin ja ruusunmarjauutteeseen \u2013 yhdisteisiin, joita esiintyy luonnostaan yhdess\u00e4 C-vitamiinin kanssa hedelmiss\u00e4 ja kasveissa.<\/p>\n<p data-start=\"556\" data-end=\"593\"><strong>Immuunij\u00e4rjestelm\u00e4 ja solujen suoja<\/strong><\/p>\n<p data-start=\"595\" data-end=\"609\">C-vitamiini:<\/p>\n<ul>\n<li data-start=\"611\" data-end=\"660\">edist\u00e4\u00e4 immuunij\u00e4rjestelm\u00e4n normaalia toimintaaedist\u00e4\u00e4 solujen suojaamista hapettumisstressilt\u00e4<\/li>\n<\/ul>\n<p data-start=\"714\" data-end=\"879\">C-vitamiini on voimakas antioksidantti, joka auttaa suojaamaan kehon soluja vapailta radikaaleilta. Se on erityisen t\u00e4rke\u00e4 fyysisen tai henkisen kuormituksen aikana.<\/p>\n<p data-start=\"881\" data-end=\"916\"><strong>Energia ja v\u00e4symyksen v\u00e4heneminen<\/strong><\/p>\n<p data-start=\"918\" data-end=\"932\">C-vitamiini:<\/p>\n<ul>\n<li data-start=\"934\" data-end=\"978\">edist\u00e4\u00e4 normaalia energia-aineenvaihduntaa<\/li>\n<li data-start=\"934\" data-end=\"978\">auttaa v\u00e4hent\u00e4m\u00e4\u00e4n v\u00e4symyst\u00e4 ja uupumusta<\/li>\n<\/ul>\n<p data-start=\"1025\" data-end=\"1158\">Vitamiini osallistuu elimist\u00f6n energiantuotantoprosesseihin ja voi olla arvokas lis\u00e4 v\u00e4symyksen tai lis\u00e4\u00e4ntyneen kuormituksen aikana.<\/p>\n<p data-start=\"1160\" data-end=\"1187\"><strong>Kollageenin muodostuminen<\/strong><\/p>\n<p data-start=\"1189\" data-end=\"1264\">C-vitamiini edist\u00e4\u00e4 normaalia kollageenin muodostumista, mik\u00e4 on t\u00e4rke\u00e4\u00e4:<\/p>\n<ul>\n<li data-start=\"1266\" data-end=\"1303\">verisuonten normaalille toiminnalle<\/li>\n<li data-start=\"1266\" data-end=\"1303\">ruston normaalille toiminnalleluuston normaalille toiminnalle<\/li>\n<li data-start=\"1266\" data-end=\"1303\">ikenien normaalille toiminnalle<\/li>\n<li data-start=\"1266\" data-end=\"1303\">ihon normaalille toiminnalle<\/li>\n<li data-start=\"1266\" data-end=\"1303\">hampaiden normaalille toiminnalle<\/li>\n<\/ul>\n<p data-start=\"1478\" data-end=\"1578\">Kollageeni on t\u00e4rke\u00e4 rakenneproteiini, jolla on keskeinen rooli sidekudoksessa, ihossa ja niveliss\u00e4.<\/p>\n<p data-start=\"1580\" data-end=\"1615\"><strong>Hermosto ja psykologinen toiminta<\/strong><\/p>\n<p data-start=\"1617\" data-end=\"1631\">C-vitamiini:<\/p>\n<ul>\n<li data-start=\"1633\" data-end=\"1672\">edist\u00e4\u00e4 hermoston normaalia toimintaa<\/li>\n<li data-start=\"1633\" data-end=\"1672\">edist\u00e4\u00e4 normaalia psykologista toimintaa<\/li>\n<\/ul>\n<p data-start=\"1718\" data-end=\"1750\"><strong>Lis\u00e4\u00e4ntynyt raudan imeytyminen<\/strong><\/p>\n<p data-start=\"1752\" data-end=\"1766\">C-vitamiini:<\/p>\n<ul>\n<li data-start=\"1768\" data-end=\"1794\">lis\u00e4\u00e4 raudan imeytymist\u00e4<\/li>\n<\/ul>\n<p data-start=\"1796\" data-end=\"1903\">T\u00e4m\u00e4n vuoksi C-vitamiini on erityisen merkityksellinen rautapitoisen ruokavalion tai rautalis\u00e4n yhteydess\u00e4.<\/p>\n<p data-start=\"1905\" data-end=\"1953\"><strong>Sis\u00e4lt\u00e4\u00e4 bioflavonoideja ja ruusunmarjauutetta<\/strong><\/p>\n<p data-start=\"1955\" data-end=\"1982\">Koostumus on t\u00e4ydennetty:<\/p>\n<ul>\n<li data-start=\"1984\" data-end=\"2009\">sitrusbioflavonoideilla<\/li>\n<li data-start=\"1984\" data-end=\"2009\">ruusunmarjauutteella<\/li>\n<\/ul>\n<p data-start=\"2035\" data-end=\"2166\">N\u00e4m\u00e4 kasviper\u00e4iset yhdisteet esiintyv\u00e4t luonnostaan yhdess\u00e4 C-vitamiinin kanssa hedelmiss\u00e4 ja t\u00e4ydent\u00e4v\u00e4t valmisteen kokonaisuutta.<\/p>\n<p data-start=\"2168\" data-end=\"2194\"><strong>Time-release -teknologia<\/strong><\/p>\n<p data-start=\"2196\" data-end=\"2375\">Erityinen depoteknologia mahdollistaa C-vitamiinin asteittaisen vapautumisen useiden tuntien aikana, mik\u00e4 voi parantaa sen hy\u00f6dynt\u00e4mist\u00e4 verrattuna nopeasti liukeneviin muotoihin.<\/p>\n<p data-start=\"2377\" data-end=\"2398\"><strong>Laatua Lambertsilta<\/strong><\/p>\n<p data-start=\"2400\" data-end=\"2635\">Lamberts tunnetaan korkeista laatustandardeistaan ja huolellisesti valvotuista raaka-aineistaan. Vitamin C Time 1000 mg valmistetaan tiukkojen laatuvaatimusten mukaisesti oikean annostuksen, stabiilisuuden ja puhtauden varmistamiseksi.<\/p>\n<p data-start=\"2637\" data-end=\"2719\">Tabletit on suunniteltu p\u00e4ivitt\u00e4iseen k\u00e4ytt\u00f6\u00f6n suositellun annostuksen mukaisesti.<\/p>\n<p data-start=\"2721\" data-end=\"3063\" data-is-last-node=\"\" data-is-only-node=\"\"><em>Lambertsin Time Release -valmiste vapautuu hitaasti noin 6 tunnin aikana. Viiv\u00e4stetty vapautuminen parantaa imeytymist\u00e4 ja auttaa elimist\u00f6\u00e4 hy\u00f6dynt\u00e4m\u00e4\u00e4n C-vitamiiniannoksen mahdollisimman optimaalisesti. Henkil\u00f6t, joille suuremmat C-vitamiiniannokset aiheuttavat herk\u00e4sti vatsavaivoja, voivat usein k\u00e4ytt\u00e4\u00e4 t\u00e4t\u00e4 muotoa ilman vatsan \u00e4rsytyst\u00e4.<\/em><\/p>\n","protected":false},"excerpt":{"rendered":"<div class=\"flex max-w-full flex-col flex-grow\">\n<div class=\"min-h-8 text-message relative flex w-full flex-col items-end gap-2 whitespace-normal break-words text-start [.text-message+&amp;]:mt-5\" dir=\"auto\" data-message-author-role=\"assistant\" data-message-id=\"efb85a52-f7d6-48e1-ae2b-da559d0fae30\" data-message-model-slug=\"gpt-4o-mini\">\n<div class=\"flex w-full flex-col gap-1 empty:hidden first:pt-[3px]\">\n<div class=\"markdown prose w-full break-words dark:prose-invert light\">\n<p data-start=\"0\" data-end=\"419\">Vitamin C Time 1000 mg bioflavonoideilla ja ruusunmarjauutteella Lambertsilta on vahva-annoksinen depottabletti, joka edist\u00e4\u00e4 immuunij\u00e4rjestelm\u00e4n normaalia toimintaa, solujen suojaamista hapettumisstressilt\u00e4, normaalia kollageenin muodostumista, normaalia energia-aineenvaihduntaa sek\u00e4 auttaa v\u00e4hent\u00e4m\u00e4\u00e4n v\u00e4symyst\u00e4 ja uupumusta \u2013 huolellisesti suunnitellussa koostumuksessa, joka sis\u00e4lt\u00e4\u00e4 kasviper\u00e4isi\u00e4 bioflavonoideja.<\/p>\n<ul>\n<li data-start=\"421\" data-end=\"920\">Sis\u00e4lt\u00e4\u00e4 merkityksellisen m\u00e4\u00e4r\u00e4n bioflavonoideja, jotka ovat luonnollisia yhdisteit\u00e4 ja joita esiintyy usein yhdess\u00e4 C-vitamiinin kanssa hedelmiss\u00e4 ja vihanneksissa.<\/li>\n<li data-start=\"421\" data-end=\"920\">Sis\u00e4lt\u00e4\u00e4 per\u00e4ti 100 mg bioflavonoideja, sill\u00e4 tutkimukset osoittavat, ett\u00e4 C-vitamiini ja bioflavonoidit toimivat tehokkaimmin yhdess\u00e4 nautittuina.<\/li>\n<li data-start=\"421\" data-end=\"920\">C-vitamiini vapautuu asteittain (6\u20138 tunnin aikana), mik\u00e4 j\u00e4ljittelee ruoansulatuksen luonnollista prosessia.<\/li>\n<li data-start=\"421\" data-end=\"920\">C-vitamiinin my\u00f6nteiset vaikutukset ovat k\u00e4ytett\u00e4viss\u00e4 pidemm\u00e4n ajan.<\/li>\n<\/ul>\n<p data-start=\"922\" data-end=\"942\" data-is-last-node=\"\" data-is-only-node=\"\"><strong>60 tai 180 tablettia<\/strong><\/p>\n<\/div>\n<\/div>\n<\/div>\n<\/div>\n<div class=\"mb-2 flex gap-3 -ml-2\" tabindex=\"0\">\n<div class=\"items-center justify-start rounded-xl p-1 flex\"><\/div>\n<\/div>\n","protected":false},"featured_media":11115,"comment_status":"closed","ping_status":"closed","template":"","meta":{"_acf_changed":false,"inline_featured_image":false,"_kad_blocks_custom_css":"","_kad_blocks_head_custom_js":"","_kad_blocks_body_custom_js":"","_kad_blocks_footer_custom_js":"","_kadence_starter_templates_imported_post":false,"_kad_post_transparent":"default","_kad_post_title":"","_kad_post_layout":"default","_kad_post_sidebar_id":"","_kad_post_content_style":"default","_kad_post_vertical_padding":"default","_kad_post_feature":"","_kad_post_feature_position":"","_kad_post_header":false,"_kad_post_footer":false},"product_brand":[],"product_cat":[96,526,2444,2357],"product_tag":[3484,412,1235,5555,5670,3385,444,4577,5671,4532,5672,5673,517,2959,5675],"class_list":{"0":"post-11433","1":"product","2":"type-product","3":"status-publish","4":"has-post-thumbnail","6":"product_cat-vitaminer-fi","7":"product_cat-c-vitamin-fi","8":"product_cat-lamberts-fi","9":"product_cat-immunforsvar-fi","10":"product_tag-anti-aging-fi","11":"product_tag-antioksidantti","12":"product_tag-energia","13":"product_tag-halsofordelar-fi","14":"product_tag-hallbar-frisattning-fi","15":"product_tag-hudhalsa-fi","16":"product_tag-immuunijarjestelma","17":"product_tag-kollageenin-tuotanto","18":"product_tag-langvarig-effekt-fi","19":"product_tag-lamberts-fi","20":"product_tag-stod-for-blodkarl-fi","21":"product_tag-tidsfrislappning-fi","22":"product_tag-vasymys","23":"product_tag-vitamiini-c","24":"product_tag-vitamin-c1000mg-fi","26":"first","27":"instock","28":"taxable","29":"shipping-taxable","30":"purchasable","31":"product-type-variable","32":"entry","33":"content-bg","34":"loop-entry"},"acf":[],"yoast_head":"<!-- This site is optimized with the Yoast SEO plugin v25.8 - https:\/\/yoast.com\/wordpress\/plugins\/seo\/ -->\n<title>Vitamin C Time 1000 mg bioflavonoideilla ja ruusunmarjauutteella \u2013 Lamberts - Reviva<\/title>\n<meta name=\"description\" content=\"Time Release C -Vitamiini 1000mg - Lamberts on C-vitamiinin muoto, joka vapautuu hitaasti p\u00e4iv\u00e4n aikana tarjoten pitk\u00e4kestoista tukea immuunij\u00e4rjestelm\u00e4lle.\" \/>\n<meta name=\"robots\" content=\"index, follow, max-snippet:-1, max-image-preview:large, max-video-preview:-1\" \/>\n<link rel=\"canonical\" href=\"https:\/\/reviva.fi\/fi\/tuote\/time-release-vitamin-c-1000mg-lamberts\/\" \/>\n<meta property=\"og:locale\" content=\"fi_FI\" \/>\n<meta property=\"og:type\" content=\"article\" \/>\n<meta property=\"og:title\" content=\"Vitamin C Time 1000 mg bioflavonoideilla ja ruusunmarjauutteella \u2013 Lamberts - Reviva\" \/>\n<meta property=\"og:description\" content=\"Time Release C -Vitamiini 1000mg - Lamberts on C-vitamiinin muoto, joka vapautuu hitaasti p\u00e4iv\u00e4n aikana tarjoten pitk\u00e4kestoista tukea immuunij\u00e4rjestelm\u00e4lle.\" \/>\n<meta property=\"og:url\" content=\"https:\/\/reviva.fi\/fi\/tuote\/time-release-vitamin-c-1000mg-lamberts\/\" \/>\n<meta property=\"og:site_name\" content=\"Reviva\" \/>\n<meta property=\"article:modified_time\" content=\"2026-02-12T11:22:20+00:00\" \/>\n<meta property=\"og:image\" content=\"https:\/\/reviva.fi\/wp-content\/uploads\/2025\/03\/8134-180-Time-release-vitamin-C.jpg\" \/>\n\t<meta property=\"og:image:width\" content=\"780\" \/>\n\t<meta property=\"og:image:height\" content=\"780\" \/>\n\t<meta property=\"og:image:type\" content=\"image\/jpeg\" \/>\n<meta name=\"twitter:card\" content=\"summary_large_image\" \/>\n<script type=\"application\/ld+json\" class=\"yoast-schema-graph\">{\"@context\":\"https:\/\/schema.org\",\"@graph\":[{\"@type\":\"WebPage\",\"@id\":\"https:\/\/reviva.fi\/fi\/tuote\/time-release-vitamin-c-1000mg-lamberts\/\",\"url\":\"https:\/\/reviva.fi\/fi\/tuote\/time-release-vitamin-c-1000mg-lamberts\/\",\"name\":\"Vitamin C Time 1000 mg bioflavonoideilla ja ruusunmarjauutteella \u2013 Lamberts - Reviva\",\"isPartOf\":{\"@id\":\"https:\/\/reviva.fi\/fi\/#website\"},\"primaryImageOfPage\":{\"@id\":\"https:\/\/reviva.fi\/fi\/tuote\/time-release-vitamin-c-1000mg-lamberts\/#primaryimage\"},\"image\":{\"@id\":\"https:\/\/reviva.fi\/fi\/tuote\/time-release-vitamin-c-1000mg-lamberts\/#primaryimage\"},\"thumbnailUrl\":\"https:\/\/reviva.fi\/wp-content\/uploads\/2025\/03\/8134-180-Time-release-vitamin-C.jpg\",\"datePublished\":\"2025-03-03T07:32:21+00:00\",\"dateModified\":\"2026-02-12T11:22:20+00:00\",\"description\":\"Time Release C -Vitamiini 1000mg - Lamberts on C-vitamiinin muoto, joka vapautuu hitaasti p\u00e4iv\u00e4n aikana tarjoten pitk\u00e4kestoista tukea immuunij\u00e4rjestelm\u00e4lle.\",\"breadcrumb\":{\"@id\":\"https:\/\/reviva.fi\/fi\/tuote\/time-release-vitamin-c-1000mg-lamberts\/#breadcrumb\"},\"inLanguage\":\"fi\",\"potentialAction\":[{\"@type\":\"ReadAction\",\"target\":[\"https:\/\/reviva.fi\/fi\/tuote\/time-release-vitamin-c-1000mg-lamberts\/\"]}]},{\"@type\":\"ImageObject\",\"inLanguage\":\"fi\",\"@id\":\"https:\/\/reviva.fi\/fi\/tuote\/time-release-vitamin-c-1000mg-lamberts\/#primaryimage\",\"url\":\"https:\/\/reviva.fi\/wp-content\/uploads\/2025\/03\/8134-180-Time-release-vitamin-C.jpg\",\"contentUrl\":\"https:\/\/reviva.fi\/wp-content\/uploads\/2025\/03\/8134-180-Time-release-vitamin-C.jpg\",\"width\":780,\"height\":780,\"caption\":\"Time Release C-Vitamiini 1000mg - Lamberts\"},{\"@type\":\"BreadcrumbList\",\"@id\":\"https:\/\/reviva.fi\/fi\/tuote\/time-release-vitamin-c-1000mg-lamberts\/#breadcrumb\",\"itemListElement\":[{\"@type\":\"ListItem\",\"position\":1,\"name\":\"Etusivu\",\"item\":\"https:\/\/reviva.fi\/fi\/\"},{\"@type\":\"ListItem\",\"position\":2,\"name\":\"Tuotteet\",\"item\":\"https:\/\/reviva.fi\/produkter\/\"},{\"@type\":\"ListItem\",\"position\":3,\"name\":\"Vitamin C Time 1000 mg bioflavonoideilla ja ruusunmarjauutteella \u2013 Lamberts\"}]},{\"@type\":\"WebSite\",\"@id\":\"https:\/\/reviva.fi\/fi\/#website\",\"url\":\"https:\/\/reviva.fi\/fi\/\",\"name\":\"Reviva\",\"description\":\"\",\"publisher\":{\"@id\":\"https:\/\/reviva.fi\/fi\/#organization\"},\"potentialAction\":[{\"@type\":\"SearchAction\",\"target\":{\"@type\":\"EntryPoint\",\"urlTemplate\":\"https:\/\/reviva.fi\/fi\/?s={search_term_string}\"},\"query-input\":{\"@type\":\"PropertyValueSpecification\",\"valueRequired\":true,\"valueName\":\"search_term_string\"}}],\"inLanguage\":\"fi\"},{\"@type\":\"Organization\",\"@id\":\"https:\/\/reviva.fi\/fi\/#organization\",\"name\":\"Reviva\",\"url\":\"https:\/\/reviva.fi\/fi\/\",\"logo\":{\"@type\":\"ImageObject\",\"inLanguage\":\"fi\",\"@id\":\"https:\/\/reviva.fi\/fi\/#\/schema\/logo\/image\/\",\"url\":\"https:\/\/reviva.fi\/wp-content\/uploads\/2023\/10\/reviva-logo2.svg\",\"contentUrl\":\"https:\/\/reviva.fi\/wp-content\/uploads\/2023\/10\/reviva-logo2.svg\",\"caption\":\"Reviva\"},\"image\":{\"@id\":\"https:\/\/reviva.fi\/fi\/#\/schema\/logo\/image\/\"}}]}<\/script>\n<meta property=\"og:availability\" content=\"instock\" \/>\n<meta property=\"product:availability\" content=\"instock\" \/>\n<meta property=\"product:condition\" content=\"new\" \/>\n<!-- \/ Yoast SEO plugin. -->","yoast_head_json":{"title":"Vitamin C Time 1000 mg bioflavonoideilla ja ruusunmarjauutteella \u2013 Lamberts - Reviva","description":"Time Release C -Vitamiini 1000mg - Lamberts on C-vitamiinin muoto, joka vapautuu hitaasti p\u00e4iv\u00e4n aikana tarjoten pitk\u00e4kestoista tukea immuunij\u00e4rjestelm\u00e4lle.","robots":{"index":"index","follow":"follow","max-snippet":"max-snippet:-1","max-image-preview":"max-image-preview:large","max-video-preview":"max-video-preview:-1"},"canonical":"https:\/\/reviva.fi\/fi\/tuote\/time-release-vitamin-c-1000mg-lamberts\/","og_locale":"fi_FI","og_type":"article","og_title":"Vitamin C Time 1000 mg bioflavonoideilla ja ruusunmarjauutteella \u2013 Lamberts - Reviva","og_description":"Time Release C -Vitamiini 1000mg - Lamberts on C-vitamiinin muoto, joka vapautuu hitaasti p\u00e4iv\u00e4n aikana tarjoten pitk\u00e4kestoista tukea immuunij\u00e4rjestelm\u00e4lle.","og_url":"https:\/\/reviva.fi\/fi\/tuote\/time-release-vitamin-c-1000mg-lamberts\/","og_site_name":"Reviva","article_modified_time":"2026-02-12T11:22:20+00:00","og_image":[{"width":780,"height":780,"url":"https:\/\/reviva.fi\/wp-content\/uploads\/2025\/03\/8134-180-Time-release-vitamin-C.jpg","type":"image\/jpeg"}],"twitter_card":"summary_large_image","schema":{"@context":"https:\/\/schema.org","@graph":[{"@type":"WebPage","@id":"https:\/\/reviva.fi\/fi\/tuote\/time-release-vitamin-c-1000mg-lamberts\/","url":"https:\/\/reviva.fi\/fi\/tuote\/time-release-vitamin-c-1000mg-lamberts\/","name":"Vitamin C Time 1000 mg bioflavonoideilla ja ruusunmarjauutteella \u2013 Lamberts - Reviva","isPartOf":{"@id":"https:\/\/reviva.fi\/fi\/#website"},"primaryImageOfPage":{"@id":"https:\/\/reviva.fi\/fi\/tuote\/time-release-vitamin-c-1000mg-lamberts\/#primaryimage"},"image":{"@id":"https:\/\/reviva.fi\/fi\/tuote\/time-release-vitamin-c-1000mg-lamberts\/#primaryimage"},"thumbnailUrl":"https:\/\/reviva.fi\/wp-content\/uploads\/2025\/03\/8134-180-Time-release-vitamin-C.jpg","datePublished":"2025-03-03T07:32:21+00:00","dateModified":"2026-02-12T11:22:20+00:00","description":"Time Release C -Vitamiini 1000mg - Lamberts on C-vitamiinin muoto, joka vapautuu hitaasti p\u00e4iv\u00e4n aikana tarjoten pitk\u00e4kestoista tukea immuunij\u00e4rjestelm\u00e4lle.","breadcrumb":{"@id":"https:\/\/reviva.fi\/fi\/tuote\/time-release-vitamin-c-1000mg-lamberts\/#breadcrumb"},"inLanguage":"fi","potentialAction":[{"@type":"ReadAction","target":["https:\/\/reviva.fi\/fi\/tuote\/time-release-vitamin-c-1000mg-lamberts\/"]}]},{"@type":"ImageObject","inLanguage":"fi","@id":"https:\/\/reviva.fi\/fi\/tuote\/time-release-vitamin-c-1000mg-lamberts\/#primaryimage","url":"https:\/\/reviva.fi\/wp-content\/uploads\/2025\/03\/8134-180-Time-release-vitamin-C.jpg","contentUrl":"https:\/\/reviva.fi\/wp-content\/uploads\/2025\/03\/8134-180-Time-release-vitamin-C.jpg","width":780,"height":780,"caption":"Time Release C-Vitamiini 1000mg - Lamberts"},{"@type":"BreadcrumbList","@id":"https:\/\/reviva.fi\/fi\/tuote\/time-release-vitamin-c-1000mg-lamberts\/#breadcrumb","itemListElement":[{"@type":"ListItem","position":1,"name":"Etusivu","item":"https:\/\/reviva.fi\/fi\/"},{"@type":"ListItem","position":2,"name":"Tuotteet","item":"https:\/\/reviva.fi\/produkter\/"},{"@type":"ListItem","position":3,"name":"Vitamin C Time 1000 mg bioflavonoideilla ja ruusunmarjauutteella \u2013 Lamberts"}]},{"@type":"WebSite","@id":"https:\/\/reviva.fi\/fi\/#website","url":"https:\/\/reviva.fi\/fi\/","name":"Reviva","description":"","publisher":{"@id":"https:\/\/reviva.fi\/fi\/#organization"},"potentialAction":[{"@type":"SearchAction","target":{"@type":"EntryPoint","urlTemplate":"https:\/\/reviva.fi\/fi\/?s={search_term_string}"},"query-input":{"@type":"PropertyValueSpecification","valueRequired":true,"valueName":"search_term_string"}}],"inLanguage":"fi"},{"@type":"Organization","@id":"https:\/\/reviva.fi\/fi\/#organization","name":"Reviva","url":"https:\/\/reviva.fi\/fi\/","logo":{"@type":"ImageObject","inLanguage":"fi","@id":"https:\/\/reviva.fi\/fi\/#\/schema\/logo\/image\/","url":"https:\/\/reviva.fi\/wp-content\/uploads\/2023\/10\/reviva-logo2.svg","contentUrl":"https:\/\/reviva.fi\/wp-content\/uploads\/2023\/10\/reviva-logo2.svg","caption":"Reviva"},"image":{"@id":"https:\/\/reviva.fi\/fi\/#\/schema\/logo\/image\/"}}]},"og_availability":"instock","product_availability":"instock","product_condition":"new"},"taxonomy_info":{"product_cat":[{"value":96,"label":"Vitamiinit"},{"value":526,"label":"C-vitamiini"},{"value":2444,"label":"Lamberts"},{"value":2357,"label":"Immuunipuolustus"}],"product_tag":[{"value":3484,"label":"Anti-aging"},{"value":412,"label":"antioksidantti"},{"value":1235,"label":"energia"},{"value":5555,"label":"H\u00e4lsof\u00f6rdelar"},{"value":5670,"label":"H\u00e5llbar fris\u00e4ttning"},{"value":3385,"label":"Hudh\u00e4lsa"},{"value":444,"label":"immuunij\u00e4rjestelm\u00e4"},{"value":4577,"label":"Kollageenin tuotanto"},{"value":5671,"label":"L\u00e5ngvarig effekt"},{"value":4532,"label":"Lamberts"},{"value":5672,"label":"St\u00f6d f\u00f6r blodk\u00e4rl"},{"value":5673,"label":"Tidsfrisl\u00e4ppning"},{"value":517,"label":"v\u00e4symys"},{"value":2959,"label":"Vitamiini C"},{"value":5675,"label":"Vitamin C1000mg."}]},"featured_image_src_large":["https:\/\/reviva.fi\/wp-content\/uploads\/2025\/03\/8134-180-Time-release-vitamin-C.jpg",780,780,false],"author_info":[],"comment_info":0,"_links":{"self":[{"href":"https:\/\/reviva.fi\/fi\/wp-json\/wp\/v2\/product\/11433","targetHints":{"allow":["GET"]}}],"collection":[{"href":"https:\/\/reviva.fi\/fi\/wp-json\/wp\/v2\/product"}],"about":[{"href":"https:\/\/reviva.fi\/fi\/wp-json\/wp\/v2\/types\/product"}],"replies":[{"embeddable":true,"href":"https:\/\/reviva.fi\/fi\/wp-json\/wp\/v2\/comments?post=11433"}],"wp:featuredmedia":[{"embeddable":true,"href":"https:\/\/reviva.fi\/fi\/wp-json\/wp\/v2\/media\/11115"}],"wp:attachment":[{"href":"https:\/\/reviva.fi\/fi\/wp-json\/wp\/v2\/media?parent=11433"}],"wp:term":[{"taxonomy":"product_brand","embeddable":true,"href":"https:\/\/reviva.fi\/fi\/wp-json\/wp\/v2\/product_brand?post=11433"},{"taxonomy":"product_cat","embeddable":true,"href":"https:\/\/reviva.fi\/fi\/wp-json\/wp\/v2\/product_cat?post=11433"},{"taxonomy":"product_tag","embeddable":true,"href":"https:\/\/reviva.fi\/fi\/wp-json\/wp\/v2\/product_tag?post=11433"}],"curies":[{"name":"wp","href":"https:\/\/api.w.org\/{rel}","templated":true}]}}