{"id":11441,"date":"2025-03-03T09:19:28","date_gmt":"2025-03-03T07:19:28","guid":{"rendered":"https:\/\/reviva.fi\/product\/rutin-vitamin-c-lamberts\/"},"modified":"2025-09-10T00:23:26","modified_gmt":"2025-09-09T21:23:26","slug":"rutin-vitamin-c-lamberts","status":"publish","type":"product","link":"https:\/\/reviva.fi\/fi\/tuote\/rutin-vitamin-c-lamberts\/","title":{"rendered":"Rutiini ja C-vitamiini &#8211; Lamberts"},"content":{"rendered":"<p data-start=\"69\" data-end=\"292\"><strong>Rutiini ja C-vitamiini &#8211; Lamberts<\/strong><\/p>\n<p data-start=\"0\" data-end=\"234\">T\u00e4m\u00e4 tuote yhdist\u00e4\u00e4 voimakkaat bioflavonoidit, rutiinin ja hesperidiinin, sek\u00e4 500 mg C-vitamiinia. N\u00e4m\u00e4 bioflavonoidit ovat luonnollisesti valmistettuja, joissa rutiini on per\u00e4isin tattarista ja hesperidiini sitrushedelmien kuorista.<\/p>\n<p data-start=\"236\" data-end=\"621\" data-is-last-node=\"\" data-is-only-node=\"\">Bioflavonoidit ovat olleet tutkimuksen kohteena, koska ne n\u00e4ytt\u00e4v\u00e4t toimivan kehossa monin tavoin; erityisesti ne tukevat C-vitamiinia sen roolissa terveiden kollageenin ja ruston yll\u00e4pit\u00e4misess\u00e4, mik\u00e4 on t\u00e4rke\u00e4\u00e4 ihon, ikenien ja immuunij\u00e4rjestelm\u00e4n normaalille toiminnalle. C-vitamiini edist\u00e4\u00e4 my\u00f6s v\u00e4symyksen ja uupumuksen v\u00e4hent\u00e4mist\u00e4 sek\u00e4 suojaa soluja oksidatiiviselta stressilt\u00e4.<\/p>\n","protected":false},"excerpt":{"rendered":"<ul>\n<li data-start=\"0\" data-end=\"508\">Yhdist\u00e4\u00e4 kaksi luonnollisesti esiintyv\u00e4\u00e4 bioflavonoidia, rutiinia ja hesperidiini\u00e4.<\/li>\n<li data-start=\"0\" data-end=\"508\">Bioflavonoidit tukevat C-vitamiinin roolia kollageenin ja ruston s\u00e4ilytt\u00e4misess\u00e4, mik\u00e4 on t\u00e4rke\u00e4\u00e4 ihon, ikenien ja immuunij\u00e4rjestelm\u00e4n normaalille toiminnalle.<\/li>\n<li data-start=\"0\" data-end=\"508\">Jokainen tabletti tarjoaa yhdistelm\u00e4n 500 mg C-vitamiinia ja 200 mg bioflavonoideja (mukaan lukien rutiini).<\/li>\n<li data-start=\"0\" data-end=\"508\">C-vitamiini edist\u00e4\u00e4 my\u00f6s v\u00e4symyksen ja uupumuksen v\u00e4hent\u00e4mist\u00e4 sek\u00e4 suojaa soluja oksidatiiviselta stressilt\u00e4, jonka aiheuttavat &#8221;vapaat radikaalit&#8221;.<\/li>\n<\/ul>\n<p data-start=\"510\" data-end=\"522\" data-is-last-node=\"\" data-is-only-node=\"\"><strong>90 tablettia<\/strong><\/p>\n","protected":false},"featured_media":11109,"comment_status":"closed","ping_status":"closed","template":"","meta":{"_acf_changed":false,"inline_featured_image":false,"_kad_blocks_custom_css":"","_kad_blocks_head_custom_js":"","_kad_blocks_body_custom_js":"","_kad_blocks_footer_custom_js":"","_kadence_starter_templates_imported_post":false,"_kad_post_transparent":"default","_kad_post_title":"","_kad_post_layout":"default","_kad_post_sidebar_id":"","_kad_post_content_style":"default","_kad_post_vertical_padding":"default","_kad_post_feature":"","_kad_post_feature_position":"","_kad_post_header":false,"_kad_post_footer":false},"product_brand":[],"product_cat":[96,526,2444,2357],"product_tag":[412,465,1235,5555,3385,444,4577,4532,4593,5528,5672,517,1567,2959],"class_list":{"0":"post-11441","1":"product","2":"type-product","3":"status-publish","4":"has-post-thumbnail","6":"product_cat-vitaminer-fi","7":"product_cat-c-vitamin-fi","8":"product_cat-lamberts-fi","9":"product_cat-immunforsvar-fi","10":"product_tag-antioksidantti","11":"product_tag-c-vitamiini","12":"product_tag-energia","13":"product_tag-halsofordelar-fi","14":"product_tag-hudhalsa-fi","15":"product_tag-immuunijarjestelma","16":"product_tag-kollageenin-tuotanto","17":"product_tag-lamberts-fi","18":"product_tag-rutiini","19":"product_tag-skydd-mot-fria-radikaler-fi","20":"product_tag-stod-for-blodkarl-fi","21":"product_tag-vasymys","22":"product_tag-vahvistaminen","23":"product_tag-vitamiini-c","25":"first","26":"instock","27":"taxable","28":"shipping-taxable","29":"purchasable","30":"product-type-simple","31":"entry","32":"content-bg","33":"loop-entry"},"acf":[],"yoast_head":"<!-- This site is optimized with the Yoast SEO plugin v25.8 - https:\/\/yoast.com\/wordpress\/plugins\/seo\/ -->\n<title>Rutiini ja C-vitamiini - Lamberts - Reviva<\/title>\n<meta name=\"description\" content=\"Rutiini ja C-vitamiini - Lamberts Yhdist\u00e4\u00e4 kaksi voimakasta antioksidanttia tukemaan kehon luonnollista suojautumista vapaita radikaaleja vastaan.\" \/>\n<meta name=\"robots\" content=\"index, follow, max-snippet:-1, max-image-preview:large, max-video-preview:-1\" \/>\n<link rel=\"canonical\" href=\"https:\/\/reviva.fi\/fi\/tuote\/rutin-vitamin-c-lamberts\/\" \/>\n<meta property=\"og:locale\" content=\"fi_FI\" \/>\n<meta property=\"og:type\" content=\"article\" \/>\n<meta property=\"og:title\" content=\"Rutiini ja C-vitamiini - Lamberts - Reviva\" \/>\n<meta property=\"og:description\" content=\"Rutiini ja C-vitamiini - Lamberts Yhdist\u00e4\u00e4 kaksi voimakasta antioksidanttia tukemaan kehon luonnollista suojautumista vapaita radikaaleja vastaan.\" \/>\n<meta property=\"og:url\" content=\"https:\/\/reviva.fi\/fi\/tuote\/rutin-vitamin-c-lamberts\/\" \/>\n<meta property=\"og:site_name\" content=\"Reviva\" \/>\n<meta property=\"article:modified_time\" content=\"2025-09-09T21:23:26+00:00\" \/>\n<meta property=\"og:image\" content=\"https:\/\/reviva.fi\/wp-content\/uploads\/2025\/03\/8123-Rutin-Vitamin-C.jpg\" \/>\n\t<meta property=\"og:image:width\" content=\"780\" \/>\n\t<meta property=\"og:image:height\" content=\"780\" \/>\n\t<meta property=\"og:image:type\" content=\"image\/jpeg\" \/>\n<meta name=\"twitter:card\" content=\"summary_large_image\" \/>\n<script type=\"application\/ld+json\" class=\"yoast-schema-graph\">{\"@context\":\"https:\/\/schema.org\",\"@graph\":[{\"@type\":\"WebPage\",\"@id\":\"https:\/\/reviva.fi\/fi\/tuote\/rutin-vitamin-c-lamberts\/\",\"url\":\"https:\/\/reviva.fi\/fi\/tuote\/rutin-vitamin-c-lamberts\/\",\"name\":\"Rutiini ja C-vitamiini - Lamberts - Reviva\",\"isPartOf\":{\"@id\":\"https:\/\/reviva.fi\/fi\/#website\"},\"primaryImageOfPage\":{\"@id\":\"https:\/\/reviva.fi\/fi\/tuote\/rutin-vitamin-c-lamberts\/#primaryimage\"},\"image\":{\"@id\":\"https:\/\/reviva.fi\/fi\/tuote\/rutin-vitamin-c-lamberts\/#primaryimage\"},\"thumbnailUrl\":\"https:\/\/reviva.fi\/wp-content\/uploads\/2025\/03\/8123-Rutin-Vitamin-C.jpg\",\"datePublished\":\"2025-03-03T07:19:28+00:00\",\"dateModified\":\"2025-09-09T21:23:26+00:00\",\"description\":\"Rutiini ja C-vitamiini - Lamberts Yhdist\u00e4\u00e4 kaksi voimakasta antioksidanttia tukemaan kehon luonnollista suojautumista vapaita radikaaleja vastaan.\",\"breadcrumb\":{\"@id\":\"https:\/\/reviva.fi\/fi\/tuote\/rutin-vitamin-c-lamberts\/#breadcrumb\"},\"inLanguage\":\"fi\",\"potentialAction\":[{\"@type\":\"ReadAction\",\"target\":[\"https:\/\/reviva.fi\/fi\/tuote\/rutin-vitamin-c-lamberts\/\"]}]},{\"@type\":\"ImageObject\",\"inLanguage\":\"fi\",\"@id\":\"https:\/\/reviva.fi\/fi\/tuote\/rutin-vitamin-c-lamberts\/#primaryimage\",\"url\":\"https:\/\/reviva.fi\/wp-content\/uploads\/2025\/03\/8123-Rutin-Vitamin-C.jpg\",\"contentUrl\":\"https:\/\/reviva.fi\/wp-content\/uploads\/2025\/03\/8123-Rutin-Vitamin-C.jpg\",\"width\":780,\"height\":780,\"caption\":\"Rutin & Vitamin C - Lamberts\"},{\"@type\":\"BreadcrumbList\",\"@id\":\"https:\/\/reviva.fi\/fi\/tuote\/rutin-vitamin-c-lamberts\/#breadcrumb\",\"itemListElement\":[{\"@type\":\"ListItem\",\"position\":1,\"name\":\"Etusivu\",\"item\":\"https:\/\/reviva.fi\/fi\/\"},{\"@type\":\"ListItem\",\"position\":2,\"name\":\"Tuotteet\",\"item\":\"https:\/\/reviva.fi\/produkter\/\"},{\"@type\":\"ListItem\",\"position\":3,\"name\":\"Rutiini ja C-vitamiini &#8211; Lamberts\"}]},{\"@type\":\"WebSite\",\"@id\":\"https:\/\/reviva.fi\/fi\/#website\",\"url\":\"https:\/\/reviva.fi\/fi\/\",\"name\":\"Reviva\",\"description\":\"\",\"publisher\":{\"@id\":\"https:\/\/reviva.fi\/fi\/#organization\"},\"potentialAction\":[{\"@type\":\"SearchAction\",\"target\":{\"@type\":\"EntryPoint\",\"urlTemplate\":\"https:\/\/reviva.fi\/fi\/?s={search_term_string}\"},\"query-input\":{\"@type\":\"PropertyValueSpecification\",\"valueRequired\":true,\"valueName\":\"search_term_string\"}}],\"inLanguage\":\"fi\"},{\"@type\":\"Organization\",\"@id\":\"https:\/\/reviva.fi\/fi\/#organization\",\"name\":\"Reviva\",\"url\":\"https:\/\/reviva.fi\/fi\/\",\"logo\":{\"@type\":\"ImageObject\",\"inLanguage\":\"fi\",\"@id\":\"https:\/\/reviva.fi\/fi\/#\/schema\/logo\/image\/\",\"url\":\"https:\/\/reviva.fi\/wp-content\/uploads\/2023\/10\/reviva-logo2.svg\",\"contentUrl\":\"https:\/\/reviva.fi\/wp-content\/uploads\/2023\/10\/reviva-logo2.svg\",\"caption\":\"Reviva\"},\"image\":{\"@id\":\"https:\/\/reviva.fi\/fi\/#\/schema\/logo\/image\/\"}}]}<\/script>\n<meta property=\"product:price:amount\" content=\"18.20\" \/>\n<meta property=\"product:price:currency\" content=\"EUR\" \/>\n<meta property=\"og:availability\" content=\"instock\" \/>\n<meta property=\"product:availability\" content=\"instock\" \/>\n<meta property=\"product:retailer_item_id\" content=\"8123-90\" \/>\n<meta property=\"product:condition\" content=\"new\" \/>\n<!-- \/ Yoast SEO plugin. -->","yoast_head_json":{"title":"Rutiini ja C-vitamiini - Lamberts - Reviva","description":"Rutiini ja C-vitamiini - Lamberts Yhdist\u00e4\u00e4 kaksi voimakasta antioksidanttia tukemaan kehon luonnollista suojautumista vapaita radikaaleja vastaan.","robots":{"index":"index","follow":"follow","max-snippet":"max-snippet:-1","max-image-preview":"max-image-preview:large","max-video-preview":"max-video-preview:-1"},"canonical":"https:\/\/reviva.fi\/fi\/tuote\/rutin-vitamin-c-lamberts\/","og_locale":"fi_FI","og_type":"article","og_title":"Rutiini ja C-vitamiini - Lamberts - Reviva","og_description":"Rutiini ja C-vitamiini - Lamberts Yhdist\u00e4\u00e4 kaksi voimakasta antioksidanttia tukemaan kehon luonnollista suojautumista vapaita radikaaleja vastaan.","og_url":"https:\/\/reviva.fi\/fi\/tuote\/rutin-vitamin-c-lamberts\/","og_site_name":"Reviva","article_modified_time":"2025-09-09T21:23:26+00:00","og_image":[{"width":780,"height":780,"url":"https:\/\/reviva.fi\/wp-content\/uploads\/2025\/03\/8123-Rutin-Vitamin-C.jpg","type":"image\/jpeg"}],"twitter_card":"summary_large_image","schema":{"@context":"https:\/\/schema.org","@graph":[{"@type":"WebPage","@id":"https:\/\/reviva.fi\/fi\/tuote\/rutin-vitamin-c-lamberts\/","url":"https:\/\/reviva.fi\/fi\/tuote\/rutin-vitamin-c-lamberts\/","name":"Rutiini ja C-vitamiini - Lamberts - Reviva","isPartOf":{"@id":"https:\/\/reviva.fi\/fi\/#website"},"primaryImageOfPage":{"@id":"https:\/\/reviva.fi\/fi\/tuote\/rutin-vitamin-c-lamberts\/#primaryimage"},"image":{"@id":"https:\/\/reviva.fi\/fi\/tuote\/rutin-vitamin-c-lamberts\/#primaryimage"},"thumbnailUrl":"https:\/\/reviva.fi\/wp-content\/uploads\/2025\/03\/8123-Rutin-Vitamin-C.jpg","datePublished":"2025-03-03T07:19:28+00:00","dateModified":"2025-09-09T21:23:26+00:00","description":"Rutiini ja C-vitamiini - Lamberts Yhdist\u00e4\u00e4 kaksi voimakasta antioksidanttia tukemaan kehon luonnollista suojautumista vapaita radikaaleja vastaan.","breadcrumb":{"@id":"https:\/\/reviva.fi\/fi\/tuote\/rutin-vitamin-c-lamberts\/#breadcrumb"},"inLanguage":"fi","potentialAction":[{"@type":"ReadAction","target":["https:\/\/reviva.fi\/fi\/tuote\/rutin-vitamin-c-lamberts\/"]}]},{"@type":"ImageObject","inLanguage":"fi","@id":"https:\/\/reviva.fi\/fi\/tuote\/rutin-vitamin-c-lamberts\/#primaryimage","url":"https:\/\/reviva.fi\/wp-content\/uploads\/2025\/03\/8123-Rutin-Vitamin-C.jpg","contentUrl":"https:\/\/reviva.fi\/wp-content\/uploads\/2025\/03\/8123-Rutin-Vitamin-C.jpg","width":780,"height":780,"caption":"Rutin & Vitamin C - Lamberts"},{"@type":"BreadcrumbList","@id":"https:\/\/reviva.fi\/fi\/tuote\/rutin-vitamin-c-lamberts\/#breadcrumb","itemListElement":[{"@type":"ListItem","position":1,"name":"Etusivu","item":"https:\/\/reviva.fi\/fi\/"},{"@type":"ListItem","position":2,"name":"Tuotteet","item":"https:\/\/reviva.fi\/produkter\/"},{"@type":"ListItem","position":3,"name":"Rutiini ja C-vitamiini &#8211; Lamberts"}]},{"@type":"WebSite","@id":"https:\/\/reviva.fi\/fi\/#website","url":"https:\/\/reviva.fi\/fi\/","name":"Reviva","description":"","publisher":{"@id":"https:\/\/reviva.fi\/fi\/#organization"},"potentialAction":[{"@type":"SearchAction","target":{"@type":"EntryPoint","urlTemplate":"https:\/\/reviva.fi\/fi\/?s={search_term_string}"},"query-input":{"@type":"PropertyValueSpecification","valueRequired":true,"valueName":"search_term_string"}}],"inLanguage":"fi"},{"@type":"Organization","@id":"https:\/\/reviva.fi\/fi\/#organization","name":"Reviva","url":"https:\/\/reviva.fi\/fi\/","logo":{"@type":"ImageObject","inLanguage":"fi","@id":"https:\/\/reviva.fi\/fi\/#\/schema\/logo\/image\/","url":"https:\/\/reviva.fi\/wp-content\/uploads\/2023\/10\/reviva-logo2.svg","contentUrl":"https:\/\/reviva.fi\/wp-content\/uploads\/2023\/10\/reviva-logo2.svg","caption":"Reviva"},"image":{"@id":"https:\/\/reviva.fi\/fi\/#\/schema\/logo\/image\/"}}]},"product_price_amount":"18.20","product_price_currency":"EUR","og_availability":"instock","product_availability":"instock","product_retailer_item_id":"8123-90","product_condition":"new"},"taxonomy_info":{"product_cat":[{"value":96,"label":"Vitamiinit"},{"value":526,"label":"C-vitamiini"},{"value":2444,"label":"Lamberts"},{"value":2357,"label":"Immuunipuolustus"}],"product_tag":[{"value":412,"label":"antioksidantti"},{"value":465,"label":"c vitamiini"},{"value":1235,"label":"energia"},{"value":5555,"label":"H\u00e4lsof\u00f6rdelar"},{"value":3385,"label":"Hudh\u00e4lsa"},{"value":444,"label":"immuunij\u00e4rjestelm\u00e4"},{"value":4577,"label":"Kollageenin tuotanto"},{"value":4532,"label":"Lamberts"},{"value":4593,"label":"Rutiini"},{"value":5528,"label":"Skydd mot fria radikaler"},{"value":5672,"label":"St\u00f6d f\u00f6r blodk\u00e4rl"},{"value":517,"label":"v\u00e4symys"},{"value":1567,"label":"vahvistaminen"},{"value":2959,"label":"Vitamiini C"}]},"featured_image_src_large":["https:\/\/reviva.fi\/wp-content\/uploads\/2025\/03\/8123-Rutin-Vitamin-C.jpg",780,780,false],"author_info":[],"comment_info":0,"_links":{"self":[{"href":"https:\/\/reviva.fi\/fi\/wp-json\/wp\/v2\/product\/11441","targetHints":{"allow":["GET"]}}],"collection":[{"href":"https:\/\/reviva.fi\/fi\/wp-json\/wp\/v2\/product"}],"about":[{"href":"https:\/\/reviva.fi\/fi\/wp-json\/wp\/v2\/types\/product"}],"replies":[{"embeddable":true,"href":"https:\/\/reviva.fi\/fi\/wp-json\/wp\/v2\/comments?post=11441"}],"wp:featuredmedia":[{"embeddable":true,"href":"https:\/\/reviva.fi\/fi\/wp-json\/wp\/v2\/media\/11109"}],"wp:attachment":[{"href":"https:\/\/reviva.fi\/fi\/wp-json\/wp\/v2\/media?parent=11441"}],"wp:term":[{"taxonomy":"product_brand","embeddable":true,"href":"https:\/\/reviva.fi\/fi\/wp-json\/wp\/v2\/product_brand?post=11441"},{"taxonomy":"product_cat","embeddable":true,"href":"https:\/\/reviva.fi\/fi\/wp-json\/wp\/v2\/product_cat?post=11441"},{"taxonomy":"product_tag","embeddable":true,"href":"https:\/\/reviva.fi\/fi\/wp-json\/wp\/v2\/product_tag?post=11441"}],"curies":[{"name":"wp","href":"https:\/\/api.w.org\/{rel}","templated":true}]}}