{"id":11444,"date":"2025-03-03T09:15:49","date_gmt":"2025-03-03T07:15:49","guid":{"rendered":"https:\/\/reviva.fi\/product\/vitamin-c-ascorbic-acid-lamberts\/"},"modified":"2025-03-06T09:01:56","modified_gmt":"2025-03-06T07:01:56","slug":"c-vitamiini-askorbiinihappo-lamberts","status":"publish","type":"product","link":"https:\/\/reviva.fi\/fi\/tuote\/c-vitamiini-askorbiinihappo-lamberts\/","title":{"rendered":"C-Vitamiini Askorbiinihappo &#8211; Lamberts"},"content":{"rendered":"<p><strong>C-Vitamiini Askorbiinihappo &#8211; Lamberts<\/strong><\/p>\n<p data-start=\"0\" data-end=\"266\">T\u00e4m\u00e4 puhdas jauhemuoto on taloudellisin tapa ostaa C-vitamiinia. Se on my\u00f6s helpoin k\u00e4ytt\u00e4\u00e4, sill\u00e4 se liukenee nopeasti juomiin. Jauhe on ihanteellinen niille, jotka kokevat tablettien nieleminen vaikeaksi tai niille, jotka tarvitsevat suuria m\u00e4\u00e4ri\u00e4 t\u00e4t\u00e4 vitamiinia.<\/p>\n<p data-start=\"268\" data-end=\"442\">Tuotteella on virkist\u00e4v\u00e4 hapan maku, joka muistuttaa sitrushedelmist\u00e4 kuten sitruunoista ja limeist\u00e4, ja se on t\u00e4ydellinen hedelm\u00e4mehujen ja mehun tiivisteiden rikastamiseen.<\/p>\n<p data-start=\"444\" data-end=\"653\" data-is-last-node=\"\" data-is-only-node=\"\">C-vitamiini edist\u00e4\u00e4 kollageenin muodostumista ihon, ikenien ja immuunij\u00e4rjestelm\u00e4n normaalille toiminnalle. Se edist\u00e4\u00e4 my\u00f6s v\u00e4symyksen ja uupumuksen v\u00e4hent\u00e4mist\u00e4 sek\u00e4 suojaa soluja oksidatiiviselta stressilt\u00e4.<\/p>\n","protected":false},"excerpt":{"rendered":"<ul>\n<li data-start=\"0\" data-end=\"442\">Tarvittava terveelle immuunij\u00e4rjestelm\u00e4lle, terveille luille, hampaille ja ikenille sek\u00e4 auttamaan yll\u00e4pit\u00e4m\u00e4\u00e4n normaaleja veren rasva- ja kolesterolitasoja.<\/li>\n<li data-start=\"0\" data-end=\"442\">Nopeasti liukeneva, hienosti liukeneva jauhe, joka tarjoaa virkist\u00e4v\u00e4n, happaman maun ja voidaan lis\u00e4t\u00e4 juomiin.<\/li>\n<li data-start=\"0\" data-end=\"442\">Ihanteellinen niille, jotka kokevat tablettien nielemisen vaikeaksi tai tarvitsevat suuria m\u00e4\u00e4ri\u00e4 t\u00e4t\u00e4 vitamiinia.<\/li>\n<li data-start=\"0\" data-end=\"442\">Taloudellinen tapa t\u00e4ydent\u00e4\u00e4 C-vitamiinin saantia.<\/li>\n<\/ul>\n<p data-start=\"444\" data-end=\"449\" data-is-last-node=\"\" data-is-only-node=\"\">250 g<\/p>\n","protected":false},"featured_media":11106,"comment_status":"closed","ping_status":"closed","template":"","meta":{"_acf_changed":false,"inline_featured_image":false,"_kad_blocks_custom_css":"","_kad_blocks_head_custom_js":"","_kad_blocks_body_custom_js":"","_kad_blocks_footer_custom_js":"","_kadence_starter_templates_imported_post":false,"_kad_post_transparent":"default","_kad_post_title":"","_kad_post_layout":"default","_kad_post_sidebar_id":"","_kad_post_content_style":"default","_kad_post_vertical_padding":"default","_kad_post_feature":"","_kad_post_feature_position":"","_kad_post_header":false,"_kad_post_footer":false},"product_brand":[],"product_cat":[96,526,2444,2357],"product_tag":[412,4638,1235,5555,3385,444,4577,4532,476,5528,5681,517,2959],"class_list":{"0":"post-11444","1":"product","2":"type-product","3":"status-publish","4":"has-post-thumbnail","6":"product_cat-vitaminer-fi","7":"product_cat-c-vitamin-fi","8":"product_cat-lamberts-fi","9":"product_cat-immunforsvar-fi","10":"product_tag-antioksidantti","11":"product_tag-askorbiinihappo","12":"product_tag-energia","13":"product_tag-halsofordelar-fi","14":"product_tag-hudhalsa-fi","15":"product_tag-immuunijarjestelma","16":"product_tag-kollageenin-tuotanto","17":"product_tag-lamberts-fi","18":"product_tag-lisaravinne","19":"product_tag-skydd-mot-fria-radikaler-fi","20":"product_tag-tillskott-fi","21":"product_tag-vasymys","22":"product_tag-vitamiini-c","24":"first","25":"instock","26":"taxable","27":"shipping-taxable","28":"purchasable","29":"product-type-simple","30":"entry","31":"content-bg","32":"loop-entry"},"acf":[],"yoast_head":"<!-- This site is optimized with the Yoast SEO plugin v25.8 - https:\/\/yoast.com\/wordpress\/plugins\/seo\/ -->\n<title>C-Vitamiini Askorbiinihappo - Lamberts - Reviva<\/title>\n<meta name=\"description\" content=\"C-Vitamiini Askorbiinihappo - Lamberts on korkealaatuinen ja voimakas C-vitamiinin l\u00e4hde, joka auttaa suojaamaan kehon soluja oksidatiiviselta stressilt\u00e4.\" \/>\n<meta name=\"robots\" content=\"index, follow, max-snippet:-1, max-image-preview:large, max-video-preview:-1\" \/>\n<link rel=\"canonical\" href=\"https:\/\/reviva.fi\/fi\/tuote\/c-vitamiini-askorbiinihappo-lamberts\/\" \/>\n<meta property=\"og:locale\" content=\"fi_FI\" \/>\n<meta property=\"og:type\" content=\"article\" \/>\n<meta property=\"og:title\" content=\"C-Vitamiini Askorbiinihappo - Lamberts - Reviva\" \/>\n<meta property=\"og:description\" content=\"C-Vitamiini Askorbiinihappo - Lamberts on korkealaatuinen ja voimakas C-vitamiinin l\u00e4hde, joka auttaa suojaamaan kehon soluja oksidatiiviselta stressilt\u00e4.\" \/>\n<meta property=\"og:url\" content=\"https:\/\/reviva.fi\/fi\/tuote\/c-vitamiini-askorbiinihappo-lamberts\/\" \/>\n<meta property=\"og:site_name\" content=\"Reviva\" \/>\n<meta property=\"article:modified_time\" content=\"2025-03-06T07:01:56+00:00\" \/>\n<meta property=\"og:image\" content=\"https:\/\/reviva.fi\/wp-content\/uploads\/2025\/03\/8103-Vitamin-C-ascorbic-acid.jpg\" \/>\n\t<meta property=\"og:image:width\" content=\"780\" \/>\n\t<meta property=\"og:image:height\" content=\"780\" \/>\n\t<meta property=\"og:image:type\" content=\"image\/jpeg\" \/>\n<meta name=\"twitter:card\" content=\"summary_large_image\" \/>\n<script type=\"application\/ld+json\" class=\"yoast-schema-graph\">{\"@context\":\"https:\/\/schema.org\",\"@graph\":[{\"@type\":\"WebPage\",\"@id\":\"https:\/\/reviva.fi\/fi\/tuote\/c-vitamiini-askorbiinihappo-lamberts\/\",\"url\":\"https:\/\/reviva.fi\/fi\/tuote\/c-vitamiini-askorbiinihappo-lamberts\/\",\"name\":\"C-Vitamiini Askorbiinihappo - Lamberts - Reviva\",\"isPartOf\":{\"@id\":\"https:\/\/reviva.fi\/fi\/#website\"},\"primaryImageOfPage\":{\"@id\":\"https:\/\/reviva.fi\/fi\/tuote\/c-vitamiini-askorbiinihappo-lamberts\/#primaryimage\"},\"image\":{\"@id\":\"https:\/\/reviva.fi\/fi\/tuote\/c-vitamiini-askorbiinihappo-lamberts\/#primaryimage\"},\"thumbnailUrl\":\"https:\/\/reviva.fi\/wp-content\/uploads\/2025\/03\/8103-Vitamin-C-ascorbic-acid.jpg\",\"datePublished\":\"2025-03-03T07:15:49+00:00\",\"dateModified\":\"2025-03-06T07:01:56+00:00\",\"description\":\"C-Vitamiini Askorbiinihappo - Lamberts on korkealaatuinen ja voimakas C-vitamiinin l\u00e4hde, joka auttaa suojaamaan kehon soluja oksidatiiviselta stressilt\u00e4.\",\"breadcrumb\":{\"@id\":\"https:\/\/reviva.fi\/fi\/tuote\/c-vitamiini-askorbiinihappo-lamberts\/#breadcrumb\"},\"inLanguage\":\"fi\",\"potentialAction\":[{\"@type\":\"ReadAction\",\"target\":[\"https:\/\/reviva.fi\/fi\/tuote\/c-vitamiini-askorbiinihappo-lamberts\/\"]}]},{\"@type\":\"ImageObject\",\"inLanguage\":\"fi\",\"@id\":\"https:\/\/reviva.fi\/fi\/tuote\/c-vitamiini-askorbiinihappo-lamberts\/#primaryimage\",\"url\":\"https:\/\/reviva.fi\/wp-content\/uploads\/2025\/03\/8103-Vitamin-C-ascorbic-acid.jpg\",\"contentUrl\":\"https:\/\/reviva.fi\/wp-content\/uploads\/2025\/03\/8103-Vitamin-C-ascorbic-acid.jpg\",\"width\":780,\"height\":780,\"caption\":\"C-Vitamiini Askorbiinihappo - Lamberts\"},{\"@type\":\"BreadcrumbList\",\"@id\":\"https:\/\/reviva.fi\/fi\/tuote\/c-vitamiini-askorbiinihappo-lamberts\/#breadcrumb\",\"itemListElement\":[{\"@type\":\"ListItem\",\"position\":1,\"name\":\"Etusivu\",\"item\":\"https:\/\/reviva.fi\/fi\/\"},{\"@type\":\"ListItem\",\"position\":2,\"name\":\"Tuotteet\",\"item\":\"https:\/\/reviva.fi\/produkter\/\"},{\"@type\":\"ListItem\",\"position\":3,\"name\":\"C-Vitamiini Askorbiinihappo &#8211; Lamberts\"}]},{\"@type\":\"WebSite\",\"@id\":\"https:\/\/reviva.fi\/fi\/#website\",\"url\":\"https:\/\/reviva.fi\/fi\/\",\"name\":\"Reviva\",\"description\":\"\",\"publisher\":{\"@id\":\"https:\/\/reviva.fi\/fi\/#organization\"},\"potentialAction\":[{\"@type\":\"SearchAction\",\"target\":{\"@type\":\"EntryPoint\",\"urlTemplate\":\"https:\/\/reviva.fi\/fi\/?s={search_term_string}\"},\"query-input\":{\"@type\":\"PropertyValueSpecification\",\"valueRequired\":true,\"valueName\":\"search_term_string\"}}],\"inLanguage\":\"fi\"},{\"@type\":\"Organization\",\"@id\":\"https:\/\/reviva.fi\/fi\/#organization\",\"name\":\"Reviva\",\"url\":\"https:\/\/reviva.fi\/fi\/\",\"logo\":{\"@type\":\"ImageObject\",\"inLanguage\":\"fi\",\"@id\":\"https:\/\/reviva.fi\/fi\/#\/schema\/logo\/image\/\",\"url\":\"https:\/\/reviva.fi\/wp-content\/uploads\/2023\/10\/reviva-logo2.svg\",\"contentUrl\":\"https:\/\/reviva.fi\/wp-content\/uploads\/2023\/10\/reviva-logo2.svg\",\"caption\":\"Reviva\"},\"image\":{\"@id\":\"https:\/\/reviva.fi\/fi\/#\/schema\/logo\/image\/\"}}]}<\/script>\n<meta property=\"product:price:amount\" content=\"20.80\" \/>\n<meta property=\"product:price:currency\" content=\"EUR\" \/>\n<meta property=\"og:availability\" content=\"instock\" \/>\n<meta property=\"product:availability\" content=\"instock\" \/>\n<meta property=\"product:retailer_item_id\" content=\"8103-250\" \/>\n<meta property=\"product:condition\" content=\"new\" \/>\n<!-- \/ Yoast SEO plugin. -->","yoast_head_json":{"title":"C-Vitamiini Askorbiinihappo - Lamberts - Reviva","description":"C-Vitamiini Askorbiinihappo - Lamberts on korkealaatuinen ja voimakas C-vitamiinin l\u00e4hde, joka auttaa suojaamaan kehon soluja oksidatiiviselta stressilt\u00e4.","robots":{"index":"index","follow":"follow","max-snippet":"max-snippet:-1","max-image-preview":"max-image-preview:large","max-video-preview":"max-video-preview:-1"},"canonical":"https:\/\/reviva.fi\/fi\/tuote\/c-vitamiini-askorbiinihappo-lamberts\/","og_locale":"fi_FI","og_type":"article","og_title":"C-Vitamiini Askorbiinihappo - Lamberts - Reviva","og_description":"C-Vitamiini Askorbiinihappo - Lamberts on korkealaatuinen ja voimakas C-vitamiinin l\u00e4hde, joka auttaa suojaamaan kehon soluja oksidatiiviselta stressilt\u00e4.","og_url":"https:\/\/reviva.fi\/fi\/tuote\/c-vitamiini-askorbiinihappo-lamberts\/","og_site_name":"Reviva","article_modified_time":"2025-03-06T07:01:56+00:00","og_image":[{"width":780,"height":780,"url":"https:\/\/reviva.fi\/wp-content\/uploads\/2025\/03\/8103-Vitamin-C-ascorbic-acid.jpg","type":"image\/jpeg"}],"twitter_card":"summary_large_image","schema":{"@context":"https:\/\/schema.org","@graph":[{"@type":"WebPage","@id":"https:\/\/reviva.fi\/fi\/tuote\/c-vitamiini-askorbiinihappo-lamberts\/","url":"https:\/\/reviva.fi\/fi\/tuote\/c-vitamiini-askorbiinihappo-lamberts\/","name":"C-Vitamiini Askorbiinihappo - Lamberts - Reviva","isPartOf":{"@id":"https:\/\/reviva.fi\/fi\/#website"},"primaryImageOfPage":{"@id":"https:\/\/reviva.fi\/fi\/tuote\/c-vitamiini-askorbiinihappo-lamberts\/#primaryimage"},"image":{"@id":"https:\/\/reviva.fi\/fi\/tuote\/c-vitamiini-askorbiinihappo-lamberts\/#primaryimage"},"thumbnailUrl":"https:\/\/reviva.fi\/wp-content\/uploads\/2025\/03\/8103-Vitamin-C-ascorbic-acid.jpg","datePublished":"2025-03-03T07:15:49+00:00","dateModified":"2025-03-06T07:01:56+00:00","description":"C-Vitamiini Askorbiinihappo - Lamberts on korkealaatuinen ja voimakas C-vitamiinin l\u00e4hde, joka auttaa suojaamaan kehon soluja oksidatiiviselta stressilt\u00e4.","breadcrumb":{"@id":"https:\/\/reviva.fi\/fi\/tuote\/c-vitamiini-askorbiinihappo-lamberts\/#breadcrumb"},"inLanguage":"fi","potentialAction":[{"@type":"ReadAction","target":["https:\/\/reviva.fi\/fi\/tuote\/c-vitamiini-askorbiinihappo-lamberts\/"]}]},{"@type":"ImageObject","inLanguage":"fi","@id":"https:\/\/reviva.fi\/fi\/tuote\/c-vitamiini-askorbiinihappo-lamberts\/#primaryimage","url":"https:\/\/reviva.fi\/wp-content\/uploads\/2025\/03\/8103-Vitamin-C-ascorbic-acid.jpg","contentUrl":"https:\/\/reviva.fi\/wp-content\/uploads\/2025\/03\/8103-Vitamin-C-ascorbic-acid.jpg","width":780,"height":780,"caption":"C-Vitamiini Askorbiinihappo - Lamberts"},{"@type":"BreadcrumbList","@id":"https:\/\/reviva.fi\/fi\/tuote\/c-vitamiini-askorbiinihappo-lamberts\/#breadcrumb","itemListElement":[{"@type":"ListItem","position":1,"name":"Etusivu","item":"https:\/\/reviva.fi\/fi\/"},{"@type":"ListItem","position":2,"name":"Tuotteet","item":"https:\/\/reviva.fi\/produkter\/"},{"@type":"ListItem","position":3,"name":"C-Vitamiini Askorbiinihappo &#8211; Lamberts"}]},{"@type":"WebSite","@id":"https:\/\/reviva.fi\/fi\/#website","url":"https:\/\/reviva.fi\/fi\/","name":"Reviva","description":"","publisher":{"@id":"https:\/\/reviva.fi\/fi\/#organization"},"potentialAction":[{"@type":"SearchAction","target":{"@type":"EntryPoint","urlTemplate":"https:\/\/reviva.fi\/fi\/?s={search_term_string}"},"query-input":{"@type":"PropertyValueSpecification","valueRequired":true,"valueName":"search_term_string"}}],"inLanguage":"fi"},{"@type":"Organization","@id":"https:\/\/reviva.fi\/fi\/#organization","name":"Reviva","url":"https:\/\/reviva.fi\/fi\/","logo":{"@type":"ImageObject","inLanguage":"fi","@id":"https:\/\/reviva.fi\/fi\/#\/schema\/logo\/image\/","url":"https:\/\/reviva.fi\/wp-content\/uploads\/2023\/10\/reviva-logo2.svg","contentUrl":"https:\/\/reviva.fi\/wp-content\/uploads\/2023\/10\/reviva-logo2.svg","caption":"Reviva"},"image":{"@id":"https:\/\/reviva.fi\/fi\/#\/schema\/logo\/image\/"}}]},"product_price_amount":"20.80","product_price_currency":"EUR","og_availability":"instock","product_availability":"instock","product_retailer_item_id":"8103-250","product_condition":"new"},"taxonomy_info":{"product_cat":[{"value":96,"label":"Vitamiinit"},{"value":526,"label":"C-vitamiini"},{"value":2444,"label":"Lamberts"},{"value":2357,"label":"Immuunipuolustus"}],"product_tag":[{"value":412,"label":"antioksidantti"},{"value":4638,"label":"Askorbiinihappo"},{"value":1235,"label":"energia"},{"value":5555,"label":"H\u00e4lsof\u00f6rdelar"},{"value":3385,"label":"Hudh\u00e4lsa"},{"value":444,"label":"immuunij\u00e4rjestelm\u00e4"},{"value":4577,"label":"Kollageenin tuotanto"},{"value":4532,"label":"Lamberts"},{"value":476,"label":"lis\u00e4ravinne"},{"value":5528,"label":"Skydd mot fria radikaler"},{"value":5681,"label":"Tillskott"},{"value":517,"label":"v\u00e4symys"},{"value":2959,"label":"Vitamiini C"}]},"featured_image_src_large":["https:\/\/reviva.fi\/wp-content\/uploads\/2025\/03\/8103-Vitamin-C-ascorbic-acid.jpg",780,780,false],"author_info":[],"comment_info":0,"_links":{"self":[{"href":"https:\/\/reviva.fi\/fi\/wp-json\/wp\/v2\/product\/11444","targetHints":{"allow":["GET"]}}],"collection":[{"href":"https:\/\/reviva.fi\/fi\/wp-json\/wp\/v2\/product"}],"about":[{"href":"https:\/\/reviva.fi\/fi\/wp-json\/wp\/v2\/types\/product"}],"replies":[{"embeddable":true,"href":"https:\/\/reviva.fi\/fi\/wp-json\/wp\/v2\/comments?post=11444"}],"wp:featuredmedia":[{"embeddable":true,"href":"https:\/\/reviva.fi\/fi\/wp-json\/wp\/v2\/media\/11106"}],"wp:attachment":[{"href":"https:\/\/reviva.fi\/fi\/wp-json\/wp\/v2\/media?parent=11444"}],"wp:term":[{"taxonomy":"product_brand","embeddable":true,"href":"https:\/\/reviva.fi\/fi\/wp-json\/wp\/v2\/product_brand?post=11444"},{"taxonomy":"product_cat","embeddable":true,"href":"https:\/\/reviva.fi\/fi\/wp-json\/wp\/v2\/product_cat?post=11444"},{"taxonomy":"product_tag","embeddable":true,"href":"https:\/\/reviva.fi\/fi\/wp-json\/wp\/v2\/product_tag?post=11444"}],"curies":[{"name":"wp","href":"https:\/\/api.w.org\/{rel}","templated":true}]}}