{"id":11448,"date":"2025-03-03T09:12:11","date_gmt":"2025-03-03T07:12:11","guid":{"rendered":"https:\/\/reviva.fi\/product\/vitamin-b12-1000ug-lamberts\/"},"modified":"2026-02-12T12:47:26","modified_gmt":"2026-02-12T10:47:26","slug":"vitamin-b12-1000ug-lamberts","status":"publish","type":"product","link":"https:\/\/reviva.fi\/fi\/tuote\/vitamin-b12-1000ug-lamberts\/","title":{"rendered":"B12-Vitamiini (metyylikobalamiini) 1000ug High Strength &#8211; Lamberts"},"content":{"rendered":"<p data-start=\"0\" data-end=\"74\"><strong>Vahva aktiivimuoto energiantuotantoon, hermostolle ja verenmuodostukseen<\/strong><\/p>\n<p data-start=\"76\" data-end=\"397\">Lamberts Vitamin B12 1000 \u00b5g High Strength sis\u00e4lt\u00e4\u00e4 metyylikobalamiinia \u2013 vitamiini B12:n biologisesti aktiivista muotoa. Metyylikobalamiini on muoto, jota elimist\u00f6 voi hy\u00f6dynt\u00e4\u00e4 suoraan ilman, ett\u00e4 sit\u00e4 tarvitsee ensin muuntaa, mik\u00e4 tekee siit\u00e4 arvostetun vaihtoehdon silloin, kun tarvitaan tehokas ja vahva ravintolis\u00e4.<\/p>\n<p data-start=\"399\" data-end=\"607\">Vitamiini B12 on vesiliukoinen vitamiini, jolla on keskeinen rooli monissa elimist\u00f6n perustoiminnoissa. Koska elimist\u00f6 ei itse pysty tuottamaan vitamiini B12:ta, sit\u00e4 on saatava ravinnosta tai ravintolis\u00e4st\u00e4.<\/p>\n<p data-start=\"609\" data-end=\"743\">T\u00e4m\u00e4 vahva-annoksinen valmiste on kehitetty erityisesti sinulle, joka haluat varmistaa korkean ja luotettavan vitamiini B12:n saannin.<\/p>\n<p data-start=\"745\" data-end=\"780\"><strong>Energia ja v\u00e4symyksen v\u00e4heneminen<\/strong><\/p>\n<p data-start=\"782\" data-end=\"798\">Vitamiini B12:<\/p>\n<ul>\n<li data-start=\"800\" data-end=\"844\">edist\u00e4\u00e4 normaalia energia-aineenvaihduntaa<\/li>\n<li data-start=\"800\" data-end=\"844\">auttaa v\u00e4hent\u00e4m\u00e4\u00e4n v\u00e4symyst\u00e4 ja uupumusta<\/li>\n<\/ul>\n<p data-start=\"891\" data-end=\"1047\">Vitamiini osallistuu elimist\u00f6n energiantuotantoon ja voi olla erityisen merkityksellinen lis\u00e4\u00e4ntyneen kuormituksen, v\u00e4symyksen tai kasvaneen tarpeen aikana.<\/p>\n<p data-start=\"1049\" data-end=\"1074\"><strong>Normaali verenmuodostus<\/strong><\/p>\n<p data-start=\"1076\" data-end=\"1092\">Vitamiini B12:<\/p>\n<ul>\n<li data-start=\"1094\" data-end=\"1139\">edist\u00e4\u00e4 punasolujen normaalia muodostumista<\/li>\n<\/ul>\n<p data-start=\"1141\" data-end=\"1243\">Vitamiini B12:lla on t\u00e4rke\u00e4 rooli punasolujen tuotannossa ja elimist\u00f6n normaalissa hapenkuljetuksessa.<\/p>\n<p data-start=\"1245\" data-end=\"1280\"><strong>Hermosto ja psykologinen toiminta<\/strong><\/p>\n<p data-start=\"1282\" data-end=\"1298\">Vitamiini B12:<\/p>\n<ul>\n<li data-start=\"1300\" data-end=\"1339\">edist\u00e4\u00e4 hermoston normaalia toimintaa<\/li>\n<li data-start=\"1300\" data-end=\"1339\">edist\u00e4\u00e4 normaalia psykologista toimintaa<\/li>\n<\/ul>\n<p data-start=\"1385\" data-end=\"1478\">Se on t\u00e4rke\u00e4 ravintotekij\u00e4 hermosolujen toiminnalle ja elimist\u00f6n neurologisille prosesseille.<\/p>\n<p data-start=\"1480\" data-end=\"1536\"><strong>Solujen jakautuminen ja homokysteiinin aineenvaihdunta<\/strong><\/p>\n<p data-start=\"1538\" data-end=\"1554\">Vitamiini B12:<\/p>\n<ul>\n<li data-start=\"1556\" data-end=\"1597\">osallistuu solujen jakautumisprosessiin<\/li>\n<li data-start=\"1556\" data-end=\"1597\">edist\u00e4\u00e4 normaalia homokysteiinin aineenvaihduntaa<\/li>\n<li data-start=\"1556\" data-end=\"1597\">edist\u00e4\u00e4 immuunij\u00e4rjestelm\u00e4n normaalia toimintaa<\/li>\n<\/ul>\n<p data-start=\"1703\" data-end=\"1806\">T\u00e4m\u00e4n ansiosta vitamiini B12 on keskeinen osa elimist\u00f6n biologista ja aineenvaihdunnallista tasapainoa.<\/p>\n<p data-start=\"1808\" data-end=\"1844\"><strong>Kenelle Vitamin B12 1000 \u00b5g sopii?<\/strong><\/p>\n<p data-start=\"1846\" data-end=\"1915\">T\u00e4m\u00e4 vahva-annoksinen valmiste voi olla erityisen merkityksellinen:<\/p>\n<ul>\n<li data-start=\"1917\" data-end=\"1981\">henkil\u00f6ille, jotka noudattavat kasvis- tai vegaaniruokavaliota<\/li>\n<li data-start=\"1917\" data-end=\"1981\">i\u00e4kk\u00e4ille henkil\u00f6ille<\/li>\n<li data-start=\"1917\" data-end=\"1981\">henkil\u00f6ille, joilla on lis\u00e4\u00e4ntynyt vitamiini B12:n tarve<\/li>\n<li data-start=\"1917\" data-end=\"1981\">sinulle, joka haluat varmistaa korkean p\u00e4ivitt\u00e4isen saannin<\/li>\n<li data-start=\"1917\" data-end=\"1981\">henkil\u00f6ille, jotka haluavat tukea energia-aineenvaihduntaa, hermostoa ja verenmuodostusta<\/li>\n<\/ul>\n<p data-start=\"2224\" data-end=\"2245\"><strong>Laatua Lambertsilta<\/strong><\/p>\n<p data-start=\"2247\" data-end=\"2451\">Lamberts tunnetaan korkeista laatustandardeistaan ja huolellisesti valvotuista raaka-aineistaan. Vitamin B12 1000 \u00b5g High Strength on kehitetty varmistamaan stabiilisuus, oikea annostus ja korkea puhtaus.<\/p>\n<p data-start=\"2453\" data-end=\"2570\" data-is-last-node=\"\" data-is-only-node=\"\">Tabletit ovat pieni\u00e4 ja helppok\u00e4ytt\u00f6isi\u00e4, ja ne soveltuvat p\u00e4ivitt\u00e4iseen k\u00e4ytt\u00f6\u00f6n suositellun annostuksen mukaisesti.<\/p>\n","protected":false},"excerpt":{"rendered":"<p data-start=\"0\" data-end=\"398\">Vitamin B12 (metyylikobalamiini) 1000 \u00b5g High Strength Lambertsilta on vahva-annoksinen aktiivimuotoinen ravintolis\u00e4, joka edist\u00e4\u00e4 normaalia energia-aineenvaihduntaa, auttaa v\u00e4hent\u00e4m\u00e4\u00e4n v\u00e4symyst\u00e4 ja uupumusta, edist\u00e4\u00e4 normaalia verenmuodostusta, hermoston normaalia toimintaa, normaalia psykologista toimintaa, normaalia homokysteiinin aineenvaihduntaa sek\u00e4 immuunij\u00e4rjestelm\u00e4n normaalia toimintaa.<\/p>\n<ul>\n<li data-start=\"400\" data-end=\"871\">Vitamiini B12 osallistuu punasolujen muodostumiseen ja edist\u00e4\u00e4 immuunij\u00e4rjestelm\u00e4n normaalia toimintaa.<\/li>\n<li data-start=\"400\" data-end=\"871\">Koska sit\u00e4 esiintyy p\u00e4\u00e4asiassa el\u00e4inper\u00e4isiss\u00e4 elintarvikkeissa, kuten lihassa, riitt\u00e4v\u00e4n saannin turvaaminen voi olla haastavaa henkil\u00f6ille, jotka eiv\u00e4t k\u00e4yt\u00e4 el\u00e4inper\u00e4isi\u00e4 tuotteita.<\/li>\n<li data-start=\"400\" data-end=\"871\">Pienet ja helposti nielt\u00e4v\u00e4t tabletit sis\u00e4lt\u00e4v\u00e4t 1000 \u00b5g vitamiini B12:ta.<\/li>\n<li data-start=\"400\" data-end=\"871\">Terveydenhuollon ammattilaiset suosittelevat t\u00e4t\u00e4 usein kasvissy\u00f6jille, vegaaneille ja ik\u00e4\u00e4ntyneille.<\/li>\n<\/ul>\n<p data-start=\"873\" data-end=\"885\" data-is-last-node=\"\" data-is-only-node=\"\"><strong>60 tablettia<\/strong><\/p>\n","protected":false},"featured_media":11103,"comment_status":"closed","ping_status":"closed","template":"","meta":{"_acf_changed":false,"inline_featured_image":false,"_kad_blocks_custom_css":"","_kad_blocks_head_custom_js":"","_kad_blocks_body_custom_js":"","_kad_blocks_footer_custom_js":"","_kadence_starter_templates_imported_post":false,"_kad_post_transparent":"default","_kad_post_title":"","_kad_post_layout":"default","_kad_post_sidebar_id":"","_kad_post_content_style":"default","_kad_post_vertical_padding":"default","_kad_post_feature":"","_kad_post_feature_position":"","_kad_post_header":false,"_kad_post_footer":false},"product_brand":[],"product_cat":[96,525,2444,2383],"product_tag":[5682,4422,4474,1235,500,444,4532,476,5681,517,2958,5683],"class_list":{"0":"post-11448","1":"product","2":"type-product","3":"status-publish","4":"has-post-thumbnail","6":"product_cat-vitaminer-fi","7":"product_cat-b-vitamin-fi","8":"product_cat-lamberts-fi","9":"product_cat-hjarna-och-minne-fi","10":"product_tag-1000ug-fi","11":"product_tag-aineenvaihduntaa-fi","12":"product_tag-aivojen-terveys","13":"product_tag-energia","14":"product_tag-hermosto","15":"product_tag-immuunijarjestelma","16":"product_tag-lamberts-fi","17":"product_tag-lisaravinne","18":"product_tag-tillskott-fi","19":"product_tag-vasymys","20":"product_tag-vitamiini-b12","21":"product_tag-vitamin-b12-brist-fi","23":"first","24":"outofstock","25":"taxable","26":"shipping-taxable","27":"purchasable","28":"product-type-simple","29":"entry","30":"content-bg","31":"loop-entry"},"acf":[],"yoast_head":"<!-- This site is optimized with the Yoast SEO plugin v25.8 - https:\/\/yoast.com\/wordpress\/plugins\/seo\/ -->\n<title>B12-Vitamiini (metyylikobalamiini) 1000ug High Strength - Lamberts - Reviva<\/title>\n<meta name=\"description\" content=\"B12-Vitamiini 1000ug - Lamberts sis\u00e4lt\u00e4\u00e4 metyylikobalamiinia, B12-vitamiinin aktiivista muotoa, joka tukee hermoston toimintaa ja v\u00e4hent\u00e4\u00e4 v\u00e4symyst\u00e4.\" \/>\n<meta name=\"robots\" content=\"index, follow, max-snippet:-1, max-image-preview:large, max-video-preview:-1\" \/>\n<link rel=\"canonical\" href=\"https:\/\/reviva.fi\/fi\/tuote\/vitamin-b12-1000ug-lamberts\/\" \/>\n<meta property=\"og:locale\" content=\"fi_FI\" \/>\n<meta property=\"og:type\" content=\"article\" \/>\n<meta property=\"og:title\" content=\"B12-Vitamiini (metyylikobalamiini) 1000ug High Strength - Lamberts - Reviva\" \/>\n<meta property=\"og:description\" content=\"B12-Vitamiini 1000ug - Lamberts sis\u00e4lt\u00e4\u00e4 metyylikobalamiinia, B12-vitamiinin aktiivista muotoa, joka tukee hermoston toimintaa ja v\u00e4hent\u00e4\u00e4 v\u00e4symyst\u00e4.\" \/>\n<meta property=\"og:url\" content=\"https:\/\/reviva.fi\/fi\/tuote\/vitamin-b12-1000ug-lamberts\/\" \/>\n<meta property=\"og:site_name\" content=\"Reviva\" \/>\n<meta property=\"article:modified_time\" content=\"2026-02-12T10:47:26+00:00\" \/>\n<meta property=\"og:image\" content=\"https:\/\/reviva.fi\/wp-content\/uploads\/2025\/03\/8087-Vitamin-B12-1000.jpg\" \/>\n\t<meta property=\"og:image:width\" content=\"780\" \/>\n\t<meta property=\"og:image:height\" content=\"780\" \/>\n\t<meta property=\"og:image:type\" content=\"image\/jpeg\" \/>\n<meta name=\"twitter:card\" content=\"summary_large_image\" \/>\n<script type=\"application\/ld+json\" class=\"yoast-schema-graph\">{\"@context\":\"https:\/\/schema.org\",\"@graph\":[{\"@type\":\"WebPage\",\"@id\":\"https:\/\/reviva.fi\/fi\/tuote\/vitamin-b12-1000ug-lamberts\/\",\"url\":\"https:\/\/reviva.fi\/fi\/tuote\/vitamin-b12-1000ug-lamberts\/\",\"name\":\"B12-Vitamiini (metyylikobalamiini) 1000ug High Strength - Lamberts - Reviva\",\"isPartOf\":{\"@id\":\"https:\/\/reviva.fi\/fi\/#website\"},\"primaryImageOfPage\":{\"@id\":\"https:\/\/reviva.fi\/fi\/tuote\/vitamin-b12-1000ug-lamberts\/#primaryimage\"},\"image\":{\"@id\":\"https:\/\/reviva.fi\/fi\/tuote\/vitamin-b12-1000ug-lamberts\/#primaryimage\"},\"thumbnailUrl\":\"https:\/\/reviva.fi\/wp-content\/uploads\/2025\/03\/8087-Vitamin-B12-1000.jpg\",\"datePublished\":\"2025-03-03T07:12:11+00:00\",\"dateModified\":\"2026-02-12T10:47:26+00:00\",\"description\":\"B12-Vitamiini 1000ug - Lamberts sis\u00e4lt\u00e4\u00e4 metyylikobalamiinia, B12-vitamiinin aktiivista muotoa, joka tukee hermoston toimintaa ja v\u00e4hent\u00e4\u00e4 v\u00e4symyst\u00e4.\",\"breadcrumb\":{\"@id\":\"https:\/\/reviva.fi\/fi\/tuote\/vitamin-b12-1000ug-lamberts\/#breadcrumb\"},\"inLanguage\":\"fi\",\"potentialAction\":[{\"@type\":\"ReadAction\",\"target\":[\"https:\/\/reviva.fi\/fi\/tuote\/vitamin-b12-1000ug-lamberts\/\"]}]},{\"@type\":\"ImageObject\",\"inLanguage\":\"fi\",\"@id\":\"https:\/\/reviva.fi\/fi\/tuote\/vitamin-b12-1000ug-lamberts\/#primaryimage\",\"url\":\"https:\/\/reviva.fi\/wp-content\/uploads\/2025\/03\/8087-Vitamin-B12-1000.jpg\",\"contentUrl\":\"https:\/\/reviva.fi\/wp-content\/uploads\/2025\/03\/8087-Vitamin-B12-1000.jpg\",\"width\":780,\"height\":780,\"caption\":\"Vitamin B12 1000ug - Lamberts\"},{\"@type\":\"BreadcrumbList\",\"@id\":\"https:\/\/reviva.fi\/fi\/tuote\/vitamin-b12-1000ug-lamberts\/#breadcrumb\",\"itemListElement\":[{\"@type\":\"ListItem\",\"position\":1,\"name\":\"Etusivu\",\"item\":\"https:\/\/reviva.fi\/fi\/\"},{\"@type\":\"ListItem\",\"position\":2,\"name\":\"Tuotteet\",\"item\":\"https:\/\/reviva.fi\/produkter\/\"},{\"@type\":\"ListItem\",\"position\":3,\"name\":\"B12-Vitamiini (metyylikobalamiini) 1000ug High Strength &#8211; Lamberts\"}]},{\"@type\":\"WebSite\",\"@id\":\"https:\/\/reviva.fi\/fi\/#website\",\"url\":\"https:\/\/reviva.fi\/fi\/\",\"name\":\"Reviva\",\"description\":\"\",\"publisher\":{\"@id\":\"https:\/\/reviva.fi\/fi\/#organization\"},\"potentialAction\":[{\"@type\":\"SearchAction\",\"target\":{\"@type\":\"EntryPoint\",\"urlTemplate\":\"https:\/\/reviva.fi\/fi\/?s={search_term_string}\"},\"query-input\":{\"@type\":\"PropertyValueSpecification\",\"valueRequired\":true,\"valueName\":\"search_term_string\"}}],\"inLanguage\":\"fi\"},{\"@type\":\"Organization\",\"@id\":\"https:\/\/reviva.fi\/fi\/#organization\",\"name\":\"Reviva\",\"url\":\"https:\/\/reviva.fi\/fi\/\",\"logo\":{\"@type\":\"ImageObject\",\"inLanguage\":\"fi\",\"@id\":\"https:\/\/reviva.fi\/fi\/#\/schema\/logo\/image\/\",\"url\":\"https:\/\/reviva.fi\/wp-content\/uploads\/2023\/10\/reviva-logo2.svg\",\"contentUrl\":\"https:\/\/reviva.fi\/wp-content\/uploads\/2023\/10\/reviva-logo2.svg\",\"caption\":\"Reviva\"},\"image\":{\"@id\":\"https:\/\/reviva.fi\/fi\/#\/schema\/logo\/image\/\"}}]}<\/script>\n<meta property=\"product:price:amount\" content=\"14.90\" \/>\n<meta property=\"product:price:currency\" content=\"EUR\" \/>\n<meta property=\"og:availability\" content=\"out of stock\" \/>\n<meta property=\"product:availability\" content=\"out of stock\" \/>\n<meta property=\"product:retailer_item_id\" content=\"8087-60\" \/>\n<meta property=\"product:condition\" content=\"new\" \/>\n<!-- \/ Yoast SEO plugin. -->","yoast_head_json":{"title":"B12-Vitamiini (metyylikobalamiini) 1000ug High Strength - Lamberts - Reviva","description":"B12-Vitamiini 1000ug - Lamberts sis\u00e4lt\u00e4\u00e4 metyylikobalamiinia, B12-vitamiinin aktiivista muotoa, joka tukee hermoston toimintaa ja v\u00e4hent\u00e4\u00e4 v\u00e4symyst\u00e4.","robots":{"index":"index","follow":"follow","max-snippet":"max-snippet:-1","max-image-preview":"max-image-preview:large","max-video-preview":"max-video-preview:-1"},"canonical":"https:\/\/reviva.fi\/fi\/tuote\/vitamin-b12-1000ug-lamberts\/","og_locale":"fi_FI","og_type":"article","og_title":"B12-Vitamiini (metyylikobalamiini) 1000ug High Strength - Lamberts - Reviva","og_description":"B12-Vitamiini 1000ug - Lamberts sis\u00e4lt\u00e4\u00e4 metyylikobalamiinia, B12-vitamiinin aktiivista muotoa, joka tukee hermoston toimintaa ja v\u00e4hent\u00e4\u00e4 v\u00e4symyst\u00e4.","og_url":"https:\/\/reviva.fi\/fi\/tuote\/vitamin-b12-1000ug-lamberts\/","og_site_name":"Reviva","article_modified_time":"2026-02-12T10:47:26+00:00","og_image":[{"width":780,"height":780,"url":"https:\/\/reviva.fi\/wp-content\/uploads\/2025\/03\/8087-Vitamin-B12-1000.jpg","type":"image\/jpeg"}],"twitter_card":"summary_large_image","schema":{"@context":"https:\/\/schema.org","@graph":[{"@type":"WebPage","@id":"https:\/\/reviva.fi\/fi\/tuote\/vitamin-b12-1000ug-lamberts\/","url":"https:\/\/reviva.fi\/fi\/tuote\/vitamin-b12-1000ug-lamberts\/","name":"B12-Vitamiini (metyylikobalamiini) 1000ug High Strength - Lamberts - Reviva","isPartOf":{"@id":"https:\/\/reviva.fi\/fi\/#website"},"primaryImageOfPage":{"@id":"https:\/\/reviva.fi\/fi\/tuote\/vitamin-b12-1000ug-lamberts\/#primaryimage"},"image":{"@id":"https:\/\/reviva.fi\/fi\/tuote\/vitamin-b12-1000ug-lamberts\/#primaryimage"},"thumbnailUrl":"https:\/\/reviva.fi\/wp-content\/uploads\/2025\/03\/8087-Vitamin-B12-1000.jpg","datePublished":"2025-03-03T07:12:11+00:00","dateModified":"2026-02-12T10:47:26+00:00","description":"B12-Vitamiini 1000ug - Lamberts sis\u00e4lt\u00e4\u00e4 metyylikobalamiinia, B12-vitamiinin aktiivista muotoa, joka tukee hermoston toimintaa ja v\u00e4hent\u00e4\u00e4 v\u00e4symyst\u00e4.","breadcrumb":{"@id":"https:\/\/reviva.fi\/fi\/tuote\/vitamin-b12-1000ug-lamberts\/#breadcrumb"},"inLanguage":"fi","potentialAction":[{"@type":"ReadAction","target":["https:\/\/reviva.fi\/fi\/tuote\/vitamin-b12-1000ug-lamberts\/"]}]},{"@type":"ImageObject","inLanguage":"fi","@id":"https:\/\/reviva.fi\/fi\/tuote\/vitamin-b12-1000ug-lamberts\/#primaryimage","url":"https:\/\/reviva.fi\/wp-content\/uploads\/2025\/03\/8087-Vitamin-B12-1000.jpg","contentUrl":"https:\/\/reviva.fi\/wp-content\/uploads\/2025\/03\/8087-Vitamin-B12-1000.jpg","width":780,"height":780,"caption":"Vitamin B12 1000ug - Lamberts"},{"@type":"BreadcrumbList","@id":"https:\/\/reviva.fi\/fi\/tuote\/vitamin-b12-1000ug-lamberts\/#breadcrumb","itemListElement":[{"@type":"ListItem","position":1,"name":"Etusivu","item":"https:\/\/reviva.fi\/fi\/"},{"@type":"ListItem","position":2,"name":"Tuotteet","item":"https:\/\/reviva.fi\/produkter\/"},{"@type":"ListItem","position":3,"name":"B12-Vitamiini (metyylikobalamiini) 1000ug High Strength &#8211; Lamberts"}]},{"@type":"WebSite","@id":"https:\/\/reviva.fi\/fi\/#website","url":"https:\/\/reviva.fi\/fi\/","name":"Reviva","description":"","publisher":{"@id":"https:\/\/reviva.fi\/fi\/#organization"},"potentialAction":[{"@type":"SearchAction","target":{"@type":"EntryPoint","urlTemplate":"https:\/\/reviva.fi\/fi\/?s={search_term_string}"},"query-input":{"@type":"PropertyValueSpecification","valueRequired":true,"valueName":"search_term_string"}}],"inLanguage":"fi"},{"@type":"Organization","@id":"https:\/\/reviva.fi\/fi\/#organization","name":"Reviva","url":"https:\/\/reviva.fi\/fi\/","logo":{"@type":"ImageObject","inLanguage":"fi","@id":"https:\/\/reviva.fi\/fi\/#\/schema\/logo\/image\/","url":"https:\/\/reviva.fi\/wp-content\/uploads\/2023\/10\/reviva-logo2.svg","contentUrl":"https:\/\/reviva.fi\/wp-content\/uploads\/2023\/10\/reviva-logo2.svg","caption":"Reviva"},"image":{"@id":"https:\/\/reviva.fi\/fi\/#\/schema\/logo\/image\/"}}]},"product_price_amount":"14.90","product_price_currency":"EUR","og_availability":"out of stock","product_availability":"out of stock","product_retailer_item_id":"8087-60","product_condition":"new"},"taxonomy_info":{"product_cat":[{"value":96,"label":"Vitamiinit"},{"value":525,"label":"B-vitamiini"},{"value":2444,"label":"Lamberts"},{"value":2383,"label":"Aivot &amp; Muisti"}],"product_tag":[{"value":5682,"label":"1000ug"},{"value":4422,"label":"aineenvaihduntaa"},{"value":4474,"label":"Aivojen terveys"},{"value":1235,"label":"energia"},{"value":500,"label":"hermosto"},{"value":444,"label":"immuunij\u00e4rjestelm\u00e4"},{"value":4532,"label":"Lamberts"},{"value":476,"label":"lis\u00e4ravinne"},{"value":5681,"label":"Tillskott"},{"value":517,"label":"v\u00e4symys"},{"value":2958,"label":"Vitamiini B12"},{"value":5683,"label":"Vitamin B12 brist."}]},"featured_image_src_large":["https:\/\/reviva.fi\/wp-content\/uploads\/2025\/03\/8087-Vitamin-B12-1000.jpg",780,780,false],"author_info":[],"comment_info":0,"_links":{"self":[{"href":"https:\/\/reviva.fi\/fi\/wp-json\/wp\/v2\/product\/11448","targetHints":{"allow":["GET"]}}],"collection":[{"href":"https:\/\/reviva.fi\/fi\/wp-json\/wp\/v2\/product"}],"about":[{"href":"https:\/\/reviva.fi\/fi\/wp-json\/wp\/v2\/types\/product"}],"replies":[{"embeddable":true,"href":"https:\/\/reviva.fi\/fi\/wp-json\/wp\/v2\/comments?post=11448"}],"wp:featuredmedia":[{"embeddable":true,"href":"https:\/\/reviva.fi\/fi\/wp-json\/wp\/v2\/media\/11103"}],"wp:attachment":[{"href":"https:\/\/reviva.fi\/fi\/wp-json\/wp\/v2\/media?parent=11448"}],"wp:term":[{"taxonomy":"product_brand","embeddable":true,"href":"https:\/\/reviva.fi\/fi\/wp-json\/wp\/v2\/product_brand?post=11448"},{"taxonomy":"product_cat","embeddable":true,"href":"https:\/\/reviva.fi\/fi\/wp-json\/wp\/v2\/product_cat?post=11448"},{"taxonomy":"product_tag","embeddable":true,"href":"https:\/\/reviva.fi\/fi\/wp-json\/wp\/v2\/product_tag?post=11448"}],"curies":[{"name":"wp","href":"https:\/\/api.w.org\/{rel}","templated":true}]}}