{"id":11462,"date":"2025-03-03T08:42:58","date_gmt":"2025-03-03T06:42:58","guid":{"rendered":"https:\/\/reviva.fi\/product\/tiamin-lamberts\/"},"modified":"2026-02-05T15:33:17","modified_gmt":"2026-02-05T13:33:17","slug":"tiamiini-lamberts","status":"publish","type":"product","link":"https:\/\/reviva.fi\/fi\/tuote\/tiamiini-lamberts\/","title":{"rendered":"Tiamiini &#8211; B1-vitamiini &#8211; Lamberts"},"content":{"rendered":"<p data-start=\"53\" data-end=\"212\"><strong data-start=\"53\" data-end=\"84\">Tiamiini, eli B1-vitamiini,<\/strong> on v\u00e4ltt\u00e4m\u00e4t\u00f6n ravintoaine, jota keho saa ravinnosta, kuten t\u00e4ysjyv\u00e4viljatuotteista, palkokasveista, p\u00e4hkin\u00f6ist\u00e4 ja siemenist\u00e4.<\/p>\n<p data-start=\"214\" data-end=\"327\"><strong data-start=\"214\" data-end=\"235\">Lamberts\u00ae Thiamin<\/strong> on vahva ravintolis\u00e4, joka on valmistettu tiukkojen farmaseuttisten standardien mukaisesti.<\/p>\n<p data-start=\"329\" data-end=\"598\">Ruokavalio, jossa on v\u00e4h\u00e4n t\u00e4ysjyv\u00e4viljatuotteita, voi johtaa riitt\u00e4m\u00e4tt\u00f6m\u00e4\u00e4n tiamiinin saantiin. Tiamiini edist\u00e4\u00e4 <strong data-start=\"444\" data-end=\"477\">hermoston normaalia toimintaa<\/strong>, <strong data-start=\"479\" data-end=\"510\">syd\u00e4men normaalia toimintaa<\/strong>, <strong data-start=\"512\" data-end=\"555\">immuunij\u00e4rjestelm\u00e4n normaalia toimintaa<\/strong> sek\u00e4 <strong data-start=\"561\" data-end=\"597\">normaalia psykologista toimintaa<\/strong>.<\/p>\n","protected":false},"excerpt":{"rendered":"<p data-start=\"53\" data-end=\"243\"><strong data-start=\"53\" data-end=\"84\">Tiamiini, eli B1-vitamiini,<\/strong> on t\u00e4rke\u00e4 osa kehon energia-aineenvaihduntaa, sill\u00e4 se edist\u00e4\u00e4 energian vapautumista ravinnosta. Se on my\u00f6s v\u00e4ltt\u00e4m\u00e4t\u00f6n <strong data-start=\"205\" data-end=\"242\">hermoston normaalille toiminnalle<\/strong>.<\/p>\n<p data-start=\"245\" data-end=\"292\">Jokainen kapseli sis\u00e4lt\u00e4\u00e4 <strong data-start=\"271\" data-end=\"291\">100 mg tiamiinia<\/strong>.<\/p>\n<p data-start=\"294\" data-end=\"397\" data-is-last-node=\"\" data-is-only-node=\"\">\u2714 Valmistettu Isossa-Britanniassa<br data-start=\"327\" data-end=\"330\" \/>\u2714 Tuotettu tiukkojen <strong data-start=\"351\" data-end=\"386\">GMP-farmaseuttisten standardien<\/strong> mukaisesti<\/p>\n<p data-start=\"272\" data-end=\"283\" data-is-last-node=\"\" data-is-only-node=\"\"><strong>90 kapselia<\/strong><\/p>\n","protected":false},"featured_media":11088,"comment_status":"closed","ping_status":"closed","template":"","meta":{"_acf_changed":false,"inline_featured_image":false,"_kad_blocks_custom_css":"","_kad_blocks_head_custom_js":"","_kad_blocks_body_custom_js":"","_kad_blocks_footer_custom_js":"","_kadence_starter_templates_imported_post":false,"_kad_post_transparent":"default","_kad_post_title":"","_kad_post_layout":"default","_kad_post_sidebar_id":"","_kad_post_content_style":"default","_kad_post_vertical_padding":"default","_kad_post_feature":"","_kad_post_feature_position":"","_kad_post_header":false,"_kad_post_footer":false},"product_brand":[],"product_cat":[96,525,2444],"product_tag":[1165,4799,3465,5690,5589,500,5580,4622,4532,476,3591,5694,2923],"class_list":{"0":"post-11462","1":"product","2":"type-product","3":"status-publish","4":"has-post-thumbnail","6":"product_cat-vitaminer-fi","7":"product_cat-b-vitamin-fi","8":"product_cat-lamberts-fi","9":"product_tag-b-vitamiinit","10":"product_tag-b1-vitamiini-fi","11":"product_tag-energiomsattning-fi","12":"product_tag-fysiologisk-funktion-fi","13":"product_tag-halsa-fi","14":"product_tag-hermosto","15":"product_tag-hjarnfunktion-fi","16":"product_tag-hyvinvointia","17":"product_tag-lamberts-fi","18":"product_tag-lisaravinne","19":"product_tag-nervsystemets-halsa-fi","20":"product_tag-normal-funktion-fi","21":"product_tag-tiamiini","23":"first","24":"instock","25":"taxable","26":"shipping-taxable","27":"purchasable","28":"product-type-simple","29":"entry","30":"content-bg","31":"loop-entry"},"acf":[],"yoast_head":"<!-- This site is optimized with the Yoast SEO plugin v25.8 - https:\/\/yoast.com\/wordpress\/plugins\/seo\/ -->\n<title>Tiamiini - B1-vitamiini - Lamberts - Reviva<\/title>\n<meta name=\"description\" content=\"Tiamiini - Lamberts Tukee normaalia energiantuotantoa, hermoston toimintaa ja henkist\u00e4 suorituskyky\u00e4. Yksi tabletti p\u00e4iv\u00e4ss\u00e4. Sopii vegaaneille.\" \/>\n<meta name=\"robots\" content=\"index, follow, max-snippet:-1, max-image-preview:large, max-video-preview:-1\" \/>\n<link rel=\"canonical\" href=\"https:\/\/reviva.fi\/fi\/tuote\/tiamiini-lamberts\/\" \/>\n<meta property=\"og:locale\" content=\"fi_FI\" \/>\n<meta property=\"og:type\" content=\"article\" \/>\n<meta property=\"og:title\" content=\"Tiamiini - B1-vitamiini - Lamberts - Reviva\" \/>\n<meta property=\"og:description\" content=\"Tiamiini - Lamberts Tukee normaalia energiantuotantoa, hermoston toimintaa ja henkist\u00e4 suorituskyky\u00e4. Yksi tabletti p\u00e4iv\u00e4ss\u00e4. Sopii vegaaneille.\" \/>\n<meta property=\"og:url\" content=\"https:\/\/reviva.fi\/fi\/tuote\/tiamiini-lamberts\/\" \/>\n<meta property=\"og:site_name\" content=\"Reviva\" \/>\n<meta property=\"article:modified_time\" content=\"2026-02-05T13:33:17+00:00\" \/>\n<meta property=\"og:image\" content=\"https:\/\/reviva.fi\/wp-content\/uploads\/2025\/03\/8042_90-Thiamin.webp\" \/>\n\t<meta property=\"og:image:width\" content=\"520\" \/>\n\t<meta property=\"og:image:height\" content=\"760\" \/>\n\t<meta property=\"og:image:type\" content=\"image\/webp\" \/>\n<meta name=\"twitter:card\" content=\"summary_large_image\" \/>\n<script type=\"application\/ld+json\" class=\"yoast-schema-graph\">{\"@context\":\"https:\/\/schema.org\",\"@graph\":[{\"@type\":\"WebPage\",\"@id\":\"https:\/\/reviva.fi\/fi\/tuote\/tiamiini-lamberts\/\",\"url\":\"https:\/\/reviva.fi\/fi\/tuote\/tiamiini-lamberts\/\",\"name\":\"Tiamiini - B1-vitamiini - Lamberts - Reviva\",\"isPartOf\":{\"@id\":\"https:\/\/reviva.fi\/fi\/#website\"},\"primaryImageOfPage\":{\"@id\":\"https:\/\/reviva.fi\/fi\/tuote\/tiamiini-lamberts\/#primaryimage\"},\"image\":{\"@id\":\"https:\/\/reviva.fi\/fi\/tuote\/tiamiini-lamberts\/#primaryimage\"},\"thumbnailUrl\":\"https:\/\/reviva.fi\/wp-content\/uploads\/2025\/03\/8042_90-Thiamin.webp\",\"datePublished\":\"2025-03-03T06:42:58+00:00\",\"dateModified\":\"2026-02-05T13:33:17+00:00\",\"description\":\"Tiamiini - Lamberts Tukee normaalia energiantuotantoa, hermoston toimintaa ja henkist\u00e4 suorituskyky\u00e4. Yksi tabletti p\u00e4iv\u00e4ss\u00e4. Sopii vegaaneille.\",\"breadcrumb\":{\"@id\":\"https:\/\/reviva.fi\/fi\/tuote\/tiamiini-lamberts\/#breadcrumb\"},\"inLanguage\":\"fi\",\"potentialAction\":[{\"@type\":\"ReadAction\",\"target\":[\"https:\/\/reviva.fi\/fi\/tuote\/tiamiini-lamberts\/\"]}]},{\"@type\":\"ImageObject\",\"inLanguage\":\"fi\",\"@id\":\"https:\/\/reviva.fi\/fi\/tuote\/tiamiini-lamberts\/#primaryimage\",\"url\":\"https:\/\/reviva.fi\/wp-content\/uploads\/2025\/03\/8042_90-Thiamin.webp\",\"contentUrl\":\"https:\/\/reviva.fi\/wp-content\/uploads\/2025\/03\/8042_90-Thiamin.webp\",\"width\":520,\"height\":760,\"caption\":\"Tiamin - Lamberts\"},{\"@type\":\"BreadcrumbList\",\"@id\":\"https:\/\/reviva.fi\/fi\/tuote\/tiamiini-lamberts\/#breadcrumb\",\"itemListElement\":[{\"@type\":\"ListItem\",\"position\":1,\"name\":\"Etusivu\",\"item\":\"https:\/\/reviva.fi\/fi\/\"},{\"@type\":\"ListItem\",\"position\":2,\"name\":\"Tuotteet\",\"item\":\"https:\/\/reviva.fi\/produkter\/\"},{\"@type\":\"ListItem\",\"position\":3,\"name\":\"Tiamiini &#8211; B1-vitamiini &#8211; Lamberts\"}]},{\"@type\":\"WebSite\",\"@id\":\"https:\/\/reviva.fi\/fi\/#website\",\"url\":\"https:\/\/reviva.fi\/fi\/\",\"name\":\"Reviva\",\"description\":\"\",\"publisher\":{\"@id\":\"https:\/\/reviva.fi\/fi\/#organization\"},\"potentialAction\":[{\"@type\":\"SearchAction\",\"target\":{\"@type\":\"EntryPoint\",\"urlTemplate\":\"https:\/\/reviva.fi\/fi\/?s={search_term_string}\"},\"query-input\":{\"@type\":\"PropertyValueSpecification\",\"valueRequired\":true,\"valueName\":\"search_term_string\"}}],\"inLanguage\":\"fi\"},{\"@type\":\"Organization\",\"@id\":\"https:\/\/reviva.fi\/fi\/#organization\",\"name\":\"Reviva\",\"url\":\"https:\/\/reviva.fi\/fi\/\",\"logo\":{\"@type\":\"ImageObject\",\"inLanguage\":\"fi\",\"@id\":\"https:\/\/reviva.fi\/fi\/#\/schema\/logo\/image\/\",\"url\":\"https:\/\/reviva.fi\/wp-content\/uploads\/2023\/10\/reviva-logo2.svg\",\"contentUrl\":\"https:\/\/reviva.fi\/wp-content\/uploads\/2023\/10\/reviva-logo2.svg\",\"caption\":\"Reviva\"},\"image\":{\"@id\":\"https:\/\/reviva.fi\/fi\/#\/schema\/logo\/image\/\"}}]}<\/script>\n<meta property=\"product:price:amount\" content=\"17.90\" \/>\n<meta property=\"product:price:currency\" content=\"EUR\" \/>\n<meta property=\"og:availability\" content=\"instock\" \/>\n<meta property=\"product:availability\" content=\"instock\" \/>\n<meta property=\"product:retailer_item_id\" content=\"8042-90\" \/>\n<meta property=\"product:condition\" content=\"new\" \/>\n<!-- \/ Yoast SEO plugin. -->","yoast_head_json":{"title":"Tiamiini - B1-vitamiini - Lamberts - Reviva","description":"Tiamiini - Lamberts Tukee normaalia energiantuotantoa, hermoston toimintaa ja henkist\u00e4 suorituskyky\u00e4. Yksi tabletti p\u00e4iv\u00e4ss\u00e4. Sopii vegaaneille.","robots":{"index":"index","follow":"follow","max-snippet":"max-snippet:-1","max-image-preview":"max-image-preview:large","max-video-preview":"max-video-preview:-1"},"canonical":"https:\/\/reviva.fi\/fi\/tuote\/tiamiini-lamberts\/","og_locale":"fi_FI","og_type":"article","og_title":"Tiamiini - B1-vitamiini - Lamberts - Reviva","og_description":"Tiamiini - Lamberts Tukee normaalia energiantuotantoa, hermoston toimintaa ja henkist\u00e4 suorituskyky\u00e4. Yksi tabletti p\u00e4iv\u00e4ss\u00e4. Sopii vegaaneille.","og_url":"https:\/\/reviva.fi\/fi\/tuote\/tiamiini-lamberts\/","og_site_name":"Reviva","article_modified_time":"2026-02-05T13:33:17+00:00","og_image":[{"width":520,"height":760,"url":"https:\/\/reviva.fi\/wp-content\/uploads\/2025\/03\/8042_90-Thiamin.webp","type":"image\/webp"}],"twitter_card":"summary_large_image","schema":{"@context":"https:\/\/schema.org","@graph":[{"@type":"WebPage","@id":"https:\/\/reviva.fi\/fi\/tuote\/tiamiini-lamberts\/","url":"https:\/\/reviva.fi\/fi\/tuote\/tiamiini-lamberts\/","name":"Tiamiini - B1-vitamiini - Lamberts - Reviva","isPartOf":{"@id":"https:\/\/reviva.fi\/fi\/#website"},"primaryImageOfPage":{"@id":"https:\/\/reviva.fi\/fi\/tuote\/tiamiini-lamberts\/#primaryimage"},"image":{"@id":"https:\/\/reviva.fi\/fi\/tuote\/tiamiini-lamberts\/#primaryimage"},"thumbnailUrl":"https:\/\/reviva.fi\/wp-content\/uploads\/2025\/03\/8042_90-Thiamin.webp","datePublished":"2025-03-03T06:42:58+00:00","dateModified":"2026-02-05T13:33:17+00:00","description":"Tiamiini - Lamberts Tukee normaalia energiantuotantoa, hermoston toimintaa ja henkist\u00e4 suorituskyky\u00e4. Yksi tabletti p\u00e4iv\u00e4ss\u00e4. Sopii vegaaneille.","breadcrumb":{"@id":"https:\/\/reviva.fi\/fi\/tuote\/tiamiini-lamberts\/#breadcrumb"},"inLanguage":"fi","potentialAction":[{"@type":"ReadAction","target":["https:\/\/reviva.fi\/fi\/tuote\/tiamiini-lamberts\/"]}]},{"@type":"ImageObject","inLanguage":"fi","@id":"https:\/\/reviva.fi\/fi\/tuote\/tiamiini-lamberts\/#primaryimage","url":"https:\/\/reviva.fi\/wp-content\/uploads\/2025\/03\/8042_90-Thiamin.webp","contentUrl":"https:\/\/reviva.fi\/wp-content\/uploads\/2025\/03\/8042_90-Thiamin.webp","width":520,"height":760,"caption":"Tiamin - Lamberts"},{"@type":"BreadcrumbList","@id":"https:\/\/reviva.fi\/fi\/tuote\/tiamiini-lamberts\/#breadcrumb","itemListElement":[{"@type":"ListItem","position":1,"name":"Etusivu","item":"https:\/\/reviva.fi\/fi\/"},{"@type":"ListItem","position":2,"name":"Tuotteet","item":"https:\/\/reviva.fi\/produkter\/"},{"@type":"ListItem","position":3,"name":"Tiamiini &#8211; B1-vitamiini &#8211; Lamberts"}]},{"@type":"WebSite","@id":"https:\/\/reviva.fi\/fi\/#website","url":"https:\/\/reviva.fi\/fi\/","name":"Reviva","description":"","publisher":{"@id":"https:\/\/reviva.fi\/fi\/#organization"},"potentialAction":[{"@type":"SearchAction","target":{"@type":"EntryPoint","urlTemplate":"https:\/\/reviva.fi\/fi\/?s={search_term_string}"},"query-input":{"@type":"PropertyValueSpecification","valueRequired":true,"valueName":"search_term_string"}}],"inLanguage":"fi"},{"@type":"Organization","@id":"https:\/\/reviva.fi\/fi\/#organization","name":"Reviva","url":"https:\/\/reviva.fi\/fi\/","logo":{"@type":"ImageObject","inLanguage":"fi","@id":"https:\/\/reviva.fi\/fi\/#\/schema\/logo\/image\/","url":"https:\/\/reviva.fi\/wp-content\/uploads\/2023\/10\/reviva-logo2.svg","contentUrl":"https:\/\/reviva.fi\/wp-content\/uploads\/2023\/10\/reviva-logo2.svg","caption":"Reviva"},"image":{"@id":"https:\/\/reviva.fi\/fi\/#\/schema\/logo\/image\/"}}]},"product_price_amount":"17.90","product_price_currency":"EUR","og_availability":"instock","product_availability":"instock","product_retailer_item_id":"8042-90","product_condition":"new"},"taxonomy_info":{"product_cat":[{"value":96,"label":"Vitamiinit"},{"value":525,"label":"B-vitamiini"},{"value":2444,"label":"Lamberts"}],"product_tag":[{"value":1165,"label":"b-vitamiinit"},{"value":4799,"label":"B1-vitamiini"},{"value":3465,"label":"Energioms\u00e4ttning"},{"value":5690,"label":"Fysiologisk funktion"},{"value":5589,"label":"H\u00e4lsa"},{"value":500,"label":"hermosto"},{"value":5580,"label":"Hj\u00e4rnfunktion"},{"value":4622,"label":"Hyvinvointia"},{"value":4532,"label":"Lamberts"},{"value":476,"label":"lis\u00e4ravinne"},{"value":3591,"label":"Nervsystemets h\u00e4lsa"},{"value":5694,"label":"Normal funktion"},{"value":2923,"label":"Tiamiini"}]},"featured_image_src_large":["https:\/\/reviva.fi\/wp-content\/uploads\/2025\/03\/8042_90-Thiamin.webp",520,760,false],"author_info":[],"comment_info":0,"_links":{"self":[{"href":"https:\/\/reviva.fi\/fi\/wp-json\/wp\/v2\/product\/11462","targetHints":{"allow":["GET"]}}],"collection":[{"href":"https:\/\/reviva.fi\/fi\/wp-json\/wp\/v2\/product"}],"about":[{"href":"https:\/\/reviva.fi\/fi\/wp-json\/wp\/v2\/types\/product"}],"replies":[{"embeddable":true,"href":"https:\/\/reviva.fi\/fi\/wp-json\/wp\/v2\/comments?post=11462"}],"wp:featuredmedia":[{"embeddable":true,"href":"https:\/\/reviva.fi\/fi\/wp-json\/wp\/v2\/media\/11088"}],"wp:attachment":[{"href":"https:\/\/reviva.fi\/fi\/wp-json\/wp\/v2\/media?parent=11462"}],"wp:term":[{"taxonomy":"product_brand","embeddable":true,"href":"https:\/\/reviva.fi\/fi\/wp-json\/wp\/v2\/product_brand?post=11462"},{"taxonomy":"product_cat","embeddable":true,"href":"https:\/\/reviva.fi\/fi\/wp-json\/wp\/v2\/product_cat?post=11462"},{"taxonomy":"product_tag","embeddable":true,"href":"https:\/\/reviva.fi\/fi\/wp-json\/wp\/v2\/product_tag?post=11462"}],"curies":[{"name":"wp","href":"https:\/\/api.w.org\/{rel}","templated":true}]}}