{"id":11535,"date":"2025-03-10T15:06:35","date_gmt":"2025-03-10T13:06:35","guid":{"rendered":"https:\/\/reviva.fi\/product\/carqueja-50-gram\/"},"modified":"2026-01-30T12:21:18","modified_gmt":"2026-01-30T10:21:18","slug":"carqueja-50-gram","status":"publish","type":"product","link":"https:\/\/reviva.fi\/fi\/tuote\/carqueja-50-gram\/","title":{"rendered":"Carqueja 50g"},"content":{"rendered":"<p><strong>Carqueja 50g<\/strong><\/p>\n<p data-start=\"0\" data-end=\"290\"><strong data-start=\"0\" data-end=\"32\">Carqueja (Baccharis trimera)<\/strong>\u00a0on tunnettu monista terveyshy\u00f6dyist\u00e4\u00e4n ja sit\u00e4 k\u00e4ytet\u00e4\u00e4n p\u00e4\u00e4asiassa tukemaan ruoansulatusta, maksan toimintaa ja yleist\u00e4 kehon puhdistusta.<\/p>\n<p data-start=\"292\" data-end=\"680\">Carqueja sis\u00e4lt\u00e4\u00e4 luonnollisia antioksidantteja, flavonoideja ja karvasaineita, jotka edist\u00e4v\u00e4t tervett\u00e4 aineenvaihduntaa ja voivat auttaa kehoa puhdistumaan.<\/p>\n","protected":false},"excerpt":{"rendered":"<p>Carqueja uute<\/p>\n<p data-start=\"371\" data-end=\"379\" data-is-last-node=\"\" data-is-only-node=\"\"><strong data-start=\"371\" data-end=\"379\" data-is-last-node=\"\">50 g<\/strong><\/p>\n","protected":false},"featured_media":11480,"comment_status":"closed","ping_status":"closed","template":"","meta":{"_acf_changed":false,"inline_featured_image":false,"_kad_blocks_custom_css":"","_kad_blocks_head_custom_js":"","_kad_blocks_body_custom_js":"","_kad_blocks_footer_custom_js":"","_kadence_starter_templates_imported_post":false,"_kad_post_transparent":"default","_kad_post_title":"","_kad_post_layout":"default","_kad_post_sidebar_id":"","_kad_post_content_style":"default","_kad_post_vertical_padding":"default","_kad_post_feature":"","_kad_post_feature_position":"","_kad_post_header":false,"_kad_post_footer":false},"product_brand":[],"product_cat":[141,2454],"product_tag":[4422,412,5748,5551,5749,4772,5589,5743,5750,4404,4653,5745,4693,5751,3093,4450,1128,5747],"class_list":{"0":"post-11535","1":"product","2":"type-product","3":"status-publish","4":"has-post-thumbnail","6":"product_cat-orter-fi","7":"product_cat-evp-nutrition-fi","8":"product_tag-aineenvaihduntaa-fi","9":"product_tag-antioksidantti","10":"product_tag-balanserande-fi","11":"product_tag-cirkulation-fi","12":"product_tag-detox-fi","13":"product_tag-elinvoimaisuus","14":"product_tag-halsa-fi","15":"product_tag-hallbart-fi","16":"product_tag-immunsystem-fi","17":"product_tag-kasvipohjainen","18":"product_tag-maksan-terveytta","19":"product_tag-naturligt-tillskott-fi","20":"product_tag-perinteinen-kasviperainen-laaketiede","21":"product_tag-renande-fi","22":"product_tag-ruoansulatus","23":"product_tag-suoliston-terveytta","24":"product_tag-tulehdusta-ehkaiseva","25":"product_tag-valmaende-fi","27":"first","28":"instock","29":"taxable","30":"shipping-taxable","31":"purchasable","32":"product-type-simple","33":"entry","34":"content-bg","35":"loop-entry"},"acf":[],"yoast_head":"<!-- This site is optimized with the Yoast SEO plugin v25.8 - https:\/\/yoast.com\/wordpress\/plugins\/seo\/ -->\n<title>Carqueja 50g - Reviva<\/title>\n<meta name=\"description\" content=\"Carqueja 50g on luonnollinen kasvi, joka edist\u00e4\u00e4 ruoansulatusta, maksan terveytt\u00e4 ja kehon puhdistusta lis\u00e4\u00e4m\u00e4ll\u00e4 hyvinvointia.\" \/>\n<meta name=\"robots\" content=\"index, follow, max-snippet:-1, max-image-preview:large, max-video-preview:-1\" \/>\n<link rel=\"canonical\" href=\"https:\/\/reviva.fi\/fi\/tuote\/carqueja-50-gram\/\" \/>\n<meta property=\"og:locale\" content=\"fi_FI\" \/>\n<meta property=\"og:type\" content=\"article\" \/>\n<meta property=\"og:title\" content=\"Carqueja 50g - Reviva\" \/>\n<meta property=\"og:description\" content=\"Carqueja 50g on luonnollinen kasvi, joka edist\u00e4\u00e4 ruoansulatusta, maksan terveytt\u00e4 ja kehon puhdistusta lis\u00e4\u00e4m\u00e4ll\u00e4 hyvinvointia.\" \/>\n<meta property=\"og:url\" content=\"https:\/\/reviva.fi\/fi\/tuote\/carqueja-50-gram\/\" \/>\n<meta property=\"og:site_name\" content=\"Reviva\" \/>\n<meta property=\"article:modified_time\" content=\"2026-01-30T10:21:18+00:00\" \/>\n<meta property=\"og:image\" content=\"https:\/\/reviva.fi\/wp-content\/uploads\/2025\/03\/Carqueja-e1741611796536.png\" \/>\n\t<meta property=\"og:image:width\" content=\"1800\" \/>\n\t<meta property=\"og:image:height\" content=\"2400\" \/>\n\t<meta property=\"og:image:type\" content=\"image\/png\" \/>\n<meta name=\"twitter:card\" content=\"summary_large_image\" \/>\n<script type=\"application\/ld+json\" class=\"yoast-schema-graph\">{\"@context\":\"https:\/\/schema.org\",\"@graph\":[{\"@type\":\"WebPage\",\"@id\":\"https:\/\/reviva.fi\/fi\/tuote\/carqueja-50-gram\/\",\"url\":\"https:\/\/reviva.fi\/fi\/tuote\/carqueja-50-gram\/\",\"name\":\"Carqueja 50g - Reviva\",\"isPartOf\":{\"@id\":\"https:\/\/reviva.fi\/fi\/#website\"},\"primaryImageOfPage\":{\"@id\":\"https:\/\/reviva.fi\/fi\/tuote\/carqueja-50-gram\/#primaryimage\"},\"image\":{\"@id\":\"https:\/\/reviva.fi\/fi\/tuote\/carqueja-50-gram\/#primaryimage\"},\"thumbnailUrl\":\"https:\/\/reviva.fi\/wp-content\/uploads\/2025\/03\/Carqueja-e1741611796536.png\",\"datePublished\":\"2025-03-10T13:06:35+00:00\",\"dateModified\":\"2026-01-30T10:21:18+00:00\",\"description\":\"Carqueja 50g on luonnollinen kasvi, joka edist\u00e4\u00e4 ruoansulatusta, maksan terveytt\u00e4 ja kehon puhdistusta lis\u00e4\u00e4m\u00e4ll\u00e4 hyvinvointia.\",\"breadcrumb\":{\"@id\":\"https:\/\/reviva.fi\/fi\/tuote\/carqueja-50-gram\/#breadcrumb\"},\"inLanguage\":\"fi\",\"potentialAction\":[{\"@type\":\"ReadAction\",\"target\":[\"https:\/\/reviva.fi\/fi\/tuote\/carqueja-50-gram\/\"]}]},{\"@type\":\"ImageObject\",\"inLanguage\":\"fi\",\"@id\":\"https:\/\/reviva.fi\/fi\/tuote\/carqueja-50-gram\/#primaryimage\",\"url\":\"https:\/\/reviva.fi\/wp-content\/uploads\/2025\/03\/Carqueja-e1741611796536.png\",\"contentUrl\":\"https:\/\/reviva.fi\/wp-content\/uploads\/2025\/03\/Carqueja-e1741611796536.png\",\"width\":1800,\"height\":2400,\"caption\":\"Carqueja 50 gram\"},{\"@type\":\"BreadcrumbList\",\"@id\":\"https:\/\/reviva.fi\/fi\/tuote\/carqueja-50-gram\/#breadcrumb\",\"itemListElement\":[{\"@type\":\"ListItem\",\"position\":1,\"name\":\"Etusivu\",\"item\":\"https:\/\/reviva.fi\/fi\/\"},{\"@type\":\"ListItem\",\"position\":2,\"name\":\"Tuotteet\",\"item\":\"https:\/\/reviva.fi\/produkter\/\"},{\"@type\":\"ListItem\",\"position\":3,\"name\":\"Carqueja 50g\"}]},{\"@type\":\"WebSite\",\"@id\":\"https:\/\/reviva.fi\/fi\/#website\",\"url\":\"https:\/\/reviva.fi\/fi\/\",\"name\":\"Reviva\",\"description\":\"\",\"publisher\":{\"@id\":\"https:\/\/reviva.fi\/fi\/#organization\"},\"potentialAction\":[{\"@type\":\"SearchAction\",\"target\":{\"@type\":\"EntryPoint\",\"urlTemplate\":\"https:\/\/reviva.fi\/fi\/?s={search_term_string}\"},\"query-input\":{\"@type\":\"PropertyValueSpecification\",\"valueRequired\":true,\"valueName\":\"search_term_string\"}}],\"inLanguage\":\"fi\"},{\"@type\":\"Organization\",\"@id\":\"https:\/\/reviva.fi\/fi\/#organization\",\"name\":\"Reviva\",\"url\":\"https:\/\/reviva.fi\/fi\/\",\"logo\":{\"@type\":\"ImageObject\",\"inLanguage\":\"fi\",\"@id\":\"https:\/\/reviva.fi\/fi\/#\/schema\/logo\/image\/\",\"url\":\"https:\/\/reviva.fi\/wp-content\/uploads\/2023\/10\/reviva-logo2.svg\",\"contentUrl\":\"https:\/\/reviva.fi\/wp-content\/uploads\/2023\/10\/reviva-logo2.svg\",\"caption\":\"Reviva\"},\"image\":{\"@id\":\"https:\/\/reviva.fi\/fi\/#\/schema\/logo\/image\/\"}}]}<\/script>\n<meta property=\"product:price:amount\" content=\"36.75\" \/>\n<meta property=\"product:price:currency\" content=\"EUR\" \/>\n<meta property=\"og:availability\" content=\"instock\" \/>\n<meta property=\"product:availability\" content=\"instock\" \/>\n<meta property=\"product:retailer_item_id\" content=\"499\" \/>\n<meta property=\"product:condition\" content=\"new\" \/>\n<!-- \/ Yoast SEO plugin. -->","yoast_head_json":{"title":"Carqueja 50g - Reviva","description":"Carqueja 50g on luonnollinen kasvi, joka edist\u00e4\u00e4 ruoansulatusta, maksan terveytt\u00e4 ja kehon puhdistusta lis\u00e4\u00e4m\u00e4ll\u00e4 hyvinvointia.","robots":{"index":"index","follow":"follow","max-snippet":"max-snippet:-1","max-image-preview":"max-image-preview:large","max-video-preview":"max-video-preview:-1"},"canonical":"https:\/\/reviva.fi\/fi\/tuote\/carqueja-50-gram\/","og_locale":"fi_FI","og_type":"article","og_title":"Carqueja 50g - Reviva","og_description":"Carqueja 50g on luonnollinen kasvi, joka edist\u00e4\u00e4 ruoansulatusta, maksan terveytt\u00e4 ja kehon puhdistusta lis\u00e4\u00e4m\u00e4ll\u00e4 hyvinvointia.","og_url":"https:\/\/reviva.fi\/fi\/tuote\/carqueja-50-gram\/","og_site_name":"Reviva","article_modified_time":"2026-01-30T10:21:18+00:00","og_image":[{"width":1800,"height":2400,"url":"https:\/\/reviva.fi\/wp-content\/uploads\/2025\/03\/Carqueja-e1741611796536.png","type":"image\/png"}],"twitter_card":"summary_large_image","schema":{"@context":"https:\/\/schema.org","@graph":[{"@type":"WebPage","@id":"https:\/\/reviva.fi\/fi\/tuote\/carqueja-50-gram\/","url":"https:\/\/reviva.fi\/fi\/tuote\/carqueja-50-gram\/","name":"Carqueja 50g - Reviva","isPartOf":{"@id":"https:\/\/reviva.fi\/fi\/#website"},"primaryImageOfPage":{"@id":"https:\/\/reviva.fi\/fi\/tuote\/carqueja-50-gram\/#primaryimage"},"image":{"@id":"https:\/\/reviva.fi\/fi\/tuote\/carqueja-50-gram\/#primaryimage"},"thumbnailUrl":"https:\/\/reviva.fi\/wp-content\/uploads\/2025\/03\/Carqueja-e1741611796536.png","datePublished":"2025-03-10T13:06:35+00:00","dateModified":"2026-01-30T10:21:18+00:00","description":"Carqueja 50g on luonnollinen kasvi, joka edist\u00e4\u00e4 ruoansulatusta, maksan terveytt\u00e4 ja kehon puhdistusta lis\u00e4\u00e4m\u00e4ll\u00e4 hyvinvointia.","breadcrumb":{"@id":"https:\/\/reviva.fi\/fi\/tuote\/carqueja-50-gram\/#breadcrumb"},"inLanguage":"fi","potentialAction":[{"@type":"ReadAction","target":["https:\/\/reviva.fi\/fi\/tuote\/carqueja-50-gram\/"]}]},{"@type":"ImageObject","inLanguage":"fi","@id":"https:\/\/reviva.fi\/fi\/tuote\/carqueja-50-gram\/#primaryimage","url":"https:\/\/reviva.fi\/wp-content\/uploads\/2025\/03\/Carqueja-e1741611796536.png","contentUrl":"https:\/\/reviva.fi\/wp-content\/uploads\/2025\/03\/Carqueja-e1741611796536.png","width":1800,"height":2400,"caption":"Carqueja 50 gram"},{"@type":"BreadcrumbList","@id":"https:\/\/reviva.fi\/fi\/tuote\/carqueja-50-gram\/#breadcrumb","itemListElement":[{"@type":"ListItem","position":1,"name":"Etusivu","item":"https:\/\/reviva.fi\/fi\/"},{"@type":"ListItem","position":2,"name":"Tuotteet","item":"https:\/\/reviva.fi\/produkter\/"},{"@type":"ListItem","position":3,"name":"Carqueja 50g"}]},{"@type":"WebSite","@id":"https:\/\/reviva.fi\/fi\/#website","url":"https:\/\/reviva.fi\/fi\/","name":"Reviva","description":"","publisher":{"@id":"https:\/\/reviva.fi\/fi\/#organization"},"potentialAction":[{"@type":"SearchAction","target":{"@type":"EntryPoint","urlTemplate":"https:\/\/reviva.fi\/fi\/?s={search_term_string}"},"query-input":{"@type":"PropertyValueSpecification","valueRequired":true,"valueName":"search_term_string"}}],"inLanguage":"fi"},{"@type":"Organization","@id":"https:\/\/reviva.fi\/fi\/#organization","name":"Reviva","url":"https:\/\/reviva.fi\/fi\/","logo":{"@type":"ImageObject","inLanguage":"fi","@id":"https:\/\/reviva.fi\/fi\/#\/schema\/logo\/image\/","url":"https:\/\/reviva.fi\/wp-content\/uploads\/2023\/10\/reviva-logo2.svg","contentUrl":"https:\/\/reviva.fi\/wp-content\/uploads\/2023\/10\/reviva-logo2.svg","caption":"Reviva"},"image":{"@id":"https:\/\/reviva.fi\/fi\/#\/schema\/logo\/image\/"}}]},"product_price_amount":"36.75","product_price_currency":"EUR","og_availability":"instock","product_availability":"instock","product_retailer_item_id":"499","product_condition":"new"},"taxonomy_info":{"product_cat":[{"value":141,"label":"Yrtit"},{"value":2454,"label":"EVP Nutrition"}],"product_tag":[{"value":4422,"label":"aineenvaihduntaa"},{"value":412,"label":"antioksidantti"},{"value":5748,"label":"balanserande"},{"value":5551,"label":"Cirkulation"},{"value":5749,"label":"detox"},{"value":4772,"label":"Elinvoimaisuus"},{"value":5589,"label":"H\u00e4lsa"},{"value":5743,"label":"h\u00e5llbart"},{"value":5750,"label":"Immunsystem"},{"value":4404,"label":"Kasvipohjainen"},{"value":4653,"label":"maksan terveytt\u00e4"},{"value":5745,"label":"Naturligt tillskott"},{"value":4693,"label":"perinteinen kasviper\u00e4inen l\u00e4\u00e4ketiede"},{"value":5751,"label":"renande"},{"value":3093,"label":"ruoansulatus"},{"value":4450,"label":"suoliston terveytt\u00e4"},{"value":1128,"label":"tulehdusta ehk\u00e4isev\u00e4"},{"value":5747,"label":"v\u00e4lm\u00e5ende"}]},"featured_image_src_large":["https:\/\/reviva.fi\/wp-content\/uploads\/2025\/03\/Carqueja-768x1024.png",768,1024,true],"author_info":[],"comment_info":0,"_links":{"self":[{"href":"https:\/\/reviva.fi\/fi\/wp-json\/wp\/v2\/product\/11535","targetHints":{"allow":["GET"]}}],"collection":[{"href":"https:\/\/reviva.fi\/fi\/wp-json\/wp\/v2\/product"}],"about":[{"href":"https:\/\/reviva.fi\/fi\/wp-json\/wp\/v2\/types\/product"}],"replies":[{"embeddable":true,"href":"https:\/\/reviva.fi\/fi\/wp-json\/wp\/v2\/comments?post=11535"}],"wp:featuredmedia":[{"embeddable":true,"href":"https:\/\/reviva.fi\/fi\/wp-json\/wp\/v2\/media\/11480"}],"wp:attachment":[{"href":"https:\/\/reviva.fi\/fi\/wp-json\/wp\/v2\/media?parent=11535"}],"wp:term":[{"taxonomy":"product_brand","embeddable":true,"href":"https:\/\/reviva.fi\/fi\/wp-json\/wp\/v2\/product_brand?post=11535"},{"taxonomy":"product_cat","embeddable":true,"href":"https:\/\/reviva.fi\/fi\/wp-json\/wp\/v2\/product_cat?post=11535"},{"taxonomy":"product_tag","embeddable":true,"href":"https:\/\/reviva.fi\/fi\/wp-json\/wp\/v2\/product_tag?post=11535"}],"curies":[{"name":"wp","href":"https:\/\/api.w.org\/{rel}","templated":true}]}}