{"id":11538,"date":"2025-03-10T15:14:06","date_gmt":"2025-03-10T13:14:06","guid":{"rendered":"https:\/\/reviva.fi\/product\/collagen-180-gram\/"},"modified":"2026-04-13T07:49:22","modified_gmt":"2026-04-13T04:49:22","slug":"collagen-180-gram","status":"publish","type":"product","link":"https:\/\/reviva.fi\/fi\/tuote\/collagen-180-gram\/","title":{"rendered":"Kollageeni, merellinen kollageenijauhe"},"content":{"rendered":"<p data-start=\"0\" data-end=\"20\"><strong>Kollageeni 180g<\/strong><\/p>\n<p data-start=\"0\" data-end=\"368\">Kollagen on yksi kehon t\u00e4rkeimmist\u00e4 proteiineista ja keskeinen rakennuspalikka ihossa, niveliss\u00e4, luissa ja sidekudoksissa. Ik\u00e4\u00e4ntyess\u00e4 kehon luonnollinen kollageenintuotanto v\u00e4henee, mik\u00e4 voi johtaa ryppyihin, ihon kimmoisuuden heikkenemiseen ja nivelongelmiin. Kollageenilis\u00e4 voi auttaa tukemaan ihon kiinteytt\u00e4, nivelterveytt\u00e4 sek\u00e4 hiusten ja kynsien vahvuutta.<\/p>\n<p data-start=\"370\" data-end=\"687\" data-is-last-node=\"\" data-is-only-node=\"\">T\u00e4m\u00e4 tuote sis\u00e4lt\u00e4\u00e4 korkealaatuista hydrolysoitua kollageenia, mik\u00e4 helpottaa kehoa imem\u00e4\u00e4n ja k\u00e4ytt\u00e4m\u00e4\u00e4n sit\u00e4. Kollageeni on per\u00e4isin luonnollisista l\u00e4hteist\u00e4 ja on rikastettu aminohapoilla, kuten glysiinill\u00e4, proliinilla ja hydroksiproliinilla, jotka auttavat rakentamaan ja yll\u00e4pit\u00e4m\u00e4\u00e4n vahvaa ja tervett\u00e4 kudosta.<\/p>\n","protected":false},"excerpt":{"rendered":"<p><strong>180 grammaa merikollageenia, joka sis\u00e4lt\u00e4\u00e4 95 % aminohappoja.<\/strong><\/p>\n<ul>\n<li data-start=\"0\" data-end=\"317\">Tukee ihon elastisuutta ja v\u00e4hent\u00e4\u00e4 n\u00e4kyvi\u00e4 ik\u00e4\u00e4ntymisen merkkej\u00e4.<\/li>\n<li data-start=\"0\" data-end=\"317\">Edist\u00e4\u00e4 vahvoja niveli\u00e4 ja rustoa, mik\u00e4 voi parantaa liikkuvuutta ja mukavuutta.<\/li>\n<li data-start=\"0\" data-end=\"317\">Auttaa tukemaan tervett\u00e4 hiuksia ja kynsi\u00e4 vahvistamalla niiden rakennetta.<\/li>\n<\/ul>\n<p data-start=\"319\" data-end=\"328\" data-is-last-node=\"\" data-is-only-node=\"\"><strong data-start=\"319\" data-end=\"328\" data-is-last-node=\"\">180 g<\/strong><\/p>\n","protected":false},"featured_media":13937,"comment_status":"closed","ping_status":"closed","template":"","meta":{"_acf_changed":false,"inline_featured_image":false,"_kad_blocks_custom_css":"","_kad_blocks_head_custom_js":"","_kad_blocks_body_custom_js":"","_kad_blocks_footer_custom_js":"","_kadence_starter_templates_imported_post":false,"_kad_post_transparent":"default","_kad_post_title":"","_kad_post_layout":"default","_kad_post_sidebar_id":"","_kad_post_content_style":"default","_kad_post_vertical_padding":"default","_kad_post_feature":"","_kad_post_feature_position":"","_kad_post_header":false,"_kad_post_footer":false},"product_brand":[],"product_cat":[5979,2505,5963,2371,2350,2375],"product_tag":[5752,3484,5753,4772,5743,5516,3385,5754,4465,4558,4432,5517,5745,5755,5756,4732,5520,5757,5747],"class_list":{"0":"post-11538","1":"product","2":"type-product","3":"status-publish","4":"has-post-thumbnail","6":"product_cat-naringspulver-fi","7":"product_cat-ovriga-kosttillskott-fi","8":"product_cat-synergos-fi","9":"product_cat-muskler-och-leder-fi","10":"product_cat-hud-och-skonhet-fi","11":"product_cat-traning-fi","12":"product_tag-aterfuktning-fi","13":"product_tag-anti-aging-fi","14":"product_tag-elasticitet-fi","15":"product_tag-elinvoimaisuus","16":"product_tag-hallbart-fi","17":"product_tag-har-fi","18":"product_tag-hudhalsa-fi","19":"product_tag-leder-fi","20":"product_tag-lihasten-palautuminen","21":"product_tag-liikkuvuus","22":"product_tag-luuston-terveytta","23":"product_tag-naglar-fi","24":"product_tag-naturligt-tillskott-fi","25":"product_tag-protein-fi","26":"product_tag-regeneration-fi","27":"product_tag-sidekudos","28":"product_tag-skonhet-fi","29":"product_tag-styrka-fi","30":"product_tag-valmaende-fi","32":"first","33":"instock","34":"taxable","35":"shipping-taxable","36":"purchasable","37":"product-type-simple","38":"entry","39":"content-bg","40":"loop-entry"},"acf":[],"yoast_head":"<!-- This site is optimized with the Yoast SEO plugin v25.8 - https:\/\/yoast.com\/wordpress\/plugins\/seo\/ -->\n<title>Kollageeni, merellinen kollageenijauhe - Reviva<\/title>\n<meta name=\"description\" content=\"Kollageeni 180g - Edist\u00e4\u00e4 ihon, nivelten ja hiusten terveytt\u00e4 sek\u00e4 hiustenkasvua tukemalla kollageenituotantoa ja parantamalla ihon elastisuutta.\" \/>\n<meta name=\"robots\" content=\"index, follow, max-snippet:-1, max-image-preview:large, max-video-preview:-1\" \/>\n<link rel=\"canonical\" href=\"https:\/\/reviva.fi\/fi\/tuote\/collagen-180-gram\/\" \/>\n<meta property=\"og:locale\" content=\"fi_FI\" \/>\n<meta property=\"og:type\" content=\"article\" \/>\n<meta property=\"og:title\" content=\"Kollageeni, merellinen kollageenijauhe - Reviva\" \/>\n<meta property=\"og:description\" content=\"Kollageeni 180g - Edist\u00e4\u00e4 ihon, nivelten ja hiusten terveytt\u00e4 sek\u00e4 hiustenkasvua tukemalla kollageenituotantoa ja parantamalla ihon elastisuutta.\" \/>\n<meta property=\"og:url\" content=\"https:\/\/reviva.fi\/fi\/tuote\/collagen-180-gram\/\" \/>\n<meta property=\"og:site_name\" content=\"Reviva\" \/>\n<meta property=\"article:modified_time\" content=\"2026-04-13T04:49:22+00:00\" \/>\n<meta property=\"og:image\" content=\"https:\/\/reviva.fi\/wp-content\/uploads\/2025\/03\/Collagen-Photoroom-e1749038899879.png\" \/>\n\t<meta property=\"og:image:width\" content=\"2000\" \/>\n\t<meta property=\"og:image:height\" content=\"1333\" \/>\n\t<meta property=\"og:image:type\" content=\"image\/png\" \/>\n<meta name=\"twitter:card\" content=\"summary_large_image\" \/>\n<script type=\"application\/ld+json\" class=\"yoast-schema-graph\">{\"@context\":\"https:\/\/schema.org\",\"@graph\":[{\"@type\":\"WebPage\",\"@id\":\"https:\/\/reviva.fi\/fi\/tuote\/collagen-180-gram\/\",\"url\":\"https:\/\/reviva.fi\/fi\/tuote\/collagen-180-gram\/\",\"name\":\"Kollageeni, merellinen kollageenijauhe - Reviva\",\"isPartOf\":{\"@id\":\"https:\/\/reviva.fi\/fi\/#website\"},\"primaryImageOfPage\":{\"@id\":\"https:\/\/reviva.fi\/fi\/tuote\/collagen-180-gram\/#primaryimage\"},\"image\":{\"@id\":\"https:\/\/reviva.fi\/fi\/tuote\/collagen-180-gram\/#primaryimage\"},\"thumbnailUrl\":\"https:\/\/reviva.fi\/wp-content\/uploads\/2025\/03\/420-Collagen-180g-Photoroom-e1771398584854.png\",\"datePublished\":\"2025-03-10T13:14:06+00:00\",\"dateModified\":\"2026-04-13T04:49:22+00:00\",\"description\":\"Kollageeni 180g - Edist\u00e4\u00e4 ihon, nivelten ja hiusten terveytt\u00e4 sek\u00e4 hiustenkasvua tukemalla kollageenituotantoa ja parantamalla ihon elastisuutta.\",\"breadcrumb\":{\"@id\":\"https:\/\/reviva.fi\/fi\/tuote\/collagen-180-gram\/#breadcrumb\"},\"inLanguage\":\"fi\",\"potentialAction\":[{\"@type\":\"ReadAction\",\"target\":[\"https:\/\/reviva.fi\/fi\/tuote\/collagen-180-gram\/\"]}]},{\"@type\":\"ImageObject\",\"inLanguage\":\"fi\",\"@id\":\"https:\/\/reviva.fi\/fi\/tuote\/collagen-180-gram\/#primaryimage\",\"url\":\"https:\/\/reviva.fi\/wp-content\/uploads\/2025\/03\/420-Collagen-180g-Photoroom-e1771398584854.png\",\"contentUrl\":\"https:\/\/reviva.fi\/wp-content\/uploads\/2025\/03\/420-Collagen-180g-Photoroom-e1771398584854.png\",\"width\":2000,\"height\":1333,\"caption\":\"Collagen 180g\"},{\"@type\":\"BreadcrumbList\",\"@id\":\"https:\/\/reviva.fi\/fi\/tuote\/collagen-180-gram\/#breadcrumb\",\"itemListElement\":[{\"@type\":\"ListItem\",\"position\":1,\"name\":\"Etusivu\",\"item\":\"https:\/\/reviva.fi\/fi\/\"},{\"@type\":\"ListItem\",\"position\":2,\"name\":\"Tuotteet\",\"item\":\"https:\/\/reviva.fi\/produkter\/\"},{\"@type\":\"ListItem\",\"position\":3,\"name\":\"Kollageeni, merellinen kollageenijauhe\"}]},{\"@type\":\"WebSite\",\"@id\":\"https:\/\/reviva.fi\/fi\/#website\",\"url\":\"https:\/\/reviva.fi\/fi\/\",\"name\":\"Reviva\",\"description\":\"\",\"publisher\":{\"@id\":\"https:\/\/reviva.fi\/fi\/#organization\"},\"potentialAction\":[{\"@type\":\"SearchAction\",\"target\":{\"@type\":\"EntryPoint\",\"urlTemplate\":\"https:\/\/reviva.fi\/fi\/?s={search_term_string}\"},\"query-input\":{\"@type\":\"PropertyValueSpecification\",\"valueRequired\":true,\"valueName\":\"search_term_string\"}}],\"inLanguage\":\"fi\"},{\"@type\":\"Organization\",\"@id\":\"https:\/\/reviva.fi\/fi\/#organization\",\"name\":\"Reviva\",\"url\":\"https:\/\/reviva.fi\/fi\/\",\"logo\":{\"@type\":\"ImageObject\",\"inLanguage\":\"fi\",\"@id\":\"https:\/\/reviva.fi\/fi\/#\/schema\/logo\/image\/\",\"url\":\"https:\/\/reviva.fi\/wp-content\/uploads\/2023\/10\/reviva-logo2.svg\",\"contentUrl\":\"https:\/\/reviva.fi\/wp-content\/uploads\/2023\/10\/reviva-logo2.svg\",\"caption\":\"Reviva\"},\"image\":{\"@id\":\"https:\/\/reviva.fi\/fi\/#\/schema\/logo\/image\/\"}}]}<\/script>\n<meta property=\"product:price:amount\" content=\"31.45\" \/>\n<meta property=\"product:price:currency\" content=\"EUR\" \/>\n<meta property=\"og:availability\" content=\"instock\" \/>\n<meta property=\"product:availability\" content=\"instock\" \/>\n<meta property=\"product:retailer_item_id\" content=\"420\" \/>\n<meta property=\"product:condition\" content=\"new\" \/>\n<!-- \/ Yoast SEO plugin. -->","yoast_head_json":{"title":"Kollageeni, merellinen kollageenijauhe - Reviva","description":"Kollageeni 180g - Edist\u00e4\u00e4 ihon, nivelten ja hiusten terveytt\u00e4 sek\u00e4 hiustenkasvua tukemalla kollageenituotantoa ja parantamalla ihon elastisuutta.","robots":{"index":"index","follow":"follow","max-snippet":"max-snippet:-1","max-image-preview":"max-image-preview:large","max-video-preview":"max-video-preview:-1"},"canonical":"https:\/\/reviva.fi\/fi\/tuote\/collagen-180-gram\/","og_locale":"fi_FI","og_type":"article","og_title":"Kollageeni, merellinen kollageenijauhe - Reviva","og_description":"Kollageeni 180g - Edist\u00e4\u00e4 ihon, nivelten ja hiusten terveytt\u00e4 sek\u00e4 hiustenkasvua tukemalla kollageenituotantoa ja parantamalla ihon elastisuutta.","og_url":"https:\/\/reviva.fi\/fi\/tuote\/collagen-180-gram\/","og_site_name":"Reviva","article_modified_time":"2026-04-13T04:49:22+00:00","og_image":[{"width":2000,"height":1333,"url":"https:\/\/reviva.fi\/wp-content\/uploads\/2025\/03\/Collagen-Photoroom-e1749038899879.png","type":"image\/png"}],"twitter_card":"summary_large_image","schema":{"@context":"https:\/\/schema.org","@graph":[{"@type":"WebPage","@id":"https:\/\/reviva.fi\/fi\/tuote\/collagen-180-gram\/","url":"https:\/\/reviva.fi\/fi\/tuote\/collagen-180-gram\/","name":"Kollageeni, merellinen kollageenijauhe - Reviva","isPartOf":{"@id":"https:\/\/reviva.fi\/fi\/#website"},"primaryImageOfPage":{"@id":"https:\/\/reviva.fi\/fi\/tuote\/collagen-180-gram\/#primaryimage"},"image":{"@id":"https:\/\/reviva.fi\/fi\/tuote\/collagen-180-gram\/#primaryimage"},"thumbnailUrl":"https:\/\/reviva.fi\/wp-content\/uploads\/2025\/03\/420-Collagen-180g-Photoroom-e1771398584854.png","datePublished":"2025-03-10T13:14:06+00:00","dateModified":"2026-04-13T04:49:22+00:00","description":"Kollageeni 180g - Edist\u00e4\u00e4 ihon, nivelten ja hiusten terveytt\u00e4 sek\u00e4 hiustenkasvua tukemalla kollageenituotantoa ja parantamalla ihon elastisuutta.","breadcrumb":{"@id":"https:\/\/reviva.fi\/fi\/tuote\/collagen-180-gram\/#breadcrumb"},"inLanguage":"fi","potentialAction":[{"@type":"ReadAction","target":["https:\/\/reviva.fi\/fi\/tuote\/collagen-180-gram\/"]}]},{"@type":"ImageObject","inLanguage":"fi","@id":"https:\/\/reviva.fi\/fi\/tuote\/collagen-180-gram\/#primaryimage","url":"https:\/\/reviva.fi\/wp-content\/uploads\/2025\/03\/420-Collagen-180g-Photoroom-e1771398584854.png","contentUrl":"https:\/\/reviva.fi\/wp-content\/uploads\/2025\/03\/420-Collagen-180g-Photoroom-e1771398584854.png","width":2000,"height":1333,"caption":"Collagen 180g"},{"@type":"BreadcrumbList","@id":"https:\/\/reviva.fi\/fi\/tuote\/collagen-180-gram\/#breadcrumb","itemListElement":[{"@type":"ListItem","position":1,"name":"Etusivu","item":"https:\/\/reviva.fi\/fi\/"},{"@type":"ListItem","position":2,"name":"Tuotteet","item":"https:\/\/reviva.fi\/produkter\/"},{"@type":"ListItem","position":3,"name":"Kollageeni, merellinen kollageenijauhe"}]},{"@type":"WebSite","@id":"https:\/\/reviva.fi\/fi\/#website","url":"https:\/\/reviva.fi\/fi\/","name":"Reviva","description":"","publisher":{"@id":"https:\/\/reviva.fi\/fi\/#organization"},"potentialAction":[{"@type":"SearchAction","target":{"@type":"EntryPoint","urlTemplate":"https:\/\/reviva.fi\/fi\/?s={search_term_string}"},"query-input":{"@type":"PropertyValueSpecification","valueRequired":true,"valueName":"search_term_string"}}],"inLanguage":"fi"},{"@type":"Organization","@id":"https:\/\/reviva.fi\/fi\/#organization","name":"Reviva","url":"https:\/\/reviva.fi\/fi\/","logo":{"@type":"ImageObject","inLanguage":"fi","@id":"https:\/\/reviva.fi\/fi\/#\/schema\/logo\/image\/","url":"https:\/\/reviva.fi\/wp-content\/uploads\/2023\/10\/reviva-logo2.svg","contentUrl":"https:\/\/reviva.fi\/wp-content\/uploads\/2023\/10\/reviva-logo2.svg","caption":"Reviva"},"image":{"@id":"https:\/\/reviva.fi\/fi\/#\/schema\/logo\/image\/"}}]},"product_price_amount":"31.45","product_price_currency":"EUR","og_availability":"instock","product_availability":"instock","product_retailer_item_id":"420","product_condition":"new"},"taxonomy_info":{"product_cat":[{"value":5979,"label":"Ravintojauheet"},{"value":2505,"label":"Muut ravintolis\u00e4t"},{"value":5963,"label":"Synergos"},{"value":2371,"label":"Nivelet &amp; Lihakset"},{"value":2350,"label":"Iho &amp; Kauneus"},{"value":2375,"label":"Harjoittelu"}],"product_tag":[{"value":5752,"label":"\u00c5terfuktning"},{"value":3484,"label":"Anti-aging"},{"value":5753,"label":"elasticitet"},{"value":4772,"label":"Elinvoimaisuus"},{"value":5743,"label":"h\u00e5llbart"},{"value":5516,"label":"h\u00e5r"},{"value":3385,"label":"Hudh\u00e4lsa"},{"value":5754,"label":"leder"},{"value":4465,"label":"lihasten palautuminen"},{"value":4558,"label":"liikkuvuus"},{"value":4432,"label":"Luuston terveytt\u00e4"},{"value":5517,"label":"naglar"},{"value":5745,"label":"Naturligt tillskott"},{"value":5755,"label":"protein"},{"value":5756,"label":"regeneration"},{"value":4732,"label":"sidekudos"},{"value":5520,"label":"Sk\u00f6nhet"},{"value":5757,"label":"styrka"},{"value":5747,"label":"v\u00e4lm\u00e5ende"}]},"featured_image_src_large":["https:\/\/reviva.fi\/wp-content\/uploads\/2025\/03\/420-Collagen-180g-Photoroom-1024x682.png",1024,682,true],"author_info":[],"comment_info":0,"_links":{"self":[{"href":"https:\/\/reviva.fi\/fi\/wp-json\/wp\/v2\/product\/11538","targetHints":{"allow":["GET"]}}],"collection":[{"href":"https:\/\/reviva.fi\/fi\/wp-json\/wp\/v2\/product"}],"about":[{"href":"https:\/\/reviva.fi\/fi\/wp-json\/wp\/v2\/types\/product"}],"replies":[{"embeddable":true,"href":"https:\/\/reviva.fi\/fi\/wp-json\/wp\/v2\/comments?post=11538"}],"wp:featuredmedia":[{"embeddable":true,"href":"https:\/\/reviva.fi\/fi\/wp-json\/wp\/v2\/media\/13937"}],"wp:attachment":[{"href":"https:\/\/reviva.fi\/fi\/wp-json\/wp\/v2\/media?parent=11538"}],"wp:term":[{"taxonomy":"product_brand","embeddable":true,"href":"https:\/\/reviva.fi\/fi\/wp-json\/wp\/v2\/product_brand?post=11538"},{"taxonomy":"product_cat","embeddable":true,"href":"https:\/\/reviva.fi\/fi\/wp-json\/wp\/v2\/product_cat?post=11538"},{"taxonomy":"product_tag","embeddable":true,"href":"https:\/\/reviva.fi\/fi\/wp-json\/wp\/v2\/product_tag?post=11538"}],"curies":[{"name":"wp","href":"https:\/\/api.w.org\/{rel}","templated":true}]}}