{"id":11541,"date":"2025-03-10T15:20:25","date_gmt":"2025-03-10T13:20:25","guid":{"rendered":"https:\/\/reviva.fi\/product\/vitamin-c-plus-250g\/"},"modified":"2026-01-17T14:28:09","modified_gmt":"2026-01-17T12:28:09","slug":"vitamin-c-plus-250g","status":"publish","type":"product","link":"https:\/\/reviva.fi\/fi\/tuote\/vitamin-c-plus-250g\/","title":{"rendered":"C-Vitamiini Plus &#8211; 250g"},"content":{"rendered":"<p><strong>C-Vitamiini Plus &#8211; 250g<\/strong><\/p>\n<p data-start=\"0\" data-end=\"273\">C-Vitamiini on v\u00e4ltt\u00e4m\u00e4t\u00f6n vitamiini, jolla on useita t\u00e4rkeit\u00e4 teht\u00e4vi\u00e4 kehossa. Se tukee immuunij\u00e4rjestelm\u00e4n normaalia toimintaa, auttaa suojaamaan soluja oksidatiiviselta stressilt\u00e4 ja edist\u00e4\u00e4 normaalia kollageenin tuotantoa iholle, rustolle, luustolle ja verisuonille.<\/p>\n<p data-start=\"573\" data-end=\"867\" data-is-last-node=\"\" data-is-only-node=\"\">C-vitamiini ei vain vahvista immuunij\u00e4rjestelm\u00e4\u00e4, vaan voi my\u00f6s auttaa v\u00e4hent\u00e4m\u00e4\u00e4n v\u00e4symyst\u00e4 ja uupumusta sek\u00e4 parantaa raudan imeytymist\u00e4 ruokavaliosta. Se on my\u00f6s t\u00e4rke\u00e4 komponentti ihon ja sidekudoksen terveydelle, koska se tukee kollageenin tuotantoa ja suojaa ihoa ulkoisilta rasituksilta.<\/p>\n<ul>\n<li data-start=\"0\" data-end=\"332\">Tukee immuunij\u00e4rjestelm\u00e4n normaalia toimintaa.<\/li>\n<li data-start=\"0\" data-end=\"332\">Tehokas antioksidantti, joka suojaa soluja oksidatiiviselta stressilt\u00e4.<\/li>\n<li data-start=\"0\" data-end=\"332\">Edist\u00e4\u00e4 kollageenin tuotantoa terveelle iholle, nivelille ja verisuonille.<\/li>\n<li data-start=\"0\" data-end=\"332\">Voi v\u00e4hent\u00e4\u00e4 v\u00e4symyst\u00e4 ja parantaa raudan imeytymist\u00e4.<\/li>\n<li data-start=\"0\" data-end=\"332\">Jauhemuoto joustavaan annosteluun ja helppoon k\u00e4ytt\u00f6\u00f6n.<\/li>\n<\/ul>\n","protected":false},"excerpt":{"rendered":"<p><strong>C-Vitamiini Plus<\/strong> sis\u00e4lt\u00e4\u00e4 korkealaatuista C-vitamiinia jauheena, mik\u00e4 tekee siit\u00e4 helpon annostella ja sekoittaa mihin tahansa nesteeseen. Tuote on ihanteellinen niille, jotka haluavat tukea immuunij\u00e4rjestelm\u00e4\u00e4ns\u00e4, lis\u00e4t\u00e4 antioksidatiivista kapasiteettiaan ja edist\u00e4\u00e4 tervett\u00e4 aineenvaihduntaa.<\/p>\n<p data-start=\"334\" data-end=\"343\" data-is-last-node=\"\" data-is-only-node=\"\"><strong data-start=\"334\" data-end=\"343\" data-is-last-node=\"\">250 g<\/strong><\/p>\n","protected":false},"featured_media":13705,"comment_status":"closed","ping_status":"closed","template":"","meta":{"_acf_changed":false,"inline_featured_image":false,"_kad_blocks_custom_css":"","_kad_blocks_head_custom_js":"","_kad_blocks_body_custom_js":"","_kad_blocks_footer_custom_js":"","_kadence_starter_templates_imported_post":false,"_kad_post_transparent":"default","_kad_post_title":"","_kad_post_layout":"default","_kad_post_sidebar_id":"","_kad_post_content_style":"default","_kad_post_vertical_padding":"default","_kad_post_feature":"","_kad_post_feature_position":"","_kad_post_header":false,"_kad_post_footer":false},"product_brand":[],"product_cat":[96,526,5963,2357],"product_tag":[4422,3484,412,3464,5551,5749,4772,1627,1235,5743,3385,444,5758,4577,4432,5745,5747,4436],"class_list":{"0":"post-11541","1":"product","2":"type-product","3":"status-publish","4":"has-post-thumbnail","6":"product_cat-vitaminer-fi","7":"product_cat-c-vitamin-fi","8":"product_cat-synergos-fi","9":"product_cat-immunforsvar-fi","10":"product_tag-aineenvaihduntaa-fi","11":"product_tag-anti-aging-fi","12":"product_tag-antioksidantti","13":"product_tag-cellskydd-fi","14":"product_tag-cirkulation-fi","15":"product_tag-detox-fi","16":"product_tag-elinvoimaisuus","17":"product_tag-elpyminen","18":"product_tag-energia","19":"product_tag-hallbart-fi","20":"product_tag-hudhalsa-fi","21":"product_tag-immuunijarjestelma","22":"product_tag-jarnupptag-fi","23":"product_tag-kollageenin-tuotanto","24":"product_tag-luuston-terveytta","25":"product_tag-naturligt-tillskott-fi","26":"product_tag-valmaende-fi","27":"product_tag-vasymyksen-vahentaminen","29":"first","30":"instock","31":"taxable","32":"shipping-taxable","33":"purchasable","34":"product-type-simple","35":"entry","36":"content-bg","37":"loop-entry"},"acf":[],"yoast_head":"<!-- This site is optimized with the Yoast SEO plugin v25.8 - https:\/\/yoast.com\/wordpress\/plugins\/seo\/ -->\n<title>C-Vitamiini Plus - 250g - Reviva<\/title>\n<meta name=\"description\" content=\"C-Vitamiini Plus - 250g On tehokas ravintolis\u00e4, joka vahvistaa immuunij\u00e4rjestelm\u00e4\u00e4, torjuu vapaita radikaaleja ja lis\u00e4\u00e4 energiatasoja.\" \/>\n<meta name=\"robots\" content=\"index, follow, max-snippet:-1, max-image-preview:large, max-video-preview:-1\" \/>\n<link rel=\"canonical\" href=\"https:\/\/reviva.fi\/fi\/tuote\/vitamin-c-plus-250g\/\" \/>\n<meta property=\"og:locale\" content=\"fi_FI\" \/>\n<meta property=\"og:type\" content=\"article\" \/>\n<meta property=\"og:title\" content=\"C-Vitamiini Plus - 250g - Reviva\" \/>\n<meta property=\"og:description\" content=\"C-Vitamiini Plus - 250g On tehokas ravintolis\u00e4, joka vahvistaa immuunij\u00e4rjestelm\u00e4\u00e4, torjuu vapaita radikaaleja ja lis\u00e4\u00e4 energiatasoja.\" \/>\n<meta property=\"og:url\" content=\"https:\/\/reviva.fi\/fi\/tuote\/vitamin-c-plus-250g\/\" \/>\n<meta property=\"og:site_name\" content=\"Reviva\" \/>\n<meta property=\"article:modified_time\" content=\"2026-01-17T12:28:09+00:00\" \/>\n<meta property=\"og:image\" content=\"https:\/\/reviva.fi\/wp-content\/uploads\/2025\/03\/C-vitamin-plus-e1741612731484.png\" \/>\n\t<meta property=\"og:image:width\" content=\"1800\" \/>\n\t<meta property=\"og:image:height\" content=\"2400\" \/>\n\t<meta property=\"og:image:type\" content=\"image\/png\" \/>\n<meta name=\"twitter:card\" content=\"summary_large_image\" \/>\n<script type=\"application\/ld+json\" class=\"yoast-schema-graph\">{\"@context\":\"https:\/\/schema.org\",\"@graph\":[{\"@type\":\"WebPage\",\"@id\":\"https:\/\/reviva.fi\/fi\/tuote\/vitamin-c-plus-250g\/\",\"url\":\"https:\/\/reviva.fi\/fi\/tuote\/vitamin-c-plus-250g\/\",\"name\":\"C-Vitamiini Plus - 250g - Reviva\",\"isPartOf\":{\"@id\":\"https:\/\/reviva.fi\/fi\/#website\"},\"primaryImageOfPage\":{\"@id\":\"https:\/\/reviva.fi\/fi\/tuote\/vitamin-c-plus-250g\/#primaryimage\"},\"image\":{\"@id\":\"https:\/\/reviva.fi\/fi\/tuote\/vitamin-c-plus-250g\/#primaryimage\"},\"thumbnailUrl\":\"https:\/\/reviva.fi\/wp-content\/uploads\/2025\/03\/206-F-C-vitamin-Plus-Photoroom-e1769602122572.png\",\"datePublished\":\"2025-03-10T13:20:25+00:00\",\"dateModified\":\"2026-01-17T12:28:09+00:00\",\"description\":\"C-Vitamiini Plus - 250g On tehokas ravintolis\u00e4, joka vahvistaa immuunij\u00e4rjestelm\u00e4\u00e4, torjuu vapaita radikaaleja ja lis\u00e4\u00e4 energiatasoja.\",\"breadcrumb\":{\"@id\":\"https:\/\/reviva.fi\/fi\/tuote\/vitamin-c-plus-250g\/#breadcrumb\"},\"inLanguage\":\"fi\",\"potentialAction\":[{\"@type\":\"ReadAction\",\"target\":[\"https:\/\/reviva.fi\/fi\/tuote\/vitamin-c-plus-250g\/\"]}]},{\"@type\":\"ImageObject\",\"inLanguage\":\"fi\",\"@id\":\"https:\/\/reviva.fi\/fi\/tuote\/vitamin-c-plus-250g\/#primaryimage\",\"url\":\"https:\/\/reviva.fi\/wp-content\/uploads\/2025\/03\/206-F-C-vitamin-Plus-Photoroom-e1769602122572.png\",\"contentUrl\":\"https:\/\/reviva.fi\/wp-content\/uploads\/2025\/03\/206-F-C-vitamin-Plus-Photoroom-e1769602122572.png\",\"width\":2000,\"height\":1333,\"caption\":\"C-vitamin plus\"},{\"@type\":\"BreadcrumbList\",\"@id\":\"https:\/\/reviva.fi\/fi\/tuote\/vitamin-c-plus-250g\/#breadcrumb\",\"itemListElement\":[{\"@type\":\"ListItem\",\"position\":1,\"name\":\"Etusivu\",\"item\":\"https:\/\/reviva.fi\/fi\/\"},{\"@type\":\"ListItem\",\"position\":2,\"name\":\"Tuotteet\",\"item\":\"https:\/\/reviva.fi\/produkter\/\"},{\"@type\":\"ListItem\",\"position\":3,\"name\":\"C-Vitamiini Plus &#8211; 250g\"}]},{\"@type\":\"WebSite\",\"@id\":\"https:\/\/reviva.fi\/fi\/#website\",\"url\":\"https:\/\/reviva.fi\/fi\/\",\"name\":\"Reviva\",\"description\":\"\",\"publisher\":{\"@id\":\"https:\/\/reviva.fi\/fi\/#organization\"},\"potentialAction\":[{\"@type\":\"SearchAction\",\"target\":{\"@type\":\"EntryPoint\",\"urlTemplate\":\"https:\/\/reviva.fi\/fi\/?s={search_term_string}\"},\"query-input\":{\"@type\":\"PropertyValueSpecification\",\"valueRequired\":true,\"valueName\":\"search_term_string\"}}],\"inLanguage\":\"fi\"},{\"@type\":\"Organization\",\"@id\":\"https:\/\/reviva.fi\/fi\/#organization\",\"name\":\"Reviva\",\"url\":\"https:\/\/reviva.fi\/fi\/\",\"logo\":{\"@type\":\"ImageObject\",\"inLanguage\":\"fi\",\"@id\":\"https:\/\/reviva.fi\/fi\/#\/schema\/logo\/image\/\",\"url\":\"https:\/\/reviva.fi\/wp-content\/uploads\/2023\/10\/reviva-logo2.svg\",\"contentUrl\":\"https:\/\/reviva.fi\/wp-content\/uploads\/2023\/10\/reviva-logo2.svg\",\"caption\":\"Reviva\"},\"image\":{\"@id\":\"https:\/\/reviva.fi\/fi\/#\/schema\/logo\/image\/\"}}]}<\/script>\n<meta property=\"product:price:amount\" content=\"41.90\" \/>\n<meta property=\"product:price:currency\" content=\"EUR\" \/>\n<meta property=\"og:availability\" content=\"instock\" \/>\n<meta property=\"product:availability\" content=\"instock\" \/>\n<meta property=\"product:retailer_item_id\" content=\"206 F\" \/>\n<meta property=\"product:condition\" content=\"new\" \/>\n<!-- \/ Yoast SEO plugin. -->","yoast_head_json":{"title":"C-Vitamiini Plus - 250g - Reviva","description":"C-Vitamiini Plus - 250g On tehokas ravintolis\u00e4, joka vahvistaa immuunij\u00e4rjestelm\u00e4\u00e4, torjuu vapaita radikaaleja ja lis\u00e4\u00e4 energiatasoja.","robots":{"index":"index","follow":"follow","max-snippet":"max-snippet:-1","max-image-preview":"max-image-preview:large","max-video-preview":"max-video-preview:-1"},"canonical":"https:\/\/reviva.fi\/fi\/tuote\/vitamin-c-plus-250g\/","og_locale":"fi_FI","og_type":"article","og_title":"C-Vitamiini Plus - 250g - Reviva","og_description":"C-Vitamiini Plus - 250g On tehokas ravintolis\u00e4, joka vahvistaa immuunij\u00e4rjestelm\u00e4\u00e4, torjuu vapaita radikaaleja ja lis\u00e4\u00e4 energiatasoja.","og_url":"https:\/\/reviva.fi\/fi\/tuote\/vitamin-c-plus-250g\/","og_site_name":"Reviva","article_modified_time":"2026-01-17T12:28:09+00:00","og_image":[{"width":1800,"height":2400,"url":"https:\/\/reviva.fi\/wp-content\/uploads\/2025\/03\/C-vitamin-plus-e1741612731484.png","type":"image\/png"}],"twitter_card":"summary_large_image","schema":{"@context":"https:\/\/schema.org","@graph":[{"@type":"WebPage","@id":"https:\/\/reviva.fi\/fi\/tuote\/vitamin-c-plus-250g\/","url":"https:\/\/reviva.fi\/fi\/tuote\/vitamin-c-plus-250g\/","name":"C-Vitamiini Plus - 250g - Reviva","isPartOf":{"@id":"https:\/\/reviva.fi\/fi\/#website"},"primaryImageOfPage":{"@id":"https:\/\/reviva.fi\/fi\/tuote\/vitamin-c-plus-250g\/#primaryimage"},"image":{"@id":"https:\/\/reviva.fi\/fi\/tuote\/vitamin-c-plus-250g\/#primaryimage"},"thumbnailUrl":"https:\/\/reviva.fi\/wp-content\/uploads\/2025\/03\/206-F-C-vitamin-Plus-Photoroom-e1769602122572.png","datePublished":"2025-03-10T13:20:25+00:00","dateModified":"2026-01-17T12:28:09+00:00","description":"C-Vitamiini Plus - 250g On tehokas ravintolis\u00e4, joka vahvistaa immuunij\u00e4rjestelm\u00e4\u00e4, torjuu vapaita radikaaleja ja lis\u00e4\u00e4 energiatasoja.","breadcrumb":{"@id":"https:\/\/reviva.fi\/fi\/tuote\/vitamin-c-plus-250g\/#breadcrumb"},"inLanguage":"fi","potentialAction":[{"@type":"ReadAction","target":["https:\/\/reviva.fi\/fi\/tuote\/vitamin-c-plus-250g\/"]}]},{"@type":"ImageObject","inLanguage":"fi","@id":"https:\/\/reviva.fi\/fi\/tuote\/vitamin-c-plus-250g\/#primaryimage","url":"https:\/\/reviva.fi\/wp-content\/uploads\/2025\/03\/206-F-C-vitamin-Plus-Photoroom-e1769602122572.png","contentUrl":"https:\/\/reviva.fi\/wp-content\/uploads\/2025\/03\/206-F-C-vitamin-Plus-Photoroom-e1769602122572.png","width":2000,"height":1333,"caption":"C-vitamin plus"},{"@type":"BreadcrumbList","@id":"https:\/\/reviva.fi\/fi\/tuote\/vitamin-c-plus-250g\/#breadcrumb","itemListElement":[{"@type":"ListItem","position":1,"name":"Etusivu","item":"https:\/\/reviva.fi\/fi\/"},{"@type":"ListItem","position":2,"name":"Tuotteet","item":"https:\/\/reviva.fi\/produkter\/"},{"@type":"ListItem","position":3,"name":"C-Vitamiini Plus &#8211; 250g"}]},{"@type":"WebSite","@id":"https:\/\/reviva.fi\/fi\/#website","url":"https:\/\/reviva.fi\/fi\/","name":"Reviva","description":"","publisher":{"@id":"https:\/\/reviva.fi\/fi\/#organization"},"potentialAction":[{"@type":"SearchAction","target":{"@type":"EntryPoint","urlTemplate":"https:\/\/reviva.fi\/fi\/?s={search_term_string}"},"query-input":{"@type":"PropertyValueSpecification","valueRequired":true,"valueName":"search_term_string"}}],"inLanguage":"fi"},{"@type":"Organization","@id":"https:\/\/reviva.fi\/fi\/#organization","name":"Reviva","url":"https:\/\/reviva.fi\/fi\/","logo":{"@type":"ImageObject","inLanguage":"fi","@id":"https:\/\/reviva.fi\/fi\/#\/schema\/logo\/image\/","url":"https:\/\/reviva.fi\/wp-content\/uploads\/2023\/10\/reviva-logo2.svg","contentUrl":"https:\/\/reviva.fi\/wp-content\/uploads\/2023\/10\/reviva-logo2.svg","caption":"Reviva"},"image":{"@id":"https:\/\/reviva.fi\/fi\/#\/schema\/logo\/image\/"}}]},"product_price_amount":"41.90","product_price_currency":"EUR","og_availability":"instock","product_availability":"instock","product_retailer_item_id":"206 F","product_condition":"new"},"taxonomy_info":{"product_cat":[{"value":96,"label":"Vitamiinit"},{"value":526,"label":"C-vitamiini"},{"value":5963,"label":"Synergos"},{"value":2357,"label":"Immuunipuolustus"}],"product_tag":[{"value":4422,"label":"aineenvaihduntaa"},{"value":3484,"label":"Anti-aging"},{"value":412,"label":"antioksidantti"},{"value":3464,"label":"Cellskydd"},{"value":5551,"label":"Cirkulation"},{"value":5749,"label":"detox"},{"value":4772,"label":"Elinvoimaisuus"},{"value":1627,"label":"elpyminen"},{"value":1235,"label":"energia"},{"value":5743,"label":"h\u00e5llbart"},{"value":3385,"label":"Hudh\u00e4lsa"},{"value":444,"label":"immuunij\u00e4rjestelm\u00e4"},{"value":5758,"label":"j\u00e4rnupptag"},{"value":4577,"label":"Kollageenin tuotanto"},{"value":4432,"label":"Luuston terveytt\u00e4"},{"value":5745,"label":"Naturligt tillskott"},{"value":5747,"label":"v\u00e4lm\u00e5ende"},{"value":4436,"label":"v\u00e4symyksen v\u00e4hent\u00e4minen"}]},"featured_image_src_large":["https:\/\/reviva.fi\/wp-content\/uploads\/2025\/03\/206-F-C-vitamin-Plus-Photoroom-1024x682.png",1024,682,true],"author_info":[],"comment_info":0,"_links":{"self":[{"href":"https:\/\/reviva.fi\/fi\/wp-json\/wp\/v2\/product\/11541","targetHints":{"allow":["GET"]}}],"collection":[{"href":"https:\/\/reviva.fi\/fi\/wp-json\/wp\/v2\/product"}],"about":[{"href":"https:\/\/reviva.fi\/fi\/wp-json\/wp\/v2\/types\/product"}],"replies":[{"embeddable":true,"href":"https:\/\/reviva.fi\/fi\/wp-json\/wp\/v2\/comments?post=11541"}],"wp:featuredmedia":[{"embeddable":true,"href":"https:\/\/reviva.fi\/fi\/wp-json\/wp\/v2\/media\/13705"}],"wp:attachment":[{"href":"https:\/\/reviva.fi\/fi\/wp-json\/wp\/v2\/media?parent=11541"}],"wp:term":[{"taxonomy":"product_brand","embeddable":true,"href":"https:\/\/reviva.fi\/fi\/wp-json\/wp\/v2\/product_brand?post=11541"},{"taxonomy":"product_cat","embeddable":true,"href":"https:\/\/reviva.fi\/fi\/wp-json\/wp\/v2\/product_cat?post=11541"},{"taxonomy":"product_tag","embeddable":true,"href":"https:\/\/reviva.fi\/fi\/wp-json\/wp\/v2\/product_tag?post=11541"}],"curies":[{"name":"wp","href":"https:\/\/api.w.org\/{rel}","templated":true}]}}