{"id":11544,"date":"2025-03-10T15:31:24","date_gmt":"2025-03-10T13:31:24","guid":{"rendered":"https:\/\/reviva.fi\/product\/dao-enzym\/"},"modified":"2026-04-10T11:25:26","modified_gmt":"2026-04-10T08:25:26","slug":"dao-enzym","status":"publish","type":"product","link":"https:\/\/reviva.fi\/fi\/tuote\/dao-enzym\/","title":{"rendered":"DAO entsyymi"},"content":{"rendered":"<p><strong>DAO entsyymi<\/strong><\/p>\n<p data-start=\"0\" data-end=\"399\">DAO (Diaminoksidaasi) on entsyymi, joka n\u00e4yttelee t\u00e4rke\u00e4\u00e4 roolia histamiinin hajottamisessa kehossa. Histamiinia esiintyy luonnollisesti monissa elintarvikkeissa ja sit\u00e4 tuottaa my\u00f6s keho, mutta joillakin henkil\u00f6ill\u00e4 on heikentynyt kyky hajottaa sit\u00e4, mik\u00e4 voi johtaa histamiini-intoleranssiin. T\u00e4m\u00e4 voi aiheuttaa oireita, kuten ruoansulatush\u00e4iri\u00f6it\u00e4, p\u00e4\u00e4ns\u00e4rky\u00e4, iho-oireita ja tukkoista nen\u00e4\u00e4.<\/p>\n<p data-start=\"401\" data-end=\"786\" data-is-last-node=\"\" data-is-only-node=\"\"><strong data-start=\"401\" data-end=\"414\">DAO Enzym<\/strong> on ravintolis\u00e4, joka sis\u00e4lt\u00e4\u00e4 korkealaatuista diaminoksidaasia, joka on uutettu luonnollisista l\u00e4hteist\u00e4. Se on erityisesti suunniteltu tukemaan histamiinin aineenvaihduntaa ja v\u00e4hent\u00e4m\u00e4\u00e4n histamiini-intoleranssiin liittyvi\u00e4 vaivoja. Ottaessasi DAO:t ennen aterioita, entsyymi voi auttaa hajottamaan ruokavaliosta per\u00e4isin olevaa histamiinia ennen sen imeytymist\u00e4 kehoon.<\/p>\n","protected":false},"excerpt":{"rendered":"<ul>\n<li data-start=\"0\" data-end=\"419\">Tukee histamiinin aineenvaihduntaa \u2013 auttaa kehoa hajottamaan histamiinia ruoasta.<\/li>\n<li data-start=\"0\" data-end=\"419\">Voi v\u00e4hent\u00e4\u00e4 histamiini-intoleranssiin liittyvi\u00e4 oireita \u2013 kuten ruoansulatusongelmia, ihottumaa ja p\u00e4\u00e4ns\u00e4rky\u00e4.<\/li>\n<li data-start=\"0\" data-end=\"419\">Luonnollinen ja tehokas kaava \u2013 sis\u00e4lt\u00e4\u00e4 biologisesti aktiivista DAO-entsyymi\u00e4 optimaalista vaikutusta varten.<\/li>\n<li data-start=\"0\" data-end=\"419\">Helppo k\u00e4ytt\u00e4\u00e4 \u2013 otetaan ennen aterioita tukemaan histamiinin aineenvaihduntaa suolistossa.<\/li>\n<\/ul>\n<p data-start=\"421\" data-end=\"436\" data-is-last-node=\"\" data-is-only-node=\"\"><strong data-start=\"421\" data-end=\"436\" data-is-last-node=\"\">60 kapselia (hitaasti hajoava kapseli)<\/strong><\/p>\n","protected":false},"featured_media":12833,"comment_status":"closed","ping_status":"closed","template":"","meta":{"_acf_changed":false,"inline_featured_image":false,"_kad_blocks_custom_css":"","_kad_blocks_head_custom_js":"","_kad_blocks_body_custom_js":"","_kad_blocks_footer_custom_js":"","_kadence_starter_templates_imported_post":false,"_kad_post_transparent":"default","_kad_post_title":"","_kad_post_layout":"default","_kad_post_sidebar_id":"","_kad_post_content_style":"default","_kad_post_vertical_padding":"default","_kad_post_feature":"","_kad_post_feature_position":"","_kad_post_header":false,"_kad_post_footer":false},"product_brand":[],"product_cat":[5977,5963,2387,2357],"product_tag":[4422,1119,5759,5743,5760,5750,5761,5762,5763,5745,3093,4450,2983,1334,4413,5747],"class_list":{"0":"post-11544","1":"product","2":"type-product","3":"status-publish","4":"has-post-thumbnail","6":"product_cat-matsmaltningsenzymer-fi","7":"product_cat-synergos-fi","8":"product_cat-mage-och-tarm-fi","9":"product_cat-immunforsvar-fi","10":"product_tag-aineenvaihduntaa-fi","11":"product_tag-allergiat","12":"product_tag-enzymstod-fi","13":"product_tag-hallbart-fi","14":"product_tag-histaminintolerans-fi","15":"product_tag-immunsystem-fi","16":"product_tag-kanslig-mage-fi","17":"product_tag-magkomfort-fi","18":"product_tag-naringsupptag-fi","19":"product_tag-naturligt-tillskott-fi","20":"product_tag-ruoansulatus","21":"product_tag-suoliston-terveytta","22":"product_tag-tasapaino","23":"product_tag-tulehdus","24":"product_tag-turvotus-fi-3","25":"product_tag-valmaende-fi","27":"first","28":"instock","29":"taxable","30":"shipping-taxable","31":"purchasable","32":"product-type-simple","33":"entry","34":"content-bg","35":"loop-entry"},"acf":[],"yoast_head":"<!-- This site is optimized with the Yoast SEO plugin v25.8 - https:\/\/yoast.com\/wordpress\/plugins\/seo\/ -->\n<title>DAO entsyymi - Reviva<\/title>\n<meta name=\"description\" content=\"DAO entsyymi Auttaa k\u00e4sittelem\u00e4\u00e4n ja hajottamaan histamiinia kehossa ja voi lievitt\u00e4\u00e4 oireita histamiini-intoleranssissa.\" \/>\n<meta name=\"robots\" content=\"index, follow, max-snippet:-1, max-image-preview:large, max-video-preview:-1\" \/>\n<link rel=\"canonical\" href=\"https:\/\/reviva.fi\/fi\/tuote\/dao-enzym\/\" \/>\n<meta property=\"og:locale\" content=\"fi_FI\" \/>\n<meta property=\"og:type\" content=\"article\" \/>\n<meta property=\"og:title\" content=\"DAO entsyymi - Reviva\" \/>\n<meta property=\"og:description\" content=\"DAO entsyymi Auttaa k\u00e4sittelem\u00e4\u00e4n ja hajottamaan histamiinia kehossa ja voi lievitt\u00e4\u00e4 oireita histamiini-intoleranssissa.\" \/>\n<meta property=\"og:url\" content=\"https:\/\/reviva.fi\/fi\/tuote\/dao-enzym\/\" \/>\n<meta property=\"og:site_name\" content=\"Reviva\" \/>\n<meta property=\"article:modified_time\" content=\"2026-04-10T08:25:26+00:00\" \/>\n<meta property=\"og:image\" content=\"https:\/\/reviva.fi\/wp-content\/uploads\/2025\/03\/Dao-enzym-Photoroom-scaled-e1758778640388.png\" \/>\n\t<meta property=\"og:image:width\" content=\"1920\" \/>\n\t<meta property=\"og:image:height\" content=\"2560\" \/>\n\t<meta property=\"og:image:type\" content=\"image\/png\" \/>\n<meta name=\"twitter:card\" content=\"summary_large_image\" \/>\n<script type=\"application\/ld+json\" class=\"yoast-schema-graph\">{\"@context\":\"https:\/\/schema.org\",\"@graph\":[{\"@type\":\"WebPage\",\"@id\":\"https:\/\/reviva.fi\/fi\/tuote\/dao-enzym\/\",\"url\":\"https:\/\/reviva.fi\/fi\/tuote\/dao-enzym\/\",\"name\":\"DAO entsyymi - Reviva\",\"isPartOf\":{\"@id\":\"https:\/\/reviva.fi\/fi\/#website\"},\"primaryImageOfPage\":{\"@id\":\"https:\/\/reviva.fi\/fi\/tuote\/dao-enzym\/#primaryimage\"},\"image\":{\"@id\":\"https:\/\/reviva.fi\/fi\/tuote\/dao-enzym\/#primaryimage\"},\"thumbnailUrl\":\"https:\/\/reviva.fi\/wp-content\/uploads\/2025\/03\/Dao-enzym-Photoroom-scaled-e1758778640388.png\",\"datePublished\":\"2025-03-10T13:31:24+00:00\",\"dateModified\":\"2026-04-10T08:25:26+00:00\",\"description\":\"DAO entsyymi Auttaa k\u00e4sittelem\u00e4\u00e4n ja hajottamaan histamiinia kehossa ja voi lievitt\u00e4\u00e4 oireita histamiini-intoleranssissa.\",\"breadcrumb\":{\"@id\":\"https:\/\/reviva.fi\/fi\/tuote\/dao-enzym\/#breadcrumb\"},\"inLanguage\":\"fi\",\"potentialAction\":[{\"@type\":\"ReadAction\",\"target\":[\"https:\/\/reviva.fi\/fi\/tuote\/dao-enzym\/\"]}]},{\"@type\":\"ImageObject\",\"inLanguage\":\"fi\",\"@id\":\"https:\/\/reviva.fi\/fi\/tuote\/dao-enzym\/#primaryimage\",\"url\":\"https:\/\/reviva.fi\/wp-content\/uploads\/2025\/03\/Dao-enzym-Photoroom-scaled-e1758778640388.png\",\"contentUrl\":\"https:\/\/reviva.fi\/wp-content\/uploads\/2025\/03\/Dao-enzym-Photoroom-scaled-e1758778640388.png\",\"width\":1920,\"height\":2560,\"caption\":\"DAO enzym\"},{\"@type\":\"BreadcrumbList\",\"@id\":\"https:\/\/reviva.fi\/fi\/tuote\/dao-enzym\/#breadcrumb\",\"itemListElement\":[{\"@type\":\"ListItem\",\"position\":1,\"name\":\"Etusivu\",\"item\":\"https:\/\/reviva.fi\/fi\/\"},{\"@type\":\"ListItem\",\"position\":2,\"name\":\"Tuotteet\",\"item\":\"https:\/\/reviva.fi\/produkter\/\"},{\"@type\":\"ListItem\",\"position\":3,\"name\":\"DAO entsyymi\"}]},{\"@type\":\"WebSite\",\"@id\":\"https:\/\/reviva.fi\/fi\/#website\",\"url\":\"https:\/\/reviva.fi\/fi\/\",\"name\":\"Reviva\",\"description\":\"\",\"publisher\":{\"@id\":\"https:\/\/reviva.fi\/fi\/#organization\"},\"potentialAction\":[{\"@type\":\"SearchAction\",\"target\":{\"@type\":\"EntryPoint\",\"urlTemplate\":\"https:\/\/reviva.fi\/fi\/?s={search_term_string}\"},\"query-input\":{\"@type\":\"PropertyValueSpecification\",\"valueRequired\":true,\"valueName\":\"search_term_string\"}}],\"inLanguage\":\"fi\"},{\"@type\":\"Organization\",\"@id\":\"https:\/\/reviva.fi\/fi\/#organization\",\"name\":\"Reviva\",\"url\":\"https:\/\/reviva.fi\/fi\/\",\"logo\":{\"@type\":\"ImageObject\",\"inLanguage\":\"fi\",\"@id\":\"https:\/\/reviva.fi\/fi\/#\/schema\/logo\/image\/\",\"url\":\"https:\/\/reviva.fi\/wp-content\/uploads\/2023\/10\/reviva-logo2.svg\",\"contentUrl\":\"https:\/\/reviva.fi\/wp-content\/uploads\/2023\/10\/reviva-logo2.svg\",\"caption\":\"Reviva\"},\"image\":{\"@id\":\"https:\/\/reviva.fi\/fi\/#\/schema\/logo\/image\/\"}}]}<\/script>\n<meta property=\"product:price:amount\" content=\"36.75\" \/>\n<meta property=\"product:price:currency\" content=\"EUR\" \/>\n<meta property=\"og:availability\" content=\"instock\" \/>\n<meta property=\"product:availability\" content=\"instock\" \/>\n<meta property=\"product:retailer_item_id\" content=\"143\" \/>\n<meta property=\"product:condition\" content=\"new\" \/>\n<!-- \/ Yoast SEO plugin. -->","yoast_head_json":{"title":"DAO entsyymi - Reviva","description":"DAO entsyymi Auttaa k\u00e4sittelem\u00e4\u00e4n ja hajottamaan histamiinia kehossa ja voi lievitt\u00e4\u00e4 oireita histamiini-intoleranssissa.","robots":{"index":"index","follow":"follow","max-snippet":"max-snippet:-1","max-image-preview":"max-image-preview:large","max-video-preview":"max-video-preview:-1"},"canonical":"https:\/\/reviva.fi\/fi\/tuote\/dao-enzym\/","og_locale":"fi_FI","og_type":"article","og_title":"DAO entsyymi - Reviva","og_description":"DAO entsyymi Auttaa k\u00e4sittelem\u00e4\u00e4n ja hajottamaan histamiinia kehossa ja voi lievitt\u00e4\u00e4 oireita histamiini-intoleranssissa.","og_url":"https:\/\/reviva.fi\/fi\/tuote\/dao-enzym\/","og_site_name":"Reviva","article_modified_time":"2026-04-10T08:25:26+00:00","og_image":[{"width":1920,"height":2560,"url":"https:\/\/reviva.fi\/wp-content\/uploads\/2025\/03\/Dao-enzym-Photoroom-scaled-e1758778640388.png","type":"image\/png"}],"twitter_card":"summary_large_image","schema":{"@context":"https:\/\/schema.org","@graph":[{"@type":"WebPage","@id":"https:\/\/reviva.fi\/fi\/tuote\/dao-enzym\/","url":"https:\/\/reviva.fi\/fi\/tuote\/dao-enzym\/","name":"DAO entsyymi - Reviva","isPartOf":{"@id":"https:\/\/reviva.fi\/fi\/#website"},"primaryImageOfPage":{"@id":"https:\/\/reviva.fi\/fi\/tuote\/dao-enzym\/#primaryimage"},"image":{"@id":"https:\/\/reviva.fi\/fi\/tuote\/dao-enzym\/#primaryimage"},"thumbnailUrl":"https:\/\/reviva.fi\/wp-content\/uploads\/2025\/03\/Dao-enzym-Photoroom-scaled-e1758778640388.png","datePublished":"2025-03-10T13:31:24+00:00","dateModified":"2026-04-10T08:25:26+00:00","description":"DAO entsyymi Auttaa k\u00e4sittelem\u00e4\u00e4n ja hajottamaan histamiinia kehossa ja voi lievitt\u00e4\u00e4 oireita histamiini-intoleranssissa.","breadcrumb":{"@id":"https:\/\/reviva.fi\/fi\/tuote\/dao-enzym\/#breadcrumb"},"inLanguage":"fi","potentialAction":[{"@type":"ReadAction","target":["https:\/\/reviva.fi\/fi\/tuote\/dao-enzym\/"]}]},{"@type":"ImageObject","inLanguage":"fi","@id":"https:\/\/reviva.fi\/fi\/tuote\/dao-enzym\/#primaryimage","url":"https:\/\/reviva.fi\/wp-content\/uploads\/2025\/03\/Dao-enzym-Photoroom-scaled-e1758778640388.png","contentUrl":"https:\/\/reviva.fi\/wp-content\/uploads\/2025\/03\/Dao-enzym-Photoroom-scaled-e1758778640388.png","width":1920,"height":2560,"caption":"DAO enzym"},{"@type":"BreadcrumbList","@id":"https:\/\/reviva.fi\/fi\/tuote\/dao-enzym\/#breadcrumb","itemListElement":[{"@type":"ListItem","position":1,"name":"Etusivu","item":"https:\/\/reviva.fi\/fi\/"},{"@type":"ListItem","position":2,"name":"Tuotteet","item":"https:\/\/reviva.fi\/produkter\/"},{"@type":"ListItem","position":3,"name":"DAO entsyymi"}]},{"@type":"WebSite","@id":"https:\/\/reviva.fi\/fi\/#website","url":"https:\/\/reviva.fi\/fi\/","name":"Reviva","description":"","publisher":{"@id":"https:\/\/reviva.fi\/fi\/#organization"},"potentialAction":[{"@type":"SearchAction","target":{"@type":"EntryPoint","urlTemplate":"https:\/\/reviva.fi\/fi\/?s={search_term_string}"},"query-input":{"@type":"PropertyValueSpecification","valueRequired":true,"valueName":"search_term_string"}}],"inLanguage":"fi"},{"@type":"Organization","@id":"https:\/\/reviva.fi\/fi\/#organization","name":"Reviva","url":"https:\/\/reviva.fi\/fi\/","logo":{"@type":"ImageObject","inLanguage":"fi","@id":"https:\/\/reviva.fi\/fi\/#\/schema\/logo\/image\/","url":"https:\/\/reviva.fi\/wp-content\/uploads\/2023\/10\/reviva-logo2.svg","contentUrl":"https:\/\/reviva.fi\/wp-content\/uploads\/2023\/10\/reviva-logo2.svg","caption":"Reviva"},"image":{"@id":"https:\/\/reviva.fi\/fi\/#\/schema\/logo\/image\/"}}]},"product_price_amount":"36.75","product_price_currency":"EUR","og_availability":"instock","product_availability":"instock","product_retailer_item_id":"143","product_condition":"new"},"taxonomy_info":{"product_cat":[{"value":5977,"label":"Ruoansulatusentsyymit"},{"value":5963,"label":"Synergos"},{"value":2387,"label":"Maha &amp; Suolisto"},{"value":2357,"label":"Immuunipuolustus"}],"product_tag":[{"value":4422,"label":"aineenvaihduntaa"},{"value":1119,"label":"allergiat"},{"value":5759,"label":"enzymst\u00f6d"},{"value":5743,"label":"h\u00e5llbart"},{"value":5760,"label":"histaminintolerans"},{"value":5750,"label":"Immunsystem"},{"value":5761,"label":"k\u00e4nslig mage."},{"value":5762,"label":"magkomfort"},{"value":5763,"label":"n\u00e4ringsupptag"},{"value":5745,"label":"Naturligt tillskott"},{"value":3093,"label":"ruoansulatus"},{"value":4450,"label":"suoliston terveytt\u00e4"},{"value":2983,"label":"Tasapaino"},{"value":1334,"label":"tulehdus"},{"value":4413,"label":"turvotus"},{"value":5747,"label":"v\u00e4lm\u00e5ende"}]},"featured_image_src_large":["https:\/\/reviva.fi\/wp-content\/uploads\/2025\/03\/Dao-enzym-Photoroom-768x1024.png",768,1024,true],"author_info":[],"comment_info":0,"_links":{"self":[{"href":"https:\/\/reviva.fi\/fi\/wp-json\/wp\/v2\/product\/11544","targetHints":{"allow":["GET"]}}],"collection":[{"href":"https:\/\/reviva.fi\/fi\/wp-json\/wp\/v2\/product"}],"about":[{"href":"https:\/\/reviva.fi\/fi\/wp-json\/wp\/v2\/types\/product"}],"replies":[{"embeddable":true,"href":"https:\/\/reviva.fi\/fi\/wp-json\/wp\/v2\/comments?post=11544"}],"wp:featuredmedia":[{"embeddable":true,"href":"https:\/\/reviva.fi\/fi\/wp-json\/wp\/v2\/media\/12833"}],"wp:attachment":[{"href":"https:\/\/reviva.fi\/fi\/wp-json\/wp\/v2\/media?parent=11544"}],"wp:term":[{"taxonomy":"product_brand","embeddable":true,"href":"https:\/\/reviva.fi\/fi\/wp-json\/wp\/v2\/product_brand?post=11544"},{"taxonomy":"product_cat","embeddable":true,"href":"https:\/\/reviva.fi\/fi\/wp-json\/wp\/v2\/product_cat?post=11544"},{"taxonomy":"product_tag","embeddable":true,"href":"https:\/\/reviva.fi\/fi\/wp-json\/wp\/v2\/product_tag?post=11544"}],"curies":[{"name":"wp","href":"https:\/\/api.w.org\/{rel}","templated":true}]}}