{"id":11547,"date":"2025-03-10T15:37:36","date_gmt":"2025-03-10T13:37:36","guid":{"rendered":"https:\/\/reviva.fi\/product\/dao-enzym-plus\/"},"modified":"2026-01-15T19:08:51","modified_gmt":"2026-01-15T17:08:51","slug":"dao-enzym-plus","status":"publish","type":"product","link":"https:\/\/reviva.fi\/fi\/tuote\/dao-enzym-plus\/","title":{"rendered":"DAO entsyymi PLUS"},"content":{"rendered":"<p data-start=\"39\" data-end=\"59\"><strong data-start=\"39\" data-end=\"57\">DAO Enzym PLUS<\/strong><\/p>\n<p data-start=\"61\" data-end=\"539\">DAO Enzym PLUS on edistynyt ravintolis\u00e4, joka sis\u00e4lt\u00e4\u00e4 korkeamman annoksen diamiinioksidaasia (DAO) ja tarjoaa n\u00e4in entist\u00e4 vahvemman tuen histamiini-intoleranssiin. Histamiini on luonnollinen yhdiste, jota esiintyy monissa elintarvikkeissa ja jota elimist\u00f6 tuottaa itse. Joillakin henkil\u00f6ill\u00e4 histamiinin hajoaminen on heikentynyt DAO-entsyymin puutteen vuoksi. T\u00e4m\u00e4 voi aiheuttaa oireita, kuten ruoansulatusvaivoja, iho-oireita, p\u00e4\u00e4ns\u00e4rky\u00e4 ja allergian kaltaisia reaktioita.<\/p>\n<p data-start=\"541\" data-end=\"666\">DAO Enzym PLUS sis\u00e4lt\u00e4\u00e4 tavallista suuremman m\u00e4\u00e4r\u00e4n DAO-entsyymi\u00e4 ja voi auttaa v\u00e4hent\u00e4m\u00e4\u00e4n histamiiniin liittyvi\u00e4 oireita.<\/p>\n<p data-start=\"668\" data-end=\"767\"><strong data-start=\"668\" data-end=\"696\">Diamiinioksidaasi (DAO):<\/strong> keskeinen entsyymi, joka hajottaa histamiinia ruoansulatuskanavassa.<\/p>\n<p data-start=\"769\" data-end=\"950\">Kun otat DAO Enzym PLUS -valmistetta aterioiden yhteydess\u00e4, saat elimist\u00f6\u00f6si lis\u00e4annoksen DAO-entsyymi\u00e4, mik\u00e4 voi auttaa hajottamaan histamiinia ennen sen imeytymist\u00e4 suolistossa.<\/p>\n","protected":false},"excerpt":{"rendered":"<p data-start=\"0\" data-end=\"409\">\u2714\ufe0f Tukee histamiinin tehokasta hajotusta ruoasta.<br data-start=\"49\" data-end=\"52\" \/>\u2714\ufe0f Voi auttaa oireissa kuten p\u00e4\u00e4ns\u00e4rky, ruoansulatusongelmat, tukkoisuus ja iho-oireet.<br data-start=\"217\" data-end=\"220\" \/>\u2714\ufe0f Sopii henkil\u00f6ille, joilla on histamiini-intoleranssia ja herkkyytt\u00e4 histamiinirikkaille ruuille.<br data-start=\"319\" data-end=\"322\" \/>\u2714\ufe0f K\u00e4tev\u00e4t kapselit, jotka otetaan ennen ateriaa parhaan vaikutuksen saavuttamiseksi.<\/p>\n<p data-start=\"411\" data-end=\"422\" data-is-last-node=\"\" data-is-only-node=\"\"><strong>60 kapselia<\/strong><\/p>\n","protected":false},"featured_media":12831,"comment_status":"closed","ping_status":"closed","template":"","meta":{"_acf_changed":false,"inline_featured_image":false,"_kad_blocks_custom_css":"","_kad_blocks_head_custom_js":"","_kad_blocks_body_custom_js":"","_kad_blocks_footer_custom_js":"","_kadence_starter_templates_imported_post":false,"_kad_post_transparent":"default","_kad_post_title":"","_kad_post_layout":"default","_kad_post_sidebar_id":"","_kad_post_content_style":"default","_kad_post_vertical_padding":"default","_kad_post_feature":"","_kad_post_feature_position":"","_kad_post_header":false,"_kad_post_footer":false},"product_brand":[],"product_cat":[5977,5963,2387,2357],"product_tag":[4422,5764,5749,1235,5759,5743,5760,5750,5761,5762,5763,5745,3093,4450,2983,1334,4413,5747],"class_list":{"0":"post-11547","1":"product","2":"type-product","3":"status-publish","4":"has-post-thumbnail","6":"product_cat-matsmaltningsenzymer-fi","7":"product_cat-synergos-fi","8":"product_cat-mage-och-tarm-fi","9":"product_cat-immunforsvar-fi","10":"product_tag-aineenvaihduntaa-fi","11":"product_tag-allergivanligt-fi","12":"product_tag-detox-fi","13":"product_tag-energia","14":"product_tag-enzymstod-fi","15":"product_tag-hallbart-fi","16":"product_tag-histaminintolerans-fi","17":"product_tag-immunsystem-fi","18":"product_tag-kanslig-mage-fi","19":"product_tag-magkomfort-fi","20":"product_tag-naringsupptag-fi","21":"product_tag-naturligt-tillskott-fi","22":"product_tag-ruoansulatus","23":"product_tag-suoliston-terveytta","24":"product_tag-tasapaino","25":"product_tag-tulehdus","26":"product_tag-turvotus-fi-3","27":"product_tag-valmaende-fi","29":"first","30":"instock","31":"taxable","32":"shipping-taxable","33":"purchasable","34":"product-type-simple","35":"entry","36":"content-bg","37":"loop-entry"},"acf":[],"yoast_head":"<!-- This site is optimized with the Yoast SEO plugin v25.8 - https:\/\/yoast.com\/wordpress\/plugins\/seo\/ -->\n<title>DAO entsyymi PLUS - Reviva<\/title>\n<meta name=\"description\" content=\"DAO entsyymi PLUS auttaa hajottamaan histamiinia kehossa ja voi lievitt\u00e4\u00e4 histamiini-intoleranssin oireita ja siten v\u00e4hent\u00e4\u00e4 sen haitallisia vaikutuksia.\" \/>\n<meta name=\"robots\" content=\"index, follow, max-snippet:-1, max-image-preview:large, max-video-preview:-1\" \/>\n<link rel=\"canonical\" href=\"https:\/\/reviva.fi\/fi\/tuote\/dao-enzym-plus\/\" \/>\n<meta property=\"og:locale\" content=\"fi_FI\" \/>\n<meta property=\"og:type\" content=\"article\" \/>\n<meta property=\"og:title\" content=\"DAO entsyymi PLUS - Reviva\" \/>\n<meta property=\"og:description\" content=\"DAO entsyymi PLUS auttaa hajottamaan histamiinia kehossa ja voi lievitt\u00e4\u00e4 histamiini-intoleranssin oireita ja siten v\u00e4hent\u00e4\u00e4 sen haitallisia vaikutuksia.\" \/>\n<meta property=\"og:url\" content=\"https:\/\/reviva.fi\/fi\/tuote\/dao-enzym-plus\/\" \/>\n<meta property=\"og:site_name\" content=\"Reviva\" \/>\n<meta property=\"article:modified_time\" content=\"2026-01-15T17:08:51+00:00\" \/>\n<meta property=\"og:image\" content=\"https:\/\/reviva.fi\/wp-content\/uploads\/2025\/03\/DAO-PLUS-enzym-Photoroom-scaled-e1758778572353.png\" \/>\n\t<meta property=\"og:image:width\" content=\"1920\" \/>\n\t<meta property=\"og:image:height\" content=\"2560\" \/>\n\t<meta property=\"og:image:type\" content=\"image\/png\" \/>\n<meta name=\"twitter:card\" content=\"summary_large_image\" \/>\n<script type=\"application\/ld+json\" class=\"yoast-schema-graph\">{\"@context\":\"https:\/\/schema.org\",\"@graph\":[{\"@type\":\"WebPage\",\"@id\":\"https:\/\/reviva.fi\/fi\/tuote\/dao-enzym-plus\/\",\"url\":\"https:\/\/reviva.fi\/fi\/tuote\/dao-enzym-plus\/\",\"name\":\"DAO entsyymi PLUS - Reviva\",\"isPartOf\":{\"@id\":\"https:\/\/reviva.fi\/fi\/#website\"},\"primaryImageOfPage\":{\"@id\":\"https:\/\/reviva.fi\/fi\/tuote\/dao-enzym-plus\/#primaryimage\"},\"image\":{\"@id\":\"https:\/\/reviva.fi\/fi\/tuote\/dao-enzym-plus\/#primaryimage\"},\"thumbnailUrl\":\"https:\/\/reviva.fi\/wp-content\/uploads\/2025\/03\/DAO-PLUS-enzym-Photoroom-scaled-e1758778572353.png\",\"datePublished\":\"2025-03-10T13:37:36+00:00\",\"dateModified\":\"2026-01-15T17:08:51+00:00\",\"description\":\"DAO entsyymi PLUS auttaa hajottamaan histamiinia kehossa ja voi lievitt\u00e4\u00e4 histamiini-intoleranssin oireita ja siten v\u00e4hent\u00e4\u00e4 sen haitallisia vaikutuksia.\",\"breadcrumb\":{\"@id\":\"https:\/\/reviva.fi\/fi\/tuote\/dao-enzym-plus\/#breadcrumb\"},\"inLanguage\":\"fi\",\"potentialAction\":[{\"@type\":\"ReadAction\",\"target\":[\"https:\/\/reviva.fi\/fi\/tuote\/dao-enzym-plus\/\"]}]},{\"@type\":\"ImageObject\",\"inLanguage\":\"fi\",\"@id\":\"https:\/\/reviva.fi\/fi\/tuote\/dao-enzym-plus\/#primaryimage\",\"url\":\"https:\/\/reviva.fi\/wp-content\/uploads\/2025\/03\/DAO-PLUS-enzym-Photoroom-scaled-e1758778572353.png\",\"contentUrl\":\"https:\/\/reviva.fi\/wp-content\/uploads\/2025\/03\/DAO-PLUS-enzym-Photoroom-scaled-e1758778572353.png\",\"width\":1920,\"height\":2560,\"caption\":\"DAO enzym Plus\"},{\"@type\":\"BreadcrumbList\",\"@id\":\"https:\/\/reviva.fi\/fi\/tuote\/dao-enzym-plus\/#breadcrumb\",\"itemListElement\":[{\"@type\":\"ListItem\",\"position\":1,\"name\":\"Etusivu\",\"item\":\"https:\/\/reviva.fi\/fi\/\"},{\"@type\":\"ListItem\",\"position\":2,\"name\":\"Tuotteet\",\"item\":\"https:\/\/reviva.fi\/produkter\/\"},{\"@type\":\"ListItem\",\"position\":3,\"name\":\"DAO entsyymi PLUS\"}]},{\"@type\":\"WebSite\",\"@id\":\"https:\/\/reviva.fi\/fi\/#website\",\"url\":\"https:\/\/reviva.fi\/fi\/\",\"name\":\"Reviva\",\"description\":\"\",\"publisher\":{\"@id\":\"https:\/\/reviva.fi\/fi\/#organization\"},\"potentialAction\":[{\"@type\":\"SearchAction\",\"target\":{\"@type\":\"EntryPoint\",\"urlTemplate\":\"https:\/\/reviva.fi\/fi\/?s={search_term_string}\"},\"query-input\":{\"@type\":\"PropertyValueSpecification\",\"valueRequired\":true,\"valueName\":\"search_term_string\"}}],\"inLanguage\":\"fi\"},{\"@type\":\"Organization\",\"@id\":\"https:\/\/reviva.fi\/fi\/#organization\",\"name\":\"Reviva\",\"url\":\"https:\/\/reviva.fi\/fi\/\",\"logo\":{\"@type\":\"ImageObject\",\"inLanguage\":\"fi\",\"@id\":\"https:\/\/reviva.fi\/fi\/#\/schema\/logo\/image\/\",\"url\":\"https:\/\/reviva.fi\/wp-content\/uploads\/2023\/10\/reviva-logo2.svg\",\"contentUrl\":\"https:\/\/reviva.fi\/wp-content\/uploads\/2023\/10\/reviva-logo2.svg\",\"caption\":\"Reviva\"},\"image\":{\"@id\":\"https:\/\/reviva.fi\/fi\/#\/schema\/logo\/image\/\"}}]}<\/script>\n<meta property=\"product:price:amount\" content=\"62.80\" \/>\n<meta property=\"product:price:currency\" content=\"EUR\" \/>\n<meta property=\"og:availability\" content=\"instock\" \/>\n<meta property=\"product:availability\" content=\"instock\" \/>\n<meta property=\"product:retailer_item_id\" content=\"142\" \/>\n<meta property=\"product:condition\" content=\"new\" \/>\n<!-- \/ Yoast SEO plugin. -->","yoast_head_json":{"title":"DAO entsyymi PLUS - Reviva","description":"DAO entsyymi PLUS auttaa hajottamaan histamiinia kehossa ja voi lievitt\u00e4\u00e4 histamiini-intoleranssin oireita ja siten v\u00e4hent\u00e4\u00e4 sen haitallisia vaikutuksia.","robots":{"index":"index","follow":"follow","max-snippet":"max-snippet:-1","max-image-preview":"max-image-preview:large","max-video-preview":"max-video-preview:-1"},"canonical":"https:\/\/reviva.fi\/fi\/tuote\/dao-enzym-plus\/","og_locale":"fi_FI","og_type":"article","og_title":"DAO entsyymi PLUS - Reviva","og_description":"DAO entsyymi PLUS auttaa hajottamaan histamiinia kehossa ja voi lievitt\u00e4\u00e4 histamiini-intoleranssin oireita ja siten v\u00e4hent\u00e4\u00e4 sen haitallisia vaikutuksia.","og_url":"https:\/\/reviva.fi\/fi\/tuote\/dao-enzym-plus\/","og_site_name":"Reviva","article_modified_time":"2026-01-15T17:08:51+00:00","og_image":[{"width":1920,"height":2560,"url":"https:\/\/reviva.fi\/wp-content\/uploads\/2025\/03\/DAO-PLUS-enzym-Photoroom-scaled-e1758778572353.png","type":"image\/png"}],"twitter_card":"summary_large_image","schema":{"@context":"https:\/\/schema.org","@graph":[{"@type":"WebPage","@id":"https:\/\/reviva.fi\/fi\/tuote\/dao-enzym-plus\/","url":"https:\/\/reviva.fi\/fi\/tuote\/dao-enzym-plus\/","name":"DAO entsyymi PLUS - Reviva","isPartOf":{"@id":"https:\/\/reviva.fi\/fi\/#website"},"primaryImageOfPage":{"@id":"https:\/\/reviva.fi\/fi\/tuote\/dao-enzym-plus\/#primaryimage"},"image":{"@id":"https:\/\/reviva.fi\/fi\/tuote\/dao-enzym-plus\/#primaryimage"},"thumbnailUrl":"https:\/\/reviva.fi\/wp-content\/uploads\/2025\/03\/DAO-PLUS-enzym-Photoroom-scaled-e1758778572353.png","datePublished":"2025-03-10T13:37:36+00:00","dateModified":"2026-01-15T17:08:51+00:00","description":"DAO entsyymi PLUS auttaa hajottamaan histamiinia kehossa ja voi lievitt\u00e4\u00e4 histamiini-intoleranssin oireita ja siten v\u00e4hent\u00e4\u00e4 sen haitallisia vaikutuksia.","breadcrumb":{"@id":"https:\/\/reviva.fi\/fi\/tuote\/dao-enzym-plus\/#breadcrumb"},"inLanguage":"fi","potentialAction":[{"@type":"ReadAction","target":["https:\/\/reviva.fi\/fi\/tuote\/dao-enzym-plus\/"]}]},{"@type":"ImageObject","inLanguage":"fi","@id":"https:\/\/reviva.fi\/fi\/tuote\/dao-enzym-plus\/#primaryimage","url":"https:\/\/reviva.fi\/wp-content\/uploads\/2025\/03\/DAO-PLUS-enzym-Photoroom-scaled-e1758778572353.png","contentUrl":"https:\/\/reviva.fi\/wp-content\/uploads\/2025\/03\/DAO-PLUS-enzym-Photoroom-scaled-e1758778572353.png","width":1920,"height":2560,"caption":"DAO enzym Plus"},{"@type":"BreadcrumbList","@id":"https:\/\/reviva.fi\/fi\/tuote\/dao-enzym-plus\/#breadcrumb","itemListElement":[{"@type":"ListItem","position":1,"name":"Etusivu","item":"https:\/\/reviva.fi\/fi\/"},{"@type":"ListItem","position":2,"name":"Tuotteet","item":"https:\/\/reviva.fi\/produkter\/"},{"@type":"ListItem","position":3,"name":"DAO entsyymi PLUS"}]},{"@type":"WebSite","@id":"https:\/\/reviva.fi\/fi\/#website","url":"https:\/\/reviva.fi\/fi\/","name":"Reviva","description":"","publisher":{"@id":"https:\/\/reviva.fi\/fi\/#organization"},"potentialAction":[{"@type":"SearchAction","target":{"@type":"EntryPoint","urlTemplate":"https:\/\/reviva.fi\/fi\/?s={search_term_string}"},"query-input":{"@type":"PropertyValueSpecification","valueRequired":true,"valueName":"search_term_string"}}],"inLanguage":"fi"},{"@type":"Organization","@id":"https:\/\/reviva.fi\/fi\/#organization","name":"Reviva","url":"https:\/\/reviva.fi\/fi\/","logo":{"@type":"ImageObject","inLanguage":"fi","@id":"https:\/\/reviva.fi\/fi\/#\/schema\/logo\/image\/","url":"https:\/\/reviva.fi\/wp-content\/uploads\/2023\/10\/reviva-logo2.svg","contentUrl":"https:\/\/reviva.fi\/wp-content\/uploads\/2023\/10\/reviva-logo2.svg","caption":"Reviva"},"image":{"@id":"https:\/\/reviva.fi\/fi\/#\/schema\/logo\/image\/"}}]},"product_price_amount":"62.80","product_price_currency":"EUR","og_availability":"instock","product_availability":"instock","product_retailer_item_id":"142","product_condition":"new"},"taxonomy_info":{"product_cat":[{"value":5977,"label":"Ruoansulatusentsyymit"},{"value":5963,"label":"Synergos"},{"value":2387,"label":"Maha &amp; Suolisto"},{"value":2357,"label":"Immuunipuolustus"}],"product_tag":[{"value":4422,"label":"aineenvaihduntaa"},{"value":5764,"label":"allergiv\u00e4nligt"},{"value":5749,"label":"detox"},{"value":1235,"label":"energia"},{"value":5759,"label":"enzymst\u00f6d"},{"value":5743,"label":"h\u00e5llbart"},{"value":5760,"label":"histaminintolerans"},{"value":5750,"label":"Immunsystem"},{"value":5761,"label":"k\u00e4nslig mage."},{"value":5762,"label":"magkomfort"},{"value":5763,"label":"n\u00e4ringsupptag"},{"value":5745,"label":"Naturligt tillskott"},{"value":3093,"label":"ruoansulatus"},{"value":4450,"label":"suoliston terveytt\u00e4"},{"value":2983,"label":"Tasapaino"},{"value":1334,"label":"tulehdus"},{"value":4413,"label":"turvotus"},{"value":5747,"label":"v\u00e4lm\u00e5ende"}]},"featured_image_src_large":["https:\/\/reviva.fi\/wp-content\/uploads\/2025\/03\/DAO-PLUS-enzym-Photoroom-768x1024.png",768,1024,true],"author_info":[],"comment_info":0,"_links":{"self":[{"href":"https:\/\/reviva.fi\/fi\/wp-json\/wp\/v2\/product\/11547","targetHints":{"allow":["GET"]}}],"collection":[{"href":"https:\/\/reviva.fi\/fi\/wp-json\/wp\/v2\/product"}],"about":[{"href":"https:\/\/reviva.fi\/fi\/wp-json\/wp\/v2\/types\/product"}],"replies":[{"embeddable":true,"href":"https:\/\/reviva.fi\/fi\/wp-json\/wp\/v2\/comments?post=11547"}],"wp:featuredmedia":[{"embeddable":true,"href":"https:\/\/reviva.fi\/fi\/wp-json\/wp\/v2\/media\/12831"}],"wp:attachment":[{"href":"https:\/\/reviva.fi\/fi\/wp-json\/wp\/v2\/media?parent=11547"}],"wp:term":[{"taxonomy":"product_brand","embeddable":true,"href":"https:\/\/reviva.fi\/fi\/wp-json\/wp\/v2\/product_brand?post=11547"},{"taxonomy":"product_cat","embeddable":true,"href":"https:\/\/reviva.fi\/fi\/wp-json\/wp\/v2\/product_cat?post=11547"},{"taxonomy":"product_tag","embeddable":true,"href":"https:\/\/reviva.fi\/fi\/wp-json\/wp\/v2\/product_tag?post=11547"}],"curies":[{"name":"wp","href":"https:\/\/api.w.org\/{rel}","templated":true}]}}