{"id":11554,"date":"2025-03-10T15:47:48","date_gmt":"2025-03-10T13:47:48","guid":{"rendered":"https:\/\/reviva.fi\/product\/gaba-b6-120-kap\/"},"modified":"2026-01-26T14:54:18","modified_gmt":"2026-01-26T12:54:18","slug":"gaba-b6-120-kap","status":"publish","type":"product","link":"https:\/\/reviva.fi\/fi\/tuote\/gaba-b6-120-kap\/","title":{"rendered":"GABA &#038; B6-vitamiini"},"content":{"rendered":"<p><strong>GABA &amp; B6 &#8211; 120 kapselia<\/strong><\/p>\n<p data-start=\"0\" data-end=\"432\">GABA (gamma-aminosm\u00f6rsyra) on yksi t\u00e4rkeimmist\u00e4 v\u00e4litt\u00e4j\u00e4aineista aivoissa, ja sill\u00e4 on keskeinen rooli hermoston toiminnassa. Se toimii luonnollisena neurotransmitterina, joka auttaa rauhoittamaan hermosignaaleja ja voi edist\u00e4\u00e4 rentoutumista, henkist\u00e4 tasapainoa ja hyv\u00e4\u00e4 unta. Yhdess\u00e4 B6-vitamiinin kanssa, joka on t\u00e4rke\u00e4 kofaktori GABA:n tuotannossa ja toiminnassa, t\u00e4m\u00e4 yhdistelm\u00e4 tukee sek\u00e4 hermostoa ett\u00e4 yleist\u00e4 hyvinvointia.<\/p>\n<p data-start=\"434\" data-end=\"771\" data-is-last-node=\"\" data-is-only-node=\"\">Jokainen p\u00e4ivitt\u00e4inen annos (4 kapselia) sis\u00e4lt\u00e4\u00e4 2000 mg GABA:ta ja 20 mg B6-vitamiinia, mik\u00e4 tarjoaa tehokkaan annoksen optimoidakseen sen rauhoittavat ja tasapainottavat vaikutukset. B6-vitamiini on ratkaiseva neurotransmitterien tuotannolle ja auttaa v\u00e4hent\u00e4m\u00e4\u00e4n v\u00e4symyst\u00e4 ja uupumusta sek\u00e4 tukemaan normaalia psykologista toimintaa.<\/p>\n","protected":false},"excerpt":{"rendered":"<ul>\n<li data-start=\"0\" data-end=\"370\">Edist\u00e4\u00e4 rentoutumista ja henkist\u00e4 tasapainoa tukemalla GABA:n luonnollista toimintaa aivoissa.<\/li>\n<li data-start=\"0\" data-end=\"370\">Voi parantaa unen laatua v\u00e4hent\u00e4m\u00e4ll\u00e4 stressi\u00e4 ja huolta.<\/li>\n<li data-start=\"0\" data-end=\"370\">Sis\u00e4lt\u00e4\u00e4 B6-vitamiinia, joka tukee hermostoa ja auttaa v\u00e4hent\u00e4m\u00e4\u00e4n v\u00e4symyst\u00e4 ja uupumusta.<\/li>\n<li data-start=\"0\" data-end=\"370\">Korkea annos \u2013 2000 mg GABA:a ja 20 mg B6-vitamiinia p\u00e4ivitt\u00e4isess\u00e4 annoksessa maksimaalisen vaikutuksen saavuttamiseksi.<\/li>\n<\/ul>\n<p data-start=\"372\" data-end=\"384\" data-is-last-node=\"\" data-is-only-node=\"\"><strong>120 kapselia<\/strong><\/p>\n","protected":false},"featured_media":13918,"comment_status":"closed","ping_status":"closed","template":"","meta":{"_acf_changed":false,"inline_featured_image":false,"_kad_blocks_custom_css":"","_kad_blocks_head_custom_js":"","_kad_blocks_body_custom_js":"","_kad_blocks_footer_custom_js":"","_kadence_starter_templates_imported_post":false,"_kad_post_transparent":"default","_kad_post_title":"","_kad_post_layout":"default","_kad_post_sidebar_id":"","_kad_post_content_style":"default","_kad_post_vertical_padding":"default","_kad_post_feature":"","_kad_post_feature_position":"","_kad_post_header":false,"_kad_post_footer":false},"product_brand":[],"product_cat":[88,5963,2376,2383],"product_tag":[5769,5770,422,1627,1235,5536,500,5771,3454,3590,5745,3478,2982,5772,3389,1588,5747],"class_list":{"0":"post-11554","1":"product","2":"type-product","3":"status-publish","4":"has-post-thumbnail","6":"product_cat-aminosyror-fi","7":"product_cat-synergos-fi","8":"product_cat-stressad-och-trott-fi","9":"product_cat-hjarna-och-minne-fi","10":"product_tag-angestlindring-fi","11":"product_tag-anti-stress-fi","12":"product_tag-b6-vitamiini","13":"product_tag-elpyminen","14":"product_tag-energia","15":"product_tag-fokus-fi","16":"product_tag-hermosto","17":"product_tag-mental-balans-fi","18":"product_tag-mental-klarhet-fi","19":"product_tag-muskelavslappning-fi","20":"product_tag-naturligt-tillskott-fi","21":"product_tag-nervhalsa-fi","22":"product_tag-rentoutuminen","23":"product_tag-skonsamt-stod-fi","24":"product_tag-stresshantering-fi","25":"product_tag-unen-laatu","26":"product_tag-valmaende-fi","28":"first","29":"instock","30":"taxable","31":"shipping-taxable","32":"purchasable","33":"product-type-simple","34":"entry","35":"content-bg","36":"loop-entry"},"acf":[],"yoast_head":"<!-- This site is optimized with the Yoast SEO plugin v25.8 - https:\/\/yoast.com\/wordpress\/plugins\/seo\/ -->\n<title>GABA &amp; B6-vitamiini - Reviva<\/title>\n<meta name=\"description\" content=\"GABA &amp; B6 - 120 kapselia yhdist\u00e4\u00e4 GABA:n rentoutumisen edist\u00e4miseksi ja B6-vitamiinin tukemaan hermoston toimintaa sek\u00e4 v\u00e4hent\u00e4m\u00e4\u00e4n v\u00e4symyst\u00e4.\" \/>\n<meta name=\"robots\" content=\"index, follow, max-snippet:-1, max-image-preview:large, max-video-preview:-1\" \/>\n<link rel=\"canonical\" href=\"https:\/\/reviva.fi\/fi\/tuote\/gaba-b6-120-kap\/\" \/>\n<meta property=\"og:locale\" content=\"fi_FI\" \/>\n<meta property=\"og:type\" content=\"article\" \/>\n<meta property=\"og:title\" content=\"GABA &amp; B6-vitamiini - Reviva\" \/>\n<meta property=\"og:description\" content=\"GABA &amp; B6 - 120 kapselia yhdist\u00e4\u00e4 GABA:n rentoutumisen edist\u00e4miseksi ja B6-vitamiinin tukemaan hermoston toimintaa sek\u00e4 v\u00e4hent\u00e4m\u00e4\u00e4n v\u00e4symyst\u00e4.\" \/>\n<meta property=\"og:url\" content=\"https:\/\/reviva.fi\/fi\/tuote\/gaba-b6-120-kap\/\" \/>\n<meta property=\"og:site_name\" content=\"Reviva\" \/>\n<meta property=\"article:modified_time\" content=\"2026-01-26T12:54:18+00:00\" \/>\n<meta property=\"og:image\" content=\"https:\/\/reviva.fi\/wp-content\/uploads\/2025\/03\/Gaba-B6-Photoroom-e1761821098683.png\" \/>\n\t<meta property=\"og:image:width\" content=\"2000\" \/>\n\t<meta property=\"og:image:height\" content=\"1333\" \/>\n\t<meta property=\"og:image:type\" content=\"image\/png\" \/>\n<meta name=\"twitter:card\" content=\"summary_large_image\" \/>\n<script type=\"application\/ld+json\" class=\"yoast-schema-graph\">{\"@context\":\"https:\/\/schema.org\",\"@graph\":[{\"@type\":\"WebPage\",\"@id\":\"https:\/\/reviva.fi\/fi\/tuote\/gaba-b6-120-kap\/\",\"url\":\"https:\/\/reviva.fi\/fi\/tuote\/gaba-b6-120-kap\/\",\"name\":\"GABA & B6-vitamiini - Reviva\",\"isPartOf\":{\"@id\":\"https:\/\/reviva.fi\/fi\/#website\"},\"primaryImageOfPage\":{\"@id\":\"https:\/\/reviva.fi\/fi\/tuote\/gaba-b6-120-kap\/#primaryimage\"},\"image\":{\"@id\":\"https:\/\/reviva.fi\/fi\/tuote\/gaba-b6-120-kap\/#primaryimage\"},\"thumbnailUrl\":\"https:\/\/reviva.fi\/wp-content\/uploads\/2025\/03\/336-Gaba-B6-Photoroom-e1771326555320.png\",\"datePublished\":\"2025-03-10T13:47:48+00:00\",\"dateModified\":\"2026-01-26T12:54:18+00:00\",\"description\":\"GABA & B6 - 120 kapselia yhdist\u00e4\u00e4 GABA:n rentoutumisen edist\u00e4miseksi ja B6-vitamiinin tukemaan hermoston toimintaa sek\u00e4 v\u00e4hent\u00e4m\u00e4\u00e4n v\u00e4symyst\u00e4.\",\"breadcrumb\":{\"@id\":\"https:\/\/reviva.fi\/fi\/tuote\/gaba-b6-120-kap\/#breadcrumb\"},\"inLanguage\":\"fi\",\"potentialAction\":[{\"@type\":\"ReadAction\",\"target\":[\"https:\/\/reviva.fi\/fi\/tuote\/gaba-b6-120-kap\/\"]}]},{\"@type\":\"ImageObject\",\"inLanguage\":\"fi\",\"@id\":\"https:\/\/reviva.fi\/fi\/tuote\/gaba-b6-120-kap\/#primaryimage\",\"url\":\"https:\/\/reviva.fi\/wp-content\/uploads\/2025\/03\/336-Gaba-B6-Photoroom-e1771326555320.png\",\"contentUrl\":\"https:\/\/reviva.fi\/wp-content\/uploads\/2025\/03\/336-Gaba-B6-Photoroom-e1771326555320.png\",\"width\":2000,\"height\":1333,\"caption\":\"Gaba & B6\"},{\"@type\":\"BreadcrumbList\",\"@id\":\"https:\/\/reviva.fi\/fi\/tuote\/gaba-b6-120-kap\/#breadcrumb\",\"itemListElement\":[{\"@type\":\"ListItem\",\"position\":1,\"name\":\"Etusivu\",\"item\":\"https:\/\/reviva.fi\/fi\/\"},{\"@type\":\"ListItem\",\"position\":2,\"name\":\"Tuotteet\",\"item\":\"https:\/\/reviva.fi\/produkter\/\"},{\"@type\":\"ListItem\",\"position\":3,\"name\":\"GABA &#038; B6-vitamiini\"}]},{\"@type\":\"WebSite\",\"@id\":\"https:\/\/reviva.fi\/fi\/#website\",\"url\":\"https:\/\/reviva.fi\/fi\/\",\"name\":\"Reviva\",\"description\":\"\",\"publisher\":{\"@id\":\"https:\/\/reviva.fi\/fi\/#organization\"},\"potentialAction\":[{\"@type\":\"SearchAction\",\"target\":{\"@type\":\"EntryPoint\",\"urlTemplate\":\"https:\/\/reviva.fi\/fi\/?s={search_term_string}\"},\"query-input\":{\"@type\":\"PropertyValueSpecification\",\"valueRequired\":true,\"valueName\":\"search_term_string\"}}],\"inLanguage\":\"fi\"},{\"@type\":\"Organization\",\"@id\":\"https:\/\/reviva.fi\/fi\/#organization\",\"name\":\"Reviva\",\"url\":\"https:\/\/reviva.fi\/fi\/\",\"logo\":{\"@type\":\"ImageObject\",\"inLanguage\":\"fi\",\"@id\":\"https:\/\/reviva.fi\/fi\/#\/schema\/logo\/image\/\",\"url\":\"https:\/\/reviva.fi\/wp-content\/uploads\/2023\/10\/reviva-logo2.svg\",\"contentUrl\":\"https:\/\/reviva.fi\/wp-content\/uploads\/2023\/10\/reviva-logo2.svg\",\"caption\":\"Reviva\"},\"image\":{\"@id\":\"https:\/\/reviva.fi\/fi\/#\/schema\/logo\/image\/\"}}]}<\/script>\n<meta property=\"product:price:amount\" content=\"31.45\" \/>\n<meta property=\"product:price:currency\" content=\"EUR\" \/>\n<meta property=\"og:availability\" content=\"instock\" \/>\n<meta property=\"product:availability\" content=\"instock\" \/>\n<meta property=\"product:retailer_item_id\" content=\"336\" \/>\n<meta property=\"product:condition\" content=\"new\" \/>\n<!-- \/ Yoast SEO plugin. -->","yoast_head_json":{"title":"GABA & B6-vitamiini - Reviva","description":"GABA & B6 - 120 kapselia yhdist\u00e4\u00e4 GABA:n rentoutumisen edist\u00e4miseksi ja B6-vitamiinin tukemaan hermoston toimintaa sek\u00e4 v\u00e4hent\u00e4m\u00e4\u00e4n v\u00e4symyst\u00e4.","robots":{"index":"index","follow":"follow","max-snippet":"max-snippet:-1","max-image-preview":"max-image-preview:large","max-video-preview":"max-video-preview:-1"},"canonical":"https:\/\/reviva.fi\/fi\/tuote\/gaba-b6-120-kap\/","og_locale":"fi_FI","og_type":"article","og_title":"GABA & B6-vitamiini - Reviva","og_description":"GABA & B6 - 120 kapselia yhdist\u00e4\u00e4 GABA:n rentoutumisen edist\u00e4miseksi ja B6-vitamiinin tukemaan hermoston toimintaa sek\u00e4 v\u00e4hent\u00e4m\u00e4\u00e4n v\u00e4symyst\u00e4.","og_url":"https:\/\/reviva.fi\/fi\/tuote\/gaba-b6-120-kap\/","og_site_name":"Reviva","article_modified_time":"2026-01-26T12:54:18+00:00","og_image":[{"width":2000,"height":1333,"url":"https:\/\/reviva.fi\/wp-content\/uploads\/2025\/03\/Gaba-B6-Photoroom-e1761821098683.png","type":"image\/png"}],"twitter_card":"summary_large_image","schema":{"@context":"https:\/\/schema.org","@graph":[{"@type":"WebPage","@id":"https:\/\/reviva.fi\/fi\/tuote\/gaba-b6-120-kap\/","url":"https:\/\/reviva.fi\/fi\/tuote\/gaba-b6-120-kap\/","name":"GABA & B6-vitamiini - Reviva","isPartOf":{"@id":"https:\/\/reviva.fi\/fi\/#website"},"primaryImageOfPage":{"@id":"https:\/\/reviva.fi\/fi\/tuote\/gaba-b6-120-kap\/#primaryimage"},"image":{"@id":"https:\/\/reviva.fi\/fi\/tuote\/gaba-b6-120-kap\/#primaryimage"},"thumbnailUrl":"https:\/\/reviva.fi\/wp-content\/uploads\/2025\/03\/336-Gaba-B6-Photoroom-e1771326555320.png","datePublished":"2025-03-10T13:47:48+00:00","dateModified":"2026-01-26T12:54:18+00:00","description":"GABA & B6 - 120 kapselia yhdist\u00e4\u00e4 GABA:n rentoutumisen edist\u00e4miseksi ja B6-vitamiinin tukemaan hermoston toimintaa sek\u00e4 v\u00e4hent\u00e4m\u00e4\u00e4n v\u00e4symyst\u00e4.","breadcrumb":{"@id":"https:\/\/reviva.fi\/fi\/tuote\/gaba-b6-120-kap\/#breadcrumb"},"inLanguage":"fi","potentialAction":[{"@type":"ReadAction","target":["https:\/\/reviva.fi\/fi\/tuote\/gaba-b6-120-kap\/"]}]},{"@type":"ImageObject","inLanguage":"fi","@id":"https:\/\/reviva.fi\/fi\/tuote\/gaba-b6-120-kap\/#primaryimage","url":"https:\/\/reviva.fi\/wp-content\/uploads\/2025\/03\/336-Gaba-B6-Photoroom-e1771326555320.png","contentUrl":"https:\/\/reviva.fi\/wp-content\/uploads\/2025\/03\/336-Gaba-B6-Photoroom-e1771326555320.png","width":2000,"height":1333,"caption":"Gaba & B6"},{"@type":"BreadcrumbList","@id":"https:\/\/reviva.fi\/fi\/tuote\/gaba-b6-120-kap\/#breadcrumb","itemListElement":[{"@type":"ListItem","position":1,"name":"Etusivu","item":"https:\/\/reviva.fi\/fi\/"},{"@type":"ListItem","position":2,"name":"Tuotteet","item":"https:\/\/reviva.fi\/produkter\/"},{"@type":"ListItem","position":3,"name":"GABA &#038; B6-vitamiini"}]},{"@type":"WebSite","@id":"https:\/\/reviva.fi\/fi\/#website","url":"https:\/\/reviva.fi\/fi\/","name":"Reviva","description":"","publisher":{"@id":"https:\/\/reviva.fi\/fi\/#organization"},"potentialAction":[{"@type":"SearchAction","target":{"@type":"EntryPoint","urlTemplate":"https:\/\/reviva.fi\/fi\/?s={search_term_string}"},"query-input":{"@type":"PropertyValueSpecification","valueRequired":true,"valueName":"search_term_string"}}],"inLanguage":"fi"},{"@type":"Organization","@id":"https:\/\/reviva.fi\/fi\/#organization","name":"Reviva","url":"https:\/\/reviva.fi\/fi\/","logo":{"@type":"ImageObject","inLanguage":"fi","@id":"https:\/\/reviva.fi\/fi\/#\/schema\/logo\/image\/","url":"https:\/\/reviva.fi\/wp-content\/uploads\/2023\/10\/reviva-logo2.svg","contentUrl":"https:\/\/reviva.fi\/wp-content\/uploads\/2023\/10\/reviva-logo2.svg","caption":"Reviva"},"image":{"@id":"https:\/\/reviva.fi\/fi\/#\/schema\/logo\/image\/"}}]},"product_price_amount":"31.45","product_price_currency":"EUR","og_availability":"instock","product_availability":"instock","product_retailer_item_id":"336","product_condition":"new"},"taxonomy_info":{"product_cat":[{"value":88,"label":"Aminohapot"},{"value":5963,"label":"Synergos"},{"value":2376,"label":"Stressaantunut &amp; V\u00e4synyt"},{"value":2383,"label":"Aivot &amp; Muisti"}],"product_tag":[{"value":5769,"label":"\u00e5ngestlindring"},{"value":5770,"label":"anti-stress"},{"value":422,"label":"b6 vitamiini"},{"value":1627,"label":"elpyminen"},{"value":1235,"label":"energia"},{"value":5536,"label":"Fokus"},{"value":500,"label":"hermosto"},{"value":5771,"label":"mental balans"},{"value":3454,"label":"Mental klarhet"},{"value":3590,"label":"Muskelavslappning"},{"value":5745,"label":"Naturligt tillskott"},{"value":3478,"label":"Nervh\u00e4lsa"},{"value":2982,"label":"rentoutuminen"},{"value":5772,"label":"skonsamt st\u00f6d."},{"value":3389,"label":"Stresshantering"},{"value":1588,"label":"unen laatu"},{"value":5747,"label":"v\u00e4lm\u00e5ende"}]},"featured_image_src_large":["https:\/\/reviva.fi\/wp-content\/uploads\/2025\/03\/336-Gaba-B6-Photoroom-1024x682.png",1024,682,true],"author_info":[],"comment_info":0,"_links":{"self":[{"href":"https:\/\/reviva.fi\/fi\/wp-json\/wp\/v2\/product\/11554","targetHints":{"allow":["GET"]}}],"collection":[{"href":"https:\/\/reviva.fi\/fi\/wp-json\/wp\/v2\/product"}],"about":[{"href":"https:\/\/reviva.fi\/fi\/wp-json\/wp\/v2\/types\/product"}],"replies":[{"embeddable":true,"href":"https:\/\/reviva.fi\/fi\/wp-json\/wp\/v2\/comments?post=11554"}],"wp:featuredmedia":[{"embeddable":true,"href":"https:\/\/reviva.fi\/fi\/wp-json\/wp\/v2\/media\/13918"}],"wp:attachment":[{"href":"https:\/\/reviva.fi\/fi\/wp-json\/wp\/v2\/media?parent=11554"}],"wp:term":[{"taxonomy":"product_brand","embeddable":true,"href":"https:\/\/reviva.fi\/fi\/wp-json\/wp\/v2\/product_brand?post=11554"},{"taxonomy":"product_cat","embeddable":true,"href":"https:\/\/reviva.fi\/fi\/wp-json\/wp\/v2\/product_cat?post=11554"},{"taxonomy":"product_tag","embeddable":true,"href":"https:\/\/reviva.fi\/fi\/wp-json\/wp\/v2\/product_tag?post=11554"}],"curies":[{"name":"wp","href":"https:\/\/api.w.org\/{rel}","templated":true}]}}