{"id":11557,"date":"2025-03-10T15:52:05","date_gmt":"2025-03-10T13:52:05","guid":{"rendered":"https:\/\/reviva.fi\/product\/git-balans\/"},"modified":"2026-01-14T13:19:11","modified_gmt":"2026-01-14T11:19:11","slug":"git-balans","status":"publish","type":"product","link":"https:\/\/reviva.fi\/fi\/tuote\/git-balans\/","title":{"rendered":"Git Balanssi"},"content":{"rendered":"<p data-start=\"0\" data-end=\"51\"><strong data-start=\"0\" data-end=\"49\">GIT Balanssi \u2013 Luonnollinen tuki vatsalle ja suolistolle\u00a0<\/strong><\/p>\n<p data-start=\"0\" data-end=\"362\"><strong data-start=\"0\" data-end=\"14\">GIT Balans<\/strong> on huolellisesti koostettu ravintolis\u00e4, joka sis\u00e4lt\u00e4\u00e4 viisi tunnettua yrttiuutetta, joita on perinteisesti k\u00e4ytetty ruoansulatuksen ja suoliston terveyden tukemiseen. Espinheira Santa, takiaisen juuri, raparperin juuri, liuskajalavan kuori ja niittysuolahein\u00e4n juuri -yhdistelm\u00e4 edist\u00e4\u00e4 tasapainoista ja hyvin toimivaa ruoansulatusta ja voi auttaa satunnaisissa vatsavaivoissa.<\/p>\n<ul>\n<li data-start=\"11\" data-end=\"602\">Espinheira Santa \u2013 Perinteinen etel\u00e4amerikkalainen yrtti, joka on tunnettu rauhoittavista ominaisuuksistaan mahalaukun limakalvolle.<\/li>\n<li data-start=\"11\" data-end=\"602\">Takiaisen juuri \u2013 On pitk\u00e4\u00e4n k\u00e4ytetty ruoansulatuksen tukemiseen ja kehon ei-toivottujen aineiden poistamiseen.<\/li>\n<li data-start=\"11\" data-end=\"602\">Raparperin juuri \u2013 Tukee tervett\u00e4 suoliston toimintaa ja voi auttaa s\u00e4\u00e4telem\u00e4\u00e4n ruoansulatusta.<\/li>\n<li data-start=\"11\" data-end=\"602\">Liuskajalavan kuori \u2013 Perinteisesti k\u00e4ytetty rauhoittamaan ja suojaamaan ruoansulatuskanavan limakalvoja.<\/li>\n<li data-start=\"11\" data-end=\"602\">niittysuolahein\u00e4n juuri \u2013 Runsaasti antioksidantteja ja voi tukea terveellist\u00e4 ruoansulatusta.<\/li>\n<\/ul>\n","protected":false},"excerpt":{"rendered":"<p>T\u00e4m\u00e4 voimakas yrttiseos on erityisesti suunniteltu henkil\u00f6ille, jotka haluavat tukea suoliston terveytt\u00e4\u00e4n luonnollisella tavalla. Ainesosat vaikuttavat yhdess\u00e4 rauhoittaen vatsaa, edist\u00e4en suolen liikkeit\u00e4 ja tukien parempaa ruoansulatusta.<\/p>\n<p data-start=\"604\" data-end=\"615\" data-is-last-node=\"\" data-is-only-node=\"\"><strong>60 kapselia<\/strong><\/p>\n","protected":false},"featured_media":13563,"comment_status":"closed","ping_status":"closed","template":"","meta":{"_acf_changed":false,"inline_featured_image":false,"_kad_blocks_custom_css":"","_kad_blocks_head_custom_js":"","_kad_blocks_body_custom_js":"","_kad_blocks_footer_custom_js":"","_kadence_starter_templates_imported_post":false,"_kad_post_transparent":"default","_kad_post_title":"","_kad_post_layout":"default","_kad_post_sidebar_id":"","_kad_post_content_style":"default","_kad_post_vertical_padding":"default","_kad_post_feature":"","_kad_post_feature_position":"","_kad_post_header":false,"_kad_post_footer":false},"product_brand":[],"product_cat":[141,5963,2387],"product_tag":[412,5551,5749,5589,5743,5750,4404,1548,5773,3504,4465,4558,5745,4450,2983,4926,4882],"class_list":{"0":"post-11557","1":"product","2":"type-product","3":"status-publish","4":"has-post-thumbnail","6":"product_cat-orter-fi","7":"product_cat-synergos-fi","8":"product_cat-mage-och-tarm-fi","9":"product_tag-antioksidantti","10":"product_tag-cirkulation-fi","11":"product_tag-detox-fi","12":"product_tag-halsa-fi","13":"product_tag-hallbart-fi","14":"product_tag-immunsystem-fi","15":"product_tag-kasvipohjainen","16":"product_tag-kivunlievitysta","17":"product_tag-kroppsvalbefinnande-fi","18":"product_tag-ledhalsa-fi","19":"product_tag-lihasten-palautuminen","20":"product_tag-liikkuvuus","21":"product_tag-naturligt-tillskott-fi","22":"product_tag-suoliston-terveytta","23":"product_tag-tasapaino","24":"product_tag-tuki-nivelille","25":"product_tag-tuki-tulehdukselle","27":"first","28":"instock","29":"taxable","30":"shipping-taxable","31":"purchasable","32":"product-type-simple","33":"entry","34":"content-bg","35":"loop-entry"},"acf":[],"yoast_head":"<!-- This site is optimized with the Yoast SEO plugin v25.8 - https:\/\/yoast.com\/wordpress\/plugins\/seo\/ -->\n<title>Git Balanssi - Reviva<\/title>\n<meta name=\"description\" content=\"GIT-balans sis\u00e4lt\u00e4\u00e4 hoitavia ja voimakkaita yrttej\u00e4 tukemaan ep\u00e4tasapainossa olevaa ruoansulatusj\u00e4rjestelm\u00e4\u00e4. Sinulle, jolla on vatsa- ja suolisto-oireita.\" \/>\n<meta name=\"robots\" content=\"index, follow, max-snippet:-1, max-image-preview:large, max-video-preview:-1\" \/>\n<link rel=\"canonical\" href=\"https:\/\/reviva.fi\/fi\/tuote\/git-balans\/\" \/>\n<meta property=\"og:locale\" content=\"fi_FI\" \/>\n<meta property=\"og:type\" content=\"article\" \/>\n<meta property=\"og:title\" content=\"Git Balanssi - Reviva\" \/>\n<meta property=\"og:description\" content=\"GIT-balans sis\u00e4lt\u00e4\u00e4 hoitavia ja voimakkaita yrttej\u00e4 tukemaan ep\u00e4tasapainossa olevaa ruoansulatusj\u00e4rjestelm\u00e4\u00e4. Sinulle, jolla on vatsa- ja suolisto-oireita.\" \/>\n<meta property=\"og:url\" content=\"https:\/\/reviva.fi\/fi\/tuote\/git-balans\/\" \/>\n<meta property=\"og:site_name\" content=\"Reviva\" \/>\n<meta property=\"article:modified_time\" content=\"2026-01-14T11:19:11+00:00\" \/>\n<meta property=\"og:image\" content=\"https:\/\/reviva.fi\/wp-content\/uploads\/2025\/03\/106-Git-Balans-Photoroom-e1768893389833.png\" \/>\n\t<meta property=\"og:image:width\" content=\"2000\" \/>\n\t<meta property=\"og:image:height\" content=\"1333\" \/>\n\t<meta property=\"og:image:type\" content=\"image\/png\" \/>\n<meta name=\"twitter:card\" content=\"summary_large_image\" \/>\n<script type=\"application\/ld+json\" class=\"yoast-schema-graph\">{\"@context\":\"https:\/\/schema.org\",\"@graph\":[{\"@type\":\"WebPage\",\"@id\":\"https:\/\/reviva.fi\/fi\/tuote\/git-balans\/\",\"url\":\"https:\/\/reviva.fi\/fi\/tuote\/git-balans\/\",\"name\":\"Git Balanssi - Reviva\",\"isPartOf\":{\"@id\":\"https:\/\/reviva.fi\/fi\/#website\"},\"primaryImageOfPage\":{\"@id\":\"https:\/\/reviva.fi\/fi\/tuote\/git-balans\/#primaryimage\"},\"image\":{\"@id\":\"https:\/\/reviva.fi\/fi\/tuote\/git-balans\/#primaryimage\"},\"thumbnailUrl\":\"https:\/\/reviva.fi\/wp-content\/uploads\/2025\/03\/106-Git-Balans-Photoroom-e1768893389833.png\",\"datePublished\":\"2025-03-10T13:52:05+00:00\",\"dateModified\":\"2026-01-14T11:19:11+00:00\",\"description\":\"GIT-balans sis\u00e4lt\u00e4\u00e4 hoitavia ja voimakkaita yrttej\u00e4 tukemaan ep\u00e4tasapainossa olevaa ruoansulatusj\u00e4rjestelm\u00e4\u00e4. Sinulle, jolla on vatsa- ja suolisto-oireita.\",\"breadcrumb\":{\"@id\":\"https:\/\/reviva.fi\/fi\/tuote\/git-balans\/#breadcrumb\"},\"inLanguage\":\"fi\",\"potentialAction\":[{\"@type\":\"ReadAction\",\"target\":[\"https:\/\/reviva.fi\/fi\/tuote\/git-balans\/\"]}]},{\"@type\":\"ImageObject\",\"inLanguage\":\"fi\",\"@id\":\"https:\/\/reviva.fi\/fi\/tuote\/git-balans\/#primaryimage\",\"url\":\"https:\/\/reviva.fi\/wp-content\/uploads\/2025\/03\/106-Git-Balans-Photoroom-e1768893389833.png\",\"contentUrl\":\"https:\/\/reviva.fi\/wp-content\/uploads\/2025\/03\/106-Git-Balans-Photoroom-e1768893389833.png\",\"width\":2000,\"height\":1333,\"caption\":\"GIT Balans\"},{\"@type\":\"BreadcrumbList\",\"@id\":\"https:\/\/reviva.fi\/fi\/tuote\/git-balans\/#breadcrumb\",\"itemListElement\":[{\"@type\":\"ListItem\",\"position\":1,\"name\":\"Etusivu\",\"item\":\"https:\/\/reviva.fi\/fi\/\"},{\"@type\":\"ListItem\",\"position\":2,\"name\":\"Tuotteet\",\"item\":\"https:\/\/reviva.fi\/produkter\/\"},{\"@type\":\"ListItem\",\"position\":3,\"name\":\"Git Balanssi\"}]},{\"@type\":\"WebSite\",\"@id\":\"https:\/\/reviva.fi\/fi\/#website\",\"url\":\"https:\/\/reviva.fi\/fi\/\",\"name\":\"Reviva\",\"description\":\"\",\"publisher\":{\"@id\":\"https:\/\/reviva.fi\/fi\/#organization\"},\"potentialAction\":[{\"@type\":\"SearchAction\",\"target\":{\"@type\":\"EntryPoint\",\"urlTemplate\":\"https:\/\/reviva.fi\/fi\/?s={search_term_string}\"},\"query-input\":{\"@type\":\"PropertyValueSpecification\",\"valueRequired\":true,\"valueName\":\"search_term_string\"}}],\"inLanguage\":\"fi\"},{\"@type\":\"Organization\",\"@id\":\"https:\/\/reviva.fi\/fi\/#organization\",\"name\":\"Reviva\",\"url\":\"https:\/\/reviva.fi\/fi\/\",\"logo\":{\"@type\":\"ImageObject\",\"inLanguage\":\"fi\",\"@id\":\"https:\/\/reviva.fi\/fi\/#\/schema\/logo\/image\/\",\"url\":\"https:\/\/reviva.fi\/wp-content\/uploads\/2023\/10\/reviva-logo2.svg\",\"contentUrl\":\"https:\/\/reviva.fi\/wp-content\/uploads\/2023\/10\/reviva-logo2.svg\",\"caption\":\"Reviva\"},\"image\":{\"@id\":\"https:\/\/reviva.fi\/fi\/#\/schema\/logo\/image\/\"}}]}<\/script>\n<meta property=\"product:price:amount\" content=\"31.45\" \/>\n<meta property=\"product:price:currency\" content=\"EUR\" \/>\n<meta property=\"og:availability\" content=\"instock\" \/>\n<meta property=\"product:availability\" content=\"instock\" \/>\n<meta property=\"product:retailer_item_id\" content=\"106\" \/>\n<meta property=\"product:condition\" content=\"new\" \/>\n<!-- \/ Yoast SEO plugin. -->","yoast_head_json":{"title":"Git Balanssi - Reviva","description":"GIT-balans sis\u00e4lt\u00e4\u00e4 hoitavia ja voimakkaita yrttej\u00e4 tukemaan ep\u00e4tasapainossa olevaa ruoansulatusj\u00e4rjestelm\u00e4\u00e4. Sinulle, jolla on vatsa- ja suolisto-oireita.","robots":{"index":"index","follow":"follow","max-snippet":"max-snippet:-1","max-image-preview":"max-image-preview:large","max-video-preview":"max-video-preview:-1"},"canonical":"https:\/\/reviva.fi\/fi\/tuote\/git-balans\/","og_locale":"fi_FI","og_type":"article","og_title":"Git Balanssi - Reviva","og_description":"GIT-balans sis\u00e4lt\u00e4\u00e4 hoitavia ja voimakkaita yrttej\u00e4 tukemaan ep\u00e4tasapainossa olevaa ruoansulatusj\u00e4rjestelm\u00e4\u00e4. Sinulle, jolla on vatsa- ja suolisto-oireita.","og_url":"https:\/\/reviva.fi\/fi\/tuote\/git-balans\/","og_site_name":"Reviva","article_modified_time":"2026-01-14T11:19:11+00:00","og_image":[{"width":2000,"height":1333,"url":"https:\/\/reviva.fi\/wp-content\/uploads\/2025\/03\/106-Git-Balans-Photoroom-e1768893389833.png","type":"image\/png"}],"twitter_card":"summary_large_image","schema":{"@context":"https:\/\/schema.org","@graph":[{"@type":"WebPage","@id":"https:\/\/reviva.fi\/fi\/tuote\/git-balans\/","url":"https:\/\/reviva.fi\/fi\/tuote\/git-balans\/","name":"Git Balanssi - Reviva","isPartOf":{"@id":"https:\/\/reviva.fi\/fi\/#website"},"primaryImageOfPage":{"@id":"https:\/\/reviva.fi\/fi\/tuote\/git-balans\/#primaryimage"},"image":{"@id":"https:\/\/reviva.fi\/fi\/tuote\/git-balans\/#primaryimage"},"thumbnailUrl":"https:\/\/reviva.fi\/wp-content\/uploads\/2025\/03\/106-Git-Balans-Photoroom-e1768893389833.png","datePublished":"2025-03-10T13:52:05+00:00","dateModified":"2026-01-14T11:19:11+00:00","description":"GIT-balans sis\u00e4lt\u00e4\u00e4 hoitavia ja voimakkaita yrttej\u00e4 tukemaan ep\u00e4tasapainossa olevaa ruoansulatusj\u00e4rjestelm\u00e4\u00e4. Sinulle, jolla on vatsa- ja suolisto-oireita.","breadcrumb":{"@id":"https:\/\/reviva.fi\/fi\/tuote\/git-balans\/#breadcrumb"},"inLanguage":"fi","potentialAction":[{"@type":"ReadAction","target":["https:\/\/reviva.fi\/fi\/tuote\/git-balans\/"]}]},{"@type":"ImageObject","inLanguage":"fi","@id":"https:\/\/reviva.fi\/fi\/tuote\/git-balans\/#primaryimage","url":"https:\/\/reviva.fi\/wp-content\/uploads\/2025\/03\/106-Git-Balans-Photoroom-e1768893389833.png","contentUrl":"https:\/\/reviva.fi\/wp-content\/uploads\/2025\/03\/106-Git-Balans-Photoroom-e1768893389833.png","width":2000,"height":1333,"caption":"GIT Balans"},{"@type":"BreadcrumbList","@id":"https:\/\/reviva.fi\/fi\/tuote\/git-balans\/#breadcrumb","itemListElement":[{"@type":"ListItem","position":1,"name":"Etusivu","item":"https:\/\/reviva.fi\/fi\/"},{"@type":"ListItem","position":2,"name":"Tuotteet","item":"https:\/\/reviva.fi\/produkter\/"},{"@type":"ListItem","position":3,"name":"Git Balanssi"}]},{"@type":"WebSite","@id":"https:\/\/reviva.fi\/fi\/#website","url":"https:\/\/reviva.fi\/fi\/","name":"Reviva","description":"","publisher":{"@id":"https:\/\/reviva.fi\/fi\/#organization"},"potentialAction":[{"@type":"SearchAction","target":{"@type":"EntryPoint","urlTemplate":"https:\/\/reviva.fi\/fi\/?s={search_term_string}"},"query-input":{"@type":"PropertyValueSpecification","valueRequired":true,"valueName":"search_term_string"}}],"inLanguage":"fi"},{"@type":"Organization","@id":"https:\/\/reviva.fi\/fi\/#organization","name":"Reviva","url":"https:\/\/reviva.fi\/fi\/","logo":{"@type":"ImageObject","inLanguage":"fi","@id":"https:\/\/reviva.fi\/fi\/#\/schema\/logo\/image\/","url":"https:\/\/reviva.fi\/wp-content\/uploads\/2023\/10\/reviva-logo2.svg","contentUrl":"https:\/\/reviva.fi\/wp-content\/uploads\/2023\/10\/reviva-logo2.svg","caption":"Reviva"},"image":{"@id":"https:\/\/reviva.fi\/fi\/#\/schema\/logo\/image\/"}}]},"product_price_amount":"31.45","product_price_currency":"EUR","og_availability":"instock","product_availability":"instock","product_retailer_item_id":"106","product_condition":"new"},"taxonomy_info":{"product_cat":[{"value":141,"label":"Yrtit"},{"value":5963,"label":"Synergos"},{"value":2387,"label":"Maha &amp; Suolisto"}],"product_tag":[{"value":412,"label":"antioksidantti"},{"value":5551,"label":"Cirkulation"},{"value":5749,"label":"detox"},{"value":5589,"label":"H\u00e4lsa"},{"value":5743,"label":"h\u00e5llbart"},{"value":5750,"label":"Immunsystem"},{"value":4404,"label":"Kasvipohjainen"},{"value":1548,"label":"kivunlievityst\u00e4"},{"value":5773,"label":"kroppsv\u00e4lbefinnande"},{"value":3504,"label":"Ledh\u00e4lsa"},{"value":4465,"label":"lihasten palautuminen"},{"value":4558,"label":"liikkuvuus"},{"value":5745,"label":"Naturligt tillskott"},{"value":4450,"label":"suoliston terveytt\u00e4"},{"value":2983,"label":"Tasapaino"},{"value":4926,"label":"Tuki nivelille"},{"value":4882,"label":"Tuki tulehdukselle"}]},"featured_image_src_large":["https:\/\/reviva.fi\/wp-content\/uploads\/2025\/03\/106-Git-Balans-Photoroom-1024x682.png",1024,682,true],"author_info":[],"comment_info":0,"_links":{"self":[{"href":"https:\/\/reviva.fi\/fi\/wp-json\/wp\/v2\/product\/11557","targetHints":{"allow":["GET"]}}],"collection":[{"href":"https:\/\/reviva.fi\/fi\/wp-json\/wp\/v2\/product"}],"about":[{"href":"https:\/\/reviva.fi\/fi\/wp-json\/wp\/v2\/types\/product"}],"replies":[{"embeddable":true,"href":"https:\/\/reviva.fi\/fi\/wp-json\/wp\/v2\/comments?post=11557"}],"wp:featuredmedia":[{"embeddable":true,"href":"https:\/\/reviva.fi\/fi\/wp-json\/wp\/v2\/media\/13563"}],"wp:attachment":[{"href":"https:\/\/reviva.fi\/fi\/wp-json\/wp\/v2\/media?parent=11557"}],"wp:term":[{"taxonomy":"product_brand","embeddable":true,"href":"https:\/\/reviva.fi\/fi\/wp-json\/wp\/v2\/product_brand?post=11557"},{"taxonomy":"product_cat","embeddable":true,"href":"https:\/\/reviva.fi\/fi\/wp-json\/wp\/v2\/product_cat?post=11557"},{"taxonomy":"product_tag","embeddable":true,"href":"https:\/\/reviva.fi\/fi\/wp-json\/wp\/v2\/product_tag?post=11557"}],"curies":[{"name":"wp","href":"https:\/\/api.w.org\/{rel}","templated":true}]}}