{"id":11561,"date":"2025-03-10T15:55:53","date_gmt":"2025-03-10T13:55:53","guid":{"rendered":"https:\/\/reviva.fi\/product\/git-enzym\/"},"modified":"2026-01-23T12:06:49","modified_gmt":"2026-01-23T10:06:49","slug":"git-entsyymi","status":"publish","type":"product","link":"https:\/\/reviva.fi\/fi\/tuote\/git-entsyymi\/","title":{"rendered":"GIT Entsyymi"},"content":{"rendered":"<p data-start=\"0\" data-end=\"52\"><strong data-start=\"0\" data-end=\"50\">GIT Entsyymi \u2013 tehokas tuki ruoansulatukselle<br \/>\n<\/strong><\/p>\n<p data-start=\"0\" data-end=\"52\"><span style=\"font-family: var(--global-body-font-family);\">Kehittynyt ruoansulatusentsyymisekoitus, joka on suunniteltu tukemaan optimaalista ruoansulatusta ja ravintoaineiden imeytymist\u00e4. Ruoansulatusentsyymit ovat ratkaisevassa roolissa proteiinien, hiilihydraattien ja rasvojen pilkkomisessa, mik\u00e4 auttaa kehoa tehokkaasti imeytt\u00e4m\u00e4\u00e4n t\u00e4rkeit\u00e4 ravintoaineita. Entsyymipuutteet voivat johtaa ruoansulatusongelmiin, kuten turvotukseen, kaasuihin, raskausvaivoihin ja ravinteiden puutteeseen.<\/span><\/p>\n<div class=\"flex max-w-full flex-col flex-grow\">\n<div class=\"min-h-8 text-message relative flex w-full flex-col items-end gap-2 whitespace-normal break-words text-start [.text-message+&amp;]:mt-5\" dir=\"auto\" data-message-author-role=\"assistant\" data-message-id=\"9b6f7c00-36a6-4ae4-9960-7d27d668adb1\" data-message-model-slug=\"gpt-4o-mini\">\n<div class=\"flex w-full flex-col gap-1 empty:hidden first:pt-[3px]\">\n<div class=\"markdown prose w-full break-words dark:prose-invert light\">\n<p data-start=\"449\" data-end=\"752\" data-is-last-node=\"\" data-is-only-node=\"\">T\u00e4m\u00e4 voimakas entsyymiseos sis\u00e4lt\u00e4\u00e4 tasapainoisen yhdistelm\u00e4n proteaaseja, lipaaseja, amylaaseja ja muita t\u00e4rkeit\u00e4 entsyymej\u00e4, jotka tukevat koko ruoansulatusprosessia. Lis\u00e4ksi se on vahvistettu luonnollisilla kasviuutteilla, jotka voivat edelleen tukea harmonista ja hyvin toimivaa ruoansulatuskanavaa.<\/p>\n<\/div>\n<\/div>\n<\/div>\n<\/div>\n","protected":false},"excerpt":{"rendered":"<p data-start=\"0\" data-end=\"370\">\u2714 Tukee tehokasta ruoansulatusta ja ravintoaineiden imeytymist\u00e4<br data-start=\"63\" data-end=\"66\" \/>\u2714 Voi v\u00e4hent\u00e4\u00e4 turvotusta, kaasuja ja ruoansulatush\u00e4iri\u00f6it\u00e4<br data-start=\"125\" data-end=\"128\" \/>\u2714 Sis\u00e4lt\u00e4\u00e4 laajan entsyymiprofiilin, joka hajottaa kaikki makroravintoaineet<br data-start=\"204\" data-end=\"207\" \/>\u2714 Sopii entsyymivajeeseen, raskaisiin ruoansulatuksiin tai ruokavalion muutoksiin<br data-start=\"288\" data-end=\"291\" \/>\u2714 Rikastettu luonnollisilla kasviuutteilla, jotka tukevat vatsan hyvinvointia<\/p>\n<p data-start=\"372\" data-end=\"383\" data-is-last-node=\"\" data-is-only-node=\"\"><strong>90 kapselia<\/strong><\/p>\n","protected":false},"featured_media":13698,"comment_status":"closed","ping_status":"closed","template":"","meta":{"_acf_changed":false,"inline_featured_image":false,"_kad_blocks_custom_css":"","_kad_blocks_head_custom_js":"","_kad_blocks_body_custom_js":"","_kad_blocks_footer_custom_js":"","_kadence_starter_templates_imported_post":false,"_kad_post_transparent":"default","_kad_post_title":"","_kad_post_layout":"default","_kad_post_sidebar_id":"","_kad_post_content_style":"default","_kad_post_vertical_padding":"default","_kad_post_feature":"","_kad_post_feature_position":"","_kad_post_header":false,"_kad_post_footer":false},"product_brand":[],"product_cat":[5977,5983,2387],"product_tag":[5774,5775,5776,5743,4404,5777,5762,5778,5763,5745,3093,4446,4450,5779,5747,4715],"class_list":{"0":"post-11561","1":"product","2":"type-product","3":"status-publish","4":"has-post-thumbnail","6":"product_cat-matsmaltningsenzymer-fi","7":"product_cat-kenkou-selfcare-fi","8":"product_cat-mage-och-tarm-fi","9":"product_tag-balancerad-matsmaltning-fi","10":"product_tag-enzymer-fi","11":"product_tag-forbattrad-digestion-fi","12":"product_tag-hallbart-fi","13":"product_tag-kasvipohjainen","14":"product_tag-lattsmalt-fi","15":"product_tag-magkomfort-fi","16":"product_tag-matsmaltningsproblem-fi","17":"product_tag-naringsupptag-fi","18":"product_tag-naturligt-tillskott-fi","19":"product_tag-ruoansulatus","20":"product_tag-ruuansulatuksen-tuki","21":"product_tag-suoliston-terveytta","22":"product_tag-upptag-av-naringsamnen-fi","23":"product_tag-valmaende-fi","24":"product_tag-vatsan-terveytta","26":"first","27":"instock","28":"taxable","29":"shipping-taxable","30":"purchasable","31":"product-type-simple","32":"entry","33":"content-bg","34":"loop-entry"},"acf":[],"yoast_head":"<!-- This site is optimized with the Yoast SEO plugin v25.8 - https:\/\/yoast.com\/wordpress\/plugins\/seo\/ -->\n<title>GIT Entsyymi - Reviva<\/title>\n<meta name=\"description\" content=\"GIT Enzym sis\u00e4lt\u00e4\u00e4 sekoituksen ruoansulatusentsyymej\u00e4, jotka parantavat ruoansulatusta ja ravintoaineiden imeytymist\u00e4 paremman hyvinvoinnin saavuttamiseksi.\" \/>\n<meta name=\"robots\" content=\"index, follow, max-snippet:-1, max-image-preview:large, max-video-preview:-1\" \/>\n<link rel=\"canonical\" href=\"https:\/\/reviva.fi\/fi\/tuote\/git-entsyymi\/\" \/>\n<meta property=\"og:locale\" content=\"fi_FI\" \/>\n<meta property=\"og:type\" content=\"article\" \/>\n<meta property=\"og:title\" content=\"GIT Entsyymi - Reviva\" \/>\n<meta property=\"og:description\" content=\"GIT Enzym sis\u00e4lt\u00e4\u00e4 sekoituksen ruoansulatusentsyymej\u00e4, jotka parantavat ruoansulatusta ja ravintoaineiden imeytymist\u00e4 paremman hyvinvoinnin saavuttamiseksi.\" \/>\n<meta property=\"og:url\" content=\"https:\/\/reviva.fi\/fi\/tuote\/git-entsyymi\/\" \/>\n<meta property=\"og:site_name\" content=\"Reviva\" \/>\n<meta property=\"article:modified_time\" content=\"2026-01-23T10:06:49+00:00\" \/>\n<meta property=\"og:image\" content=\"https:\/\/reviva.fi\/wp-content\/uploads\/2025\/03\/140-GIT-enzym-Photoroom-e1769600373736.png\" \/>\n\t<meta property=\"og:image:width\" content=\"2000\" \/>\n\t<meta property=\"og:image:height\" content=\"1333\" \/>\n\t<meta property=\"og:image:type\" content=\"image\/png\" \/>\n<meta name=\"twitter:card\" content=\"summary_large_image\" \/>\n<script type=\"application\/ld+json\" class=\"yoast-schema-graph\">{\"@context\":\"https:\/\/schema.org\",\"@graph\":[{\"@type\":\"WebPage\",\"@id\":\"https:\/\/reviva.fi\/fi\/tuote\/git-entsyymi\/\",\"url\":\"https:\/\/reviva.fi\/fi\/tuote\/git-entsyymi\/\",\"name\":\"GIT Entsyymi - Reviva\",\"isPartOf\":{\"@id\":\"https:\/\/reviva.fi\/fi\/#website\"},\"primaryImageOfPage\":{\"@id\":\"https:\/\/reviva.fi\/fi\/tuote\/git-entsyymi\/#primaryimage\"},\"image\":{\"@id\":\"https:\/\/reviva.fi\/fi\/tuote\/git-entsyymi\/#primaryimage\"},\"thumbnailUrl\":\"https:\/\/reviva.fi\/wp-content\/uploads\/2025\/03\/140-GIT-enzym-Photoroom-e1769600373736.png\",\"datePublished\":\"2025-03-10T13:55:53+00:00\",\"dateModified\":\"2026-01-23T10:06:49+00:00\",\"description\":\"GIT Enzym sis\u00e4lt\u00e4\u00e4 sekoituksen ruoansulatusentsyymej\u00e4, jotka parantavat ruoansulatusta ja ravintoaineiden imeytymist\u00e4 paremman hyvinvoinnin saavuttamiseksi.\",\"breadcrumb\":{\"@id\":\"https:\/\/reviva.fi\/fi\/tuote\/git-entsyymi\/#breadcrumb\"},\"inLanguage\":\"fi\",\"potentialAction\":[{\"@type\":\"ReadAction\",\"target\":[\"https:\/\/reviva.fi\/fi\/tuote\/git-entsyymi\/\"]}]},{\"@type\":\"ImageObject\",\"inLanguage\":\"fi\",\"@id\":\"https:\/\/reviva.fi\/fi\/tuote\/git-entsyymi\/#primaryimage\",\"url\":\"https:\/\/reviva.fi\/wp-content\/uploads\/2025\/03\/140-GIT-enzym-Photoroom-e1769600373736.png\",\"contentUrl\":\"https:\/\/reviva.fi\/wp-content\/uploads\/2025\/03\/140-GIT-enzym-Photoroom-e1769600373736.png\",\"width\":2000,\"height\":1333,\"caption\":\"GIT enzym\"},{\"@type\":\"BreadcrumbList\",\"@id\":\"https:\/\/reviva.fi\/fi\/tuote\/git-entsyymi\/#breadcrumb\",\"itemListElement\":[{\"@type\":\"ListItem\",\"position\":1,\"name\":\"Etusivu\",\"item\":\"https:\/\/reviva.fi\/fi\/\"},{\"@type\":\"ListItem\",\"position\":2,\"name\":\"Tuotteet\",\"item\":\"https:\/\/reviva.fi\/produkter\/\"},{\"@type\":\"ListItem\",\"position\":3,\"name\":\"GIT Entsyymi\"}]},{\"@type\":\"WebSite\",\"@id\":\"https:\/\/reviva.fi\/fi\/#website\",\"url\":\"https:\/\/reviva.fi\/fi\/\",\"name\":\"Reviva\",\"description\":\"\",\"publisher\":{\"@id\":\"https:\/\/reviva.fi\/fi\/#organization\"},\"potentialAction\":[{\"@type\":\"SearchAction\",\"target\":{\"@type\":\"EntryPoint\",\"urlTemplate\":\"https:\/\/reviva.fi\/fi\/?s={search_term_string}\"},\"query-input\":{\"@type\":\"PropertyValueSpecification\",\"valueRequired\":true,\"valueName\":\"search_term_string\"}}],\"inLanguage\":\"fi\"},{\"@type\":\"Organization\",\"@id\":\"https:\/\/reviva.fi\/fi\/#organization\",\"name\":\"Reviva\",\"url\":\"https:\/\/reviva.fi\/fi\/\",\"logo\":{\"@type\":\"ImageObject\",\"inLanguage\":\"fi\",\"@id\":\"https:\/\/reviva.fi\/fi\/#\/schema\/logo\/image\/\",\"url\":\"https:\/\/reviva.fi\/wp-content\/uploads\/2023\/10\/reviva-logo2.svg\",\"contentUrl\":\"https:\/\/reviva.fi\/wp-content\/uploads\/2023\/10\/reviva-logo2.svg\",\"caption\":\"Reviva\"},\"image\":{\"@id\":\"https:\/\/reviva.fi\/fi\/#\/schema\/logo\/image\/\"}}]}<\/script>\n<meta property=\"product:price:amount\" content=\"31.45\" \/>\n<meta property=\"product:price:currency\" content=\"EUR\" \/>\n<meta property=\"og:availability\" content=\"instock\" \/>\n<meta property=\"product:availability\" content=\"instock\" \/>\n<meta property=\"product:retailer_item_id\" content=\"140\" \/>\n<meta property=\"product:condition\" content=\"new\" \/>\n<!-- \/ Yoast SEO plugin. -->","yoast_head_json":{"title":"GIT Entsyymi - Reviva","description":"GIT Enzym sis\u00e4lt\u00e4\u00e4 sekoituksen ruoansulatusentsyymej\u00e4, jotka parantavat ruoansulatusta ja ravintoaineiden imeytymist\u00e4 paremman hyvinvoinnin saavuttamiseksi.","robots":{"index":"index","follow":"follow","max-snippet":"max-snippet:-1","max-image-preview":"max-image-preview:large","max-video-preview":"max-video-preview:-1"},"canonical":"https:\/\/reviva.fi\/fi\/tuote\/git-entsyymi\/","og_locale":"fi_FI","og_type":"article","og_title":"GIT Entsyymi - Reviva","og_description":"GIT Enzym sis\u00e4lt\u00e4\u00e4 sekoituksen ruoansulatusentsyymej\u00e4, jotka parantavat ruoansulatusta ja ravintoaineiden imeytymist\u00e4 paremman hyvinvoinnin saavuttamiseksi.","og_url":"https:\/\/reviva.fi\/fi\/tuote\/git-entsyymi\/","og_site_name":"Reviva","article_modified_time":"2026-01-23T10:06:49+00:00","og_image":[{"width":2000,"height":1333,"url":"https:\/\/reviva.fi\/wp-content\/uploads\/2025\/03\/140-GIT-enzym-Photoroom-e1769600373736.png","type":"image\/png"}],"twitter_card":"summary_large_image","schema":{"@context":"https:\/\/schema.org","@graph":[{"@type":"WebPage","@id":"https:\/\/reviva.fi\/fi\/tuote\/git-entsyymi\/","url":"https:\/\/reviva.fi\/fi\/tuote\/git-entsyymi\/","name":"GIT Entsyymi - Reviva","isPartOf":{"@id":"https:\/\/reviva.fi\/fi\/#website"},"primaryImageOfPage":{"@id":"https:\/\/reviva.fi\/fi\/tuote\/git-entsyymi\/#primaryimage"},"image":{"@id":"https:\/\/reviva.fi\/fi\/tuote\/git-entsyymi\/#primaryimage"},"thumbnailUrl":"https:\/\/reviva.fi\/wp-content\/uploads\/2025\/03\/140-GIT-enzym-Photoroom-e1769600373736.png","datePublished":"2025-03-10T13:55:53+00:00","dateModified":"2026-01-23T10:06:49+00:00","description":"GIT Enzym sis\u00e4lt\u00e4\u00e4 sekoituksen ruoansulatusentsyymej\u00e4, jotka parantavat ruoansulatusta ja ravintoaineiden imeytymist\u00e4 paremman hyvinvoinnin saavuttamiseksi.","breadcrumb":{"@id":"https:\/\/reviva.fi\/fi\/tuote\/git-entsyymi\/#breadcrumb"},"inLanguage":"fi","potentialAction":[{"@type":"ReadAction","target":["https:\/\/reviva.fi\/fi\/tuote\/git-entsyymi\/"]}]},{"@type":"ImageObject","inLanguage":"fi","@id":"https:\/\/reviva.fi\/fi\/tuote\/git-entsyymi\/#primaryimage","url":"https:\/\/reviva.fi\/wp-content\/uploads\/2025\/03\/140-GIT-enzym-Photoroom-e1769600373736.png","contentUrl":"https:\/\/reviva.fi\/wp-content\/uploads\/2025\/03\/140-GIT-enzym-Photoroom-e1769600373736.png","width":2000,"height":1333,"caption":"GIT enzym"},{"@type":"BreadcrumbList","@id":"https:\/\/reviva.fi\/fi\/tuote\/git-entsyymi\/#breadcrumb","itemListElement":[{"@type":"ListItem","position":1,"name":"Etusivu","item":"https:\/\/reviva.fi\/fi\/"},{"@type":"ListItem","position":2,"name":"Tuotteet","item":"https:\/\/reviva.fi\/produkter\/"},{"@type":"ListItem","position":3,"name":"GIT Entsyymi"}]},{"@type":"WebSite","@id":"https:\/\/reviva.fi\/fi\/#website","url":"https:\/\/reviva.fi\/fi\/","name":"Reviva","description":"","publisher":{"@id":"https:\/\/reviva.fi\/fi\/#organization"},"potentialAction":[{"@type":"SearchAction","target":{"@type":"EntryPoint","urlTemplate":"https:\/\/reviva.fi\/fi\/?s={search_term_string}"},"query-input":{"@type":"PropertyValueSpecification","valueRequired":true,"valueName":"search_term_string"}}],"inLanguage":"fi"},{"@type":"Organization","@id":"https:\/\/reviva.fi\/fi\/#organization","name":"Reviva","url":"https:\/\/reviva.fi\/fi\/","logo":{"@type":"ImageObject","inLanguage":"fi","@id":"https:\/\/reviva.fi\/fi\/#\/schema\/logo\/image\/","url":"https:\/\/reviva.fi\/wp-content\/uploads\/2023\/10\/reviva-logo2.svg","contentUrl":"https:\/\/reviva.fi\/wp-content\/uploads\/2023\/10\/reviva-logo2.svg","caption":"Reviva"},"image":{"@id":"https:\/\/reviva.fi\/fi\/#\/schema\/logo\/image\/"}}]},"product_price_amount":"31.45","product_price_currency":"EUR","og_availability":"instock","product_availability":"instock","product_retailer_item_id":"140","product_condition":"new"},"taxonomy_info":{"product_cat":[{"value":5977,"label":"Ruoansulatusentsyymit"},{"value":5983,"label":"Kenkou Selfcare"},{"value":2387,"label":"Maha &amp; Suolisto"}],"product_tag":[{"value":5774,"label":"balancerad matsm\u00e4ltning"},{"value":5775,"label":"enzymer"},{"value":5776,"label":"f\u00f6rb\u00e4ttrad digestion"},{"value":5743,"label":"h\u00e5llbart"},{"value":4404,"label":"Kasvipohjainen"},{"value":5777,"label":"l\u00e4ttsm\u00e4lt."},{"value":5762,"label":"magkomfort"},{"value":5778,"label":"matsm\u00e4ltningsproblem"},{"value":5763,"label":"n\u00e4ringsupptag"},{"value":5745,"label":"Naturligt tillskott"},{"value":3093,"label":"ruoansulatus"},{"value":4446,"label":"ruuansulatuksen tuki"},{"value":4450,"label":"suoliston terveytt\u00e4"},{"value":5779,"label":"upptag av n\u00e4rings\u00e4mnen"},{"value":5747,"label":"v\u00e4lm\u00e5ende"},{"value":4715,"label":"vatsan terveytt\u00e4"}]},"featured_image_src_large":["https:\/\/reviva.fi\/wp-content\/uploads\/2025\/03\/140-GIT-enzym-Photoroom-1024x682.png",1024,682,true],"author_info":[],"comment_info":0,"_links":{"self":[{"href":"https:\/\/reviva.fi\/fi\/wp-json\/wp\/v2\/product\/11561","targetHints":{"allow":["GET"]}}],"collection":[{"href":"https:\/\/reviva.fi\/fi\/wp-json\/wp\/v2\/product"}],"about":[{"href":"https:\/\/reviva.fi\/fi\/wp-json\/wp\/v2\/types\/product"}],"replies":[{"embeddable":true,"href":"https:\/\/reviva.fi\/fi\/wp-json\/wp\/v2\/comments?post=11561"}],"wp:featuredmedia":[{"embeddable":true,"href":"https:\/\/reviva.fi\/fi\/wp-json\/wp\/v2\/media\/13698"}],"wp:attachment":[{"href":"https:\/\/reviva.fi\/fi\/wp-json\/wp\/v2\/media?parent=11561"}],"wp:term":[{"taxonomy":"product_brand","embeddable":true,"href":"https:\/\/reviva.fi\/fi\/wp-json\/wp\/v2\/product_brand?post=11561"},{"taxonomy":"product_cat","embeddable":true,"href":"https:\/\/reviva.fi\/fi\/wp-json\/wp\/v2\/product_cat?post=11561"},{"taxonomy":"product_tag","embeddable":true,"href":"https:\/\/reviva.fi\/fi\/wp-json\/wp\/v2\/product_tag?post=11561"}],"curies":[{"name":"wp","href":"https:\/\/api.w.org\/{rel}","templated":true}]}}