{"id":11564,"date":"2025-03-10T16:01:04","date_gmt":"2025-03-10T14:01:04","guid":{"rendered":"https:\/\/reviva.fi\/product\/ip6-100g\/"},"modified":"2026-01-26T13:51:23","modified_gmt":"2026-01-26T11:51:23","slug":"ip6-100g","status":"publish","type":"product","link":"https:\/\/reviva.fi\/fi\/tuote\/ip6-100g\/","title":{"rendered":"IP6, Inositoli Heksafosfaatti"},"content":{"rendered":"<p data-start=\"0\" data-end=\"17\"><strong>IP6 100g<\/strong><\/p>\n<p data-start=\"0\" data-end=\"351\">IP6 (inositoliheksafosfaatti) on luonnollinen yhdiste, jota l\u00f6ytyy kasveista, erityisesti t\u00e4ysjyv\u00e4viljoista ja palkokasveista. Se on voimakas antioksidantti, jota on tutkittu erityisesti sen mahdollisten terveyshy\u00f6tyjen, kuten solujen terveyden tukemisen, immuunij\u00e4rjestelm\u00e4n vahvistamisen ja kehon luonnollisten puolustusmekanismien tukemisen osalta.<\/p>\n<ul>\n<li data-start=\"0\" data-end=\"504\">Vahva antioksidantti \u2013 Auttaa suojaamaan soluja vapaiden radikaalien ja oksidatiivisen stressin haittavaikutuksilta.<\/li>\n<li data-start=\"0\" data-end=\"504\">Tukee solujen terveytt\u00e4 \u2013 IP6:ta on tutkittu sen mahdollisessa roolissa terveiden solutoimintojen edist\u00e4misess\u00e4.<\/li>\n<li data-start=\"0\" data-end=\"504\">Vahvistaa immuunij\u00e4rjestelm\u00e4\u00e4 \u2013 Voi tukea kehon luonnollisia puolustusmekanismeja.<\/li>\n<li data-start=\"0\" data-end=\"504\">Sis\u00e4lt\u00e4\u00e4 myo-inositolia \u2013 T\u00e4rke\u00e4 komponentti solukalvoille ja kehon viestinv\u00e4litt\u00e4j\u00e4aineille.<\/li>\n<li data-start=\"0\" data-end=\"504\">Luonnollinen kasvipohjainen ravintolis\u00e4 \u2013 Uutettu kasvikunnan l\u00e4hteist\u00e4, ilman lis\u00e4aineita.<\/li>\n<\/ul>\n","protected":false},"excerpt":{"rendered":"<p>T\u00e4m\u00e4 tuote sis\u00e4lt\u00e4\u00e4 yhdistelm\u00e4n IP6:ta (3510 mg per teelusikallinen) ja myo-inositolia (990 mg per teelusikallinen), mik\u00e4 antaa synergistisen vaikutuksen tukemaan solujen toimintaa ja edist\u00e4m\u00e4\u00e4n yleist\u00e4 hyvinvointia. IP6 toimii sitomalla mineraaleja ja s\u00e4\u00e4telem\u00e4ll\u00e4 niiden imeytymist\u00e4 kehossa, samalla suojaten soluja hapettumisstressilt\u00e4 antioksidanttina.<\/p>\n<p data-start=\"506\" data-end=\"511\" data-is-last-node=\"\" data-is-only-node=\"\"><strong>100 g<\/strong><\/p>\n","protected":false},"featured_media":11507,"comment_status":"closed","ping_status":"closed","template":"","meta":{"_acf_changed":false,"inline_featured_image":false,"_kad_blocks_custom_css":"","_kad_blocks_head_custom_js":"","_kad_blocks_body_custom_js":"","_kad_blocks_footer_custom_js":"","_kadence_starter_templates_imported_post":false,"_kad_post_transparent":"default","_kad_post_title":"","_kad_post_layout":"default","_kad_post_sidebar_id":"","_kad_post_content_style":"default","_kad_post_vertical_padding":"default","_kad_post_feature":"","_kad_post_feature_position":"","_kad_post_header":false,"_kad_post_footer":false},"product_brand":[],"product_cat":[2505,5963,2357],"product_tag":[4422,3750,5780,5781,5749,5782,4772,1235,5589,5743,444,4404,5783,5784,5745,4836,1253],"class_list":{"0":"post-11564","1":"product","2":"type-product","3":"status-publish","4":"has-post-thumbnail","6":"product_cat-ovriga-kosttillskott-fi","7":"product_cat-synergos-fi","8":"product_cat-immunforsvar-fi","9":"product_tag-aineenvaihduntaa-fi","10":"product_tag-antioxidantstod-fi","11":"product_tag-antioxidativ-fi","12":"product_tag-cancerforebyggande-fi","13":"product_tag-detox-fi","14":"product_tag-dna-reparation-fi","15":"product_tag-elinvoimaisuus","16":"product_tag-energia","17":"product_tag-halsa-fi","18":"product_tag-hallbart-fi","19":"product_tag-immuunijarjestelma","20":"product_tag-kasvipohjainen","21":"product_tag-kroppens-skydd-fi","22":"product_tag-naringsstod-fi","23":"product_tag-naturligt-tillskott-fi","24":"product_tag-solujen-terveys","25":"product_tag-vapaat-radikaalit","27":"first","28":"instock","29":"taxable","30":"shipping-taxable","31":"purchasable","32":"product-type-simple","33":"entry","34":"content-bg","35":"loop-entry"},"acf":[],"yoast_head":"<!-- This site is optimized with the Yoast SEO plugin v25.8 - https:\/\/yoast.com\/wordpress\/plugins\/seo\/ -->\n<title>IP6, Inositoli Heksafosfaatti - Reviva<\/title>\n<meta name=\"description\" content=\"IP6 100g IP6 on voimakas antioksidantti, joka tukee solujen terveytt\u00e4 ja edist\u00e4\u00e4 immuunij\u00e4rjestelm\u00e4n toimintaa taistelemalla vapaita radikaaleja vastaan.\" \/>\n<meta name=\"robots\" content=\"index, follow, max-snippet:-1, max-image-preview:large, max-video-preview:-1\" \/>\n<link rel=\"canonical\" href=\"https:\/\/reviva.fi\/fi\/tuote\/ip6-100g\/\" \/>\n<meta property=\"og:locale\" content=\"fi_FI\" \/>\n<meta property=\"og:type\" content=\"article\" \/>\n<meta property=\"og:title\" content=\"IP6, Inositoli Heksafosfaatti - Reviva\" \/>\n<meta property=\"og:description\" content=\"IP6 100g IP6 on voimakas antioksidantti, joka tukee solujen terveytt\u00e4 ja edist\u00e4\u00e4 immuunij\u00e4rjestelm\u00e4n toimintaa taistelemalla vapaita radikaaleja vastaan.\" \/>\n<meta property=\"og:url\" content=\"https:\/\/reviva.fi\/fi\/tuote\/ip6-100g\/\" \/>\n<meta property=\"og:site_name\" content=\"Reviva\" \/>\n<meta property=\"article:modified_time\" content=\"2026-01-26T11:51:23+00:00\" \/>\n<meta property=\"og:image\" content=\"https:\/\/reviva.fi\/wp-content\/uploads\/2025\/03\/IP6.png\" \/>\n\t<meta property=\"og:image:width\" content=\"1800\" \/>\n\t<meta property=\"og:image:height\" content=\"2400\" \/>\n\t<meta property=\"og:image:type\" content=\"image\/png\" \/>\n<meta name=\"twitter:card\" content=\"summary_large_image\" \/>\n<script type=\"application\/ld+json\" class=\"yoast-schema-graph\">{\"@context\":\"https:\/\/schema.org\",\"@graph\":[{\"@type\":\"WebPage\",\"@id\":\"https:\/\/reviva.fi\/fi\/tuote\/ip6-100g\/\",\"url\":\"https:\/\/reviva.fi\/fi\/tuote\/ip6-100g\/\",\"name\":\"IP6, Inositoli Heksafosfaatti - Reviva\",\"isPartOf\":{\"@id\":\"https:\/\/reviva.fi\/fi\/#website\"},\"primaryImageOfPage\":{\"@id\":\"https:\/\/reviva.fi\/fi\/tuote\/ip6-100g\/#primaryimage\"},\"image\":{\"@id\":\"https:\/\/reviva.fi\/fi\/tuote\/ip6-100g\/#primaryimage\"},\"thumbnailUrl\":\"https:\/\/reviva.fi\/wp-content\/uploads\/2025\/03\/IP6.png\",\"datePublished\":\"2025-03-10T14:01:04+00:00\",\"dateModified\":\"2026-01-26T11:51:23+00:00\",\"description\":\"IP6 100g IP6 on voimakas antioksidantti, joka tukee solujen terveytt\u00e4 ja edist\u00e4\u00e4 immuunij\u00e4rjestelm\u00e4n toimintaa taistelemalla vapaita radikaaleja vastaan.\",\"breadcrumb\":{\"@id\":\"https:\/\/reviva.fi\/fi\/tuote\/ip6-100g\/#breadcrumb\"},\"inLanguage\":\"fi\",\"potentialAction\":[{\"@type\":\"ReadAction\",\"target\":[\"https:\/\/reviva.fi\/fi\/tuote\/ip6-100g\/\"]}]},{\"@type\":\"ImageObject\",\"inLanguage\":\"fi\",\"@id\":\"https:\/\/reviva.fi\/fi\/tuote\/ip6-100g\/#primaryimage\",\"url\":\"https:\/\/reviva.fi\/wp-content\/uploads\/2025\/03\/IP6.png\",\"contentUrl\":\"https:\/\/reviva.fi\/wp-content\/uploads\/2025\/03\/IP6.png\",\"width\":1800,\"height\":2400,\"caption\":\"IP6 - 100g\"},{\"@type\":\"BreadcrumbList\",\"@id\":\"https:\/\/reviva.fi\/fi\/tuote\/ip6-100g\/#breadcrumb\",\"itemListElement\":[{\"@type\":\"ListItem\",\"position\":1,\"name\":\"Etusivu\",\"item\":\"https:\/\/reviva.fi\/fi\/\"},{\"@type\":\"ListItem\",\"position\":2,\"name\":\"Tuotteet\",\"item\":\"https:\/\/reviva.fi\/produkter\/\"},{\"@type\":\"ListItem\",\"position\":3,\"name\":\"IP6, Inositoli Heksafosfaatti\"}]},{\"@type\":\"WebSite\",\"@id\":\"https:\/\/reviva.fi\/fi\/#website\",\"url\":\"https:\/\/reviva.fi\/fi\/\",\"name\":\"Reviva\",\"description\":\"\",\"publisher\":{\"@id\":\"https:\/\/reviva.fi\/fi\/#organization\"},\"potentialAction\":[{\"@type\":\"SearchAction\",\"target\":{\"@type\":\"EntryPoint\",\"urlTemplate\":\"https:\/\/reviva.fi\/fi\/?s={search_term_string}\"},\"query-input\":{\"@type\":\"PropertyValueSpecification\",\"valueRequired\":true,\"valueName\":\"search_term_string\"}}],\"inLanguage\":\"fi\"},{\"@type\":\"Organization\",\"@id\":\"https:\/\/reviva.fi\/fi\/#organization\",\"name\":\"Reviva\",\"url\":\"https:\/\/reviva.fi\/fi\/\",\"logo\":{\"@type\":\"ImageObject\",\"inLanguage\":\"fi\",\"@id\":\"https:\/\/reviva.fi\/fi\/#\/schema\/logo\/image\/\",\"url\":\"https:\/\/reviva.fi\/wp-content\/uploads\/2023\/10\/reviva-logo2.svg\",\"contentUrl\":\"https:\/\/reviva.fi\/wp-content\/uploads\/2023\/10\/reviva-logo2.svg\",\"caption\":\"Reviva\"},\"image\":{\"@id\":\"https:\/\/reviva.fi\/fi\/#\/schema\/logo\/image\/\"}}]}<\/script>\n<meta property=\"product:price:amount\" content=\"31.45\" \/>\n<meta property=\"product:price:currency\" content=\"EUR\" \/>\n<meta property=\"og:availability\" content=\"instock\" \/>\n<meta property=\"product:availability\" content=\"instock\" \/>\n<meta property=\"product:retailer_item_id\" content=\"335\" \/>\n<meta property=\"product:condition\" content=\"new\" \/>\n<!-- \/ Yoast SEO plugin. -->","yoast_head_json":{"title":"IP6, Inositoli Heksafosfaatti - Reviva","description":"IP6 100g IP6 on voimakas antioksidantti, joka tukee solujen terveytt\u00e4 ja edist\u00e4\u00e4 immuunij\u00e4rjestelm\u00e4n toimintaa taistelemalla vapaita radikaaleja vastaan.","robots":{"index":"index","follow":"follow","max-snippet":"max-snippet:-1","max-image-preview":"max-image-preview:large","max-video-preview":"max-video-preview:-1"},"canonical":"https:\/\/reviva.fi\/fi\/tuote\/ip6-100g\/","og_locale":"fi_FI","og_type":"article","og_title":"IP6, Inositoli Heksafosfaatti - Reviva","og_description":"IP6 100g IP6 on voimakas antioksidantti, joka tukee solujen terveytt\u00e4 ja edist\u00e4\u00e4 immuunij\u00e4rjestelm\u00e4n toimintaa taistelemalla vapaita radikaaleja vastaan.","og_url":"https:\/\/reviva.fi\/fi\/tuote\/ip6-100g\/","og_site_name":"Reviva","article_modified_time":"2026-01-26T11:51:23+00:00","og_image":[{"width":1800,"height":2400,"url":"https:\/\/reviva.fi\/wp-content\/uploads\/2025\/03\/IP6.png","type":"image\/png"}],"twitter_card":"summary_large_image","schema":{"@context":"https:\/\/schema.org","@graph":[{"@type":"WebPage","@id":"https:\/\/reviva.fi\/fi\/tuote\/ip6-100g\/","url":"https:\/\/reviva.fi\/fi\/tuote\/ip6-100g\/","name":"IP6, Inositoli Heksafosfaatti - Reviva","isPartOf":{"@id":"https:\/\/reviva.fi\/fi\/#website"},"primaryImageOfPage":{"@id":"https:\/\/reviva.fi\/fi\/tuote\/ip6-100g\/#primaryimage"},"image":{"@id":"https:\/\/reviva.fi\/fi\/tuote\/ip6-100g\/#primaryimage"},"thumbnailUrl":"https:\/\/reviva.fi\/wp-content\/uploads\/2025\/03\/IP6.png","datePublished":"2025-03-10T14:01:04+00:00","dateModified":"2026-01-26T11:51:23+00:00","description":"IP6 100g IP6 on voimakas antioksidantti, joka tukee solujen terveytt\u00e4 ja edist\u00e4\u00e4 immuunij\u00e4rjestelm\u00e4n toimintaa taistelemalla vapaita radikaaleja vastaan.","breadcrumb":{"@id":"https:\/\/reviva.fi\/fi\/tuote\/ip6-100g\/#breadcrumb"},"inLanguage":"fi","potentialAction":[{"@type":"ReadAction","target":["https:\/\/reviva.fi\/fi\/tuote\/ip6-100g\/"]}]},{"@type":"ImageObject","inLanguage":"fi","@id":"https:\/\/reviva.fi\/fi\/tuote\/ip6-100g\/#primaryimage","url":"https:\/\/reviva.fi\/wp-content\/uploads\/2025\/03\/IP6.png","contentUrl":"https:\/\/reviva.fi\/wp-content\/uploads\/2025\/03\/IP6.png","width":1800,"height":2400,"caption":"IP6 - 100g"},{"@type":"BreadcrumbList","@id":"https:\/\/reviva.fi\/fi\/tuote\/ip6-100g\/#breadcrumb","itemListElement":[{"@type":"ListItem","position":1,"name":"Etusivu","item":"https:\/\/reviva.fi\/fi\/"},{"@type":"ListItem","position":2,"name":"Tuotteet","item":"https:\/\/reviva.fi\/produkter\/"},{"@type":"ListItem","position":3,"name":"IP6, Inositoli Heksafosfaatti"}]},{"@type":"WebSite","@id":"https:\/\/reviva.fi\/fi\/#website","url":"https:\/\/reviva.fi\/fi\/","name":"Reviva","description":"","publisher":{"@id":"https:\/\/reviva.fi\/fi\/#organization"},"potentialAction":[{"@type":"SearchAction","target":{"@type":"EntryPoint","urlTemplate":"https:\/\/reviva.fi\/fi\/?s={search_term_string}"},"query-input":{"@type":"PropertyValueSpecification","valueRequired":true,"valueName":"search_term_string"}}],"inLanguage":"fi"},{"@type":"Organization","@id":"https:\/\/reviva.fi\/fi\/#organization","name":"Reviva","url":"https:\/\/reviva.fi\/fi\/","logo":{"@type":"ImageObject","inLanguage":"fi","@id":"https:\/\/reviva.fi\/fi\/#\/schema\/logo\/image\/","url":"https:\/\/reviva.fi\/wp-content\/uploads\/2023\/10\/reviva-logo2.svg","contentUrl":"https:\/\/reviva.fi\/wp-content\/uploads\/2023\/10\/reviva-logo2.svg","caption":"Reviva"},"image":{"@id":"https:\/\/reviva.fi\/fi\/#\/schema\/logo\/image\/"}}]},"product_price_amount":"31.45","product_price_currency":"EUR","og_availability":"instock","product_availability":"instock","product_retailer_item_id":"335","product_condition":"new"},"taxonomy_info":{"product_cat":[{"value":2505,"label":"Muut ravintolis\u00e4t"},{"value":5963,"label":"Synergos"},{"value":2357,"label":"Immuunipuolustus"}],"product_tag":[{"value":4422,"label":"aineenvaihduntaa"},{"value":3750,"label":"Antioxidantst\u00f6d"},{"value":5780,"label":"antioxidativ"},{"value":5781,"label":"cancerf\u00f6rebyggande"},{"value":5749,"label":"detox"},{"value":5782,"label":"DNA-reparation"},{"value":4772,"label":"Elinvoimaisuus"},{"value":1235,"label":"energia"},{"value":5589,"label":"H\u00e4lsa"},{"value":5743,"label":"h\u00e5llbart"},{"value":444,"label":"immuunij\u00e4rjestelm\u00e4"},{"value":4404,"label":"Kasvipohjainen"},{"value":5783,"label":"kroppens skydd"},{"value":5784,"label":"n\u00e4ringsst\u00f6d"},{"value":5745,"label":"Naturligt tillskott"},{"value":4836,"label":"Solujen terveys"},{"value":1253,"label":"vapaat radikaalit"}]},"featured_image_src_large":["https:\/\/reviva.fi\/wp-content\/uploads\/2025\/03\/IP6-768x1024.png",768,1024,true],"author_info":[],"comment_info":0,"_links":{"self":[{"href":"https:\/\/reviva.fi\/fi\/wp-json\/wp\/v2\/product\/11564","targetHints":{"allow":["GET"]}}],"collection":[{"href":"https:\/\/reviva.fi\/fi\/wp-json\/wp\/v2\/product"}],"about":[{"href":"https:\/\/reviva.fi\/fi\/wp-json\/wp\/v2\/types\/product"}],"replies":[{"embeddable":true,"href":"https:\/\/reviva.fi\/fi\/wp-json\/wp\/v2\/comments?post=11564"}],"wp:featuredmedia":[{"embeddable":true,"href":"https:\/\/reviva.fi\/fi\/wp-json\/wp\/v2\/media\/11507"}],"wp:attachment":[{"href":"https:\/\/reviva.fi\/fi\/wp-json\/wp\/v2\/media?parent=11564"}],"wp:term":[{"taxonomy":"product_brand","embeddable":true,"href":"https:\/\/reviva.fi\/fi\/wp-json\/wp\/v2\/product_brand?post=11564"},{"taxonomy":"product_cat","embeddable":true,"href":"https:\/\/reviva.fi\/fi\/wp-json\/wp\/v2\/product_cat?post=11564"},{"taxonomy":"product_tag","embeddable":true,"href":"https:\/\/reviva.fi\/fi\/wp-json\/wp\/v2\/product_tag?post=11564"}],"curies":[{"name":"wp","href":"https:\/\/api.w.org\/{rel}","templated":true}]}}