{"id":11570,"date":"2025-03-11T08:42:39","date_gmt":"2025-03-11T06:42:39","guid":{"rendered":"https:\/\/reviva.fi\/product\/magnesium-sensitive\/"},"modified":"2026-03-23T12:06:40","modified_gmt":"2026-03-23T10:06:40","slug":"magnesium-sensitive-100-kap","status":"publish","type":"product","link":"https:\/\/reviva.fi\/fi\/tuote\/magnesium-sensitive-100-kap\/","title":{"rendered":"Magnesium Sensitive"},"content":{"rendered":"<p data-start=\"0\" data-end=\"65\"><strong data-start=\"0\" data-end=\"63\">Magnesium Sensitive &#8211; 100 kap \u2013 <\/strong><strong data-start=\"23\" data-end=\"71\">Hell\u00e4varainen ja helposti imeytyv\u00e4 magnesium<\/strong><\/p>\n<p data-start=\"73\" data-end=\"411\">Magnesium Sensitive on huolellisesti suunniteltu ravintolis\u00e4 ihmisille, joilla on herkk\u00e4 vatsa ja jotka haluavat varmistaa riitt\u00e4v\u00e4n magnesiumin saannin ilman, ett\u00e4 se rasittaa ruoansulatusj\u00e4rjestelm\u00e4\u00e4. Magnesium on t\u00e4rke\u00e4 mineraali, joka tukee normaalia lihastoimintaa, hermoston toimintaa, energia-aineenvaihduntaa ja luuston terveytt\u00e4.<\/p>\n<p data-start=\"413\" data-end=\"769\" data-is-last-node=\"\" data-is-only-node=\"\">Jokainen p\u00e4ivitt\u00e4inen annos (3 kapselia) sis\u00e4lt\u00e4\u00e4 225 mg magnesiumia, mik\u00e4 tarjoaa hell\u00e4varaisen ja tasapainoisen saannin t\u00e4t\u00e4 t\u00e4rke\u00e4\u00e4 mineraalia. Tuote on kehitetty olemaan helposti imeytyv\u00e4 ja vatsayst\u00e4v\u00e4llinen, mik\u00e4 tekee siit\u00e4 ihanteellisen vaihtoehdon henkil\u00f6ille, jotka kokevat ep\u00e4mukavuutta joidenkin muiden magnesiummuotojen nauttimisen yhteydess\u00e4.<\/p>\n","protected":false},"excerpt":{"rendered":"<p data-start=\"11\" data-end=\"501\">\u2714 Tukee lihaksia ja hermostoa \u2013 Auttaa v\u00e4hent\u00e4m\u00e4\u00e4n v\u00e4symyst\u00e4 ja edist\u00e4\u00e4 normaalin lihastoiminnan s\u00e4ilymist\u00e4.<br data-start=\"119\" data-end=\"122\" \/>\u2714 Hell\u00e4varainen vatsalle \u2013 Sopii herkk\u00e4vatsaisille, jotka voivat reagoida tiettyihin magnesiumin muotoihin.<br data-start=\"229\" data-end=\"232\" data-is-only-node=\"\" \/>\u2714 Edist\u00e4\u00e4 luuston terveytt\u00e4 \u2013 T\u00e4rke\u00e4 mineraali vahvojen ja terveiden luiden yll\u00e4pit\u00e4miseksi.<br data-start=\"324\" data-end=\"327\" \/>\u2714 Auttaa v\u00e4symykseen ja uupumukseen \u2013 T\u00e4rke\u00e4 energian aineenvaihdunnassa ja v\u00e4symyksen v\u00e4hent\u00e4misess\u00e4.<br data-start=\"429\" data-end=\"432\" \/>\u2714 Kasviper\u00e4iset kapselit \u2013 Sopii vegaanien ja vegetaarien k\u00e4ytt\u00f6\u00f6n.<\/p>\n<p data-start=\"503\" data-end=\"519\" data-is-last-node=\"\" data-is-only-node=\"\"><strong data-start=\"503\" data-end=\"519\" data-is-last-node=\"\">100 kapselia<\/strong><\/p>\n","protected":false},"featured_media":11515,"comment_status":"closed","ping_status":"closed","template":"","meta":{"_acf_changed":false,"inline_featured_image":false,"_kad_blocks_custom_css":"","_kad_blocks_head_custom_js":"","_kad_blocks_body_custom_js":"","_kad_blocks_footer_custom_js":"","_kadence_starter_templates_imported_post":false,"_kad_post_transparent":"default","_kad_post_title":"","_kad_post_layout":"default","_kad_post_sidebar_id":"","_kad_post_content_style":"default","_kad_post_vertical_padding":"default","_kad_post_feature":"","_kad_post_feature_position":"","_kad_post_header":false,"_kad_post_footer":false},"product_brand":[],"product_cat":[93,92,2376,2371,2375],"product_tag":[5786,1627,5743,500,5761,5787,479,3588,3590,5745,3093,3389,4419,1128,1588,5747,517],"class_list":{"0":"post-11570","1":"product","2":"type-product","3":"status-publish","4":"has-post-thumbnail","6":"product_cat-mineraler-fi","7":"product_cat-magnesium-fi","8":"product_cat-stressad-och-trott-fi","9":"product_cat-muskler-och-leder-fi","10":"product_cat-traning-fi","11":"product_tag-balanskropp-fi","12":"product_tag-elpyminen","13":"product_tag-hallbart-fi","14":"product_tag-hermosto","15":"product_tag-kanslig-mage-fi","16":"product_tag-magnesiumbrist-fi","17":"product_tag-magnesiumi","18":"product_tag-magnesiumtillskott-fi","19":"product_tag-muskelavslappning-fi","20":"product_tag-naturligt-tillskott-fi","21":"product_tag-ruoansulatus","22":"product_tag-stresshantering-fi","23":"product_tag-sydanterveytta","24":"product_tag-tulehdusta-ehkaiseva","25":"product_tag-unen-laatu","26":"product_tag-valmaende-fi","27":"product_tag-vasymys","29":"first","30":"instock","31":"taxable","32":"shipping-taxable","33":"purchasable","34":"product-type-simple","35":"entry","36":"content-bg","37":"loop-entry"},"acf":[],"yoast_head":"<!-- This site is optimized with the Yoast SEO plugin v25.8 - https:\/\/yoast.com\/wordpress\/plugins\/seo\/ -->\n<title>Magnesium Sensitive - Reviva<\/title>\n<meta name=\"description\" content=\"Magnesium Sensitive - 100 kap sis\u00e4lt\u00e4\u00e4 hell\u00e4varaista, helposti imeytyv\u00e4\u00e4 magnesiumia, joka tukee lihastoimintaa, rentoutumista ja v\u00e4hent\u00e4\u00e4 v\u00e4symyst\u00e4.\" \/>\n<meta name=\"robots\" content=\"index, follow, max-snippet:-1, max-image-preview:large, max-video-preview:-1\" \/>\n<link rel=\"canonical\" href=\"https:\/\/reviva.fi\/fi\/tuote\/magnesium-sensitive-100-kap\/\" \/>\n<meta property=\"og:locale\" content=\"fi_FI\" \/>\n<meta property=\"og:type\" content=\"article\" \/>\n<meta property=\"og:title\" content=\"Magnesium Sensitive - Reviva\" \/>\n<meta property=\"og:description\" content=\"Magnesium Sensitive - 100 kap sis\u00e4lt\u00e4\u00e4 hell\u00e4varaista, helposti imeytyv\u00e4\u00e4 magnesiumia, joka tukee lihastoimintaa, rentoutumista ja v\u00e4hent\u00e4\u00e4 v\u00e4symyst\u00e4.\" \/>\n<meta property=\"og:url\" content=\"https:\/\/reviva.fi\/fi\/tuote\/magnesium-sensitive-100-kap\/\" \/>\n<meta property=\"og:site_name\" content=\"Reviva\" \/>\n<meta property=\"article:modified_time\" content=\"2026-03-23T10:06:40+00:00\" \/>\n<meta property=\"og:image\" content=\"https:\/\/reviva.fi\/wp-content\/uploads\/2025\/03\/Magnesium-sensitive-e1741675096791.png\" \/>\n\t<meta property=\"og:image:width\" content=\"1800\" \/>\n\t<meta property=\"og:image:height\" content=\"2400\" \/>\n\t<meta property=\"og:image:type\" content=\"image\/png\" \/>\n<meta name=\"twitter:card\" content=\"summary_large_image\" \/>\n<script type=\"application\/ld+json\" class=\"yoast-schema-graph\">{\"@context\":\"https:\/\/schema.org\",\"@graph\":[{\"@type\":\"WebPage\",\"@id\":\"https:\/\/reviva.fi\/fi\/tuote\/magnesium-sensitive-100-kap\/\",\"url\":\"https:\/\/reviva.fi\/fi\/tuote\/magnesium-sensitive-100-kap\/\",\"name\":\"Magnesium Sensitive - Reviva\",\"isPartOf\":{\"@id\":\"https:\/\/reviva.fi\/fi\/#website\"},\"primaryImageOfPage\":{\"@id\":\"https:\/\/reviva.fi\/fi\/tuote\/magnesium-sensitive-100-kap\/#primaryimage\"},\"image\":{\"@id\":\"https:\/\/reviva.fi\/fi\/tuote\/magnesium-sensitive-100-kap\/#primaryimage\"},\"thumbnailUrl\":\"https:\/\/reviva.fi\/wp-content\/uploads\/2025\/03\/Magnesium-sensitive-e1741675096791.png\",\"datePublished\":\"2025-03-11T06:42:39+00:00\",\"dateModified\":\"2026-03-23T10:06:40+00:00\",\"description\":\"Magnesium Sensitive - 100 kap sis\u00e4lt\u00e4\u00e4 hell\u00e4varaista, helposti imeytyv\u00e4\u00e4 magnesiumia, joka tukee lihastoimintaa, rentoutumista ja v\u00e4hent\u00e4\u00e4 v\u00e4symyst\u00e4.\",\"breadcrumb\":{\"@id\":\"https:\/\/reviva.fi\/fi\/tuote\/magnesium-sensitive-100-kap\/#breadcrumb\"},\"inLanguage\":\"fi\",\"potentialAction\":[{\"@type\":\"ReadAction\",\"target\":[\"https:\/\/reviva.fi\/fi\/tuote\/magnesium-sensitive-100-kap\/\"]}]},{\"@type\":\"ImageObject\",\"inLanguage\":\"fi\",\"@id\":\"https:\/\/reviva.fi\/fi\/tuote\/magnesium-sensitive-100-kap\/#primaryimage\",\"url\":\"https:\/\/reviva.fi\/wp-content\/uploads\/2025\/03\/Magnesium-sensitive-e1741675096791.png\",\"contentUrl\":\"https:\/\/reviva.fi\/wp-content\/uploads\/2025\/03\/Magnesium-sensitive-e1741675096791.png\",\"width\":1800,\"height\":2400,\"caption\":\"Magnesium Sensitive - 100 kap\"},{\"@type\":\"BreadcrumbList\",\"@id\":\"https:\/\/reviva.fi\/fi\/tuote\/magnesium-sensitive-100-kap\/#breadcrumb\",\"itemListElement\":[{\"@type\":\"ListItem\",\"position\":1,\"name\":\"Etusivu\",\"item\":\"https:\/\/reviva.fi\/fi\/\"},{\"@type\":\"ListItem\",\"position\":2,\"name\":\"Tuotteet\",\"item\":\"https:\/\/reviva.fi\/produkter\/\"},{\"@type\":\"ListItem\",\"position\":3,\"name\":\"Magnesium Sensitive\"}]},{\"@type\":\"WebSite\",\"@id\":\"https:\/\/reviva.fi\/fi\/#website\",\"url\":\"https:\/\/reviva.fi\/fi\/\",\"name\":\"Reviva\",\"description\":\"\",\"publisher\":{\"@id\":\"https:\/\/reviva.fi\/fi\/#organization\"},\"potentialAction\":[{\"@type\":\"SearchAction\",\"target\":{\"@type\":\"EntryPoint\",\"urlTemplate\":\"https:\/\/reviva.fi\/fi\/?s={search_term_string}\"},\"query-input\":{\"@type\":\"PropertyValueSpecification\",\"valueRequired\":true,\"valueName\":\"search_term_string\"}}],\"inLanguage\":\"fi\"},{\"@type\":\"Organization\",\"@id\":\"https:\/\/reviva.fi\/fi\/#organization\",\"name\":\"Reviva\",\"url\":\"https:\/\/reviva.fi\/fi\/\",\"logo\":{\"@type\":\"ImageObject\",\"inLanguage\":\"fi\",\"@id\":\"https:\/\/reviva.fi\/fi\/#\/schema\/logo\/image\/\",\"url\":\"https:\/\/reviva.fi\/wp-content\/uploads\/2023\/10\/reviva-logo2.svg\",\"contentUrl\":\"https:\/\/reviva.fi\/wp-content\/uploads\/2023\/10\/reviva-logo2.svg\",\"caption\":\"Reviva\"},\"image\":{\"@id\":\"https:\/\/reviva.fi\/fi\/#\/schema\/logo\/image\/\"}}]}<\/script>\n<meta property=\"product:price:amount\" content=\"19.00\" \/>\n<meta property=\"product:price:currency\" content=\"EUR\" \/>\n<meta property=\"og:availability\" content=\"instock\" \/>\n<meta property=\"product:availability\" content=\"instock\" \/>\n<meta property=\"product:retailer_item_id\" content=\"213 D\" \/>\n<meta property=\"product:condition\" content=\"new\" \/>\n<!-- \/ Yoast SEO plugin. -->","yoast_head_json":{"title":"Magnesium Sensitive - Reviva","description":"Magnesium Sensitive - 100 kap sis\u00e4lt\u00e4\u00e4 hell\u00e4varaista, helposti imeytyv\u00e4\u00e4 magnesiumia, joka tukee lihastoimintaa, rentoutumista ja v\u00e4hent\u00e4\u00e4 v\u00e4symyst\u00e4.","robots":{"index":"index","follow":"follow","max-snippet":"max-snippet:-1","max-image-preview":"max-image-preview:large","max-video-preview":"max-video-preview:-1"},"canonical":"https:\/\/reviva.fi\/fi\/tuote\/magnesium-sensitive-100-kap\/","og_locale":"fi_FI","og_type":"article","og_title":"Magnesium Sensitive - Reviva","og_description":"Magnesium Sensitive - 100 kap sis\u00e4lt\u00e4\u00e4 hell\u00e4varaista, helposti imeytyv\u00e4\u00e4 magnesiumia, joka tukee lihastoimintaa, rentoutumista ja v\u00e4hent\u00e4\u00e4 v\u00e4symyst\u00e4.","og_url":"https:\/\/reviva.fi\/fi\/tuote\/magnesium-sensitive-100-kap\/","og_site_name":"Reviva","article_modified_time":"2026-03-23T10:06:40+00:00","og_image":[{"width":1800,"height":2400,"url":"https:\/\/reviva.fi\/wp-content\/uploads\/2025\/03\/Magnesium-sensitive-e1741675096791.png","type":"image\/png"}],"twitter_card":"summary_large_image","schema":{"@context":"https:\/\/schema.org","@graph":[{"@type":"WebPage","@id":"https:\/\/reviva.fi\/fi\/tuote\/magnesium-sensitive-100-kap\/","url":"https:\/\/reviva.fi\/fi\/tuote\/magnesium-sensitive-100-kap\/","name":"Magnesium Sensitive - Reviva","isPartOf":{"@id":"https:\/\/reviva.fi\/fi\/#website"},"primaryImageOfPage":{"@id":"https:\/\/reviva.fi\/fi\/tuote\/magnesium-sensitive-100-kap\/#primaryimage"},"image":{"@id":"https:\/\/reviva.fi\/fi\/tuote\/magnesium-sensitive-100-kap\/#primaryimage"},"thumbnailUrl":"https:\/\/reviva.fi\/wp-content\/uploads\/2025\/03\/Magnesium-sensitive-e1741675096791.png","datePublished":"2025-03-11T06:42:39+00:00","dateModified":"2026-03-23T10:06:40+00:00","description":"Magnesium Sensitive - 100 kap sis\u00e4lt\u00e4\u00e4 hell\u00e4varaista, helposti imeytyv\u00e4\u00e4 magnesiumia, joka tukee lihastoimintaa, rentoutumista ja v\u00e4hent\u00e4\u00e4 v\u00e4symyst\u00e4.","breadcrumb":{"@id":"https:\/\/reviva.fi\/fi\/tuote\/magnesium-sensitive-100-kap\/#breadcrumb"},"inLanguage":"fi","potentialAction":[{"@type":"ReadAction","target":["https:\/\/reviva.fi\/fi\/tuote\/magnesium-sensitive-100-kap\/"]}]},{"@type":"ImageObject","inLanguage":"fi","@id":"https:\/\/reviva.fi\/fi\/tuote\/magnesium-sensitive-100-kap\/#primaryimage","url":"https:\/\/reviva.fi\/wp-content\/uploads\/2025\/03\/Magnesium-sensitive-e1741675096791.png","contentUrl":"https:\/\/reviva.fi\/wp-content\/uploads\/2025\/03\/Magnesium-sensitive-e1741675096791.png","width":1800,"height":2400,"caption":"Magnesium Sensitive - 100 kap"},{"@type":"BreadcrumbList","@id":"https:\/\/reviva.fi\/fi\/tuote\/magnesium-sensitive-100-kap\/#breadcrumb","itemListElement":[{"@type":"ListItem","position":1,"name":"Etusivu","item":"https:\/\/reviva.fi\/fi\/"},{"@type":"ListItem","position":2,"name":"Tuotteet","item":"https:\/\/reviva.fi\/produkter\/"},{"@type":"ListItem","position":3,"name":"Magnesium Sensitive"}]},{"@type":"WebSite","@id":"https:\/\/reviva.fi\/fi\/#website","url":"https:\/\/reviva.fi\/fi\/","name":"Reviva","description":"","publisher":{"@id":"https:\/\/reviva.fi\/fi\/#organization"},"potentialAction":[{"@type":"SearchAction","target":{"@type":"EntryPoint","urlTemplate":"https:\/\/reviva.fi\/fi\/?s={search_term_string}"},"query-input":{"@type":"PropertyValueSpecification","valueRequired":true,"valueName":"search_term_string"}}],"inLanguage":"fi"},{"@type":"Organization","@id":"https:\/\/reviva.fi\/fi\/#organization","name":"Reviva","url":"https:\/\/reviva.fi\/fi\/","logo":{"@type":"ImageObject","inLanguage":"fi","@id":"https:\/\/reviva.fi\/fi\/#\/schema\/logo\/image\/","url":"https:\/\/reviva.fi\/wp-content\/uploads\/2023\/10\/reviva-logo2.svg","contentUrl":"https:\/\/reviva.fi\/wp-content\/uploads\/2023\/10\/reviva-logo2.svg","caption":"Reviva"},"image":{"@id":"https:\/\/reviva.fi\/fi\/#\/schema\/logo\/image\/"}}]},"product_price_amount":"19.00","product_price_currency":"EUR","og_availability":"instock","product_availability":"instock","product_retailer_item_id":"213 D","product_condition":"new"},"taxonomy_info":{"product_cat":[{"value":93,"label":"Mineraalit"},{"value":92,"label":"Magnesium"},{"value":2376,"label":"Stressaantunut &amp; V\u00e4synyt"},{"value":2371,"label":"Nivelet &amp; Lihakset"},{"value":2375,"label":"Harjoittelu"}],"product_tag":[{"value":5786,"label":"balanskropp"},{"value":1627,"label":"elpyminen"},{"value":5743,"label":"h\u00e5llbart"},{"value":500,"label":"hermosto"},{"value":5761,"label":"k\u00e4nslig mage."},{"value":5787,"label":"magnesiumbrist"},{"value":479,"label":"magnesiumi"},{"value":3588,"label":"Magnesiumtillskott"},{"value":3590,"label":"Muskelavslappning"},{"value":5745,"label":"Naturligt tillskott"},{"value":3093,"label":"ruoansulatus"},{"value":3389,"label":"Stresshantering"},{"value":4419,"label":"Syd\u00e4nterveytt\u00e4"},{"value":1128,"label":"tulehdusta ehk\u00e4isev\u00e4"},{"value":1588,"label":"unen laatu"},{"value":5747,"label":"v\u00e4lm\u00e5ende"},{"value":517,"label":"v\u00e4symys"}]},"featured_image_src_large":["https:\/\/reviva.fi\/wp-content\/uploads\/2025\/03\/Magnesium-sensitive-768x1024.png",768,1024,true],"author_info":[],"comment_info":0,"_links":{"self":[{"href":"https:\/\/reviva.fi\/fi\/wp-json\/wp\/v2\/product\/11570","targetHints":{"allow":["GET"]}}],"collection":[{"href":"https:\/\/reviva.fi\/fi\/wp-json\/wp\/v2\/product"}],"about":[{"href":"https:\/\/reviva.fi\/fi\/wp-json\/wp\/v2\/types\/product"}],"replies":[{"embeddable":true,"href":"https:\/\/reviva.fi\/fi\/wp-json\/wp\/v2\/comments?post=11570"}],"wp:featuredmedia":[{"embeddable":true,"href":"https:\/\/reviva.fi\/fi\/wp-json\/wp\/v2\/media\/11515"}],"wp:attachment":[{"href":"https:\/\/reviva.fi\/fi\/wp-json\/wp\/v2\/media?parent=11570"}],"wp:term":[{"taxonomy":"product_brand","embeddable":true,"href":"https:\/\/reviva.fi\/fi\/wp-json\/wp\/v2\/product_brand?post=11570"},{"taxonomy":"product_cat","embeddable":true,"href":"https:\/\/reviva.fi\/fi\/wp-json\/wp\/v2\/product_cat?post=11570"},{"taxonomy":"product_tag","embeddable":true,"href":"https:\/\/reviva.fi\/fi\/wp-json\/wp\/v2\/product_tag?post=11570"}],"curies":[{"name":"wp","href":"https:\/\/api.w.org\/{rel}","templated":true}]}}