{"id":11581,"date":"2025-03-11T09:10:30","date_gmt":"2025-03-11T07:10:30","guid":{"rendered":"https:\/\/reviva.fi\/product\/nattljusolja\/"},"modified":"2026-01-20T10:15:00","modified_gmt":"2026-01-20T08:15:00","slug":"iltahelokkioljy","status":"publish","type":"product","link":"https:\/\/reviva.fi\/fi\/tuote\/iltahelokkioljy\/","title":{"rendered":"Iltahelokki\u00f6ljy"},"content":{"rendered":"<p data-start=\"82\" data-end=\"421\">Iltahelokki\u00f6ljy (Oenothera biennis) on luonnollinen \u00f6ljy, joka uutetaan iltahelokin siemenist\u00e4. Se on erityisen rikas gamma-linoleenihapossa (GLA), v\u00e4ltt\u00e4m\u00e4tt\u00f6m\u00e4ss\u00e4 omega-6-rasvahapossa, jota elimist\u00f6 k\u00e4ytt\u00e4\u00e4 prostaglandiinien tuottamiseen. N\u00e4m\u00e4 yhdisteet ovat t\u00e4rkeit\u00e4 hormonitasapainon, ihon terveyden ja tulehdusprosessien s\u00e4\u00e4telyss\u00e4.<\/p>\n<p data-start=\"423\" data-end=\"714\">GLA:ta esiintyy vain rajallisissa m\u00e4\u00e4rin tavallisessa ruokavaliossa, ja joidenkin ihmisten elimist\u00f6 ei pysty tehokkaasti muuttamaan linolihappoa (toinen omega-6-rasvahappo) GLA:ksi. Siksi iltahelokki\u00f6ljylis\u00e4 voi olla hy\u00f6dyllinen tapa varmistaa riitt\u00e4v\u00e4 saanti t\u00e4st\u00e4 t\u00e4rke\u00e4st\u00e4 rasvahaposta.<\/p>\n<p data-start=\"716\" data-end=\"920\" data-is-last-node=\"\" data-is-only-node=\"\">Lis\u00e4ksi iltahelokki\u00f6ljy sis\u00e4lt\u00e4\u00e4 E-vitamiinia, voimakasta antioksidanttia, joka suojaa kehon soluja oksidatiiviselta stressilt\u00e4. T\u00e4m\u00e4 voi edist\u00e4\u00e4 ihon kimmoisuutta ja suojata sit\u00e4 ulkoisilta rasituksilta.<\/p>\n<p data-start=\"716\" data-end=\"920\" data-is-last-node=\"\" data-is-only-node=\"\">\u2714 Korkea GLA-pitoisuus \u2013 Jokainen p\u00e4iv\u00e4annos (2 kapselia) sis\u00e4lt\u00e4\u00e4 2000 mg iltahelokki\u00f6ljy\u00e4, josta 200 mg GLA:ta optimaaliseen tukeen.<br data-start=\"134\" data-end=\"137\" \/>\u2714 Rikastettu E-vitamiinilla (40 mg) \u2013 T\u00e4rke\u00e4 antioksidantti, joka suojaa kehon soluja oksidatiiviselta stressilt\u00e4.<br data-start=\"251\" data-end=\"254\" \/>\u2714 Kylm\u00e4puristettu iltahelokki\u00f6ljy \u2013 S\u00e4ilytt\u00e4\u00e4 kaikki luonnolliset ravintoaineet ja rasvahapot.<br data-start=\"348\" data-end=\"351\" \/>\u2714 Helppo niell\u00e4 \u2013 Pehme\u00e4t kapselit helpottavat k\u00e4ytt\u00f6\u00e4.<br data-start=\"406\" data-end=\"409\" \/>\u2714 Sopii p\u00e4ivitt\u00e4iseen k\u00e4ytt\u00f6\u00f6n \u2013 K\u00e4tev\u00e4 tapa varmistaa riitt\u00e4v\u00e4 GLA:n ja E-vitamiinin saanti.<\/p>\n","protected":false},"excerpt":{"rendered":"<p data-start=\"0\" data-end=\"504\"><strong data-start=\"0\" data-end=\"76\">Iltahelokki\u00f6ljy \u2013 <\/strong><strong data-start=\"0\" data-end=\"78\">V\u00e4ltt\u00e4m\u00e4tt\u00f6mi\u00e4 rasvahappoja ihon, hormonitasapainon ja hyvinvoinnin tueksi<\/strong><\/p>\n<p data-start=\"506\" data-end=\"521\" data-is-last-node=\"\" data-is-only-node=\"\"><strong data-start=\"506\" data-end=\"521\" data-is-last-node=\"\">90 kapselia<\/strong><\/p>\n","protected":false},"featured_media":11847,"comment_status":"closed","ping_status":"closed","template":"","meta":{"_acf_changed":false,"inline_featured_image":false,"_kad_blocks_custom_css":"","_kad_blocks_head_custom_js":"","_kad_blocks_body_custom_js":"","_kad_blocks_footer_custom_js":"","_kadence_starter_templates_imported_post":false,"_kad_post_transparent":"default","_kad_post_title":"","_kad_post_layout":"default","_kad_post_sidebar_id":"","_kad_post_content_style":"default","_kad_post_vertical_padding":"default","_kad_post_feature":"","_kad_post_feature_position":"","_kad_post_header":false,"_kad_post_footer":false},"product_brand":[],"product_cat":[91,5983],"product_tag":[5752,4643,5589,5743,3384,3385,442,444,5791,5792,5745,4642,5789,4450,1128,5747,2960],"class_list":{"0":"post-11581","1":"product","2":"type-product","3":"status-publish","4":"has-post-thumbnail","6":"product_cat-fettsyror-fi","7":"product_cat-kenkou-selfcare-fi","8":"product_tag-aterfuktning-fi","9":"product_tag-gla-fi","10":"product_tag-halsa-fi","11":"product_tag-hallbart-fi","12":"product_tag-hormonbalans-fi","13":"product_tag-hudhalsa-fi","14":"product_tag-ihonhoito","15":"product_tag-immuunijarjestelma","16":"product_tag-kvinnohalsa-fi","17":"product_tag-ledkomfort-fi","18":"product_tag-naturligt-tillskott-fi","19":"product_tag-omega-6-fi","20":"product_tag-regenerering-fi","21":"product_tag-suoliston-terveytta","22":"product_tag-tulehdusta-ehkaiseva","23":"product_tag-valmaende-fi","24":"product_tag-vitamiini-e","26":"first","27":"instock","28":"taxable","29":"shipping-taxable","30":"purchasable","31":"product-type-simple","32":"entry","33":"content-bg","34":"loop-entry"},"acf":[],"yoast_head":"<!-- This site is optimized with the Yoast SEO plugin v25.8 - https:\/\/yoast.com\/wordpress\/plugins\/seo\/ -->\n<title>Iltahelokki\u00f6ljy - Reviva<\/title>\n<meta name=\"description\" content=\"Iltahelokki\u00f6ljy on runsas GLA:n (gamma-linoleenihapon) ja E-vitamiinin l\u00e4hde, joka edist\u00e4\u00e4 hormonitasapainoa, ihon terveytt\u00e4 ja nivelten hyvinvointia.\" \/>\n<meta name=\"robots\" content=\"index, follow, max-snippet:-1, max-image-preview:large, max-video-preview:-1\" \/>\n<link rel=\"canonical\" href=\"https:\/\/reviva.fi\/fi\/tuote\/iltahelokkioljy\/\" \/>\n<meta property=\"og:locale\" content=\"fi_FI\" \/>\n<meta property=\"og:type\" content=\"article\" \/>\n<meta property=\"og:title\" content=\"Iltahelokki\u00f6ljy - Reviva\" \/>\n<meta property=\"og:description\" content=\"Iltahelokki\u00f6ljy on runsas GLA:n (gamma-linoleenihapon) ja E-vitamiinin l\u00e4hde, joka edist\u00e4\u00e4 hormonitasapainoa, ihon terveytt\u00e4 ja nivelten hyvinvointia.\" \/>\n<meta property=\"og:url\" content=\"https:\/\/reviva.fi\/fi\/tuote\/iltahelokkioljy\/\" \/>\n<meta property=\"og:site_name\" content=\"Reviva\" \/>\n<meta property=\"article:modified_time\" content=\"2026-01-20T08:15:00+00:00\" \/>\n<meta property=\"og:image\" content=\"https:\/\/reviva.fi\/wp-content\/uploads\/2025\/03\/Nattljusolja-253-Photoroom-e1745302675559.png\" \/>\n\t<meta property=\"og:image:width\" content=\"1600\" \/>\n\t<meta property=\"og:image:height\" content=\"1600\" \/>\n\t<meta property=\"og:image:type\" content=\"image\/png\" \/>\n<meta name=\"twitter:card\" content=\"summary_large_image\" \/>\n<script type=\"application\/ld+json\" class=\"yoast-schema-graph\">{\"@context\":\"https:\/\/schema.org\",\"@graph\":[{\"@type\":\"WebPage\",\"@id\":\"https:\/\/reviva.fi\/fi\/tuote\/iltahelokkioljy\/\",\"url\":\"https:\/\/reviva.fi\/fi\/tuote\/iltahelokkioljy\/\",\"name\":\"Iltahelokki\u00f6ljy - Reviva\",\"isPartOf\":{\"@id\":\"https:\/\/reviva.fi\/fi\/#website\"},\"primaryImageOfPage\":{\"@id\":\"https:\/\/reviva.fi\/fi\/tuote\/iltahelokkioljy\/#primaryimage\"},\"image\":{\"@id\":\"https:\/\/reviva.fi\/fi\/tuote\/iltahelokkioljy\/#primaryimage\"},\"thumbnailUrl\":\"https:\/\/reviva.fi\/wp-content\/uploads\/2025\/03\/Nattljusolja-253-Photoroom-e1745302675559.png\",\"datePublished\":\"2025-03-11T07:10:30+00:00\",\"dateModified\":\"2026-01-20T08:15:00+00:00\",\"description\":\"Iltahelokki\u00f6ljy on runsas GLA:n (gamma-linoleenihapon) ja E-vitamiinin l\u00e4hde, joka edist\u00e4\u00e4 hormonitasapainoa, ihon terveytt\u00e4 ja nivelten hyvinvointia.\",\"breadcrumb\":{\"@id\":\"https:\/\/reviva.fi\/fi\/tuote\/iltahelokkioljy\/#breadcrumb\"},\"inLanguage\":\"fi\",\"potentialAction\":[{\"@type\":\"ReadAction\",\"target\":[\"https:\/\/reviva.fi\/fi\/tuote\/iltahelokkioljy\/\"]}]},{\"@type\":\"ImageObject\",\"inLanguage\":\"fi\",\"@id\":\"https:\/\/reviva.fi\/fi\/tuote\/iltahelokkioljy\/#primaryimage\",\"url\":\"https:\/\/reviva.fi\/wp-content\/uploads\/2025\/03\/Nattljusolja-253-Photoroom-e1745302675559.png\",\"contentUrl\":\"https:\/\/reviva.fi\/wp-content\/uploads\/2025\/03\/Nattljusolja-253-Photoroom-e1745302675559.png\",\"width\":1600,\"height\":1600,\"caption\":\"Nattljusolja\"},{\"@type\":\"BreadcrumbList\",\"@id\":\"https:\/\/reviva.fi\/fi\/tuote\/iltahelokkioljy\/#breadcrumb\",\"itemListElement\":[{\"@type\":\"ListItem\",\"position\":1,\"name\":\"Etusivu\",\"item\":\"https:\/\/reviva.fi\/fi\/\"},{\"@type\":\"ListItem\",\"position\":2,\"name\":\"Tuotteet\",\"item\":\"https:\/\/reviva.fi\/produkter\/\"},{\"@type\":\"ListItem\",\"position\":3,\"name\":\"Iltahelokki\u00f6ljy\"}]},{\"@type\":\"WebSite\",\"@id\":\"https:\/\/reviva.fi\/fi\/#website\",\"url\":\"https:\/\/reviva.fi\/fi\/\",\"name\":\"Reviva\",\"description\":\"\",\"publisher\":{\"@id\":\"https:\/\/reviva.fi\/fi\/#organization\"},\"potentialAction\":[{\"@type\":\"SearchAction\",\"target\":{\"@type\":\"EntryPoint\",\"urlTemplate\":\"https:\/\/reviva.fi\/fi\/?s={search_term_string}\"},\"query-input\":{\"@type\":\"PropertyValueSpecification\",\"valueRequired\":true,\"valueName\":\"search_term_string\"}}],\"inLanguage\":\"fi\"},{\"@type\":\"Organization\",\"@id\":\"https:\/\/reviva.fi\/fi\/#organization\",\"name\":\"Reviva\",\"url\":\"https:\/\/reviva.fi\/fi\/\",\"logo\":{\"@type\":\"ImageObject\",\"inLanguage\":\"fi\",\"@id\":\"https:\/\/reviva.fi\/fi\/#\/schema\/logo\/image\/\",\"url\":\"https:\/\/reviva.fi\/wp-content\/uploads\/2023\/10\/reviva-logo2.svg\",\"contentUrl\":\"https:\/\/reviva.fi\/wp-content\/uploads\/2023\/10\/reviva-logo2.svg\",\"caption\":\"Reviva\"},\"image\":{\"@id\":\"https:\/\/reviva.fi\/fi\/#\/schema\/logo\/image\/\"}}]}<\/script>\n<meta property=\"product:price:amount\" content=\"32.60\" \/>\n<meta property=\"product:price:currency\" content=\"EUR\" \/>\n<meta property=\"og:availability\" content=\"instock\" \/>\n<meta property=\"product:availability\" content=\"instock\" \/>\n<meta property=\"product:retailer_item_id\" content=\"253\" \/>\n<meta property=\"product:condition\" content=\"new\" \/>\n<!-- \/ Yoast SEO plugin. -->","yoast_head_json":{"title":"Iltahelokki\u00f6ljy - Reviva","description":"Iltahelokki\u00f6ljy on runsas GLA:n (gamma-linoleenihapon) ja E-vitamiinin l\u00e4hde, joka edist\u00e4\u00e4 hormonitasapainoa, ihon terveytt\u00e4 ja nivelten hyvinvointia.","robots":{"index":"index","follow":"follow","max-snippet":"max-snippet:-1","max-image-preview":"max-image-preview:large","max-video-preview":"max-video-preview:-1"},"canonical":"https:\/\/reviva.fi\/fi\/tuote\/iltahelokkioljy\/","og_locale":"fi_FI","og_type":"article","og_title":"Iltahelokki\u00f6ljy - Reviva","og_description":"Iltahelokki\u00f6ljy on runsas GLA:n (gamma-linoleenihapon) ja E-vitamiinin l\u00e4hde, joka edist\u00e4\u00e4 hormonitasapainoa, ihon terveytt\u00e4 ja nivelten hyvinvointia.","og_url":"https:\/\/reviva.fi\/fi\/tuote\/iltahelokkioljy\/","og_site_name":"Reviva","article_modified_time":"2026-01-20T08:15:00+00:00","og_image":[{"width":1600,"height":1600,"url":"https:\/\/reviva.fi\/wp-content\/uploads\/2025\/03\/Nattljusolja-253-Photoroom-e1745302675559.png","type":"image\/png"}],"twitter_card":"summary_large_image","schema":{"@context":"https:\/\/schema.org","@graph":[{"@type":"WebPage","@id":"https:\/\/reviva.fi\/fi\/tuote\/iltahelokkioljy\/","url":"https:\/\/reviva.fi\/fi\/tuote\/iltahelokkioljy\/","name":"Iltahelokki\u00f6ljy - Reviva","isPartOf":{"@id":"https:\/\/reviva.fi\/fi\/#website"},"primaryImageOfPage":{"@id":"https:\/\/reviva.fi\/fi\/tuote\/iltahelokkioljy\/#primaryimage"},"image":{"@id":"https:\/\/reviva.fi\/fi\/tuote\/iltahelokkioljy\/#primaryimage"},"thumbnailUrl":"https:\/\/reviva.fi\/wp-content\/uploads\/2025\/03\/Nattljusolja-253-Photoroom-e1745302675559.png","datePublished":"2025-03-11T07:10:30+00:00","dateModified":"2026-01-20T08:15:00+00:00","description":"Iltahelokki\u00f6ljy on runsas GLA:n (gamma-linoleenihapon) ja E-vitamiinin l\u00e4hde, joka edist\u00e4\u00e4 hormonitasapainoa, ihon terveytt\u00e4 ja nivelten hyvinvointia.","breadcrumb":{"@id":"https:\/\/reviva.fi\/fi\/tuote\/iltahelokkioljy\/#breadcrumb"},"inLanguage":"fi","potentialAction":[{"@type":"ReadAction","target":["https:\/\/reviva.fi\/fi\/tuote\/iltahelokkioljy\/"]}]},{"@type":"ImageObject","inLanguage":"fi","@id":"https:\/\/reviva.fi\/fi\/tuote\/iltahelokkioljy\/#primaryimage","url":"https:\/\/reviva.fi\/wp-content\/uploads\/2025\/03\/Nattljusolja-253-Photoroom-e1745302675559.png","contentUrl":"https:\/\/reviva.fi\/wp-content\/uploads\/2025\/03\/Nattljusolja-253-Photoroom-e1745302675559.png","width":1600,"height":1600,"caption":"Nattljusolja"},{"@type":"BreadcrumbList","@id":"https:\/\/reviva.fi\/fi\/tuote\/iltahelokkioljy\/#breadcrumb","itemListElement":[{"@type":"ListItem","position":1,"name":"Etusivu","item":"https:\/\/reviva.fi\/fi\/"},{"@type":"ListItem","position":2,"name":"Tuotteet","item":"https:\/\/reviva.fi\/produkter\/"},{"@type":"ListItem","position":3,"name":"Iltahelokki\u00f6ljy"}]},{"@type":"WebSite","@id":"https:\/\/reviva.fi\/fi\/#website","url":"https:\/\/reviva.fi\/fi\/","name":"Reviva","description":"","publisher":{"@id":"https:\/\/reviva.fi\/fi\/#organization"},"potentialAction":[{"@type":"SearchAction","target":{"@type":"EntryPoint","urlTemplate":"https:\/\/reviva.fi\/fi\/?s={search_term_string}"},"query-input":{"@type":"PropertyValueSpecification","valueRequired":true,"valueName":"search_term_string"}}],"inLanguage":"fi"},{"@type":"Organization","@id":"https:\/\/reviva.fi\/fi\/#organization","name":"Reviva","url":"https:\/\/reviva.fi\/fi\/","logo":{"@type":"ImageObject","inLanguage":"fi","@id":"https:\/\/reviva.fi\/fi\/#\/schema\/logo\/image\/","url":"https:\/\/reviva.fi\/wp-content\/uploads\/2023\/10\/reviva-logo2.svg","contentUrl":"https:\/\/reviva.fi\/wp-content\/uploads\/2023\/10\/reviva-logo2.svg","caption":"Reviva"},"image":{"@id":"https:\/\/reviva.fi\/fi\/#\/schema\/logo\/image\/"}}]},"product_price_amount":"32.60","product_price_currency":"EUR","og_availability":"instock","product_availability":"instock","product_retailer_item_id":"253","product_condition":"new"},"taxonomy_info":{"product_cat":[{"value":91,"label":"Rasvahapot"},{"value":5983,"label":"Kenkou Selfcare"}],"product_tag":[{"value":5752,"label":"\u00c5terfuktning"},{"value":4643,"label":"GLA"},{"value":5589,"label":"H\u00e4lsa"},{"value":5743,"label":"h\u00e5llbart"},{"value":3384,"label":"Hormonbalans"},{"value":3385,"label":"Hudh\u00e4lsa"},{"value":442,"label":"ihonhoito"},{"value":444,"label":"immuunij\u00e4rjestelm\u00e4"},{"value":5791,"label":"kvinnoh\u00e4lsa"},{"value":5792,"label":"ledkomfort"},{"value":5745,"label":"Naturligt tillskott"},{"value":4642,"label":"omega-6"},{"value":5789,"label":"regenerering"},{"value":4450,"label":"suoliston terveytt\u00e4"},{"value":1128,"label":"tulehdusta ehk\u00e4isev\u00e4"},{"value":5747,"label":"v\u00e4lm\u00e5ende"},{"value":2960,"label":"Vitamiini E"}]},"featured_image_src_large":["https:\/\/reviva.fi\/wp-content\/uploads\/2025\/03\/Nattljusolja-253-Photoroom-1024x1024.png",1024,1024,true],"author_info":[],"comment_info":0,"_links":{"self":[{"href":"https:\/\/reviva.fi\/fi\/wp-json\/wp\/v2\/product\/11581","targetHints":{"allow":["GET"]}}],"collection":[{"href":"https:\/\/reviva.fi\/fi\/wp-json\/wp\/v2\/product"}],"about":[{"href":"https:\/\/reviva.fi\/fi\/wp-json\/wp\/v2\/types\/product"}],"replies":[{"embeddable":true,"href":"https:\/\/reviva.fi\/fi\/wp-json\/wp\/v2\/comments?post=11581"}],"wp:featuredmedia":[{"embeddable":true,"href":"https:\/\/reviva.fi\/fi\/wp-json\/wp\/v2\/media\/11847"}],"wp:attachment":[{"href":"https:\/\/reviva.fi\/fi\/wp-json\/wp\/v2\/media?parent=11581"}],"wp:term":[{"taxonomy":"product_brand","embeddable":true,"href":"https:\/\/reviva.fi\/fi\/wp-json\/wp\/v2\/product_brand?post=11581"},{"taxonomy":"product_cat","embeddable":true,"href":"https:\/\/reviva.fi\/fi\/wp-json\/wp\/v2\/product_cat?post=11581"},{"taxonomy":"product_tag","embeddable":true,"href":"https:\/\/reviva.fi\/fi\/wp-json\/wp\/v2\/product_tag?post=11581"}],"curies":[{"name":"wp","href":"https:\/\/api.w.org\/{rel}","templated":true}]}}