{"id":11583,"date":"2025-03-11T09:05:27","date_gmt":"2025-03-11T07:05:27","guid":{"rendered":"https:\/\/reviva.fi\/product\/p5p-20mg\/"},"modified":"2026-01-20T12:33:21","modified_gmt":"2026-01-20T10:33:21","slug":"p5p-20mg","status":"publish","type":"product","link":"https:\/\/reviva.fi\/fi\/tuote\/p5p-20mg\/","title":{"rendered":"P5P 20mg, B6-vitamiini"},"content":{"rendered":"<p data-start=\"0\" data-end=\"56\"><strong>P5P 20 mg<\/strong> \u2013 <span style=\"font-family: var(--global-body-font-family);\">B6-vitamiinin aktiivinen muoto optimaaliseen imeytymiseen<\/span><\/p>\n<div class=\"flex max-w-full flex-col flex-grow\">\n<div class=\"min-h-8 text-message relative flex w-full flex-col items-end gap-2 whitespace-normal break-words text-start [.text-message+&amp;]:mt-5\" dir=\"auto\" data-message-author-role=\"assistant\" data-message-id=\"19f535dc-491c-48fc-82a9-e2f357acff91\" data-message-model-slug=\"gpt-4o\">\n<div class=\"flex w-full flex-col gap-1 empty:hidden first:pt-[3px]\">\n<div class=\"markdown prose w-full break-words dark:prose-invert light\">\n<p data-start=\"61\" data-end=\"373\">P5P (pyridoksaali-5-fosfaatti) on B6-vitamiinin biologisesti aktiivinen muoto, mik\u00e4 tarkoittaa, ett\u00e4 elimist\u00f6 voi k\u00e4ytt\u00e4\u00e4 sen suoraan ilman muuntamista. B6-vitamiini on t\u00e4rke\u00e4 ravintoaine, joka edist\u00e4\u00e4 useita keskeisi\u00e4 kehon toimintoja, kuten energia-aineenvaihduntaa, hermoston toimintaa ja hormonitasapainoa.<\/p>\n<p data-start=\"375\" data-end=\"482\" data-is-last-node=\"\" data-is-only-node=\"\">Jokainen kapseli sis\u00e4lt\u00e4\u00e4 20 mg B6-vitamiinia (P5P), mik\u00e4 on optimaalinen annos kehon tarpeiden tukemiseen.<\/p>\n<p data-start=\"375\" data-end=\"482\" data-is-last-node=\"\" data-is-only-node=\"\">\u2714 <strong data-start=\"2\" data-end=\"21\">Tukee hermostoa<\/strong> \u2013 Edist\u00e4\u00e4 normaalia hermotoimintaa ja v\u00e4litt\u00e4j\u00e4aineiden tuotantoa.<br data-start=\"88\" data-end=\"91\" \/>\u2714 <strong data-start=\"93\" data-end=\"122\">Edist\u00e4\u00e4 hormonitasapainoa<\/strong> \u2013 Auttaa s\u00e4\u00e4telem\u00e4\u00e4n hormonitoimintaa ja voi lievitt\u00e4\u00e4 PMS-oireita.<br data-start=\"190\" data-end=\"193\" \/>\u2714 <strong data-start=\"195\" data-end=\"224\">Edist\u00e4\u00e4 energiantuotantoa<\/strong> \u2013 Auttaa kehoa muuntamaan ravinnon energiaksi.<br data-start=\"271\" data-end=\"274\" \/>\u2714 <strong data-start=\"276\" data-end=\"305\">Tukee immuunij\u00e4rjestelm\u00e4\u00e4<\/strong> \u2013 T\u00e4rke\u00e4 immuunipuolustuksen normaalille toiminnalle.<\/p>\n<\/div>\n<\/div>\n<\/div>\n<\/div>\n","protected":false},"excerpt":{"rendered":"<p data-start=\"0\" data-end=\"361\">B6-vitamiini pyridoksaali-5-fosfaattina paremman biologisen hy\u00f6tyosuuden saavuttamiseksi.<\/p>\n<p data-start=\"363\" data-end=\"378\" data-is-last-node=\"\" data-is-only-node=\"\"><strong data-start=\"363\" data-end=\"378\" data-is-last-node=\"\">60 kapselia<\/strong><\/p>\n","protected":false},"featured_media":11783,"comment_status":"closed","ping_status":"closed","template":"","meta":{"_acf_changed":false,"inline_featured_image":false,"_kad_blocks_custom_css":"","_kad_blocks_head_custom_js":"","_kad_blocks_body_custom_js":"","_kad_blocks_footer_custom_js":"","_kadence_starter_templates_imported_post":false,"_kad_post_transparent":"default","_kad_post_title":"","_kad_post_layout":"default","_kad_post_sidebar_id":"","_kad_post_content_style":"default","_kad_post_vertical_padding":"default","_kad_post_feature":"","_kad_post_feature_position":"","_kad_post_header":false,"_kad_post_footer":false},"product_brand":[],"product_cat":[96,525,5983,2376,2375],"product_tag":[4422,5793,1627,1235,500,3384,5750,4431,3454,5745,5772,3389,5747,517,3182],"class_list":{"0":"post-11583","1":"product","2":"type-product","3":"status-publish","4":"has-post-thumbnail","6":"product_cat-vitaminer-fi","7":"product_cat-b-vitamin-fi","8":"product_cat-kenkou-selfcare-fi","9":"product_cat-stressad-och-trott-fi","10":"product_cat-traning-fi","11":"product_tag-aineenvaihduntaa-fi","12":"product_tag-antioxidativt-fi","13":"product_tag-elpyminen","14":"product_tag-energia","15":"product_tag-hermosto","16":"product_tag-hormonbalans-fi","17":"product_tag-immunsystem-fi","18":"product_tag-lihasterveytta","19":"product_tag-mental-klarhet-fi","20":"product_tag-naturligt-tillskott-fi","21":"product_tag-skonsamt-stod-fi","22":"product_tag-stresshantering-fi","23":"product_tag-valmaende-fi","24":"product_tag-vasymys","25":"product_tag-vitamiini-b6","27":"first","28":"instock","29":"taxable","30":"shipping-taxable","31":"purchasable","32":"product-type-simple","33":"entry","34":"content-bg","35":"loop-entry"},"acf":[],"yoast_head":"<!-- This site is optimized with the Yoast SEO plugin v25.8 - https:\/\/yoast.com\/wordpress\/plugins\/seo\/ -->\n<title>P5P 20mg, B6-vitamiini - Reviva<\/title>\n<meta name=\"description\" content=\"P5P 20mg (pyridoksaali-5-fosfaatti) on B6-vitamiinin aktiivinen muoto, joka tukee energia-aineenvaihduntaa, hermostoa ja hormonitasapainoa.\" \/>\n<meta name=\"robots\" content=\"index, follow, max-snippet:-1, max-image-preview:large, max-video-preview:-1\" \/>\n<link rel=\"canonical\" href=\"https:\/\/reviva.fi\/fi\/tuote\/p5p-20mg\/\" \/>\n<meta property=\"og:locale\" content=\"fi_FI\" \/>\n<meta property=\"og:type\" content=\"article\" \/>\n<meta property=\"og:title\" content=\"P5P 20mg, B6-vitamiini - Reviva\" \/>\n<meta property=\"og:description\" content=\"P5P 20mg (pyridoksaali-5-fosfaatti) on B6-vitamiinin aktiivinen muoto, joka tukee energia-aineenvaihduntaa, hermostoa ja hormonitasapainoa.\" \/>\n<meta property=\"og:url\" content=\"https:\/\/reviva.fi\/fi\/tuote\/p5p-20mg\/\" \/>\n<meta property=\"og:site_name\" content=\"Reviva\" \/>\n<meta property=\"article:modified_time\" content=\"2026-01-20T10:33:21+00:00\" \/>\n<meta property=\"og:image\" content=\"https:\/\/reviva.fi\/wp-content\/uploads\/2025\/03\/P5P-254-Photoroom-e1744884968684.png\" \/>\n\t<meta property=\"og:image:width\" content=\"1600\" \/>\n\t<meta property=\"og:image:height\" content=\"1600\" \/>\n\t<meta property=\"og:image:type\" content=\"image\/png\" \/>\n<meta name=\"twitter:card\" content=\"summary_large_image\" \/>\n<script type=\"application\/ld+json\" class=\"yoast-schema-graph\">{\"@context\":\"https:\/\/schema.org\",\"@graph\":[{\"@type\":\"WebPage\",\"@id\":\"https:\/\/reviva.fi\/fi\/tuote\/p5p-20mg\/\",\"url\":\"https:\/\/reviva.fi\/fi\/tuote\/p5p-20mg\/\",\"name\":\"P5P 20mg, B6-vitamiini - Reviva\",\"isPartOf\":{\"@id\":\"https:\/\/reviva.fi\/fi\/#website\"},\"primaryImageOfPage\":{\"@id\":\"https:\/\/reviva.fi\/fi\/tuote\/p5p-20mg\/#primaryimage\"},\"image\":{\"@id\":\"https:\/\/reviva.fi\/fi\/tuote\/p5p-20mg\/#primaryimage\"},\"thumbnailUrl\":\"https:\/\/reviva.fi\/wp-content\/uploads\/2025\/03\/P5P-254-Photoroom-e1744884968684.png\",\"datePublished\":\"2025-03-11T07:05:27+00:00\",\"dateModified\":\"2026-01-20T10:33:21+00:00\",\"description\":\"P5P 20mg (pyridoksaali-5-fosfaatti) on B6-vitamiinin aktiivinen muoto, joka tukee energia-aineenvaihduntaa, hermostoa ja hormonitasapainoa.\",\"breadcrumb\":{\"@id\":\"https:\/\/reviva.fi\/fi\/tuote\/p5p-20mg\/#breadcrumb\"},\"inLanguage\":\"fi\",\"potentialAction\":[{\"@type\":\"ReadAction\",\"target\":[\"https:\/\/reviva.fi\/fi\/tuote\/p5p-20mg\/\"]}]},{\"@type\":\"ImageObject\",\"inLanguage\":\"fi\",\"@id\":\"https:\/\/reviva.fi\/fi\/tuote\/p5p-20mg\/#primaryimage\",\"url\":\"https:\/\/reviva.fi\/wp-content\/uploads\/2025\/03\/P5P-254-Photoroom-e1744884968684.png\",\"contentUrl\":\"https:\/\/reviva.fi\/wp-content\/uploads\/2025\/03\/P5P-254-Photoroom-e1744884968684.png\",\"width\":1600,\"height\":1600,\"caption\":\"P5P 20mg\"},{\"@type\":\"BreadcrumbList\",\"@id\":\"https:\/\/reviva.fi\/fi\/tuote\/p5p-20mg\/#breadcrumb\",\"itemListElement\":[{\"@type\":\"ListItem\",\"position\":1,\"name\":\"Etusivu\",\"item\":\"https:\/\/reviva.fi\/fi\/\"},{\"@type\":\"ListItem\",\"position\":2,\"name\":\"Tuotteet\",\"item\":\"https:\/\/reviva.fi\/produkter\/\"},{\"@type\":\"ListItem\",\"position\":3,\"name\":\"P5P 20mg, B6-vitamiini\"}]},{\"@type\":\"WebSite\",\"@id\":\"https:\/\/reviva.fi\/fi\/#website\",\"url\":\"https:\/\/reviva.fi\/fi\/\",\"name\":\"Reviva\",\"description\":\"\",\"publisher\":{\"@id\":\"https:\/\/reviva.fi\/fi\/#organization\"},\"potentialAction\":[{\"@type\":\"SearchAction\",\"target\":{\"@type\":\"EntryPoint\",\"urlTemplate\":\"https:\/\/reviva.fi\/fi\/?s={search_term_string}\"},\"query-input\":{\"@type\":\"PropertyValueSpecification\",\"valueRequired\":true,\"valueName\":\"search_term_string\"}}],\"inLanguage\":\"fi\"},{\"@type\":\"Organization\",\"@id\":\"https:\/\/reviva.fi\/fi\/#organization\",\"name\":\"Reviva\",\"url\":\"https:\/\/reviva.fi\/fi\/\",\"logo\":{\"@type\":\"ImageObject\",\"inLanguage\":\"fi\",\"@id\":\"https:\/\/reviva.fi\/fi\/#\/schema\/logo\/image\/\",\"url\":\"https:\/\/reviva.fi\/wp-content\/uploads\/2023\/10\/reviva-logo2.svg\",\"contentUrl\":\"https:\/\/reviva.fi\/wp-content\/uploads\/2023\/10\/reviva-logo2.svg\",\"caption\":\"Reviva\"},\"image\":{\"@id\":\"https:\/\/reviva.fi\/fi\/#\/schema\/logo\/image\/\"}}]}<\/script>\n<meta property=\"product:price:amount\" content=\"14.85\" \/>\n<meta property=\"product:price:currency\" content=\"EUR\" \/>\n<meta property=\"og:availability\" content=\"instock\" \/>\n<meta property=\"product:availability\" content=\"instock\" \/>\n<meta property=\"product:retailer_item_id\" content=\"254\" \/>\n<meta property=\"product:condition\" content=\"new\" \/>\n<!-- \/ Yoast SEO plugin. -->","yoast_head_json":{"title":"P5P 20mg, B6-vitamiini - Reviva","description":"P5P 20mg (pyridoksaali-5-fosfaatti) on B6-vitamiinin aktiivinen muoto, joka tukee energia-aineenvaihduntaa, hermostoa ja hormonitasapainoa.","robots":{"index":"index","follow":"follow","max-snippet":"max-snippet:-1","max-image-preview":"max-image-preview:large","max-video-preview":"max-video-preview:-1"},"canonical":"https:\/\/reviva.fi\/fi\/tuote\/p5p-20mg\/","og_locale":"fi_FI","og_type":"article","og_title":"P5P 20mg, B6-vitamiini - Reviva","og_description":"P5P 20mg (pyridoksaali-5-fosfaatti) on B6-vitamiinin aktiivinen muoto, joka tukee energia-aineenvaihduntaa, hermostoa ja hormonitasapainoa.","og_url":"https:\/\/reviva.fi\/fi\/tuote\/p5p-20mg\/","og_site_name":"Reviva","article_modified_time":"2026-01-20T10:33:21+00:00","og_image":[{"width":1600,"height":1600,"url":"https:\/\/reviva.fi\/wp-content\/uploads\/2025\/03\/P5P-254-Photoroom-e1744884968684.png","type":"image\/png"}],"twitter_card":"summary_large_image","schema":{"@context":"https:\/\/schema.org","@graph":[{"@type":"WebPage","@id":"https:\/\/reviva.fi\/fi\/tuote\/p5p-20mg\/","url":"https:\/\/reviva.fi\/fi\/tuote\/p5p-20mg\/","name":"P5P 20mg, B6-vitamiini - Reviva","isPartOf":{"@id":"https:\/\/reviva.fi\/fi\/#website"},"primaryImageOfPage":{"@id":"https:\/\/reviva.fi\/fi\/tuote\/p5p-20mg\/#primaryimage"},"image":{"@id":"https:\/\/reviva.fi\/fi\/tuote\/p5p-20mg\/#primaryimage"},"thumbnailUrl":"https:\/\/reviva.fi\/wp-content\/uploads\/2025\/03\/P5P-254-Photoroom-e1744884968684.png","datePublished":"2025-03-11T07:05:27+00:00","dateModified":"2026-01-20T10:33:21+00:00","description":"P5P 20mg (pyridoksaali-5-fosfaatti) on B6-vitamiinin aktiivinen muoto, joka tukee energia-aineenvaihduntaa, hermostoa ja hormonitasapainoa.","breadcrumb":{"@id":"https:\/\/reviva.fi\/fi\/tuote\/p5p-20mg\/#breadcrumb"},"inLanguage":"fi","potentialAction":[{"@type":"ReadAction","target":["https:\/\/reviva.fi\/fi\/tuote\/p5p-20mg\/"]}]},{"@type":"ImageObject","inLanguage":"fi","@id":"https:\/\/reviva.fi\/fi\/tuote\/p5p-20mg\/#primaryimage","url":"https:\/\/reviva.fi\/wp-content\/uploads\/2025\/03\/P5P-254-Photoroom-e1744884968684.png","contentUrl":"https:\/\/reviva.fi\/wp-content\/uploads\/2025\/03\/P5P-254-Photoroom-e1744884968684.png","width":1600,"height":1600,"caption":"P5P 20mg"},{"@type":"BreadcrumbList","@id":"https:\/\/reviva.fi\/fi\/tuote\/p5p-20mg\/#breadcrumb","itemListElement":[{"@type":"ListItem","position":1,"name":"Etusivu","item":"https:\/\/reviva.fi\/fi\/"},{"@type":"ListItem","position":2,"name":"Tuotteet","item":"https:\/\/reviva.fi\/produkter\/"},{"@type":"ListItem","position":3,"name":"P5P 20mg, B6-vitamiini"}]},{"@type":"WebSite","@id":"https:\/\/reviva.fi\/fi\/#website","url":"https:\/\/reviva.fi\/fi\/","name":"Reviva","description":"","publisher":{"@id":"https:\/\/reviva.fi\/fi\/#organization"},"potentialAction":[{"@type":"SearchAction","target":{"@type":"EntryPoint","urlTemplate":"https:\/\/reviva.fi\/fi\/?s={search_term_string}"},"query-input":{"@type":"PropertyValueSpecification","valueRequired":true,"valueName":"search_term_string"}}],"inLanguage":"fi"},{"@type":"Organization","@id":"https:\/\/reviva.fi\/fi\/#organization","name":"Reviva","url":"https:\/\/reviva.fi\/fi\/","logo":{"@type":"ImageObject","inLanguage":"fi","@id":"https:\/\/reviva.fi\/fi\/#\/schema\/logo\/image\/","url":"https:\/\/reviva.fi\/wp-content\/uploads\/2023\/10\/reviva-logo2.svg","contentUrl":"https:\/\/reviva.fi\/wp-content\/uploads\/2023\/10\/reviva-logo2.svg","caption":"Reviva"},"image":{"@id":"https:\/\/reviva.fi\/fi\/#\/schema\/logo\/image\/"}}]},"product_price_amount":"14.85","product_price_currency":"EUR","og_availability":"instock","product_availability":"instock","product_retailer_item_id":"254","product_condition":"new"},"taxonomy_info":{"product_cat":[{"value":96,"label":"Vitamiinit"},{"value":525,"label":"B-vitamiini"},{"value":5983,"label":"Kenkou Selfcare"},{"value":2376,"label":"Stressaantunut &amp; V\u00e4synyt"},{"value":2375,"label":"Harjoittelu"}],"product_tag":[{"value":4422,"label":"aineenvaihduntaa"},{"value":5793,"label":"antioxidativt"},{"value":1627,"label":"elpyminen"},{"value":1235,"label":"energia"},{"value":500,"label":"hermosto"},{"value":3384,"label":"Hormonbalans"},{"value":5750,"label":"Immunsystem"},{"value":4431,"label":"Lihasterveytt\u00e4"},{"value":3454,"label":"Mental klarhet"},{"value":5745,"label":"Naturligt tillskott"},{"value":5772,"label":"skonsamt st\u00f6d."},{"value":3389,"label":"Stresshantering"},{"value":5747,"label":"v\u00e4lm\u00e5ende"},{"value":517,"label":"v\u00e4symys"},{"value":3182,"label":"Vitamiini B6"}]},"featured_image_src_large":["https:\/\/reviva.fi\/wp-content\/uploads\/2025\/03\/P5P-254-Photoroom-1024x1024.png",1024,1024,true],"author_info":[],"comment_info":0,"_links":{"self":[{"href":"https:\/\/reviva.fi\/fi\/wp-json\/wp\/v2\/product\/11583","targetHints":{"allow":["GET"]}}],"collection":[{"href":"https:\/\/reviva.fi\/fi\/wp-json\/wp\/v2\/product"}],"about":[{"href":"https:\/\/reviva.fi\/fi\/wp-json\/wp\/v2\/types\/product"}],"replies":[{"embeddable":true,"href":"https:\/\/reviva.fi\/fi\/wp-json\/wp\/v2\/comments?post=11583"}],"wp:featuredmedia":[{"embeddable":true,"href":"https:\/\/reviva.fi\/fi\/wp-json\/wp\/v2\/media\/11783"}],"wp:attachment":[{"href":"https:\/\/reviva.fi\/fi\/wp-json\/wp\/v2\/media?parent=11583"}],"wp:term":[{"taxonomy":"product_brand","embeddable":true,"href":"https:\/\/reviva.fi\/fi\/wp-json\/wp\/v2\/product_brand?post=11583"},{"taxonomy":"product_cat","embeddable":true,"href":"https:\/\/reviva.fi\/fi\/wp-json\/wp\/v2\/product_cat?post=11583"},{"taxonomy":"product_tag","embeddable":true,"href":"https:\/\/reviva.fi\/fi\/wp-json\/wp\/v2\/product_tag?post=11583"}],"curies":[{"name":"wp","href":"https:\/\/api.w.org\/{rel}","templated":true}]}}