{"id":11590,"date":"2025-03-11T09:13:53","date_gmt":"2025-03-11T07:13:53","guid":{"rendered":"https:\/\/reviva.fi\/product\/artprotein-isolat\/"},"modified":"2026-01-28T09:39:24","modified_gmt":"2026-01-28T07:39:24","slug":"herneproteiini-isolaatti","status":"publish","type":"product","link":"https:\/\/reviva.fi\/fi\/tuote\/herneproteiini-isolaatti\/","title":{"rendered":"Herneproteiini isolaatti"},"content":{"rendered":"<p><strong>Herneproteiini isolaatti \u2013 Korkealaatuinen kasvipohjainen proteiinijauhe<\/strong><\/p>\n<p><strong>Herneproteiinisolaatti<\/strong> on 100 % kasvipohjainen proteiinilis\u00e4, joka on valmistettu keltaisista herneist\u00e4 (<em>Pisum sativum<\/em>). Se on erinomainen korkealaatuisen proteiinin l\u00e4hde, sis\u00e4lt\u00e4en runsaasti v\u00e4ltt\u00e4m\u00e4tt\u00f6mi\u00e4 aminohappoja, ja se on loistava vaihtoehto niille, jotka haluavat lis\u00e4t\u00e4 proteiinin saantiaan luonnollisella ja allergiayst\u00e4v\u00e4llisell\u00e4 tavalla.<\/p>\n<p>Herneproteiinisolaatti on helposti sulavaa, hypoallergeenista ja t\u00e4ysin maidoton, soijaton sek\u00e4 gluteeniton, joten se sopii vegaaneille, kasvissy\u00f6jille ja herkk\u00e4vatsaisille. Sen korkea proteiinipitoisuus ja tasapainoinen aminohappoprofiili tekev\u00e4t siit\u00e4 erinomaisen vaihtoehdon tukemaan lihasten rakentumista, palautumista ja yleist\u00e4 hyvinvointia.<\/p>\n<p>T\u00e4m\u00e4 tuote on valmistettu herneist\u00e4, joista proteiini uutetaan ja konsentroituu. T\u00e4m\u00e4 ainutlaatuinen prosessi tuottaa eritt\u00e4in hyvin liukenevaa proteiinia, joka on helposti sulavaa ja imeytyv\u00e4\u00e4.<\/p>\n","protected":false},"excerpt":{"rendered":"<p>Naturel, ilman sokeria, makeutusaineita tai muita lis\u00e4aineita. Ei sis\u00e4ll\u00e4 vehn\u00e4\u00e4, gluteenia, maitotuotteita, kananmunaa, soijaa eik\u00e4 el\u00e4inper\u00e4isi\u00e4 tuotteita.<\/p>\n<p>\ud83d\udd39 Vegaanit ja kasvissy\u00f6j\u00e4t, jotka etsiv\u00e4t t\u00e4ysipainoista proteiinia ilman el\u00e4inper\u00e4isi\u00e4 ainesosia.<br \/>\n\ud83d\udd39 Henkil\u00f6t, joilla on herkk\u00e4 vatsa, jotka eiv\u00e4t sied\u00e4 maitoa, soijaa tai gluteenia.<br \/>\n\ud83d\udd39 Kaikki, jotka haluavat lis\u00e4t\u00e4 p\u00e4ivitt\u00e4ist\u00e4 proteiininsaantiaan terveellisell\u00e4 tavalla.<\/p>\n<p><strong>750 g<\/strong><\/p>\n","protected":false},"featured_media":13063,"comment_status":"closed","ping_status":"closed","template":"","meta":{"_acf_changed":false,"inline_featured_image":false,"_kad_blocks_custom_css":"","_kad_blocks_head_custom_js":"","_kad_blocks_body_custom_js":"","_kad_blocks_footer_custom_js":"","_kadence_starter_templates_imported_post":false,"_kad_post_transparent":"default","_kad_post_title":"","_kad_post_layout":"default","_kad_post_sidebar_id":"","_kad_post_content_style":"default","_kad_post_vertical_padding":"default","_kad_post_feature":"","_kad_post_feature_position":"","_kad_post_header":false,"_kad_post_footer":false},"product_brand":[],"product_cat":[88,5979,5963,2375],"product_tag":[5764,1627,1235,5794,5626,5627,5743,4404,1614,4707,5795,5796,1093,4419,5797,1567,5585],"class_list":{"0":"post-11590","1":"product","2":"type-product","3":"status-publish","4":"has-post-thumbnail","6":"product_cat-aminosyror-fi","7":"product_cat-naringspulver-fi","8":"product_cat-synergos-fi","9":"product_cat-traning-fi","10":"product_tag-allergivanligt-fi","11":"product_tag-elpyminen","12":"product_tag-energia","13":"product_tag-fettfri-fi","14":"product_tag-fitness-fi","15":"product_tag-hogkvalitativt-protein-fi","16":"product_tag-hallbart-fi","17":"product_tag-kasvipohjainen","18":"product_tag-kestavyytta","19":"product_tag-lihasten-rakentaminen","20":"product_tag-magvanligt-fi","21":"product_tag-proteinrikt-fi","22":"product_tag-ravitsevaa","23":"product_tag-sydanterveytta","24":"product_tag-vaxtprotein-fi","25":"product_tag-vahvistaminen","26":"product_tag-vegan-fi","28":"first","29":"instock","30":"taxable","31":"shipping-taxable","32":"purchasable","33":"product-type-simple","34":"entry","35":"content-bg","36":"loop-entry"},"acf":[],"yoast_head":"<!-- This site is optimized with the Yoast SEO plugin v25.8 - https:\/\/yoast.com\/wordpress\/plugins\/seo\/ -->\n<title>Herneproteiini isolaatti - Reviva<\/title>\n<meta name=\"description\" content=\"Herneproteiini isolaatti on korkealaatuinen ja allergiayst\u00e4v\u00e4llinen proteiinin l\u00e4hde, joka tukee lihasten rakentumista, palautumista ja tasapainoa.\" \/>\n<meta name=\"robots\" content=\"index, follow, max-snippet:-1, max-image-preview:large, max-video-preview:-1\" \/>\n<link rel=\"canonical\" href=\"https:\/\/reviva.fi\/fi\/tuote\/herneproteiini-isolaatti\/\" \/>\n<meta property=\"og:locale\" content=\"fi_FI\" \/>\n<meta property=\"og:type\" content=\"article\" \/>\n<meta property=\"og:title\" content=\"Herneproteiini isolaatti - Reviva\" \/>\n<meta property=\"og:description\" content=\"Herneproteiini isolaatti on korkealaatuinen ja allergiayst\u00e4v\u00e4llinen proteiinin l\u00e4hde, joka tukee lihasten rakentumista, palautumista ja tasapainoa.\" \/>\n<meta property=\"og:url\" content=\"https:\/\/reviva.fi\/fi\/tuote\/herneproteiini-isolaatti\/\" \/>\n<meta property=\"og:site_name\" content=\"Reviva\" \/>\n<meta property=\"article:modified_time\" content=\"2026-01-28T07:39:24+00:00\" \/>\n<meta property=\"og:image\" content=\"https:\/\/reviva.fi\/wp-content\/uploads\/2025\/03\/Artprotein-Photoroom-e1762331808777.png\" \/>\n\t<meta property=\"og:image:width\" content=\"2000\" \/>\n\t<meta property=\"og:image:height\" content=\"1333\" \/>\n\t<meta property=\"og:image:type\" content=\"image\/png\" \/>\n<meta name=\"twitter:card\" content=\"summary_large_image\" \/>\n<script type=\"application\/ld+json\" class=\"yoast-schema-graph\">{\"@context\":\"https:\/\/schema.org\",\"@graph\":[{\"@type\":\"WebPage\",\"@id\":\"https:\/\/reviva.fi\/fi\/tuote\/herneproteiini-isolaatti\/\",\"url\":\"https:\/\/reviva.fi\/fi\/tuote\/herneproteiini-isolaatti\/\",\"name\":\"Herneproteiini isolaatti - Reviva\",\"isPartOf\":{\"@id\":\"https:\/\/reviva.fi\/fi\/#website\"},\"primaryImageOfPage\":{\"@id\":\"https:\/\/reviva.fi\/fi\/tuote\/herneproteiini-isolaatti\/#primaryimage\"},\"image\":{\"@id\":\"https:\/\/reviva.fi\/fi\/tuote\/herneproteiini-isolaatti\/#primaryimage\"},\"thumbnailUrl\":\"https:\/\/reviva.fi\/wp-content\/uploads\/2025\/03\/Artprotein-Photoroom-e1762331808777.png\",\"datePublished\":\"2025-03-11T07:13:53+00:00\",\"dateModified\":\"2026-01-28T07:39:24+00:00\",\"description\":\"Herneproteiini isolaatti on korkealaatuinen ja allergiayst\u00e4v\u00e4llinen proteiinin l\u00e4hde, joka tukee lihasten rakentumista, palautumista ja tasapainoa.\",\"breadcrumb\":{\"@id\":\"https:\/\/reviva.fi\/fi\/tuote\/herneproteiini-isolaatti\/#breadcrumb\"},\"inLanguage\":\"fi\",\"potentialAction\":[{\"@type\":\"ReadAction\",\"target\":[\"https:\/\/reviva.fi\/fi\/tuote\/herneproteiini-isolaatti\/\"]}]},{\"@type\":\"ImageObject\",\"inLanguage\":\"fi\",\"@id\":\"https:\/\/reviva.fi\/fi\/tuote\/herneproteiini-isolaatti\/#primaryimage\",\"url\":\"https:\/\/reviva.fi\/wp-content\/uploads\/2025\/03\/Artprotein-Photoroom-e1762331808777.png\",\"contentUrl\":\"https:\/\/reviva.fi\/wp-content\/uploads\/2025\/03\/Artprotein-Photoroom-e1762331808777.png\",\"width\":2000,\"height\":1333,\"caption\":\"\u00c4rtprotein\"},{\"@type\":\"BreadcrumbList\",\"@id\":\"https:\/\/reviva.fi\/fi\/tuote\/herneproteiini-isolaatti\/#breadcrumb\",\"itemListElement\":[{\"@type\":\"ListItem\",\"position\":1,\"name\":\"Etusivu\",\"item\":\"https:\/\/reviva.fi\/fi\/\"},{\"@type\":\"ListItem\",\"position\":2,\"name\":\"Tuotteet\",\"item\":\"https:\/\/reviva.fi\/produkter\/\"},{\"@type\":\"ListItem\",\"position\":3,\"name\":\"Herneproteiini isolaatti\"}]},{\"@type\":\"WebSite\",\"@id\":\"https:\/\/reviva.fi\/fi\/#website\",\"url\":\"https:\/\/reviva.fi\/fi\/\",\"name\":\"Reviva\",\"description\":\"\",\"publisher\":{\"@id\":\"https:\/\/reviva.fi\/fi\/#organization\"},\"potentialAction\":[{\"@type\":\"SearchAction\",\"target\":{\"@type\":\"EntryPoint\",\"urlTemplate\":\"https:\/\/reviva.fi\/fi\/?s={search_term_string}\"},\"query-input\":{\"@type\":\"PropertyValueSpecification\",\"valueRequired\":true,\"valueName\":\"search_term_string\"}}],\"inLanguage\":\"fi\"},{\"@type\":\"Organization\",\"@id\":\"https:\/\/reviva.fi\/fi\/#organization\",\"name\":\"Reviva\",\"url\":\"https:\/\/reviva.fi\/fi\/\",\"logo\":{\"@type\":\"ImageObject\",\"inLanguage\":\"fi\",\"@id\":\"https:\/\/reviva.fi\/fi\/#\/schema\/logo\/image\/\",\"url\":\"https:\/\/reviva.fi\/wp-content\/uploads\/2023\/10\/reviva-logo2.svg\",\"contentUrl\":\"https:\/\/reviva.fi\/wp-content\/uploads\/2023\/10\/reviva-logo2.svg\",\"caption\":\"Reviva\"},\"image\":{\"@id\":\"https:\/\/reviva.fi\/fi\/#\/schema\/logo\/image\/\"}}]}<\/script>\n<meta property=\"product:price:amount\" content=\"36.75\" \/>\n<meta property=\"product:price:currency\" content=\"EUR\" \/>\n<meta property=\"og:availability\" content=\"instock\" \/>\n<meta property=\"product:availability\" content=\"instock\" \/>\n<meta property=\"product:retailer_item_id\" content=\"417\" \/>\n<meta property=\"product:condition\" content=\"new\" \/>\n<!-- \/ Yoast SEO plugin. -->","yoast_head_json":{"title":"Herneproteiini isolaatti - Reviva","description":"Herneproteiini isolaatti on korkealaatuinen ja allergiayst\u00e4v\u00e4llinen proteiinin l\u00e4hde, joka tukee lihasten rakentumista, palautumista ja tasapainoa.","robots":{"index":"index","follow":"follow","max-snippet":"max-snippet:-1","max-image-preview":"max-image-preview:large","max-video-preview":"max-video-preview:-1"},"canonical":"https:\/\/reviva.fi\/fi\/tuote\/herneproteiini-isolaatti\/","og_locale":"fi_FI","og_type":"article","og_title":"Herneproteiini isolaatti - Reviva","og_description":"Herneproteiini isolaatti on korkealaatuinen ja allergiayst\u00e4v\u00e4llinen proteiinin l\u00e4hde, joka tukee lihasten rakentumista, palautumista ja tasapainoa.","og_url":"https:\/\/reviva.fi\/fi\/tuote\/herneproteiini-isolaatti\/","og_site_name":"Reviva","article_modified_time":"2026-01-28T07:39:24+00:00","og_image":[{"width":2000,"height":1333,"url":"https:\/\/reviva.fi\/wp-content\/uploads\/2025\/03\/Artprotein-Photoroom-e1762331808777.png","type":"image\/png"}],"twitter_card":"summary_large_image","schema":{"@context":"https:\/\/schema.org","@graph":[{"@type":"WebPage","@id":"https:\/\/reviva.fi\/fi\/tuote\/herneproteiini-isolaatti\/","url":"https:\/\/reviva.fi\/fi\/tuote\/herneproteiini-isolaatti\/","name":"Herneproteiini isolaatti - Reviva","isPartOf":{"@id":"https:\/\/reviva.fi\/fi\/#website"},"primaryImageOfPage":{"@id":"https:\/\/reviva.fi\/fi\/tuote\/herneproteiini-isolaatti\/#primaryimage"},"image":{"@id":"https:\/\/reviva.fi\/fi\/tuote\/herneproteiini-isolaatti\/#primaryimage"},"thumbnailUrl":"https:\/\/reviva.fi\/wp-content\/uploads\/2025\/03\/Artprotein-Photoroom-e1762331808777.png","datePublished":"2025-03-11T07:13:53+00:00","dateModified":"2026-01-28T07:39:24+00:00","description":"Herneproteiini isolaatti on korkealaatuinen ja allergiayst\u00e4v\u00e4llinen proteiinin l\u00e4hde, joka tukee lihasten rakentumista, palautumista ja tasapainoa.","breadcrumb":{"@id":"https:\/\/reviva.fi\/fi\/tuote\/herneproteiini-isolaatti\/#breadcrumb"},"inLanguage":"fi","potentialAction":[{"@type":"ReadAction","target":["https:\/\/reviva.fi\/fi\/tuote\/herneproteiini-isolaatti\/"]}]},{"@type":"ImageObject","inLanguage":"fi","@id":"https:\/\/reviva.fi\/fi\/tuote\/herneproteiini-isolaatti\/#primaryimage","url":"https:\/\/reviva.fi\/wp-content\/uploads\/2025\/03\/Artprotein-Photoroom-e1762331808777.png","contentUrl":"https:\/\/reviva.fi\/wp-content\/uploads\/2025\/03\/Artprotein-Photoroom-e1762331808777.png","width":2000,"height":1333,"caption":"\u00c4rtprotein"},{"@type":"BreadcrumbList","@id":"https:\/\/reviva.fi\/fi\/tuote\/herneproteiini-isolaatti\/#breadcrumb","itemListElement":[{"@type":"ListItem","position":1,"name":"Etusivu","item":"https:\/\/reviva.fi\/fi\/"},{"@type":"ListItem","position":2,"name":"Tuotteet","item":"https:\/\/reviva.fi\/produkter\/"},{"@type":"ListItem","position":3,"name":"Herneproteiini isolaatti"}]},{"@type":"WebSite","@id":"https:\/\/reviva.fi\/fi\/#website","url":"https:\/\/reviva.fi\/fi\/","name":"Reviva","description":"","publisher":{"@id":"https:\/\/reviva.fi\/fi\/#organization"},"potentialAction":[{"@type":"SearchAction","target":{"@type":"EntryPoint","urlTemplate":"https:\/\/reviva.fi\/fi\/?s={search_term_string}"},"query-input":{"@type":"PropertyValueSpecification","valueRequired":true,"valueName":"search_term_string"}}],"inLanguage":"fi"},{"@type":"Organization","@id":"https:\/\/reviva.fi\/fi\/#organization","name":"Reviva","url":"https:\/\/reviva.fi\/fi\/","logo":{"@type":"ImageObject","inLanguage":"fi","@id":"https:\/\/reviva.fi\/fi\/#\/schema\/logo\/image\/","url":"https:\/\/reviva.fi\/wp-content\/uploads\/2023\/10\/reviva-logo2.svg","contentUrl":"https:\/\/reviva.fi\/wp-content\/uploads\/2023\/10\/reviva-logo2.svg","caption":"Reviva"},"image":{"@id":"https:\/\/reviva.fi\/fi\/#\/schema\/logo\/image\/"}}]},"product_price_amount":"36.75","product_price_currency":"EUR","og_availability":"instock","product_availability":"instock","product_retailer_item_id":"417","product_condition":"new"},"taxonomy_info":{"product_cat":[{"value":88,"label":"Aminohapot"},{"value":5979,"label":"Ravintojauheet"},{"value":5963,"label":"Synergos"},{"value":2375,"label":"Harjoittelu"}],"product_tag":[{"value":5764,"label":"allergiv\u00e4nligt"},{"value":1627,"label":"elpyminen"},{"value":1235,"label":"energia"},{"value":5794,"label":"fettfri"},{"value":5626,"label":"Fitness"},{"value":5627,"label":"H\u00f6gkvalitativt protein"},{"value":5743,"label":"h\u00e5llbart"},{"value":4404,"label":"Kasvipohjainen"},{"value":1614,"label":"kest\u00e4vyytt\u00e4"},{"value":4707,"label":"lihasten rakentaminen"},{"value":5795,"label":"magv\u00e4nligt"},{"value":5796,"label":"proteinrikt"},{"value":1093,"label":"Ravitsevaa"},{"value":4419,"label":"Syd\u00e4nterveytt\u00e4"},{"value":5797,"label":"V\u00e4xtprotein"},{"value":1567,"label":"vahvistaminen"},{"value":5585,"label":"Vegan"}]},"featured_image_src_large":["https:\/\/reviva.fi\/wp-content\/uploads\/2025\/03\/Artprotein-Photoroom-1024x682.png",1024,682,true],"author_info":[],"comment_info":0,"_links":{"self":[{"href":"https:\/\/reviva.fi\/fi\/wp-json\/wp\/v2\/product\/11590","targetHints":{"allow":["GET"]}}],"collection":[{"href":"https:\/\/reviva.fi\/fi\/wp-json\/wp\/v2\/product"}],"about":[{"href":"https:\/\/reviva.fi\/fi\/wp-json\/wp\/v2\/types\/product"}],"replies":[{"embeddable":true,"href":"https:\/\/reviva.fi\/fi\/wp-json\/wp\/v2\/comments?post=11590"}],"wp:featuredmedia":[{"embeddable":true,"href":"https:\/\/reviva.fi\/fi\/wp-json\/wp\/v2\/media\/13063"}],"wp:attachment":[{"href":"https:\/\/reviva.fi\/fi\/wp-json\/wp\/v2\/media?parent=11590"}],"wp:term":[{"taxonomy":"product_brand","embeddable":true,"href":"https:\/\/reviva.fi\/fi\/wp-json\/wp\/v2\/product_brand?post=11590"},{"taxonomy":"product_cat","embeddable":true,"href":"https:\/\/reviva.fi\/fi\/wp-json\/wp\/v2\/product_cat?post=11590"},{"taxonomy":"product_tag","embeddable":true,"href":"https:\/\/reviva.fi\/fi\/wp-json\/wp\/v2\/product_tag?post=11590"}],"curies":[{"name":"wp","href":"https:\/\/api.w.org\/{rel}","templated":true}]}}