{"id":11640,"date":"2025-03-18T09:09:32","date_gmt":"2025-03-18T07:09:32","guid":{"rendered":"https:\/\/reviva.fi\/product\/multiguard-osteoadvance-lamberts\/"},"modified":"2025-03-19T12:37:07","modified_gmt":"2025-03-19T10:37:07","slug":"multiguard-osteoadvance-lamberts","status":"publish","type":"product","link":"https:\/\/reviva.fi\/fi\/tuote\/multiguard-osteoadvance-lamberts\/","title":{"rendered":"MultiGuard OsteoAdvance &#8211; Lamberts"},"content":{"rendered":"<p><strong>MultiGuard OsteoAdvance &#8211; Lamberts<\/strong><\/p>\n<p data-start=\"0\" data-end=\"475\">T\u00e4m\u00e4 on yksi kattavimmista ja vahvimmin annostelluista monivitamiini- ja kivenn\u00e4isainevalmisteista, jotka ovat saatavilla Isossa-Britanniassa. Se yhdist\u00e4\u00e4 tehokkaat mikroravintoaineet kahteen t\u00e4rke\u00e4\u00e4n makroravintoaineeseen, kalsiumiin ja magnesiumiin. Useimmat monivitamiinit laiminly\u00f6v\u00e4t n\u00e4m\u00e4 v\u00e4ltt\u00e4m\u00e4tt\u00f6m\u00e4t luuston terveytt\u00e4 tukevat kivenn\u00e4isaineet, sill\u00e4 niit\u00e4 tarvitaan suhteellisen suuria m\u00e4\u00e4ri\u00e4, joita on mahdotonta sis\u00e4llytt\u00e4\u00e4 yhden tabletin p\u00e4iv\u00e4ss\u00e4 -valmisteeseen.<\/p>\n<p data-start=\"477\" data-end=\"806\">Kolme tablettia p\u00e4iv\u00e4ss\u00e4 tarjoaa yhteens\u00e4 500 mg kalsiumia ja 250 mg magnesiumia. T\u00e4m\u00e4n lis\u00e4ksi valmiste sis\u00e4lt\u00e4\u00e4 runsaasti t\u00e4rkeit\u00e4 kivenn\u00e4isaineita, kuten seleeni\u00e4, sinkki\u00e4 ja kromia, sek\u00e4 reilusti syd\u00e4men hyvinvointia tukevia B-vitamiineja, antioksidanttisia C- ja E-vitamiineja sek\u00e4 luustoa vahvistavia D- ja K-vitamiineja.<\/p>\n<p data-start=\"808\" data-end=\"1055\" data-is-last-node=\"\" data-is-only-node=\"\">Valmistetta on lis\u00e4ksi rikastettu v\u00e4kev\u00e4mmill\u00e4 kasviuutteilla, kuten kurkumalla, luteiinilla, ryp\u00e4leensiemenuutteella ja rosmariinilla, joita ravitsemusasiantuntijat arvostavat suuresti niiden voimakkaiden antioksidanttisten ominaisuuksien vuoksi.<\/p>\n","protected":false},"excerpt":{"rendered":"<ul>\n<li data-start=\"0\" data-end=\"421\">Kolme tablettia p\u00e4iv\u00e4ss\u00e4 tarjoaa terapeuttisen annoksen 250 mg magnesiumia.<\/li>\n<li data-start=\"0\" data-end=\"421\">Sis\u00e4lt\u00e4\u00e4 lis\u00e4ksi 500 mg elint\u00e4rke\u00e4\u00e4 kivenn\u00e4isainetta kalsiumia p\u00e4ivitt\u00e4isess\u00e4 annoksessa.<\/li>\n<li data-start=\"0\" data-end=\"421\">Poistaa erillisten magnesium- ja kalsiumlisien tarpeen, mik\u00e4 v\u00e4hent\u00e4\u00e4 sek\u00e4 tablettien m\u00e4\u00e4r\u00e4\u00e4 ett\u00e4 kustannuksia.<\/li>\n<li data-start=\"0\" data-end=\"421\">Voi auttaa korjaamaan jopa 24 erilaista ravintoainepuutetta, joten sinun tarvitsee t\u00e4ydent\u00e4\u00e4 ruokavaliota vain esimerkiksi omega-3:lla.<\/li>\n<\/ul>\n<p data-start=\"423\" data-end=\"436\" data-is-last-node=\"\" data-is-only-node=\"\"><strong>120 tablettia<\/strong><\/p>\n","protected":false},"featured_media":11609,"comment_status":"closed","ping_status":"closed","template":"","meta":{"_acf_changed":false,"inline_featured_image":false,"_kad_blocks_custom_css":"","_kad_blocks_head_custom_js":"","_kad_blocks_body_custom_js":"","_kad_blocks_footer_custom_js":"","_kadence_starter_templates_imported_post":false,"_kad_post_transparent":"default","_kad_post_title":"","_kad_post_layout":"default","_kad_post_sidebar_id":"","_kad_post_content_style":"default","_kad_post_vertical_padding":"default","_kad_post_feature":"","_kad_post_feature_position":"","_kad_post_header":false,"_kad_post_footer":false},"product_brand":[],"product_cat":[5978,2444,2371],"product_tag":[3750,621,3465,444,448,2946,4432,4917,479,2916,496,4911,5467],"class_list":{"0":"post-11640","1":"product","2":"type-product","3":"status-publish","4":"has-post-thumbnail","6":"product_cat-multi-produkter-fi","7":"product_cat-lamberts-fi","8":"product_cat-muskler-och-leder-fi","9":"product_tag-antioxidantstod-fi","10":"product_tag-d-vitamiini-fi","11":"product_tag-energiomsattning-fi","12":"product_tag-immuunijarjestelma","13":"product_tag-k-vitamiini","14":"product_tag-kalsium","15":"product_tag-luuston-terveytta","16":"product_tag-luuston-tuki","17":"product_tag-magnesiumi","18":"product_tag-mineraalit","19":"product_tag-multivitamiini","20":"product_tag-vahvat-luut","21":"product_tag-vegansk-vanlig-fi","23":"first","24":"instock","25":"taxable","26":"shipping-taxable","27":"purchasable","28":"product-type-simple","29":"entry","30":"content-bg","31":"loop-entry"},"acf":[],"yoast_head":"<!-- This site is optimized with the Yoast SEO plugin v25.8 - https:\/\/yoast.com\/wordpress\/plugins\/seo\/ -->\n<title>MultiGuard OsteoAdvance - Lamberts - Reviva<\/title>\n<meta name=\"description\" content=\"MultiGuard OsteoAdvance - Lamberts on edistynyt monivitamiini, joka sis\u00e4lt\u00e4\u00e4 runsaasti kalsiumia, magnesiumia, D-vitamiinia ja t\u00e4rkeit\u00e4 antioksidantteja.\" \/>\n<meta name=\"robots\" content=\"index, follow, max-snippet:-1, max-image-preview:large, max-video-preview:-1\" \/>\n<link rel=\"canonical\" href=\"https:\/\/reviva.fi\/fi\/tuote\/multiguard-osteoadvance-lamberts\/\" \/>\n<meta property=\"og:locale\" content=\"fi_FI\" \/>\n<meta property=\"og:type\" content=\"article\" \/>\n<meta property=\"og:title\" content=\"MultiGuard OsteoAdvance - Lamberts - Reviva\" \/>\n<meta property=\"og:description\" content=\"MultiGuard OsteoAdvance - Lamberts on edistynyt monivitamiini, joka sis\u00e4lt\u00e4\u00e4 runsaasti kalsiumia, magnesiumia, D-vitamiinia ja t\u00e4rkeit\u00e4 antioksidantteja.\" \/>\n<meta property=\"og:url\" content=\"https:\/\/reviva.fi\/fi\/tuote\/multiguard-osteoadvance-lamberts\/\" \/>\n<meta property=\"og:site_name\" content=\"Reviva\" \/>\n<meta property=\"article:modified_time\" content=\"2025-03-19T10:37:07+00:00\" \/>\n<meta property=\"og:image\" content=\"https:\/\/reviva.fi\/wp-content\/uploads\/2025\/03\/8434-MulotiGuard-osteo-advance-5-0.jpg\" \/>\n\t<meta property=\"og:image:width\" content=\"780\" \/>\n\t<meta property=\"og:image:height\" content=\"780\" \/>\n\t<meta property=\"og:image:type\" content=\"image\/jpeg\" \/>\n<meta name=\"twitter:card\" content=\"summary_large_image\" \/>\n<script type=\"application\/ld+json\" class=\"yoast-schema-graph\">{\"@context\":\"https:\/\/schema.org\",\"@graph\":[{\"@type\":\"WebPage\",\"@id\":\"https:\/\/reviva.fi\/fi\/tuote\/multiguard-osteoadvance-lamberts\/\",\"url\":\"https:\/\/reviva.fi\/fi\/tuote\/multiguard-osteoadvance-lamberts\/\",\"name\":\"MultiGuard OsteoAdvance - Lamberts - Reviva\",\"isPartOf\":{\"@id\":\"https:\/\/reviva.fi\/fi\/#website\"},\"primaryImageOfPage\":{\"@id\":\"https:\/\/reviva.fi\/fi\/tuote\/multiguard-osteoadvance-lamberts\/#primaryimage\"},\"image\":{\"@id\":\"https:\/\/reviva.fi\/fi\/tuote\/multiguard-osteoadvance-lamberts\/#primaryimage\"},\"thumbnailUrl\":\"https:\/\/reviva.fi\/wp-content\/uploads\/2025\/03\/8434-MulotiGuard-osteo-advance-5-0.jpg\",\"datePublished\":\"2025-03-18T07:09:32+00:00\",\"dateModified\":\"2025-03-19T10:37:07+00:00\",\"description\":\"MultiGuard OsteoAdvance - Lamberts on edistynyt monivitamiini, joka sis\u00e4lt\u00e4\u00e4 runsaasti kalsiumia, magnesiumia, D-vitamiinia ja t\u00e4rkeit\u00e4 antioksidantteja.\",\"breadcrumb\":{\"@id\":\"https:\/\/reviva.fi\/fi\/tuote\/multiguard-osteoadvance-lamberts\/#breadcrumb\"},\"inLanguage\":\"fi\",\"potentialAction\":[{\"@type\":\"ReadAction\",\"target\":[\"https:\/\/reviva.fi\/fi\/tuote\/multiguard-osteoadvance-lamberts\/\"]}]},{\"@type\":\"ImageObject\",\"inLanguage\":\"fi\",\"@id\":\"https:\/\/reviva.fi\/fi\/tuote\/multiguard-osteoadvance-lamberts\/#primaryimage\",\"url\":\"https:\/\/reviva.fi\/wp-content\/uploads\/2025\/03\/8434-MulotiGuard-osteo-advance-5-0.jpg\",\"contentUrl\":\"https:\/\/reviva.fi\/wp-content\/uploads\/2025\/03\/8434-MulotiGuard-osteo-advance-5-0.jpg\",\"width\":780,\"height\":780,\"caption\":\"MultiGuard OsteoAdvance - Lamberts\"},{\"@type\":\"BreadcrumbList\",\"@id\":\"https:\/\/reviva.fi\/fi\/tuote\/multiguard-osteoadvance-lamberts\/#breadcrumb\",\"itemListElement\":[{\"@type\":\"ListItem\",\"position\":1,\"name\":\"Etusivu\",\"item\":\"https:\/\/reviva.fi\/fi\/\"},{\"@type\":\"ListItem\",\"position\":2,\"name\":\"Tuotteet\",\"item\":\"https:\/\/reviva.fi\/produkter\/\"},{\"@type\":\"ListItem\",\"position\":3,\"name\":\"MultiGuard OsteoAdvance &#8211; Lamberts\"}]},{\"@type\":\"WebSite\",\"@id\":\"https:\/\/reviva.fi\/fi\/#website\",\"url\":\"https:\/\/reviva.fi\/fi\/\",\"name\":\"Reviva\",\"description\":\"\",\"publisher\":{\"@id\":\"https:\/\/reviva.fi\/fi\/#organization\"},\"potentialAction\":[{\"@type\":\"SearchAction\",\"target\":{\"@type\":\"EntryPoint\",\"urlTemplate\":\"https:\/\/reviva.fi\/fi\/?s={search_term_string}\"},\"query-input\":{\"@type\":\"PropertyValueSpecification\",\"valueRequired\":true,\"valueName\":\"search_term_string\"}}],\"inLanguage\":\"fi\"},{\"@type\":\"Organization\",\"@id\":\"https:\/\/reviva.fi\/fi\/#organization\",\"name\":\"Reviva\",\"url\":\"https:\/\/reviva.fi\/fi\/\",\"logo\":{\"@type\":\"ImageObject\",\"inLanguage\":\"fi\",\"@id\":\"https:\/\/reviva.fi\/fi\/#\/schema\/logo\/image\/\",\"url\":\"https:\/\/reviva.fi\/wp-content\/uploads\/2023\/10\/reviva-logo2.svg\",\"contentUrl\":\"https:\/\/reviva.fi\/wp-content\/uploads\/2023\/10\/reviva-logo2.svg\",\"caption\":\"Reviva\"},\"image\":{\"@id\":\"https:\/\/reviva.fi\/fi\/#\/schema\/logo\/image\/\"}}]}<\/script>\n<meta property=\"product:price:amount\" content=\"37.40\" \/>\n<meta property=\"product:price:currency\" content=\"EUR\" \/>\n<meta property=\"og:availability\" content=\"instock\" \/>\n<meta property=\"product:availability\" content=\"instock\" \/>\n<meta property=\"product:retailer_item_id\" content=\"8434-120\" \/>\n<meta property=\"product:condition\" content=\"new\" \/>\n<!-- \/ Yoast SEO plugin. -->","yoast_head_json":{"title":"MultiGuard OsteoAdvance - Lamberts - Reviva","description":"MultiGuard OsteoAdvance - Lamberts on edistynyt monivitamiini, joka sis\u00e4lt\u00e4\u00e4 runsaasti kalsiumia, magnesiumia, D-vitamiinia ja t\u00e4rkeit\u00e4 antioksidantteja.","robots":{"index":"index","follow":"follow","max-snippet":"max-snippet:-1","max-image-preview":"max-image-preview:large","max-video-preview":"max-video-preview:-1"},"canonical":"https:\/\/reviva.fi\/fi\/tuote\/multiguard-osteoadvance-lamberts\/","og_locale":"fi_FI","og_type":"article","og_title":"MultiGuard OsteoAdvance - Lamberts - Reviva","og_description":"MultiGuard OsteoAdvance - Lamberts on edistynyt monivitamiini, joka sis\u00e4lt\u00e4\u00e4 runsaasti kalsiumia, magnesiumia, D-vitamiinia ja t\u00e4rkeit\u00e4 antioksidantteja.","og_url":"https:\/\/reviva.fi\/fi\/tuote\/multiguard-osteoadvance-lamberts\/","og_site_name":"Reviva","article_modified_time":"2025-03-19T10:37:07+00:00","og_image":[{"width":780,"height":780,"url":"https:\/\/reviva.fi\/wp-content\/uploads\/2025\/03\/8434-MulotiGuard-osteo-advance-5-0.jpg","type":"image\/jpeg"}],"twitter_card":"summary_large_image","schema":{"@context":"https:\/\/schema.org","@graph":[{"@type":"WebPage","@id":"https:\/\/reviva.fi\/fi\/tuote\/multiguard-osteoadvance-lamberts\/","url":"https:\/\/reviva.fi\/fi\/tuote\/multiguard-osteoadvance-lamberts\/","name":"MultiGuard OsteoAdvance - Lamberts - Reviva","isPartOf":{"@id":"https:\/\/reviva.fi\/fi\/#website"},"primaryImageOfPage":{"@id":"https:\/\/reviva.fi\/fi\/tuote\/multiguard-osteoadvance-lamberts\/#primaryimage"},"image":{"@id":"https:\/\/reviva.fi\/fi\/tuote\/multiguard-osteoadvance-lamberts\/#primaryimage"},"thumbnailUrl":"https:\/\/reviva.fi\/wp-content\/uploads\/2025\/03\/8434-MulotiGuard-osteo-advance-5-0.jpg","datePublished":"2025-03-18T07:09:32+00:00","dateModified":"2025-03-19T10:37:07+00:00","description":"MultiGuard OsteoAdvance - Lamberts on edistynyt monivitamiini, joka sis\u00e4lt\u00e4\u00e4 runsaasti kalsiumia, magnesiumia, D-vitamiinia ja t\u00e4rkeit\u00e4 antioksidantteja.","breadcrumb":{"@id":"https:\/\/reviva.fi\/fi\/tuote\/multiguard-osteoadvance-lamberts\/#breadcrumb"},"inLanguage":"fi","potentialAction":[{"@type":"ReadAction","target":["https:\/\/reviva.fi\/fi\/tuote\/multiguard-osteoadvance-lamberts\/"]}]},{"@type":"ImageObject","inLanguage":"fi","@id":"https:\/\/reviva.fi\/fi\/tuote\/multiguard-osteoadvance-lamberts\/#primaryimage","url":"https:\/\/reviva.fi\/wp-content\/uploads\/2025\/03\/8434-MulotiGuard-osteo-advance-5-0.jpg","contentUrl":"https:\/\/reviva.fi\/wp-content\/uploads\/2025\/03\/8434-MulotiGuard-osteo-advance-5-0.jpg","width":780,"height":780,"caption":"MultiGuard OsteoAdvance - Lamberts"},{"@type":"BreadcrumbList","@id":"https:\/\/reviva.fi\/fi\/tuote\/multiguard-osteoadvance-lamberts\/#breadcrumb","itemListElement":[{"@type":"ListItem","position":1,"name":"Etusivu","item":"https:\/\/reviva.fi\/fi\/"},{"@type":"ListItem","position":2,"name":"Tuotteet","item":"https:\/\/reviva.fi\/produkter\/"},{"@type":"ListItem","position":3,"name":"MultiGuard OsteoAdvance &#8211; Lamberts"}]},{"@type":"WebSite","@id":"https:\/\/reviva.fi\/fi\/#website","url":"https:\/\/reviva.fi\/fi\/","name":"Reviva","description":"","publisher":{"@id":"https:\/\/reviva.fi\/fi\/#organization"},"potentialAction":[{"@type":"SearchAction","target":{"@type":"EntryPoint","urlTemplate":"https:\/\/reviva.fi\/fi\/?s={search_term_string}"},"query-input":{"@type":"PropertyValueSpecification","valueRequired":true,"valueName":"search_term_string"}}],"inLanguage":"fi"},{"@type":"Organization","@id":"https:\/\/reviva.fi\/fi\/#organization","name":"Reviva","url":"https:\/\/reviva.fi\/fi\/","logo":{"@type":"ImageObject","inLanguage":"fi","@id":"https:\/\/reviva.fi\/fi\/#\/schema\/logo\/image\/","url":"https:\/\/reviva.fi\/wp-content\/uploads\/2023\/10\/reviva-logo2.svg","contentUrl":"https:\/\/reviva.fi\/wp-content\/uploads\/2023\/10\/reviva-logo2.svg","caption":"Reviva"},"image":{"@id":"https:\/\/reviva.fi\/fi\/#\/schema\/logo\/image\/"}}]},"product_price_amount":"37.40","product_price_currency":"EUR","og_availability":"instock","product_availability":"instock","product_retailer_item_id":"8434-120","product_condition":"new"},"taxonomy_info":{"product_cat":[{"value":5978,"label":"Multi tuotteet"},{"value":2444,"label":"Lamberts"},{"value":2371,"label":"Nivelet &amp; Lihakset"}],"product_tag":[{"value":3750,"label":"Antioxidantst\u00f6d"},{"value":621,"label":"d vitamiini"},{"value":3465,"label":"Energioms\u00e4ttning"},{"value":444,"label":"immuunij\u00e4rjestelm\u00e4"},{"value":448,"label":"k vitamiini"},{"value":2946,"label":"Kalsium"},{"value":4432,"label":"Luuston terveytt\u00e4"},{"value":4917,"label":"Luuston tuki"},{"value":479,"label":"magnesiumi"},{"value":2916,"label":"Mineraalit"},{"value":496,"label":"multivitamiini"},{"value":4911,"label":"Vahvat luut"},{"value":5467,"label":"Vegansk v\u00e4nlig"}]},"featured_image_src_large":["https:\/\/reviva.fi\/wp-content\/uploads\/2025\/03\/8434-MulotiGuard-osteo-advance-5-0.jpg",780,780,false],"author_info":[],"comment_info":0,"_links":{"self":[{"href":"https:\/\/reviva.fi\/fi\/wp-json\/wp\/v2\/product\/11640","targetHints":{"allow":["GET"]}}],"collection":[{"href":"https:\/\/reviva.fi\/fi\/wp-json\/wp\/v2\/product"}],"about":[{"href":"https:\/\/reviva.fi\/fi\/wp-json\/wp\/v2\/types\/product"}],"replies":[{"embeddable":true,"href":"https:\/\/reviva.fi\/fi\/wp-json\/wp\/v2\/comments?post=11640"}],"wp:featuredmedia":[{"embeddable":true,"href":"https:\/\/reviva.fi\/fi\/wp-json\/wp\/v2\/media\/11609"}],"wp:attachment":[{"href":"https:\/\/reviva.fi\/fi\/wp-json\/wp\/v2\/media?parent=11640"}],"wp:term":[{"taxonomy":"product_brand","embeddable":true,"href":"https:\/\/reviva.fi\/fi\/wp-json\/wp\/v2\/product_brand?post=11640"},{"taxonomy":"product_cat","embeddable":true,"href":"https:\/\/reviva.fi\/fi\/wp-json\/wp\/v2\/product_cat?post=11640"},{"taxonomy":"product_tag","embeddable":true,"href":"https:\/\/reviva.fi\/fi\/wp-json\/wp\/v2\/product_tag?post=11640"}],"curies":[{"name":"wp","href":"https:\/\/api.w.org\/{rel}","templated":true}]}}