{"id":11646,"date":"2025-03-18T09:21:17","date_gmt":"2025-03-18T07:21:17","guid":{"rendered":"https:\/\/reviva.fi\/product\/l-phenylalanine-500mg-lamberts\/"},"modified":"2025-03-19T12:58:09","modified_gmt":"2025-03-19T10:58:09","slug":"l-phenylalanine-500mg-lamberts","status":"publish","type":"product","link":"https:\/\/reviva.fi\/fi\/tuote\/l-phenylalanine-500mg-lamberts\/","title":{"rendered":"L-Fenyylialaniini 500mg &#8211; Lamberts"},"content":{"rendered":"<p><strong>L-Fenyylialaniini 500mg &#8211; Lamberts<\/strong><\/p>\n<p data-start=\"0\" data-end=\"232\">Lamberts\u00ae Fenylalaniini sis\u00e4lt\u00e4\u00e4 luonnollista L-fenyylialaniinia, joka on vapaassa muodossaan optimaalisen imeytymisen varmistamiseksi. Tuote valmistetaan Isossa-Britanniassa farmaseuttisten GMP-standardien mukaisesti.<\/p>\n<p data-start=\"234\" data-end=\"538\" data-is-only-node=\"\" data-is-last-node=\"\"><strong data-start=\"234\" data-end=\"245\">Huomio:<\/strong><br data-start=\"245\" data-end=\"248\" \/>Henkil\u00f6iden, joilla on fenyyliketonuria (PKU) \u2013 sairaus, jossa fenyylialaniinia ei voida hajottaa \u2013 ei tule k\u00e4ytt\u00e4\u00e4 fenyylialaniinilis\u00e4\u00e4.<br data-start=\"393\" data-end=\"396\" \/>Fenyylialaniinilis\u00e4\u00e4 ei my\u00f6sk\u00e4\u00e4n tule k\u00e4ytt\u00e4\u00e4 yhdess\u00e4 reseptil\u00e4\u00e4kkeiden, erityisesti monoamiinioksidaasin est\u00e4jien (MAO-est\u00e4jien), kanssa.<\/p>\n","protected":false},"excerpt":{"rendered":"<p data-start=\"0\" data-end=\"247\">\u2714 Luonnollinen L-fenyylialaniini \u2013 Vapaa muoto optimaalisen imeytymisen varmistamiseksi.<br data-start=\"92\" data-end=\"95\" \/>\u2714 Valmistettu Isossa-Britanniassa farmaseuttisten GMP-standardien mukaisesti.<br data-start=\"176\" data-end=\"179\" \/>\u2714 Yksi p\u00e4iv\u00e4ss\u00e4 -valmiste \u2013 Helppo ja k\u00e4yt\u00e4nn\u00f6llinen annostus.<\/p>\n<p data-start=\"249\" data-end=\"550\">Huomio: Henkil\u00f6iden, joilla on fenyyliketonuria (PKU) \u2013 sairaus, jossa fenyylialaniinia ei voida hajottaa \u2013 tulee v\u00e4ltt\u00e4\u00e4 fenyylialaniinilis\u00e4\u00e4.<br data-start=\"404\" data-end=\"407\" \/>T\u00e4t\u00e4 lis\u00e4ravinnetta ei my\u00f6sk\u00e4\u00e4n tule k\u00e4ytt\u00e4\u00e4 yhdess\u00e4 reseptil\u00e4\u00e4kkeiden, erityisesti monoamiinioksidaasin est\u00e4jien (MAO-est\u00e4jien), kanssa.<\/p>\n<p data-start=\"552\" data-end=\"567\" data-is-last-node=\"\" data-is-only-node=\"\"><strong data-start=\"552\" data-end=\"567\" data-is-last-node=\"\">60 kapselia<\/strong><\/p>\n","protected":false},"featured_media":11615,"comment_status":"closed","ping_status":"closed","template":"","meta":{"_acf_changed":false,"inline_featured_image":false,"_kad_blocks_custom_css":"","_kad_blocks_head_custom_js":"","_kad_blocks_body_custom_js":"","_kad_blocks_footer_custom_js":"","_kadence_starter_templates_imported_post":false,"_kad_post_transparent":"default","_kad_post_title":"","_kad_post_layout":"default","_kad_post_sidebar_id":"","_kad_post_content_style":"default","_kad_post_vertical_padding":"default","_kad_post_feature":"","_kad_post_feature_position":"","_kad_post_header":false,"_kad_post_footer":false},"product_brand":[],"product_cat":[88,2444],"product_tag":[4954,4474,409,3465,3450,4456,1432,4458,4885,4708,4464,5467],"class_list":{"0":"post-11646","1":"product","2":"type-product","3":"status-publish","4":"has-post-thumbnail","6":"product_cat-aminosyror-fi","7":"product_cat-lamberts-fi","8":"product_tag-aivojen-lisaravinteet","9":"product_tag-aivojen-terveys","10":"product_tag-aminohappo","11":"product_tag-energiomsattning-fi","12":"product_tag-fokus-och-koncentration-fi","13":"product_tag-kognitiivinen-toiminto","14":"product_tag-mentaalinen-vahvuus","15":"product_tag-mielialan-tuki","16":"product_tag-neurotransmitterit","17":"product_tag-nopea-imeytyminen","18":"product_tag-vapaa-muotoinen","19":"product_tag-vegansk-vanlig-fi","21":"first","22":"instock","23":"taxable","24":"shipping-taxable","25":"purchasable","26":"product-type-simple","27":"entry","28":"content-bg","29":"loop-entry"},"acf":[],"yoast_head":"<!-- This site is optimized with the Yoast SEO plugin v25.8 - https:\/\/yoast.com\/wordpress\/plugins\/seo\/ -->\n<title>L-Fenyylialaniini 500mg - Lamberts - Reviva<\/title>\n<meta name=\"description\" content=\"Lamberts\u00ae L-Phenylalanine 500 mg sis\u00e4lt\u00e4\u00e4 vapaan muodon optimaalisen imeytymisen varmistamiseksi. Valmistetaan GMP-standardien mukaisesti.\" \/>\n<meta name=\"robots\" content=\"index, follow, max-snippet:-1, max-image-preview:large, max-video-preview:-1\" \/>\n<link rel=\"canonical\" href=\"https:\/\/reviva.fi\/fi\/tuote\/l-phenylalanine-500mg-lamberts\/\" \/>\n<meta property=\"og:locale\" content=\"fi_FI\" \/>\n<meta property=\"og:type\" content=\"article\" \/>\n<meta property=\"og:title\" content=\"L-Fenyylialaniini 500mg - Lamberts - Reviva\" \/>\n<meta property=\"og:description\" content=\"Lamberts\u00ae L-Phenylalanine 500 mg sis\u00e4lt\u00e4\u00e4 vapaan muodon optimaalisen imeytymisen varmistamiseksi. Valmistetaan GMP-standardien mukaisesti.\" \/>\n<meta property=\"og:url\" content=\"https:\/\/reviva.fi\/fi\/tuote\/l-phenylalanine-500mg-lamberts\/\" \/>\n<meta property=\"og:site_name\" content=\"Reviva\" \/>\n<meta property=\"article:modified_time\" content=\"2025-03-19T10:58:09+00:00\" \/>\n<meta property=\"og:image\" content=\"https:\/\/reviva.fi\/wp-content\/uploads\/2025\/03\/8321-L-phenylalanine.jpg\" \/>\n\t<meta property=\"og:image:width\" content=\"780\" \/>\n\t<meta property=\"og:image:height\" content=\"780\" \/>\n\t<meta property=\"og:image:type\" content=\"image\/jpeg\" \/>\n<meta name=\"twitter:card\" content=\"summary_large_image\" \/>\n<script type=\"application\/ld+json\" class=\"yoast-schema-graph\">{\"@context\":\"https:\/\/schema.org\",\"@graph\":[{\"@type\":\"WebPage\",\"@id\":\"https:\/\/reviva.fi\/fi\/tuote\/l-phenylalanine-500mg-lamberts\/\",\"url\":\"https:\/\/reviva.fi\/fi\/tuote\/l-phenylalanine-500mg-lamberts\/\",\"name\":\"L-Fenyylialaniini 500mg - Lamberts - Reviva\",\"isPartOf\":{\"@id\":\"https:\/\/reviva.fi\/fi\/#website\"},\"primaryImageOfPage\":{\"@id\":\"https:\/\/reviva.fi\/fi\/tuote\/l-phenylalanine-500mg-lamberts\/#primaryimage\"},\"image\":{\"@id\":\"https:\/\/reviva.fi\/fi\/tuote\/l-phenylalanine-500mg-lamberts\/#primaryimage\"},\"thumbnailUrl\":\"https:\/\/reviva.fi\/wp-content\/uploads\/2025\/03\/8321-L-phenylalanine.jpg\",\"datePublished\":\"2025-03-18T07:21:17+00:00\",\"dateModified\":\"2025-03-19T10:58:09+00:00\",\"description\":\"Lamberts\u00ae L-Phenylalanine 500 mg sis\u00e4lt\u00e4\u00e4 vapaan muodon optimaalisen imeytymisen varmistamiseksi. Valmistetaan GMP-standardien mukaisesti.\",\"breadcrumb\":{\"@id\":\"https:\/\/reviva.fi\/fi\/tuote\/l-phenylalanine-500mg-lamberts\/#breadcrumb\"},\"inLanguage\":\"fi\",\"potentialAction\":[{\"@type\":\"ReadAction\",\"target\":[\"https:\/\/reviva.fi\/fi\/tuote\/l-phenylalanine-500mg-lamberts\/\"]}]},{\"@type\":\"ImageObject\",\"inLanguage\":\"fi\",\"@id\":\"https:\/\/reviva.fi\/fi\/tuote\/l-phenylalanine-500mg-lamberts\/#primaryimage\",\"url\":\"https:\/\/reviva.fi\/wp-content\/uploads\/2025\/03\/8321-L-phenylalanine.jpg\",\"contentUrl\":\"https:\/\/reviva.fi\/wp-content\/uploads\/2025\/03\/8321-L-phenylalanine.jpg\",\"width\":780,\"height\":780,\"caption\":\"L-Phenylalanine 500mg - Lamberts\"},{\"@type\":\"BreadcrumbList\",\"@id\":\"https:\/\/reviva.fi\/fi\/tuote\/l-phenylalanine-500mg-lamberts\/#breadcrumb\",\"itemListElement\":[{\"@type\":\"ListItem\",\"position\":1,\"name\":\"Etusivu\",\"item\":\"https:\/\/reviva.fi\/fi\/\"},{\"@type\":\"ListItem\",\"position\":2,\"name\":\"Tuotteet\",\"item\":\"https:\/\/reviva.fi\/produkter\/\"},{\"@type\":\"ListItem\",\"position\":3,\"name\":\"L-Fenyylialaniini 500mg &#8211; Lamberts\"}]},{\"@type\":\"WebSite\",\"@id\":\"https:\/\/reviva.fi\/fi\/#website\",\"url\":\"https:\/\/reviva.fi\/fi\/\",\"name\":\"Reviva\",\"description\":\"\",\"publisher\":{\"@id\":\"https:\/\/reviva.fi\/fi\/#organization\"},\"potentialAction\":[{\"@type\":\"SearchAction\",\"target\":{\"@type\":\"EntryPoint\",\"urlTemplate\":\"https:\/\/reviva.fi\/fi\/?s={search_term_string}\"},\"query-input\":{\"@type\":\"PropertyValueSpecification\",\"valueRequired\":true,\"valueName\":\"search_term_string\"}}],\"inLanguage\":\"fi\"},{\"@type\":\"Organization\",\"@id\":\"https:\/\/reviva.fi\/fi\/#organization\",\"name\":\"Reviva\",\"url\":\"https:\/\/reviva.fi\/fi\/\",\"logo\":{\"@type\":\"ImageObject\",\"inLanguage\":\"fi\",\"@id\":\"https:\/\/reviva.fi\/fi\/#\/schema\/logo\/image\/\",\"url\":\"https:\/\/reviva.fi\/wp-content\/uploads\/2023\/10\/reviva-logo2.svg\",\"contentUrl\":\"https:\/\/reviva.fi\/wp-content\/uploads\/2023\/10\/reviva-logo2.svg\",\"caption\":\"Reviva\"},\"image\":{\"@id\":\"https:\/\/reviva.fi\/fi\/#\/schema\/logo\/image\/\"}}]}<\/script>\n<meta property=\"product:price:amount\" content=\"19.40\" \/>\n<meta property=\"product:price:currency\" content=\"EUR\" \/>\n<meta property=\"og:availability\" content=\"instock\" \/>\n<meta property=\"product:availability\" content=\"instock\" \/>\n<meta property=\"product:retailer_item_id\" content=\"8321-60\" \/>\n<meta property=\"product:condition\" content=\"new\" \/>\n<!-- \/ Yoast SEO plugin. -->","yoast_head_json":{"title":"L-Fenyylialaniini 500mg - Lamberts - Reviva","description":"Lamberts\u00ae L-Phenylalanine 500 mg sis\u00e4lt\u00e4\u00e4 vapaan muodon optimaalisen imeytymisen varmistamiseksi. Valmistetaan GMP-standardien mukaisesti.","robots":{"index":"index","follow":"follow","max-snippet":"max-snippet:-1","max-image-preview":"max-image-preview:large","max-video-preview":"max-video-preview:-1"},"canonical":"https:\/\/reviva.fi\/fi\/tuote\/l-phenylalanine-500mg-lamberts\/","og_locale":"fi_FI","og_type":"article","og_title":"L-Fenyylialaniini 500mg - Lamberts - Reviva","og_description":"Lamberts\u00ae L-Phenylalanine 500 mg sis\u00e4lt\u00e4\u00e4 vapaan muodon optimaalisen imeytymisen varmistamiseksi. Valmistetaan GMP-standardien mukaisesti.","og_url":"https:\/\/reviva.fi\/fi\/tuote\/l-phenylalanine-500mg-lamberts\/","og_site_name":"Reviva","article_modified_time":"2025-03-19T10:58:09+00:00","og_image":[{"width":780,"height":780,"url":"https:\/\/reviva.fi\/wp-content\/uploads\/2025\/03\/8321-L-phenylalanine.jpg","type":"image\/jpeg"}],"twitter_card":"summary_large_image","schema":{"@context":"https:\/\/schema.org","@graph":[{"@type":"WebPage","@id":"https:\/\/reviva.fi\/fi\/tuote\/l-phenylalanine-500mg-lamberts\/","url":"https:\/\/reviva.fi\/fi\/tuote\/l-phenylalanine-500mg-lamberts\/","name":"L-Fenyylialaniini 500mg - Lamberts - Reviva","isPartOf":{"@id":"https:\/\/reviva.fi\/fi\/#website"},"primaryImageOfPage":{"@id":"https:\/\/reviva.fi\/fi\/tuote\/l-phenylalanine-500mg-lamberts\/#primaryimage"},"image":{"@id":"https:\/\/reviva.fi\/fi\/tuote\/l-phenylalanine-500mg-lamberts\/#primaryimage"},"thumbnailUrl":"https:\/\/reviva.fi\/wp-content\/uploads\/2025\/03\/8321-L-phenylalanine.jpg","datePublished":"2025-03-18T07:21:17+00:00","dateModified":"2025-03-19T10:58:09+00:00","description":"Lamberts\u00ae L-Phenylalanine 500 mg sis\u00e4lt\u00e4\u00e4 vapaan muodon optimaalisen imeytymisen varmistamiseksi. Valmistetaan GMP-standardien mukaisesti.","breadcrumb":{"@id":"https:\/\/reviva.fi\/fi\/tuote\/l-phenylalanine-500mg-lamberts\/#breadcrumb"},"inLanguage":"fi","potentialAction":[{"@type":"ReadAction","target":["https:\/\/reviva.fi\/fi\/tuote\/l-phenylalanine-500mg-lamberts\/"]}]},{"@type":"ImageObject","inLanguage":"fi","@id":"https:\/\/reviva.fi\/fi\/tuote\/l-phenylalanine-500mg-lamberts\/#primaryimage","url":"https:\/\/reviva.fi\/wp-content\/uploads\/2025\/03\/8321-L-phenylalanine.jpg","contentUrl":"https:\/\/reviva.fi\/wp-content\/uploads\/2025\/03\/8321-L-phenylalanine.jpg","width":780,"height":780,"caption":"L-Phenylalanine 500mg - Lamberts"},{"@type":"BreadcrumbList","@id":"https:\/\/reviva.fi\/fi\/tuote\/l-phenylalanine-500mg-lamberts\/#breadcrumb","itemListElement":[{"@type":"ListItem","position":1,"name":"Etusivu","item":"https:\/\/reviva.fi\/fi\/"},{"@type":"ListItem","position":2,"name":"Tuotteet","item":"https:\/\/reviva.fi\/produkter\/"},{"@type":"ListItem","position":3,"name":"L-Fenyylialaniini 500mg &#8211; Lamberts"}]},{"@type":"WebSite","@id":"https:\/\/reviva.fi\/fi\/#website","url":"https:\/\/reviva.fi\/fi\/","name":"Reviva","description":"","publisher":{"@id":"https:\/\/reviva.fi\/fi\/#organization"},"potentialAction":[{"@type":"SearchAction","target":{"@type":"EntryPoint","urlTemplate":"https:\/\/reviva.fi\/fi\/?s={search_term_string}"},"query-input":{"@type":"PropertyValueSpecification","valueRequired":true,"valueName":"search_term_string"}}],"inLanguage":"fi"},{"@type":"Organization","@id":"https:\/\/reviva.fi\/fi\/#organization","name":"Reviva","url":"https:\/\/reviva.fi\/fi\/","logo":{"@type":"ImageObject","inLanguage":"fi","@id":"https:\/\/reviva.fi\/fi\/#\/schema\/logo\/image\/","url":"https:\/\/reviva.fi\/wp-content\/uploads\/2023\/10\/reviva-logo2.svg","contentUrl":"https:\/\/reviva.fi\/wp-content\/uploads\/2023\/10\/reviva-logo2.svg","caption":"Reviva"},"image":{"@id":"https:\/\/reviva.fi\/fi\/#\/schema\/logo\/image\/"}}]},"product_price_amount":"19.40","product_price_currency":"EUR","og_availability":"instock","product_availability":"instock","product_retailer_item_id":"8321-60","product_condition":"new"},"taxonomy_info":{"product_cat":[{"value":88,"label":"Aminohapot"},{"value":2444,"label":"Lamberts"}],"product_tag":[{"value":4954,"label":"Aivojen lis\u00e4ravinteet"},{"value":4474,"label":"Aivojen terveys"},{"value":409,"label":"aminohappo"},{"value":3465,"label":"Energioms\u00e4ttning"},{"value":3450,"label":"Fokus och koncentration"},{"value":4456,"label":"Kognitiivinen toiminto"},{"value":1432,"label":"mentaalinen vahvuus"},{"value":4458,"label":"Mielialan tuki"},{"value":4885,"label":"Neurotransmitterit"},{"value":4708,"label":"nopea imeytyminen"},{"value":4464,"label":"Vapaa muotoinen"},{"value":5467,"label":"Vegansk v\u00e4nlig"}]},"featured_image_src_large":["https:\/\/reviva.fi\/wp-content\/uploads\/2025\/03\/8321-L-phenylalanine.jpg",780,780,false],"author_info":[],"comment_info":0,"_links":{"self":[{"href":"https:\/\/reviva.fi\/fi\/wp-json\/wp\/v2\/product\/11646","targetHints":{"allow":["GET"]}}],"collection":[{"href":"https:\/\/reviva.fi\/fi\/wp-json\/wp\/v2\/product"}],"about":[{"href":"https:\/\/reviva.fi\/fi\/wp-json\/wp\/v2\/types\/product"}],"replies":[{"embeddable":true,"href":"https:\/\/reviva.fi\/fi\/wp-json\/wp\/v2\/comments?post=11646"}],"wp:featuredmedia":[{"embeddable":true,"href":"https:\/\/reviva.fi\/fi\/wp-json\/wp\/v2\/media\/11615"}],"wp:attachment":[{"href":"https:\/\/reviva.fi\/fi\/wp-json\/wp\/v2\/media?parent=11646"}],"wp:term":[{"taxonomy":"product_brand","embeddable":true,"href":"https:\/\/reviva.fi\/fi\/wp-json\/wp\/v2\/product_brand?post=11646"},{"taxonomy":"product_cat","embeddable":true,"href":"https:\/\/reviva.fi\/fi\/wp-json\/wp\/v2\/product_cat?post=11646"},{"taxonomy":"product_tag","embeddable":true,"href":"https:\/\/reviva.fi\/fi\/wp-json\/wp\/v2\/product_tag?post=11646"}],"curies":[{"name":"wp","href":"https:\/\/api.w.org\/{rel}","templated":true}]}}