{"id":11866,"date":"2025-04-16T09:20:52","date_gmt":"2025-04-16T06:20:52","guid":{"rendered":"https:\/\/reviva.fi\/product\/astaxanthin\/"},"modified":"2026-01-27T14:02:04","modified_gmt":"2026-01-27T12:02:04","slug":"astaxanthin","status":"publish","type":"product","link":"https:\/\/reviva.fi\/fi\/tuote\/astaxanthin\/","title":{"rendered":"Astaksantiini 4 mg"},"content":{"rendered":"<p class=\"\" data-start=\"0\" data-end=\"81\"><strong data-start=\"0\" data-end=\"81\">Astaksantiini \u2013 Tehokas antioksidantti solusuojan ja ihon hyvinvoinnin tueksi<\/strong><\/p>\n<p class=\"\" data-start=\"83\" data-end=\"380\">Astaksantiini on luonnollinen karotenoidi, jota saadaan mikrolev\u00e4st\u00e4 nimelt\u00e4 <em data-start=\"160\" data-end=\"185\">Haematococcus pluvialis<\/em> \u2013 yksi luonnon rikkaimmista astaksantiinin l\u00e4hteist\u00e4. Se tunnetaan yhten\u00e4 voimakkaimmista antioksidanteista, ja sill\u00e4 on kyky suojata kehon soluja hapettumisstressilt\u00e4 ja vapailta radikaaleilta.<\/p>\n<p class=\"\" data-start=\"382\" data-end=\"778\">Astaksantiini ja muut antioksidantit tukevat elimist\u00f6n luontaista puolustusj\u00e4rjestelm\u00e4\u00e4 ulkoisia rasitustekij\u00f6it\u00e4, kuten UV-s\u00e4teily\u00e4 ja ymp\u00e4rist\u00f6n saasteita vastaan. Useat tutkimukset ovat osoittaneet, ett\u00e4 astaksantiini voi edist\u00e4\u00e4 ihon kimmoisuutta, kosteustasapainoa ja suojautumista auringon aiheuttamilta vaurioilta, mink\u00e4 vuoksi sit\u00e4 k\u00e4ytet\u00e4\u00e4n yh\u00e4 enemm\u00e4n my\u00f6s sis\u00e4isen\u00e4 ihonhoitotuotteena.<\/p>\n<p class=\"\" data-start=\"780\" data-end=\"988\">Ihon lis\u00e4ksi astaksantiini tukee silmien terveytt\u00e4, immuunij\u00e4rjestelm\u00e4\u00e4 sek\u00e4 lihasten palautumista ja kest\u00e4vyytt\u00e4 \u2013 tehden siit\u00e4 monipuolisen lis\u00e4ravinteen niin aktiiviseen kuin rauhallisempaan el\u00e4m\u00e4ntyyliin.<\/p>\n<p class=\"\" data-start=\"990\" data-end=\"1229\"><strong>\u2022 Yksi luonnon tehokkaimmista antioksidanteista<\/strong><br data-start=\"1037\" data-end=\"1040\" \/><strong>\u2022 Suojaa soluja hapettumisstressilt\u00e4<\/strong><br data-start=\"1076\" data-end=\"1079\" \/><strong>\u2022 Tukee ihon ja silmien terveytt\u00e4<\/strong><br data-start=\"1112\" data-end=\"1115\" \/><strong>\u2022 Luonnollinen mikrolev\u00e4l\u00e4hde (<em data-start=\"1146\" data-end=\"1171\" data-is-only-node=\"\">Haematococcus pluvialis<\/em>)<\/strong><br data-start=\"1172\" data-end=\"1175\" \/><strong>\u2022 Sopii my\u00f6s aktiivisille ihmisille ja urheilijoille<\/strong><\/p>\n","protected":false},"excerpt":{"rendered":"<p class=\"\" data-start=\"0\" data-end=\"252\">\u2022 Yksi luonnon tehokkaimmista antioksidanteista<br data-start=\"47\" data-end=\"50\" \/>\u2022 Auttaa suojaamaan soluja hapettumisstressilt\u00e4<br data-start=\"97\" data-end=\"100\" \/>\u2022 Tukee ihon ja silmien terveytt\u00e4<br data-start=\"133\" data-end=\"136\" \/>\u2022 Luonnollisesta mikrolev\u00e4st\u00e4 (<em data-start=\"167\" data-end=\"192\">Haematococcus pluvialis<\/em>)<br data-start=\"193\" data-end=\"196\" \/>\u2022 Sopii my\u00f6s aktiivisille henkil\u00f6ille ja urheilijoille<\/p>\n<p class=\"\" data-start=\"254\" data-end=\"269\"><strong data-start=\"254\" data-end=\"269\" data-is-last-node=\"\">60 kapselia<\/strong><\/p>\n","protected":false},"featured_media":13511,"comment_status":"closed","ping_status":"closed","template":"","meta":{"_acf_changed":false,"inline_featured_image":false,"_kad_blocks_custom_css":"","_kad_blocks_head_custom_js":"","_kad_blocks_body_custom_js":"","_kad_blocks_footer_custom_js":"","_kadence_starter_templates_imported_post":false,"_kad_post_transparent":"default","_kad_post_title":"","_kad_post_layout":"default","_kad_post_sidebar_id":"","_kad_post_content_style":"default","_kad_post_vertical_padding":"default","_kad_post_feature":"","_kad_post_feature_position":"","_kad_post_header":false,"_kad_post_footer":false},"product_brand":[],"product_cat":[2505,5963],"product_tag":[5890,3484,5558,3464,4629,3385,444,5891,5892,4465,4898,5893,5894,1495,1630],"class_list":{"0":"post-11866","1":"product","2":"type-product","3":"status-publish","4":"has-post-thumbnail","6":"product_cat-ovriga-kosttillskott-fi","7":"product_cat-synergos-fi","8":"product_tag-30-kapslar-fi","9":"product_tag-anti-aging-fi","10":"product_tag-astaxanthin-fi","11":"product_tag-cellskydd-fi","12":"product_tag-fyysista-suorituskykya","13":"product_tag-hudhalsa-fi","14":"product_tag-immuunijarjestelma","15":"product_tag-kraftfull-antioxidant-fi","16":"product_tag-lamberts-astaxanthin-fi","17":"product_tag-lihasten-palautuminen","18":"product_tag-luonnollinen-ravintolisa","19":"product_tag-mikroalg-haematococcus-pluvialis-fi","20":"product_tag-naturligt-karotenoid-fi","21":"product_tag-oksidatiivista-stressia","22":"product_tag-silmien-terveytta","24":"first","25":"instock","26":"taxable","27":"shipping-taxable","28":"purchasable","29":"product-type-simple","30":"entry","31":"content-bg","32":"loop-entry"},"acf":[],"yoast_head":"<!-- This site is optimized with the Yoast SEO plugin v25.8 - https:\/\/yoast.com\/wordpress\/plugins\/seo\/ -->\n<title>Astaksantiini 4 mg - Reviva<\/title>\n<meta name=\"description\" content=\"Astaksantiini \u2013 Tehokas antioksidantti Luonnollisesta mikrolev\u00e4st\u00e4, joka suojaa soluja hapettumisstressilt\u00e4. Tukee ihoa, silmi\u00e4 ja immuunij\u00e4rjestelm\u00e4\u00e4.\" \/>\n<meta name=\"robots\" content=\"index, follow, max-snippet:-1, max-image-preview:large, max-video-preview:-1\" \/>\n<link rel=\"canonical\" href=\"https:\/\/reviva.fi\/fi\/tuote\/astaxanthin\/\" \/>\n<meta property=\"og:locale\" content=\"fi_FI\" \/>\n<meta property=\"og:type\" content=\"article\" \/>\n<meta property=\"og:title\" content=\"Astaksantiini 4 mg - Reviva\" \/>\n<meta property=\"og:description\" content=\"Astaksantiini \u2013 Tehokas antioksidantti Luonnollisesta mikrolev\u00e4st\u00e4, joka suojaa soluja hapettumisstressilt\u00e4. Tukee ihoa, silmi\u00e4 ja immuunij\u00e4rjestelm\u00e4\u00e4.\" \/>\n<meta property=\"og:url\" content=\"https:\/\/reviva.fi\/fi\/tuote\/astaxanthin\/\" \/>\n<meta property=\"og:site_name\" content=\"Reviva\" \/>\n<meta property=\"article:modified_time\" content=\"2026-01-27T12:02:04+00:00\" \/>\n<meta property=\"og:image\" content=\"https:\/\/reviva.fi\/wp-content\/uploads\/2025\/04\/Astaxanthin-410-Photoroom-e1768480310728.png\" \/>\n\t<meta property=\"og:image:width\" content=\"2000\" \/>\n\t<meta property=\"og:image:height\" content=\"1333\" \/>\n\t<meta property=\"og:image:type\" content=\"image\/png\" \/>\n<meta name=\"twitter:card\" content=\"summary_large_image\" \/>\n<script type=\"application\/ld+json\" class=\"yoast-schema-graph\">{\"@context\":\"https:\/\/schema.org\",\"@graph\":[{\"@type\":\"WebPage\",\"@id\":\"https:\/\/reviva.fi\/fi\/tuote\/astaxanthin\/\",\"url\":\"https:\/\/reviva.fi\/fi\/tuote\/astaxanthin\/\",\"name\":\"Astaksantiini 4 mg - Reviva\",\"isPartOf\":{\"@id\":\"https:\/\/reviva.fi\/fi\/#website\"},\"primaryImageOfPage\":{\"@id\":\"https:\/\/reviva.fi\/fi\/tuote\/astaxanthin\/#primaryimage\"},\"image\":{\"@id\":\"https:\/\/reviva.fi\/fi\/tuote\/astaxanthin\/#primaryimage\"},\"thumbnailUrl\":\"https:\/\/reviva.fi\/wp-content\/uploads\/2025\/04\/Astaxanthin-410-Photoroom-e1768480310728.png\",\"datePublished\":\"2025-04-16T06:20:52+00:00\",\"dateModified\":\"2026-01-27T12:02:04+00:00\",\"description\":\"Astaksantiini \u2013 Tehokas antioksidantti Luonnollisesta mikrolev\u00e4st\u00e4, joka suojaa soluja hapettumisstressilt\u00e4. Tukee ihoa, silmi\u00e4 ja immuunij\u00e4rjestelm\u00e4\u00e4.\",\"breadcrumb\":{\"@id\":\"https:\/\/reviva.fi\/fi\/tuote\/astaxanthin\/#breadcrumb\"},\"inLanguage\":\"fi\",\"potentialAction\":[{\"@type\":\"ReadAction\",\"target\":[\"https:\/\/reviva.fi\/fi\/tuote\/astaxanthin\/\"]}]},{\"@type\":\"ImageObject\",\"inLanguage\":\"fi\",\"@id\":\"https:\/\/reviva.fi\/fi\/tuote\/astaxanthin\/#primaryimage\",\"url\":\"https:\/\/reviva.fi\/wp-content\/uploads\/2025\/04\/Astaxanthin-410-Photoroom-e1768480310728.png\",\"contentUrl\":\"https:\/\/reviva.fi\/wp-content\/uploads\/2025\/04\/Astaxanthin-410-Photoroom-e1768480310728.png\",\"width\":2000,\"height\":1333,\"caption\":\"Astaxanthin\"},{\"@type\":\"BreadcrumbList\",\"@id\":\"https:\/\/reviva.fi\/fi\/tuote\/astaxanthin\/#breadcrumb\",\"itemListElement\":[{\"@type\":\"ListItem\",\"position\":1,\"name\":\"Etusivu\",\"item\":\"https:\/\/reviva.fi\/fi\/\"},{\"@type\":\"ListItem\",\"position\":2,\"name\":\"Tuotteet\",\"item\":\"https:\/\/reviva.fi\/produkter\/\"},{\"@type\":\"ListItem\",\"position\":3,\"name\":\"Astaksantiini 4 mg\"}]},{\"@type\":\"WebSite\",\"@id\":\"https:\/\/reviva.fi\/fi\/#website\",\"url\":\"https:\/\/reviva.fi\/fi\/\",\"name\":\"Reviva\",\"description\":\"\",\"publisher\":{\"@id\":\"https:\/\/reviva.fi\/fi\/#organization\"},\"potentialAction\":[{\"@type\":\"SearchAction\",\"target\":{\"@type\":\"EntryPoint\",\"urlTemplate\":\"https:\/\/reviva.fi\/fi\/?s={search_term_string}\"},\"query-input\":{\"@type\":\"PropertyValueSpecification\",\"valueRequired\":true,\"valueName\":\"search_term_string\"}}],\"inLanguage\":\"fi\"},{\"@type\":\"Organization\",\"@id\":\"https:\/\/reviva.fi\/fi\/#organization\",\"name\":\"Reviva\",\"url\":\"https:\/\/reviva.fi\/fi\/\",\"logo\":{\"@type\":\"ImageObject\",\"inLanguage\":\"fi\",\"@id\":\"https:\/\/reviva.fi\/fi\/#\/schema\/logo\/image\/\",\"url\":\"https:\/\/reviva.fi\/wp-content\/uploads\/2023\/10\/reviva-logo2.svg\",\"contentUrl\":\"https:\/\/reviva.fi\/wp-content\/uploads\/2023\/10\/reviva-logo2.svg\",\"caption\":\"Reviva\"},\"image\":{\"@id\":\"https:\/\/reviva.fi\/fi\/#\/schema\/logo\/image\/\"}}]}<\/script>\n<meta property=\"product:price:amount\" content=\"27.35\" \/>\n<meta property=\"product:price:currency\" content=\"EUR\" \/>\n<meta property=\"og:availability\" content=\"instock\" \/>\n<meta property=\"product:availability\" content=\"instock\" \/>\n<meta property=\"product:retailer_item_id\" content=\"410\" \/>\n<meta property=\"product:condition\" content=\"new\" \/>\n<!-- \/ Yoast SEO plugin. -->","yoast_head_json":{"title":"Astaksantiini 4 mg - Reviva","description":"Astaksantiini \u2013 Tehokas antioksidantti Luonnollisesta mikrolev\u00e4st\u00e4, joka suojaa soluja hapettumisstressilt\u00e4. Tukee ihoa, silmi\u00e4 ja immuunij\u00e4rjestelm\u00e4\u00e4.","robots":{"index":"index","follow":"follow","max-snippet":"max-snippet:-1","max-image-preview":"max-image-preview:large","max-video-preview":"max-video-preview:-1"},"canonical":"https:\/\/reviva.fi\/fi\/tuote\/astaxanthin\/","og_locale":"fi_FI","og_type":"article","og_title":"Astaksantiini 4 mg - Reviva","og_description":"Astaksantiini \u2013 Tehokas antioksidantti Luonnollisesta mikrolev\u00e4st\u00e4, joka suojaa soluja hapettumisstressilt\u00e4. Tukee ihoa, silmi\u00e4 ja immuunij\u00e4rjestelm\u00e4\u00e4.","og_url":"https:\/\/reviva.fi\/fi\/tuote\/astaxanthin\/","og_site_name":"Reviva","article_modified_time":"2026-01-27T12:02:04+00:00","og_image":[{"width":2000,"height":1333,"url":"https:\/\/reviva.fi\/wp-content\/uploads\/2025\/04\/Astaxanthin-410-Photoroom-e1768480310728.png","type":"image\/png"}],"twitter_card":"summary_large_image","schema":{"@context":"https:\/\/schema.org","@graph":[{"@type":"WebPage","@id":"https:\/\/reviva.fi\/fi\/tuote\/astaxanthin\/","url":"https:\/\/reviva.fi\/fi\/tuote\/astaxanthin\/","name":"Astaksantiini 4 mg - Reviva","isPartOf":{"@id":"https:\/\/reviva.fi\/fi\/#website"},"primaryImageOfPage":{"@id":"https:\/\/reviva.fi\/fi\/tuote\/astaxanthin\/#primaryimage"},"image":{"@id":"https:\/\/reviva.fi\/fi\/tuote\/astaxanthin\/#primaryimage"},"thumbnailUrl":"https:\/\/reviva.fi\/wp-content\/uploads\/2025\/04\/Astaxanthin-410-Photoroom-e1768480310728.png","datePublished":"2025-04-16T06:20:52+00:00","dateModified":"2026-01-27T12:02:04+00:00","description":"Astaksantiini \u2013 Tehokas antioksidantti Luonnollisesta mikrolev\u00e4st\u00e4, joka suojaa soluja hapettumisstressilt\u00e4. Tukee ihoa, silmi\u00e4 ja immuunij\u00e4rjestelm\u00e4\u00e4.","breadcrumb":{"@id":"https:\/\/reviva.fi\/fi\/tuote\/astaxanthin\/#breadcrumb"},"inLanguage":"fi","potentialAction":[{"@type":"ReadAction","target":["https:\/\/reviva.fi\/fi\/tuote\/astaxanthin\/"]}]},{"@type":"ImageObject","inLanguage":"fi","@id":"https:\/\/reviva.fi\/fi\/tuote\/astaxanthin\/#primaryimage","url":"https:\/\/reviva.fi\/wp-content\/uploads\/2025\/04\/Astaxanthin-410-Photoroom-e1768480310728.png","contentUrl":"https:\/\/reviva.fi\/wp-content\/uploads\/2025\/04\/Astaxanthin-410-Photoroom-e1768480310728.png","width":2000,"height":1333,"caption":"Astaxanthin"},{"@type":"BreadcrumbList","@id":"https:\/\/reviva.fi\/fi\/tuote\/astaxanthin\/#breadcrumb","itemListElement":[{"@type":"ListItem","position":1,"name":"Etusivu","item":"https:\/\/reviva.fi\/fi\/"},{"@type":"ListItem","position":2,"name":"Tuotteet","item":"https:\/\/reviva.fi\/produkter\/"},{"@type":"ListItem","position":3,"name":"Astaksantiini 4 mg"}]},{"@type":"WebSite","@id":"https:\/\/reviva.fi\/fi\/#website","url":"https:\/\/reviva.fi\/fi\/","name":"Reviva","description":"","publisher":{"@id":"https:\/\/reviva.fi\/fi\/#organization"},"potentialAction":[{"@type":"SearchAction","target":{"@type":"EntryPoint","urlTemplate":"https:\/\/reviva.fi\/fi\/?s={search_term_string}"},"query-input":{"@type":"PropertyValueSpecification","valueRequired":true,"valueName":"search_term_string"}}],"inLanguage":"fi"},{"@type":"Organization","@id":"https:\/\/reviva.fi\/fi\/#organization","name":"Reviva","url":"https:\/\/reviva.fi\/fi\/","logo":{"@type":"ImageObject","inLanguage":"fi","@id":"https:\/\/reviva.fi\/fi\/#\/schema\/logo\/image\/","url":"https:\/\/reviva.fi\/wp-content\/uploads\/2023\/10\/reviva-logo2.svg","contentUrl":"https:\/\/reviva.fi\/wp-content\/uploads\/2023\/10\/reviva-logo2.svg","caption":"Reviva"},"image":{"@id":"https:\/\/reviva.fi\/fi\/#\/schema\/logo\/image\/"}}]},"product_price_amount":"27.35","product_price_currency":"EUR","og_availability":"instock","product_availability":"instock","product_retailer_item_id":"410","product_condition":"new"},"taxonomy_info":{"product_cat":[{"value":2505,"label":"Muut ravintolis\u00e4t"},{"value":5963,"label":"Synergos"}],"product_tag":[{"value":5890,"label":"30 kapslar"},{"value":3484,"label":"Anti-aging"},{"value":5558,"label":"Astaxanthin"},{"value":3464,"label":"Cellskydd"},{"value":4629,"label":"fyysist\u00e4 suorituskyky\u00e4"},{"value":3385,"label":"Hudh\u00e4lsa"},{"value":444,"label":"immuunij\u00e4rjestelm\u00e4"},{"value":5891,"label":"kraftfull antioxidant"},{"value":5892,"label":"Lamberts Astaxanthin"},{"value":4465,"label":"lihasten palautuminen"},{"value":4898,"label":"Luonnollinen ravintolis\u00e4"},{"value":5893,"label":"mikroalg Haematococcus pluvialis"},{"value":5894,"label":"naturligt karotenoid"},{"value":1495,"label":"oksidatiivista stressi\u00e4"},{"value":1630,"label":"silmien terveytt\u00e4"}]},"featured_image_src_large":["https:\/\/reviva.fi\/wp-content\/uploads\/2025\/04\/Astaxanthin-410-Photoroom-1024x682.png",1024,682,true],"author_info":[],"comment_info":0,"_links":{"self":[{"href":"https:\/\/reviva.fi\/fi\/wp-json\/wp\/v2\/product\/11866","targetHints":{"allow":["GET"]}}],"collection":[{"href":"https:\/\/reviva.fi\/fi\/wp-json\/wp\/v2\/product"}],"about":[{"href":"https:\/\/reviva.fi\/fi\/wp-json\/wp\/v2\/types\/product"}],"replies":[{"embeddable":true,"href":"https:\/\/reviva.fi\/fi\/wp-json\/wp\/v2\/comments?post=11866"}],"wp:featuredmedia":[{"embeddable":true,"href":"https:\/\/reviva.fi\/fi\/wp-json\/wp\/v2\/media\/13511"}],"wp:attachment":[{"href":"https:\/\/reviva.fi\/fi\/wp-json\/wp\/v2\/media?parent=11866"}],"wp:term":[{"taxonomy":"product_brand","embeddable":true,"href":"https:\/\/reviva.fi\/fi\/wp-json\/wp\/v2\/product_brand?post=11866"},{"taxonomy":"product_cat","embeddable":true,"href":"https:\/\/reviva.fi\/fi\/wp-json\/wp\/v2\/product_cat?post=11866"},{"taxonomy":"product_tag","embeddable":true,"href":"https:\/\/reviva.fi\/fi\/wp-json\/wp\/v2\/product_tag?post=11866"}],"curies":[{"name":"wp","href":"https:\/\/api.w.org\/{rel}","templated":true}]}}