{"id":11872,"date":"2025-04-16T08:54:22","date_gmt":"2025-04-16T05:54:22","guid":{"rendered":"https:\/\/reviva.fi\/product\/ashwagandha-plus\/"},"modified":"2026-01-29T12:27:33","modified_gmt":"2026-01-29T10:27:33","slug":"ashwagandha-plus","status":"publish","type":"product","link":"https:\/\/reviva.fi\/fi\/tuote\/ashwagandha-plus\/","title":{"rendered":"Ashwaganda Plus &#8211; Sensoril\u00ae"},"content":{"rendered":"<p class=\"\" data-start=\"0\" data-end=\"66\"><strong data-start=\"0\" data-end=\"66\">Ashwagandha Plus \u2013 Luonnollista tukea stressiin ja v\u00e4symykseen<\/strong><\/p>\n<p class=\"\" data-start=\"68\" data-end=\"305\">Ashwagandha Plus on korkealaatuinen ravintolis\u00e4, joka yhdist\u00e4\u00e4 standardisoidun uutteen ashwagandhasta (<em data-start=\"171\" data-end=\"191\">Withania somnifera<\/em>) sek\u00e4 t\u00e4rkeit\u00e4 ravintoaineita, jotka edist\u00e4v\u00e4t hermoston normaalia toimintaa ja tukevat kehon stressinsietokyky\u00e4.<\/p>\n<p class=\"\" data-start=\"307\" data-end=\"607\">Ashwagandha, joka tunnetaan my\u00f6s nimell\u00e4 intian ginseng, on adaptogeeninen yrtti, jota on perinteisesti k\u00e4ytetty ayurvedisessa l\u00e4\u00e4ketieteess\u00e4 fyysisen ja psyykkisen stressin hallintaan. Adaptogeenit toimivat elimist\u00f6ss\u00e4 tasapainottavasti ja voivat tukea vireystilaa, mielen selkeytt\u00e4 ja palautumista.<\/p>\n<p class=\"\" data-start=\"609\" data-end=\"852\">Ashwagandha Plus sis\u00e4lt\u00e4\u00e4 korkealaatuista, withanolideihin standardoitua uutetta \u2013 vaikuttavia aineita, jotka vastaavat kasvin tehovaikutuksista. Tuote on lis\u00e4ksi t\u00e4ydennetty pantoteenihapolla ja niasiinilla, jotka yhdess\u00e4 edist\u00e4v\u00e4t:<\/p>\n<ul>\n<li data-start=\"856\" data-end=\"887\">Hermoston normaalia toimintaa<\/li>\n<li data-start=\"856\" data-end=\"887\">V\u00e4symyksen ja uupumuksen v\u00e4hent\u00e4mist\u00e4<\/li>\n<li data-start=\"856\" data-end=\"887\">Normaalia kognitiivista toimintaa ja henkist\u00e4 suorituskyky\u00e4<\/li>\n<li data-start=\"856\" data-end=\"887\">Solujen suojaamista hapettumisstressilt\u00e4<\/li>\n<li data-start=\"856\" data-end=\"887\">Normaalia hormonaalista toimintaa ja immuunij\u00e4rjestelm\u00e4n toimintaa<\/li>\n<\/ul>\n","protected":false},"excerpt":{"rendered":"<p>\u2022 Korkealaatuinen ashwagandhauute (standardoitu withanolideihin)<br \/>\n\u2022 Sis\u00e4lt\u00e4\u00e4 pantoteenihappo ja niasiini<br \/>\n\u2022 Tukee stressinhallintaa, mielen selkeytt\u00e4 ja energiatasoja<br \/>\n\u2022 Valmistettu korkeiden laatuvaatimusten mukaisesti<\/p>\n<p><strong>90 kapselia<\/strong><\/p>\n","protected":false},"featured_media":13891,"comment_status":"closed","ping_status":"closed","template":"","meta":{"_acf_changed":false,"inline_featured_image":false,"_kad_blocks_custom_css":"","_kad_blocks_head_custom_js":"","_kad_blocks_body_custom_js":"","_kad_blocks_footer_custom_js":"","_kadence_starter_templates_imported_post":false,"_kad_post_transparent":"default","_kad_post_title":"","_kad_post_layout":"default","_kad_post_sidebar_id":"","_kad_post_content_style":"default","_kad_post_vertical_padding":"default","_kad_post_feature":"","_kad_post_feature_position":"","_kad_post_header":false,"_kad_post_footer":false},"product_brand":[],"product_cat":[141,5963,2376,2375],"product_tag":[5895,1115,1064,5896,4980,5897,4435,5566,5898,4898,479,5771,2962,3389,4938,3182,5899],"class_list":{"0":"post-11872","1":"product","2":"type-product","3":"status-publish","4":"has-post-thumbnail","6":"product_cat-orter-fi","7":"product_cat-synergos-fi","8":"product_cat-stressad-och-trott-fi","9":"product_cat-traning-fi","10":"product_tag-60-kapslar-fi","11":"product_tag-adaptogeeni","12":"product_tag-ashwaganda-fi","13":"product_tag-ashwagandha-plus-fi","14":"product_tag-ayurvedic-yrtti","15":"product_tag-energi-och-fokus-fi","16":"product_tag-hermoston-toiminta","17":"product_tag-hormonell-balans-fi","18":"product_tag-koncentrerat-ashwagandhaextrakt-fi","19":"product_tag-luonnollinen-ravintolisa","20":"product_tag-magnesiumi","21":"product_tag-mental-balans-fi","22":"product_tag-sinkki","23":"product_tag-stresshantering-fi","24":"product_tag-vasymys-ja-uupumus","25":"product_tag-vitamiini-b6","26":"product_tag-withanolider-fi","28":"first","29":"instock","30":"taxable","31":"shipping-taxable","32":"purchasable","33":"product-type-simple","34":"entry","35":"content-bg","36":"loop-entry"},"acf":[],"yoast_head":"<!-- This site is optimized with the Yoast SEO plugin v25.8 - https:\/\/yoast.com\/wordpress\/plugins\/seo\/ -->\n<title>Ashwaganda Plus - Sensoril\u00ae - Reviva<\/title>\n<meta name=\"description\" content=\"Ashwagandha Plus \u2013 Luonnollista tukea stressiin ja v\u00e4symykseen. Ravintolis\u00e4 mielen tasapainon, energiatasojen ja hermoston normaalin toiminnan tueksi.\" \/>\n<meta name=\"robots\" content=\"index, follow, max-snippet:-1, max-image-preview:large, max-video-preview:-1\" \/>\n<link rel=\"canonical\" href=\"https:\/\/reviva.fi\/fi\/tuote\/ashwagandha-plus\/\" \/>\n<meta property=\"og:locale\" content=\"fi_FI\" \/>\n<meta property=\"og:type\" content=\"article\" \/>\n<meta property=\"og:title\" content=\"Ashwaganda Plus - Sensoril\u00ae - Reviva\" \/>\n<meta property=\"og:description\" content=\"Ashwagandha Plus \u2013 Luonnollista tukea stressiin ja v\u00e4symykseen. Ravintolis\u00e4 mielen tasapainon, energiatasojen ja hermoston normaalin toiminnan tueksi.\" \/>\n<meta property=\"og:url\" content=\"https:\/\/reviva.fi\/fi\/tuote\/ashwagandha-plus\/\" \/>\n<meta property=\"og:site_name\" content=\"Reviva\" \/>\n<meta property=\"article:modified_time\" content=\"2026-01-29T10:27:33+00:00\" \/>\n<meta property=\"og:image\" content=\"https:\/\/reviva.fi\/wp-content\/uploads\/2025\/04\/Ashwagandha-Plus-Photoroom-e1747373999663.png\" \/>\n\t<meta property=\"og:image:width\" content=\"2000\" \/>\n\t<meta property=\"og:image:height\" content=\"1333\" \/>\n\t<meta property=\"og:image:type\" content=\"image\/png\" \/>\n<meta name=\"twitter:card\" content=\"summary_large_image\" \/>\n<script type=\"application\/ld+json\" class=\"yoast-schema-graph\">{\"@context\":\"https:\/\/schema.org\",\"@graph\":[{\"@type\":\"WebPage\",\"@id\":\"https:\/\/reviva.fi\/fi\/tuote\/ashwagandha-plus\/\",\"url\":\"https:\/\/reviva.fi\/fi\/tuote\/ashwagandha-plus\/\",\"name\":\"Ashwaganda Plus - Sensoril\u00ae - Reviva\",\"isPartOf\":{\"@id\":\"https:\/\/reviva.fi\/fi\/#website\"},\"primaryImageOfPage\":{\"@id\":\"https:\/\/reviva.fi\/fi\/tuote\/ashwagandha-plus\/#primaryimage\"},\"image\":{\"@id\":\"https:\/\/reviva.fi\/fi\/tuote\/ashwagandha-plus\/#primaryimage\"},\"thumbnailUrl\":\"https:\/\/reviva.fi\/wp-content\/uploads\/2025\/04\/475-Ashwagandha-Plus-Photoroom-e1771311956320.png\",\"datePublished\":\"2025-04-16T05:54:22+00:00\",\"dateModified\":\"2026-01-29T10:27:33+00:00\",\"description\":\"Ashwagandha Plus \u2013 Luonnollista tukea stressiin ja v\u00e4symykseen. Ravintolis\u00e4 mielen tasapainon, energiatasojen ja hermoston normaalin toiminnan tueksi.\",\"breadcrumb\":{\"@id\":\"https:\/\/reviva.fi\/fi\/tuote\/ashwagandha-plus\/#breadcrumb\"},\"inLanguage\":\"fi\",\"potentialAction\":[{\"@type\":\"ReadAction\",\"target\":[\"https:\/\/reviva.fi\/fi\/tuote\/ashwagandha-plus\/\"]}]},{\"@type\":\"ImageObject\",\"inLanguage\":\"fi\",\"@id\":\"https:\/\/reviva.fi\/fi\/tuote\/ashwagandha-plus\/#primaryimage\",\"url\":\"https:\/\/reviva.fi\/wp-content\/uploads\/2025\/04\/475-Ashwagandha-Plus-Photoroom-e1771311956320.png\",\"contentUrl\":\"https:\/\/reviva.fi\/wp-content\/uploads\/2025\/04\/475-Ashwagandha-Plus-Photoroom-e1771311956320.png\",\"width\":2000,\"height\":1333,\"caption\":\"Ashwagandha Plus\"},{\"@type\":\"BreadcrumbList\",\"@id\":\"https:\/\/reviva.fi\/fi\/tuote\/ashwagandha-plus\/#breadcrumb\",\"itemListElement\":[{\"@type\":\"ListItem\",\"position\":1,\"name\":\"Etusivu\",\"item\":\"https:\/\/reviva.fi\/fi\/\"},{\"@type\":\"ListItem\",\"position\":2,\"name\":\"Tuotteet\",\"item\":\"https:\/\/reviva.fi\/produkter\/\"},{\"@type\":\"ListItem\",\"position\":3,\"name\":\"Ashwaganda Plus &#8211; Sensoril\u00ae\"}]},{\"@type\":\"WebSite\",\"@id\":\"https:\/\/reviva.fi\/fi\/#website\",\"url\":\"https:\/\/reviva.fi\/fi\/\",\"name\":\"Reviva\",\"description\":\"\",\"publisher\":{\"@id\":\"https:\/\/reviva.fi\/fi\/#organization\"},\"potentialAction\":[{\"@type\":\"SearchAction\",\"target\":{\"@type\":\"EntryPoint\",\"urlTemplate\":\"https:\/\/reviva.fi\/fi\/?s={search_term_string}\"},\"query-input\":{\"@type\":\"PropertyValueSpecification\",\"valueRequired\":true,\"valueName\":\"search_term_string\"}}],\"inLanguage\":\"fi\"},{\"@type\":\"Organization\",\"@id\":\"https:\/\/reviva.fi\/fi\/#organization\",\"name\":\"Reviva\",\"url\":\"https:\/\/reviva.fi\/fi\/\",\"logo\":{\"@type\":\"ImageObject\",\"inLanguage\":\"fi\",\"@id\":\"https:\/\/reviva.fi\/fi\/#\/schema\/logo\/image\/\",\"url\":\"https:\/\/reviva.fi\/wp-content\/uploads\/2023\/10\/reviva-logo2.svg\",\"contentUrl\":\"https:\/\/reviva.fi\/wp-content\/uploads\/2023\/10\/reviva-logo2.svg\",\"caption\":\"Reviva\"},\"image\":{\"@id\":\"https:\/\/reviva.fi\/fi\/#\/schema\/logo\/image\/\"}}]}<\/script>\n<meta property=\"product:price:amount\" content=\"36.75\" \/>\n<meta property=\"product:price:currency\" content=\"EUR\" \/>\n<meta property=\"og:availability\" content=\"instock\" \/>\n<meta property=\"product:availability\" content=\"instock\" \/>\n<meta property=\"product:retailer_item_id\" content=\"475\" \/>\n<meta property=\"product:condition\" content=\"new\" \/>\n<!-- \/ Yoast SEO plugin. -->","yoast_head_json":{"title":"Ashwaganda Plus - Sensoril\u00ae - Reviva","description":"Ashwagandha Plus \u2013 Luonnollista tukea stressiin ja v\u00e4symykseen. Ravintolis\u00e4 mielen tasapainon, energiatasojen ja hermoston normaalin toiminnan tueksi.","robots":{"index":"index","follow":"follow","max-snippet":"max-snippet:-1","max-image-preview":"max-image-preview:large","max-video-preview":"max-video-preview:-1"},"canonical":"https:\/\/reviva.fi\/fi\/tuote\/ashwagandha-plus\/","og_locale":"fi_FI","og_type":"article","og_title":"Ashwaganda Plus - Sensoril\u00ae - Reviva","og_description":"Ashwagandha Plus \u2013 Luonnollista tukea stressiin ja v\u00e4symykseen. Ravintolis\u00e4 mielen tasapainon, energiatasojen ja hermoston normaalin toiminnan tueksi.","og_url":"https:\/\/reviva.fi\/fi\/tuote\/ashwagandha-plus\/","og_site_name":"Reviva","article_modified_time":"2026-01-29T10:27:33+00:00","og_image":[{"width":2000,"height":1333,"url":"https:\/\/reviva.fi\/wp-content\/uploads\/2025\/04\/Ashwagandha-Plus-Photoroom-e1747373999663.png","type":"image\/png"}],"twitter_card":"summary_large_image","schema":{"@context":"https:\/\/schema.org","@graph":[{"@type":"WebPage","@id":"https:\/\/reviva.fi\/fi\/tuote\/ashwagandha-plus\/","url":"https:\/\/reviva.fi\/fi\/tuote\/ashwagandha-plus\/","name":"Ashwaganda Plus - Sensoril\u00ae - Reviva","isPartOf":{"@id":"https:\/\/reviva.fi\/fi\/#website"},"primaryImageOfPage":{"@id":"https:\/\/reviva.fi\/fi\/tuote\/ashwagandha-plus\/#primaryimage"},"image":{"@id":"https:\/\/reviva.fi\/fi\/tuote\/ashwagandha-plus\/#primaryimage"},"thumbnailUrl":"https:\/\/reviva.fi\/wp-content\/uploads\/2025\/04\/475-Ashwagandha-Plus-Photoroom-e1771311956320.png","datePublished":"2025-04-16T05:54:22+00:00","dateModified":"2026-01-29T10:27:33+00:00","description":"Ashwagandha Plus \u2013 Luonnollista tukea stressiin ja v\u00e4symykseen. Ravintolis\u00e4 mielen tasapainon, energiatasojen ja hermoston normaalin toiminnan tueksi.","breadcrumb":{"@id":"https:\/\/reviva.fi\/fi\/tuote\/ashwagandha-plus\/#breadcrumb"},"inLanguage":"fi","potentialAction":[{"@type":"ReadAction","target":["https:\/\/reviva.fi\/fi\/tuote\/ashwagandha-plus\/"]}]},{"@type":"ImageObject","inLanguage":"fi","@id":"https:\/\/reviva.fi\/fi\/tuote\/ashwagandha-plus\/#primaryimage","url":"https:\/\/reviva.fi\/wp-content\/uploads\/2025\/04\/475-Ashwagandha-Plus-Photoroom-e1771311956320.png","contentUrl":"https:\/\/reviva.fi\/wp-content\/uploads\/2025\/04\/475-Ashwagandha-Plus-Photoroom-e1771311956320.png","width":2000,"height":1333,"caption":"Ashwagandha Plus"},{"@type":"BreadcrumbList","@id":"https:\/\/reviva.fi\/fi\/tuote\/ashwagandha-plus\/#breadcrumb","itemListElement":[{"@type":"ListItem","position":1,"name":"Etusivu","item":"https:\/\/reviva.fi\/fi\/"},{"@type":"ListItem","position":2,"name":"Tuotteet","item":"https:\/\/reviva.fi\/produkter\/"},{"@type":"ListItem","position":3,"name":"Ashwaganda Plus &#8211; Sensoril\u00ae"}]},{"@type":"WebSite","@id":"https:\/\/reviva.fi\/fi\/#website","url":"https:\/\/reviva.fi\/fi\/","name":"Reviva","description":"","publisher":{"@id":"https:\/\/reviva.fi\/fi\/#organization"},"potentialAction":[{"@type":"SearchAction","target":{"@type":"EntryPoint","urlTemplate":"https:\/\/reviva.fi\/fi\/?s={search_term_string}"},"query-input":{"@type":"PropertyValueSpecification","valueRequired":true,"valueName":"search_term_string"}}],"inLanguage":"fi"},{"@type":"Organization","@id":"https:\/\/reviva.fi\/fi\/#organization","name":"Reviva","url":"https:\/\/reviva.fi\/fi\/","logo":{"@type":"ImageObject","inLanguage":"fi","@id":"https:\/\/reviva.fi\/fi\/#\/schema\/logo\/image\/","url":"https:\/\/reviva.fi\/wp-content\/uploads\/2023\/10\/reviva-logo2.svg","contentUrl":"https:\/\/reviva.fi\/wp-content\/uploads\/2023\/10\/reviva-logo2.svg","caption":"Reviva"},"image":{"@id":"https:\/\/reviva.fi\/fi\/#\/schema\/logo\/image\/"}}]},"product_price_amount":"36.75","product_price_currency":"EUR","og_availability":"instock","product_availability":"instock","product_retailer_item_id":"475","product_condition":"new"},"taxonomy_info":{"product_cat":[{"value":141,"label":"Yrtit"},{"value":5963,"label":"Synergos"},{"value":2376,"label":"Stressaantunut &amp; V\u00e4synyt"},{"value":2375,"label":"Harjoittelu"}],"product_tag":[{"value":5895,"label":"60 kapslar"},{"value":1115,"label":"adaptogeeni"},{"value":1064,"label":"Ashwaganda"},{"value":5896,"label":"Ashwagandha Plus"},{"value":4980,"label":"Ayurvedic yrtti"},{"value":5897,"label":"energi och fokus"},{"value":4435,"label":"hermoston toiminta"},{"value":5566,"label":"Hormonell balans"},{"value":5898,"label":"koncentrerat ashwagandhaextrakt"},{"value":4898,"label":"Luonnollinen ravintolis\u00e4"},{"value":479,"label":"magnesiumi"},{"value":5771,"label":"mental balans"},{"value":2962,"label":"Sinkki"},{"value":3389,"label":"Stresshantering"},{"value":4938,"label":"V\u00e4symys ja uupumus"},{"value":3182,"label":"Vitamiini B6"},{"value":5899,"label":"withanolider"}]},"featured_image_src_large":["https:\/\/reviva.fi\/wp-content\/uploads\/2025\/04\/475-Ashwagandha-Plus-Photoroom-1024x682.png",1024,682,true],"author_info":[],"comment_info":0,"_links":{"self":[{"href":"https:\/\/reviva.fi\/fi\/wp-json\/wp\/v2\/product\/11872","targetHints":{"allow":["GET"]}}],"collection":[{"href":"https:\/\/reviva.fi\/fi\/wp-json\/wp\/v2\/product"}],"about":[{"href":"https:\/\/reviva.fi\/fi\/wp-json\/wp\/v2\/types\/product"}],"replies":[{"embeddable":true,"href":"https:\/\/reviva.fi\/fi\/wp-json\/wp\/v2\/comments?post=11872"}],"wp:featuredmedia":[{"embeddable":true,"href":"https:\/\/reviva.fi\/fi\/wp-json\/wp\/v2\/media\/13891"}],"wp:attachment":[{"href":"https:\/\/reviva.fi\/fi\/wp-json\/wp\/v2\/media?parent=11872"}],"wp:term":[{"taxonomy":"product_brand","embeddable":true,"href":"https:\/\/reviva.fi\/fi\/wp-json\/wp\/v2\/product_brand?post=11872"},{"taxonomy":"product_cat","embeddable":true,"href":"https:\/\/reviva.fi\/fi\/wp-json\/wp\/v2\/product_cat?post=11872"},{"taxonomy":"product_tag","embeddable":true,"href":"https:\/\/reviva.fi\/fi\/wp-json\/wp\/v2\/product_tag?post=11872"}],"curies":[{"name":"wp","href":"https:\/\/api.w.org\/{rel}","templated":true}]}}