{"id":11875,"date":"2025-04-14T08:09:27","date_gmt":"2025-04-14T05:09:27","guid":{"rendered":"https:\/\/reviva.fi\/product\/camu-camu\/"},"modified":"2026-01-28T13:42:43","modified_gmt":"2026-01-28T11:42:43","slug":"camu-camu","status":"publish","type":"product","link":"https:\/\/reviva.fi\/fi\/tuote\/camu-camu\/","title":{"rendered":"Camu Camu &#8211; Luonnollinen C-vitamiini"},"content":{"rendered":"<p class=\"\" data-start=\"0\" data-end=\"344\"><strong data-start=\"0\" data-end=\"63\">Camu Camu \u2013 Luonnollista C-vitamiinia Amazonin sademets\u00e4st\u00e4<\/strong><br data-start=\"63\" data-end=\"66\" \/>Camu Camu on pieni marja Amazonin sademets\u00e4st\u00e4, ja se tunnetaan poikkeuksellisen korkeasta luonnollisen C-vitamiinin pitoisuudestaan. T\u00e4t\u00e4 voimakasta superhedelm\u00e4\u00e4 on perinteisesti k\u00e4ytetty paikallisten keskuudessa vastustuskyvyn tukemiseen ja yleisen hyvinvoinnin edist\u00e4miseen.<\/p>\n<p class=\"\" data-start=\"346\" data-end=\"654\">C-vitamiini on t\u00e4rke\u00e4 antioksidantti, joka edist\u00e4\u00e4 immuunij\u00e4rjestelm\u00e4n normaalia toimintaa, auttaa v\u00e4hent\u00e4m\u00e4\u00e4n v\u00e4symyst\u00e4 ja uupumusta sek\u00e4 suojaa soluja hapettumisstressilt\u00e4. Lis\u00e4ksi C-vitamiini tukee normaalia kollageenin muodostumista, mik\u00e4 on t\u00e4rke\u00e4\u00e4 ihon, rustojen, luuston ja verisuonten hyvinvoinnille.<\/p>\n<p class=\"\" data-start=\"656\" data-end=\"967\">Lambertsin Camu Camu -ravintolis\u00e4 sis\u00e4lt\u00e4\u00e4 huolellisesti valittuja, korkealaatuisia raaka-aineita ja on erinomainen valinta sinulle, joka arvostat luonnollista alkuper\u00e4\u00e4 ravintolisiss\u00e4si. Kapselit on helppo niell\u00e4, ja ne sopivat sek\u00e4 p\u00e4ivitt\u00e4iseen k\u00e4ytt\u00f6\u00f6n ett\u00e4 silloin, kun vastustuskykesi tarvitsee lis\u00e4tukea.<\/p>\n","protected":false},"excerpt":{"rendered":"<p data-start=\"0\" data-end=\"137\">Camu camun C-vitamiini on ravintolis\u00e4 joka antaa 100 % luonnolista C-vitamiini\u00e4.<\/p>\n<p class=\"\" data-start=\"0\" data-end=\"137\">Kapselit on helppo niell\u00e4 ja ne sopivat sek\u00e4 p\u00e4ivitt\u00e4iseen k\u00e4ytt\u00f6\u00f6n ett\u00e4 jaksoihin, jolloin immuunij\u00e4rjestelm\u00e4 tarvitsee erityist\u00e4 tukea.<\/p>\n<p class=\"\" data-start=\"139\" data-end=\"276\">\u2022 Korkea pitoisuus luonnollista C-vitamiinia<br data-start=\"183\" data-end=\"186\" \/>\u2022 Tukee immuunij\u00e4rjestelm\u00e4\u00e4 ja v\u00e4hent\u00e4\u00e4 v\u00e4symyst\u00e4<br data-start=\"235\" data-end=\"238\" data-is-only-node=\"\" \/>\u2022 Suojaa soluja hapettumisstressilt\u00e4<\/p>\n<p class=\"\" data-start=\"278\" data-end=\"294\"><strong data-start=\"278\" data-end=\"294\" data-is-last-node=\"\">120 kapselia<\/strong><\/p>\n","protected":false},"featured_media":13924,"comment_status":"closed","ping_status":"closed","template":"","meta":{"_acf_changed":false,"inline_featured_image":false,"_kad_blocks_custom_css":"","_kad_blocks_head_custom_js":"","_kad_blocks_body_custom_js":"","_kad_blocks_footer_custom_js":"","_kadence_starter_templates_imported_post":false,"_kad_post_transparent":"default","_kad_post_title":"","_kad_post_layout":"default","_kad_post_sidebar_id":"","_kad_post_content_style":"default","_kad_post_vertical_padding":"default","_kad_post_feature":"","_kad_post_feature_position":"","_kad_post_header":false,"_kad_post_footer":false},"product_brand":[],"product_cat":[526,141,5963,2357],"product_tag":[5900,412,1069,3385,444,4503,5455,5901,4898,5902,5658,5903,4938,5904],"class_list":{"0":"post-11875","1":"product","2":"type-product","3":"status-publish","4":"has-post-thumbnail","6":"product_cat-c-vitamin-fi","7":"product_cat-orter-fi","8":"product_cat-synergos-fi","9":"product_cat-immunforsvar-fi","10":"product_tag-120-kapslar-fi","11":"product_tag-antioksidantti","12":"product_tag-camu-camu-fi","13":"product_tag-hudhalsa-fi","14":"product_tag-immuunijarjestelma","15":"product_tag-immuunituki","16":"product_tag-kollagenbildning-fi","17":"product_tag-lamberts-camu-camu-fi","18":"product_tag-luonnollinen-ravintolisa","19":"product_tag-naturligt-c-vitamin-fi","20":"product_tag-skydd-mot-oxidativ-stress-fi","21":"product_tag-superfrukt-fran-amazonas-fi","22":"product_tag-vasymys-ja-uupumus","23":"product_tag-vitamin-c-fran-frukt-fi","25":"first","26":"instock","27":"taxable","28":"shipping-taxable","29":"purchasable","30":"product-type-simple","31":"entry","32":"content-bg","33":"loop-entry"},"acf":[],"yoast_head":"<!-- This site is optimized with the Yoast SEO plugin v25.8 - https:\/\/yoast.com\/wordpress\/plugins\/seo\/ -->\n<title>Camu Camu - Luonnollinen C-vitamiini - Reviva<\/title>\n<meta name=\"description\" content=\"Camu Camu - Luonnollista C-vitamiinia immuunij\u00e4rjestelm\u00e4n tueksi.Tukee vastustuskyky\u00e4, v\u00e4hent\u00e4\u00e4 v\u00e4symyst\u00e4 ja suojaa soluja hapettumisstressilt\u00e4.\" \/>\n<meta name=\"robots\" content=\"index, follow, max-snippet:-1, max-image-preview:large, max-video-preview:-1\" \/>\n<link rel=\"canonical\" href=\"https:\/\/reviva.fi\/fi\/tuote\/camu-camu\/\" \/>\n<meta property=\"og:locale\" content=\"fi_FI\" \/>\n<meta property=\"og:type\" content=\"article\" \/>\n<meta property=\"og:title\" content=\"Camu Camu - Luonnollinen C-vitamiini - Reviva\" \/>\n<meta property=\"og:description\" content=\"Camu Camu - Luonnollista C-vitamiinia immuunij\u00e4rjestelm\u00e4n tueksi.Tukee vastustuskyky\u00e4, v\u00e4hent\u00e4\u00e4 v\u00e4symyst\u00e4 ja suojaa soluja hapettumisstressilt\u00e4.\" \/>\n<meta property=\"og:url\" content=\"https:\/\/reviva.fi\/fi\/tuote\/camu-camu\/\" \/>\n<meta property=\"og:site_name\" content=\"Reviva\" \/>\n<meta property=\"article:modified_time\" content=\"2026-01-28T11:42:43+00:00\" \/>\n<meta property=\"og:image\" content=\"https:\/\/reviva.fi\/wp-content\/uploads\/2025\/04\/431-Camu-Camu-Photoroom-e1771327198468.png\" \/>\n\t<meta property=\"og:image:width\" content=\"2000\" \/>\n\t<meta property=\"og:image:height\" content=\"1333\" \/>\n\t<meta property=\"og:image:type\" content=\"image\/png\" \/>\n<meta name=\"twitter:card\" content=\"summary_large_image\" \/>\n<script type=\"application\/ld+json\" class=\"yoast-schema-graph\">{\"@context\":\"https:\/\/schema.org\",\"@graph\":[{\"@type\":\"WebPage\",\"@id\":\"https:\/\/reviva.fi\/fi\/tuote\/camu-camu\/\",\"url\":\"https:\/\/reviva.fi\/fi\/tuote\/camu-camu\/\",\"name\":\"Camu Camu - Luonnollinen C-vitamiini - Reviva\",\"isPartOf\":{\"@id\":\"https:\/\/reviva.fi\/fi\/#website\"},\"primaryImageOfPage\":{\"@id\":\"https:\/\/reviva.fi\/fi\/tuote\/camu-camu\/#primaryimage\"},\"image\":{\"@id\":\"https:\/\/reviva.fi\/fi\/tuote\/camu-camu\/#primaryimage\"},\"thumbnailUrl\":\"https:\/\/reviva.fi\/wp-content\/uploads\/2025\/04\/431-Camu-Camu-Photoroom-e1771327198468.png\",\"datePublished\":\"2025-04-14T05:09:27+00:00\",\"dateModified\":\"2026-01-28T11:42:43+00:00\",\"description\":\"Camu Camu - Luonnollista C-vitamiinia immuunij\u00e4rjestelm\u00e4n tueksi.Tukee vastustuskyky\u00e4, v\u00e4hent\u00e4\u00e4 v\u00e4symyst\u00e4 ja suojaa soluja hapettumisstressilt\u00e4.\",\"breadcrumb\":{\"@id\":\"https:\/\/reviva.fi\/fi\/tuote\/camu-camu\/#breadcrumb\"},\"inLanguage\":\"fi\",\"potentialAction\":[{\"@type\":\"ReadAction\",\"target\":[\"https:\/\/reviva.fi\/fi\/tuote\/camu-camu\/\"]}]},{\"@type\":\"ImageObject\",\"inLanguage\":\"fi\",\"@id\":\"https:\/\/reviva.fi\/fi\/tuote\/camu-camu\/#primaryimage\",\"url\":\"https:\/\/reviva.fi\/wp-content\/uploads\/2025\/04\/431-Camu-Camu-Photoroom-e1771327198468.png\",\"contentUrl\":\"https:\/\/reviva.fi\/wp-content\/uploads\/2025\/04\/431-Camu-Camu-Photoroom-e1771327198468.png\",\"width\":2000,\"height\":1333,\"caption\":\"Camu Camu\"},{\"@type\":\"BreadcrumbList\",\"@id\":\"https:\/\/reviva.fi\/fi\/tuote\/camu-camu\/#breadcrumb\",\"itemListElement\":[{\"@type\":\"ListItem\",\"position\":1,\"name\":\"Etusivu\",\"item\":\"https:\/\/reviva.fi\/fi\/\"},{\"@type\":\"ListItem\",\"position\":2,\"name\":\"Tuotteet\",\"item\":\"https:\/\/reviva.fi\/produkter\/\"},{\"@type\":\"ListItem\",\"position\":3,\"name\":\"Camu Camu &#8211; Luonnollinen C-vitamiini\"}]},{\"@type\":\"WebSite\",\"@id\":\"https:\/\/reviva.fi\/fi\/#website\",\"url\":\"https:\/\/reviva.fi\/fi\/\",\"name\":\"Reviva\",\"description\":\"\",\"publisher\":{\"@id\":\"https:\/\/reviva.fi\/fi\/#organization\"},\"potentialAction\":[{\"@type\":\"SearchAction\",\"target\":{\"@type\":\"EntryPoint\",\"urlTemplate\":\"https:\/\/reviva.fi\/fi\/?s={search_term_string}\"},\"query-input\":{\"@type\":\"PropertyValueSpecification\",\"valueRequired\":true,\"valueName\":\"search_term_string\"}}],\"inLanguage\":\"fi\"},{\"@type\":\"Organization\",\"@id\":\"https:\/\/reviva.fi\/fi\/#organization\",\"name\":\"Reviva\",\"url\":\"https:\/\/reviva.fi\/fi\/\",\"logo\":{\"@type\":\"ImageObject\",\"inLanguage\":\"fi\",\"@id\":\"https:\/\/reviva.fi\/fi\/#\/schema\/logo\/image\/\",\"url\":\"https:\/\/reviva.fi\/wp-content\/uploads\/2023\/10\/reviva-logo2.svg\",\"contentUrl\":\"https:\/\/reviva.fi\/wp-content\/uploads\/2023\/10\/reviva-logo2.svg\",\"caption\":\"Reviva\"},\"image\":{\"@id\":\"https:\/\/reviva.fi\/fi\/#\/schema\/logo\/image\/\"}}]}<\/script>\n<meta property=\"product:price:amount\" content=\"35.75\" \/>\n<meta property=\"product:price:currency\" content=\"EUR\" \/>\n<meta property=\"og:availability\" content=\"instock\" \/>\n<meta property=\"product:availability\" content=\"instock\" \/>\n<meta property=\"product:retailer_item_id\" content=\"431\" \/>\n<meta property=\"product:condition\" content=\"new\" \/>\n<!-- \/ Yoast SEO plugin. -->","yoast_head_json":{"title":"Camu Camu - Luonnollinen C-vitamiini - Reviva","description":"Camu Camu - Luonnollista C-vitamiinia immuunij\u00e4rjestelm\u00e4n tueksi.Tukee vastustuskyky\u00e4, v\u00e4hent\u00e4\u00e4 v\u00e4symyst\u00e4 ja suojaa soluja hapettumisstressilt\u00e4.","robots":{"index":"index","follow":"follow","max-snippet":"max-snippet:-1","max-image-preview":"max-image-preview:large","max-video-preview":"max-video-preview:-1"},"canonical":"https:\/\/reviva.fi\/fi\/tuote\/camu-camu\/","og_locale":"fi_FI","og_type":"article","og_title":"Camu Camu - Luonnollinen C-vitamiini - Reviva","og_description":"Camu Camu - Luonnollista C-vitamiinia immuunij\u00e4rjestelm\u00e4n tueksi.Tukee vastustuskyky\u00e4, v\u00e4hent\u00e4\u00e4 v\u00e4symyst\u00e4 ja suojaa soluja hapettumisstressilt\u00e4.","og_url":"https:\/\/reviva.fi\/fi\/tuote\/camu-camu\/","og_site_name":"Reviva","article_modified_time":"2026-01-28T11:42:43+00:00","og_image":[{"width":2000,"height":1333,"url":"https:\/\/reviva.fi\/wp-content\/uploads\/2025\/04\/431-Camu-Camu-Photoroom-e1771327198468.png","type":"image\/png"}],"twitter_card":"summary_large_image","schema":{"@context":"https:\/\/schema.org","@graph":[{"@type":"WebPage","@id":"https:\/\/reviva.fi\/fi\/tuote\/camu-camu\/","url":"https:\/\/reviva.fi\/fi\/tuote\/camu-camu\/","name":"Camu Camu - Luonnollinen C-vitamiini - Reviva","isPartOf":{"@id":"https:\/\/reviva.fi\/fi\/#website"},"primaryImageOfPage":{"@id":"https:\/\/reviva.fi\/fi\/tuote\/camu-camu\/#primaryimage"},"image":{"@id":"https:\/\/reviva.fi\/fi\/tuote\/camu-camu\/#primaryimage"},"thumbnailUrl":"https:\/\/reviva.fi\/wp-content\/uploads\/2025\/04\/431-Camu-Camu-Photoroom-e1771327198468.png","datePublished":"2025-04-14T05:09:27+00:00","dateModified":"2026-01-28T11:42:43+00:00","description":"Camu Camu - Luonnollista C-vitamiinia immuunij\u00e4rjestelm\u00e4n tueksi.Tukee vastustuskyky\u00e4, v\u00e4hent\u00e4\u00e4 v\u00e4symyst\u00e4 ja suojaa soluja hapettumisstressilt\u00e4.","breadcrumb":{"@id":"https:\/\/reviva.fi\/fi\/tuote\/camu-camu\/#breadcrumb"},"inLanguage":"fi","potentialAction":[{"@type":"ReadAction","target":["https:\/\/reviva.fi\/fi\/tuote\/camu-camu\/"]}]},{"@type":"ImageObject","inLanguage":"fi","@id":"https:\/\/reviva.fi\/fi\/tuote\/camu-camu\/#primaryimage","url":"https:\/\/reviva.fi\/wp-content\/uploads\/2025\/04\/431-Camu-Camu-Photoroom-e1771327198468.png","contentUrl":"https:\/\/reviva.fi\/wp-content\/uploads\/2025\/04\/431-Camu-Camu-Photoroom-e1771327198468.png","width":2000,"height":1333,"caption":"Camu Camu"},{"@type":"BreadcrumbList","@id":"https:\/\/reviva.fi\/fi\/tuote\/camu-camu\/#breadcrumb","itemListElement":[{"@type":"ListItem","position":1,"name":"Etusivu","item":"https:\/\/reviva.fi\/fi\/"},{"@type":"ListItem","position":2,"name":"Tuotteet","item":"https:\/\/reviva.fi\/produkter\/"},{"@type":"ListItem","position":3,"name":"Camu Camu &#8211; Luonnollinen C-vitamiini"}]},{"@type":"WebSite","@id":"https:\/\/reviva.fi\/fi\/#website","url":"https:\/\/reviva.fi\/fi\/","name":"Reviva","description":"","publisher":{"@id":"https:\/\/reviva.fi\/fi\/#organization"},"potentialAction":[{"@type":"SearchAction","target":{"@type":"EntryPoint","urlTemplate":"https:\/\/reviva.fi\/fi\/?s={search_term_string}"},"query-input":{"@type":"PropertyValueSpecification","valueRequired":true,"valueName":"search_term_string"}}],"inLanguage":"fi"},{"@type":"Organization","@id":"https:\/\/reviva.fi\/fi\/#organization","name":"Reviva","url":"https:\/\/reviva.fi\/fi\/","logo":{"@type":"ImageObject","inLanguage":"fi","@id":"https:\/\/reviva.fi\/fi\/#\/schema\/logo\/image\/","url":"https:\/\/reviva.fi\/wp-content\/uploads\/2023\/10\/reviva-logo2.svg","contentUrl":"https:\/\/reviva.fi\/wp-content\/uploads\/2023\/10\/reviva-logo2.svg","caption":"Reviva"},"image":{"@id":"https:\/\/reviva.fi\/fi\/#\/schema\/logo\/image\/"}}]},"product_price_amount":"35.75","product_price_currency":"EUR","og_availability":"instock","product_availability":"instock","product_retailer_item_id":"431","product_condition":"new"},"taxonomy_info":{"product_cat":[{"value":526,"label":"C-vitamiini"},{"value":141,"label":"Yrtit"},{"value":5963,"label":"Synergos"},{"value":2357,"label":"Immuunipuolustus"}],"product_tag":[{"value":5900,"label":"120 kapslar"},{"value":412,"label":"antioksidantti"},{"value":1069,"label":"Camu Camu"},{"value":3385,"label":"Hudh\u00e4lsa"},{"value":444,"label":"immuunij\u00e4rjestelm\u00e4"},{"value":4503,"label":"Immuunituki"},{"value":5455,"label":"Kollagenbildning"},{"value":5901,"label":"Lamberts Camu Camu"},{"value":4898,"label":"Luonnollinen ravintolis\u00e4"},{"value":5902,"label":"naturligt C-vitamin"},{"value":5658,"label":"Skydd mot oxidativ stress"},{"value":5903,"label":"superfrukt fr\u00e5n Amazonas"},{"value":4938,"label":"V\u00e4symys ja uupumus"},{"value":5904,"label":"vitamin C fr\u00e5n frukt"}]},"featured_image_src_large":["https:\/\/reviva.fi\/wp-content\/uploads\/2025\/04\/431-Camu-Camu-Photoroom-1024x682.png",1024,682,true],"author_info":[],"comment_info":0,"_links":{"self":[{"href":"https:\/\/reviva.fi\/fi\/wp-json\/wp\/v2\/product\/11875","targetHints":{"allow":["GET"]}}],"collection":[{"href":"https:\/\/reviva.fi\/fi\/wp-json\/wp\/v2\/product"}],"about":[{"href":"https:\/\/reviva.fi\/fi\/wp-json\/wp\/v2\/types\/product"}],"replies":[{"embeddable":true,"href":"https:\/\/reviva.fi\/fi\/wp-json\/wp\/v2\/comments?post=11875"}],"wp:featuredmedia":[{"embeddable":true,"href":"https:\/\/reviva.fi\/fi\/wp-json\/wp\/v2\/media\/13924"}],"wp:attachment":[{"href":"https:\/\/reviva.fi\/fi\/wp-json\/wp\/v2\/media?parent=11875"}],"wp:term":[{"taxonomy":"product_brand","embeddable":true,"href":"https:\/\/reviva.fi\/fi\/wp-json\/wp\/v2\/product_brand?post=11875"},{"taxonomy":"product_cat","embeddable":true,"href":"https:\/\/reviva.fi\/fi\/wp-json\/wp\/v2\/product_cat?post=11875"},{"taxonomy":"product_tag","embeddable":true,"href":"https:\/\/reviva.fi\/fi\/wp-json\/wp\/v2\/product_tag?post=11875"}],"curies":[{"name":"wp","href":"https:\/\/api.w.org\/{rel}","templated":true}]}}