{"id":11877,"date":"2025-04-14T09:17:23","date_gmt":"2025-04-14T06:17:23","guid":{"rendered":"https:\/\/reviva.fi\/product\/plant-sterols-800-mg\/"},"modified":"2025-04-22T13:21:19","modified_gmt":"2025-04-22T10:21:19","slug":"plant-sterols-800-mg","status":"publish","type":"product","link":"https:\/\/reviva.fi\/fi\/tuote\/plant-sterols-800-mg\/","title":{"rendered":"Plant Sterols 800mg &#8211; Lamberts"},"content":{"rendered":"<p class=\"\" data-start=\"0\" data-end=\"68\"><strong data-start=\"0\" data-end=\"68\">Lamberts\u00ae Kasvisterolit \u2013 800 mg puhtaita steroleja per tabletti<\/strong><\/p>\n<p class=\"\" data-start=\"70\" data-end=\"203\"><strong data-start=\"70\" data-end=\"116\">Luonnollista tukea kolesterolitasapainolle<\/strong><br data-start=\"116\" data-end=\"119\" \/>Yksi tabletti p\u00e4iv\u00e4ss\u00e4 voi auttaa yll\u00e4pit\u00e4m\u00e4\u00e4n normaaleja kolesteroliarvoja veress\u00e4.<\/p>\n<h3 class=\"\" data-start=\"205\" data-end=\"227\"><strong data-start=\"209\" data-end=\"227\">Tuotteen edut:<\/strong><\/h3>\n<ul>\n<li data-start=\"229\" data-end=\"731\">Sis\u00e4lt\u00e4\u00e4 800 mg puhtaita kasvisteroleja per tabletti<\/li>\n<li data-start=\"229\" data-end=\"731\">\u00a0Jopa 80 % beta-sitostereoleja<\/li>\n<li data-start=\"229\" data-end=\"731\">\u00a0Ilmoitamme todellisen sterolim\u00e4\u00e4r\u00e4n \u2013 emme pelkk\u00e4\u00e4 kokonaispainoa, kuten jotkut valmistajat<\/li>\n<li data-start=\"229\" data-end=\"731\">\u00a0Kasvisterolit muistuttavat rakenteeltaan kolesterolia ja est\u00e4v\u00e4t osittain sen imeytymist\u00e4 suolistossa<\/li>\n<li data-start=\"229\" data-end=\"731\">\u00a0Vaikuttaa my\u00f6s kolesterolia alentavalla ruokavaliolla<\/li>\n<li data-start=\"229\" data-end=\"731\">\u00a0Hyv\u00e4 vaihtoehto sinulle, joka et saa riitt\u00e4v\u00e4sti steroleja ravinnosta tai et k\u00e4yt\u00e4 steroleilla rikastettuja elintarvikkeita (esim. margariinia)<\/li>\n<\/ul>\n<h3 class=\"\" data-start=\"733\" data-end=\"751\"><strong data-start=\"737\" data-end=\"749\">Taustaa:<\/strong><\/h3>\n<p data-start=\"752\" data-end=\"1023\"><span class=\"_fadeIn_4f9by_7\">Kasvisteroleja <\/span><span class=\"_fadeIn_4f9by_7\">esiintyy <\/span><span class=\"_fadeIn_4f9by_7\">luonnostaan <\/span><span class=\"_fadeIn_4f9by_7\">kasvi\u00f6ljyiss\u00e4 <\/span><span class=\"_fadeIn_4f9by_7\">ja <\/span><span class=\"_fadeIn_4f9by_7\">viljoissa<\/span><span class=\"_fadeIn_4f9by_7\">, <\/span><span class=\"_fadeIn_4f9by_7\">mutta <\/span><span class=\"_fadeIn_4f9by_7\">nykyisess\u00e4 <\/span><span class=\"_fadeIn_4f9by_7\">ruokavaliossa <\/span><span class=\"_fadeIn_4f9by_7\">niiden <\/span><span class=\"_fadeIn_4f9by_7\">m\u00e4\u00e4r\u00e4 <\/span><span class=\"_fadeIn_4f9by_7\">j\u00e4\u00e4 <\/span><span class=\"_fadeIn_4f9by_7\">usein <\/span><span class=\"_fadeIn_4f9by_7\">alhaiseksi<\/span><span class=\"_fadeIn_4f9by_7\">. <\/span><span class=\"_fadeIn_4f9by_7\">P\u00e4ivitt\u00e4isen <\/span><span class=\"_fadeIn_4f9by_7\">saantisuosituksen <\/span><span class=\"_fadeIn_4f9by_7\">saavuttaminen <\/span><span class=\"_fadeIn_4f9by_7\">pelk\u00e4n <\/span><span class=\"_fadeIn_4f9by_7\">ravinnon <\/span><span class=\"_fadeIn_4f9by_7\">kautta <\/span><span class=\"_fadeIn_4f9by_7\">voi <\/span><span class=\"_fadeIn_4f9by_7\">olla<\/span><\/p>\n","protected":false},"excerpt":{"rendered":"<p><strong>Valmistettu Isossa-Britanniassa, luonnollisesti uutettu \u2013 jopa 80\u202f% beta-sitostereoleja<\/strong><\/p>\n<p>T\u00e4m\u00e4 tabletti sis\u00e4lt\u00e4\u00e4 per\u00e4ti 800 mg puhtaita kasvisteroleja, joista jopa 80\u202f% on beta-sitostereoleja.<\/p>\n<p>Kasvisterolit tunnetaan hyvin niiden my\u00f6nteisest\u00e4 vaikutuksesta kehon kolesterolitasapainoon.<br \/>\nNiiden rakenne muistuttaa kolesterolia, ja tutkimusten mukaan ne voivat tukea terveytt\u00e4 est\u00e4m\u00e4ll\u00e4 osittain kolesterolin imeytymist\u00e4 suolistossa \u2013 mik\u00e4 auttaa pit\u00e4m\u00e4\u00e4n kolesteroliarvot hallinnassa.<\/p>\n<p><b>60 tablettia<\/b><\/p>\n","protected":false},"featured_media":11758,"comment_status":"closed","ping_status":"closed","template":"","meta":{"_acf_changed":false,"inline_featured_image":false,"_kad_blocks_custom_css":"","_kad_blocks_head_custom_js":"","_kad_blocks_body_custom_js":"","_kad_blocks_footer_custom_js":"","_kadence_starter_templates_imported_post":false,"_kad_post_transparent":"default","_kad_post_title":"","_kad_post_layout":"default","_kad_post_sidebar_id":"","_kad_post_content_style":"default","_kad_post_vertical_padding":"default","_kad_post_feature":"","_kad_post_feature_position":"","_kad_post_header":false,"_kad_post_footer":false},"product_brand":[],"product_cat":[141,2505,2444],"product_tag":[5905,3582,4420,5906,5907,5908,5909,5910,5911,4419,5912,5768],"class_list":{"0":"post-11877","1":"product","2":"type-product","3":"status-publish","4":"has-post-thumbnail","6":"product_cat-orter-fi","7":"product_cat-ovriga-kosttillskott-fi","8":"product_cat-lamberts-fi","9":"product_tag-60-tabletter-fi","10":"product_tag-hjart-karlhalsa-fi","11":"product_tag-kolesterolitasapainoa","12":"product_tag-kolesterolsankning-fi","13":"product_tag-lamberts-plant-sterols-fi","14":"product_tag-ldl-kolesterol-fi","15":"product_tag-naturligt-kolesterolstod-fi","16":"product_tag-plant-sterols-fi","17":"product_tag-steroler-fran-vaxter-fi","18":"product_tag-sydanterveytta","19":"product_tag-vaxtbaserat-kosttillskott-fi","20":"product_tag-vaxtsteroler-fi","22":"first","23":"instock","24":"taxable","25":"shipping-taxable","26":"purchasable","27":"product-type-simple","28":"entry","29":"content-bg","30":"loop-entry"},"acf":[],"yoast_head":"<!-- This site is optimized with the Yoast SEO plugin v25.8 - https:\/\/yoast.com\/wordpress\/plugins\/seo\/ -->\n<title>Plant Sterols 800mg - Lamberts - Reviva<\/title>\n<meta name=\"description\" content=\"Plant Sterols 800mg - Lamberts sis\u00e4lt\u00e4\u00e4 per\u00e4ti 800 mg puhtaita kasvisteroleja, joista jopa 80% on beta-sitostereoleja. Kolesterolitasapainoa luonnollisesti.\" \/>\n<meta name=\"robots\" content=\"index, follow, max-snippet:-1, max-image-preview:large, max-video-preview:-1\" \/>\n<link rel=\"canonical\" href=\"https:\/\/reviva.fi\/fi\/tuote\/plant-sterols-800-mg\/\" \/>\n<meta property=\"og:locale\" content=\"fi_FI\" \/>\n<meta property=\"og:type\" content=\"article\" \/>\n<meta property=\"og:title\" content=\"Plant Sterols 800mg - Lamberts - Reviva\" \/>\n<meta property=\"og:description\" content=\"Plant Sterols 800mg - Lamberts sis\u00e4lt\u00e4\u00e4 per\u00e4ti 800 mg puhtaita kasvisteroleja, joista jopa 80% on beta-sitostereoleja. Kolesterolitasapainoa luonnollisesti.\" \/>\n<meta property=\"og:url\" content=\"https:\/\/reviva.fi\/fi\/tuote\/plant-sterols-800-mg\/\" \/>\n<meta property=\"og:site_name\" content=\"Reviva\" \/>\n<meta property=\"article:modified_time\" content=\"2025-04-22T10:21:19+00:00\" \/>\n<meta property=\"og:image\" content=\"https:\/\/reviva.fi\/wp-content\/uploads\/2025\/04\/8583-60-Plantsterols.jpg\" \/>\n\t<meta property=\"og:image:width\" content=\"1000\" \/>\n\t<meta property=\"og:image:height\" content=\"1000\" \/>\n\t<meta property=\"og:image:type\" content=\"image\/jpeg\" \/>\n<meta name=\"twitter:card\" content=\"summary_large_image\" \/>\n<script type=\"application\/ld+json\" class=\"yoast-schema-graph\">{\"@context\":\"https:\/\/schema.org\",\"@graph\":[{\"@type\":\"WebPage\",\"@id\":\"https:\/\/reviva.fi\/fi\/tuote\/plant-sterols-800-mg\/\",\"url\":\"https:\/\/reviva.fi\/fi\/tuote\/plant-sterols-800-mg\/\",\"name\":\"Plant Sterols 800mg - Lamberts - Reviva\",\"isPartOf\":{\"@id\":\"https:\/\/reviva.fi\/fi\/#website\"},\"primaryImageOfPage\":{\"@id\":\"https:\/\/reviva.fi\/fi\/tuote\/plant-sterols-800-mg\/#primaryimage\"},\"image\":{\"@id\":\"https:\/\/reviva.fi\/fi\/tuote\/plant-sterols-800-mg\/#primaryimage\"},\"thumbnailUrl\":\"https:\/\/reviva.fi\/wp-content\/uploads\/2025\/04\/8583-60-Plantsterols.jpg\",\"datePublished\":\"2025-04-14T06:17:23+00:00\",\"dateModified\":\"2025-04-22T10:21:19+00:00\",\"description\":\"Plant Sterols 800mg - Lamberts sis\u00e4lt\u00e4\u00e4 per\u00e4ti 800 mg puhtaita kasvisteroleja, joista jopa 80% on beta-sitostereoleja. Kolesterolitasapainoa luonnollisesti.\",\"breadcrumb\":{\"@id\":\"https:\/\/reviva.fi\/fi\/tuote\/plant-sterols-800-mg\/#breadcrumb\"},\"inLanguage\":\"fi\",\"potentialAction\":[{\"@type\":\"ReadAction\",\"target\":[\"https:\/\/reviva.fi\/fi\/tuote\/plant-sterols-800-mg\/\"]}]},{\"@type\":\"ImageObject\",\"inLanguage\":\"fi\",\"@id\":\"https:\/\/reviva.fi\/fi\/tuote\/plant-sterols-800-mg\/#primaryimage\",\"url\":\"https:\/\/reviva.fi\/wp-content\/uploads\/2025\/04\/8583-60-Plantsterols.jpg\",\"contentUrl\":\"https:\/\/reviva.fi\/wp-content\/uploads\/2025\/04\/8583-60-Plantsterols.jpg\",\"width\":1000,\"height\":1000,\"caption\":\"Plantsterols 800 mg\"},{\"@type\":\"BreadcrumbList\",\"@id\":\"https:\/\/reviva.fi\/fi\/tuote\/plant-sterols-800-mg\/#breadcrumb\",\"itemListElement\":[{\"@type\":\"ListItem\",\"position\":1,\"name\":\"Etusivu\",\"item\":\"https:\/\/reviva.fi\/fi\/\"},{\"@type\":\"ListItem\",\"position\":2,\"name\":\"Tuotteet\",\"item\":\"https:\/\/reviva.fi\/produkter\/\"},{\"@type\":\"ListItem\",\"position\":3,\"name\":\"Plant Sterols 800mg &#8211; Lamberts\"}]},{\"@type\":\"WebSite\",\"@id\":\"https:\/\/reviva.fi\/fi\/#website\",\"url\":\"https:\/\/reviva.fi\/fi\/\",\"name\":\"Reviva\",\"description\":\"\",\"publisher\":{\"@id\":\"https:\/\/reviva.fi\/fi\/#organization\"},\"potentialAction\":[{\"@type\":\"SearchAction\",\"target\":{\"@type\":\"EntryPoint\",\"urlTemplate\":\"https:\/\/reviva.fi\/fi\/?s={search_term_string}\"},\"query-input\":{\"@type\":\"PropertyValueSpecification\",\"valueRequired\":true,\"valueName\":\"search_term_string\"}}],\"inLanguage\":\"fi\"},{\"@type\":\"Organization\",\"@id\":\"https:\/\/reviva.fi\/fi\/#organization\",\"name\":\"Reviva\",\"url\":\"https:\/\/reviva.fi\/fi\/\",\"logo\":{\"@type\":\"ImageObject\",\"inLanguage\":\"fi\",\"@id\":\"https:\/\/reviva.fi\/fi\/#\/schema\/logo\/image\/\",\"url\":\"https:\/\/reviva.fi\/wp-content\/uploads\/2023\/10\/reviva-logo2.svg\",\"contentUrl\":\"https:\/\/reviva.fi\/wp-content\/uploads\/2023\/10\/reviva-logo2.svg\",\"caption\":\"Reviva\"},\"image\":{\"@id\":\"https:\/\/reviva.fi\/fi\/#\/schema\/logo\/image\/\"}}]}<\/script>\n<meta property=\"product:price:amount\" content=\"33.75\" \/>\n<meta property=\"product:price:currency\" content=\"EUR\" \/>\n<meta property=\"og:availability\" content=\"instock\" \/>\n<meta property=\"product:availability\" content=\"instock\" \/>\n<meta property=\"product:retailer_item_id\" content=\"8583-60\" \/>\n<meta property=\"product:condition\" content=\"new\" \/>\n<!-- \/ Yoast SEO plugin. -->","yoast_head_json":{"title":"Plant Sterols 800mg - Lamberts - Reviva","description":"Plant Sterols 800mg - Lamberts sis\u00e4lt\u00e4\u00e4 per\u00e4ti 800 mg puhtaita kasvisteroleja, joista jopa 80% on beta-sitostereoleja. Kolesterolitasapainoa luonnollisesti.","robots":{"index":"index","follow":"follow","max-snippet":"max-snippet:-1","max-image-preview":"max-image-preview:large","max-video-preview":"max-video-preview:-1"},"canonical":"https:\/\/reviva.fi\/fi\/tuote\/plant-sterols-800-mg\/","og_locale":"fi_FI","og_type":"article","og_title":"Plant Sterols 800mg - Lamberts - Reviva","og_description":"Plant Sterols 800mg - Lamberts sis\u00e4lt\u00e4\u00e4 per\u00e4ti 800 mg puhtaita kasvisteroleja, joista jopa 80% on beta-sitostereoleja. Kolesterolitasapainoa luonnollisesti.","og_url":"https:\/\/reviva.fi\/fi\/tuote\/plant-sterols-800-mg\/","og_site_name":"Reviva","article_modified_time":"2025-04-22T10:21:19+00:00","og_image":[{"width":1000,"height":1000,"url":"https:\/\/reviva.fi\/wp-content\/uploads\/2025\/04\/8583-60-Plantsterols.jpg","type":"image\/jpeg"}],"twitter_card":"summary_large_image","schema":{"@context":"https:\/\/schema.org","@graph":[{"@type":"WebPage","@id":"https:\/\/reviva.fi\/fi\/tuote\/plant-sterols-800-mg\/","url":"https:\/\/reviva.fi\/fi\/tuote\/plant-sterols-800-mg\/","name":"Plant Sterols 800mg - Lamberts - Reviva","isPartOf":{"@id":"https:\/\/reviva.fi\/fi\/#website"},"primaryImageOfPage":{"@id":"https:\/\/reviva.fi\/fi\/tuote\/plant-sterols-800-mg\/#primaryimage"},"image":{"@id":"https:\/\/reviva.fi\/fi\/tuote\/plant-sterols-800-mg\/#primaryimage"},"thumbnailUrl":"https:\/\/reviva.fi\/wp-content\/uploads\/2025\/04\/8583-60-Plantsterols.jpg","datePublished":"2025-04-14T06:17:23+00:00","dateModified":"2025-04-22T10:21:19+00:00","description":"Plant Sterols 800mg - Lamberts sis\u00e4lt\u00e4\u00e4 per\u00e4ti 800 mg puhtaita kasvisteroleja, joista jopa 80% on beta-sitostereoleja. Kolesterolitasapainoa luonnollisesti.","breadcrumb":{"@id":"https:\/\/reviva.fi\/fi\/tuote\/plant-sterols-800-mg\/#breadcrumb"},"inLanguage":"fi","potentialAction":[{"@type":"ReadAction","target":["https:\/\/reviva.fi\/fi\/tuote\/plant-sterols-800-mg\/"]}]},{"@type":"ImageObject","inLanguage":"fi","@id":"https:\/\/reviva.fi\/fi\/tuote\/plant-sterols-800-mg\/#primaryimage","url":"https:\/\/reviva.fi\/wp-content\/uploads\/2025\/04\/8583-60-Plantsterols.jpg","contentUrl":"https:\/\/reviva.fi\/wp-content\/uploads\/2025\/04\/8583-60-Plantsterols.jpg","width":1000,"height":1000,"caption":"Plantsterols 800 mg"},{"@type":"BreadcrumbList","@id":"https:\/\/reviva.fi\/fi\/tuote\/plant-sterols-800-mg\/#breadcrumb","itemListElement":[{"@type":"ListItem","position":1,"name":"Etusivu","item":"https:\/\/reviva.fi\/fi\/"},{"@type":"ListItem","position":2,"name":"Tuotteet","item":"https:\/\/reviva.fi\/produkter\/"},{"@type":"ListItem","position":3,"name":"Plant Sterols 800mg &#8211; Lamberts"}]},{"@type":"WebSite","@id":"https:\/\/reviva.fi\/fi\/#website","url":"https:\/\/reviva.fi\/fi\/","name":"Reviva","description":"","publisher":{"@id":"https:\/\/reviva.fi\/fi\/#organization"},"potentialAction":[{"@type":"SearchAction","target":{"@type":"EntryPoint","urlTemplate":"https:\/\/reviva.fi\/fi\/?s={search_term_string}"},"query-input":{"@type":"PropertyValueSpecification","valueRequired":true,"valueName":"search_term_string"}}],"inLanguage":"fi"},{"@type":"Organization","@id":"https:\/\/reviva.fi\/fi\/#organization","name":"Reviva","url":"https:\/\/reviva.fi\/fi\/","logo":{"@type":"ImageObject","inLanguage":"fi","@id":"https:\/\/reviva.fi\/fi\/#\/schema\/logo\/image\/","url":"https:\/\/reviva.fi\/wp-content\/uploads\/2023\/10\/reviva-logo2.svg","contentUrl":"https:\/\/reviva.fi\/wp-content\/uploads\/2023\/10\/reviva-logo2.svg","caption":"Reviva"},"image":{"@id":"https:\/\/reviva.fi\/fi\/#\/schema\/logo\/image\/"}}]},"product_price_amount":"33.75","product_price_currency":"EUR","og_availability":"instock","product_availability":"instock","product_retailer_item_id":"8583-60","product_condition":"new"},"taxonomy_info":{"product_cat":[{"value":141,"label":"Yrtit"},{"value":2505,"label":"Muut ravintolis\u00e4t"},{"value":2444,"label":"Lamberts"}],"product_tag":[{"value":5905,"label":"60 tabletter"},{"value":3582,"label":"Hj\u00e4rt-k\u00e4rlh\u00e4lsa"},{"value":4420,"label":"kolesterolitasapainoa"},{"value":5906,"label":"kolesterols\u00e4nkning"},{"value":5907,"label":"Lamberts Plant Sterols"},{"value":5908,"label":"LDL-kolesterol"},{"value":5909,"label":"naturligt kolesterolst\u00f6d"},{"value":5910,"label":"Plant Sterols"},{"value":5911,"label":"steroler fr\u00e5n v\u00e4xter"},{"value":4419,"label":"Syd\u00e4nterveytt\u00e4"},{"value":5912,"label":"v\u00e4xtbaserat kosttillskott"},{"value":5768,"label":"V\u00e4xtsteroler"}]},"featured_image_src_large":["https:\/\/reviva.fi\/wp-content\/uploads\/2025\/04\/8583-60-Plantsterols.jpg",1000,1000,false],"author_info":[],"comment_info":0,"_links":{"self":[{"href":"https:\/\/reviva.fi\/fi\/wp-json\/wp\/v2\/product\/11877","targetHints":{"allow":["GET"]}}],"collection":[{"href":"https:\/\/reviva.fi\/fi\/wp-json\/wp\/v2\/product"}],"about":[{"href":"https:\/\/reviva.fi\/fi\/wp-json\/wp\/v2\/types\/product"}],"replies":[{"embeddable":true,"href":"https:\/\/reviva.fi\/fi\/wp-json\/wp\/v2\/comments?post=11877"}],"wp:featuredmedia":[{"embeddable":true,"href":"https:\/\/reviva.fi\/fi\/wp-json\/wp\/v2\/media\/11758"}],"wp:attachment":[{"href":"https:\/\/reviva.fi\/fi\/wp-json\/wp\/v2\/media?parent=11877"}],"wp:term":[{"taxonomy":"product_brand","embeddable":true,"href":"https:\/\/reviva.fi\/fi\/wp-json\/wp\/v2\/product_brand?post=11877"},{"taxonomy":"product_cat","embeddable":true,"href":"https:\/\/reviva.fi\/fi\/wp-json\/wp\/v2\/product_cat?post=11877"},{"taxonomy":"product_tag","embeddable":true,"href":"https:\/\/reviva.fi\/fi\/wp-json\/wp\/v2\/product_tag?post=11877"}],"curies":[{"name":"wp","href":"https:\/\/api.w.org\/{rel}","templated":true}]}}