{"id":11947,"date":"2025-05-05T09:57:04","date_gmt":"2025-05-05T06:57:04","guid":{"rendered":"https:\/\/reviva.fi\/product\/havtornsolja\/"},"modified":"2026-01-21T09:40:11","modified_gmt":"2026-01-21T07:40:11","slug":"tyrnioljy","status":"publish","type":"product","link":"https:\/\/reviva.fi\/fi\/tuote\/tyrnioljy\/","title":{"rendered":"Tyrni\u00f6ljy &#8211; Runsaasti Omega-7"},"content":{"rendered":"<p class=\"\" data-start=\"114\" data-end=\"186\"><strong data-start=\"114\" data-end=\"184\">Tyrni\u00f6ljy\u2013 Luonnollista tukea iholle, limakalvoille ja vastustuskyvylle.<\/strong><\/p>\n<p class=\"\" data-start=\"0\" data-end=\"365\">Tyrni\u00f6ljy on korkealaatuinen, kylm\u00e4puristettu ravintolis\u00e4, joka sis\u00e4lt\u00e4\u00e4 sek\u00e4 siemen- ett\u00e4 marja\u00f6ljy\u00e4 \u2013 luonnon ainutlaatuinen yhdistelm\u00e4, joka on runsas v\u00e4ltt\u00e4m\u00e4tt\u00f6mien rasvahappojen ja bioaktiivisten yhdisteiden l\u00e4hde. Tyrni\u00f6ljy tunnetaan erityisesti korkeasta omega-7-rasvahapon (palmitoleiinihapon) pitoisuudestaan, joka tukee limakalvojen ja ihon hyvinvointia.<\/p>\n<p class=\"\" data-start=\"367\" data-end=\"670\">T\u00e4m\u00e4 ravintolis\u00e4 sopii erityisen hyvin henkil\u00f6ille, jotka k\u00e4rsiv\u00e4t kuivista silmist\u00e4, suun kuivuudesta, intiimialueiden limakalvojen kuivuudesta tai atooppisesta ihosta. Tyrni\u00f6ljy voi my\u00f6s tukea immuunij\u00e4rjestelm\u00e4n normaalia toimintaa sek\u00e4 edist\u00e4\u00e4 ruoansulatusta ja limakalvojen eheytt\u00e4 \u2013 sis\u00e4lt\u00e4 k\u00e4sin.<\/p>\n<p class=\"\" data-start=\"672\" data-end=\"766\">Tuote on valmistettu huolellisesti valituista raaka-aineista, eik\u00e4 sis\u00e4ll\u00e4 turhia lis\u00e4aineita.<\/p>\n","protected":false},"excerpt":{"rendered":"<p>Tyrni\u00f6ljy on ainutlaatuinen ravintolis\u00e4, joka yhdist\u00e4\u00e4 marja- ja siemen\u00f6ljyn maksimaalisen ravintosis\u00e4ll\u00f6n saavuttamiseksi. Se auttaa yll\u00e4pit\u00e4m\u00e4\u00e4n ihon kimmoisuutta, tukee ruoansulatusta ja kosteuttaa kuivia limakalvoja \u2013 sis\u00e4lt\u00e4 ulosp\u00e4in.<\/p>\n<p><strong>60 kapselia<\/strong><\/p>\n","protected":false},"featured_media":12272,"comment_status":"closed","ping_status":"closed","template":"","meta":{"_acf_changed":false,"inline_featured_image":false,"_kad_blocks_custom_css":"","_kad_blocks_head_custom_js":"","_kad_blocks_body_custom_js":"","_kad_blocks_footer_custom_js":"","_kadence_starter_templates_imported_post":false,"_kad_post_transparent":"default","_kad_post_title":"","_kad_post_layout":"default","_kad_post_sidebar_id":"","_kad_post_content_style":"default","_kad_post_vertical_padding":"default","_kad_post_feature":"","_kad_post_feature_position":"","_kad_post_header":false,"_kad_post_footer":false},"product_brand":[],"product_cat":[91,141,5983,2350],"product_tag":[],"class_list":{"0":"post-11947","1":"product","2":"type-product","3":"status-publish","4":"has-post-thumbnail","6":"product_cat-fettsyror-fi","7":"product_cat-orter-fi","8":"product_cat-kenkou-selfcare-fi","9":"product_cat-hud-och-skonhet-fi","11":"first","12":"instock","13":"taxable","14":"shipping-taxable","15":"purchasable","16":"product-type-simple","17":"entry","18":"content-bg","19":"loop-entry"},"acf":[],"yoast_head":"<!-- This site is optimized with the Yoast SEO plugin v25.8 - https:\/\/yoast.com\/wordpress\/plugins\/seo\/ -->\n<title>Tyrni\u00f6ljy - Runsaasti Omega-7 - Reviva<\/title>\n<meta name=\"description\" content=\"Tyrni\u00f6ljy \u2013 Luonnollista tukea kuiville limakalvoille, iholle ja vastustuskyvylle. Sis\u00e4lt\u00e4\u00e4 tyrni\u00f6ljy\u00e4, joka on runsas omega-7-rasvahapon l\u00e4hde.\" \/>\n<meta name=\"robots\" content=\"index, follow, max-snippet:-1, max-image-preview:large, max-video-preview:-1\" \/>\n<link rel=\"canonical\" href=\"https:\/\/reviva.fi\/fi\/tuote\/tyrnioljy\/\" \/>\n<meta property=\"og:locale\" content=\"fi_FI\" \/>\n<meta property=\"og:type\" content=\"article\" \/>\n<meta property=\"og:title\" content=\"Tyrni\u00f6ljy - Runsaasti Omega-7 - Reviva\" \/>\n<meta property=\"og:description\" content=\"Tyrni\u00f6ljy \u2013 Luonnollista tukea kuiville limakalvoille, iholle ja vastustuskyvylle. Sis\u00e4lt\u00e4\u00e4 tyrni\u00f6ljy\u00e4, joka on runsas omega-7-rasvahapon l\u00e4hde.\" \/>\n<meta property=\"og:url\" content=\"https:\/\/reviva.fi\/fi\/tuote\/tyrnioljy\/\" \/>\n<meta property=\"og:site_name\" content=\"Reviva\" \/>\n<meta property=\"article:modified_time\" content=\"2026-01-21T07:40:11+00:00\" \/>\n<meta property=\"og:image\" content=\"https:\/\/reviva.fi\/wp-content\/uploads\/2025\/05\/Havtornsolja-255-Photoroom-2-e1751007168962.png\" \/>\n\t<meta property=\"og:image:width\" content=\"4032\" \/>\n\t<meta property=\"og:image:height\" content=\"2688\" \/>\n\t<meta property=\"og:image:type\" content=\"image\/png\" \/>\n<meta name=\"twitter:card\" content=\"summary_large_image\" \/>\n<script type=\"application\/ld+json\" class=\"yoast-schema-graph\">{\"@context\":\"https:\/\/schema.org\",\"@graph\":[{\"@type\":\"WebPage\",\"@id\":\"https:\/\/reviva.fi\/fi\/tuote\/tyrnioljy\/\",\"url\":\"https:\/\/reviva.fi\/fi\/tuote\/tyrnioljy\/\",\"name\":\"Tyrni\u00f6ljy - Runsaasti Omega-7 - Reviva\",\"isPartOf\":{\"@id\":\"https:\/\/reviva.fi\/fi\/#website\"},\"primaryImageOfPage\":{\"@id\":\"https:\/\/reviva.fi\/fi\/tuote\/tyrnioljy\/#primaryimage\"},\"image\":{\"@id\":\"https:\/\/reviva.fi\/fi\/tuote\/tyrnioljy\/#primaryimage\"},\"thumbnailUrl\":\"https:\/\/reviva.fi\/wp-content\/uploads\/2025\/05\/Havtornsolja-255-Photoroom-2-e1751007168962.png\",\"datePublished\":\"2025-05-05T06:57:04+00:00\",\"dateModified\":\"2026-01-21T07:40:11+00:00\",\"description\":\"Tyrni\u00f6ljy \u2013 Luonnollista tukea kuiville limakalvoille, iholle ja vastustuskyvylle. Sis\u00e4lt\u00e4\u00e4 tyrni\u00f6ljy\u00e4, joka on runsas omega-7-rasvahapon l\u00e4hde.\",\"breadcrumb\":{\"@id\":\"https:\/\/reviva.fi\/fi\/tuote\/tyrnioljy\/#breadcrumb\"},\"inLanguage\":\"fi\",\"potentialAction\":[{\"@type\":\"ReadAction\",\"target\":[\"https:\/\/reviva.fi\/fi\/tuote\/tyrnioljy\/\"]}]},{\"@type\":\"ImageObject\",\"inLanguage\":\"fi\",\"@id\":\"https:\/\/reviva.fi\/fi\/tuote\/tyrnioljy\/#primaryimage\",\"url\":\"https:\/\/reviva.fi\/wp-content\/uploads\/2025\/05\/Havtornsolja-255-Photoroom-2-e1751007168962.png\",\"contentUrl\":\"https:\/\/reviva.fi\/wp-content\/uploads\/2025\/05\/Havtornsolja-255-Photoroom-2-e1751007168962.png\",\"width\":4032,\"height\":2688,\"caption\":\"Havtornsolja\"},{\"@type\":\"BreadcrumbList\",\"@id\":\"https:\/\/reviva.fi\/fi\/tuote\/tyrnioljy\/#breadcrumb\",\"itemListElement\":[{\"@type\":\"ListItem\",\"position\":1,\"name\":\"Etusivu\",\"item\":\"https:\/\/reviva.fi\/fi\/\"},{\"@type\":\"ListItem\",\"position\":2,\"name\":\"Tuotteet\",\"item\":\"https:\/\/reviva.fi\/produkter\/\"},{\"@type\":\"ListItem\",\"position\":3,\"name\":\"Tyrni\u00f6ljy &#8211; Runsaasti Omega-7\"}]},{\"@type\":\"WebSite\",\"@id\":\"https:\/\/reviva.fi\/fi\/#website\",\"url\":\"https:\/\/reviva.fi\/fi\/\",\"name\":\"Reviva\",\"description\":\"\",\"publisher\":{\"@id\":\"https:\/\/reviva.fi\/fi\/#organization\"},\"potentialAction\":[{\"@type\":\"SearchAction\",\"target\":{\"@type\":\"EntryPoint\",\"urlTemplate\":\"https:\/\/reviva.fi\/fi\/?s={search_term_string}\"},\"query-input\":{\"@type\":\"PropertyValueSpecification\",\"valueRequired\":true,\"valueName\":\"search_term_string\"}}],\"inLanguage\":\"fi\"},{\"@type\":\"Organization\",\"@id\":\"https:\/\/reviva.fi\/fi\/#organization\",\"name\":\"Reviva\",\"url\":\"https:\/\/reviva.fi\/fi\/\",\"logo\":{\"@type\":\"ImageObject\",\"inLanguage\":\"fi\",\"@id\":\"https:\/\/reviva.fi\/fi\/#\/schema\/logo\/image\/\",\"url\":\"https:\/\/reviva.fi\/wp-content\/uploads\/2023\/10\/reviva-logo2.svg\",\"contentUrl\":\"https:\/\/reviva.fi\/wp-content\/uploads\/2023\/10\/reviva-logo2.svg\",\"caption\":\"Reviva\"},\"image\":{\"@id\":\"https:\/\/reviva.fi\/fi\/#\/schema\/logo\/image\/\"}}]}<\/script>\n<meta property=\"product:price:amount\" content=\"29.45\" \/>\n<meta property=\"product:price:currency\" content=\"EUR\" \/>\n<meta property=\"og:availability\" content=\"instock\" \/>\n<meta property=\"product:availability\" content=\"instock\" \/>\n<meta property=\"product:retailer_item_id\" content=\"255\" \/>\n<meta property=\"product:condition\" content=\"new\" \/>\n<!-- \/ Yoast SEO plugin. -->","yoast_head_json":{"title":"Tyrni\u00f6ljy - Runsaasti Omega-7 - Reviva","description":"Tyrni\u00f6ljy \u2013 Luonnollista tukea kuiville limakalvoille, iholle ja vastustuskyvylle. Sis\u00e4lt\u00e4\u00e4 tyrni\u00f6ljy\u00e4, joka on runsas omega-7-rasvahapon l\u00e4hde.","robots":{"index":"index","follow":"follow","max-snippet":"max-snippet:-1","max-image-preview":"max-image-preview:large","max-video-preview":"max-video-preview:-1"},"canonical":"https:\/\/reviva.fi\/fi\/tuote\/tyrnioljy\/","og_locale":"fi_FI","og_type":"article","og_title":"Tyrni\u00f6ljy - Runsaasti Omega-7 - Reviva","og_description":"Tyrni\u00f6ljy \u2013 Luonnollista tukea kuiville limakalvoille, iholle ja vastustuskyvylle. Sis\u00e4lt\u00e4\u00e4 tyrni\u00f6ljy\u00e4, joka on runsas omega-7-rasvahapon l\u00e4hde.","og_url":"https:\/\/reviva.fi\/fi\/tuote\/tyrnioljy\/","og_site_name":"Reviva","article_modified_time":"2026-01-21T07:40:11+00:00","og_image":[{"width":4032,"height":2688,"url":"https:\/\/reviva.fi\/wp-content\/uploads\/2025\/05\/Havtornsolja-255-Photoroom-2-e1751007168962.png","type":"image\/png"}],"twitter_card":"summary_large_image","schema":{"@context":"https:\/\/schema.org","@graph":[{"@type":"WebPage","@id":"https:\/\/reviva.fi\/fi\/tuote\/tyrnioljy\/","url":"https:\/\/reviva.fi\/fi\/tuote\/tyrnioljy\/","name":"Tyrni\u00f6ljy - Runsaasti Omega-7 - Reviva","isPartOf":{"@id":"https:\/\/reviva.fi\/fi\/#website"},"primaryImageOfPage":{"@id":"https:\/\/reviva.fi\/fi\/tuote\/tyrnioljy\/#primaryimage"},"image":{"@id":"https:\/\/reviva.fi\/fi\/tuote\/tyrnioljy\/#primaryimage"},"thumbnailUrl":"https:\/\/reviva.fi\/wp-content\/uploads\/2025\/05\/Havtornsolja-255-Photoroom-2-e1751007168962.png","datePublished":"2025-05-05T06:57:04+00:00","dateModified":"2026-01-21T07:40:11+00:00","description":"Tyrni\u00f6ljy \u2013 Luonnollista tukea kuiville limakalvoille, iholle ja vastustuskyvylle. Sis\u00e4lt\u00e4\u00e4 tyrni\u00f6ljy\u00e4, joka on runsas omega-7-rasvahapon l\u00e4hde.","breadcrumb":{"@id":"https:\/\/reviva.fi\/fi\/tuote\/tyrnioljy\/#breadcrumb"},"inLanguage":"fi","potentialAction":[{"@type":"ReadAction","target":["https:\/\/reviva.fi\/fi\/tuote\/tyrnioljy\/"]}]},{"@type":"ImageObject","inLanguage":"fi","@id":"https:\/\/reviva.fi\/fi\/tuote\/tyrnioljy\/#primaryimage","url":"https:\/\/reviva.fi\/wp-content\/uploads\/2025\/05\/Havtornsolja-255-Photoroom-2-e1751007168962.png","contentUrl":"https:\/\/reviva.fi\/wp-content\/uploads\/2025\/05\/Havtornsolja-255-Photoroom-2-e1751007168962.png","width":4032,"height":2688,"caption":"Havtornsolja"},{"@type":"BreadcrumbList","@id":"https:\/\/reviva.fi\/fi\/tuote\/tyrnioljy\/#breadcrumb","itemListElement":[{"@type":"ListItem","position":1,"name":"Etusivu","item":"https:\/\/reviva.fi\/fi\/"},{"@type":"ListItem","position":2,"name":"Tuotteet","item":"https:\/\/reviva.fi\/produkter\/"},{"@type":"ListItem","position":3,"name":"Tyrni\u00f6ljy &#8211; Runsaasti Omega-7"}]},{"@type":"WebSite","@id":"https:\/\/reviva.fi\/fi\/#website","url":"https:\/\/reviva.fi\/fi\/","name":"Reviva","description":"","publisher":{"@id":"https:\/\/reviva.fi\/fi\/#organization"},"potentialAction":[{"@type":"SearchAction","target":{"@type":"EntryPoint","urlTemplate":"https:\/\/reviva.fi\/fi\/?s={search_term_string}"},"query-input":{"@type":"PropertyValueSpecification","valueRequired":true,"valueName":"search_term_string"}}],"inLanguage":"fi"},{"@type":"Organization","@id":"https:\/\/reviva.fi\/fi\/#organization","name":"Reviva","url":"https:\/\/reviva.fi\/fi\/","logo":{"@type":"ImageObject","inLanguage":"fi","@id":"https:\/\/reviva.fi\/fi\/#\/schema\/logo\/image\/","url":"https:\/\/reviva.fi\/wp-content\/uploads\/2023\/10\/reviva-logo2.svg","contentUrl":"https:\/\/reviva.fi\/wp-content\/uploads\/2023\/10\/reviva-logo2.svg","caption":"Reviva"},"image":{"@id":"https:\/\/reviva.fi\/fi\/#\/schema\/logo\/image\/"}}]},"product_price_amount":"29.45","product_price_currency":"EUR","og_availability":"instock","product_availability":"instock","product_retailer_item_id":"255","product_condition":"new"},"taxonomy_info":{"product_cat":[{"value":91,"label":"Rasvahapot"},{"value":141,"label":"Yrtit"},{"value":5983,"label":"Kenkou Selfcare"},{"value":2350,"label":"Iho &amp; Kauneus"}]},"featured_image_src_large":["https:\/\/reviva.fi\/wp-content\/uploads\/2025\/05\/Havtornsolja-255-Photoroom-2-1024x683.png",1024,683,true],"author_info":[],"comment_info":0,"_links":{"self":[{"href":"https:\/\/reviva.fi\/fi\/wp-json\/wp\/v2\/product\/11947","targetHints":{"allow":["GET"]}}],"collection":[{"href":"https:\/\/reviva.fi\/fi\/wp-json\/wp\/v2\/product"}],"about":[{"href":"https:\/\/reviva.fi\/fi\/wp-json\/wp\/v2\/types\/product"}],"replies":[{"embeddable":true,"href":"https:\/\/reviva.fi\/fi\/wp-json\/wp\/v2\/comments?post=11947"}],"wp:featuredmedia":[{"embeddable":true,"href":"https:\/\/reviva.fi\/fi\/wp-json\/wp\/v2\/media\/12272"}],"wp:attachment":[{"href":"https:\/\/reviva.fi\/fi\/wp-json\/wp\/v2\/media?parent=11947"}],"wp:term":[{"taxonomy":"product_brand","embeddable":true,"href":"https:\/\/reviva.fi\/fi\/wp-json\/wp\/v2\/product_brand?post=11947"},{"taxonomy":"product_cat","embeddable":true,"href":"https:\/\/reviva.fi\/fi\/wp-json\/wp\/v2\/product_cat?post=11947"},{"taxonomy":"product_tag","embeddable":true,"href":"https:\/\/reviva.fi\/fi\/wp-json\/wp\/v2\/product_tag?post=11947"}],"curies":[{"name":"wp","href":"https:\/\/api.w.org\/{rel}","templated":true}]}}