{"id":12176,"date":"2025-06-05T15:57:15","date_gmt":"2025-06-05T12:57:15","guid":{"rendered":"https:\/\/reviva.fi\/product\/vitamin-c-1500mg\/"},"modified":"2026-02-12T14:18:41","modified_gmt":"2026-02-12T12:18:41","slug":"vitamin-c-1500mg","status":"publish","type":"product","link":"https:\/\/reviva.fi\/fi\/tuote\/vitamin-c-1500mg\/","title":{"rendered":"Vitamin C 1500mg"},"content":{"rendered":"<p data-start=\"0\" data-end=\"75\"><strong>Vahva annos asteittaisella vapautumisella optimaalista imeytymist\u00e4 varten<\/strong><\/p>\n<p data-start=\"77\" data-end=\"360\">Lamberts Vitamin C 1500 mg Time Release on vahva-annoksinen depottabletti, joka vapauttaa C-vitamiinia asteittain useiden tuntien ajan. Hidas vapautuminen on kehitetty j\u00e4ljittelem\u00e4\u00e4n elimist\u00f6n luonnollista imeytymist\u00e4 ja edist\u00e4m\u00e4\u00e4n vitamiinin tasaisempaa hy\u00f6dynt\u00e4mist\u00e4 ajan kuluessa.<\/p>\n<p data-start=\"362\" data-end=\"589\">Jokainen tabletti sis\u00e4lt\u00e4\u00e4 per\u00e4ti 1500 mg C-vitamiinia yhdistettyn\u00e4 sitrusbioflavonoideihin ja ruusunmarjauutteeseen \u2013 kasviper\u00e4isiin yhdisteisiin, joita esiintyy luonnostaan yhdess\u00e4 C-vitamiinin kanssa hedelmiss\u00e4 ja marjoissa.<\/p>\n<p data-start=\"591\" data-end=\"647\"><strong>Immuunij\u00e4rjestelm\u00e4 ja suoja hapettumisstressi\u00e4 vastaan<\/strong><\/p>\n<p data-start=\"649\" data-end=\"663\">C-vitamiini:<\/p>\n<ul>\n<li data-start=\"665\" data-end=\"714\">edist\u00e4\u00e4 immuunij\u00e4rjestelm\u00e4n normaalia toimintaa<\/li>\n<li data-start=\"665\" data-end=\"714\">edist\u00e4\u00e4 solujen suojaamista hapettumisstressilt\u00e4<\/li>\n<\/ul>\n<p data-start=\"768\" data-end=\"956\">C-vitamiini on voimakas antioksidantti, joka auttaa suojaamaan elimist\u00f6n soluja vapailta radikaaleilta. Se voi olla erityisen t\u00e4rke\u00e4 lis\u00e4\u00e4ntyneen fyysisen tai henkisen kuormituksen aikana.<\/p>\n<p data-start=\"958\" data-end=\"993\"><strong>Energia ja v\u00e4symyksen v\u00e4heneminen<\/strong><\/p>\n<p data-start=\"995\" data-end=\"1009\">C-vitamiini:<\/p>\n<ul>\n<li data-start=\"1011\" data-end=\"1055\">edist\u00e4\u00e4 normaalia energia-aineenvaihduntaa<\/li>\n<li data-start=\"1011\" data-end=\"1055\">auttaa v\u00e4hent\u00e4m\u00e4\u00e4n v\u00e4symyst\u00e4 ja uupumusta<\/li>\n<\/ul>\n<p data-start=\"1102\" data-end=\"1230\">Vitamiini osallistuu elimist\u00f6n energiantuotantoprosesseihin ja voi olla arvokas lis\u00e4 v\u00e4symyksen tai lis\u00e4\u00e4ntyneen tarpeen aikana.<\/p>\n<p data-start=\"1232\" data-end=\"1293\"><strong>Kollageenin muodostuminen iholle, nivelille ja verisuonille<\/strong><\/p>\n<p data-start=\"1295\" data-end=\"1370\">C-vitamiini edist\u00e4\u00e4 normaalia kollageenin muodostumista, mik\u00e4 on t\u00e4rke\u00e4\u00e4:<\/p>\n<ul>\n<li data-start=\"1372\" data-end=\"1409\">verisuonten normaalille toiminnalle<\/li>\n<li data-start=\"1372\" data-end=\"1409\">ruston normaalille toiminnalle<\/li>\n<li data-start=\"1372\" data-end=\"1409\">luuston normaalille toiminnalle<\/li>\n<li data-start=\"1372\" data-end=\"1409\">ihon normaalille toiminnalle<\/li>\n<li data-start=\"1372\" data-end=\"1409\">ikenien normaalille toiminnalle<\/li>\n<li data-start=\"1372\" data-end=\"1409\">hampaiden normaalille toiminnalle<\/li>\n<\/ul>\n<p data-start=\"1584\" data-end=\"1682\">Kollageeni on t\u00e4rke\u00e4 rakenneproteiini, joka auttaa yll\u00e4pit\u00e4m\u00e4\u00e4n kudosten lujuutta ja kimmoisuutta.<\/p>\n<p data-start=\"1684\" data-end=\"1719\"><strong>Hermosto ja psykologinen toiminta<\/strong><\/p>\n<p data-start=\"1721\" data-end=\"1735\">C-vitamiini:<\/p>\n<ul>\n<li data-start=\"1737\" data-end=\"1776\">edist\u00e4\u00e4 hermoston normaalia toimintaa<\/li>\n<li data-start=\"1737\" data-end=\"1776\">edist\u00e4\u00e4 normaalia psykologista toimintaa<\/li>\n<\/ul>\n<p data-start=\"1822\" data-end=\"1854\"><strong>Lis\u00e4\u00e4ntynyt raudan imeytyminen<\/strong><\/p>\n<p data-start=\"1856\" data-end=\"1870\">C-vitamiini:<\/p>\n<ul>\n<li data-start=\"1872\" data-end=\"1898\">lis\u00e4\u00e4 raudan imeytymist\u00e4<\/li>\n<\/ul>\n<p data-start=\"1900\" data-end=\"2007\">T\u00e4m\u00e4n vuoksi C-vitamiini on erityisen merkityksellinen rautapitoisen ruokavalion tai rautalis\u00e4n yhteydess\u00e4.<\/p>\n<p data-start=\"2009\" data-end=\"2057\"><strong>Sis\u00e4lt\u00e4\u00e4 bioflavonoideja ja ruusunmarjauutetta<\/strong><\/p>\n<p data-start=\"2059\" data-end=\"2297\">Koostumus sis\u00e4lt\u00e4\u00e4 sitrusbioflavonoideja ja ruusunmarjauutetta, joita esiintyy luonnostaan yhdess\u00e4 C-vitamiinin kanssa hedelmiss\u00e4. Yhdistelm\u00e4 tarjoaa kokonaisvaltaisemman koostumuksen C-vitamiinin luonnollisen esiintymismuodon mukaisesti.<\/p>\n<p data-start=\"2299\" data-end=\"2325\"><strong>Time Release -teknologia<\/strong><\/p>\n<p data-start=\"2327\" data-end=\"2448\">Edistyksellinen depoteknologia mahdollistaa C-vitamiinin asteittaisen vapautumisen 6\u20138 tunnin aikana. T\u00e4m\u00e4 voi edist\u00e4\u00e4:<\/p>\n<ul>\n<li data-start=\"2450\" data-end=\"2500\">tasaisempaa C-vitamiinin saatavuutta elimist\u00f6ss\u00e4<\/li>\n<li data-start=\"2450\" data-end=\"2500\">parempaa hy\u00f6dynt\u00e4mist\u00e4 verrattuna nopeasti liukeneviin muotoihin<\/li>\n<li data-start=\"2450\" data-end=\"2500\">parempaa siedett\u00e4vyytt\u00e4 henkil\u00f6ille, jotka ovat herkki\u00e4 suurille kerta-annoksille<\/li>\n<\/ul>\n<p data-start=\"2655\" data-end=\"2676\"><strong>Laatua Lambertsilta<\/strong><\/p>\n<p data-start=\"2678\" data-end=\"2921\">Lamberts tunnetaan korkeista laatustandardeistaan ja huolellisesti valvotuista raaka-aineistaan. Vitamin C 1500 mg Time Release valmistetaan tiukkojen laatuvaatimusten mukaisesti stabiilisuuden, puhtauden ja oikean annostuksen varmistamiseksi.<\/p>\n<p data-start=\"2923\" data-end=\"3005\">Tabletit on suunniteltu p\u00e4ivitt\u00e4iseen k\u00e4ytt\u00f6\u00f6n suositellun annostuksen mukaisesti.<\/p>\n<p data-start=\"3007\" data-end=\"3346\" data-is-last-node=\"\" data-is-only-node=\"\"><em>Lambertsin Time Release -valmiste vapautuu hitaasti 4\u20138 tunnin aikana. Viiv\u00e4stetty vapautuminen parantaa imeytymist\u00e4 ja auttaa elimist\u00f6\u00e4 hy\u00f6dynt\u00e4m\u00e4\u00e4n C-vitamiiniannoksen mahdollisimman optimaalisesti. Henkil\u00f6t, joille suuremmat C-vitamiiniannokset aiheuttavat herk\u00e4sti vatsavaivoja, voivat usein k\u00e4ytt\u00e4\u00e4 t\u00e4t\u00e4 muotoa ilman vatsan \u00e4rsytyst\u00e4.<\/em><\/p>\n","protected":false},"excerpt":{"rendered":"<p data-start=\"0\" data-end=\"478\"><strong>Vitamin C (Time Release) 1500 mg<\/strong> bioflavonoideilla ja ruusunmarjauutteella Lambertsilta on vahva-annoksinen valmiste asteittaisella vapautumisella. Se edist\u00e4\u00e4 immuunij\u00e4rjestelm\u00e4n normaalia toimintaa, solujen suojaamista hapettumisstressilt\u00e4, normaalia kollageenin muodostumista, normaalia energia-aineenvaihduntaa, auttaa v\u00e4hent\u00e4m\u00e4\u00e4n v\u00e4symyst\u00e4 ja uupumusta sek\u00e4 lis\u00e4\u00e4 raudan imeytymist\u00e4 \u2013 huolellisesti suunnitellussa koostumuksessa, joka sis\u00e4lt\u00e4\u00e4 kasviper\u00e4isi\u00e4 bioflavonoideja.<\/p>\n<p data-start=\"480\" data-end=\"584\"><strong>Lamberts Vitamin C<\/strong> 1500 mg hitaasti vapautuvana muotona mahdollistaa tasaisen imeytymisen p\u00e4iv\u00e4n aikana.<\/p>\n<p data-start=\"586\" data-end=\"599\" data-is-last-node=\"\" data-is-only-node=\"\"><strong>120 tablettia<\/strong><\/p>\n","protected":false},"featured_media":12174,"comment_status":"closed","ping_status":"closed","template":"","meta":{"_acf_changed":false,"inline_featured_image":false,"_kad_blocks_custom_css":"","_kad_blocks_head_custom_js":"","_kad_blocks_body_custom_js":"","_kad_blocks_footer_custom_js":"","_kadence_starter_templates_imported_post":false,"_kad_post_transparent":"default","_kad_post_title":"","_kad_post_layout":"default","_kad_post_sidebar_id":"","_kad_post_content_style":"default","_kad_post_vertical_padding":"default","_kad_post_feature":"","_kad_post_feature_position":"","_kad_post_header":false,"_kad_post_footer":false},"product_brand":[],"product_cat":[96,526,2444,2357],"product_tag":[],"class_list":{"0":"post-12176","1":"product","2":"type-product","3":"status-publish","4":"has-post-thumbnail","6":"product_cat-vitaminer-fi","7":"product_cat-c-vitamin-fi","8":"product_cat-lamberts-fi","9":"product_cat-immunforsvar-fi","11":"first","12":"instock","13":"taxable","14":"shipping-taxable","15":"purchasable","16":"product-type-simple","17":"entry","18":"content-bg","19":"loop-entry"},"acf":[],"yoast_head":"<!-- This site is optimized with the Yoast SEO plugin v25.8 - https:\/\/yoast.com\/wordpress\/plugins\/seo\/ -->\n<title>Vitamin C 1500mg - Reviva<\/title>\n<meta name=\"description\" content=\"Vahva ja pitk\u00e4vaikutteinen Vitamin C 1500mg asteittaisella vapautumisella ja ruusunmarjalla. Tukea vastustuskyvylle, jaksamiselle ja ihon hyvinvoinnille.\" \/>\n<meta name=\"robots\" content=\"index, follow, max-snippet:-1, max-image-preview:large, max-video-preview:-1\" \/>\n<link rel=\"canonical\" href=\"https:\/\/reviva.fi\/fi\/tuote\/vitamin-c-1500mg\/\" \/>\n<meta property=\"og:locale\" content=\"fi_FI\" \/>\n<meta property=\"og:type\" content=\"article\" \/>\n<meta property=\"og:title\" content=\"Vitamin C 1500mg - Reviva\" \/>\n<meta property=\"og:description\" content=\"Vahva ja pitk\u00e4vaikutteinen Vitamin C 1500mg asteittaisella vapautumisella ja ruusunmarjalla. Tukea vastustuskyvylle, jaksamiselle ja ihon hyvinvoinnille.\" \/>\n<meta property=\"og:url\" content=\"https:\/\/reviva.fi\/fi\/tuote\/vitamin-c-1500mg\/\" \/>\n<meta property=\"og:site_name\" content=\"Reviva\" \/>\n<meta property=\"article:modified_time\" content=\"2026-02-12T12:18:41+00:00\" \/>\n<meta property=\"og:image\" content=\"https:\/\/reviva.fi\/wp-content\/uploads\/2025\/06\/Vitamin-C-8136-180.jpg\" \/>\n\t<meta property=\"og:image:width\" content=\"780\" \/>\n\t<meta property=\"og:image:height\" content=\"780\" \/>\n\t<meta property=\"og:image:type\" content=\"image\/jpeg\" \/>\n<meta name=\"twitter:card\" content=\"summary_large_image\" \/>\n<script type=\"application\/ld+json\" class=\"yoast-schema-graph\">{\"@context\":\"https:\/\/schema.org\",\"@graph\":[{\"@type\":\"WebPage\",\"@id\":\"https:\/\/reviva.fi\/fi\/tuote\/vitamin-c-1500mg\/\",\"url\":\"https:\/\/reviva.fi\/fi\/tuote\/vitamin-c-1500mg\/\",\"name\":\"Vitamin C 1500mg - Reviva\",\"isPartOf\":{\"@id\":\"https:\/\/reviva.fi\/fi\/#website\"},\"primaryImageOfPage\":{\"@id\":\"https:\/\/reviva.fi\/fi\/tuote\/vitamin-c-1500mg\/#primaryimage\"},\"image\":{\"@id\":\"https:\/\/reviva.fi\/fi\/tuote\/vitamin-c-1500mg\/#primaryimage\"},\"thumbnailUrl\":\"https:\/\/reviva.fi\/wp-content\/uploads\/2025\/06\/Vitamin-C-8136-180.jpg\",\"datePublished\":\"2025-06-05T12:57:15+00:00\",\"dateModified\":\"2026-02-12T12:18:41+00:00\",\"description\":\"Vahva ja pitk\u00e4vaikutteinen Vitamin C 1500mg asteittaisella vapautumisella ja ruusunmarjalla. Tukea vastustuskyvylle, jaksamiselle ja ihon hyvinvoinnille.\",\"breadcrumb\":{\"@id\":\"https:\/\/reviva.fi\/fi\/tuote\/vitamin-c-1500mg\/#breadcrumb\"},\"inLanguage\":\"fi\",\"potentialAction\":[{\"@type\":\"ReadAction\",\"target\":[\"https:\/\/reviva.fi\/fi\/tuote\/vitamin-c-1500mg\/\"]}]},{\"@type\":\"ImageObject\",\"inLanguage\":\"fi\",\"@id\":\"https:\/\/reviva.fi\/fi\/tuote\/vitamin-c-1500mg\/#primaryimage\",\"url\":\"https:\/\/reviva.fi\/wp-content\/uploads\/2025\/06\/Vitamin-C-8136-180.jpg\",\"contentUrl\":\"https:\/\/reviva.fi\/wp-content\/uploads\/2025\/06\/Vitamin-C-8136-180.jpg\",\"width\":780,\"height\":780,\"caption\":\"Vitamin C 1500mg\"},{\"@type\":\"BreadcrumbList\",\"@id\":\"https:\/\/reviva.fi\/fi\/tuote\/vitamin-c-1500mg\/#breadcrumb\",\"itemListElement\":[{\"@type\":\"ListItem\",\"position\":1,\"name\":\"Etusivu\",\"item\":\"https:\/\/reviva.fi\/fi\/\"},{\"@type\":\"ListItem\",\"position\":2,\"name\":\"Tuotteet\",\"item\":\"https:\/\/reviva.fi\/produkter\/\"},{\"@type\":\"ListItem\",\"position\":3,\"name\":\"Vitamin C 1500mg\"}]},{\"@type\":\"WebSite\",\"@id\":\"https:\/\/reviva.fi\/fi\/#website\",\"url\":\"https:\/\/reviva.fi\/fi\/\",\"name\":\"Reviva\",\"description\":\"\",\"publisher\":{\"@id\":\"https:\/\/reviva.fi\/fi\/#organization\"},\"potentialAction\":[{\"@type\":\"SearchAction\",\"target\":{\"@type\":\"EntryPoint\",\"urlTemplate\":\"https:\/\/reviva.fi\/fi\/?s={search_term_string}\"},\"query-input\":{\"@type\":\"PropertyValueSpecification\",\"valueRequired\":true,\"valueName\":\"search_term_string\"}}],\"inLanguage\":\"fi\"},{\"@type\":\"Organization\",\"@id\":\"https:\/\/reviva.fi\/fi\/#organization\",\"name\":\"Reviva\",\"url\":\"https:\/\/reviva.fi\/fi\/\",\"logo\":{\"@type\":\"ImageObject\",\"inLanguage\":\"fi\",\"@id\":\"https:\/\/reviva.fi\/fi\/#\/schema\/logo\/image\/\",\"url\":\"https:\/\/reviva.fi\/wp-content\/uploads\/2023\/10\/reviva-logo2.svg\",\"contentUrl\":\"https:\/\/reviva.fi\/wp-content\/uploads\/2023\/10\/reviva-logo2.svg\",\"caption\":\"Reviva\"},\"image\":{\"@id\":\"https:\/\/reviva.fi\/fi\/#\/schema\/logo\/image\/\"}}]}<\/script>\n<meta property=\"product:price:amount\" content=\"37.40\" \/>\n<meta property=\"product:price:currency\" content=\"EUR\" \/>\n<meta property=\"og:availability\" content=\"instock\" \/>\n<meta property=\"product:availability\" content=\"instock\" \/>\n<meta property=\"product:retailer_item_id\" content=\"8136-120\" \/>\n<meta property=\"product:condition\" content=\"new\" \/>\n<!-- \/ Yoast SEO plugin. -->","yoast_head_json":{"title":"Vitamin C 1500mg - Reviva","description":"Vahva ja pitk\u00e4vaikutteinen Vitamin C 1500mg asteittaisella vapautumisella ja ruusunmarjalla. Tukea vastustuskyvylle, jaksamiselle ja ihon hyvinvoinnille.","robots":{"index":"index","follow":"follow","max-snippet":"max-snippet:-1","max-image-preview":"max-image-preview:large","max-video-preview":"max-video-preview:-1"},"canonical":"https:\/\/reviva.fi\/fi\/tuote\/vitamin-c-1500mg\/","og_locale":"fi_FI","og_type":"article","og_title":"Vitamin C 1500mg - Reviva","og_description":"Vahva ja pitk\u00e4vaikutteinen Vitamin C 1500mg asteittaisella vapautumisella ja ruusunmarjalla. Tukea vastustuskyvylle, jaksamiselle ja ihon hyvinvoinnille.","og_url":"https:\/\/reviva.fi\/fi\/tuote\/vitamin-c-1500mg\/","og_site_name":"Reviva","article_modified_time":"2026-02-12T12:18:41+00:00","og_image":[{"width":780,"height":780,"url":"https:\/\/reviva.fi\/wp-content\/uploads\/2025\/06\/Vitamin-C-8136-180.jpg","type":"image\/jpeg"}],"twitter_card":"summary_large_image","schema":{"@context":"https:\/\/schema.org","@graph":[{"@type":"WebPage","@id":"https:\/\/reviva.fi\/fi\/tuote\/vitamin-c-1500mg\/","url":"https:\/\/reviva.fi\/fi\/tuote\/vitamin-c-1500mg\/","name":"Vitamin C 1500mg - Reviva","isPartOf":{"@id":"https:\/\/reviva.fi\/fi\/#website"},"primaryImageOfPage":{"@id":"https:\/\/reviva.fi\/fi\/tuote\/vitamin-c-1500mg\/#primaryimage"},"image":{"@id":"https:\/\/reviva.fi\/fi\/tuote\/vitamin-c-1500mg\/#primaryimage"},"thumbnailUrl":"https:\/\/reviva.fi\/wp-content\/uploads\/2025\/06\/Vitamin-C-8136-180.jpg","datePublished":"2025-06-05T12:57:15+00:00","dateModified":"2026-02-12T12:18:41+00:00","description":"Vahva ja pitk\u00e4vaikutteinen Vitamin C 1500mg asteittaisella vapautumisella ja ruusunmarjalla. Tukea vastustuskyvylle, jaksamiselle ja ihon hyvinvoinnille.","breadcrumb":{"@id":"https:\/\/reviva.fi\/fi\/tuote\/vitamin-c-1500mg\/#breadcrumb"},"inLanguage":"fi","potentialAction":[{"@type":"ReadAction","target":["https:\/\/reviva.fi\/fi\/tuote\/vitamin-c-1500mg\/"]}]},{"@type":"ImageObject","inLanguage":"fi","@id":"https:\/\/reviva.fi\/fi\/tuote\/vitamin-c-1500mg\/#primaryimage","url":"https:\/\/reviva.fi\/wp-content\/uploads\/2025\/06\/Vitamin-C-8136-180.jpg","contentUrl":"https:\/\/reviva.fi\/wp-content\/uploads\/2025\/06\/Vitamin-C-8136-180.jpg","width":780,"height":780,"caption":"Vitamin C 1500mg"},{"@type":"BreadcrumbList","@id":"https:\/\/reviva.fi\/fi\/tuote\/vitamin-c-1500mg\/#breadcrumb","itemListElement":[{"@type":"ListItem","position":1,"name":"Etusivu","item":"https:\/\/reviva.fi\/fi\/"},{"@type":"ListItem","position":2,"name":"Tuotteet","item":"https:\/\/reviva.fi\/produkter\/"},{"@type":"ListItem","position":3,"name":"Vitamin C 1500mg"}]},{"@type":"WebSite","@id":"https:\/\/reviva.fi\/fi\/#website","url":"https:\/\/reviva.fi\/fi\/","name":"Reviva","description":"","publisher":{"@id":"https:\/\/reviva.fi\/fi\/#organization"},"potentialAction":[{"@type":"SearchAction","target":{"@type":"EntryPoint","urlTemplate":"https:\/\/reviva.fi\/fi\/?s={search_term_string}"},"query-input":{"@type":"PropertyValueSpecification","valueRequired":true,"valueName":"search_term_string"}}],"inLanguage":"fi"},{"@type":"Organization","@id":"https:\/\/reviva.fi\/fi\/#organization","name":"Reviva","url":"https:\/\/reviva.fi\/fi\/","logo":{"@type":"ImageObject","inLanguage":"fi","@id":"https:\/\/reviva.fi\/fi\/#\/schema\/logo\/image\/","url":"https:\/\/reviva.fi\/wp-content\/uploads\/2023\/10\/reviva-logo2.svg","contentUrl":"https:\/\/reviva.fi\/wp-content\/uploads\/2023\/10\/reviva-logo2.svg","caption":"Reviva"},"image":{"@id":"https:\/\/reviva.fi\/fi\/#\/schema\/logo\/image\/"}}]},"product_price_amount":"37.40","product_price_currency":"EUR","og_availability":"instock","product_availability":"instock","product_retailer_item_id":"8136-120","product_condition":"new"},"taxonomy_info":{"product_cat":[{"value":96,"label":"Vitamiinit"},{"value":526,"label":"C-vitamiini"},{"value":2444,"label":"Lamberts"},{"value":2357,"label":"Immuunipuolustus"}]},"featured_image_src_large":["https:\/\/reviva.fi\/wp-content\/uploads\/2025\/06\/Vitamin-C-8136-180.jpg",780,780,false],"author_info":[],"comment_info":0,"_links":{"self":[{"href":"https:\/\/reviva.fi\/fi\/wp-json\/wp\/v2\/product\/12176","targetHints":{"allow":["GET"]}}],"collection":[{"href":"https:\/\/reviva.fi\/fi\/wp-json\/wp\/v2\/product"}],"about":[{"href":"https:\/\/reviva.fi\/fi\/wp-json\/wp\/v2\/types\/product"}],"replies":[{"embeddable":true,"href":"https:\/\/reviva.fi\/fi\/wp-json\/wp\/v2\/comments?post=12176"}],"wp:featuredmedia":[{"embeddable":true,"href":"https:\/\/reviva.fi\/fi\/wp-json\/wp\/v2\/media\/12174"}],"wp:attachment":[{"href":"https:\/\/reviva.fi\/fi\/wp-json\/wp\/v2\/media?parent=12176"}],"wp:term":[{"taxonomy":"product_brand","embeddable":true,"href":"https:\/\/reviva.fi\/fi\/wp-json\/wp\/v2\/product_brand?post=12176"},{"taxonomy":"product_cat","embeddable":true,"href":"https:\/\/reviva.fi\/fi\/wp-json\/wp\/v2\/product_cat?post=12176"},{"taxonomy":"product_tag","embeddable":true,"href":"https:\/\/reviva.fi\/fi\/wp-json\/wp\/v2\/product_tag?post=12176"}],"curies":[{"name":"wp","href":"https:\/\/api.w.org\/{rel}","templated":true}]}}