{"id":12332,"date":"2025-07-08T09:55:16","date_gmt":"2025-07-08T06:55:16","guid":{"rendered":"https:\/\/reviva.fi\/?post_type=product&#038;p=12332"},"modified":"2026-01-30T12:52:56","modified_gmt":"2026-01-30T10:52:56","slug":"cda-complex","status":"publish","type":"product","link":"https:\/\/reviva.fi\/fi\/tuote\/cda-complex\/","title":{"rendered":"CDA Complex"},"content":{"rendered":"<p>CDA Complex<\/p>\n<p data-start=\"0\" data-end=\"142\">T\u00e4m\u00e4 on korkealaatuinen valmiste, joka sis\u00e4lt\u00e4\u00e4 voimakkaita uutteita <strong>kanelinkuoresta, oliivinlehdist\u00e4, fenkolinsiemenist\u00e4 ja oreganonlehdist\u00e4.<\/strong><\/p>\n<p data-start=\"436\" data-end=\"523\"><strong data-start=\"436\" data-end=\"447\">K\u00e4ytt\u00f6:<\/strong><br data-start=\"447\" data-end=\"450\" \/>CDA Complex voi auttaa yll\u00e4pit\u00e4m\u00e4\u00e4n ruoansulatuskanavan tervett\u00e4 tasapainoa.<\/p>\n<p data-start=\"525\" data-end=\"955\" data-is-last-node=\"\" data-is-only-node=\"\">T\u00e4t\u00e4 tuotetta suositellaan erityisesti henkil\u00f6ille, jotka noudattavat ruokavaliota, jonka tavoitteena on hillit\u00e4 Candida albicansin liikakasvua. Candida albicans on hiivasieni, jota esiintyy luonnollisesti ruoansulatuskanavassa. Elimist\u00f6n tasapaino voi kuitenkin h\u00e4iriinty\u00e4 esimerkiksi ep\u00e4terveellisen ruokavalion, matkustamisen tai sairauksien seurauksena, mik\u00e4 voi johtaa haitallisempien mikrobien, kuten candidan, liikakasvuun.<\/p>\n","protected":false},"excerpt":{"rendered":"<p data-start=\"0\" data-end=\"94\">Luonnollinen yrtti- ja mausteyhdistelm\u00e4, joka sis\u00e4lt\u00e4\u00e4 muun muassa kanelia ja oliivinlehti\u00e4.<\/p>\n<p data-start=\"96\" data-end=\"171\" data-is-last-node=\"\" data-is-only-node=\"\">Voi osaltaan edist\u00e4\u00e4 vatsan ja suoliston tervett\u00e4 ymp\u00e4rist\u00f6\u00e4 ja tasapainoa.<\/p>\n<p><strong>60 kapselia<\/strong><\/p>\n","protected":false},"featured_media":12717,"comment_status":"closed","ping_status":"closed","template":"","meta":{"_acf_changed":false,"inline_featured_image":false,"_kad_blocks_custom_css":"","_kad_blocks_head_custom_js":"","_kad_blocks_body_custom_js":"","_kad_blocks_footer_custom_js":"","_kadence_starter_templates_imported_post":false,"_kad_post_transparent":"default","_kad_post_title":"","_kad_post_layout":"default","_kad_post_sidebar_id":"","_kad_post_content_style":"default","_kad_post_vertical_padding":"default","_kad_post_feature":"","_kad_post_feature_position":"","_kad_post_header":false,"_kad_post_footer":false},"product_brand":[],"product_cat":[141,5978,2454,2387,2357],"product_tag":[],"class_list":{"0":"post-12332","1":"product","2":"type-product","3":"status-publish","4":"has-post-thumbnail","6":"product_cat-orter-fi","7":"product_cat-multi-produkter-fi","8":"product_cat-evp-nutrition-fi","9":"product_cat-mage-och-tarm-fi","10":"product_cat-immunforsvar-fi","12":"first","13":"instock","14":"taxable","15":"shipping-taxable","16":"purchasable","17":"product-type-simple","18":"entry","19":"content-bg","20":"loop-entry"},"acf":[],"yoast_head":"<!-- This site is optimized with the Yoast SEO plugin v25.8 - https:\/\/yoast.com\/wordpress\/plugins\/seo\/ -->\n<title>CDA Complex - Reviva<\/title>\n<meta name=\"description\" content=\"CDA Complex sis\u00e4lt\u00e4\u00e4 voimakkaita uutteita kanelinkuoresta, oliivinlehdist\u00e4, fenkolinsiemenist\u00e4 ja oreganonlehdist\u00e4. Hillitsee hiivan liikakasvua.\" \/>\n<meta name=\"robots\" content=\"index, follow, max-snippet:-1, max-image-preview:large, max-video-preview:-1\" \/>\n<link rel=\"canonical\" href=\"https:\/\/reviva.fi\/fi\/tuote\/cda-complex\/\" \/>\n<meta property=\"og:locale\" content=\"fi_FI\" \/>\n<meta property=\"og:type\" content=\"article\" \/>\n<meta property=\"og:title\" content=\"CDA Complex - Reviva\" \/>\n<meta property=\"og:description\" content=\"CDA Complex sis\u00e4lt\u00e4\u00e4 voimakkaita uutteita kanelinkuoresta, oliivinlehdist\u00e4, fenkolinsiemenist\u00e4 ja oreganonlehdist\u00e4. Hillitsee hiivan liikakasvua.\" \/>\n<meta property=\"og:url\" content=\"https:\/\/reviva.fi\/fi\/tuote\/cda-complex\/\" \/>\n<meta property=\"og:site_name\" content=\"Reviva\" \/>\n<meta property=\"article:modified_time\" content=\"2026-01-30T10:52:56+00:00\" \/>\n<meta property=\"og:image\" content=\"https:\/\/reviva.fi\/wp-content\/uploads\/2025\/07\/CDA-Complex-Photoroom-e1756807612169.png\" \/>\n\t<meta property=\"og:image:width\" content=\"2000\" \/>\n\t<meta property=\"og:image:height\" content=\"1333\" \/>\n\t<meta property=\"og:image:type\" content=\"image\/png\" \/>\n<meta name=\"twitter:card\" content=\"summary_large_image\" \/>\n<script type=\"application\/ld+json\" class=\"yoast-schema-graph\">{\"@context\":\"https:\/\/schema.org\",\"@graph\":[{\"@type\":\"WebPage\",\"@id\":\"https:\/\/reviva.fi\/fi\/tuote\/cda-complex\/\",\"url\":\"https:\/\/reviva.fi\/fi\/tuote\/cda-complex\/\",\"name\":\"CDA Complex - Reviva\",\"isPartOf\":{\"@id\":\"https:\/\/reviva.fi\/fi\/#website\"},\"primaryImageOfPage\":{\"@id\":\"https:\/\/reviva.fi\/fi\/tuote\/cda-complex\/#primaryimage\"},\"image\":{\"@id\":\"https:\/\/reviva.fi\/fi\/tuote\/cda-complex\/#primaryimage\"},\"thumbnailUrl\":\"https:\/\/reviva.fi\/wp-content\/uploads\/2025\/07\/CDA-Complex-Photoroom-e1756807612169.png\",\"datePublished\":\"2025-07-08T06:55:16+00:00\",\"dateModified\":\"2026-01-30T10:52:56+00:00\",\"description\":\"CDA Complex sis\u00e4lt\u00e4\u00e4 voimakkaita uutteita kanelinkuoresta, oliivinlehdist\u00e4, fenkolinsiemenist\u00e4 ja oreganonlehdist\u00e4. Hillitsee hiivan liikakasvua.\",\"breadcrumb\":{\"@id\":\"https:\/\/reviva.fi\/fi\/tuote\/cda-complex\/#breadcrumb\"},\"inLanguage\":\"fi\",\"potentialAction\":[{\"@type\":\"ReadAction\",\"target\":[\"https:\/\/reviva.fi\/fi\/tuote\/cda-complex\/\"]}]},{\"@type\":\"ImageObject\",\"inLanguage\":\"fi\",\"@id\":\"https:\/\/reviva.fi\/fi\/tuote\/cda-complex\/#primaryimage\",\"url\":\"https:\/\/reviva.fi\/wp-content\/uploads\/2025\/07\/CDA-Complex-Photoroom-e1756807612169.png\",\"contentUrl\":\"https:\/\/reviva.fi\/wp-content\/uploads\/2025\/07\/CDA-Complex-Photoroom-e1756807612169.png\",\"width\":2000,\"height\":1333,\"caption\":\"CDA Complex\"},{\"@type\":\"BreadcrumbList\",\"@id\":\"https:\/\/reviva.fi\/fi\/tuote\/cda-complex\/#breadcrumb\",\"itemListElement\":[{\"@type\":\"ListItem\",\"position\":1,\"name\":\"Etusivu\",\"item\":\"https:\/\/reviva.fi\/fi\/\"},{\"@type\":\"ListItem\",\"position\":2,\"name\":\"Tuotteet\",\"item\":\"https:\/\/reviva.fi\/produkter\/\"},{\"@type\":\"ListItem\",\"position\":3,\"name\":\"CDA Complex\"}]},{\"@type\":\"WebSite\",\"@id\":\"https:\/\/reviva.fi\/fi\/#website\",\"url\":\"https:\/\/reviva.fi\/fi\/\",\"name\":\"Reviva\",\"description\":\"\",\"publisher\":{\"@id\":\"https:\/\/reviva.fi\/fi\/#organization\"},\"potentialAction\":[{\"@type\":\"SearchAction\",\"target\":{\"@type\":\"EntryPoint\",\"urlTemplate\":\"https:\/\/reviva.fi\/fi\/?s={search_term_string}\"},\"query-input\":{\"@type\":\"PropertyValueSpecification\",\"valueRequired\":true,\"valueName\":\"search_term_string\"}}],\"inLanguage\":\"fi\"},{\"@type\":\"Organization\",\"@id\":\"https:\/\/reviva.fi\/fi\/#organization\",\"name\":\"Reviva\",\"url\":\"https:\/\/reviva.fi\/fi\/\",\"logo\":{\"@type\":\"ImageObject\",\"inLanguage\":\"fi\",\"@id\":\"https:\/\/reviva.fi\/fi\/#\/schema\/logo\/image\/\",\"url\":\"https:\/\/reviva.fi\/wp-content\/uploads\/2023\/10\/reviva-logo2.svg\",\"contentUrl\":\"https:\/\/reviva.fi\/wp-content\/uploads\/2023\/10\/reviva-logo2.svg\",\"caption\":\"Reviva\"},\"image\":{\"@id\":\"https:\/\/reviva.fi\/fi\/#\/schema\/logo\/image\/\"}}]}<\/script>\n<meta property=\"product:price:amount\" content=\"31.45\" \/>\n<meta property=\"product:price:currency\" content=\"EUR\" \/>\n<meta property=\"og:availability\" content=\"instock\" \/>\n<meta property=\"product:availability\" content=\"instock\" \/>\n<meta property=\"product:retailer_item_id\" content=\"500\" \/>\n<meta property=\"product:condition\" content=\"new\" \/>\n<!-- \/ Yoast SEO plugin. -->","yoast_head_json":{"title":"CDA Complex - Reviva","description":"CDA Complex sis\u00e4lt\u00e4\u00e4 voimakkaita uutteita kanelinkuoresta, oliivinlehdist\u00e4, fenkolinsiemenist\u00e4 ja oreganonlehdist\u00e4. Hillitsee hiivan liikakasvua.","robots":{"index":"index","follow":"follow","max-snippet":"max-snippet:-1","max-image-preview":"max-image-preview:large","max-video-preview":"max-video-preview:-1"},"canonical":"https:\/\/reviva.fi\/fi\/tuote\/cda-complex\/","og_locale":"fi_FI","og_type":"article","og_title":"CDA Complex - Reviva","og_description":"CDA Complex sis\u00e4lt\u00e4\u00e4 voimakkaita uutteita kanelinkuoresta, oliivinlehdist\u00e4, fenkolinsiemenist\u00e4 ja oreganonlehdist\u00e4. Hillitsee hiivan liikakasvua.","og_url":"https:\/\/reviva.fi\/fi\/tuote\/cda-complex\/","og_site_name":"Reviva","article_modified_time":"2026-01-30T10:52:56+00:00","og_image":[{"width":2000,"height":1333,"url":"https:\/\/reviva.fi\/wp-content\/uploads\/2025\/07\/CDA-Complex-Photoroom-e1756807612169.png","type":"image\/png"}],"twitter_card":"summary_large_image","schema":{"@context":"https:\/\/schema.org","@graph":[{"@type":"WebPage","@id":"https:\/\/reviva.fi\/fi\/tuote\/cda-complex\/","url":"https:\/\/reviva.fi\/fi\/tuote\/cda-complex\/","name":"CDA Complex - Reviva","isPartOf":{"@id":"https:\/\/reviva.fi\/fi\/#website"},"primaryImageOfPage":{"@id":"https:\/\/reviva.fi\/fi\/tuote\/cda-complex\/#primaryimage"},"image":{"@id":"https:\/\/reviva.fi\/fi\/tuote\/cda-complex\/#primaryimage"},"thumbnailUrl":"https:\/\/reviva.fi\/wp-content\/uploads\/2025\/07\/CDA-Complex-Photoroom-e1756807612169.png","datePublished":"2025-07-08T06:55:16+00:00","dateModified":"2026-01-30T10:52:56+00:00","description":"CDA Complex sis\u00e4lt\u00e4\u00e4 voimakkaita uutteita kanelinkuoresta, oliivinlehdist\u00e4, fenkolinsiemenist\u00e4 ja oreganonlehdist\u00e4. Hillitsee hiivan liikakasvua.","breadcrumb":{"@id":"https:\/\/reviva.fi\/fi\/tuote\/cda-complex\/#breadcrumb"},"inLanguage":"fi","potentialAction":[{"@type":"ReadAction","target":["https:\/\/reviva.fi\/fi\/tuote\/cda-complex\/"]}]},{"@type":"ImageObject","inLanguage":"fi","@id":"https:\/\/reviva.fi\/fi\/tuote\/cda-complex\/#primaryimage","url":"https:\/\/reviva.fi\/wp-content\/uploads\/2025\/07\/CDA-Complex-Photoroom-e1756807612169.png","contentUrl":"https:\/\/reviva.fi\/wp-content\/uploads\/2025\/07\/CDA-Complex-Photoroom-e1756807612169.png","width":2000,"height":1333,"caption":"CDA Complex"},{"@type":"BreadcrumbList","@id":"https:\/\/reviva.fi\/fi\/tuote\/cda-complex\/#breadcrumb","itemListElement":[{"@type":"ListItem","position":1,"name":"Etusivu","item":"https:\/\/reviva.fi\/fi\/"},{"@type":"ListItem","position":2,"name":"Tuotteet","item":"https:\/\/reviva.fi\/produkter\/"},{"@type":"ListItem","position":3,"name":"CDA Complex"}]},{"@type":"WebSite","@id":"https:\/\/reviva.fi\/fi\/#website","url":"https:\/\/reviva.fi\/fi\/","name":"Reviva","description":"","publisher":{"@id":"https:\/\/reviva.fi\/fi\/#organization"},"potentialAction":[{"@type":"SearchAction","target":{"@type":"EntryPoint","urlTemplate":"https:\/\/reviva.fi\/fi\/?s={search_term_string}"},"query-input":{"@type":"PropertyValueSpecification","valueRequired":true,"valueName":"search_term_string"}}],"inLanguage":"fi"},{"@type":"Organization","@id":"https:\/\/reviva.fi\/fi\/#organization","name":"Reviva","url":"https:\/\/reviva.fi\/fi\/","logo":{"@type":"ImageObject","inLanguage":"fi","@id":"https:\/\/reviva.fi\/fi\/#\/schema\/logo\/image\/","url":"https:\/\/reviva.fi\/wp-content\/uploads\/2023\/10\/reviva-logo2.svg","contentUrl":"https:\/\/reviva.fi\/wp-content\/uploads\/2023\/10\/reviva-logo2.svg","caption":"Reviva"},"image":{"@id":"https:\/\/reviva.fi\/fi\/#\/schema\/logo\/image\/"}}]},"product_price_amount":"31.45","product_price_currency":"EUR","og_availability":"instock","product_availability":"instock","product_retailer_item_id":"500","product_condition":"new"},"taxonomy_info":{"product_cat":[{"value":141,"label":"Yrtit"},{"value":5978,"label":"Multi tuotteet"},{"value":2454,"label":"EVP Nutrition"},{"value":2387,"label":"Maha &amp; Suolisto"},{"value":2357,"label":"Immuunipuolustus"}]},"featured_image_src_large":["https:\/\/reviva.fi\/wp-content\/uploads\/2025\/07\/CDA-Complex-Photoroom-1024x682.png",1024,682,true],"author_info":[],"comment_info":0,"_links":{"self":[{"href":"https:\/\/reviva.fi\/fi\/wp-json\/wp\/v2\/product\/12332","targetHints":{"allow":["GET"]}}],"collection":[{"href":"https:\/\/reviva.fi\/fi\/wp-json\/wp\/v2\/product"}],"about":[{"href":"https:\/\/reviva.fi\/fi\/wp-json\/wp\/v2\/types\/product"}],"replies":[{"embeddable":true,"href":"https:\/\/reviva.fi\/fi\/wp-json\/wp\/v2\/comments?post=12332"}],"wp:featuredmedia":[{"embeddable":true,"href":"https:\/\/reviva.fi\/fi\/wp-json\/wp\/v2\/media\/12717"}],"wp:attachment":[{"href":"https:\/\/reviva.fi\/fi\/wp-json\/wp\/v2\/media?parent=12332"}],"wp:term":[{"taxonomy":"product_brand","embeddable":true,"href":"https:\/\/reviva.fi\/fi\/wp-json\/wp\/v2\/product_brand?post=12332"},{"taxonomy":"product_cat","embeddable":true,"href":"https:\/\/reviva.fi\/fi\/wp-json\/wp\/v2\/product_cat?post=12332"},{"taxonomy":"product_tag","embeddable":true,"href":"https:\/\/reviva.fi\/fi\/wp-json\/wp\/v2\/product_tag?post=12332"}],"curies":[{"name":"wp","href":"https:\/\/api.w.org\/{rel}","templated":true}]}}