{"id":12472,"date":"2025-06-26T09:12:56","date_gmt":"2025-06-26T06:12:56","guid":{"rendered":"https:\/\/reviva.fi\/product\/vitamin-d3-1000iu-gummies-lamberts\/"},"modified":"2025-08-04T14:23:11","modified_gmt":"2025-08-04T11:23:11","slug":"vitamin-d3-1000iu-gummies-lamberts","status":"publish","type":"product","link":"https:\/\/reviva.fi\/fi\/tuote\/vitamin-d3-1000iu-gummies-lamberts\/","title":{"rendered":"Vitamin D3 1000iu Gummies &#8211; Lamberts"},"content":{"rendered":"<article class=\"text-token-text-primary w-full focus:outline-none scroll-mt-[calc(var(--header-height)+min(200px,max(70px,20svh)))]\" dir=\"auto\" tabindex=\"-1\" data-testid=\"conversation-turn-12\" data-scroll-anchor=\"true\" data-turn=\"assistant\">\n<div class=\"text-base my-auto mx-auto pb-10 [--thread-content-margin:--spacing(4)] @[37rem]:[--thread-content-margin:--spacing(6)] @[72rem]:[--thread-content-margin:--spacing(16)] px-(--thread-content-margin)\">\n<div class=\"[--thread-content-max-width:32rem] @[34rem]:[--thread-content-max-width:40rem] @[64rem]:[--thread-content-max-width:48rem] mx-auto max-w-(--thread-content-max-width) flex-1 group\/turn-messages focus-visible:outline-hidden relative flex w-full min-w-0 flex-col agent-turn\" tabindex=\"-1\">\n<div class=\"flex max-w-full flex-col grow\">\n<div class=\"min-h-8 text-message relative flex w-full flex-col items-end gap-2 text-start break-words whitespace-normal [.text-message+&amp;]:mt-5\" dir=\"auto\" data-message-author-role=\"assistant\" data-message-id=\"5959226a-6333-4b4b-b1cb-923ddd6f151a\" data-message-model-slug=\"gpt-4o\">\n<div class=\"flex w-full flex-col gap-1 empty:hidden first:pt-[3px]\">\n<div class=\"markdown prose dark:prose-invert w-full break-words light\">\n<p data-start=\"0\" data-end=\"210\"><strong data-start=\"0\" data-end=\"54\">Vitamin D3 1000iu Gummies \u2013 Lamberts (25 \u00b5g\/gummi)<\/strong><br data-start=\"54\" data-end=\"57\" \/>Jokainen gummivitamiini sis\u00e4lt\u00e4\u00e4 25 mikrogrammaa t\u00e4t\u00e4 t\u00e4rke\u00e4\u00e4 ravintoainetta, herkullisen omenanmakuiseen muotoon valmistettuna \u2013 ilman lis\u00e4tty\u00e4 sokeria.<\/p>\n<p data-start=\"212\" data-end=\"495\">Terveydenhuollon viranomaiset suosittelevat, ett\u00e4 kaikki \u2013 my\u00f6s lapset \u2013 harkitsisivat p\u00e4ivitt\u00e4ist\u00e4 v\u00e4hint\u00e4\u00e4n 10 mikrogramman D-vitamiinilis\u00e4\u00e4. Tutkimukset osoittavat, ett\u00e4 monilla ihmisill\u00e4 on liian matala D3-vitamiinitaso veress\u00e4, mink\u00e4 vuoksi suurempaa annosta voidaan suositella.<\/p>\n<p data-start=\"497\" data-end=\"837\">Jokainen Lamberts Vitamin D3 1000 IU -gummi sis\u00e4lt\u00e4\u00e4 25 \u00b5g D-vitamiinia sen suositussa, hyvin imeytyv\u00e4ss\u00e4 D3-muodossa, joka tukee parasta mahdollistaa imeytymist\u00e4. Hyv\u00e4n omenamaun sek\u00e4 sokerittoman ja makeutusaineettoman koostumuksen ansiosta n\u00e4m\u00e4 gummit sopivat erinomaisesti niille, joille tablettien tai kapselien nieleminen on hankalaa.<\/p>\n<p data-start=\"839\" data-end=\"1365\">D-vitamiinia muodostuu kehossa luonnollisesti, kun auringonvalo osuu suoraan ihoon, ja D3-muoto imeytyy elimist\u00f6\u00f6n paremmin kuin kasveista saatava D2-muoto. Keho saa D3-vitamiinia kahdesta l\u00e4hteest\u00e4: ravinnosta ja auringonvalon vaikutuksesta ihoon, joka k\u00e4ynnist\u00e4\u00e4 kehon oman D-vitamiinisynteesin. Jos saisimme enemm\u00e4n aurinkoa, D-vitamiinitaso olisi riitt\u00e4v\u00e4, mutta todellisuudessa tarvitsemme usein lis\u00e4tukea ruokavaliosta \u2013 erityisesti talvikuukausina ja ik\u00e4\u00e4ntyneill\u00e4, joiden kyky tuottaa D-vitamiinia heikkenee i\u00e4n my\u00f6t\u00e4.<\/p>\n<p data-start=\"1367\" data-end=\"1391\"><strong data-start=\"1367\" data-end=\"1391\">D-vitamiini edist\u00e4\u00e4:<\/p>\n<p><\/strong><\/p>\n<ul>\n<li data-start=\"1367\" data-end=\"1391\">Kalsiumin normaalia imeytymist\u00e4 ja hy\u00f6dynt\u00e4mist\u00e4<\/li>\n<li data-start=\"1367\" data-end=\"1391\">Normaalia veren kalsiumtasoa<\/li>\n<li data-start=\"1367\" data-end=\"1391\">Luuston ja hampaiden pysymist\u00e4 normaaleina<\/li>\n<li data-start=\"1367\" data-end=\"1391\">Normaalia lihasten toimintaa<\/li>\n<li data-start=\"1367\" data-end=\"1391\">Immuunij\u00e4rjestelm\u00e4n normaalia toimintaa<\/li>\n<\/ul>\n<p data-start=\"1599\" data-end=\"1862\" data-is-last-node=\"\" data-is-only-node=\"\">T\u00e4t\u00e4 annosta (1000 IU \/ 25 \u00b5g) suositellaan usein k\u00e4ytett\u00e4v\u00e4ksi erityisesti talvikuukausina, jolloin D-vitamiinitasot ovat matalat. Tuotetta voi kuitenkin k\u00e4ytt\u00e4\u00e4 ymp\u00e4ri vuoden \u2013 erityisesti silloin, kun altistuminen auringolle on v\u00e4h\u00e4ist\u00e4 kev\u00e4\u00e4ll\u00e4 ja kes\u00e4ll\u00e4kin.<\/p>\n<\/div>\n<\/div>\n<\/div>\n<\/div>\n<\/div>\n<\/div>\n<\/article>\n","protected":false},"excerpt":{"rendered":"<p data-start=\"0\" data-end=\"336\">Jokainen Lamberts Vitamin D3 1000 IU -gummi sis\u00e4lt\u00e4\u00e4 25 mikrogrammaa D-vitamiinia suositussa ja hyvin imeytyv\u00e4ss\u00e4 D3-muodossa, joka takaa maksimaalisen imeytymisen. Herkullinen omenanmaku ja sokeriton, makeutusaineeton koostumus tekev\u00e4t n\u00e4ist\u00e4 gummikarhuista ihanteellisia niille, joille tablettien tai kapselien nieleminen on hankalaa.<\/p>\n<p data-start=\"0\" data-end=\"336\"><strong data-start=\"338\" data-end=\"364\" data-is-last-node=\"\">60 gummies<\/strong><\/p>\n","protected":false},"featured_media":12243,"comment_status":"closed","ping_status":"closed","template":"","meta":{"_acf_changed":false,"inline_featured_image":false,"_kad_blocks_custom_css":"","_kad_blocks_head_custom_js":"","_kad_blocks_body_custom_js":"","_kad_blocks_footer_custom_js":"","_kadence_starter_templates_imported_post":false,"_kad_post_transparent":"default","_kad_post_title":"","_kad_post_layout":"default","_kad_post_sidebar_id":"","_kad_post_content_style":"default","_kad_post_vertical_padding":"default","_kad_post_feature":"","_kad_post_feature_position":"","_kad_post_header":false,"_kad_post_footer":false},"product_brand":[],"product_cat":[96,527,2444,5980,2357],"product_tag":[],"class_list":{"0":"post-12472","1":"product","2":"type-product","3":"status-publish","4":"has-post-thumbnail","6":"product_cat-vitaminer-fi","7":"product_cat-d-vitamin-fi","8":"product_cat-lamberts-fi","9":"product_cat-barn-fi","10":"product_cat-immunforsvar-fi","12":"first","13":"instock","14":"taxable","15":"shipping-taxable","16":"purchasable","17":"product-type-simple","18":"entry","19":"content-bg","20":"loop-entry"},"acf":[],"yoast_head":"<!-- This site is optimized with the Yoast SEO plugin v25.8 - https:\/\/yoast.com\/wordpress\/plugins\/seo\/ -->\n<title>Vitamin D3 1000iu Gummies - Lamberts - Reviva<\/title>\n<meta name=\"description\" content=\"Vitamin D3 1000iu Gummies - Lamberts hyvin imeytyv\u00e4ss\u00e4 muodossa, herkullisen omenan makuinen, ilman lis\u00e4tty\u00e4 sokeria \u2013 tukee luustoa ja immuunij\u00e4rjestelm\u00e4\u00e4.\" \/>\n<meta name=\"robots\" content=\"index, follow, max-snippet:-1, max-image-preview:large, max-video-preview:-1\" \/>\n<link rel=\"canonical\" href=\"https:\/\/reviva.fi\/fi\/tuote\/vitamin-d3-1000iu-gummies-lamberts\/\" \/>\n<meta property=\"og:locale\" content=\"fi_FI\" \/>\n<meta property=\"og:type\" content=\"article\" \/>\n<meta property=\"og:title\" content=\"Vitamin D3 1000iu Gummies - Lamberts - Reviva\" \/>\n<meta property=\"og:description\" content=\"Vitamin D3 1000iu Gummies - Lamberts hyvin imeytyv\u00e4ss\u00e4 muodossa, herkullisen omenan makuinen, ilman lis\u00e4tty\u00e4 sokeria \u2013 tukee luustoa ja immuunij\u00e4rjestelm\u00e4\u00e4.\" \/>\n<meta property=\"og:url\" content=\"https:\/\/reviva.fi\/fi\/tuote\/vitamin-d3-1000iu-gummies-lamberts\/\" \/>\n<meta property=\"og:site_name\" content=\"Reviva\" \/>\n<meta property=\"article:modified_time\" content=\"2025-08-04T11:23:11+00:00\" \/>\n<meta property=\"og:image\" content=\"https:\/\/reviva.fi\/wp-content\/uploads\/2025\/06\/8611-60-Vitamin-D3-1000iu-gummies-Photoroom.png\" \/>\n\t<meta property=\"og:image:width\" content=\"686\" \/>\n\t<meta property=\"og:image:height\" content=\"600\" \/>\n\t<meta property=\"og:image:type\" content=\"image\/png\" \/>\n<meta name=\"twitter:card\" content=\"summary_large_image\" \/>\n<script type=\"application\/ld+json\" class=\"yoast-schema-graph\">{\"@context\":\"https:\/\/schema.org\",\"@graph\":[{\"@type\":\"WebPage\",\"@id\":\"https:\/\/reviva.fi\/fi\/tuote\/vitamin-d3-1000iu-gummies-lamberts\/\",\"url\":\"https:\/\/reviva.fi\/fi\/tuote\/vitamin-d3-1000iu-gummies-lamberts\/\",\"name\":\"Vitamin D3 1000iu Gummies - Lamberts - Reviva\",\"isPartOf\":{\"@id\":\"https:\/\/reviva.fi\/fi\/#website\"},\"primaryImageOfPage\":{\"@id\":\"https:\/\/reviva.fi\/fi\/tuote\/vitamin-d3-1000iu-gummies-lamberts\/#primaryimage\"},\"image\":{\"@id\":\"https:\/\/reviva.fi\/fi\/tuote\/vitamin-d3-1000iu-gummies-lamberts\/#primaryimage\"},\"thumbnailUrl\":\"https:\/\/reviva.fi\/wp-content\/uploads\/2025\/06\/8611-60-Vitamin-D3-1000iu-gummies-Photoroom.png\",\"datePublished\":\"2025-06-26T06:12:56+00:00\",\"dateModified\":\"2025-08-04T11:23:11+00:00\",\"description\":\"Vitamin D3 1000iu Gummies - Lamberts hyvin imeytyv\u00e4ss\u00e4 muodossa, herkullisen omenan makuinen, ilman lis\u00e4tty\u00e4 sokeria \u2013 tukee luustoa ja immuunij\u00e4rjestelm\u00e4\u00e4.\",\"breadcrumb\":{\"@id\":\"https:\/\/reviva.fi\/fi\/tuote\/vitamin-d3-1000iu-gummies-lamberts\/#breadcrumb\"},\"inLanguage\":\"fi\",\"potentialAction\":[{\"@type\":\"ReadAction\",\"target\":[\"https:\/\/reviva.fi\/fi\/tuote\/vitamin-d3-1000iu-gummies-lamberts\/\"]}]},{\"@type\":\"ImageObject\",\"inLanguage\":\"fi\",\"@id\":\"https:\/\/reviva.fi\/fi\/tuote\/vitamin-d3-1000iu-gummies-lamberts\/#primaryimage\",\"url\":\"https:\/\/reviva.fi\/wp-content\/uploads\/2025\/06\/8611-60-Vitamin-D3-1000iu-gummies-Photoroom.png\",\"contentUrl\":\"https:\/\/reviva.fi\/wp-content\/uploads\/2025\/06\/8611-60-Vitamin-D3-1000iu-gummies-Photoroom.png\",\"width\":686,\"height\":600,\"caption\":\"Vitamin D3 1000iu Gummies - Lamberts\"},{\"@type\":\"BreadcrumbList\",\"@id\":\"https:\/\/reviva.fi\/fi\/tuote\/vitamin-d3-1000iu-gummies-lamberts\/#breadcrumb\",\"itemListElement\":[{\"@type\":\"ListItem\",\"position\":1,\"name\":\"Etusivu\",\"item\":\"https:\/\/reviva.fi\/fi\/\"},{\"@type\":\"ListItem\",\"position\":2,\"name\":\"Tuotteet\",\"item\":\"https:\/\/reviva.fi\/produkter\/\"},{\"@type\":\"ListItem\",\"position\":3,\"name\":\"Vitamin D3 1000iu Gummies &#8211; Lamberts\"}]},{\"@type\":\"WebSite\",\"@id\":\"https:\/\/reviva.fi\/fi\/#website\",\"url\":\"https:\/\/reviva.fi\/fi\/\",\"name\":\"Reviva\",\"description\":\"\",\"publisher\":{\"@id\":\"https:\/\/reviva.fi\/fi\/#organization\"},\"potentialAction\":[{\"@type\":\"SearchAction\",\"target\":{\"@type\":\"EntryPoint\",\"urlTemplate\":\"https:\/\/reviva.fi\/fi\/?s={search_term_string}\"},\"query-input\":{\"@type\":\"PropertyValueSpecification\",\"valueRequired\":true,\"valueName\":\"search_term_string\"}}],\"inLanguage\":\"fi\"},{\"@type\":\"Organization\",\"@id\":\"https:\/\/reviva.fi\/fi\/#organization\",\"name\":\"Reviva\",\"url\":\"https:\/\/reviva.fi\/fi\/\",\"logo\":{\"@type\":\"ImageObject\",\"inLanguage\":\"fi\",\"@id\":\"https:\/\/reviva.fi\/fi\/#\/schema\/logo\/image\/\",\"url\":\"https:\/\/reviva.fi\/wp-content\/uploads\/2023\/10\/reviva-logo2.svg\",\"contentUrl\":\"https:\/\/reviva.fi\/wp-content\/uploads\/2023\/10\/reviva-logo2.svg\",\"caption\":\"Reviva\"},\"image\":{\"@id\":\"https:\/\/reviva.fi\/fi\/#\/schema\/logo\/image\/\"}}]}<\/script>\n<meta property=\"product:price:amount\" content=\"15.50\" \/>\n<meta property=\"product:price:currency\" content=\"EUR\" \/>\n<meta property=\"og:availability\" content=\"instock\" \/>\n<meta property=\"product:availability\" content=\"instock\" \/>\n<meta property=\"product:retailer_item_id\" content=\"8611-60\" \/>\n<meta property=\"product:condition\" content=\"new\" \/>\n<!-- \/ Yoast SEO plugin. -->","yoast_head_json":{"title":"Vitamin D3 1000iu Gummies - Lamberts - Reviva","description":"Vitamin D3 1000iu Gummies - Lamberts hyvin imeytyv\u00e4ss\u00e4 muodossa, herkullisen omenan makuinen, ilman lis\u00e4tty\u00e4 sokeria \u2013 tukee luustoa ja immuunij\u00e4rjestelm\u00e4\u00e4.","robots":{"index":"index","follow":"follow","max-snippet":"max-snippet:-1","max-image-preview":"max-image-preview:large","max-video-preview":"max-video-preview:-1"},"canonical":"https:\/\/reviva.fi\/fi\/tuote\/vitamin-d3-1000iu-gummies-lamberts\/","og_locale":"fi_FI","og_type":"article","og_title":"Vitamin D3 1000iu Gummies - Lamberts - Reviva","og_description":"Vitamin D3 1000iu Gummies - Lamberts hyvin imeytyv\u00e4ss\u00e4 muodossa, herkullisen omenan makuinen, ilman lis\u00e4tty\u00e4 sokeria \u2013 tukee luustoa ja immuunij\u00e4rjestelm\u00e4\u00e4.","og_url":"https:\/\/reviva.fi\/fi\/tuote\/vitamin-d3-1000iu-gummies-lamberts\/","og_site_name":"Reviva","article_modified_time":"2025-08-04T11:23:11+00:00","og_image":[{"width":686,"height":600,"url":"https:\/\/reviva.fi\/wp-content\/uploads\/2025\/06\/8611-60-Vitamin-D3-1000iu-gummies-Photoroom.png","type":"image\/png"}],"twitter_card":"summary_large_image","schema":{"@context":"https:\/\/schema.org","@graph":[{"@type":"WebPage","@id":"https:\/\/reviva.fi\/fi\/tuote\/vitamin-d3-1000iu-gummies-lamberts\/","url":"https:\/\/reviva.fi\/fi\/tuote\/vitamin-d3-1000iu-gummies-lamberts\/","name":"Vitamin D3 1000iu Gummies - Lamberts - Reviva","isPartOf":{"@id":"https:\/\/reviva.fi\/fi\/#website"},"primaryImageOfPage":{"@id":"https:\/\/reviva.fi\/fi\/tuote\/vitamin-d3-1000iu-gummies-lamberts\/#primaryimage"},"image":{"@id":"https:\/\/reviva.fi\/fi\/tuote\/vitamin-d3-1000iu-gummies-lamberts\/#primaryimage"},"thumbnailUrl":"https:\/\/reviva.fi\/wp-content\/uploads\/2025\/06\/8611-60-Vitamin-D3-1000iu-gummies-Photoroom.png","datePublished":"2025-06-26T06:12:56+00:00","dateModified":"2025-08-04T11:23:11+00:00","description":"Vitamin D3 1000iu Gummies - Lamberts hyvin imeytyv\u00e4ss\u00e4 muodossa, herkullisen omenan makuinen, ilman lis\u00e4tty\u00e4 sokeria \u2013 tukee luustoa ja immuunij\u00e4rjestelm\u00e4\u00e4.","breadcrumb":{"@id":"https:\/\/reviva.fi\/fi\/tuote\/vitamin-d3-1000iu-gummies-lamberts\/#breadcrumb"},"inLanguage":"fi","potentialAction":[{"@type":"ReadAction","target":["https:\/\/reviva.fi\/fi\/tuote\/vitamin-d3-1000iu-gummies-lamberts\/"]}]},{"@type":"ImageObject","inLanguage":"fi","@id":"https:\/\/reviva.fi\/fi\/tuote\/vitamin-d3-1000iu-gummies-lamberts\/#primaryimage","url":"https:\/\/reviva.fi\/wp-content\/uploads\/2025\/06\/8611-60-Vitamin-D3-1000iu-gummies-Photoroom.png","contentUrl":"https:\/\/reviva.fi\/wp-content\/uploads\/2025\/06\/8611-60-Vitamin-D3-1000iu-gummies-Photoroom.png","width":686,"height":600,"caption":"Vitamin D3 1000iu Gummies - Lamberts"},{"@type":"BreadcrumbList","@id":"https:\/\/reviva.fi\/fi\/tuote\/vitamin-d3-1000iu-gummies-lamberts\/#breadcrumb","itemListElement":[{"@type":"ListItem","position":1,"name":"Etusivu","item":"https:\/\/reviva.fi\/fi\/"},{"@type":"ListItem","position":2,"name":"Tuotteet","item":"https:\/\/reviva.fi\/produkter\/"},{"@type":"ListItem","position":3,"name":"Vitamin D3 1000iu Gummies &#8211; Lamberts"}]},{"@type":"WebSite","@id":"https:\/\/reviva.fi\/fi\/#website","url":"https:\/\/reviva.fi\/fi\/","name":"Reviva","description":"","publisher":{"@id":"https:\/\/reviva.fi\/fi\/#organization"},"potentialAction":[{"@type":"SearchAction","target":{"@type":"EntryPoint","urlTemplate":"https:\/\/reviva.fi\/fi\/?s={search_term_string}"},"query-input":{"@type":"PropertyValueSpecification","valueRequired":true,"valueName":"search_term_string"}}],"inLanguage":"fi"},{"@type":"Organization","@id":"https:\/\/reviva.fi\/fi\/#organization","name":"Reviva","url":"https:\/\/reviva.fi\/fi\/","logo":{"@type":"ImageObject","inLanguage":"fi","@id":"https:\/\/reviva.fi\/fi\/#\/schema\/logo\/image\/","url":"https:\/\/reviva.fi\/wp-content\/uploads\/2023\/10\/reviva-logo2.svg","contentUrl":"https:\/\/reviva.fi\/wp-content\/uploads\/2023\/10\/reviva-logo2.svg","caption":"Reviva"},"image":{"@id":"https:\/\/reviva.fi\/fi\/#\/schema\/logo\/image\/"}}]},"product_price_amount":"15.50","product_price_currency":"EUR","og_availability":"instock","product_availability":"instock","product_retailer_item_id":"8611-60","product_condition":"new"},"taxonomy_info":{"product_cat":[{"value":96,"label":"Vitamiinit"},{"value":527,"label":"D-vitamiini"},{"value":2444,"label":"Lamberts"},{"value":5980,"label":"Lapset"},{"value":2357,"label":"Immuunipuolustus"}]},"featured_image_src_large":["https:\/\/reviva.fi\/wp-content\/uploads\/2025\/06\/8611-60-Vitamin-D3-1000iu-gummies-Photoroom.png",686,600,false],"author_info":[],"comment_info":0,"_links":{"self":[{"href":"https:\/\/reviva.fi\/fi\/wp-json\/wp\/v2\/product\/12472","targetHints":{"allow":["GET"]}}],"collection":[{"href":"https:\/\/reviva.fi\/fi\/wp-json\/wp\/v2\/product"}],"about":[{"href":"https:\/\/reviva.fi\/fi\/wp-json\/wp\/v2\/types\/product"}],"replies":[{"embeddable":true,"href":"https:\/\/reviva.fi\/fi\/wp-json\/wp\/v2\/comments?post=12472"}],"wp:featuredmedia":[{"embeddable":true,"href":"https:\/\/reviva.fi\/fi\/wp-json\/wp\/v2\/media\/12243"}],"wp:attachment":[{"href":"https:\/\/reviva.fi\/fi\/wp-json\/wp\/v2\/media?parent=12472"}],"wp:term":[{"taxonomy":"product_brand","embeddable":true,"href":"https:\/\/reviva.fi\/fi\/wp-json\/wp\/v2\/product_brand?post=12472"},{"taxonomy":"product_cat","embeddable":true,"href":"https:\/\/reviva.fi\/fi\/wp-json\/wp\/v2\/product_cat?post=12472"},{"taxonomy":"product_tag","embeddable":true,"href":"https:\/\/reviva.fi\/fi\/wp-json\/wp\/v2\/product_tag?post=12472"}],"curies":[{"name":"wp","href":"https:\/\/api.w.org\/{rel}","templated":true}]}}