{"id":12481,"date":"2025-06-26T10:13:28","date_gmt":"2025-06-26T07:13:28","guid":{"rendered":"https:\/\/reviva.fi\/product\/multi-guard-for-kids-gummies-lamberts\/"},"modified":"2025-08-04T15:31:53","modified_gmt":"2025-08-04T12:31:53","slug":"multi-guard-for-kids-gummies-lamberts","status":"publish","type":"product","link":"https:\/\/reviva.fi\/fi\/tuote\/multi-guard-for-kids-gummies-lamberts\/","title":{"rendered":"Multi-Guard for kids Gummies &#8211; Lamberts"},"content":{"rendered":"<h3>Multi-Guard for kids Gummies &#8211; Lamberts<\/h3>\n<p>&nbsp;<\/p>\n<p data-start=\"46\" data-end=\"519\">Multi-Guard Gummies for Kids\u00ae on yksi parhaista lasten monivitamiinituotteista Isossa-Britanniassa. N\u00e4m\u00e4 maukkaat gummit sis\u00e4lt\u00e4v\u00e4t runsaasti v\u00e4ltt\u00e4m\u00e4tt\u00f6mi\u00e4 vitamiineja ja kivenn\u00e4isaineita, jotka tukevat lasten tervett\u00e4 kasvua, kehityst\u00e4 ja kokonaisvaltaista hyvinvointia. Jokainen gummi on suunniteltu tarjoamaan keskeisi\u00e4 ravintoaineita, kuten A-, C-, D-, E- ja B-vitamiineja sek\u00e4 sinkki\u00e4 ja jodia \u2013 varmistaen, ett\u00e4 lapsesi saa tarvitsemansa tuen kasvuun ja jaksamiseen.<\/p>\n<p data-start=\"521\" data-end=\"767\">Useimmat markettimerkit sis\u00e4lt\u00e4v\u00e4t vain pieni\u00e4 m\u00e4\u00e4ri\u00e4 vitamiineja ja voivat sis\u00e4lt\u00e4\u00e4 runsaasti sokeria. Meid\u00e4n formulaatiomme sen sijaan on kehitetty k\u00e4ytt\u00e4m\u00e4ll\u00e4 FOS:ia (frukto-oligosakkaridi), joka on vesiliukoinen kuitu ja luonnollisesti makea.<\/p>\n<p data-start=\"769\" data-end=\"1039\">Ihanan mansikanmakuinen koostumus tekee p\u00e4ivitt\u00e4isest\u00e4 vitamiiniten saannista helppoa ja miellytt\u00e4v\u00e4\u00e4 \u2013 oltiinpa kotona tai liikkeell\u00e4. Tuote on suunniteltu sopimaan 4\u201314-vuotiaille: alle 10-vuotiaille suositellaan 1 gummi p\u00e4iv\u00e4ss\u00e4, ja vanhemmille lapsille 2 kappaletta.<\/p>\n<p data-start=\"1041\" data-end=\"1192\" data-is-last-node=\"\" data-is-only-node=\"\">Multi-Guard for Kids Gummies voidaan yhdist\u00e4\u00e4 muihin ravintolisiin, kuten Lambertsin pureskeltavaan kalsiumiin tai Omega 3 Berry Bursts -valmisteeseen.<\/p>\n","protected":false},"excerpt":{"rendered":"<p>Sis\u00e4lt\u00e4\u00e4 useita B-vitamiineja merkitt\u00e4viss\u00e4 pitoisuuksissa \u2013 t\u00e4rkeit\u00e4 energia-aineenvaihdunnalle.<br data-start=\"97\" data-end=\"100\" \/>Sis\u00e4lt\u00e4\u00e4 kivenn\u00e4isaineita, kuten sinkki\u00e4, joka edist\u00e4\u00e4 luuston, n\u00e4\u00f6n, kognitiivisten toimintojen ja immuunij\u00e4rjestelm\u00e4n normaalia toimintaa, sek\u00e4 jodia, joka on t\u00e4rke\u00e4 kasvulle ja kehitykselle.<br data-start=\"293\" data-end=\"296\" \/>Maukkaat gummit, jotka eiv\u00e4t sis\u00e4ll\u00e4 lainkaan sokeria tai aspartaamia.<br data-start=\"366\" data-end=\"369\" \/>Huolellisesti koostettu sopimaan 4\u201314-vuotiaille lapsille.<br data-start=\"427\" data-end=\"430\" \/>Multi-Guard\u00ae for Kids Gummies voidaan yhdist\u00e4\u00e4 muihin ravintolisiin, kuten pureskeltavaan kalsiumiin tai C-vitamiinijauheeseen.<\/p>\n<h5>60 gummies<\/h5>\n","protected":false},"featured_media":12251,"comment_status":"closed","ping_status":"closed","template":"","meta":{"_acf_changed":false,"inline_featured_image":false,"_kad_blocks_custom_css":"","_kad_blocks_head_custom_js":"","_kad_blocks_body_custom_js":"","_kad_blocks_footer_custom_js":"","_kadence_starter_templates_imported_post":false,"_kad_post_transparent":"default","_kad_post_title":"","_kad_post_layout":"default","_kad_post_sidebar_id":"","_kad_post_content_style":"default","_kad_post_vertical_padding":"default","_kad_post_feature":"","_kad_post_feature_position":"","_kad_post_header":false,"_kad_post_footer":false},"product_brand":[],"product_cat":[96,5961,93,5972,5978,2444,5980],"product_tag":[],"class_list":{"0":"post-12481","1":"product","2":"type-product","3":"status-publish","4":"has-post-thumbnail","6":"product_cat-vitaminer-fi","7":"product_cat-multi-vitamin-fi","8":"product_cat-mineraler-fi","9":"product_cat-multi-mineral-fi","10":"product_cat-multi-produkter-fi","11":"product_cat-lamberts-fi","12":"product_cat-barn-fi","14":"first","15":"instock","16":"taxable","17":"shipping-taxable","18":"purchasable","19":"product-type-simple","20":"entry","21":"content-bg","22":"loop-entry"},"acf":[],"yoast_head":"<!-- This site is optimized with the Yoast SEO plugin v25.8 - https:\/\/yoast.com\/wordpress\/plugins\/seo\/ -->\n<title>Multi-Guard for kids Gummies - Lamberts - Reviva<\/title>\n<meta name=\"description\" content=\"Multi-Guard for kids Gummies - Lamberts mansikanmakuiset gummit ilman lis\u00e4tty\u00e4 sokeria tai makeutusaineita. runsaasti vitamiineja ja kivenn\u00e4isaineita.\" \/>\n<meta name=\"robots\" content=\"index, follow, max-snippet:-1, max-image-preview:large, max-video-preview:-1\" \/>\n<link rel=\"canonical\" href=\"https:\/\/reviva.fi\/fi\/tuote\/multi-guard-for-kids-gummies-lamberts\/\" \/>\n<meta property=\"og:locale\" content=\"fi_FI\" \/>\n<meta property=\"og:type\" content=\"article\" \/>\n<meta property=\"og:title\" content=\"Multi-Guard for kids Gummies - Lamberts - Reviva\" \/>\n<meta property=\"og:description\" content=\"Multi-Guard for kids Gummies - Lamberts mansikanmakuiset gummit ilman lis\u00e4tty\u00e4 sokeria tai makeutusaineita. runsaasti vitamiineja ja kivenn\u00e4isaineita.\" \/>\n<meta property=\"og:url\" content=\"https:\/\/reviva.fi\/fi\/tuote\/multi-guard-for-kids-gummies-lamberts\/\" \/>\n<meta property=\"og:site_name\" content=\"Reviva\" \/>\n<meta property=\"article:modified_time\" content=\"2025-08-04T12:31:53+00:00\" \/>\n<meta property=\"og:image\" content=\"https:\/\/reviva.fi\/wp-content\/uploads\/2025\/06\/8613-60-Multi-guard-for-kids-Photoroom.png\" \/>\n\t<meta property=\"og:image:width\" content=\"640\" \/>\n\t<meta property=\"og:image:height\" content=\"640\" \/>\n\t<meta property=\"og:image:type\" content=\"image\/png\" \/>\n<meta name=\"twitter:card\" content=\"summary_large_image\" \/>\n<script type=\"application\/ld+json\" class=\"yoast-schema-graph\">{\"@context\":\"https:\/\/schema.org\",\"@graph\":[{\"@type\":\"WebPage\",\"@id\":\"https:\/\/reviva.fi\/fi\/tuote\/multi-guard-for-kids-gummies-lamberts\/\",\"url\":\"https:\/\/reviva.fi\/fi\/tuote\/multi-guard-for-kids-gummies-lamberts\/\",\"name\":\"Multi-Guard for kids Gummies - Lamberts - Reviva\",\"isPartOf\":{\"@id\":\"https:\/\/reviva.fi\/fi\/#website\"},\"primaryImageOfPage\":{\"@id\":\"https:\/\/reviva.fi\/fi\/tuote\/multi-guard-for-kids-gummies-lamberts\/#primaryimage\"},\"image\":{\"@id\":\"https:\/\/reviva.fi\/fi\/tuote\/multi-guard-for-kids-gummies-lamberts\/#primaryimage\"},\"thumbnailUrl\":\"https:\/\/reviva.fi\/wp-content\/uploads\/2025\/06\/8613-60-Multi-guard-for-kids-Photoroom.png\",\"datePublished\":\"2025-06-26T07:13:28+00:00\",\"dateModified\":\"2025-08-04T12:31:53+00:00\",\"description\":\"Multi-Guard for kids Gummies - Lamberts mansikanmakuiset gummit ilman lis\u00e4tty\u00e4 sokeria tai makeutusaineita. runsaasti vitamiineja ja kivenn\u00e4isaineita.\",\"breadcrumb\":{\"@id\":\"https:\/\/reviva.fi\/fi\/tuote\/multi-guard-for-kids-gummies-lamberts\/#breadcrumb\"},\"inLanguage\":\"fi\",\"potentialAction\":[{\"@type\":\"ReadAction\",\"target\":[\"https:\/\/reviva.fi\/fi\/tuote\/multi-guard-for-kids-gummies-lamberts\/\"]}]},{\"@type\":\"ImageObject\",\"inLanguage\":\"fi\",\"@id\":\"https:\/\/reviva.fi\/fi\/tuote\/multi-guard-for-kids-gummies-lamberts\/#primaryimage\",\"url\":\"https:\/\/reviva.fi\/wp-content\/uploads\/2025\/06\/8613-60-Multi-guard-for-kids-Photoroom.png\",\"contentUrl\":\"https:\/\/reviva.fi\/wp-content\/uploads\/2025\/06\/8613-60-Multi-guard-for-kids-Photoroom.png\",\"width\":640,\"height\":640,\"caption\":\"Multi-Guard for kids Gummies - Lamberts\"},{\"@type\":\"BreadcrumbList\",\"@id\":\"https:\/\/reviva.fi\/fi\/tuote\/multi-guard-for-kids-gummies-lamberts\/#breadcrumb\",\"itemListElement\":[{\"@type\":\"ListItem\",\"position\":1,\"name\":\"Etusivu\",\"item\":\"https:\/\/reviva.fi\/fi\/\"},{\"@type\":\"ListItem\",\"position\":2,\"name\":\"Tuotteet\",\"item\":\"https:\/\/reviva.fi\/produkter\/\"},{\"@type\":\"ListItem\",\"position\":3,\"name\":\"Multi-Guard for kids Gummies &#8211; Lamberts\"}]},{\"@type\":\"WebSite\",\"@id\":\"https:\/\/reviva.fi\/fi\/#website\",\"url\":\"https:\/\/reviva.fi\/fi\/\",\"name\":\"Reviva\",\"description\":\"\",\"publisher\":{\"@id\":\"https:\/\/reviva.fi\/fi\/#organization\"},\"potentialAction\":[{\"@type\":\"SearchAction\",\"target\":{\"@type\":\"EntryPoint\",\"urlTemplate\":\"https:\/\/reviva.fi\/fi\/?s={search_term_string}\"},\"query-input\":{\"@type\":\"PropertyValueSpecification\",\"valueRequired\":true,\"valueName\":\"search_term_string\"}}],\"inLanguage\":\"fi\"},{\"@type\":\"Organization\",\"@id\":\"https:\/\/reviva.fi\/fi\/#organization\",\"name\":\"Reviva\",\"url\":\"https:\/\/reviva.fi\/fi\/\",\"logo\":{\"@type\":\"ImageObject\",\"inLanguage\":\"fi\",\"@id\":\"https:\/\/reviva.fi\/fi\/#\/schema\/logo\/image\/\",\"url\":\"https:\/\/reviva.fi\/wp-content\/uploads\/2023\/10\/reviva-logo2.svg\",\"contentUrl\":\"https:\/\/reviva.fi\/wp-content\/uploads\/2023\/10\/reviva-logo2.svg\",\"caption\":\"Reviva\"},\"image\":{\"@id\":\"https:\/\/reviva.fi\/fi\/#\/schema\/logo\/image\/\"}}]}<\/script>\n<meta property=\"product:price:amount\" content=\"16.20\" \/>\n<meta property=\"product:price:currency\" content=\"EUR\" \/>\n<meta property=\"og:availability\" content=\"instock\" \/>\n<meta property=\"product:availability\" content=\"instock\" \/>\n<meta property=\"product:retailer_item_id\" content=\"8613-60\" \/>\n<meta property=\"product:condition\" content=\"new\" \/>\n<!-- \/ Yoast SEO plugin. -->","yoast_head_json":{"title":"Multi-Guard for kids Gummies - Lamberts - Reviva","description":"Multi-Guard for kids Gummies - Lamberts mansikanmakuiset gummit ilman lis\u00e4tty\u00e4 sokeria tai makeutusaineita. runsaasti vitamiineja ja kivenn\u00e4isaineita.","robots":{"index":"index","follow":"follow","max-snippet":"max-snippet:-1","max-image-preview":"max-image-preview:large","max-video-preview":"max-video-preview:-1"},"canonical":"https:\/\/reviva.fi\/fi\/tuote\/multi-guard-for-kids-gummies-lamberts\/","og_locale":"fi_FI","og_type":"article","og_title":"Multi-Guard for kids Gummies - Lamberts - Reviva","og_description":"Multi-Guard for kids Gummies - Lamberts mansikanmakuiset gummit ilman lis\u00e4tty\u00e4 sokeria tai makeutusaineita. runsaasti vitamiineja ja kivenn\u00e4isaineita.","og_url":"https:\/\/reviva.fi\/fi\/tuote\/multi-guard-for-kids-gummies-lamberts\/","og_site_name":"Reviva","article_modified_time":"2025-08-04T12:31:53+00:00","og_image":[{"width":640,"height":640,"url":"https:\/\/reviva.fi\/wp-content\/uploads\/2025\/06\/8613-60-Multi-guard-for-kids-Photoroom.png","type":"image\/png"}],"twitter_card":"summary_large_image","schema":{"@context":"https:\/\/schema.org","@graph":[{"@type":"WebPage","@id":"https:\/\/reviva.fi\/fi\/tuote\/multi-guard-for-kids-gummies-lamberts\/","url":"https:\/\/reviva.fi\/fi\/tuote\/multi-guard-for-kids-gummies-lamberts\/","name":"Multi-Guard for kids Gummies - Lamberts - Reviva","isPartOf":{"@id":"https:\/\/reviva.fi\/fi\/#website"},"primaryImageOfPage":{"@id":"https:\/\/reviva.fi\/fi\/tuote\/multi-guard-for-kids-gummies-lamberts\/#primaryimage"},"image":{"@id":"https:\/\/reviva.fi\/fi\/tuote\/multi-guard-for-kids-gummies-lamberts\/#primaryimage"},"thumbnailUrl":"https:\/\/reviva.fi\/wp-content\/uploads\/2025\/06\/8613-60-Multi-guard-for-kids-Photoroom.png","datePublished":"2025-06-26T07:13:28+00:00","dateModified":"2025-08-04T12:31:53+00:00","description":"Multi-Guard for kids Gummies - Lamberts mansikanmakuiset gummit ilman lis\u00e4tty\u00e4 sokeria tai makeutusaineita. runsaasti vitamiineja ja kivenn\u00e4isaineita.","breadcrumb":{"@id":"https:\/\/reviva.fi\/fi\/tuote\/multi-guard-for-kids-gummies-lamberts\/#breadcrumb"},"inLanguage":"fi","potentialAction":[{"@type":"ReadAction","target":["https:\/\/reviva.fi\/fi\/tuote\/multi-guard-for-kids-gummies-lamberts\/"]}]},{"@type":"ImageObject","inLanguage":"fi","@id":"https:\/\/reviva.fi\/fi\/tuote\/multi-guard-for-kids-gummies-lamberts\/#primaryimage","url":"https:\/\/reviva.fi\/wp-content\/uploads\/2025\/06\/8613-60-Multi-guard-for-kids-Photoroom.png","contentUrl":"https:\/\/reviva.fi\/wp-content\/uploads\/2025\/06\/8613-60-Multi-guard-for-kids-Photoroom.png","width":640,"height":640,"caption":"Multi-Guard for kids Gummies - Lamberts"},{"@type":"BreadcrumbList","@id":"https:\/\/reviva.fi\/fi\/tuote\/multi-guard-for-kids-gummies-lamberts\/#breadcrumb","itemListElement":[{"@type":"ListItem","position":1,"name":"Etusivu","item":"https:\/\/reviva.fi\/fi\/"},{"@type":"ListItem","position":2,"name":"Tuotteet","item":"https:\/\/reviva.fi\/produkter\/"},{"@type":"ListItem","position":3,"name":"Multi-Guard for kids Gummies &#8211; Lamberts"}]},{"@type":"WebSite","@id":"https:\/\/reviva.fi\/fi\/#website","url":"https:\/\/reviva.fi\/fi\/","name":"Reviva","description":"","publisher":{"@id":"https:\/\/reviva.fi\/fi\/#organization"},"potentialAction":[{"@type":"SearchAction","target":{"@type":"EntryPoint","urlTemplate":"https:\/\/reviva.fi\/fi\/?s={search_term_string}"},"query-input":{"@type":"PropertyValueSpecification","valueRequired":true,"valueName":"search_term_string"}}],"inLanguage":"fi"},{"@type":"Organization","@id":"https:\/\/reviva.fi\/fi\/#organization","name":"Reviva","url":"https:\/\/reviva.fi\/fi\/","logo":{"@type":"ImageObject","inLanguage":"fi","@id":"https:\/\/reviva.fi\/fi\/#\/schema\/logo\/image\/","url":"https:\/\/reviva.fi\/wp-content\/uploads\/2023\/10\/reviva-logo2.svg","contentUrl":"https:\/\/reviva.fi\/wp-content\/uploads\/2023\/10\/reviva-logo2.svg","caption":"Reviva"},"image":{"@id":"https:\/\/reviva.fi\/fi\/#\/schema\/logo\/image\/"}}]},"product_price_amount":"16.20","product_price_currency":"EUR","og_availability":"instock","product_availability":"instock","product_retailer_item_id":"8613-60","product_condition":"new"},"taxonomy_info":{"product_cat":[{"value":96,"label":"Vitamiinit"},{"value":5961,"label":"Multi-vitamiini"},{"value":93,"label":"Mineraalit"},{"value":5972,"label":"Mono-mineraali"},{"value":5978,"label":"Multi tuotteet"},{"value":2444,"label":"Lamberts"},{"value":5980,"label":"Lapset"}]},"featured_image_src_large":["https:\/\/reviva.fi\/wp-content\/uploads\/2025\/06\/8613-60-Multi-guard-for-kids-Photoroom.png",640,640,false],"author_info":[],"comment_info":0,"_links":{"self":[{"href":"https:\/\/reviva.fi\/fi\/wp-json\/wp\/v2\/product\/12481","targetHints":{"allow":["GET"]}}],"collection":[{"href":"https:\/\/reviva.fi\/fi\/wp-json\/wp\/v2\/product"}],"about":[{"href":"https:\/\/reviva.fi\/fi\/wp-json\/wp\/v2\/types\/product"}],"replies":[{"embeddable":true,"href":"https:\/\/reviva.fi\/fi\/wp-json\/wp\/v2\/comments?post=12481"}],"wp:featuredmedia":[{"embeddable":true,"href":"https:\/\/reviva.fi\/fi\/wp-json\/wp\/v2\/media\/12251"}],"wp:attachment":[{"href":"https:\/\/reviva.fi\/fi\/wp-json\/wp\/v2\/media?parent=12481"}],"wp:term":[{"taxonomy":"product_brand","embeddable":true,"href":"https:\/\/reviva.fi\/fi\/wp-json\/wp\/v2\/product_brand?post=12481"},{"taxonomy":"product_cat","embeddable":true,"href":"https:\/\/reviva.fi\/fi\/wp-json\/wp\/v2\/product_cat?post=12481"},{"taxonomy":"product_tag","embeddable":true,"href":"https:\/\/reviva.fi\/fi\/wp-json\/wp\/v2\/product_tag?post=12481"}],"curies":[{"name":"wp","href":"https:\/\/api.w.org\/{rel}","templated":true}]}}