{"id":12484,"date":"2025-06-26T14:07:27","date_gmt":"2025-06-26T11:07:27","guid":{"rendered":"https:\/\/reviva.fi\/product\/biome-balance-advance-gummies-lamberts\/"},"modified":"2025-08-04T15:36:37","modified_gmt":"2025-08-04T12:36:37","slug":"biome-balance-advance-gummies-lamberts","status":"publish","type":"product","link":"https:\/\/reviva.fi\/fi\/tuote\/biome-balance-advance-gummies-lamberts\/","title":{"rendered":"Biome Balance Advance Gummies &#8211; Lamberts"},"content":{"rendered":"<p>Biome Balance Advance Gummies &#8211; Lamberts<\/p>\n<p data-start=\"34\" data-end=\"293\"><strong data-start=\"34\" data-end=\"78\">Lamberts\u00ae Biome Balance Advanced-gummies <\/strong>Sis\u00e4lt\u00e4\u00e4 miljardin el\u00e4v\u00e4\u00e4 bakteeria hyvin tutkitusta ja hy\u00f6dyllisest\u00e4 kannasta \u2013 <em data-start=\"81\" data-end=\"100\">Bacillus subtilis<\/em> \u2013 joka on sek\u00e4 monipuolinen ett\u00e4 kest\u00e4v\u00e4. T\u00e4m\u00e4 tekee siit\u00e4 arvokkaan lis\u00e4n terveelliseen el\u00e4m\u00e4ntapaan.<\/p>\n<p data-start=\"205\" data-end=\"489\" data-is-last-node=\"\" data-is-only-node=\"\">Olemme lis\u00e4nneet tuotteeseen my\u00f6s frukto-oligosakkarideja (FOS), jotka toimivat ravintona el\u00e4ville bakteereille.<br data-start=\"317\" data-end=\"320\" \/>Biome Balance Advanced -gummit sis\u00e4lt\u00e4v\u00e4t lis\u00e4ksi inaktivoidun muodon <em data-start=\"390\" data-end=\"415\">Lactobacillus plantarum<\/em> L-137 -kannasta, joka tarjoaa monia samoja hy\u00f6tyj\u00e4 kuin el\u00e4v\u00e4t bakteerit.<\/p>\n","protected":false},"excerpt":{"rendered":"<ul>\n<li>Edistynyt bakteerilis\u00e4, joka on suunniteltu t\u00e4ydent\u00e4m\u00e4\u00e4n suolistossa luonnostaan esiintyvi\u00e4 bakteereja.<\/li>\n<li>Sis\u00e4lt\u00e4\u00e4 hyvin dokumentoituja bakteerikantoja, jotka voivat edist\u00e4\u00e4 tervett\u00e4 ruoansulatusta.<\/li>\n<li>Sis\u00e4lt\u00e4\u00e4 prebioottista FOS-kuitua hyvien suolistobakteerien tueksi.<\/li>\n<li>Luonnolliset mansikan- ja appelsiininmakuiset gummiesit ilman lis\u00e4tty\u00e4 sokeria tai makeutusaineita.<\/li>\n<\/ul>\n<h5>30 gummies<\/h5>\n","protected":false},"featured_media":12255,"comment_status":"closed","ping_status":"closed","template":"","meta":{"_acf_changed":false,"inline_featured_image":false,"_kad_blocks_custom_css":"","_kad_blocks_head_custom_js":"","_kad_blocks_body_custom_js":"","_kad_blocks_footer_custom_js":"","_kadence_starter_templates_imported_post":false,"_kad_post_transparent":"default","_kad_post_title":"","_kad_post_layout":"default","_kad_post_sidebar_id":"","_kad_post_content_style":"default","_kad_post_vertical_padding":"default","_kad_post_feature":"","_kad_post_feature_position":"","_kad_post_header":false,"_kad_post_footer":false},"product_brand":[],"product_cat":[5976,2444,5980,2387,2357],"product_tag":[],"class_list":{"0":"post-12484","1":"product","2":"type-product","3":"status-publish","4":"has-post-thumbnail","6":"product_cat-mjolksyrebakterier-fi","7":"product_cat-lamberts-fi","8":"product_cat-barn-fi","9":"product_cat-mage-och-tarm-fi","10":"product_cat-immunforsvar-fi","12":"first","13":"instock","14":"taxable","15":"shipping-taxable","16":"purchasable","17":"product-type-simple","18":"entry","19":"content-bg","20":"loop-entry"},"acf":[],"yoast_head":"<!-- This site is optimized with the Yoast SEO plugin v25.8 - https:\/\/yoast.com\/wordpress\/plugins\/seo\/ -->\n<title>Biome Balance Advance Gummies - Lamberts - Reviva<\/title>\n<meta name=\"description\" content=\"Biome Balance Advance Gummies - Lamberts miljardi el\u00e4v\u00e4\u00e4 bakteeria, FOS-kuituja ja inaktivoitua Lactobacillus plantarum L-137 -maitohappobakteeria.\" \/>\n<meta name=\"robots\" content=\"index, follow, max-snippet:-1, max-image-preview:large, max-video-preview:-1\" \/>\n<link rel=\"canonical\" href=\"https:\/\/reviva.fi\/fi\/tuote\/biome-balance-advance-gummies-lamberts\/\" \/>\n<meta property=\"og:locale\" content=\"fi_FI\" \/>\n<meta property=\"og:type\" content=\"article\" \/>\n<meta property=\"og:title\" content=\"Biome Balance Advance Gummies - Lamberts - Reviva\" \/>\n<meta property=\"og:description\" content=\"Biome Balance Advance Gummies - Lamberts miljardi el\u00e4v\u00e4\u00e4 bakteeria, FOS-kuituja ja inaktivoitua Lactobacillus plantarum L-137 -maitohappobakteeria.\" \/>\n<meta property=\"og:url\" content=\"https:\/\/reviva.fi\/fi\/tuote\/biome-balance-advance-gummies-lamberts\/\" \/>\n<meta property=\"og:site_name\" content=\"Reviva\" \/>\n<meta property=\"article:modified_time\" content=\"2025-08-04T12:36:37+00:00\" \/>\n<meta property=\"og:image\" content=\"https:\/\/reviva.fi\/wp-content\/uploads\/2025\/06\/8615-30-Biome-balance-gummies-Photoroom-e1750934707280.png\" \/>\n\t<meta property=\"og:image:width\" content=\"1200\" \/>\n\t<meta property=\"og:image:height\" content=\"630\" \/>\n\t<meta property=\"og:image:type\" content=\"image\/png\" \/>\n<meta name=\"twitter:card\" content=\"summary_large_image\" \/>\n<script type=\"application\/ld+json\" class=\"yoast-schema-graph\">{\"@context\":\"https:\/\/schema.org\",\"@graph\":[{\"@type\":\"WebPage\",\"@id\":\"https:\/\/reviva.fi\/fi\/tuote\/biome-balance-advance-gummies-lamberts\/\",\"url\":\"https:\/\/reviva.fi\/fi\/tuote\/biome-balance-advance-gummies-lamberts\/\",\"name\":\"Biome Balance Advance Gummies - Lamberts - Reviva\",\"isPartOf\":{\"@id\":\"https:\/\/reviva.fi\/fi\/#website\"},\"primaryImageOfPage\":{\"@id\":\"https:\/\/reviva.fi\/fi\/tuote\/biome-balance-advance-gummies-lamberts\/#primaryimage\"},\"image\":{\"@id\":\"https:\/\/reviva.fi\/fi\/tuote\/biome-balance-advance-gummies-lamberts\/#primaryimage\"},\"thumbnailUrl\":\"https:\/\/reviva.fi\/wp-content\/uploads\/2025\/06\/8615-30-Biome-balance-gummies-Photoroom-e1750934707280.png\",\"datePublished\":\"2025-06-26T11:07:27+00:00\",\"dateModified\":\"2025-08-04T12:36:37+00:00\",\"description\":\"Biome Balance Advance Gummies - Lamberts miljardi el\u00e4v\u00e4\u00e4 bakteeria, FOS-kuituja ja inaktivoitua Lactobacillus plantarum L-137 -maitohappobakteeria.\",\"breadcrumb\":{\"@id\":\"https:\/\/reviva.fi\/fi\/tuote\/biome-balance-advance-gummies-lamberts\/#breadcrumb\"},\"inLanguage\":\"fi\",\"potentialAction\":[{\"@type\":\"ReadAction\",\"target\":[\"https:\/\/reviva.fi\/fi\/tuote\/biome-balance-advance-gummies-lamberts\/\"]}]},{\"@type\":\"ImageObject\",\"inLanguage\":\"fi\",\"@id\":\"https:\/\/reviva.fi\/fi\/tuote\/biome-balance-advance-gummies-lamberts\/#primaryimage\",\"url\":\"https:\/\/reviva.fi\/wp-content\/uploads\/2025\/06\/8615-30-Biome-balance-gummies-Photoroom-e1750934707280.png\",\"contentUrl\":\"https:\/\/reviva.fi\/wp-content\/uploads\/2025\/06\/8615-30-Biome-balance-gummies-Photoroom-e1750934707280.png\",\"width\":1200,\"height\":630,\"caption\":\"Biome Balance Advance Gummies - Lamberts\"},{\"@type\":\"BreadcrumbList\",\"@id\":\"https:\/\/reviva.fi\/fi\/tuote\/biome-balance-advance-gummies-lamberts\/#breadcrumb\",\"itemListElement\":[{\"@type\":\"ListItem\",\"position\":1,\"name\":\"Etusivu\",\"item\":\"https:\/\/reviva.fi\/fi\/\"},{\"@type\":\"ListItem\",\"position\":2,\"name\":\"Tuotteet\",\"item\":\"https:\/\/reviva.fi\/produkter\/\"},{\"@type\":\"ListItem\",\"position\":3,\"name\":\"Biome Balance Advance Gummies &#8211; Lamberts\"}]},{\"@type\":\"WebSite\",\"@id\":\"https:\/\/reviva.fi\/fi\/#website\",\"url\":\"https:\/\/reviva.fi\/fi\/\",\"name\":\"Reviva\",\"description\":\"\",\"publisher\":{\"@id\":\"https:\/\/reviva.fi\/fi\/#organization\"},\"potentialAction\":[{\"@type\":\"SearchAction\",\"target\":{\"@type\":\"EntryPoint\",\"urlTemplate\":\"https:\/\/reviva.fi\/fi\/?s={search_term_string}\"},\"query-input\":{\"@type\":\"PropertyValueSpecification\",\"valueRequired\":true,\"valueName\":\"search_term_string\"}}],\"inLanguage\":\"fi\"},{\"@type\":\"Organization\",\"@id\":\"https:\/\/reviva.fi\/fi\/#organization\",\"name\":\"Reviva\",\"url\":\"https:\/\/reviva.fi\/fi\/\",\"logo\":{\"@type\":\"ImageObject\",\"inLanguage\":\"fi\",\"@id\":\"https:\/\/reviva.fi\/fi\/#\/schema\/logo\/image\/\",\"url\":\"https:\/\/reviva.fi\/wp-content\/uploads\/2023\/10\/reviva-logo2.svg\",\"contentUrl\":\"https:\/\/reviva.fi\/wp-content\/uploads\/2023\/10\/reviva-logo2.svg\",\"caption\":\"Reviva\"},\"image\":{\"@id\":\"https:\/\/reviva.fi\/fi\/#\/schema\/logo\/image\/\"}}]}<\/script>\n<meta property=\"product:price:amount\" content=\"22.70\" \/>\n<meta property=\"product:price:currency\" content=\"EUR\" \/>\n<meta property=\"og:availability\" content=\"instock\" \/>\n<meta property=\"product:availability\" content=\"instock\" \/>\n<meta property=\"product:retailer_item_id\" content=\"8615-30\" \/>\n<meta property=\"product:condition\" content=\"new\" \/>\n<!-- \/ Yoast SEO plugin. -->","yoast_head_json":{"title":"Biome Balance Advance Gummies - Lamberts - Reviva","description":"Biome Balance Advance Gummies - Lamberts miljardi el\u00e4v\u00e4\u00e4 bakteeria, FOS-kuituja ja inaktivoitua Lactobacillus plantarum L-137 -maitohappobakteeria.","robots":{"index":"index","follow":"follow","max-snippet":"max-snippet:-1","max-image-preview":"max-image-preview:large","max-video-preview":"max-video-preview:-1"},"canonical":"https:\/\/reviva.fi\/fi\/tuote\/biome-balance-advance-gummies-lamberts\/","og_locale":"fi_FI","og_type":"article","og_title":"Biome Balance Advance Gummies - Lamberts - Reviva","og_description":"Biome Balance Advance Gummies - Lamberts miljardi el\u00e4v\u00e4\u00e4 bakteeria, FOS-kuituja ja inaktivoitua Lactobacillus plantarum L-137 -maitohappobakteeria.","og_url":"https:\/\/reviva.fi\/fi\/tuote\/biome-balance-advance-gummies-lamberts\/","og_site_name":"Reviva","article_modified_time":"2025-08-04T12:36:37+00:00","og_image":[{"width":1200,"height":630,"url":"https:\/\/reviva.fi\/wp-content\/uploads\/2025\/06\/8615-30-Biome-balance-gummies-Photoroom-e1750934707280.png","type":"image\/png"}],"twitter_card":"summary_large_image","schema":{"@context":"https:\/\/schema.org","@graph":[{"@type":"WebPage","@id":"https:\/\/reviva.fi\/fi\/tuote\/biome-balance-advance-gummies-lamberts\/","url":"https:\/\/reviva.fi\/fi\/tuote\/biome-balance-advance-gummies-lamberts\/","name":"Biome Balance Advance Gummies - Lamberts - Reviva","isPartOf":{"@id":"https:\/\/reviva.fi\/fi\/#website"},"primaryImageOfPage":{"@id":"https:\/\/reviva.fi\/fi\/tuote\/biome-balance-advance-gummies-lamberts\/#primaryimage"},"image":{"@id":"https:\/\/reviva.fi\/fi\/tuote\/biome-balance-advance-gummies-lamberts\/#primaryimage"},"thumbnailUrl":"https:\/\/reviva.fi\/wp-content\/uploads\/2025\/06\/8615-30-Biome-balance-gummies-Photoroom-e1750934707280.png","datePublished":"2025-06-26T11:07:27+00:00","dateModified":"2025-08-04T12:36:37+00:00","description":"Biome Balance Advance Gummies - Lamberts miljardi el\u00e4v\u00e4\u00e4 bakteeria, FOS-kuituja ja inaktivoitua Lactobacillus plantarum L-137 -maitohappobakteeria.","breadcrumb":{"@id":"https:\/\/reviva.fi\/fi\/tuote\/biome-balance-advance-gummies-lamberts\/#breadcrumb"},"inLanguage":"fi","potentialAction":[{"@type":"ReadAction","target":["https:\/\/reviva.fi\/fi\/tuote\/biome-balance-advance-gummies-lamberts\/"]}]},{"@type":"ImageObject","inLanguage":"fi","@id":"https:\/\/reviva.fi\/fi\/tuote\/biome-balance-advance-gummies-lamberts\/#primaryimage","url":"https:\/\/reviva.fi\/wp-content\/uploads\/2025\/06\/8615-30-Biome-balance-gummies-Photoroom-e1750934707280.png","contentUrl":"https:\/\/reviva.fi\/wp-content\/uploads\/2025\/06\/8615-30-Biome-balance-gummies-Photoroom-e1750934707280.png","width":1200,"height":630,"caption":"Biome Balance Advance Gummies - Lamberts"},{"@type":"BreadcrumbList","@id":"https:\/\/reviva.fi\/fi\/tuote\/biome-balance-advance-gummies-lamberts\/#breadcrumb","itemListElement":[{"@type":"ListItem","position":1,"name":"Etusivu","item":"https:\/\/reviva.fi\/fi\/"},{"@type":"ListItem","position":2,"name":"Tuotteet","item":"https:\/\/reviva.fi\/produkter\/"},{"@type":"ListItem","position":3,"name":"Biome Balance Advance Gummies &#8211; Lamberts"}]},{"@type":"WebSite","@id":"https:\/\/reviva.fi\/fi\/#website","url":"https:\/\/reviva.fi\/fi\/","name":"Reviva","description":"","publisher":{"@id":"https:\/\/reviva.fi\/fi\/#organization"},"potentialAction":[{"@type":"SearchAction","target":{"@type":"EntryPoint","urlTemplate":"https:\/\/reviva.fi\/fi\/?s={search_term_string}"},"query-input":{"@type":"PropertyValueSpecification","valueRequired":true,"valueName":"search_term_string"}}],"inLanguage":"fi"},{"@type":"Organization","@id":"https:\/\/reviva.fi\/fi\/#organization","name":"Reviva","url":"https:\/\/reviva.fi\/fi\/","logo":{"@type":"ImageObject","inLanguage":"fi","@id":"https:\/\/reviva.fi\/fi\/#\/schema\/logo\/image\/","url":"https:\/\/reviva.fi\/wp-content\/uploads\/2023\/10\/reviva-logo2.svg","contentUrl":"https:\/\/reviva.fi\/wp-content\/uploads\/2023\/10\/reviva-logo2.svg","caption":"Reviva"},"image":{"@id":"https:\/\/reviva.fi\/fi\/#\/schema\/logo\/image\/"}}]},"product_price_amount":"22.70","product_price_currency":"EUR","og_availability":"instock","product_availability":"instock","product_retailer_item_id":"8615-30","product_condition":"new"},"taxonomy_info":{"product_cat":[{"value":5976,"label":"Maitohappobakteerit"},{"value":2444,"label":"Lamberts"},{"value":5980,"label":"Lapset"},{"value":2387,"label":"Maha &amp; Suolisto"},{"value":2357,"label":"Immuunipuolustus"}]},"featured_image_src_large":["https:\/\/reviva.fi\/wp-content\/uploads\/2025\/06\/8615-30-Biome-balance-gummies-Photoroom-1024x538.png",1024,538,true],"author_info":[],"comment_info":0,"_links":{"self":[{"href":"https:\/\/reviva.fi\/fi\/wp-json\/wp\/v2\/product\/12484","targetHints":{"allow":["GET"]}}],"collection":[{"href":"https:\/\/reviva.fi\/fi\/wp-json\/wp\/v2\/product"}],"about":[{"href":"https:\/\/reviva.fi\/fi\/wp-json\/wp\/v2\/types\/product"}],"replies":[{"embeddable":true,"href":"https:\/\/reviva.fi\/fi\/wp-json\/wp\/v2\/comments?post=12484"}],"wp:featuredmedia":[{"embeddable":true,"href":"https:\/\/reviva.fi\/fi\/wp-json\/wp\/v2\/media\/12255"}],"wp:attachment":[{"href":"https:\/\/reviva.fi\/fi\/wp-json\/wp\/v2\/media?parent=12484"}],"wp:term":[{"taxonomy":"product_brand","embeddable":true,"href":"https:\/\/reviva.fi\/fi\/wp-json\/wp\/v2\/product_brand?post=12484"},{"taxonomy":"product_cat","embeddable":true,"href":"https:\/\/reviva.fi\/fi\/wp-json\/wp\/v2\/product_cat?post=12484"},{"taxonomy":"product_tag","embeddable":true,"href":"https:\/\/reviva.fi\/fi\/wp-json\/wp\/v2\/product_tag?post=12484"}],"curies":[{"name":"wp","href":"https:\/\/api.w.org\/{rel}","templated":true}]}}