{"id":12488,"date":"2025-06-26T15:50:39","date_gmt":"2025-06-26T12:50:39","guid":{"rendered":"https:\/\/reviva.fi\/product\/magnesium-citrate-gummies-lamberts\/"},"modified":"2025-08-05T08:31:24","modified_gmt":"2025-08-05T05:31:24","slug":"magnesium-citrate-gummies-lamberts","status":"publish","type":"product","link":"https:\/\/reviva.fi\/fi\/tuote\/magnesium-citrate-gummies-lamberts\/","title":{"rendered":"Magnesium Citrate Gummies &#8211; Lamberts"},"content":{"rendered":"<h3>Magnesium Citrate Gummies &#8211; Lamberts<\/h3>\n<p data-start=\"40\" data-end=\"268\"><strong data-start=\"40\" data-end=\"79\">Lamberts\u00ae Magnesium Citrate Gummies<\/strong><\/p>\n<p data-start=\"0\" data-end=\"179\">Sis\u00e4lt\u00e4\u00e4 150 mg elementaarista magnesiumia herkullisissa kirsikan- ja mansikanmakuisissa gummies-karkeissa. Magnesium on sitraattimuodossa, joka imeytyy elimist\u00f6\u00f6n eritt\u00e4in hyvin.<\/p>\n<p data-start=\"181\" data-end=\"519\">Jopa 70 % naisista ja 50 % miehist\u00e4 ei saa riitt\u00e4v\u00e4sti t\u00e4t\u00e4 t\u00e4rke\u00e4\u00e4 kivenn\u00e4isainetta ruokavaliosta, joten t\u00e4m\u00e4 ravintolis\u00e4 on erinomainen valinta magnesiumtason t\u00e4ydent\u00e4miseen. Testit, joissa magnesiumsitraattia on verrattu kahteen muuhun yleiseen magnesiumin muotoon, ovat osoittaneet, ett\u00e4 sitraattimuoto imeytyy huomattavasti paremmin.<\/p>\n<p data-start=\"521\" data-end=\"624\">Magnesium on kivenn\u00e4isaine, joka osallistuu yli 300 entsyymireaktioon elimist\u00f6ss\u00e4 ja edist\u00e4\u00e4 normaalia:<\/p>\n<ul>\n<li data-start=\"628\" data-end=\"654\">energia-aineenvaihduntaa<\/li>\n<li data-start=\"628\" data-end=\"654\">hermoston toimintaa<\/li>\n<li data-start=\"628\" data-end=\"654\">lihasten toimintaa<\/li>\n<li data-start=\"628\" data-end=\"654\">proteiinisynteesi\u00e4<\/li>\n<li data-start=\"628\" data-end=\"654\">psykologista toimintaa<\/li>\n<\/ul>\n","protected":false},"excerpt":{"rendered":"<ul>\n<li>Sis\u00e4lt\u00e4\u00e4 150 mg magnesiumia sitraattimuodossa parhaan mahdollisen imeytyvyyden takaamiseksi.<\/li>\n<li>Testit kahden muun yleisen magnesiumyhdisteen kanssa osoittivat, ett\u00e4 magnesiumsitraatilla on ylivoimainen imeytyvyys.<\/li>\n<li>Herkulliset mansikan- ja kirsikanmakuiset gummiesit \u2013 ilman sokeria.<\/li>\n<li>Magnesium edist\u00e4\u00e4 luiden ja lihasten, mukaan lukien syd\u00e4nlihaksen, normaalia toimintaa.<\/li>\n<li>Tukee energiatasoja ja auttaa v\u00e4hent\u00e4m\u00e4\u00e4n v\u00e4symyst\u00e4 ja uupumusta.<\/li>\n<li>Auttaa yll\u00e4pit\u00e4m\u00e4\u00e4n hermoston normaalia toimintaa.<\/li>\n<\/ul>\n<h5>40 gummies<\/h5>\n","protected":false},"featured_media":12261,"comment_status":"closed","ping_status":"closed","template":"","meta":{"_acf_changed":false,"inline_featured_image":false,"_kad_blocks_custom_css":"","_kad_blocks_head_custom_js":"","_kad_blocks_body_custom_js":"","_kad_blocks_footer_custom_js":"","_kadence_starter_templates_imported_post":false,"_kad_post_transparent":"default","_kad_post_title":"","_kad_post_layout":"default","_kad_post_sidebar_id":"","_kad_post_content_style":"default","_kad_post_vertical_padding":"default","_kad_post_feature":"","_kad_post_feature_position":"","_kad_post_header":false,"_kad_post_footer":false},"product_brand":[],"product_cat":[93,92,2444,5980,2376,2371,2375],"product_tag":[],"class_list":{"0":"post-12488","1":"product","2":"type-product","3":"status-publish","4":"has-post-thumbnail","6":"product_cat-mineraler-fi","7":"product_cat-magnesium-fi","8":"product_cat-lamberts-fi","9":"product_cat-barn-fi","10":"product_cat-stressad-och-trott-fi","11":"product_cat-muskler-och-leder-fi","12":"product_cat-traning-fi","14":"first","15":"instock","16":"taxable","17":"shipping-taxable","18":"purchasable","19":"product-type-simple","20":"entry","21":"content-bg","22":"loop-entry"},"acf":[],"yoast_head":"<!-- This site is optimized with the Yoast SEO plugin v25.8 - https:\/\/yoast.com\/wordpress\/plugins\/seo\/ -->\n<title>Magnesium Citrate Gummies - Lamberts - Reviva<\/title>\n<meta name=\"description\" content=\"Magnesium Citrate Gummies - Lambertsherkullisen kirsikan ja mansikan makuinen \u2013 Tukemaan lihaksia, energiantuotantoa ja hermoston toimintaa.\" \/>\n<meta name=\"robots\" content=\"index, follow, max-snippet:-1, max-image-preview:large, max-video-preview:-1\" \/>\n<link rel=\"canonical\" href=\"https:\/\/reviva.fi\/fi\/tuote\/magnesium-citrate-gummies-lamberts\/\" \/>\n<meta property=\"og:locale\" content=\"fi_FI\" \/>\n<meta property=\"og:type\" content=\"article\" \/>\n<meta property=\"og:title\" content=\"Magnesium Citrate Gummies - Lamberts - Reviva\" \/>\n<meta property=\"og:description\" content=\"Magnesium Citrate Gummies - Lambertsherkullisen kirsikan ja mansikan makuinen \u2013 Tukemaan lihaksia, energiantuotantoa ja hermoston toimintaa.\" \/>\n<meta property=\"og:url\" content=\"https:\/\/reviva.fi\/fi\/tuote\/magnesium-citrate-gummies-lamberts\/\" \/>\n<meta property=\"og:site_name\" content=\"Reviva\" \/>\n<meta property=\"article:modified_time\" content=\"2025-08-05T05:31:24+00:00\" \/>\n<meta property=\"og:image\" content=\"https:\/\/reviva.fi\/wp-content\/uploads\/2025\/06\/8617-40-Magnesium-citrate-Photoroom.png\" \/>\n\t<meta property=\"og:image:width\" content=\"640\" \/>\n\t<meta property=\"og:image:height\" content=\"640\" \/>\n\t<meta property=\"og:image:type\" content=\"image\/png\" \/>\n<meta name=\"twitter:card\" content=\"summary_large_image\" \/>\n<script type=\"application\/ld+json\" class=\"yoast-schema-graph\">{\"@context\":\"https:\/\/schema.org\",\"@graph\":[{\"@type\":\"WebPage\",\"@id\":\"https:\/\/reviva.fi\/fi\/tuote\/magnesium-citrate-gummies-lamberts\/\",\"url\":\"https:\/\/reviva.fi\/fi\/tuote\/magnesium-citrate-gummies-lamberts\/\",\"name\":\"Magnesium Citrate Gummies - Lamberts - Reviva\",\"isPartOf\":{\"@id\":\"https:\/\/reviva.fi\/fi\/#website\"},\"primaryImageOfPage\":{\"@id\":\"https:\/\/reviva.fi\/fi\/tuote\/magnesium-citrate-gummies-lamberts\/#primaryimage\"},\"image\":{\"@id\":\"https:\/\/reviva.fi\/fi\/tuote\/magnesium-citrate-gummies-lamberts\/#primaryimage\"},\"thumbnailUrl\":\"https:\/\/reviva.fi\/wp-content\/uploads\/2025\/06\/8617-40-Magnesium-citrate-Photoroom.png\",\"datePublished\":\"2025-06-26T12:50:39+00:00\",\"dateModified\":\"2025-08-05T05:31:24+00:00\",\"description\":\"Magnesium Citrate Gummies - Lambertsherkullisen kirsikan ja mansikan makuinen \u2013 Tukemaan lihaksia, energiantuotantoa ja hermoston toimintaa.\",\"breadcrumb\":{\"@id\":\"https:\/\/reviva.fi\/fi\/tuote\/magnesium-citrate-gummies-lamberts\/#breadcrumb\"},\"inLanguage\":\"fi\",\"potentialAction\":[{\"@type\":\"ReadAction\",\"target\":[\"https:\/\/reviva.fi\/fi\/tuote\/magnesium-citrate-gummies-lamberts\/\"]}]},{\"@type\":\"ImageObject\",\"inLanguage\":\"fi\",\"@id\":\"https:\/\/reviva.fi\/fi\/tuote\/magnesium-citrate-gummies-lamberts\/#primaryimage\",\"url\":\"https:\/\/reviva.fi\/wp-content\/uploads\/2025\/06\/8617-40-Magnesium-citrate-Photoroom.png\",\"contentUrl\":\"https:\/\/reviva.fi\/wp-content\/uploads\/2025\/06\/8617-40-Magnesium-citrate-Photoroom.png\",\"width\":640,\"height\":640,\"caption\":\"Magnesium Citrate Gummies - Lamberts\"},{\"@type\":\"BreadcrumbList\",\"@id\":\"https:\/\/reviva.fi\/fi\/tuote\/magnesium-citrate-gummies-lamberts\/#breadcrumb\",\"itemListElement\":[{\"@type\":\"ListItem\",\"position\":1,\"name\":\"Etusivu\",\"item\":\"https:\/\/reviva.fi\/fi\/\"},{\"@type\":\"ListItem\",\"position\":2,\"name\":\"Tuotteet\",\"item\":\"https:\/\/reviva.fi\/produkter\/\"},{\"@type\":\"ListItem\",\"position\":3,\"name\":\"Magnesium Citrate Gummies &#8211; Lamberts\"}]},{\"@type\":\"WebSite\",\"@id\":\"https:\/\/reviva.fi\/fi\/#website\",\"url\":\"https:\/\/reviva.fi\/fi\/\",\"name\":\"Reviva\",\"description\":\"\",\"publisher\":{\"@id\":\"https:\/\/reviva.fi\/fi\/#organization\"},\"potentialAction\":[{\"@type\":\"SearchAction\",\"target\":{\"@type\":\"EntryPoint\",\"urlTemplate\":\"https:\/\/reviva.fi\/fi\/?s={search_term_string}\"},\"query-input\":{\"@type\":\"PropertyValueSpecification\",\"valueRequired\":true,\"valueName\":\"search_term_string\"}}],\"inLanguage\":\"fi\"},{\"@type\":\"Organization\",\"@id\":\"https:\/\/reviva.fi\/fi\/#organization\",\"name\":\"Reviva\",\"url\":\"https:\/\/reviva.fi\/fi\/\",\"logo\":{\"@type\":\"ImageObject\",\"inLanguage\":\"fi\",\"@id\":\"https:\/\/reviva.fi\/fi\/#\/schema\/logo\/image\/\",\"url\":\"https:\/\/reviva.fi\/wp-content\/uploads\/2023\/10\/reviva-logo2.svg\",\"contentUrl\":\"https:\/\/reviva.fi\/wp-content\/uploads\/2023\/10\/reviva-logo2.svg\",\"caption\":\"Reviva\"},\"image\":{\"@id\":\"https:\/\/reviva.fi\/fi\/#\/schema\/logo\/image\/\"}}]}<\/script>\n<meta property=\"product:price:amount\" content=\"19.80\" \/>\n<meta property=\"product:price:currency\" content=\"EUR\" \/>\n<meta property=\"og:availability\" content=\"instock\" \/>\n<meta property=\"product:availability\" content=\"instock\" \/>\n<meta property=\"product:retailer_item_id\" content=\"8617-40\" \/>\n<meta property=\"product:condition\" content=\"new\" \/>\n<!-- \/ Yoast SEO plugin. -->","yoast_head_json":{"title":"Magnesium Citrate Gummies - Lamberts - Reviva","description":"Magnesium Citrate Gummies - Lambertsherkullisen kirsikan ja mansikan makuinen \u2013 Tukemaan lihaksia, energiantuotantoa ja hermoston toimintaa.","robots":{"index":"index","follow":"follow","max-snippet":"max-snippet:-1","max-image-preview":"max-image-preview:large","max-video-preview":"max-video-preview:-1"},"canonical":"https:\/\/reviva.fi\/fi\/tuote\/magnesium-citrate-gummies-lamberts\/","og_locale":"fi_FI","og_type":"article","og_title":"Magnesium Citrate Gummies - Lamberts - Reviva","og_description":"Magnesium Citrate Gummies - Lambertsherkullisen kirsikan ja mansikan makuinen \u2013 Tukemaan lihaksia, energiantuotantoa ja hermoston toimintaa.","og_url":"https:\/\/reviva.fi\/fi\/tuote\/magnesium-citrate-gummies-lamberts\/","og_site_name":"Reviva","article_modified_time":"2025-08-05T05:31:24+00:00","og_image":[{"width":640,"height":640,"url":"https:\/\/reviva.fi\/wp-content\/uploads\/2025\/06\/8617-40-Magnesium-citrate-Photoroom.png","type":"image\/png"}],"twitter_card":"summary_large_image","schema":{"@context":"https:\/\/schema.org","@graph":[{"@type":"WebPage","@id":"https:\/\/reviva.fi\/fi\/tuote\/magnesium-citrate-gummies-lamberts\/","url":"https:\/\/reviva.fi\/fi\/tuote\/magnesium-citrate-gummies-lamberts\/","name":"Magnesium Citrate Gummies - Lamberts - Reviva","isPartOf":{"@id":"https:\/\/reviva.fi\/fi\/#website"},"primaryImageOfPage":{"@id":"https:\/\/reviva.fi\/fi\/tuote\/magnesium-citrate-gummies-lamberts\/#primaryimage"},"image":{"@id":"https:\/\/reviva.fi\/fi\/tuote\/magnesium-citrate-gummies-lamberts\/#primaryimage"},"thumbnailUrl":"https:\/\/reviva.fi\/wp-content\/uploads\/2025\/06\/8617-40-Magnesium-citrate-Photoroom.png","datePublished":"2025-06-26T12:50:39+00:00","dateModified":"2025-08-05T05:31:24+00:00","description":"Magnesium Citrate Gummies - Lambertsherkullisen kirsikan ja mansikan makuinen \u2013 Tukemaan lihaksia, energiantuotantoa ja hermoston toimintaa.","breadcrumb":{"@id":"https:\/\/reviva.fi\/fi\/tuote\/magnesium-citrate-gummies-lamberts\/#breadcrumb"},"inLanguage":"fi","potentialAction":[{"@type":"ReadAction","target":["https:\/\/reviva.fi\/fi\/tuote\/magnesium-citrate-gummies-lamberts\/"]}]},{"@type":"ImageObject","inLanguage":"fi","@id":"https:\/\/reviva.fi\/fi\/tuote\/magnesium-citrate-gummies-lamberts\/#primaryimage","url":"https:\/\/reviva.fi\/wp-content\/uploads\/2025\/06\/8617-40-Magnesium-citrate-Photoroom.png","contentUrl":"https:\/\/reviva.fi\/wp-content\/uploads\/2025\/06\/8617-40-Magnesium-citrate-Photoroom.png","width":640,"height":640,"caption":"Magnesium Citrate Gummies - Lamberts"},{"@type":"BreadcrumbList","@id":"https:\/\/reviva.fi\/fi\/tuote\/magnesium-citrate-gummies-lamberts\/#breadcrumb","itemListElement":[{"@type":"ListItem","position":1,"name":"Etusivu","item":"https:\/\/reviva.fi\/fi\/"},{"@type":"ListItem","position":2,"name":"Tuotteet","item":"https:\/\/reviva.fi\/produkter\/"},{"@type":"ListItem","position":3,"name":"Magnesium Citrate Gummies &#8211; Lamberts"}]},{"@type":"WebSite","@id":"https:\/\/reviva.fi\/fi\/#website","url":"https:\/\/reviva.fi\/fi\/","name":"Reviva","description":"","publisher":{"@id":"https:\/\/reviva.fi\/fi\/#organization"},"potentialAction":[{"@type":"SearchAction","target":{"@type":"EntryPoint","urlTemplate":"https:\/\/reviva.fi\/fi\/?s={search_term_string}"},"query-input":{"@type":"PropertyValueSpecification","valueRequired":true,"valueName":"search_term_string"}}],"inLanguage":"fi"},{"@type":"Organization","@id":"https:\/\/reviva.fi\/fi\/#organization","name":"Reviva","url":"https:\/\/reviva.fi\/fi\/","logo":{"@type":"ImageObject","inLanguage":"fi","@id":"https:\/\/reviva.fi\/fi\/#\/schema\/logo\/image\/","url":"https:\/\/reviva.fi\/wp-content\/uploads\/2023\/10\/reviva-logo2.svg","contentUrl":"https:\/\/reviva.fi\/wp-content\/uploads\/2023\/10\/reviva-logo2.svg","caption":"Reviva"},"image":{"@id":"https:\/\/reviva.fi\/fi\/#\/schema\/logo\/image\/"}}]},"product_price_amount":"19.80","product_price_currency":"EUR","og_availability":"instock","product_availability":"instock","product_retailer_item_id":"8617-40","product_condition":"new"},"taxonomy_info":{"product_cat":[{"value":93,"label":"Mineraalit"},{"value":92,"label":"Magnesium"},{"value":2444,"label":"Lamberts"},{"value":5980,"label":"Lapset"},{"value":2376,"label":"Stressaantunut &amp; V\u00e4synyt"},{"value":2371,"label":"Nivelet &amp; Lihakset"},{"value":2375,"label":"Harjoittelu"}]},"featured_image_src_large":["https:\/\/reviva.fi\/wp-content\/uploads\/2025\/06\/8617-40-Magnesium-citrate-Photoroom.png",640,640,false],"author_info":[],"comment_info":0,"_links":{"self":[{"href":"https:\/\/reviva.fi\/fi\/wp-json\/wp\/v2\/product\/12488","targetHints":{"allow":["GET"]}}],"collection":[{"href":"https:\/\/reviva.fi\/fi\/wp-json\/wp\/v2\/product"}],"about":[{"href":"https:\/\/reviva.fi\/fi\/wp-json\/wp\/v2\/types\/product"}],"replies":[{"embeddable":true,"href":"https:\/\/reviva.fi\/fi\/wp-json\/wp\/v2\/comments?post=12488"}],"wp:featuredmedia":[{"embeddable":true,"href":"https:\/\/reviva.fi\/fi\/wp-json\/wp\/v2\/media\/12261"}],"wp:attachment":[{"href":"https:\/\/reviva.fi\/fi\/wp-json\/wp\/v2\/media?parent=12488"}],"wp:term":[{"taxonomy":"product_brand","embeddable":true,"href":"https:\/\/reviva.fi\/fi\/wp-json\/wp\/v2\/product_brand?post=12488"},{"taxonomy":"product_cat","embeddable":true,"href":"https:\/\/reviva.fi\/fi\/wp-json\/wp\/v2\/product_cat?post=12488"},{"taxonomy":"product_tag","embeddable":true,"href":"https:\/\/reviva.fi\/fi\/wp-json\/wp\/v2\/product_tag?post=12488"}],"curies":[{"name":"wp","href":"https:\/\/api.w.org\/{rel}","templated":true}]}}