{"id":12496,"date":"2025-06-30T14:08:04","date_gmt":"2025-06-30T11:08:04","guid":{"rendered":"https:\/\/reviva.fi\/product\/algort\/"},"modified":"2026-01-28T09:58:48","modified_gmt":"2026-01-28T07:58:48","slug":"algort","status":"publish","type":"product","link":"https:\/\/reviva.fi\/fi\/tuote\/algort\/","title":{"rendered":"Mesiangervo"},"content":{"rendered":"<p data-start=\"0\" data-end=\"224\">Mesiangervo on perinteinen rohdoskasvi, jota on k\u00e4ytetty vuosisatojen ajan sen monipuolisten ominaisuuksien ansiosta. T\u00e4m\u00e4 tehokas kasviuute sis\u00e4lt\u00e4\u00e4 500 mg mesiangervoa per kapseli ja tarjoaa luonnollisen tavan tukea kehoa.<\/p>\n<ul>\n<li data-start=\"226\" data-end=\"565\">Mesiangervo sis\u00e4lt\u00e4\u00e4 luonnollisia salisylaatteja (sukua asetyylisalisyylihapolle\/aspiriinille).<\/li>\n<li data-start=\"226\" data-end=\"565\">Mesiangervo voi auttaa happaman vatsan vaivoissa.<\/li>\n<li data-start=\"226\" data-end=\"565\">Mesiangervo tukee virtsateit\u00e4 ja on liev\u00e4sti diureettinen.<\/li>\n<li data-start=\"226\" data-end=\"565\">Mesiangervo on runsas flavonoidien ja tanniinien l\u00e4hde ja on siksi t\u00e4rke\u00e4 antioksidantti sek\u00e4 tukee kehon omaa puhdistumiskyky\u00e4.<\/li>\n<\/ul>\n","protected":false},"excerpt":{"rendered":"<p>T\u00e4m\u00e4 tehokas kasviuute sis\u00e4lt\u00e4\u00e4 500 mg mesiangervoa per kapseli.<\/p>\n<p><strong>60 kapselia<\/strong><\/p>\n","protected":false},"featured_media":12287,"comment_status":"closed","ping_status":"closed","template":"","meta":{"_acf_changed":false,"inline_featured_image":false,"_kad_blocks_custom_css":"","_kad_blocks_head_custom_js":"","_kad_blocks_body_custom_js":"","_kad_blocks_footer_custom_js":"","_kadence_starter_templates_imported_post":false,"_kad_post_transparent":"default","_kad_post_title":"","_kad_post_layout":"default","_kad_post_sidebar_id":"","_kad_post_content_style":"default","_kad_post_vertical_padding":"default","_kad_post_feature":"","_kad_post_feature_position":"","_kad_post_header":false,"_kad_post_footer":false},"product_brand":[],"product_cat":[141,2454],"product_tag":[],"class_list":{"0":"post-12496","1":"product","2":"type-product","3":"status-publish","4":"has-post-thumbnail","6":"product_cat-orter-fi","7":"product_cat-evp-nutrition-fi","9":"first","10":"instock","11":"taxable","12":"shipping-taxable","13":"purchasable","14":"product-type-simple","15":"entry","16":"content-bg","17":"loop-entry"},"acf":[],"yoast_head":"<!-- This site is optimized with the Yoast SEO plugin v25.8 - https:\/\/yoast.com\/wordpress\/plugins\/seo\/ -->\n<title>Mesiangervo - Reviva<\/title>\n<meta name=\"description\" content=\"Mesiangervo (Filipendula ulmaria) on luonnollinen yrtti, jota on perinteisesti k\u00e4ytetty kivun, tulehdusten, kuumeen ja vatsavaivojen hoidossa.\" \/>\n<meta name=\"robots\" content=\"index, follow, max-snippet:-1, max-image-preview:large, max-video-preview:-1\" \/>\n<link rel=\"canonical\" href=\"https:\/\/reviva.fi\/fi\/tuote\/algort\/\" \/>\n<meta property=\"og:locale\" content=\"fi_FI\" \/>\n<meta property=\"og:type\" content=\"article\" \/>\n<meta property=\"og:title\" content=\"Mesiangervo - Reviva\" \/>\n<meta property=\"og:description\" content=\"Mesiangervo (Filipendula ulmaria) on luonnollinen yrtti, jota on perinteisesti k\u00e4ytetty kivun, tulehdusten, kuumeen ja vatsavaivojen hoidossa.\" \/>\n<meta property=\"og:url\" content=\"https:\/\/reviva.fi\/fi\/tuote\/algort\/\" \/>\n<meta property=\"og:site_name\" content=\"Reviva\" \/>\n<meta property=\"article:modified_time\" content=\"2026-01-28T07:58:48+00:00\" \/>\n<meta property=\"og:image\" content=\"https:\/\/reviva.fi\/wp-content\/uploads\/2025\/06\/Algort-418-Photoroom-e1751281372438.png\" \/>\n\t<meta property=\"og:image:width\" content=\"4031\" \/>\n\t<meta property=\"og:image:height\" content=\"2688\" \/>\n\t<meta property=\"og:image:type\" content=\"image\/png\" \/>\n<meta name=\"twitter:card\" content=\"summary_large_image\" \/>\n<script type=\"application\/ld+json\" class=\"yoast-schema-graph\">{\"@context\":\"https:\/\/schema.org\",\"@graph\":[{\"@type\":\"WebPage\",\"@id\":\"https:\/\/reviva.fi\/fi\/tuote\/algort\/\",\"url\":\"https:\/\/reviva.fi\/fi\/tuote\/algort\/\",\"name\":\"Mesiangervo - Reviva\",\"isPartOf\":{\"@id\":\"https:\/\/reviva.fi\/fi\/#website\"},\"primaryImageOfPage\":{\"@id\":\"https:\/\/reviva.fi\/fi\/tuote\/algort\/#primaryimage\"},\"image\":{\"@id\":\"https:\/\/reviva.fi\/fi\/tuote\/algort\/#primaryimage\"},\"thumbnailUrl\":\"https:\/\/reviva.fi\/wp-content\/uploads\/2025\/06\/Algort-418-Photoroom-e1751281372438.png\",\"datePublished\":\"2025-06-30T11:08:04+00:00\",\"dateModified\":\"2026-01-28T07:58:48+00:00\",\"description\":\"Mesiangervo (Filipendula ulmaria) on luonnollinen yrtti, jota on perinteisesti k\u00e4ytetty kivun, tulehdusten, kuumeen ja vatsavaivojen hoidossa.\",\"breadcrumb\":{\"@id\":\"https:\/\/reviva.fi\/fi\/tuote\/algort\/#breadcrumb\"},\"inLanguage\":\"fi\",\"potentialAction\":[{\"@type\":\"ReadAction\",\"target\":[\"https:\/\/reviva.fi\/fi\/tuote\/algort\/\"]}]},{\"@type\":\"ImageObject\",\"inLanguage\":\"fi\",\"@id\":\"https:\/\/reviva.fi\/fi\/tuote\/algort\/#primaryimage\",\"url\":\"https:\/\/reviva.fi\/wp-content\/uploads\/2025\/06\/Algort-418-Photoroom-e1751281372438.png\",\"contentUrl\":\"https:\/\/reviva.fi\/wp-content\/uploads\/2025\/06\/Algort-418-Photoroom-e1751281372438.png\",\"width\":4031,\"height\":2688,\"caption\":\"Mesiangervo\"},{\"@type\":\"BreadcrumbList\",\"@id\":\"https:\/\/reviva.fi\/fi\/tuote\/algort\/#breadcrumb\",\"itemListElement\":[{\"@type\":\"ListItem\",\"position\":1,\"name\":\"Etusivu\",\"item\":\"https:\/\/reviva.fi\/fi\/\"},{\"@type\":\"ListItem\",\"position\":2,\"name\":\"Tuotteet\",\"item\":\"https:\/\/reviva.fi\/produkter\/\"},{\"@type\":\"ListItem\",\"position\":3,\"name\":\"Mesiangervo\"}]},{\"@type\":\"WebSite\",\"@id\":\"https:\/\/reviva.fi\/fi\/#website\",\"url\":\"https:\/\/reviva.fi\/fi\/\",\"name\":\"Reviva\",\"description\":\"\",\"publisher\":{\"@id\":\"https:\/\/reviva.fi\/fi\/#organization\"},\"potentialAction\":[{\"@type\":\"SearchAction\",\"target\":{\"@type\":\"EntryPoint\",\"urlTemplate\":\"https:\/\/reviva.fi\/fi\/?s={search_term_string}\"},\"query-input\":{\"@type\":\"PropertyValueSpecification\",\"valueRequired\":true,\"valueName\":\"search_term_string\"}}],\"inLanguage\":\"fi\"},{\"@type\":\"Organization\",\"@id\":\"https:\/\/reviva.fi\/fi\/#organization\",\"name\":\"Reviva\",\"url\":\"https:\/\/reviva.fi\/fi\/\",\"logo\":{\"@type\":\"ImageObject\",\"inLanguage\":\"fi\",\"@id\":\"https:\/\/reviva.fi\/fi\/#\/schema\/logo\/image\/\",\"url\":\"https:\/\/reviva.fi\/wp-content\/uploads\/2023\/10\/reviva-logo2.svg\",\"contentUrl\":\"https:\/\/reviva.fi\/wp-content\/uploads\/2023\/10\/reviva-logo2.svg\",\"caption\":\"Reviva\"},\"image\":{\"@id\":\"https:\/\/reviva.fi\/fi\/#\/schema\/logo\/image\/\"}}]}<\/script>\n<meta property=\"product:price:amount\" content=\"31.45\" \/>\n<meta property=\"product:price:currency\" content=\"EUR\" \/>\n<meta property=\"og:availability\" content=\"instock\" \/>\n<meta property=\"product:availability\" content=\"instock\" \/>\n<meta property=\"product:retailer_item_id\" content=\"418\" \/>\n<meta property=\"product:condition\" content=\"new\" \/>\n<!-- \/ Yoast SEO plugin. -->","yoast_head_json":{"title":"Mesiangervo - Reviva","description":"Mesiangervo (Filipendula ulmaria) on luonnollinen yrtti, jota on perinteisesti k\u00e4ytetty kivun, tulehdusten, kuumeen ja vatsavaivojen hoidossa.","robots":{"index":"index","follow":"follow","max-snippet":"max-snippet:-1","max-image-preview":"max-image-preview:large","max-video-preview":"max-video-preview:-1"},"canonical":"https:\/\/reviva.fi\/fi\/tuote\/algort\/","og_locale":"fi_FI","og_type":"article","og_title":"Mesiangervo - Reviva","og_description":"Mesiangervo (Filipendula ulmaria) on luonnollinen yrtti, jota on perinteisesti k\u00e4ytetty kivun, tulehdusten, kuumeen ja vatsavaivojen hoidossa.","og_url":"https:\/\/reviva.fi\/fi\/tuote\/algort\/","og_site_name":"Reviva","article_modified_time":"2026-01-28T07:58:48+00:00","og_image":[{"width":4031,"height":2688,"url":"https:\/\/reviva.fi\/wp-content\/uploads\/2025\/06\/Algort-418-Photoroom-e1751281372438.png","type":"image\/png"}],"twitter_card":"summary_large_image","schema":{"@context":"https:\/\/schema.org","@graph":[{"@type":"WebPage","@id":"https:\/\/reviva.fi\/fi\/tuote\/algort\/","url":"https:\/\/reviva.fi\/fi\/tuote\/algort\/","name":"Mesiangervo - Reviva","isPartOf":{"@id":"https:\/\/reviva.fi\/fi\/#website"},"primaryImageOfPage":{"@id":"https:\/\/reviva.fi\/fi\/tuote\/algort\/#primaryimage"},"image":{"@id":"https:\/\/reviva.fi\/fi\/tuote\/algort\/#primaryimage"},"thumbnailUrl":"https:\/\/reviva.fi\/wp-content\/uploads\/2025\/06\/Algort-418-Photoroom-e1751281372438.png","datePublished":"2025-06-30T11:08:04+00:00","dateModified":"2026-01-28T07:58:48+00:00","description":"Mesiangervo (Filipendula ulmaria) on luonnollinen yrtti, jota on perinteisesti k\u00e4ytetty kivun, tulehdusten, kuumeen ja vatsavaivojen hoidossa.","breadcrumb":{"@id":"https:\/\/reviva.fi\/fi\/tuote\/algort\/#breadcrumb"},"inLanguage":"fi","potentialAction":[{"@type":"ReadAction","target":["https:\/\/reviva.fi\/fi\/tuote\/algort\/"]}]},{"@type":"ImageObject","inLanguage":"fi","@id":"https:\/\/reviva.fi\/fi\/tuote\/algort\/#primaryimage","url":"https:\/\/reviva.fi\/wp-content\/uploads\/2025\/06\/Algort-418-Photoroom-e1751281372438.png","contentUrl":"https:\/\/reviva.fi\/wp-content\/uploads\/2025\/06\/Algort-418-Photoroom-e1751281372438.png","width":4031,"height":2688,"caption":"Mesiangervo"},{"@type":"BreadcrumbList","@id":"https:\/\/reviva.fi\/fi\/tuote\/algort\/#breadcrumb","itemListElement":[{"@type":"ListItem","position":1,"name":"Etusivu","item":"https:\/\/reviva.fi\/fi\/"},{"@type":"ListItem","position":2,"name":"Tuotteet","item":"https:\/\/reviva.fi\/produkter\/"},{"@type":"ListItem","position":3,"name":"Mesiangervo"}]},{"@type":"WebSite","@id":"https:\/\/reviva.fi\/fi\/#website","url":"https:\/\/reviva.fi\/fi\/","name":"Reviva","description":"","publisher":{"@id":"https:\/\/reviva.fi\/fi\/#organization"},"potentialAction":[{"@type":"SearchAction","target":{"@type":"EntryPoint","urlTemplate":"https:\/\/reviva.fi\/fi\/?s={search_term_string}"},"query-input":{"@type":"PropertyValueSpecification","valueRequired":true,"valueName":"search_term_string"}}],"inLanguage":"fi"},{"@type":"Organization","@id":"https:\/\/reviva.fi\/fi\/#organization","name":"Reviva","url":"https:\/\/reviva.fi\/fi\/","logo":{"@type":"ImageObject","inLanguage":"fi","@id":"https:\/\/reviva.fi\/fi\/#\/schema\/logo\/image\/","url":"https:\/\/reviva.fi\/wp-content\/uploads\/2023\/10\/reviva-logo2.svg","contentUrl":"https:\/\/reviva.fi\/wp-content\/uploads\/2023\/10\/reviva-logo2.svg","caption":"Reviva"},"image":{"@id":"https:\/\/reviva.fi\/fi\/#\/schema\/logo\/image\/"}}]},"product_price_amount":"31.45","product_price_currency":"EUR","og_availability":"instock","product_availability":"instock","product_retailer_item_id":"418","product_condition":"new"},"taxonomy_info":{"product_cat":[{"value":141,"label":"Yrtit"},{"value":2454,"label":"EVP Nutrition"}]},"featured_image_src_large":["https:\/\/reviva.fi\/wp-content\/uploads\/2025\/06\/Algort-418-Photoroom-1024x683.png",1024,683,true],"author_info":[],"comment_info":0,"_links":{"self":[{"href":"https:\/\/reviva.fi\/fi\/wp-json\/wp\/v2\/product\/12496","targetHints":{"allow":["GET"]}}],"collection":[{"href":"https:\/\/reviva.fi\/fi\/wp-json\/wp\/v2\/product"}],"about":[{"href":"https:\/\/reviva.fi\/fi\/wp-json\/wp\/v2\/types\/product"}],"replies":[{"embeddable":true,"href":"https:\/\/reviva.fi\/fi\/wp-json\/wp\/v2\/comments?post=12496"}],"wp:featuredmedia":[{"embeddable":true,"href":"https:\/\/reviva.fi\/fi\/wp-json\/wp\/v2\/media\/12287"}],"wp:attachment":[{"href":"https:\/\/reviva.fi\/fi\/wp-json\/wp\/v2\/media?parent=12496"}],"wp:term":[{"taxonomy":"product_brand","embeddable":true,"href":"https:\/\/reviva.fi\/fi\/wp-json\/wp\/v2\/product_brand?post=12496"},{"taxonomy":"product_cat","embeddable":true,"href":"https:\/\/reviva.fi\/fi\/wp-json\/wp\/v2\/product_cat?post=12496"},{"taxonomy":"product_tag","embeddable":true,"href":"https:\/\/reviva.fi\/fi\/wp-json\/wp\/v2\/product_tag?post=12496"}],"curies":[{"name":"wp","href":"https:\/\/api.w.org\/{rel}","templated":true}]}}