{"id":12506,"date":"2025-07-08T15:54:35","date_gmt":"2025-07-08T12:54:35","guid":{"rendered":"https:\/\/reviva.fi\/product\/kidnyl-complex\/"},"modified":"2026-01-29T13:17:03","modified_gmt":"2026-01-29T11:17:03","slug":"kidnyl-complex","status":"publish","type":"product","link":"https:\/\/reviva.fi\/fi\/tuote\/kidnyl-complex\/","title":{"rendered":"Kidnyl Complex"},"content":{"rendered":"<p class=\"x_MsoNormal\"><b data-olk-copy-source=\"MessageBody\">Kidnyl Complex \u2013 <\/b><strong data-start=\"0\" data-end=\"37\">Tukea munuaisille ja virtsateille<\/strong><\/p>\n<article class=\"text-token-text-primary w-full focus:outline-none scroll-mt-[calc(var(--header-height)+min(200px,max(70px,20svh)))]\" dir=\"auto\" tabindex=\"-1\" data-testid=\"conversation-turn-60\" data-scroll-anchor=\"true\" data-turn=\"assistant\">\n<div class=\"text-base my-auto mx-auto pb-10 [--thread-content-margin:--spacing(4)] @[37rem]:[--thread-content-margin:--spacing(6)] @[72rem]:[--thread-content-margin:--spacing(16)] px-(--thread-content-margin)\">\n<div class=\"[--thread-content-max-width:32rem] @[34rem]:[--thread-content-max-width:40rem] @[64rem]:[--thread-content-max-width:48rem] mx-auto max-w-(--thread-content-max-width) flex-1 group\/turn-messages focus-visible:outline-hidden relative flex w-full min-w-0 flex-col agent-turn\" tabindex=\"-1\">\n<div class=\"flex max-w-full flex-col grow\">\n<div class=\"min-h-8 text-message relative flex w-full flex-col items-end gap-2 text-start break-words whitespace-normal [.text-message+&amp;]:mt-5\" dir=\"auto\" data-message-author-role=\"assistant\" data-message-id=\"d007f94e-a66f-4685-9dfa-73e15dbbc551\" data-message-model-slug=\"gpt-4o\">\n<div class=\"flex w-full flex-col gap-1 empty:hidden first:pt-[3px]\">\n<div class=\"markdown prose dark:prose-invert w-full break-words light markdown-new-styling\">\n<p data-start=\"39\" data-end=\"410\"><strong data-start=\"39\" data-end=\"57\">Kidnyl Complex<\/strong> on huolellisesti koostettu ravintolis\u00e4, joka yhdist\u00e4\u00e4 perinteisen kasvipohjaisen tuen ja t\u00e4rke\u00e4t ravintoaineet edist\u00e4m\u00e4\u00e4n munuaisten ja virtsateiden normaalia toimintaa. Tuote sis\u00e4lt\u00e4\u00e4 100 mg magnesiumia, Phyllanthus Niruri -uutetta sek\u00e4 standardoitua P2-kukintop\u00f6lyuutetta.<\/p>\n<\/div>\n<\/div>\n<\/div>\n<\/div>\n<\/div>\n<\/div>\n<\/article>\n","protected":false},"excerpt":{"rendered":"<p class=\"x_MsoNormal\"><b data-olk-copy-source=\"MessageBody\">Kidnyl Complex \u2013 <\/b><strong data-start=\"0\" data-end=\"50\">Luonnollista tukea munuaisille ja virtsateille<\/strong><\/p>\n<p data-start=\"54\" data-end=\"356\" data-is-last-node=\"\" data-is-only-node=\"\"><strong data-start=\"54\" data-end=\"72\">Kidnyl Complex<\/strong> yhdist\u00e4\u00e4 magnesiumin (100 mg), Phyllanthus Niruri -uutteen ja P2-kukkap\u00f6lyuutteen tukemaan munuaisten ja virtsateiden normaalia toimintaa.<\/p>\n<p class=\"x_MsoNormal\"><strong>60 tablettia<\/strong><\/p>\n","protected":false},"featured_media":13947,"comment_status":"closed","ping_status":"closed","template":"","meta":{"_acf_changed":false,"inline_featured_image":false,"_kad_blocks_custom_css":"","_kad_blocks_head_custom_js":"","_kad_blocks_body_custom_js":"","_kad_blocks_footer_custom_js":"","_kadence_starter_templates_imported_post":false,"_kad_post_transparent":"default","_kad_post_title":"","_kad_post_layout":"default","_kad_post_sidebar_id":"","_kad_post_content_style":"default","_kad_post_vertical_padding":"default","_kad_post_feature":"","_kad_post_feature_position":"","_kad_post_header":false,"_kad_post_footer":false},"product_brand":[],"product_cat":[86],"product_tag":[],"class_list":{"0":"post-12506","1":"product","2":"type-product","3":"status-publish","4":"has-post-thumbnail","6":"product_cat-okategoriserad-fi","8":"first","9":"instock","10":"taxable","11":"shipping-taxable","12":"purchasable","13":"product-type-simple","14":"entry","15":"content-bg","16":"loop-entry"},"acf":[],"yoast_head":"<!-- This site is optimized with the Yoast SEO plugin v25.8 - https:\/\/yoast.com\/wordpress\/plugins\/seo\/ -->\n<title>Kidnyl Complex - Reviva<\/title>\n<meta name=\"description\" content=\"Kidnyl Complex ei sis\u00e4ll\u00e4 laktoosia, gluteenia, keinotekoisia v\u00e4riaineita eik\u00e4 s\u00e4il\u00f6nt\u00e4aineita, ja sit\u00e4 voidaan k\u00e4ytt\u00e4\u00e4 ennaltaehk\u00e4isev\u00e4n\u00e4 tukena.\" \/>\n<meta name=\"robots\" content=\"index, follow, max-snippet:-1, max-image-preview:large, max-video-preview:-1\" \/>\n<link rel=\"canonical\" href=\"https:\/\/reviva.fi\/fi\/tuote\/kidnyl-complex\/\" \/>\n<meta property=\"og:locale\" content=\"fi_FI\" \/>\n<meta property=\"og:type\" content=\"article\" \/>\n<meta property=\"og:title\" content=\"Kidnyl Complex - Reviva\" \/>\n<meta property=\"og:description\" content=\"Kidnyl Complex ei sis\u00e4ll\u00e4 laktoosia, gluteenia, keinotekoisia v\u00e4riaineita eik\u00e4 s\u00e4il\u00f6nt\u00e4aineita, ja sit\u00e4 voidaan k\u00e4ytt\u00e4\u00e4 ennaltaehk\u00e4isev\u00e4n\u00e4 tukena.\" \/>\n<meta property=\"og:url\" content=\"https:\/\/reviva.fi\/fi\/tuote\/kidnyl-complex\/\" \/>\n<meta property=\"og:site_name\" content=\"Reviva\" \/>\n<meta property=\"article:modified_time\" content=\"2026-01-29T11:17:03+00:00\" \/>\n<meta property=\"og:image\" content=\"https:\/\/reviva.fi\/wp-content\/uploads\/2025\/07\/Kidnyl-complex-Photoroom-e1752823144795.png\" \/>\n\t<meta property=\"og:image:width\" content=\"4031\" \/>\n\t<meta property=\"og:image:height\" content=\"2687\" \/>\n\t<meta property=\"og:image:type\" content=\"image\/png\" \/>\n<meta name=\"twitter:card\" content=\"summary_large_image\" \/>\n<script type=\"application\/ld+json\" class=\"yoast-schema-graph\">{\"@context\":\"https:\/\/schema.org\",\"@graph\":[{\"@type\":\"WebPage\",\"@id\":\"https:\/\/reviva.fi\/fi\/tuote\/kidnyl-complex\/\",\"url\":\"https:\/\/reviva.fi\/fi\/tuote\/kidnyl-complex\/\",\"name\":\"Kidnyl Complex - Reviva\",\"isPartOf\":{\"@id\":\"https:\/\/reviva.fi\/fi\/#website\"},\"primaryImageOfPage\":{\"@id\":\"https:\/\/reviva.fi\/fi\/tuote\/kidnyl-complex\/#primaryimage\"},\"image\":{\"@id\":\"https:\/\/reviva.fi\/fi\/tuote\/kidnyl-complex\/#primaryimage\"},\"thumbnailUrl\":\"https:\/\/reviva.fi\/wp-content\/uploads\/2025\/07\/480-Phylanthus-niruri-Photoroom-e1771402875161.png\",\"datePublished\":\"2025-07-08T12:54:35+00:00\",\"dateModified\":\"2026-01-29T11:17:03+00:00\",\"description\":\"Kidnyl Complex ei sis\u00e4ll\u00e4 laktoosia, gluteenia, keinotekoisia v\u00e4riaineita eik\u00e4 s\u00e4il\u00f6nt\u00e4aineita, ja sit\u00e4 voidaan k\u00e4ytt\u00e4\u00e4 ennaltaehk\u00e4isev\u00e4n\u00e4 tukena.\",\"breadcrumb\":{\"@id\":\"https:\/\/reviva.fi\/fi\/tuote\/kidnyl-complex\/#breadcrumb\"},\"inLanguage\":\"fi\",\"potentialAction\":[{\"@type\":\"ReadAction\",\"target\":[\"https:\/\/reviva.fi\/fi\/tuote\/kidnyl-complex\/\"]}]},{\"@type\":\"ImageObject\",\"inLanguage\":\"fi\",\"@id\":\"https:\/\/reviva.fi\/fi\/tuote\/kidnyl-complex\/#primaryimage\",\"url\":\"https:\/\/reviva.fi\/wp-content\/uploads\/2025\/07\/480-Phylanthus-niruri-Photoroom-e1771402875161.png\",\"contentUrl\":\"https:\/\/reviva.fi\/wp-content\/uploads\/2025\/07\/480-Phylanthus-niruri-Photoroom-e1771402875161.png\",\"width\":2000,\"height\":1333,\"caption\":\"Phyllanthus Niruri\"},{\"@type\":\"BreadcrumbList\",\"@id\":\"https:\/\/reviva.fi\/fi\/tuote\/kidnyl-complex\/#breadcrumb\",\"itemListElement\":[{\"@type\":\"ListItem\",\"position\":1,\"name\":\"Etusivu\",\"item\":\"https:\/\/reviva.fi\/fi\/\"},{\"@type\":\"ListItem\",\"position\":2,\"name\":\"Tuotteet\",\"item\":\"https:\/\/reviva.fi\/produkter\/\"},{\"@type\":\"ListItem\",\"position\":3,\"name\":\"Kidnyl Complex\"}]},{\"@type\":\"WebSite\",\"@id\":\"https:\/\/reviva.fi\/fi\/#website\",\"url\":\"https:\/\/reviva.fi\/fi\/\",\"name\":\"Reviva\",\"description\":\"\",\"publisher\":{\"@id\":\"https:\/\/reviva.fi\/fi\/#organization\"},\"potentialAction\":[{\"@type\":\"SearchAction\",\"target\":{\"@type\":\"EntryPoint\",\"urlTemplate\":\"https:\/\/reviva.fi\/fi\/?s={search_term_string}\"},\"query-input\":{\"@type\":\"PropertyValueSpecification\",\"valueRequired\":true,\"valueName\":\"search_term_string\"}}],\"inLanguage\":\"fi\"},{\"@type\":\"Organization\",\"@id\":\"https:\/\/reviva.fi\/fi\/#organization\",\"name\":\"Reviva\",\"url\":\"https:\/\/reviva.fi\/fi\/\",\"logo\":{\"@type\":\"ImageObject\",\"inLanguage\":\"fi\",\"@id\":\"https:\/\/reviva.fi\/fi\/#\/schema\/logo\/image\/\",\"url\":\"https:\/\/reviva.fi\/wp-content\/uploads\/2023\/10\/reviva-logo2.svg\",\"contentUrl\":\"https:\/\/reviva.fi\/wp-content\/uploads\/2023\/10\/reviva-logo2.svg\",\"caption\":\"Reviva\"},\"image\":{\"@id\":\"https:\/\/reviva.fi\/fi\/#\/schema\/logo\/image\/\"}}]}<\/script>\n<meta property=\"product:price:amount\" content=\"36.75\" \/>\n<meta property=\"product:price:currency\" content=\"EUR\" \/>\n<meta property=\"og:availability\" content=\"instock\" \/>\n<meta property=\"product:availability\" content=\"instock\" \/>\n<meta property=\"product:retailer_item_id\" content=\"480\" \/>\n<meta property=\"product:condition\" content=\"new\" \/>\n<!-- \/ Yoast SEO plugin. -->","yoast_head_json":{"title":"Kidnyl Complex - Reviva","description":"Kidnyl Complex ei sis\u00e4ll\u00e4 laktoosia, gluteenia, keinotekoisia v\u00e4riaineita eik\u00e4 s\u00e4il\u00f6nt\u00e4aineita, ja sit\u00e4 voidaan k\u00e4ytt\u00e4\u00e4 ennaltaehk\u00e4isev\u00e4n\u00e4 tukena.","robots":{"index":"index","follow":"follow","max-snippet":"max-snippet:-1","max-image-preview":"max-image-preview:large","max-video-preview":"max-video-preview:-1"},"canonical":"https:\/\/reviva.fi\/fi\/tuote\/kidnyl-complex\/","og_locale":"fi_FI","og_type":"article","og_title":"Kidnyl Complex - Reviva","og_description":"Kidnyl Complex ei sis\u00e4ll\u00e4 laktoosia, gluteenia, keinotekoisia v\u00e4riaineita eik\u00e4 s\u00e4il\u00f6nt\u00e4aineita, ja sit\u00e4 voidaan k\u00e4ytt\u00e4\u00e4 ennaltaehk\u00e4isev\u00e4n\u00e4 tukena.","og_url":"https:\/\/reviva.fi\/fi\/tuote\/kidnyl-complex\/","og_site_name":"Reviva","article_modified_time":"2026-01-29T11:17:03+00:00","og_image":[{"width":4031,"height":2687,"url":"https:\/\/reviva.fi\/wp-content\/uploads\/2025\/07\/Kidnyl-complex-Photoroom-e1752823144795.png","type":"image\/png"}],"twitter_card":"summary_large_image","schema":{"@context":"https:\/\/schema.org","@graph":[{"@type":"WebPage","@id":"https:\/\/reviva.fi\/fi\/tuote\/kidnyl-complex\/","url":"https:\/\/reviva.fi\/fi\/tuote\/kidnyl-complex\/","name":"Kidnyl Complex - Reviva","isPartOf":{"@id":"https:\/\/reviva.fi\/fi\/#website"},"primaryImageOfPage":{"@id":"https:\/\/reviva.fi\/fi\/tuote\/kidnyl-complex\/#primaryimage"},"image":{"@id":"https:\/\/reviva.fi\/fi\/tuote\/kidnyl-complex\/#primaryimage"},"thumbnailUrl":"https:\/\/reviva.fi\/wp-content\/uploads\/2025\/07\/480-Phylanthus-niruri-Photoroom-e1771402875161.png","datePublished":"2025-07-08T12:54:35+00:00","dateModified":"2026-01-29T11:17:03+00:00","description":"Kidnyl Complex ei sis\u00e4ll\u00e4 laktoosia, gluteenia, keinotekoisia v\u00e4riaineita eik\u00e4 s\u00e4il\u00f6nt\u00e4aineita, ja sit\u00e4 voidaan k\u00e4ytt\u00e4\u00e4 ennaltaehk\u00e4isev\u00e4n\u00e4 tukena.","breadcrumb":{"@id":"https:\/\/reviva.fi\/fi\/tuote\/kidnyl-complex\/#breadcrumb"},"inLanguage":"fi","potentialAction":[{"@type":"ReadAction","target":["https:\/\/reviva.fi\/fi\/tuote\/kidnyl-complex\/"]}]},{"@type":"ImageObject","inLanguage":"fi","@id":"https:\/\/reviva.fi\/fi\/tuote\/kidnyl-complex\/#primaryimage","url":"https:\/\/reviva.fi\/wp-content\/uploads\/2025\/07\/480-Phylanthus-niruri-Photoroom-e1771402875161.png","contentUrl":"https:\/\/reviva.fi\/wp-content\/uploads\/2025\/07\/480-Phylanthus-niruri-Photoroom-e1771402875161.png","width":2000,"height":1333,"caption":"Phyllanthus Niruri"},{"@type":"BreadcrumbList","@id":"https:\/\/reviva.fi\/fi\/tuote\/kidnyl-complex\/#breadcrumb","itemListElement":[{"@type":"ListItem","position":1,"name":"Etusivu","item":"https:\/\/reviva.fi\/fi\/"},{"@type":"ListItem","position":2,"name":"Tuotteet","item":"https:\/\/reviva.fi\/produkter\/"},{"@type":"ListItem","position":3,"name":"Kidnyl Complex"}]},{"@type":"WebSite","@id":"https:\/\/reviva.fi\/fi\/#website","url":"https:\/\/reviva.fi\/fi\/","name":"Reviva","description":"","publisher":{"@id":"https:\/\/reviva.fi\/fi\/#organization"},"potentialAction":[{"@type":"SearchAction","target":{"@type":"EntryPoint","urlTemplate":"https:\/\/reviva.fi\/fi\/?s={search_term_string}"},"query-input":{"@type":"PropertyValueSpecification","valueRequired":true,"valueName":"search_term_string"}}],"inLanguage":"fi"},{"@type":"Organization","@id":"https:\/\/reviva.fi\/fi\/#organization","name":"Reviva","url":"https:\/\/reviva.fi\/fi\/","logo":{"@type":"ImageObject","inLanguage":"fi","@id":"https:\/\/reviva.fi\/fi\/#\/schema\/logo\/image\/","url":"https:\/\/reviva.fi\/wp-content\/uploads\/2023\/10\/reviva-logo2.svg","contentUrl":"https:\/\/reviva.fi\/wp-content\/uploads\/2023\/10\/reviva-logo2.svg","caption":"Reviva"},"image":{"@id":"https:\/\/reviva.fi\/fi\/#\/schema\/logo\/image\/"}}]},"product_price_amount":"36.75","product_price_currency":"EUR","og_availability":"instock","product_availability":"instock","product_retailer_item_id":"480","product_condition":"new"},"taxonomy_info":{"product_cat":[{"value":86,"label":"Luokittelematon"}]},"featured_image_src_large":["https:\/\/reviva.fi\/wp-content\/uploads\/2025\/07\/480-Phylanthus-niruri-Photoroom-1024x682.png",1024,682,true],"author_info":[],"comment_info":0,"_links":{"self":[{"href":"https:\/\/reviva.fi\/fi\/wp-json\/wp\/v2\/product\/12506","targetHints":{"allow":["GET"]}}],"collection":[{"href":"https:\/\/reviva.fi\/fi\/wp-json\/wp\/v2\/product"}],"about":[{"href":"https:\/\/reviva.fi\/fi\/wp-json\/wp\/v2\/types\/product"}],"replies":[{"embeddable":true,"href":"https:\/\/reviva.fi\/fi\/wp-json\/wp\/v2\/comments?post=12506"}],"wp:featuredmedia":[{"embeddable":true,"href":"https:\/\/reviva.fi\/fi\/wp-json\/wp\/v2\/media\/13947"}],"wp:attachment":[{"href":"https:\/\/reviva.fi\/fi\/wp-json\/wp\/v2\/media?parent=12506"}],"wp:term":[{"taxonomy":"product_brand","embeddable":true,"href":"https:\/\/reviva.fi\/fi\/wp-json\/wp\/v2\/product_brand?post=12506"},{"taxonomy":"product_cat","embeddable":true,"href":"https:\/\/reviva.fi\/fi\/wp-json\/wp\/v2\/product_cat?post=12506"},{"taxonomy":"product_tag","embeddable":true,"href":"https:\/\/reviva.fi\/fi\/wp-json\/wp\/v2\/product_tag?post=12506"}],"curies":[{"name":"wp","href":"https:\/\/api.w.org\/{rel}","templated":true}]}}