{"id":12523,"date":"2025-08-06T12:41:06","date_gmt":"2025-08-06T09:41:06","guid":{"rendered":"https:\/\/reviva.fi\/product\/filter-till-vattenrenare-3-pack\/"},"modified":"2025-08-06T12:45:25","modified_gmt":"2025-08-06T09:45:25","slug":"filter-till-vattenrenare-3-pack","status":"publish","type":"product","link":"https:\/\/reviva.fi\/fi\/tuote\/filter-till-vattenrenare-3-pack\/","title":{"rendered":"Suodatin vedenpuhdistajaan 3-pack"},"content":{"rendered":"<p data-start=\"0\" data-end=\"52\"><strong data-start=\"0\" data-end=\"50\">Dafi Vedenpuhdistimen suodatin \u2013 3 kpl pakkaus<\/strong><\/p>\n<p data-start=\"54\" data-end=\"292\">Dafi-suodattimet on suunniteltu tehokkaaseen veden puhdistukseen ja raikkaan, puhtaan juomaveden takaamiseen. Yhteensopiva Dafi-vedenpuhdistimien kanssa, t\u00e4m\u00e4 kolmen suodattimen pakkaus tarjoaa pitk\u00e4kestoista suojaa ep\u00e4puhtauksia vastaan.<\/p>\n<p data-start=\"294\" data-end=\"313\"><strong data-start=\"294\" data-end=\"311\">Ominaisuudet:<\/strong><\/p>\n<ul>\n<li data-start=\"316\" data-end=\"358\">Poistaa kloorin, raskasmetallit ja hajut<\/li>\n<li data-start=\"316\" data-end=\"358\">Parantaa veden makua ja laatua<\/li>\n<li data-start=\"316\" data-end=\"358\">Yksi suodatin kest\u00e4\u00e4 jopa 30 p\u00e4iv\u00e4\u00e4 tai 150 litraa vett\u00e4<\/li>\n<li data-start=\"316\" data-end=\"358\">Helppo vaihtaa \u2013 ei erikoisty\u00f6kaluja tarvita<\/li>\n<\/ul>\n<p data-start=\"505\" data-end=\"665\" data-is-last-node=\"\" data-is-only-node=\"\">S\u00e4\u00e4nn\u00f6llinen suodattimen vaihto takaa parhaan mahdollisen vedenlaadun p\u00e4ivitt\u00e4in. T\u00e4ydellinen valinta terveellisemp\u00e4\u00e4n ja ymp\u00e4rist\u00f6yst\u00e4v\u00e4llisemp\u00e4\u00e4n juomaveteen.<\/p>\n","protected":false},"excerpt":{"rendered":"<article class=\"text-token-text-primary w-full focus:outline-none scroll-mt-[calc(var(--header-height)+min(200px,max(70px,20svh)))]\" dir=\"auto\" tabindex=\"-1\" data-testid=\"conversation-turn-104\" data-scroll-anchor=\"true\" data-turn=\"assistant\">\n<div class=\"text-base my-auto mx-auto pb-10 [--thread-content-margin:--spacing(4)] @[37rem]:[--thread-content-margin:--spacing(6)] @[72rem]:[--thread-content-margin:--spacing(16)] px-(--thread-content-margin)\">\n<div class=\"[--thread-content-max-width:32rem] @[34rem]:[--thread-content-max-width:40rem] @[64rem]:[--thread-content-max-width:48rem] mx-auto max-w-(--thread-content-max-width) flex-1 group\/turn-messages focus-visible:outline-hidden relative flex w-full min-w-0 flex-col agent-turn\" tabindex=\"-1\">\n<div class=\"flex max-w-full flex-col grow\">\n<div class=\"min-h-8 text-message relative flex w-full flex-col items-end gap-2 text-start break-words whitespace-normal [.text-message+&amp;]:mt-5\" dir=\"auto\" data-message-author-role=\"assistant\" data-message-id=\"b7d39918-376a-4f86-9e71-c70bd87366ef\" data-message-model-slug=\"gpt-4o\">\n<div class=\"flex w-full flex-col gap-1 empty:hidden first:pt-[3px]\">\n<div class=\"markdown prose dark:prose-invert w-full break-words light markdown-new-styling\">\n<p data-start=\"0\" data-end=\"40\" data-is-last-node=\"\" data-is-only-node=\"\">Yksi paketti sis\u00e4lt\u00e4\u00e4 kolme puhdistuspatruunaa.<\/p>\n<\/div>\n<\/div>\n<\/div>\n<\/div>\n<\/div>\n<\/div>\n<\/article>\n","protected":false},"featured_media":12521,"comment_status":"closed","ping_status":"closed","template":"","meta":{"_acf_changed":false,"inline_featured_image":false,"_kad_blocks_custom_css":"","_kad_blocks_head_custom_js":"","_kad_blocks_body_custom_js":"","_kad_blocks_footer_custom_js":"","_kadence_starter_templates_imported_post":false,"_kad_post_transparent":"default","_kad_post_title":"","_kad_post_layout":"default","_kad_post_sidebar_id":"","_kad_post_content_style":"default","_kad_post_vertical_padding":"default","_kad_post_feature":"","_kad_post_feature_position":"","_kad_post_header":false,"_kad_post_footer":false},"product_brand":[],"product_cat":[86],"product_tag":[],"class_list":{"0":"post-12523","1":"product","2":"type-product","3":"status-publish","4":"has-post-thumbnail","6":"product_cat-okategoriserad-fi","8":"first","9":"instock","10":"taxable","11":"shipping-taxable","12":"purchasable","13":"product-type-simple","14":"entry","15":"content-bg","16":"loop-entry"},"acf":[],"yoast_head":"<!-- This site is optimized with the Yoast SEO plugin v25.8 - https:\/\/yoast.com\/wordpress\/plugins\/seo\/ -->\n<title>Suodatin vedenpuhdistajaan 3-pack - Reviva<\/title>\n<meta name=\"description\" content=\"Suodatinpaketti Dafi vedenpuhdistuskannulle. 3-pack\" \/>\n<meta name=\"robots\" content=\"index, follow, max-snippet:-1, max-image-preview:large, max-video-preview:-1\" \/>\n<link rel=\"canonical\" href=\"https:\/\/reviva.fi\/fi\/tuote\/filter-till-vattenrenare-3-pack\/\" \/>\n<meta property=\"og:locale\" content=\"fi_FI\" \/>\n<meta property=\"og:type\" content=\"article\" \/>\n<meta property=\"og:title\" content=\"Suodatin vedenpuhdistajaan 3-pack - Reviva\" \/>\n<meta property=\"og:description\" content=\"Suodatinpaketti Dafi vedenpuhdistuskannulle. 3-pack\" \/>\n<meta property=\"og:url\" content=\"https:\/\/reviva.fi\/fi\/tuote\/filter-till-vattenrenare-3-pack\/\" \/>\n<meta property=\"og:site_name\" content=\"Reviva\" \/>\n<meta property=\"article:modified_time\" content=\"2025-08-06T09:45:25+00:00\" \/>\n<meta property=\"og:image\" content=\"https:\/\/reviva.fi\/wp-content\/uploads\/2025\/08\/Filter-till-vattenrenare-Photoroom-e1754473233808.png\" \/>\n\t<meta property=\"og:image:width\" content=\"2000\" \/>\n\t<meta property=\"og:image:height\" content=\"2000\" \/>\n\t<meta property=\"og:image:type\" content=\"image\/png\" \/>\n<meta name=\"twitter:card\" content=\"summary_large_image\" \/>\n<script type=\"application\/ld+json\" class=\"yoast-schema-graph\">{\"@context\":\"https:\/\/schema.org\",\"@graph\":[{\"@type\":\"WebPage\",\"@id\":\"https:\/\/reviva.fi\/fi\/tuote\/filter-till-vattenrenare-3-pack\/\",\"url\":\"https:\/\/reviva.fi\/fi\/tuote\/filter-till-vattenrenare-3-pack\/\",\"name\":\"Suodatin vedenpuhdistajaan 3-pack - Reviva\",\"isPartOf\":{\"@id\":\"https:\/\/reviva.fi\/fi\/#website\"},\"primaryImageOfPage\":{\"@id\":\"https:\/\/reviva.fi\/fi\/tuote\/filter-till-vattenrenare-3-pack\/#primaryimage\"},\"image\":{\"@id\":\"https:\/\/reviva.fi\/fi\/tuote\/filter-till-vattenrenare-3-pack\/#primaryimage\"},\"thumbnailUrl\":\"https:\/\/reviva.fi\/wp-content\/uploads\/2025\/08\/Filter-till-vattenrenare-Photoroom-e1754473233808.png\",\"datePublished\":\"2025-08-06T09:41:06+00:00\",\"dateModified\":\"2025-08-06T09:45:25+00:00\",\"description\":\"Suodatinpaketti Dafi vedenpuhdistuskannulle. 3-pack\",\"breadcrumb\":{\"@id\":\"https:\/\/reviva.fi\/fi\/tuote\/filter-till-vattenrenare-3-pack\/#breadcrumb\"},\"inLanguage\":\"fi\",\"potentialAction\":[{\"@type\":\"ReadAction\",\"target\":[\"https:\/\/reviva.fi\/fi\/tuote\/filter-till-vattenrenare-3-pack\/\"]}]},{\"@type\":\"ImageObject\",\"inLanguage\":\"fi\",\"@id\":\"https:\/\/reviva.fi\/fi\/tuote\/filter-till-vattenrenare-3-pack\/#primaryimage\",\"url\":\"https:\/\/reviva.fi\/wp-content\/uploads\/2025\/08\/Filter-till-vattenrenare-Photoroom-e1754473233808.png\",\"contentUrl\":\"https:\/\/reviva.fi\/wp-content\/uploads\/2025\/08\/Filter-till-vattenrenare-Photoroom-e1754473233808.png\",\"width\":2000,\"height\":2000,\"caption\":\"Filter till vattenrenare 3-pack\"},{\"@type\":\"BreadcrumbList\",\"@id\":\"https:\/\/reviva.fi\/fi\/tuote\/filter-till-vattenrenare-3-pack\/#breadcrumb\",\"itemListElement\":[{\"@type\":\"ListItem\",\"position\":1,\"name\":\"Etusivu\",\"item\":\"https:\/\/reviva.fi\/fi\/\"},{\"@type\":\"ListItem\",\"position\":2,\"name\":\"Tuotteet\",\"item\":\"https:\/\/reviva.fi\/produkter\/\"},{\"@type\":\"ListItem\",\"position\":3,\"name\":\"Suodatin vedenpuhdistajaan 3-pack\"}]},{\"@type\":\"WebSite\",\"@id\":\"https:\/\/reviva.fi\/fi\/#website\",\"url\":\"https:\/\/reviva.fi\/fi\/\",\"name\":\"Reviva\",\"description\":\"\",\"publisher\":{\"@id\":\"https:\/\/reviva.fi\/fi\/#organization\"},\"potentialAction\":[{\"@type\":\"SearchAction\",\"target\":{\"@type\":\"EntryPoint\",\"urlTemplate\":\"https:\/\/reviva.fi\/fi\/?s={search_term_string}\"},\"query-input\":{\"@type\":\"PropertyValueSpecification\",\"valueRequired\":true,\"valueName\":\"search_term_string\"}}],\"inLanguage\":\"fi\"},{\"@type\":\"Organization\",\"@id\":\"https:\/\/reviva.fi\/fi\/#organization\",\"name\":\"Reviva\",\"url\":\"https:\/\/reviva.fi\/fi\/\",\"logo\":{\"@type\":\"ImageObject\",\"inLanguage\":\"fi\",\"@id\":\"https:\/\/reviva.fi\/fi\/#\/schema\/logo\/image\/\",\"url\":\"https:\/\/reviva.fi\/wp-content\/uploads\/2023\/10\/reviva-logo2.svg\",\"contentUrl\":\"https:\/\/reviva.fi\/wp-content\/uploads\/2023\/10\/reviva-logo2.svg\",\"caption\":\"Reviva\"},\"image\":{\"@id\":\"https:\/\/reviva.fi\/fi\/#\/schema\/logo\/image\/\"}}]}<\/script>\n<meta property=\"product:price:amount\" content=\"21.85\" \/>\n<meta property=\"product:price:currency\" content=\"EUR\" \/>\n<meta property=\"og:availability\" content=\"instock\" \/>\n<meta property=\"product:availability\" content=\"instock\" \/>\n<meta property=\"product:retailer_item_id\" content=\"927\" \/>\n<meta property=\"product:condition\" content=\"new\" \/>\n<!-- \/ Yoast SEO plugin. -->","yoast_head_json":{"title":"Suodatin vedenpuhdistajaan 3-pack - Reviva","description":"Suodatinpaketti Dafi vedenpuhdistuskannulle. 3-pack","robots":{"index":"index","follow":"follow","max-snippet":"max-snippet:-1","max-image-preview":"max-image-preview:large","max-video-preview":"max-video-preview:-1"},"canonical":"https:\/\/reviva.fi\/fi\/tuote\/filter-till-vattenrenare-3-pack\/","og_locale":"fi_FI","og_type":"article","og_title":"Suodatin vedenpuhdistajaan 3-pack - Reviva","og_description":"Suodatinpaketti Dafi vedenpuhdistuskannulle. 3-pack","og_url":"https:\/\/reviva.fi\/fi\/tuote\/filter-till-vattenrenare-3-pack\/","og_site_name":"Reviva","article_modified_time":"2025-08-06T09:45:25+00:00","og_image":[{"width":2000,"height":2000,"url":"https:\/\/reviva.fi\/wp-content\/uploads\/2025\/08\/Filter-till-vattenrenare-Photoroom-e1754473233808.png","type":"image\/png"}],"twitter_card":"summary_large_image","schema":{"@context":"https:\/\/schema.org","@graph":[{"@type":"WebPage","@id":"https:\/\/reviva.fi\/fi\/tuote\/filter-till-vattenrenare-3-pack\/","url":"https:\/\/reviva.fi\/fi\/tuote\/filter-till-vattenrenare-3-pack\/","name":"Suodatin vedenpuhdistajaan 3-pack - Reviva","isPartOf":{"@id":"https:\/\/reviva.fi\/fi\/#website"},"primaryImageOfPage":{"@id":"https:\/\/reviva.fi\/fi\/tuote\/filter-till-vattenrenare-3-pack\/#primaryimage"},"image":{"@id":"https:\/\/reviva.fi\/fi\/tuote\/filter-till-vattenrenare-3-pack\/#primaryimage"},"thumbnailUrl":"https:\/\/reviva.fi\/wp-content\/uploads\/2025\/08\/Filter-till-vattenrenare-Photoroom-e1754473233808.png","datePublished":"2025-08-06T09:41:06+00:00","dateModified":"2025-08-06T09:45:25+00:00","description":"Suodatinpaketti Dafi vedenpuhdistuskannulle. 3-pack","breadcrumb":{"@id":"https:\/\/reviva.fi\/fi\/tuote\/filter-till-vattenrenare-3-pack\/#breadcrumb"},"inLanguage":"fi","potentialAction":[{"@type":"ReadAction","target":["https:\/\/reviva.fi\/fi\/tuote\/filter-till-vattenrenare-3-pack\/"]}]},{"@type":"ImageObject","inLanguage":"fi","@id":"https:\/\/reviva.fi\/fi\/tuote\/filter-till-vattenrenare-3-pack\/#primaryimage","url":"https:\/\/reviva.fi\/wp-content\/uploads\/2025\/08\/Filter-till-vattenrenare-Photoroom-e1754473233808.png","contentUrl":"https:\/\/reviva.fi\/wp-content\/uploads\/2025\/08\/Filter-till-vattenrenare-Photoroom-e1754473233808.png","width":2000,"height":2000,"caption":"Filter till vattenrenare 3-pack"},{"@type":"BreadcrumbList","@id":"https:\/\/reviva.fi\/fi\/tuote\/filter-till-vattenrenare-3-pack\/#breadcrumb","itemListElement":[{"@type":"ListItem","position":1,"name":"Etusivu","item":"https:\/\/reviva.fi\/fi\/"},{"@type":"ListItem","position":2,"name":"Tuotteet","item":"https:\/\/reviva.fi\/produkter\/"},{"@type":"ListItem","position":3,"name":"Suodatin vedenpuhdistajaan 3-pack"}]},{"@type":"WebSite","@id":"https:\/\/reviva.fi\/fi\/#website","url":"https:\/\/reviva.fi\/fi\/","name":"Reviva","description":"","publisher":{"@id":"https:\/\/reviva.fi\/fi\/#organization"},"potentialAction":[{"@type":"SearchAction","target":{"@type":"EntryPoint","urlTemplate":"https:\/\/reviva.fi\/fi\/?s={search_term_string}"},"query-input":{"@type":"PropertyValueSpecification","valueRequired":true,"valueName":"search_term_string"}}],"inLanguage":"fi"},{"@type":"Organization","@id":"https:\/\/reviva.fi\/fi\/#organization","name":"Reviva","url":"https:\/\/reviva.fi\/fi\/","logo":{"@type":"ImageObject","inLanguage":"fi","@id":"https:\/\/reviva.fi\/fi\/#\/schema\/logo\/image\/","url":"https:\/\/reviva.fi\/wp-content\/uploads\/2023\/10\/reviva-logo2.svg","contentUrl":"https:\/\/reviva.fi\/wp-content\/uploads\/2023\/10\/reviva-logo2.svg","caption":"Reviva"},"image":{"@id":"https:\/\/reviva.fi\/fi\/#\/schema\/logo\/image\/"}}]},"product_price_amount":"21.85","product_price_currency":"EUR","og_availability":"instock","product_availability":"instock","product_retailer_item_id":"927","product_condition":"new"},"taxonomy_info":{"product_cat":[{"value":86,"label":"Luokittelematon"}]},"featured_image_src_large":["https:\/\/reviva.fi\/wp-content\/uploads\/2025\/08\/Filter-till-vattenrenare-Photoroom-1024x1024.png",1024,1024,true],"author_info":[],"comment_info":0,"_links":{"self":[{"href":"https:\/\/reviva.fi\/fi\/wp-json\/wp\/v2\/product\/12523","targetHints":{"allow":["GET"]}}],"collection":[{"href":"https:\/\/reviva.fi\/fi\/wp-json\/wp\/v2\/product"}],"about":[{"href":"https:\/\/reviva.fi\/fi\/wp-json\/wp\/v2\/types\/product"}],"replies":[{"embeddable":true,"href":"https:\/\/reviva.fi\/fi\/wp-json\/wp\/v2\/comments?post=12523"}],"wp:featuredmedia":[{"embeddable":true,"href":"https:\/\/reviva.fi\/fi\/wp-json\/wp\/v2\/media\/12521"}],"wp:attachment":[{"href":"https:\/\/reviva.fi\/fi\/wp-json\/wp\/v2\/media?parent=12523"}],"wp:term":[{"taxonomy":"product_brand","embeddable":true,"href":"https:\/\/reviva.fi\/fi\/wp-json\/wp\/v2\/product_brand?post=12523"},{"taxonomy":"product_cat","embeddable":true,"href":"https:\/\/reviva.fi\/fi\/wp-json\/wp\/v2\/product_cat?post=12523"},{"taxonomy":"product_tag","embeddable":true,"href":"https:\/\/reviva.fi\/fi\/wp-json\/wp\/v2\/product_tag?post=12523"}],"curies":[{"name":"wp","href":"https:\/\/api.w.org\/{rel}","templated":true}]}}