{"id":12529,"date":"2025-08-06T13:18:34","date_gmt":"2025-08-06T10:18:34","guid":{"rendered":"https:\/\/reviva.fi\/product\/ny-tid-05-liter\/"},"modified":"2026-02-01T15:23:44","modified_gmt":"2026-02-01T13:23:44","slug":"ny-tid-05-liter","status":"publish","type":"product","link":"https:\/\/reviva.fi\/fi\/tuote\/ny-tid-05-liter\/","title":{"rendered":"Ny Tid &#8211; Probioottinen juoma, 500 ml"},"content":{"rendered":"<p data-start=\"76\" data-end=\"94\"><strong data-start=\"76\" data-end=\"94\">Ny Tid. 500 ml<\/strong><\/p>\n<p data-start=\"96\" data-end=\"378\"><strong data-start=\"96\" data-end=\"108\">Sis\u00e4lt\u00f6:<\/strong>\u00a0Vesi, sokerit* (k\u00e4ymisprosessissa mikro-organismit kuluttavat ne), mikro-organismi, probioottiset mikro-organismit, ryp\u00e4lesiemenjauhe O.P.C.<em data-start=\"249\" data-end=\"274\">, lakkak\u00e4\u00e4p\u00e4 (Ling Zhi)<\/em>. Orgo-Germanika Ny Tid on luonnollisesti fermentoitu tuote, ja siksi bakteeripitoisuus voi vaihdella.<\/p>\n<p data-start=\"380\" data-end=\"1280\"><strong data-start=\"380\" data-end=\"456\">Bakteerikantojen pitoisuus (n. 1 x 10.000.000.000 bakteeria per 100 ml):<\/strong><br data-start=\"456\" data-end=\"459\" \/><em data-start=\"459\" data-end=\"1280\">Bacillus subtilis, Bifidobacterium animalis, Bifidobacterium bifidum, Bifidobacterium breve, Bifidobacterium longum, Bifidobacterium infantis, Bifidobacterium lactis, Enterococcus faecium, Lactobacillus acidophilus, Lactobacillus amylolyticus, Lactobacillus amylovorus, Lactobacillus bulgaricus, Lactobacillus casei 01, Lactobacillus casei 02, Lactobacillus casei 03, Lactobacillus crispatus, Lactobacillus delbrueckii, Lactobacillus farraginis, Lactobacillus fermentum, Lactobacillus gasseri, Lactobacillus helveticus, Lactobacillus johnsonii, Lactobacillus paracasei, Lactobacillus parafarraginis, Lactobacillus plantarum, Lactobacillus reuteri, Lactobacillus rhamnosus, Lactobacillus salivarius, Lactobacillus zeae, Lactococcus diacetylactis, Lactococcus lactis, Saccharomyces cerevisiae, Streptococcus thermophilus.<\/em><\/p>\n<p data-start=\"1282\" data-end=\"1714\"><strong data-start=\"1282\" data-end=\"1291\">Huom:<\/strong><br data-start=\"1291\" data-end=\"1294\" \/>Ny Tid on ravintolis\u00e4, joka sis\u00e4lt\u00e4\u00e4 arvokkaita entsyymej\u00e4 ja probioottisia mikro-organismeja, jotka voivat luonnollisesti tukea immuunij\u00e4rjestelm\u00e4\u00e4 ja mikrobiomin (suolistoflooran) hyvinvointia. Se perustuu t\u00e4ysin luonnollisiin ja vegaanisiin raaka-aineisiin, eik\u00e4 sis\u00e4ll\u00e4 gluteenia, laktoosia, s\u00e4il\u00f6nt\u00e4aineita, synteettisi\u00e4 aromiaineita tai etikkaa. Ny Tid on maultaan neutraali ja sopii erityisen hyvin allergikoille.<\/p>\n","protected":false},"excerpt":{"rendered":"<p data-start=\"67\" data-end=\"174\">Luonnolliseen mikrobiomin \/ kehon bakteerikannan uudelleenrakentamiseen, tasapainottamiseen ja tukemiseen.<\/p>\n<p data-start=\"176\" data-end=\"265\">P\u00e4ivitt\u00e4in tai kuuriluontoisesti. Sopii erinomaisesti my\u00f6s raskaana oleville ja lapsille.<\/p>\n<p data-start=\"267\" data-end=\"543\">NyTid koostuu 100 % luonnollisista aineista. Kaikki fermentointiaineet ovat per\u00e4isin kasvien alkuper\u00e4isist\u00e4 l\u00e4hteist\u00e4 ja valvotusta luomuviljelyst\u00e4. Sopii vegaaneille. On laktoositon ja gluteeniton. Ei sis\u00e4ll\u00e4 s\u00e4il\u00f6nt\u00e4aineita tai synteettisi\u00e4 aromeja. Valmistettu rakkaudella.<\/p>\n<p data-start=\"545\" data-end=\"550\"><strong>500 ml<\/strong><\/p>\n","protected":false},"featured_media":12527,"comment_status":"closed","ping_status":"closed","template":"","meta":{"_acf_changed":false,"inline_featured_image":false,"_kad_blocks_custom_css":"","_kad_blocks_head_custom_js":"","_kad_blocks_body_custom_js":"","_kad_blocks_footer_custom_js":"","_kadence_starter_templates_imported_post":false,"_kad_post_transparent":"default","_kad_post_title":"","_kad_post_layout":"default","_kad_post_sidebar_id":"","_kad_post_content_style":"default","_kad_post_vertical_padding":"default","_kad_post_feature":"","_kad_post_feature_position":"","_kad_post_header":false,"_kad_post_footer":false},"product_brand":[],"product_cat":[5976,5985,2387,2357],"product_tag":[],"class_list":{"0":"post-12529","1":"product","2":"type-product","3":"status-publish","4":"has-post-thumbnail","6":"product_cat-mjolksyrebakterier-fi","7":"product_cat-nytid-fi","8":"product_cat-mage-och-tarm-fi","9":"product_cat-immunforsvar-fi","11":"first","12":"instock","13":"taxable","14":"shipping-taxable","15":"purchasable","16":"product-type-simple","17":"entry","18":"content-bg","19":"loop-entry"},"acf":[],"yoast_head":"<!-- This site is optimized with the Yoast SEO plugin v25.8 - https:\/\/yoast.com\/wordpress\/plugins\/seo\/ -->\n<title>Ny Tid - Probioottinen juoma, 500 ml - Reviva<\/title>\n<meta name=\"description\" content=\"Luonnolliseen bakteerikannan uudelleenrakentamiseen, tasapainottamiseen ja tukemiseen. Sopii erinomaisesti my\u00f6s raskaana oleville ja lapsille.\" \/>\n<meta name=\"robots\" content=\"index, follow, max-snippet:-1, max-image-preview:large, max-video-preview:-1\" \/>\n<link rel=\"canonical\" href=\"https:\/\/reviva.fi\/fi\/tuote\/ny-tid-05-liter\/\" \/>\n<meta property=\"og:locale\" content=\"fi_FI\" \/>\n<meta property=\"og:type\" content=\"article\" \/>\n<meta property=\"og:title\" content=\"Ny Tid - Probioottinen juoma, 500 ml - Reviva\" \/>\n<meta property=\"og:description\" content=\"Luonnolliseen bakteerikannan uudelleenrakentamiseen, tasapainottamiseen ja tukemiseen. Sopii erinomaisesti my\u00f6s raskaana oleville ja lapsille.\" \/>\n<meta property=\"og:url\" content=\"https:\/\/reviva.fi\/fi\/tuote\/ny-tid-05-liter\/\" \/>\n<meta property=\"og:site_name\" content=\"Reviva\" \/>\n<meta property=\"article:modified_time\" content=\"2026-02-01T13:23:44+00:00\" \/>\n<meta property=\"og:image\" content=\"https:\/\/reviva.fi\/wp-content\/uploads\/2025\/08\/Ny-Tid-05-Photoroom-e1754475356575.png\" \/>\n\t<meta property=\"og:image:width\" content=\"2000\" \/>\n\t<meta property=\"og:image:height\" content=\"2000\" \/>\n\t<meta property=\"og:image:type\" content=\"image\/png\" \/>\n<meta name=\"twitter:card\" content=\"summary_large_image\" \/>\n<script type=\"application\/ld+json\" class=\"yoast-schema-graph\">{\"@context\":\"https:\/\/schema.org\",\"@graph\":[{\"@type\":\"WebPage\",\"@id\":\"https:\/\/reviva.fi\/fi\/tuote\/ny-tid-05-liter\/\",\"url\":\"https:\/\/reviva.fi\/fi\/tuote\/ny-tid-05-liter\/\",\"name\":\"Ny Tid - Probioottinen juoma, 500 ml - Reviva\",\"isPartOf\":{\"@id\":\"https:\/\/reviva.fi\/fi\/#website\"},\"primaryImageOfPage\":{\"@id\":\"https:\/\/reviva.fi\/fi\/tuote\/ny-tid-05-liter\/#primaryimage\"},\"image\":{\"@id\":\"https:\/\/reviva.fi\/fi\/tuote\/ny-tid-05-liter\/#primaryimage\"},\"thumbnailUrl\":\"https:\/\/reviva.fi\/wp-content\/uploads\/2025\/08\/Ny-Tid-05-Photoroom-e1754475356575.png\",\"datePublished\":\"2025-08-06T10:18:34+00:00\",\"dateModified\":\"2026-02-01T13:23:44+00:00\",\"description\":\"Luonnolliseen bakteerikannan uudelleenrakentamiseen, tasapainottamiseen ja tukemiseen. Sopii erinomaisesti my\u00f6s raskaana oleville ja lapsille.\",\"breadcrumb\":{\"@id\":\"https:\/\/reviva.fi\/fi\/tuote\/ny-tid-05-liter\/#breadcrumb\"},\"inLanguage\":\"fi\",\"potentialAction\":[{\"@type\":\"ReadAction\",\"target\":[\"https:\/\/reviva.fi\/fi\/tuote\/ny-tid-05-liter\/\"]}]},{\"@type\":\"ImageObject\",\"inLanguage\":\"fi\",\"@id\":\"https:\/\/reviva.fi\/fi\/tuote\/ny-tid-05-liter\/#primaryimage\",\"url\":\"https:\/\/reviva.fi\/wp-content\/uploads\/2025\/08\/Ny-Tid-05-Photoroom-e1754475356575.png\",\"contentUrl\":\"https:\/\/reviva.fi\/wp-content\/uploads\/2025\/08\/Ny-Tid-05-Photoroom-e1754475356575.png\",\"width\":2000,\"height\":2000,\"caption\":\"Ny Tid 0,5\"},{\"@type\":\"BreadcrumbList\",\"@id\":\"https:\/\/reviva.fi\/fi\/tuote\/ny-tid-05-liter\/#breadcrumb\",\"itemListElement\":[{\"@type\":\"ListItem\",\"position\":1,\"name\":\"Etusivu\",\"item\":\"https:\/\/reviva.fi\/fi\/\"},{\"@type\":\"ListItem\",\"position\":2,\"name\":\"Tuotteet\",\"item\":\"https:\/\/reviva.fi\/produkter\/\"},{\"@type\":\"ListItem\",\"position\":3,\"name\":\"Ny Tid &#8211; Probioottinen juoma, 500 ml\"}]},{\"@type\":\"WebSite\",\"@id\":\"https:\/\/reviva.fi\/fi\/#website\",\"url\":\"https:\/\/reviva.fi\/fi\/\",\"name\":\"Reviva\",\"description\":\"\",\"publisher\":{\"@id\":\"https:\/\/reviva.fi\/fi\/#organization\"},\"potentialAction\":[{\"@type\":\"SearchAction\",\"target\":{\"@type\":\"EntryPoint\",\"urlTemplate\":\"https:\/\/reviva.fi\/fi\/?s={search_term_string}\"},\"query-input\":{\"@type\":\"PropertyValueSpecification\",\"valueRequired\":true,\"valueName\":\"search_term_string\"}}],\"inLanguage\":\"fi\"},{\"@type\":\"Organization\",\"@id\":\"https:\/\/reviva.fi\/fi\/#organization\",\"name\":\"Reviva\",\"url\":\"https:\/\/reviva.fi\/fi\/\",\"logo\":{\"@type\":\"ImageObject\",\"inLanguage\":\"fi\",\"@id\":\"https:\/\/reviva.fi\/fi\/#\/schema\/logo\/image\/\",\"url\":\"https:\/\/reviva.fi\/wp-content\/uploads\/2023\/10\/reviva-logo2.svg\",\"contentUrl\":\"https:\/\/reviva.fi\/wp-content\/uploads\/2023\/10\/reviva-logo2.svg\",\"caption\":\"Reviva\"},\"image\":{\"@id\":\"https:\/\/reviva.fi\/fi\/#\/schema\/logo\/image\/\"}}]}<\/script>\n<meta property=\"product:price:amount\" content=\"33.65\" \/>\n<meta property=\"product:price:currency\" content=\"EUR\" \/>\n<meta property=\"og:availability\" content=\"instock\" \/>\n<meta property=\"product:availability\" content=\"instock\" \/>\n<meta property=\"product:retailer_item_id\" content=\"51850\" \/>\n<meta property=\"product:condition\" content=\"new\" \/>\n<!-- \/ Yoast SEO plugin. -->","yoast_head_json":{"title":"Ny Tid - Probioottinen juoma, 500 ml - Reviva","description":"Luonnolliseen bakteerikannan uudelleenrakentamiseen, tasapainottamiseen ja tukemiseen. Sopii erinomaisesti my\u00f6s raskaana oleville ja lapsille.","robots":{"index":"index","follow":"follow","max-snippet":"max-snippet:-1","max-image-preview":"max-image-preview:large","max-video-preview":"max-video-preview:-1"},"canonical":"https:\/\/reviva.fi\/fi\/tuote\/ny-tid-05-liter\/","og_locale":"fi_FI","og_type":"article","og_title":"Ny Tid - Probioottinen juoma, 500 ml - Reviva","og_description":"Luonnolliseen bakteerikannan uudelleenrakentamiseen, tasapainottamiseen ja tukemiseen. Sopii erinomaisesti my\u00f6s raskaana oleville ja lapsille.","og_url":"https:\/\/reviva.fi\/fi\/tuote\/ny-tid-05-liter\/","og_site_name":"Reviva","article_modified_time":"2026-02-01T13:23:44+00:00","og_image":[{"width":2000,"height":2000,"url":"https:\/\/reviva.fi\/wp-content\/uploads\/2025\/08\/Ny-Tid-05-Photoroom-e1754475356575.png","type":"image\/png"}],"twitter_card":"summary_large_image","schema":{"@context":"https:\/\/schema.org","@graph":[{"@type":"WebPage","@id":"https:\/\/reviva.fi\/fi\/tuote\/ny-tid-05-liter\/","url":"https:\/\/reviva.fi\/fi\/tuote\/ny-tid-05-liter\/","name":"Ny Tid - Probioottinen juoma, 500 ml - Reviva","isPartOf":{"@id":"https:\/\/reviva.fi\/fi\/#website"},"primaryImageOfPage":{"@id":"https:\/\/reviva.fi\/fi\/tuote\/ny-tid-05-liter\/#primaryimage"},"image":{"@id":"https:\/\/reviva.fi\/fi\/tuote\/ny-tid-05-liter\/#primaryimage"},"thumbnailUrl":"https:\/\/reviva.fi\/wp-content\/uploads\/2025\/08\/Ny-Tid-05-Photoroom-e1754475356575.png","datePublished":"2025-08-06T10:18:34+00:00","dateModified":"2026-02-01T13:23:44+00:00","description":"Luonnolliseen bakteerikannan uudelleenrakentamiseen, tasapainottamiseen ja tukemiseen. Sopii erinomaisesti my\u00f6s raskaana oleville ja lapsille.","breadcrumb":{"@id":"https:\/\/reviva.fi\/fi\/tuote\/ny-tid-05-liter\/#breadcrumb"},"inLanguage":"fi","potentialAction":[{"@type":"ReadAction","target":["https:\/\/reviva.fi\/fi\/tuote\/ny-tid-05-liter\/"]}]},{"@type":"ImageObject","inLanguage":"fi","@id":"https:\/\/reviva.fi\/fi\/tuote\/ny-tid-05-liter\/#primaryimage","url":"https:\/\/reviva.fi\/wp-content\/uploads\/2025\/08\/Ny-Tid-05-Photoroom-e1754475356575.png","contentUrl":"https:\/\/reviva.fi\/wp-content\/uploads\/2025\/08\/Ny-Tid-05-Photoroom-e1754475356575.png","width":2000,"height":2000,"caption":"Ny Tid 0,5"},{"@type":"BreadcrumbList","@id":"https:\/\/reviva.fi\/fi\/tuote\/ny-tid-05-liter\/#breadcrumb","itemListElement":[{"@type":"ListItem","position":1,"name":"Etusivu","item":"https:\/\/reviva.fi\/fi\/"},{"@type":"ListItem","position":2,"name":"Tuotteet","item":"https:\/\/reviva.fi\/produkter\/"},{"@type":"ListItem","position":3,"name":"Ny Tid &#8211; Probioottinen juoma, 500 ml"}]},{"@type":"WebSite","@id":"https:\/\/reviva.fi\/fi\/#website","url":"https:\/\/reviva.fi\/fi\/","name":"Reviva","description":"","publisher":{"@id":"https:\/\/reviva.fi\/fi\/#organization"},"potentialAction":[{"@type":"SearchAction","target":{"@type":"EntryPoint","urlTemplate":"https:\/\/reviva.fi\/fi\/?s={search_term_string}"},"query-input":{"@type":"PropertyValueSpecification","valueRequired":true,"valueName":"search_term_string"}}],"inLanguage":"fi"},{"@type":"Organization","@id":"https:\/\/reviva.fi\/fi\/#organization","name":"Reviva","url":"https:\/\/reviva.fi\/fi\/","logo":{"@type":"ImageObject","inLanguage":"fi","@id":"https:\/\/reviva.fi\/fi\/#\/schema\/logo\/image\/","url":"https:\/\/reviva.fi\/wp-content\/uploads\/2023\/10\/reviva-logo2.svg","contentUrl":"https:\/\/reviva.fi\/wp-content\/uploads\/2023\/10\/reviva-logo2.svg","caption":"Reviva"},"image":{"@id":"https:\/\/reviva.fi\/fi\/#\/schema\/logo\/image\/"}}]},"product_price_amount":"33.65","product_price_currency":"EUR","og_availability":"instock","product_availability":"instock","product_retailer_item_id":"51850","product_condition":"new"},"taxonomy_info":{"product_cat":[{"value":5976,"label":"Maitohappobakteerit"},{"value":5985,"label":"NyTid"},{"value":2387,"label":"Maha &amp; Suolisto"},{"value":2357,"label":"Immuunipuolustus"}]},"featured_image_src_large":["https:\/\/reviva.fi\/wp-content\/uploads\/2025\/08\/Ny-Tid-05-Photoroom-1024x1024.png",1024,1024,true],"author_info":[],"comment_info":0,"_links":{"self":[{"href":"https:\/\/reviva.fi\/fi\/wp-json\/wp\/v2\/product\/12529","targetHints":{"allow":["GET"]}}],"collection":[{"href":"https:\/\/reviva.fi\/fi\/wp-json\/wp\/v2\/product"}],"about":[{"href":"https:\/\/reviva.fi\/fi\/wp-json\/wp\/v2\/types\/product"}],"replies":[{"embeddable":true,"href":"https:\/\/reviva.fi\/fi\/wp-json\/wp\/v2\/comments?post=12529"}],"wp:featuredmedia":[{"embeddable":true,"href":"https:\/\/reviva.fi\/fi\/wp-json\/wp\/v2\/media\/12527"}],"wp:attachment":[{"href":"https:\/\/reviva.fi\/fi\/wp-json\/wp\/v2\/media?parent=12529"}],"wp:term":[{"taxonomy":"product_brand","embeddable":true,"href":"https:\/\/reviva.fi\/fi\/wp-json\/wp\/v2\/product_brand?post=12529"},{"taxonomy":"product_cat","embeddable":true,"href":"https:\/\/reviva.fi\/fi\/wp-json\/wp\/v2\/product_cat?post=12529"},{"taxonomy":"product_tag","embeddable":true,"href":"https:\/\/reviva.fi\/fi\/wp-json\/wp\/v2\/product_tag?post=12529"}],"curies":[{"name":"wp","href":"https:\/\/api.w.org\/{rel}","templated":true}]}}