{"id":12540,"date":"2025-08-06T13:40:42","date_gmt":"2025-08-06T10:40:42","guid":{"rendered":"https:\/\/reviva.fi\/product\/kolloidalt-silver-1-liter-ion-plus\/"},"modified":"2026-02-22T16:32:29","modified_gmt":"2026-02-22T14:32:29","slug":"kolloidalt-silver-1-liter-ion-plus","status":"publish","type":"product","link":"https:\/\/reviva.fi\/fi\/tuote\/kolloidalt-silver-1-liter-ion-plus\/","title":{"rendered":"Kolloidalt Silver 1 liter (Ion Plus)"},"content":{"rendered":"<p data-start=\"0\" data-end=\"59\"><strong data-start=\"0\" data-end=\"59\">IonPlus kolloidalt silver \u2013 Tehokas vedenpuhdistustuote<\/strong><\/p>\n<p data-start=\"61\" data-end=\"218\">IonPlus on vedenpuhdistukseen tarkoitettu desinfiointituote, joka torjuu tehokkaasti bakteereja, sieni\u00e4, viruksia ja yksisoluisia alkuel\u00e4imi\u00e4, kuten ameboja.<\/p>\n<p data-start=\"220\" data-end=\"498\">Tuote sis\u00e4lt\u00e4\u00e4 10 ppm (parts per million) hopeaa, mik\u00e4 vastaa 100 mikrogrammaa hopeaa per 10 ml. Yksi litra tuotetta sis\u00e4lt\u00e4\u00e4 siis 10 mg hopeaa. Valmistuksessa k\u00e4ytetyt raaka-aineet ovat 99,9-prosenttisesti puhdas hopea ja deionisoitu vesi. IonPlusin pitoisuus on 10 ppm \u00b11 ppm.<\/p>\n<p data-start=\"500\" data-end=\"601\" data-is-last-node=\"\" data-is-only-node=\"\">Tuote on rekister\u00f6ity Ruotsin kemikaalivirastossa (Kemikalieinspektionen) veden desinfiointik\u00e4ytt\u00f6\u00f6n.<\/p>\n","protected":false},"excerpt":{"rendered":"<p data-start=\"0\" data-end=\"411\"><strong data-start=\"0\" data-end=\"19\">Yleist\u00e4 tietoa:<\/strong><br data-start=\"19\" data-end=\"22\" \/>Kun jokin aine on kolloidisessa muodossa, se tarkoittaa, ett\u00e4 se on jakautunut eritt\u00e4in hienojakoisiksi, mikroskooppisiksi, vapaasti leijuviksi hiukkasiksi. N\u00e4ill\u00e4 hiukkasilla on s\u00e4hk\u00f6varaus, joka saa ne hylkim\u00e4\u00e4n toisiaan jatkuvasti, est\u00e4en niit\u00e4 takertumasta yhteen. Hiukkaset ovat niin pieni\u00e4, ett\u00e4 esimerkiksi yhden millimetrin kokoiseen tilaan mahtuu useita miljardeja hopeahiukkasia.<\/p>\n<p data-start=\"413\" data-end=\"507\" data-is-last-node=\"\" data-is-only-node=\"\"><strong data-start=\"413\" data-end=\"424\">IonPlus<\/strong> koostuu noin 90-prosenttisesti hopeaioneista ja loput ovat hopeaa hiukkasmuodossa.<\/p>\n","protected":false},"featured_media":12532,"comment_status":"closed","ping_status":"closed","template":"","meta":{"_acf_changed":false,"inline_featured_image":false,"_kad_blocks_custom_css":"","_kad_blocks_head_custom_js":"","_kad_blocks_body_custom_js":"","_kad_blocks_footer_custom_js":"","_kadence_starter_templates_imported_post":false,"_kad_post_transparent":"default","_kad_post_title":"","_kad_post_layout":"default","_kad_post_sidebar_id":"","_kad_post_content_style":"default","_kad_post_vertical_padding":"default","_kad_post_feature":"","_kad_post_feature_position":"","_kad_post_header":false,"_kad_post_footer":false},"product_brand":[],"product_cat":[2505,86],"product_tag":[],"class_list":{"0":"post-12540","1":"product","2":"type-product","3":"status-publish","4":"has-post-thumbnail","6":"product_cat-ovriga-kosttillskott-fi","7":"product_cat-okategoriserad-fi","9":"first","10":"outofstock","11":"taxable","12":"shipping-taxable","13":"purchasable","14":"product-type-simple","15":"entry","16":"content-bg","17":"loop-entry"},"acf":[],"yoast_head":"<!-- This site is optimized with the Yoast SEO plugin v25.8 - https:\/\/yoast.com\/wordpress\/plugins\/seo\/ -->\n<title>Kolloidalt Silver 1 liter (Ion Plus) - Reviva<\/title>\n<meta name=\"robots\" content=\"index, follow, max-snippet:-1, max-image-preview:large, max-video-preview:-1\" \/>\n<link rel=\"canonical\" href=\"https:\/\/reviva.fi\/fi\/tuote\/kolloidalt-silver-1-liter-ion-plus\/\" \/>\n<meta property=\"og:locale\" content=\"fi_FI\" \/>\n<meta property=\"og:type\" content=\"article\" \/>\n<meta property=\"og:title\" content=\"Kolloidalt Silver 1 liter (Ion Plus) - Reviva\" \/>\n<meta property=\"og:description\" content=\"Yleist\u00e4 tietoa:Kun jokin aine on kolloidisessa muodossa, se tarkoittaa, ett\u00e4 se on jakautunut eritt\u00e4in hienojakoisiksi, mikroskooppisiksi, vapaasti leijuviksi hiukkasiksi. N\u00e4ill\u00e4 hiukkasilla on s\u00e4hk\u00f6varaus, joka saa ne hylkim\u00e4\u00e4n toisiaan jatkuvasti, est\u00e4en niit\u00e4 takertumasta yhteen. Hiukkaset ovat niin pieni\u00e4, ett\u00e4 esimerkiksi yhden millimetrin kokoiseen tilaan mahtuu useita miljardeja hopeahiukkasia. IonPlus koostuu noin 90-prosenttisesti hopeaioneista ja loput ovat hopeaa hiukkasmuodossa.\" \/>\n<meta property=\"og:url\" content=\"https:\/\/reviva.fi\/fi\/tuote\/kolloidalt-silver-1-liter-ion-plus\/\" \/>\n<meta property=\"og:site_name\" content=\"Reviva\" \/>\n<meta property=\"article:modified_time\" content=\"2026-02-22T14:32:29+00:00\" \/>\n<meta property=\"og:image\" content=\"https:\/\/reviva.fi\/wp-content\/uploads\/2025\/08\/Kolloidant-silver-1-liter-Photoroom.png\" \/>\n\t<meta property=\"og:image:width\" content=\"2000\" \/>\n\t<meta property=\"og:image:height\" content=\"2000\" \/>\n\t<meta property=\"og:image:type\" content=\"image\/png\" \/>\n<meta name=\"twitter:card\" content=\"summary_large_image\" \/>\n<script type=\"application\/ld+json\" class=\"yoast-schema-graph\">{\"@context\":\"https:\/\/schema.org\",\"@graph\":[{\"@type\":\"WebPage\",\"@id\":\"https:\/\/reviva.fi\/fi\/tuote\/kolloidalt-silver-1-liter-ion-plus\/\",\"url\":\"https:\/\/reviva.fi\/fi\/tuote\/kolloidalt-silver-1-liter-ion-plus\/\",\"name\":\"Kolloidalt Silver 1 liter (Ion Plus) - Reviva\",\"isPartOf\":{\"@id\":\"https:\/\/reviva.fi\/fi\/#website\"},\"primaryImageOfPage\":{\"@id\":\"https:\/\/reviva.fi\/fi\/tuote\/kolloidalt-silver-1-liter-ion-plus\/#primaryimage\"},\"image\":{\"@id\":\"https:\/\/reviva.fi\/fi\/tuote\/kolloidalt-silver-1-liter-ion-plus\/#primaryimage\"},\"thumbnailUrl\":\"https:\/\/reviva.fi\/wp-content\/uploads\/2025\/08\/Kolloidant-silver-1-liter-Photoroom.png\",\"datePublished\":\"2025-08-06T10:40:42+00:00\",\"dateModified\":\"2026-02-22T14:32:29+00:00\",\"breadcrumb\":{\"@id\":\"https:\/\/reviva.fi\/fi\/tuote\/kolloidalt-silver-1-liter-ion-plus\/#breadcrumb\"},\"inLanguage\":\"fi\",\"potentialAction\":[{\"@type\":\"ReadAction\",\"target\":[\"https:\/\/reviva.fi\/fi\/tuote\/kolloidalt-silver-1-liter-ion-plus\/\"]}]},{\"@type\":\"ImageObject\",\"inLanguage\":\"fi\",\"@id\":\"https:\/\/reviva.fi\/fi\/tuote\/kolloidalt-silver-1-liter-ion-plus\/#primaryimage\",\"url\":\"https:\/\/reviva.fi\/wp-content\/uploads\/2025\/08\/Kolloidant-silver-1-liter-Photoroom.png\",\"contentUrl\":\"https:\/\/reviva.fi\/wp-content\/uploads\/2025\/08\/Kolloidant-silver-1-liter-Photoroom.png\",\"width\":2000,\"height\":2000,\"caption\":\"Kolloidalt Silver 1 liter (Ion Plus)\"},{\"@type\":\"BreadcrumbList\",\"@id\":\"https:\/\/reviva.fi\/fi\/tuote\/kolloidalt-silver-1-liter-ion-plus\/#breadcrumb\",\"itemListElement\":[{\"@type\":\"ListItem\",\"position\":1,\"name\":\"Etusivu\",\"item\":\"https:\/\/reviva.fi\/fi\/\"},{\"@type\":\"ListItem\",\"position\":2,\"name\":\"Tuotteet\",\"item\":\"https:\/\/reviva.fi\/produkter\/\"},{\"@type\":\"ListItem\",\"position\":3,\"name\":\"Kolloidalt Silver 1 liter (Ion Plus)\"}]},{\"@type\":\"WebSite\",\"@id\":\"https:\/\/reviva.fi\/fi\/#website\",\"url\":\"https:\/\/reviva.fi\/fi\/\",\"name\":\"Reviva\",\"description\":\"\",\"publisher\":{\"@id\":\"https:\/\/reviva.fi\/fi\/#organization\"},\"potentialAction\":[{\"@type\":\"SearchAction\",\"target\":{\"@type\":\"EntryPoint\",\"urlTemplate\":\"https:\/\/reviva.fi\/fi\/?s={search_term_string}\"},\"query-input\":{\"@type\":\"PropertyValueSpecification\",\"valueRequired\":true,\"valueName\":\"search_term_string\"}}],\"inLanguage\":\"fi\"},{\"@type\":\"Organization\",\"@id\":\"https:\/\/reviva.fi\/fi\/#organization\",\"name\":\"Reviva\",\"url\":\"https:\/\/reviva.fi\/fi\/\",\"logo\":{\"@type\":\"ImageObject\",\"inLanguage\":\"fi\",\"@id\":\"https:\/\/reviva.fi\/fi\/#\/schema\/logo\/image\/\",\"url\":\"https:\/\/reviva.fi\/wp-content\/uploads\/2023\/10\/reviva-logo2.svg\",\"contentUrl\":\"https:\/\/reviva.fi\/wp-content\/uploads\/2023\/10\/reviva-logo2.svg\",\"caption\":\"Reviva\"},\"image\":{\"@id\":\"https:\/\/reviva.fi\/fi\/#\/schema\/logo\/image\/\"}}]}<\/script>\n<meta property=\"product:price:amount\" content=\"26.30\" \/>\n<meta property=\"product:price:currency\" content=\"EUR\" \/>\n<meta property=\"og:availability\" content=\"out of stock\" \/>\n<meta property=\"product:availability\" content=\"out of stock\" \/>\n<meta property=\"product:retailer_item_id\" content=\"951\" \/>\n<meta property=\"product:condition\" content=\"new\" \/>\n<!-- \/ Yoast SEO plugin. -->","yoast_head_json":{"title":"Kolloidalt Silver 1 liter (Ion Plus) - Reviva","robots":{"index":"index","follow":"follow","max-snippet":"max-snippet:-1","max-image-preview":"max-image-preview:large","max-video-preview":"max-video-preview:-1"},"canonical":"https:\/\/reviva.fi\/fi\/tuote\/kolloidalt-silver-1-liter-ion-plus\/","og_locale":"fi_FI","og_type":"article","og_title":"Kolloidalt Silver 1 liter (Ion Plus) - Reviva","og_description":"Yleist\u00e4 tietoa:Kun jokin aine on kolloidisessa muodossa, se tarkoittaa, ett\u00e4 se on jakautunut eritt\u00e4in hienojakoisiksi, mikroskooppisiksi, vapaasti leijuviksi hiukkasiksi. N\u00e4ill\u00e4 hiukkasilla on s\u00e4hk\u00f6varaus, joka saa ne hylkim\u00e4\u00e4n toisiaan jatkuvasti, est\u00e4en niit\u00e4 takertumasta yhteen. Hiukkaset ovat niin pieni\u00e4, ett\u00e4 esimerkiksi yhden millimetrin kokoiseen tilaan mahtuu useita miljardeja hopeahiukkasia. IonPlus koostuu noin 90-prosenttisesti hopeaioneista ja loput ovat hopeaa hiukkasmuodossa.","og_url":"https:\/\/reviva.fi\/fi\/tuote\/kolloidalt-silver-1-liter-ion-plus\/","og_site_name":"Reviva","article_modified_time":"2026-02-22T14:32:29+00:00","og_image":[{"width":2000,"height":2000,"url":"https:\/\/reviva.fi\/wp-content\/uploads\/2025\/08\/Kolloidant-silver-1-liter-Photoroom.png","type":"image\/png"}],"twitter_card":"summary_large_image","schema":{"@context":"https:\/\/schema.org","@graph":[{"@type":"WebPage","@id":"https:\/\/reviva.fi\/fi\/tuote\/kolloidalt-silver-1-liter-ion-plus\/","url":"https:\/\/reviva.fi\/fi\/tuote\/kolloidalt-silver-1-liter-ion-plus\/","name":"Kolloidalt Silver 1 liter (Ion Plus) - Reviva","isPartOf":{"@id":"https:\/\/reviva.fi\/fi\/#website"},"primaryImageOfPage":{"@id":"https:\/\/reviva.fi\/fi\/tuote\/kolloidalt-silver-1-liter-ion-plus\/#primaryimage"},"image":{"@id":"https:\/\/reviva.fi\/fi\/tuote\/kolloidalt-silver-1-liter-ion-plus\/#primaryimage"},"thumbnailUrl":"https:\/\/reviva.fi\/wp-content\/uploads\/2025\/08\/Kolloidant-silver-1-liter-Photoroom.png","datePublished":"2025-08-06T10:40:42+00:00","dateModified":"2026-02-22T14:32:29+00:00","breadcrumb":{"@id":"https:\/\/reviva.fi\/fi\/tuote\/kolloidalt-silver-1-liter-ion-plus\/#breadcrumb"},"inLanguage":"fi","potentialAction":[{"@type":"ReadAction","target":["https:\/\/reviva.fi\/fi\/tuote\/kolloidalt-silver-1-liter-ion-plus\/"]}]},{"@type":"ImageObject","inLanguage":"fi","@id":"https:\/\/reviva.fi\/fi\/tuote\/kolloidalt-silver-1-liter-ion-plus\/#primaryimage","url":"https:\/\/reviva.fi\/wp-content\/uploads\/2025\/08\/Kolloidant-silver-1-liter-Photoroom.png","contentUrl":"https:\/\/reviva.fi\/wp-content\/uploads\/2025\/08\/Kolloidant-silver-1-liter-Photoroom.png","width":2000,"height":2000,"caption":"Kolloidalt Silver 1 liter (Ion Plus)"},{"@type":"BreadcrumbList","@id":"https:\/\/reviva.fi\/fi\/tuote\/kolloidalt-silver-1-liter-ion-plus\/#breadcrumb","itemListElement":[{"@type":"ListItem","position":1,"name":"Etusivu","item":"https:\/\/reviva.fi\/fi\/"},{"@type":"ListItem","position":2,"name":"Tuotteet","item":"https:\/\/reviva.fi\/produkter\/"},{"@type":"ListItem","position":3,"name":"Kolloidalt Silver 1 liter (Ion Plus)"}]},{"@type":"WebSite","@id":"https:\/\/reviva.fi\/fi\/#website","url":"https:\/\/reviva.fi\/fi\/","name":"Reviva","description":"","publisher":{"@id":"https:\/\/reviva.fi\/fi\/#organization"},"potentialAction":[{"@type":"SearchAction","target":{"@type":"EntryPoint","urlTemplate":"https:\/\/reviva.fi\/fi\/?s={search_term_string}"},"query-input":{"@type":"PropertyValueSpecification","valueRequired":true,"valueName":"search_term_string"}}],"inLanguage":"fi"},{"@type":"Organization","@id":"https:\/\/reviva.fi\/fi\/#organization","name":"Reviva","url":"https:\/\/reviva.fi\/fi\/","logo":{"@type":"ImageObject","inLanguage":"fi","@id":"https:\/\/reviva.fi\/fi\/#\/schema\/logo\/image\/","url":"https:\/\/reviva.fi\/wp-content\/uploads\/2023\/10\/reviva-logo2.svg","contentUrl":"https:\/\/reviva.fi\/wp-content\/uploads\/2023\/10\/reviva-logo2.svg","caption":"Reviva"},"image":{"@id":"https:\/\/reviva.fi\/fi\/#\/schema\/logo\/image\/"}}]},"product_price_amount":"26.30","product_price_currency":"EUR","og_availability":"out of stock","product_availability":"out of stock","product_retailer_item_id":"951","product_condition":"new"},"taxonomy_info":{"product_cat":[{"value":2505,"label":"Muut ravintolis\u00e4t"},{"value":86,"label":"Luokittelematon"}]},"featured_image_src_large":["https:\/\/reviva.fi\/wp-content\/uploads\/2025\/08\/Kolloidant-silver-1-liter-Photoroom-1024x1024.png",1024,1024,true],"author_info":[],"comment_info":0,"_links":{"self":[{"href":"https:\/\/reviva.fi\/fi\/wp-json\/wp\/v2\/product\/12540","targetHints":{"allow":["GET"]}}],"collection":[{"href":"https:\/\/reviva.fi\/fi\/wp-json\/wp\/v2\/product"}],"about":[{"href":"https:\/\/reviva.fi\/fi\/wp-json\/wp\/v2\/types\/product"}],"replies":[{"embeddable":true,"href":"https:\/\/reviva.fi\/fi\/wp-json\/wp\/v2\/comments?post=12540"}],"wp:featuredmedia":[{"embeddable":true,"href":"https:\/\/reviva.fi\/fi\/wp-json\/wp\/v2\/media\/12532"}],"wp:attachment":[{"href":"https:\/\/reviva.fi\/fi\/wp-json\/wp\/v2\/media?parent=12540"}],"wp:term":[{"taxonomy":"product_brand","embeddable":true,"href":"https:\/\/reviva.fi\/fi\/wp-json\/wp\/v2\/product_brand?post=12540"},{"taxonomy":"product_cat","embeddable":true,"href":"https:\/\/reviva.fi\/fi\/wp-json\/wp\/v2\/product_cat?post=12540"},{"taxonomy":"product_tag","embeddable":true,"href":"https:\/\/reviva.fi\/fi\/wp-json\/wp\/v2\/product_tag?post=12540"}],"curies":[{"name":"wp","href":"https:\/\/api.w.org\/{rel}","templated":true}]}}