{"id":12558,"date":"2025-08-08T10:07:58","date_gmt":"2025-08-08T07:07:58","guid":{"rendered":"https:\/\/reviva.fi\/product\/cholesterol-teststickor\/"},"modified":"2025-08-08T10:18:08","modified_gmt":"2025-08-08T07:18:08","slug":"cholesterol-teststickor","status":"publish","type":"product","link":"https:\/\/reviva.fi\/fi\/tuote\/cholesterol-teststickor\/","title":{"rendered":"Kolesterolimittarin testiliuskat"},"content":{"rendered":"<p><strong>Kolesterolimittarin testiliuskat<\/strong><\/p>\n<p>T\u00e4ydellinen sinulle, joka omistaa jo kolesterolimittarimme, ja haluaa jatkaa itse veriarvojen mittausta kotona.<br \/>\nPaketti sis\u00e4lt\u00e4\u00e4 10 uutta testiliuskaa, sek\u00e4 kapill\u00e4\u00e4ripipetti\u00e4.<\/p>\n","protected":false},"excerpt":{"rendered":"<p>Kolesterolimittarin testiliuskat T\u00e4ydellinen sinulle, joka omistaa jo kolesterolimittarimme, ja haluaa jatkaa itse veriarvojen mittausta kotona. Paketti sis\u00e4lt\u00e4\u00e4 10 uutta testiliuskaa, sek\u00e4 kapill\u00e4\u00e4ripipetti\u00e4.<\/p>\n","protected":false},"featured_media":12556,"comment_status":"closed","ping_status":"closed","template":"","meta":{"_acf_changed":false,"inline_featured_image":false,"_kad_blocks_custom_css":"","_kad_blocks_head_custom_js":"","_kad_blocks_body_custom_js":"","_kad_blocks_footer_custom_js":"","_kadence_starter_templates_imported_post":false,"_kad_post_transparent":"default","_kad_post_title":"","_kad_post_layout":"default","_kad_post_sidebar_id":"","_kad_post_content_style":"default","_kad_post_vertical_padding":"default","_kad_post_feature":"","_kad_post_feature_position":"","_kad_post_header":false,"_kad_post_footer":false},"product_brand":[],"product_cat":[86],"product_tag":[],"class_list":{"0":"post-12558","1":"product","2":"type-product","3":"status-publish","4":"has-post-thumbnail","6":"product_cat-okategoriserad-fi","8":"first","9":"instock","10":"taxable","11":"shipping-taxable","12":"purchasable","13":"product-type-simple","14":"entry","15":"content-bg","16":"loop-entry"},"acf":[],"yoast_head":"<!-- This site is optimized with the Yoast SEO plugin v25.8 - https:\/\/yoast.com\/wordpress\/plugins\/seo\/ -->\n<title>Kolesterolimittarin testiliuskat - Reviva<\/title>\n<meta name=\"description\" content=\"Lis\u00e4pakkaus mittausliuskoja kolesterolimittarille. 10 testi\u00e4.\" \/>\n<meta name=\"robots\" content=\"index, follow, max-snippet:-1, max-image-preview:large, max-video-preview:-1\" \/>\n<link rel=\"canonical\" href=\"https:\/\/reviva.fi\/fi\/tuote\/cholesterol-teststickor\/\" \/>\n<meta property=\"og:locale\" content=\"fi_FI\" \/>\n<meta property=\"og:type\" content=\"article\" \/>\n<meta property=\"og:title\" content=\"Kolesterolimittarin testiliuskat - Reviva\" \/>\n<meta property=\"og:description\" content=\"Lis\u00e4pakkaus mittausliuskoja kolesterolimittarille. 10 testi\u00e4.\" \/>\n<meta property=\"og:url\" content=\"https:\/\/reviva.fi\/fi\/tuote\/cholesterol-teststickor\/\" \/>\n<meta property=\"og:site_name\" content=\"Reviva\" \/>\n<meta property=\"article:modified_time\" content=\"2025-08-08T07:18:08+00:00\" \/>\n<meta property=\"og:image\" content=\"https:\/\/reviva.fi\/wp-content\/uploads\/2025\/08\/Cholesterol-Test-strips-Photoroom.png\" \/>\n\t<meta property=\"og:image:width\" content=\"2000\" \/>\n\t<meta property=\"og:image:height\" content=\"2000\" \/>\n\t<meta property=\"og:image:type\" content=\"image\/png\" \/>\n<meta name=\"twitter:card\" content=\"summary_large_image\" \/>\n<script type=\"application\/ld+json\" class=\"yoast-schema-graph\">{\"@context\":\"https:\/\/schema.org\",\"@graph\":[{\"@type\":\"WebPage\",\"@id\":\"https:\/\/reviva.fi\/fi\/tuote\/cholesterol-teststickor\/\",\"url\":\"https:\/\/reviva.fi\/fi\/tuote\/cholesterol-teststickor\/\",\"name\":\"Kolesterolimittarin testiliuskat - Reviva\",\"isPartOf\":{\"@id\":\"https:\/\/reviva.fi\/fi\/#website\"},\"primaryImageOfPage\":{\"@id\":\"https:\/\/reviva.fi\/fi\/tuote\/cholesterol-teststickor\/#primaryimage\"},\"image\":{\"@id\":\"https:\/\/reviva.fi\/fi\/tuote\/cholesterol-teststickor\/#primaryimage\"},\"thumbnailUrl\":\"https:\/\/reviva.fi\/wp-content\/uploads\/2025\/08\/Cholesterol-Test-strips-Photoroom.png\",\"datePublished\":\"2025-08-08T07:07:58+00:00\",\"dateModified\":\"2025-08-08T07:18:08+00:00\",\"description\":\"Lis\u00e4pakkaus mittausliuskoja kolesterolimittarille. 10 testi\u00e4.\",\"breadcrumb\":{\"@id\":\"https:\/\/reviva.fi\/fi\/tuote\/cholesterol-teststickor\/#breadcrumb\"},\"inLanguage\":\"fi\",\"potentialAction\":[{\"@type\":\"ReadAction\",\"target\":[\"https:\/\/reviva.fi\/fi\/tuote\/cholesterol-teststickor\/\"]}]},{\"@type\":\"ImageObject\",\"inLanguage\":\"fi\",\"@id\":\"https:\/\/reviva.fi\/fi\/tuote\/cholesterol-teststickor\/#primaryimage\",\"url\":\"https:\/\/reviva.fi\/wp-content\/uploads\/2025\/08\/Cholesterol-Test-strips-Photoroom.png\",\"contentUrl\":\"https:\/\/reviva.fi\/wp-content\/uploads\/2025\/08\/Cholesterol-Test-strips-Photoroom.png\",\"width\":2000,\"height\":2000,\"caption\":\"Cholesterol Teststickor\"},{\"@type\":\"BreadcrumbList\",\"@id\":\"https:\/\/reviva.fi\/fi\/tuote\/cholesterol-teststickor\/#breadcrumb\",\"itemListElement\":[{\"@type\":\"ListItem\",\"position\":1,\"name\":\"Etusivu\",\"item\":\"https:\/\/reviva.fi\/fi\/\"},{\"@type\":\"ListItem\",\"position\":2,\"name\":\"Tuotteet\",\"item\":\"https:\/\/reviva.fi\/produkter\/\"},{\"@type\":\"ListItem\",\"position\":3,\"name\":\"Kolesterolimittarin testiliuskat\"}]},{\"@type\":\"WebSite\",\"@id\":\"https:\/\/reviva.fi\/fi\/#website\",\"url\":\"https:\/\/reviva.fi\/fi\/\",\"name\":\"Reviva\",\"description\":\"\",\"publisher\":{\"@id\":\"https:\/\/reviva.fi\/fi\/#organization\"},\"potentialAction\":[{\"@type\":\"SearchAction\",\"target\":{\"@type\":\"EntryPoint\",\"urlTemplate\":\"https:\/\/reviva.fi\/fi\/?s={search_term_string}\"},\"query-input\":{\"@type\":\"PropertyValueSpecification\",\"valueRequired\":true,\"valueName\":\"search_term_string\"}}],\"inLanguage\":\"fi\"},{\"@type\":\"Organization\",\"@id\":\"https:\/\/reviva.fi\/fi\/#organization\",\"name\":\"Reviva\",\"url\":\"https:\/\/reviva.fi\/fi\/\",\"logo\":{\"@type\":\"ImageObject\",\"inLanguage\":\"fi\",\"@id\":\"https:\/\/reviva.fi\/fi\/#\/schema\/logo\/image\/\",\"url\":\"https:\/\/reviva.fi\/wp-content\/uploads\/2023\/10\/reviva-logo2.svg\",\"contentUrl\":\"https:\/\/reviva.fi\/wp-content\/uploads\/2023\/10\/reviva-logo2.svg\",\"caption\":\"Reviva\"},\"image\":{\"@id\":\"https:\/\/reviva.fi\/fi\/#\/schema\/logo\/image\/\"}}]}<\/script>\n<meta property=\"product:price:amount\" content=\"89.00\" \/>\n<meta property=\"product:price:currency\" content=\"EUR\" \/>\n<meta property=\"og:availability\" content=\"instock\" \/>\n<meta property=\"product:availability\" content=\"instock\" \/>\n<meta property=\"product:retailer_item_id\" content=\"OCHO-401\" \/>\n<meta property=\"product:condition\" content=\"new\" \/>\n<!-- \/ Yoast SEO plugin. -->","yoast_head_json":{"title":"Kolesterolimittarin testiliuskat - Reviva","description":"Lis\u00e4pakkaus mittausliuskoja kolesterolimittarille. 10 testi\u00e4.","robots":{"index":"index","follow":"follow","max-snippet":"max-snippet:-1","max-image-preview":"max-image-preview:large","max-video-preview":"max-video-preview:-1"},"canonical":"https:\/\/reviva.fi\/fi\/tuote\/cholesterol-teststickor\/","og_locale":"fi_FI","og_type":"article","og_title":"Kolesterolimittarin testiliuskat - Reviva","og_description":"Lis\u00e4pakkaus mittausliuskoja kolesterolimittarille. 10 testi\u00e4.","og_url":"https:\/\/reviva.fi\/fi\/tuote\/cholesterol-teststickor\/","og_site_name":"Reviva","article_modified_time":"2025-08-08T07:18:08+00:00","og_image":[{"width":2000,"height":2000,"url":"https:\/\/reviva.fi\/wp-content\/uploads\/2025\/08\/Cholesterol-Test-strips-Photoroom.png","type":"image\/png"}],"twitter_card":"summary_large_image","schema":{"@context":"https:\/\/schema.org","@graph":[{"@type":"WebPage","@id":"https:\/\/reviva.fi\/fi\/tuote\/cholesterol-teststickor\/","url":"https:\/\/reviva.fi\/fi\/tuote\/cholesterol-teststickor\/","name":"Kolesterolimittarin testiliuskat - Reviva","isPartOf":{"@id":"https:\/\/reviva.fi\/fi\/#website"},"primaryImageOfPage":{"@id":"https:\/\/reviva.fi\/fi\/tuote\/cholesterol-teststickor\/#primaryimage"},"image":{"@id":"https:\/\/reviva.fi\/fi\/tuote\/cholesterol-teststickor\/#primaryimage"},"thumbnailUrl":"https:\/\/reviva.fi\/wp-content\/uploads\/2025\/08\/Cholesterol-Test-strips-Photoroom.png","datePublished":"2025-08-08T07:07:58+00:00","dateModified":"2025-08-08T07:18:08+00:00","description":"Lis\u00e4pakkaus mittausliuskoja kolesterolimittarille. 10 testi\u00e4.","breadcrumb":{"@id":"https:\/\/reviva.fi\/fi\/tuote\/cholesterol-teststickor\/#breadcrumb"},"inLanguage":"fi","potentialAction":[{"@type":"ReadAction","target":["https:\/\/reviva.fi\/fi\/tuote\/cholesterol-teststickor\/"]}]},{"@type":"ImageObject","inLanguage":"fi","@id":"https:\/\/reviva.fi\/fi\/tuote\/cholesterol-teststickor\/#primaryimage","url":"https:\/\/reviva.fi\/wp-content\/uploads\/2025\/08\/Cholesterol-Test-strips-Photoroom.png","contentUrl":"https:\/\/reviva.fi\/wp-content\/uploads\/2025\/08\/Cholesterol-Test-strips-Photoroom.png","width":2000,"height":2000,"caption":"Cholesterol Teststickor"},{"@type":"BreadcrumbList","@id":"https:\/\/reviva.fi\/fi\/tuote\/cholesterol-teststickor\/#breadcrumb","itemListElement":[{"@type":"ListItem","position":1,"name":"Etusivu","item":"https:\/\/reviva.fi\/fi\/"},{"@type":"ListItem","position":2,"name":"Tuotteet","item":"https:\/\/reviva.fi\/produkter\/"},{"@type":"ListItem","position":3,"name":"Kolesterolimittarin testiliuskat"}]},{"@type":"WebSite","@id":"https:\/\/reviva.fi\/fi\/#website","url":"https:\/\/reviva.fi\/fi\/","name":"Reviva","description":"","publisher":{"@id":"https:\/\/reviva.fi\/fi\/#organization"},"potentialAction":[{"@type":"SearchAction","target":{"@type":"EntryPoint","urlTemplate":"https:\/\/reviva.fi\/fi\/?s={search_term_string}"},"query-input":{"@type":"PropertyValueSpecification","valueRequired":true,"valueName":"search_term_string"}}],"inLanguage":"fi"},{"@type":"Organization","@id":"https:\/\/reviva.fi\/fi\/#organization","name":"Reviva","url":"https:\/\/reviva.fi\/fi\/","logo":{"@type":"ImageObject","inLanguage":"fi","@id":"https:\/\/reviva.fi\/fi\/#\/schema\/logo\/image\/","url":"https:\/\/reviva.fi\/wp-content\/uploads\/2023\/10\/reviva-logo2.svg","contentUrl":"https:\/\/reviva.fi\/wp-content\/uploads\/2023\/10\/reviva-logo2.svg","caption":"Reviva"},"image":{"@id":"https:\/\/reviva.fi\/fi\/#\/schema\/logo\/image\/"}}]},"product_price_amount":"89.00","product_price_currency":"EUR","og_availability":"instock","product_availability":"instock","product_retailer_item_id":"OCHO-401","product_condition":"new"},"taxonomy_info":{"product_cat":[{"value":86,"label":"Luokittelematon"}]},"featured_image_src_large":["https:\/\/reviva.fi\/wp-content\/uploads\/2025\/08\/Cholesterol-Test-strips-Photoroom-1024x1024.png",1024,1024,true],"author_info":[],"comment_info":0,"_links":{"self":[{"href":"https:\/\/reviva.fi\/fi\/wp-json\/wp\/v2\/product\/12558","targetHints":{"allow":["GET"]}}],"collection":[{"href":"https:\/\/reviva.fi\/fi\/wp-json\/wp\/v2\/product"}],"about":[{"href":"https:\/\/reviva.fi\/fi\/wp-json\/wp\/v2\/types\/product"}],"replies":[{"embeddable":true,"href":"https:\/\/reviva.fi\/fi\/wp-json\/wp\/v2\/comments?post=12558"}],"wp:featuredmedia":[{"embeddable":true,"href":"https:\/\/reviva.fi\/fi\/wp-json\/wp\/v2\/media\/12556"}],"wp:attachment":[{"href":"https:\/\/reviva.fi\/fi\/wp-json\/wp\/v2\/media?parent=12558"}],"wp:term":[{"taxonomy":"product_brand","embeddable":true,"href":"https:\/\/reviva.fi\/fi\/wp-json\/wp\/v2\/product_brand?post=12558"},{"taxonomy":"product_cat","embeddable":true,"href":"https:\/\/reviva.fi\/fi\/wp-json\/wp\/v2\/product_cat?post=12558"},{"taxonomy":"product_tag","embeddable":true,"href":"https:\/\/reviva.fi\/fi\/wp-json\/wp\/v2\/product_tag?post=12558"}],"curies":[{"name":"wp","href":"https:\/\/api.w.org\/{rel}","templated":true}]}}