{"id":12901,"date":"2025-10-09T13:48:30","date_gmt":"2025-10-09T10:48:30","guid":{"rendered":"https:\/\/reviva.fi\/?post_type=product&#038;p=12901"},"modified":"2026-03-23T12:06:40","modified_gmt":"2026-03-23T10:06:40","slug":"omp-glutationi-kopia","status":"publish","type":"product","link":"https:\/\/reviva.fi\/fi\/tuote\/omp-glutationi-kopia\/","title":{"rendered":"OMP Glutationi 12\/25 -30%"},"content":{"rendered":"<div dir=\"auto\">\n<p><strong>OMP Glutationi &#8211; Parasta ennen 12\/2025 -30%<\/strong><\/p>\n<p><strong>Yleist\u00e4 tietoa:<\/strong><\/p>\n<p>Glutationi (GSH) on tripeptidi, jonka muodostavat aminohapot glysiini, kysteiini ja glutamiinihappo. Glutationi on antioksidantti, joka suojaa soluja myrkyilt\u00e4 ja vapailta radikaaleilta.<\/p>\n<p>Jokainen kapseli sis\u00e4lt\u00e4\u00e4 250 mg redusoitua glutationia (Setria), jonka biologinen hy\u00f6tysuhde on eritt\u00e4in korkea.<\/p>\n<p>Glutationi on aine, jota on l\u00e4hes jokaisessa kehomme el\u00e4v\u00e4ss\u00e4 solussa. Suurimmat keskittym\u00e4t ovat maksassa, haimassa, pernassa, munuaisissa ja silmiss\u00e4.<br \/>\nElimist\u00f6 k\u00e4ytt\u00e4\u00e4 glutationia poistamaan myrkkyj\u00e4 soluista ja tukemaan valkoisten verisolujen muodostusta. Se on siksi eritt\u00e4in t\u00e4rke\u00e4 tekij\u00e4 immuunipuolustukselle.<br \/>\nElimist\u00f6n glutationitasot laskevat i\u00e4n my\u00f6t\u00e4. Glutationi imeytyy tehokkaimmin redusoidussa muodossa.<\/p>\n<p>Jokaisessa kapselissa on 250 mg redusoitua glutationia (Setria), jonka biologinen hy\u00f6tysuhde on eritt\u00e4in korkea.<\/p>\n<\/div>\n","protected":false},"excerpt":{"rendered":"<p>Glutationi on aine, jota on l\u00e4hes jokaisessa kehomme el\u00e4v\u00e4ss\u00e4 solussa. Suurimmat keskittym\u00e4t ovat maksassa, haimassa, pernassa, munuaisissa ja silmiss\u00e4.<br \/>\nElimist\u00f6 k\u00e4ytt\u00e4\u00e4 glutationia poistamaan myrkkyj\u00e4 soluista ja tukemaan valkoisten verisolujen muodostusta. Se on siksi eritt\u00e4in t\u00e4rke\u00e4 tekij\u00e4 immuunipuolustukselle.<br \/>\nElimist\u00f6n glutationitasot laskevat i\u00e4n my\u00f6t\u00e4. Glutationi imeytyy tehokkaimmin redusoidussa muodossa.<\/p>\n<p>Jokaisessa kapselissa on 250 mg redusoitua glutationia (Setria), jonka biologinen hy\u00f6tysuhde on eritt\u00e4in korkea.<\/p>\n<p><strong>60 kapselia<\/strong><\/p>\n","protected":false},"featured_media":11901,"comment_status":"open","ping_status":"closed","template":"","meta":{"_acf_changed":false,"inline_featured_image":false,"_kad_blocks_custom_css":"","_kad_blocks_head_custom_js":"","_kad_blocks_body_custom_js":"","_kad_blocks_footer_custom_js":"","_kadence_starter_templates_imported_post":false,"_kad_post_transparent":"default","_kad_post_title":"","_kad_post_layout":"default","_kad_post_sidebar_id":"","_kad_post_content_style":"default","_kad_post_vertical_padding":"default","_kad_post_feature":"","_kad_post_feature_position":"","_kad_post_header":false,"_kad_post_footer":false},"product_brand":[],"product_cat":[2475,88,2454,2366,86],"product_tag":[410,472,441,1272,430,1162],"class_list":{"0":"post-12901","1":"product","2":"type-product","3":"status-publish","4":"has-post-thumbnail","6":"product_cat-erbjudanden-fi","7":"product_cat-aminosyror-fi","8":"product_cat-evp-nutrition-fi","9":"product_cat-lever-och-njurar-fi","10":"product_cat-okategoriserad-fi","11":"product_tag-aminohappoja","12":"product_tag-glutamiini-glutaatio","13":"product_tag-glutationi","14":"product_tag-glutationi-lisaaine","15":"product_tag-paras-glutationi","16":"product_tag-vieroitus","18":"first","19":"outofstock","20":"sale","21":"taxable","22":"shipping-taxable","23":"purchasable","24":"product-type-simple","25":"entry","26":"content-bg","27":"loop-entry"},"acf":[],"yoast_head":"<!-- This site is optimized with the Yoast SEO plugin v25.8 - https:\/\/yoast.com\/wordpress\/plugins\/seo\/ -->\n<title>OMP Glutationi 12\/25 -30% - Reviva<\/title>\n<meta name=\"description\" content=\"OMP Glutationi suojaa soluja myrkyilt\u00e4, \u200b\u200bvapailta radikaaleilta. Solujen detoksifikaatioon ja valkosolujen tuotantoon. T\u00e4rke\u00e4 immuunij\u00e4rjestelm\u00e4lle.\" \/>\n<meta name=\"robots\" content=\"index, follow, max-snippet:-1, max-image-preview:large, max-video-preview:-1\" \/>\n<link rel=\"canonical\" href=\"https:\/\/reviva.fi\/fi\/tuote\/omp-glutationi-kopia\/\" \/>\n<meta property=\"og:locale\" content=\"fi_FI\" \/>\n<meta property=\"og:type\" content=\"article\" \/>\n<meta property=\"og:title\" content=\"OMP Glutationi 12\/25 -30% - Reviva\" \/>\n<meta property=\"og:description\" content=\"OMP Glutationi suojaa soluja myrkyilt\u00e4, \u200b\u200bvapailta radikaaleilta. Solujen detoksifikaatioon ja valkosolujen tuotantoon. T\u00e4rke\u00e4 immuunij\u00e4rjestelm\u00e4lle.\" \/>\n<meta property=\"og:url\" content=\"https:\/\/reviva.fi\/fi\/tuote\/omp-glutationi-kopia\/\" \/>\n<meta property=\"og:site_name\" content=\"Reviva\" \/>\n<meta property=\"article:modified_time\" content=\"2026-03-23T10:06:40+00:00\" \/>\n<meta property=\"og:image\" content=\"https:\/\/reviva.fi\/wp-content\/uploads\/2021\/04\/Glutation-248-Photoroom-e1745389891987.png\" \/>\n\t<meta property=\"og:image:width\" content=\"2000\" \/>\n\t<meta property=\"og:image:height\" content=\"1333\" \/>\n\t<meta property=\"og:image:type\" content=\"image\/png\" \/>\n<meta name=\"twitter:card\" content=\"summary_large_image\" \/>\n<script type=\"application\/ld+json\" class=\"yoast-schema-graph\">{\"@context\":\"https:\/\/schema.org\",\"@graph\":[{\"@type\":\"WebPage\",\"@id\":\"https:\/\/reviva.fi\/fi\/tuote\/omp-glutationi-kopia\/\",\"url\":\"https:\/\/reviva.fi\/fi\/tuote\/omp-glutationi-kopia\/\",\"name\":\"OMP Glutationi 12\/25 -30% - Reviva\",\"isPartOf\":{\"@id\":\"https:\/\/reviva.fi\/fi\/#website\"},\"primaryImageOfPage\":{\"@id\":\"https:\/\/reviva.fi\/fi\/tuote\/omp-glutationi-kopia\/#primaryimage\"},\"image\":{\"@id\":\"https:\/\/reviva.fi\/fi\/tuote\/omp-glutationi-kopia\/#primaryimage\"},\"thumbnailUrl\":\"https:\/\/reviva.fi\/wp-content\/uploads\/2021\/04\/Glutation-248-Photoroom-e1745389891987.png\",\"datePublished\":\"2025-10-09T10:48:30+00:00\",\"dateModified\":\"2026-03-23T10:06:40+00:00\",\"description\":\"OMP Glutationi suojaa soluja myrkyilt\u00e4, \u200b\u200bvapailta radikaaleilta. Solujen detoksifikaatioon ja valkosolujen tuotantoon. T\u00e4rke\u00e4 immuunij\u00e4rjestelm\u00e4lle.\",\"breadcrumb\":{\"@id\":\"https:\/\/reviva.fi\/fi\/tuote\/omp-glutationi-kopia\/#breadcrumb\"},\"inLanguage\":\"fi\",\"potentialAction\":[{\"@type\":\"ReadAction\",\"target\":[\"https:\/\/reviva.fi\/fi\/tuote\/omp-glutationi-kopia\/\"]}]},{\"@type\":\"ImageObject\",\"inLanguage\":\"fi\",\"@id\":\"https:\/\/reviva.fi\/fi\/tuote\/omp-glutationi-kopia\/#primaryimage\",\"url\":\"https:\/\/reviva.fi\/wp-content\/uploads\/2021\/04\/Glutation-248-Photoroom-e1745389891987.png\",\"contentUrl\":\"https:\/\/reviva.fi\/wp-content\/uploads\/2021\/04\/Glutation-248-Photoroom-e1745389891987.png\",\"width\":2000,\"height\":1333,\"caption\":\"Glutation\"},{\"@type\":\"BreadcrumbList\",\"@id\":\"https:\/\/reviva.fi\/fi\/tuote\/omp-glutationi-kopia\/#breadcrumb\",\"itemListElement\":[{\"@type\":\"ListItem\",\"position\":1,\"name\":\"Etusivu\",\"item\":\"https:\/\/reviva.fi\/fi\/\"},{\"@type\":\"ListItem\",\"position\":2,\"name\":\"Tuotteet\",\"item\":\"https:\/\/reviva.fi\/produkter\/\"},{\"@type\":\"ListItem\",\"position\":3,\"name\":\"OMP Glutationi 12\/25 -30%\"}]},{\"@type\":\"WebSite\",\"@id\":\"https:\/\/reviva.fi\/fi\/#website\",\"url\":\"https:\/\/reviva.fi\/fi\/\",\"name\":\"Reviva\",\"description\":\"\",\"publisher\":{\"@id\":\"https:\/\/reviva.fi\/fi\/#organization\"},\"potentialAction\":[{\"@type\":\"SearchAction\",\"target\":{\"@type\":\"EntryPoint\",\"urlTemplate\":\"https:\/\/reviva.fi\/fi\/?s={search_term_string}\"},\"query-input\":{\"@type\":\"PropertyValueSpecification\",\"valueRequired\":true,\"valueName\":\"search_term_string\"}}],\"inLanguage\":\"fi\"},{\"@type\":\"Organization\",\"@id\":\"https:\/\/reviva.fi\/fi\/#organization\",\"name\":\"Reviva\",\"url\":\"https:\/\/reviva.fi\/fi\/\",\"logo\":{\"@type\":\"ImageObject\",\"inLanguage\":\"fi\",\"@id\":\"https:\/\/reviva.fi\/fi\/#\/schema\/logo\/image\/\",\"url\":\"https:\/\/reviva.fi\/wp-content\/uploads\/2023\/10\/reviva-logo2.svg\",\"contentUrl\":\"https:\/\/reviva.fi\/wp-content\/uploads\/2023\/10\/reviva-logo2.svg\",\"caption\":\"Reviva\"},\"image\":{\"@id\":\"https:\/\/reviva.fi\/fi\/#\/schema\/logo\/image\/\"}}]}<\/script>\n<meta property=\"product:price:amount\" content=\"29.35\" \/>\n<meta property=\"product:price:currency\" content=\"EUR\" \/>\n<meta property=\"og:availability\" content=\"out of stock\" \/>\n<meta property=\"product:availability\" content=\"out of stock\" \/>\n<meta property=\"product:retailer_item_id\" content=\"248 X\" \/>\n<meta property=\"product:condition\" content=\"new\" \/>\n<!-- \/ Yoast SEO plugin. -->","yoast_head_json":{"title":"OMP Glutationi 12\/25 -30% - Reviva","description":"OMP Glutationi suojaa soluja myrkyilt\u00e4, \u200b\u200bvapailta radikaaleilta. Solujen detoksifikaatioon ja valkosolujen tuotantoon. T\u00e4rke\u00e4 immuunij\u00e4rjestelm\u00e4lle.","robots":{"index":"index","follow":"follow","max-snippet":"max-snippet:-1","max-image-preview":"max-image-preview:large","max-video-preview":"max-video-preview:-1"},"canonical":"https:\/\/reviva.fi\/fi\/tuote\/omp-glutationi-kopia\/","og_locale":"fi_FI","og_type":"article","og_title":"OMP Glutationi 12\/25 -30% - Reviva","og_description":"OMP Glutationi suojaa soluja myrkyilt\u00e4, \u200b\u200bvapailta radikaaleilta. Solujen detoksifikaatioon ja valkosolujen tuotantoon. T\u00e4rke\u00e4 immuunij\u00e4rjestelm\u00e4lle.","og_url":"https:\/\/reviva.fi\/fi\/tuote\/omp-glutationi-kopia\/","og_site_name":"Reviva","article_modified_time":"2026-03-23T10:06:40+00:00","og_image":[{"width":2000,"height":1333,"url":"https:\/\/reviva.fi\/wp-content\/uploads\/2021\/04\/Glutation-248-Photoroom-e1745389891987.png","type":"image\/png"}],"twitter_card":"summary_large_image","schema":{"@context":"https:\/\/schema.org","@graph":[{"@type":"WebPage","@id":"https:\/\/reviva.fi\/fi\/tuote\/omp-glutationi-kopia\/","url":"https:\/\/reviva.fi\/fi\/tuote\/omp-glutationi-kopia\/","name":"OMP Glutationi 12\/25 -30% - Reviva","isPartOf":{"@id":"https:\/\/reviva.fi\/fi\/#website"},"primaryImageOfPage":{"@id":"https:\/\/reviva.fi\/fi\/tuote\/omp-glutationi-kopia\/#primaryimage"},"image":{"@id":"https:\/\/reviva.fi\/fi\/tuote\/omp-glutationi-kopia\/#primaryimage"},"thumbnailUrl":"https:\/\/reviva.fi\/wp-content\/uploads\/2021\/04\/Glutation-248-Photoroom-e1745389891987.png","datePublished":"2025-10-09T10:48:30+00:00","dateModified":"2026-03-23T10:06:40+00:00","description":"OMP Glutationi suojaa soluja myrkyilt\u00e4, \u200b\u200bvapailta radikaaleilta. Solujen detoksifikaatioon ja valkosolujen tuotantoon. T\u00e4rke\u00e4 immuunij\u00e4rjestelm\u00e4lle.","breadcrumb":{"@id":"https:\/\/reviva.fi\/fi\/tuote\/omp-glutationi-kopia\/#breadcrumb"},"inLanguage":"fi","potentialAction":[{"@type":"ReadAction","target":["https:\/\/reviva.fi\/fi\/tuote\/omp-glutationi-kopia\/"]}]},{"@type":"ImageObject","inLanguage":"fi","@id":"https:\/\/reviva.fi\/fi\/tuote\/omp-glutationi-kopia\/#primaryimage","url":"https:\/\/reviva.fi\/wp-content\/uploads\/2021\/04\/Glutation-248-Photoroom-e1745389891987.png","contentUrl":"https:\/\/reviva.fi\/wp-content\/uploads\/2021\/04\/Glutation-248-Photoroom-e1745389891987.png","width":2000,"height":1333,"caption":"Glutation"},{"@type":"BreadcrumbList","@id":"https:\/\/reviva.fi\/fi\/tuote\/omp-glutationi-kopia\/#breadcrumb","itemListElement":[{"@type":"ListItem","position":1,"name":"Etusivu","item":"https:\/\/reviva.fi\/fi\/"},{"@type":"ListItem","position":2,"name":"Tuotteet","item":"https:\/\/reviva.fi\/produkter\/"},{"@type":"ListItem","position":3,"name":"OMP Glutationi 12\/25 -30%"}]},{"@type":"WebSite","@id":"https:\/\/reviva.fi\/fi\/#website","url":"https:\/\/reviva.fi\/fi\/","name":"Reviva","description":"","publisher":{"@id":"https:\/\/reviva.fi\/fi\/#organization"},"potentialAction":[{"@type":"SearchAction","target":{"@type":"EntryPoint","urlTemplate":"https:\/\/reviva.fi\/fi\/?s={search_term_string}"},"query-input":{"@type":"PropertyValueSpecification","valueRequired":true,"valueName":"search_term_string"}}],"inLanguage":"fi"},{"@type":"Organization","@id":"https:\/\/reviva.fi\/fi\/#organization","name":"Reviva","url":"https:\/\/reviva.fi\/fi\/","logo":{"@type":"ImageObject","inLanguage":"fi","@id":"https:\/\/reviva.fi\/fi\/#\/schema\/logo\/image\/","url":"https:\/\/reviva.fi\/wp-content\/uploads\/2023\/10\/reviva-logo2.svg","contentUrl":"https:\/\/reviva.fi\/wp-content\/uploads\/2023\/10\/reviva-logo2.svg","caption":"Reviva"},"image":{"@id":"https:\/\/reviva.fi\/fi\/#\/schema\/logo\/image\/"}}]},"product_price_amount":"29.35","product_price_currency":"EUR","og_availability":"out of stock","product_availability":"out of stock","product_retailer_item_id":"248 X","product_condition":"new"},"taxonomy_info":{"product_cat":[{"value":2475,"label":"Tarjoukset"},{"value":88,"label":"Aminohapot"},{"value":2454,"label":"EVP Nutrition"},{"value":2366,"label":"Maksa &amp; Munuaiset"},{"value":86,"label":"Luokittelematon"}],"product_tag":[{"value":410,"label":"aminohappoja"},{"value":472,"label":"glutamiini glutaatio"},{"value":441,"label":"glutationi"},{"value":1272,"label":"glutationi-lis\u00e4aineet"},{"value":430,"label":"paras glutationi"},{"value":1162,"label":"vieroitus"}]},"featured_image_src_large":["https:\/\/reviva.fi\/wp-content\/uploads\/2021\/04\/Glutation-248-Photoroom-1024x682.png",1024,682,true],"author_info":[],"comment_info":0,"_links":{"self":[{"href":"https:\/\/reviva.fi\/fi\/wp-json\/wp\/v2\/product\/12901","targetHints":{"allow":["GET"]}}],"collection":[{"href":"https:\/\/reviva.fi\/fi\/wp-json\/wp\/v2\/product"}],"about":[{"href":"https:\/\/reviva.fi\/fi\/wp-json\/wp\/v2\/types\/product"}],"replies":[{"embeddable":true,"href":"https:\/\/reviva.fi\/fi\/wp-json\/wp\/v2\/comments?post=12901"}],"wp:featuredmedia":[{"embeddable":true,"href":"https:\/\/reviva.fi\/fi\/wp-json\/wp\/v2\/media\/11901"}],"wp:attachment":[{"href":"https:\/\/reviva.fi\/fi\/wp-json\/wp\/v2\/media?parent=12901"}],"wp:term":[{"taxonomy":"product_brand","embeddable":true,"href":"https:\/\/reviva.fi\/fi\/wp-json\/wp\/v2\/product_brand?post=12901"},{"taxonomy":"product_cat","embeddable":true,"href":"https:\/\/reviva.fi\/fi\/wp-json\/wp\/v2\/product_cat?post=12901"},{"taxonomy":"product_tag","embeddable":true,"href":"https:\/\/reviva.fi\/fi\/wp-json\/wp\/v2\/product_tag?post=12901"}],"curies":[{"name":"wp","href":"https:\/\/api.w.org\/{rel}","templated":true}]}}