{"id":13239,"date":"2025-09-10T14:47:36","date_gmt":"2025-09-10T11:47:36","guid":{"rendered":"https:\/\/reviva.fi\/product\/nad-60kap\/"},"modified":"2026-03-30T22:28:19","modified_gmt":"2026-03-30T19:28:19","slug":"nad-60kap","status":"publish","type":"product","link":"https:\/\/reviva.fi\/fi\/tuote\/nad-60kap\/","title":{"rendered":"NAD, Nikotinamidiribosidi, NR"},"content":{"rendered":"<p data-start=\"36\" data-end=\"79\"><strong data-start=\"36\" data-end=\"79\">NAD \u2013 Energiaa ja elinvoimaa soluillesi<\/strong><\/p>\n<p data-start=\"81\" data-end=\"302\">NAD (nikotiinamidiribosidi, NR) on moderni B3-vitamiinin muoto, joka toimii t\u00e4rke\u00e4n koentsyymin, NAD\u207a:n, esiasteena. T\u00e4m\u00e4 molekyyli on v\u00e4ltt\u00e4m\u00e4t\u00f6n solujen energiantuotannolle sek\u00e4 kehon luonnollisille korjausprosesseille.<\/p>\n<p data-start=\"304\" data-end=\"534\">I\u00e4n my\u00f6t\u00e4 NAD\u207a-tasot kehossa laskevat, mik\u00e4 voi n\u00e4ky\u00e4 v\u00e4symyksen\u00e4, hitaampana palautumisena ja solujen nopeampana vanhenemisena. NAD-ravintolis\u00e4 voi auttaa kehoa nostamalla n\u00e4it\u00e4 tasoja ja siten tukea hyvinvointia monella tavalla:<\/p>\n<ul>\n<li data-start=\"536\" data-end=\"627\">Energia ja jaksaminen \u2013 tukee mitokondrioiden toimintaa ja solujen energiantuotantoa.<\/li>\n<li data-start=\"536\" data-end=\"627\">Aivoterveys ja keskittyminen \u2013 voi edist\u00e4\u00e4 muistia ja kognitiivisia toimintoja.<\/li>\n<li data-start=\"536\" data-end=\"627\">Lihasterveys ja palautuminen \u2013 edist\u00e4\u00e4 solujen aineenvaihduntaa ja lihasten energian k\u00e4ytt\u00f6\u00e4.<\/li>\n<li data-start=\"536\" data-end=\"627\">Syd\u00e4n- ja soluterveys \u2013 tukee verisuonia ja kehon luonnollisia korjausmekanismeja.<\/li>\n<li data-start=\"536\" data-end=\"627\">Nuorekkuuden tuki \u2013 kohonneet NAD-tasot voivat ehk\u00e4ist\u00e4 solujen ik\u00e4\u00e4ntymisen vaikutuksia.<\/li>\n<\/ul>\n","protected":false},"excerpt":{"rendered":"<p data-start=\"36\" data-end=\"200\"><strong data-start=\"36\" data-end=\"67\">NAD (nikotiinamidiribosidi)<\/strong> tukee solujen energiantuotantoa, aivoterveytt\u00e4 ja palautumista. Moderni ravintolis\u00e4 lis\u00e4\u00e4m\u00e4\u00e4n energiaa, keskittymist\u00e4 ja elinvoimaa.<\/p>\n<p data-start=\"202\" data-end=\"217\"><strong data-start=\"202\" data-end=\"217\">60 kapselia<\/strong><\/p>\n","protected":false},"featured_media":13818,"comment_status":"closed","ping_status":"closed","template":"","meta":{"_acf_changed":false,"inline_featured_image":false,"_kad_blocks_custom_css":"","_kad_blocks_head_custom_js":"","_kad_blocks_body_custom_js":"","_kad_blocks_footer_custom_js":"","_kadence_starter_templates_imported_post":false,"_kad_post_transparent":"default","_kad_post_title":"","_kad_post_layout":"default","_kad_post_sidebar_id":"","_kad_post_content_style":"default","_kad_post_vertical_padding":"default","_kad_post_feature":"","_kad_post_feature_position":"","_kad_post_header":false,"_kad_post_footer":false},"product_brand":[],"product_cat":[96,525,2454],"product_tag":[],"class_list":{"0":"post-13239","1":"product","2":"type-product","3":"status-publish","4":"has-post-thumbnail","6":"product_cat-vitaminer-fi","7":"product_cat-b-vitamin-fi","8":"product_cat-evp-nutrition-fi","10":"first","11":"instock","12":"taxable","13":"shipping-taxable","14":"purchasable","15":"product-type-simple","16":"entry","17":"content-bg","18":"loop-entry"},"acf":[],"yoast_head":"<!-- This site is optimized with the Yoast SEO plugin v25.8 - https:\/\/yoast.com\/wordpress\/plugins\/seo\/ -->\n<title>NAD, Nikotinamidiribosidi, NR - Reviva<\/title>\n<meta name=\"description\" content=\"NAD (nikotiinamidiribosidi) tukee solujen energiantuotantoa, aivoterveytt\u00e4 ja palautumista. Moderni ravintolis\u00e4 lis\u00e4\u00e4m\u00e4\u00e4n energiaa ja keskittymist\u00e4.\" \/>\n<meta name=\"robots\" content=\"index, follow, max-snippet:-1, max-image-preview:large, max-video-preview:-1\" \/>\n<link rel=\"canonical\" href=\"https:\/\/reviva.fi\/fi\/tuote\/nad-60kap\/\" \/>\n<meta property=\"og:locale\" content=\"fi_FI\" \/>\n<meta property=\"og:type\" content=\"article\" \/>\n<meta property=\"og:title\" content=\"NAD, Nikotinamidiribosidi, NR - Reviva\" \/>\n<meta property=\"og:description\" content=\"NAD (nikotiinamidiribosidi) tukee solujen energiantuotantoa, aivoterveytt\u00e4 ja palautumista. Moderni ravintolis\u00e4 lis\u00e4\u00e4m\u00e4\u00e4n energiaa ja keskittymist\u00e4.\" \/>\n<meta property=\"og:url\" content=\"https:\/\/reviva.fi\/fi\/tuote\/nad-60kap\/\" \/>\n<meta property=\"og:site_name\" content=\"Reviva\" \/>\n<meta property=\"article:modified_time\" content=\"2026-03-30T19:28:19+00:00\" \/>\n<meta property=\"og:image\" content=\"https:\/\/reviva.fi\/wp-content\/uploads\/2025\/09\/NAD-259-Photoroom-e1760612906822.png\" \/>\n\t<meta property=\"og:image:width\" content=\"2000\" \/>\n\t<meta property=\"og:image:height\" content=\"1333\" \/>\n\t<meta property=\"og:image:type\" content=\"image\/png\" \/>\n<meta name=\"twitter:card\" content=\"summary_large_image\" \/>\n<script type=\"application\/ld+json\" class=\"yoast-schema-graph\">{\"@context\":\"https:\/\/schema.org\",\"@graph\":[{\"@type\":\"WebPage\",\"@id\":\"https:\/\/reviva.fi\/fi\/tuote\/nad-60kap\/\",\"url\":\"https:\/\/reviva.fi\/fi\/tuote\/nad-60kap\/\",\"name\":\"NAD, Nikotinamidiribosidi, NR - Reviva\",\"isPartOf\":{\"@id\":\"https:\/\/reviva.fi\/fi\/#website\"},\"primaryImageOfPage\":{\"@id\":\"https:\/\/reviva.fi\/fi\/tuote\/nad-60kap\/#primaryimage\"},\"image\":{\"@id\":\"https:\/\/reviva.fi\/fi\/tuote\/nad-60kap\/#primaryimage\"},\"thumbnailUrl\":\"https:\/\/reviva.fi\/wp-content\/uploads\/2025\/09\/259-NAD-Photoroom-e1770635061162.png\",\"datePublished\":\"2025-09-10T11:47:36+00:00\",\"dateModified\":\"2026-03-30T19:28:19+00:00\",\"description\":\"NAD (nikotiinamidiribosidi) tukee solujen energiantuotantoa, aivoterveytt\u00e4 ja palautumista. Moderni ravintolis\u00e4 lis\u00e4\u00e4m\u00e4\u00e4n energiaa ja keskittymist\u00e4.\",\"breadcrumb\":{\"@id\":\"https:\/\/reviva.fi\/fi\/tuote\/nad-60kap\/#breadcrumb\"},\"inLanguage\":\"fi\",\"potentialAction\":[{\"@type\":\"ReadAction\",\"target\":[\"https:\/\/reviva.fi\/fi\/tuote\/nad-60kap\/\"]}]},{\"@type\":\"ImageObject\",\"inLanguage\":\"fi\",\"@id\":\"https:\/\/reviva.fi\/fi\/tuote\/nad-60kap\/#primaryimage\",\"url\":\"https:\/\/reviva.fi\/wp-content\/uploads\/2025\/09\/259-NAD-Photoroom-e1770635061162.png\",\"contentUrl\":\"https:\/\/reviva.fi\/wp-content\/uploads\/2025\/09\/259-NAD-Photoroom-e1770635061162.png\",\"width\":2000,\"height\":1333,\"caption\":\"NAD\"},{\"@type\":\"BreadcrumbList\",\"@id\":\"https:\/\/reviva.fi\/fi\/tuote\/nad-60kap\/#breadcrumb\",\"itemListElement\":[{\"@type\":\"ListItem\",\"position\":1,\"name\":\"Etusivu\",\"item\":\"https:\/\/reviva.fi\/fi\/\"},{\"@type\":\"ListItem\",\"position\":2,\"name\":\"Tuotteet\",\"item\":\"https:\/\/reviva.fi\/produkter\/\"},{\"@type\":\"ListItem\",\"position\":3,\"name\":\"NAD, Nikotinamidiribosidi, NR\"}]},{\"@type\":\"WebSite\",\"@id\":\"https:\/\/reviva.fi\/fi\/#website\",\"url\":\"https:\/\/reviva.fi\/fi\/\",\"name\":\"Reviva\",\"description\":\"\",\"publisher\":{\"@id\":\"https:\/\/reviva.fi\/fi\/#organization\"},\"potentialAction\":[{\"@type\":\"SearchAction\",\"target\":{\"@type\":\"EntryPoint\",\"urlTemplate\":\"https:\/\/reviva.fi\/fi\/?s={search_term_string}\"},\"query-input\":{\"@type\":\"PropertyValueSpecification\",\"valueRequired\":true,\"valueName\":\"search_term_string\"}}],\"inLanguage\":\"fi\"},{\"@type\":\"Organization\",\"@id\":\"https:\/\/reviva.fi\/fi\/#organization\",\"name\":\"Reviva\",\"url\":\"https:\/\/reviva.fi\/fi\/\",\"logo\":{\"@type\":\"ImageObject\",\"inLanguage\":\"fi\",\"@id\":\"https:\/\/reviva.fi\/fi\/#\/schema\/logo\/image\/\",\"url\":\"https:\/\/reviva.fi\/wp-content\/uploads\/2023\/10\/reviva-logo2.svg\",\"contentUrl\":\"https:\/\/reviva.fi\/wp-content\/uploads\/2023\/10\/reviva-logo2.svg\",\"caption\":\"Reviva\"},\"image\":{\"@id\":\"https:\/\/reviva.fi\/fi\/#\/schema\/logo\/image\/\"}}]}<\/script>\n<meta property=\"product:price:amount\" content=\"41.90\" \/>\n<meta property=\"product:price:currency\" content=\"EUR\" \/>\n<meta property=\"og:availability\" content=\"instock\" \/>\n<meta property=\"product:availability\" content=\"instock\" \/>\n<meta property=\"product:retailer_item_id\" content=\"259\" \/>\n<meta property=\"product:condition\" content=\"new\" \/>\n<!-- \/ Yoast SEO plugin. -->","yoast_head_json":{"title":"NAD, Nikotinamidiribosidi, NR - Reviva","description":"NAD (nikotiinamidiribosidi) tukee solujen energiantuotantoa, aivoterveytt\u00e4 ja palautumista. Moderni ravintolis\u00e4 lis\u00e4\u00e4m\u00e4\u00e4n energiaa ja keskittymist\u00e4.","robots":{"index":"index","follow":"follow","max-snippet":"max-snippet:-1","max-image-preview":"max-image-preview:large","max-video-preview":"max-video-preview:-1"},"canonical":"https:\/\/reviva.fi\/fi\/tuote\/nad-60kap\/","og_locale":"fi_FI","og_type":"article","og_title":"NAD, Nikotinamidiribosidi, NR - Reviva","og_description":"NAD (nikotiinamidiribosidi) tukee solujen energiantuotantoa, aivoterveytt\u00e4 ja palautumista. Moderni ravintolis\u00e4 lis\u00e4\u00e4m\u00e4\u00e4n energiaa ja keskittymist\u00e4.","og_url":"https:\/\/reviva.fi\/fi\/tuote\/nad-60kap\/","og_site_name":"Reviva","article_modified_time":"2026-03-30T19:28:19+00:00","og_image":[{"width":2000,"height":1333,"url":"https:\/\/reviva.fi\/wp-content\/uploads\/2025\/09\/NAD-259-Photoroom-e1760612906822.png","type":"image\/png"}],"twitter_card":"summary_large_image","schema":{"@context":"https:\/\/schema.org","@graph":[{"@type":"WebPage","@id":"https:\/\/reviva.fi\/fi\/tuote\/nad-60kap\/","url":"https:\/\/reviva.fi\/fi\/tuote\/nad-60kap\/","name":"NAD, Nikotinamidiribosidi, NR - Reviva","isPartOf":{"@id":"https:\/\/reviva.fi\/fi\/#website"},"primaryImageOfPage":{"@id":"https:\/\/reviva.fi\/fi\/tuote\/nad-60kap\/#primaryimage"},"image":{"@id":"https:\/\/reviva.fi\/fi\/tuote\/nad-60kap\/#primaryimage"},"thumbnailUrl":"https:\/\/reviva.fi\/wp-content\/uploads\/2025\/09\/259-NAD-Photoroom-e1770635061162.png","datePublished":"2025-09-10T11:47:36+00:00","dateModified":"2026-03-30T19:28:19+00:00","description":"NAD (nikotiinamidiribosidi) tukee solujen energiantuotantoa, aivoterveytt\u00e4 ja palautumista. Moderni ravintolis\u00e4 lis\u00e4\u00e4m\u00e4\u00e4n energiaa ja keskittymist\u00e4.","breadcrumb":{"@id":"https:\/\/reviva.fi\/fi\/tuote\/nad-60kap\/#breadcrumb"},"inLanguage":"fi","potentialAction":[{"@type":"ReadAction","target":["https:\/\/reviva.fi\/fi\/tuote\/nad-60kap\/"]}]},{"@type":"ImageObject","inLanguage":"fi","@id":"https:\/\/reviva.fi\/fi\/tuote\/nad-60kap\/#primaryimage","url":"https:\/\/reviva.fi\/wp-content\/uploads\/2025\/09\/259-NAD-Photoroom-e1770635061162.png","contentUrl":"https:\/\/reviva.fi\/wp-content\/uploads\/2025\/09\/259-NAD-Photoroom-e1770635061162.png","width":2000,"height":1333,"caption":"NAD"},{"@type":"BreadcrumbList","@id":"https:\/\/reviva.fi\/fi\/tuote\/nad-60kap\/#breadcrumb","itemListElement":[{"@type":"ListItem","position":1,"name":"Etusivu","item":"https:\/\/reviva.fi\/fi\/"},{"@type":"ListItem","position":2,"name":"Tuotteet","item":"https:\/\/reviva.fi\/produkter\/"},{"@type":"ListItem","position":3,"name":"NAD, Nikotinamidiribosidi, NR"}]},{"@type":"WebSite","@id":"https:\/\/reviva.fi\/fi\/#website","url":"https:\/\/reviva.fi\/fi\/","name":"Reviva","description":"","publisher":{"@id":"https:\/\/reviva.fi\/fi\/#organization"},"potentialAction":[{"@type":"SearchAction","target":{"@type":"EntryPoint","urlTemplate":"https:\/\/reviva.fi\/fi\/?s={search_term_string}"},"query-input":{"@type":"PropertyValueSpecification","valueRequired":true,"valueName":"search_term_string"}}],"inLanguage":"fi"},{"@type":"Organization","@id":"https:\/\/reviva.fi\/fi\/#organization","name":"Reviva","url":"https:\/\/reviva.fi\/fi\/","logo":{"@type":"ImageObject","inLanguage":"fi","@id":"https:\/\/reviva.fi\/fi\/#\/schema\/logo\/image\/","url":"https:\/\/reviva.fi\/wp-content\/uploads\/2023\/10\/reviva-logo2.svg","contentUrl":"https:\/\/reviva.fi\/wp-content\/uploads\/2023\/10\/reviva-logo2.svg","caption":"Reviva"},"image":{"@id":"https:\/\/reviva.fi\/fi\/#\/schema\/logo\/image\/"}}]},"product_price_amount":"41.90","product_price_currency":"EUR","og_availability":"instock","product_availability":"instock","product_retailer_item_id":"259","product_condition":"new"},"taxonomy_info":{"product_cat":[{"value":96,"label":"Vitamiinit"},{"value":525,"label":"B-vitamiini"},{"value":2454,"label":"EVP Nutrition"}]},"featured_image_src_large":["https:\/\/reviva.fi\/wp-content\/uploads\/2025\/09\/259-NAD-Photoroom-1024x682.png",1024,682,true],"author_info":[],"comment_info":0,"_links":{"self":[{"href":"https:\/\/reviva.fi\/fi\/wp-json\/wp\/v2\/product\/13239","targetHints":{"allow":["GET"]}}],"collection":[{"href":"https:\/\/reviva.fi\/fi\/wp-json\/wp\/v2\/product"}],"about":[{"href":"https:\/\/reviva.fi\/fi\/wp-json\/wp\/v2\/types\/product"}],"replies":[{"embeddable":true,"href":"https:\/\/reviva.fi\/fi\/wp-json\/wp\/v2\/comments?post=13239"}],"wp:featuredmedia":[{"embeddable":true,"href":"https:\/\/reviva.fi\/fi\/wp-json\/wp\/v2\/media\/13818"}],"wp:attachment":[{"href":"https:\/\/reviva.fi\/fi\/wp-json\/wp\/v2\/media?parent=13239"}],"wp:term":[{"taxonomy":"product_brand","embeddable":true,"href":"https:\/\/reviva.fi\/fi\/wp-json\/wp\/v2\/product_brand?post=13239"},{"taxonomy":"product_cat","embeddable":true,"href":"https:\/\/reviva.fi\/fi\/wp-json\/wp\/v2\/product_cat?post=13239"},{"taxonomy":"product_tag","embeddable":true,"href":"https:\/\/reviva.fi\/fi\/wp-json\/wp\/v2\/product_tag?post=13239"}],"curies":[{"name":"wp","href":"https:\/\/api.w.org\/{rel}","templated":true}]}}