{"id":13250,"date":"2025-09-01T09:51:53","date_gmt":"2025-09-01T06:51:53","guid":{"rendered":"https:\/\/reviva.fi\/product\/mct-c8-olja\/"},"modified":"2025-12-01T15:24:48","modified_gmt":"2025-12-01T13:24:48","slug":"mct-c8-olja","status":"publish","type":"product","link":"https:\/\/reviva.fi\/fi\/tuote\/mct-c8-olja\/","title":{"rendered":"C8 Ekologinen MCT-\u00f6ljy"},"content":{"rendered":"<p data-start=\"36\" data-end=\"416\"><strong data-start=\"36\" data-end=\"61\">Mik\u00e4 on C8 Ekologinen MCT-\u00f6ljy <\/strong><br data-start=\"61\" data-end=\"64\" \/>MCT tulee sanoista <em data-start=\"83\" data-end=\"111\">Medium Chain Triglycerides<\/em>, eli keskipitk\u00e4ketjuiset triglyseridit. Lyhyemm\u00e4n rasvahappoketjunsa ansiosta ne imeytyv\u00e4t kehossa hyvin nopeasti. Sen sijaan ett\u00e4 ne varastoituisivat rasvana, MCT-rasvat kulkeutuvat suoraan maksaan, jossa ne muuttuvat energiapitoisiksi ketoiksi \u2013 tehokkaaksi ja helposti k\u00e4ytett\u00e4v\u00e4ksi energianl\u00e4hteeksi.<\/p>\n<p data-start=\"418\" data-end=\"710\"><strong data-start=\"418\" data-end=\"445\">Energiaa ja kest\u00e4vyytt\u00e4<\/strong><br data-start=\"445\" data-end=\"448\" \/>C8 MCT -\u00f6ljy antaa keholle ja aivoille nopeaa energiaa varastoitumatta rasvaksi. Se voi my\u00f6s parantaa fyysist\u00e4 kest\u00e4vyytt\u00e4 tarjoamalla lihaksille tehokasta energiaa \u2013 t\u00e4ydellinen aktiivisiin p\u00e4iviin, treeneihin tai hetkiin, jolloin tarvitset lis\u00e4energianl\u00e4hteen.<\/p>\n<p data-start=\"712\" data-end=\"1005\"><strong data-start=\"712\" data-end=\"738\">Henkinen keskittyminen<\/strong><br data-start=\"738\" data-end=\"741\" \/>S\u00e4\u00e4nn\u00f6llinen C8 MCT -\u00f6ljyn k\u00e4ytt\u00f6 voi tukea henkist\u00e4 keskittymist\u00e4 ja selkeytt\u00e4. Monet kokevat paremman keskittymiskyvyn, erityisesti silloin kun \u00f6ljy\u00e4 k\u00e4ytet\u00e4\u00e4n yhdess\u00e4 ketogeenisen tai v\u00e4h\u00e4hiilihydraattisen ruokavalion kanssa, jotka tukevat ketonien muodostusta.<\/p>\n<p data-start=\"1007\" data-end=\"1264\"><strong data-start=\"1007\" data-end=\"1030\">Tasapainoa vatsalle<\/strong><br data-start=\"1030\" data-end=\"1033\" \/>C8 MCT -\u00f6ljyll\u00e4 on ominaisuuksia, jotka voivat auttaa tasapainottamaan suolistoflooraa ja tukemaan hyv\u00e4\u00e4 vatsan toimintaa. Se on my\u00f6s helposti sulavaa ja voi siksi olla hyv\u00e4 vaihtoehto niille, joille muut rasvat tuottavat ongelmia.<\/p>\n<p data-start=\"1266\" data-end=\"1466\" data-is-last-node=\"\" data-is-only-node=\"\"><strong data-start=\"1266\" data-end=\"1280\">Yhteenveto<\/strong><br data-start=\"1280\" data-end=\"1283\" \/>C8 MCT -\u00f6ljy tarjoaa luonnollisen lis\u00e4n, joka yhdist\u00e4\u00e4 nopean energian, parantuneen henkisen fokuksen ja ruoansulatuksen tuen \u2013 kaikki neutraalissa ja helposti k\u00e4ytett\u00e4v\u00e4ss\u00e4 muodossa.<\/p>\n","protected":false},"excerpt":{"rendered":"<p>C8 MCT -\u00f6ljy on kookoksesta valmistettu, mauton ja nopeasti imeytyv\u00e4 \u00f6ljy, joka tarjoaa puhdasta ja tehokasta energiaa keholle ja aivoille.<\/p>\n<p><strong>500 ml<\/strong><\/p>\n","protected":false},"featured_media":12732,"comment_status":"closed","ping_status":"closed","template":"","meta":{"_acf_changed":false,"inline_featured_image":false,"_kad_blocks_custom_css":"","_kad_blocks_head_custom_js":"","_kad_blocks_body_custom_js":"","_kad_blocks_footer_custom_js":"","_kadence_starter_templates_imported_post":false,"_kad_post_transparent":"default","_kad_post_title":"","_kad_post_layout":"default","_kad_post_sidebar_id":"","_kad_post_content_style":"default","_kad_post_vertical_padding":"default","_kad_post_feature":"","_kad_post_feature_position":"","_kad_post_header":false,"_kad_post_footer":false},"product_brand":[],"product_cat":[91,2505,5984,86],"product_tag":[],"class_list":{"0":"post-13250","1":"product","2":"type-product","3":"status-publish","4":"has-post-thumbnail","6":"product_cat-fettsyror-fi","7":"product_cat-ovriga-kosttillskott-fi","8":"product_cat-green-trade-fi","9":"product_cat-okategoriserad-fi","11":"first","12":"instock","13":"taxable","14":"shipping-taxable","15":"purchasable","16":"product-type-simple","17":"entry","18":"content-bg","19":"loop-entry"},"acf":[],"yoast_head":"<!-- This site is optimized with the Yoast SEO plugin v25.8 - https:\/\/yoast.com\/wordpress\/plugins\/seo\/ -->\n<title>C8 Ekologinen MCT-\u00f6ljy - Reviva<\/title>\n<meta name=\"description\" content=\"MCT C8 -\u00f6ljy \u2013 mauton energiaa keholle ja aivoille. Antaa nopeaa energiaa, tukee keskittymist\u00e4 ja kest\u00e4vyytt\u00e4 sek\u00e4 edist\u00e4\u00e4 vatsan hyvinvointia.\" \/>\n<meta name=\"robots\" content=\"index, follow, max-snippet:-1, max-image-preview:large, max-video-preview:-1\" \/>\n<link rel=\"canonical\" href=\"https:\/\/reviva.fi\/fi\/tuote\/mct-c8-olja\/\" \/>\n<meta property=\"og:locale\" content=\"fi_FI\" \/>\n<meta property=\"og:type\" content=\"article\" \/>\n<meta property=\"og:title\" content=\"C8 Ekologinen MCT-\u00f6ljy - Reviva\" \/>\n<meta property=\"og:description\" content=\"MCT C8 -\u00f6ljy \u2013 mauton energiaa keholle ja aivoille. Antaa nopeaa energiaa, tukee keskittymist\u00e4 ja kest\u00e4vyytt\u00e4 sek\u00e4 edist\u00e4\u00e4 vatsan hyvinvointia.\" \/>\n<meta property=\"og:url\" content=\"https:\/\/reviva.fi\/fi\/tuote\/mct-c8-olja\/\" \/>\n<meta property=\"og:site_name\" content=\"Reviva\" \/>\n<meta property=\"article:modified_time\" content=\"2025-12-01T13:24:48+00:00\" \/>\n<meta property=\"og:image\" content=\"https:\/\/reviva.fi\/wp-content\/uploads\/2025\/09\/C8-olja-Photoroom-1-e1756967969281.png\" \/>\n\t<meta property=\"og:image:width\" content=\"487\" \/>\n\t<meta property=\"og:image:height\" content=\"1500\" \/>\n\t<meta property=\"og:image:type\" content=\"image\/png\" \/>\n<meta name=\"twitter:card\" content=\"summary_large_image\" \/>\n<script type=\"application\/ld+json\" class=\"yoast-schema-graph\">{\"@context\":\"https:\/\/schema.org\",\"@graph\":[{\"@type\":\"WebPage\",\"@id\":\"https:\/\/reviva.fi\/fi\/tuote\/mct-c8-olja\/\",\"url\":\"https:\/\/reviva.fi\/fi\/tuote\/mct-c8-olja\/\",\"name\":\"C8 Ekologinen MCT-\u00f6ljy - Reviva\",\"isPartOf\":{\"@id\":\"https:\/\/reviva.fi\/fi\/#website\"},\"primaryImageOfPage\":{\"@id\":\"https:\/\/reviva.fi\/fi\/tuote\/mct-c8-olja\/#primaryimage\"},\"image\":{\"@id\":\"https:\/\/reviva.fi\/fi\/tuote\/mct-c8-olja\/#primaryimage\"},\"thumbnailUrl\":\"https:\/\/reviva.fi\/wp-content\/uploads\/2025\/09\/C8-olja-Photoroom-1-e1756967969281.png\",\"datePublished\":\"2025-09-01T06:51:53+00:00\",\"dateModified\":\"2025-12-01T13:24:48+00:00\",\"description\":\"MCT C8 -\u00f6ljy \u2013 mauton energiaa keholle ja aivoille. Antaa nopeaa energiaa, tukee keskittymist\u00e4 ja kest\u00e4vyytt\u00e4 sek\u00e4 edist\u00e4\u00e4 vatsan hyvinvointia.\",\"breadcrumb\":{\"@id\":\"https:\/\/reviva.fi\/fi\/tuote\/mct-c8-olja\/#breadcrumb\"},\"inLanguage\":\"fi\",\"potentialAction\":[{\"@type\":\"ReadAction\",\"target\":[\"https:\/\/reviva.fi\/fi\/tuote\/mct-c8-olja\/\"]}]},{\"@type\":\"ImageObject\",\"inLanguage\":\"fi\",\"@id\":\"https:\/\/reviva.fi\/fi\/tuote\/mct-c8-olja\/#primaryimage\",\"url\":\"https:\/\/reviva.fi\/wp-content\/uploads\/2025\/09\/C8-olja-Photoroom-1-e1756967969281.png\",\"contentUrl\":\"https:\/\/reviva.fi\/wp-content\/uploads\/2025\/09\/C8-olja-Photoroom-1-e1756967969281.png\",\"width\":487,\"height\":1500,\"caption\":\"MCT C8 olja\"},{\"@type\":\"BreadcrumbList\",\"@id\":\"https:\/\/reviva.fi\/fi\/tuote\/mct-c8-olja\/#breadcrumb\",\"itemListElement\":[{\"@type\":\"ListItem\",\"position\":1,\"name\":\"Etusivu\",\"item\":\"https:\/\/reviva.fi\/fi\/\"},{\"@type\":\"ListItem\",\"position\":2,\"name\":\"Tuotteet\",\"item\":\"https:\/\/reviva.fi\/produkter\/\"},{\"@type\":\"ListItem\",\"position\":3,\"name\":\"C8 Ekologinen MCT-\u00f6ljy\"}]},{\"@type\":\"WebSite\",\"@id\":\"https:\/\/reviva.fi\/fi\/#website\",\"url\":\"https:\/\/reviva.fi\/fi\/\",\"name\":\"Reviva\",\"description\":\"\",\"publisher\":{\"@id\":\"https:\/\/reviva.fi\/fi\/#organization\"},\"potentialAction\":[{\"@type\":\"SearchAction\",\"target\":{\"@type\":\"EntryPoint\",\"urlTemplate\":\"https:\/\/reviva.fi\/fi\/?s={search_term_string}\"},\"query-input\":{\"@type\":\"PropertyValueSpecification\",\"valueRequired\":true,\"valueName\":\"search_term_string\"}}],\"inLanguage\":\"fi\"},{\"@type\":\"Organization\",\"@id\":\"https:\/\/reviva.fi\/fi\/#organization\",\"name\":\"Reviva\",\"url\":\"https:\/\/reviva.fi\/fi\/\",\"logo\":{\"@type\":\"ImageObject\",\"inLanguage\":\"fi\",\"@id\":\"https:\/\/reviva.fi\/fi\/#\/schema\/logo\/image\/\",\"url\":\"https:\/\/reviva.fi\/wp-content\/uploads\/2023\/10\/reviva-logo2.svg\",\"contentUrl\":\"https:\/\/reviva.fi\/wp-content\/uploads\/2023\/10\/reviva-logo2.svg\",\"caption\":\"Reviva\"},\"image\":{\"@id\":\"https:\/\/reviva.fi\/fi\/#\/schema\/logo\/image\/\"}}]}<\/script>\n<meta property=\"product:price:amount\" content=\"24.25\" \/>\n<meta property=\"product:price:currency\" content=\"EUR\" \/>\n<meta property=\"og:availability\" content=\"instock\" \/>\n<meta property=\"product:availability\" content=\"instock\" \/>\n<meta property=\"product:retailer_item_id\" content=\"NP5889\" \/>\n<meta property=\"product:condition\" content=\"new\" \/>\n<!-- \/ Yoast SEO plugin. -->","yoast_head_json":{"title":"C8 Ekologinen MCT-\u00f6ljy - Reviva","description":"MCT C8 -\u00f6ljy \u2013 mauton energiaa keholle ja aivoille. Antaa nopeaa energiaa, tukee keskittymist\u00e4 ja kest\u00e4vyytt\u00e4 sek\u00e4 edist\u00e4\u00e4 vatsan hyvinvointia.","robots":{"index":"index","follow":"follow","max-snippet":"max-snippet:-1","max-image-preview":"max-image-preview:large","max-video-preview":"max-video-preview:-1"},"canonical":"https:\/\/reviva.fi\/fi\/tuote\/mct-c8-olja\/","og_locale":"fi_FI","og_type":"article","og_title":"C8 Ekologinen MCT-\u00f6ljy - Reviva","og_description":"MCT C8 -\u00f6ljy \u2013 mauton energiaa keholle ja aivoille. Antaa nopeaa energiaa, tukee keskittymist\u00e4 ja kest\u00e4vyytt\u00e4 sek\u00e4 edist\u00e4\u00e4 vatsan hyvinvointia.","og_url":"https:\/\/reviva.fi\/fi\/tuote\/mct-c8-olja\/","og_site_name":"Reviva","article_modified_time":"2025-12-01T13:24:48+00:00","og_image":[{"width":487,"height":1500,"url":"https:\/\/reviva.fi\/wp-content\/uploads\/2025\/09\/C8-olja-Photoroom-1-e1756967969281.png","type":"image\/png"}],"twitter_card":"summary_large_image","schema":{"@context":"https:\/\/schema.org","@graph":[{"@type":"WebPage","@id":"https:\/\/reviva.fi\/fi\/tuote\/mct-c8-olja\/","url":"https:\/\/reviva.fi\/fi\/tuote\/mct-c8-olja\/","name":"C8 Ekologinen MCT-\u00f6ljy - Reviva","isPartOf":{"@id":"https:\/\/reviva.fi\/fi\/#website"},"primaryImageOfPage":{"@id":"https:\/\/reviva.fi\/fi\/tuote\/mct-c8-olja\/#primaryimage"},"image":{"@id":"https:\/\/reviva.fi\/fi\/tuote\/mct-c8-olja\/#primaryimage"},"thumbnailUrl":"https:\/\/reviva.fi\/wp-content\/uploads\/2025\/09\/C8-olja-Photoroom-1-e1756967969281.png","datePublished":"2025-09-01T06:51:53+00:00","dateModified":"2025-12-01T13:24:48+00:00","description":"MCT C8 -\u00f6ljy \u2013 mauton energiaa keholle ja aivoille. Antaa nopeaa energiaa, tukee keskittymist\u00e4 ja kest\u00e4vyytt\u00e4 sek\u00e4 edist\u00e4\u00e4 vatsan hyvinvointia.","breadcrumb":{"@id":"https:\/\/reviva.fi\/fi\/tuote\/mct-c8-olja\/#breadcrumb"},"inLanguage":"fi","potentialAction":[{"@type":"ReadAction","target":["https:\/\/reviva.fi\/fi\/tuote\/mct-c8-olja\/"]}]},{"@type":"ImageObject","inLanguage":"fi","@id":"https:\/\/reviva.fi\/fi\/tuote\/mct-c8-olja\/#primaryimage","url":"https:\/\/reviva.fi\/wp-content\/uploads\/2025\/09\/C8-olja-Photoroom-1-e1756967969281.png","contentUrl":"https:\/\/reviva.fi\/wp-content\/uploads\/2025\/09\/C8-olja-Photoroom-1-e1756967969281.png","width":487,"height":1500,"caption":"MCT C8 olja"},{"@type":"BreadcrumbList","@id":"https:\/\/reviva.fi\/fi\/tuote\/mct-c8-olja\/#breadcrumb","itemListElement":[{"@type":"ListItem","position":1,"name":"Etusivu","item":"https:\/\/reviva.fi\/fi\/"},{"@type":"ListItem","position":2,"name":"Tuotteet","item":"https:\/\/reviva.fi\/produkter\/"},{"@type":"ListItem","position":3,"name":"C8 Ekologinen MCT-\u00f6ljy"}]},{"@type":"WebSite","@id":"https:\/\/reviva.fi\/fi\/#website","url":"https:\/\/reviva.fi\/fi\/","name":"Reviva","description":"","publisher":{"@id":"https:\/\/reviva.fi\/fi\/#organization"},"potentialAction":[{"@type":"SearchAction","target":{"@type":"EntryPoint","urlTemplate":"https:\/\/reviva.fi\/fi\/?s={search_term_string}"},"query-input":{"@type":"PropertyValueSpecification","valueRequired":true,"valueName":"search_term_string"}}],"inLanguage":"fi"},{"@type":"Organization","@id":"https:\/\/reviva.fi\/fi\/#organization","name":"Reviva","url":"https:\/\/reviva.fi\/fi\/","logo":{"@type":"ImageObject","inLanguage":"fi","@id":"https:\/\/reviva.fi\/fi\/#\/schema\/logo\/image\/","url":"https:\/\/reviva.fi\/wp-content\/uploads\/2023\/10\/reviva-logo2.svg","contentUrl":"https:\/\/reviva.fi\/wp-content\/uploads\/2023\/10\/reviva-logo2.svg","caption":"Reviva"},"image":{"@id":"https:\/\/reviva.fi\/fi\/#\/schema\/logo\/image\/"}}]},"product_price_amount":"24.25","product_price_currency":"EUR","og_availability":"instock","product_availability":"instock","product_retailer_item_id":"NP5889","product_condition":"new"},"taxonomy_info":{"product_cat":[{"value":91,"label":"Rasvahapot"},{"value":2505,"label":"Muut ravintolis\u00e4t"},{"value":5984,"label":"Green Trade"},{"value":86,"label":"Luokittelematon"}]},"featured_image_src_large":["https:\/\/reviva.fi\/wp-content\/uploads\/2025\/09\/C8-olja-Photoroom-1-332x1024.png",332,1024,true],"author_info":[],"comment_info":0,"_links":{"self":[{"href":"https:\/\/reviva.fi\/fi\/wp-json\/wp\/v2\/product\/13250","targetHints":{"allow":["GET"]}}],"collection":[{"href":"https:\/\/reviva.fi\/fi\/wp-json\/wp\/v2\/product"}],"about":[{"href":"https:\/\/reviva.fi\/fi\/wp-json\/wp\/v2\/types\/product"}],"replies":[{"embeddable":true,"href":"https:\/\/reviva.fi\/fi\/wp-json\/wp\/v2\/comments?post=13250"}],"wp:featuredmedia":[{"embeddable":true,"href":"https:\/\/reviva.fi\/fi\/wp-json\/wp\/v2\/media\/12732"}],"wp:attachment":[{"href":"https:\/\/reviva.fi\/fi\/wp-json\/wp\/v2\/media?parent=13250"}],"wp:term":[{"taxonomy":"product_brand","embeddable":true,"href":"https:\/\/reviva.fi\/fi\/wp-json\/wp\/v2\/product_brand?post=13250"},{"taxonomy":"product_cat","embeddable":true,"href":"https:\/\/reviva.fi\/fi\/wp-json\/wp\/v2\/product_cat?post=13250"},{"taxonomy":"product_tag","embeddable":true,"href":"https:\/\/reviva.fi\/fi\/wp-json\/wp\/v2\/product_tag?post=13250"}],"curies":[{"name":"wp","href":"https:\/\/api.w.org\/{rel}","templated":true}]}}