{"id":13256,"date":"2025-09-01T09:55:16","date_gmt":"2025-09-01T06:55:16","guid":{"rendered":"https:\/\/reviva.fi\/product\/collagen-peptides-245g\/"},"modified":"2025-12-01T15:45:23","modified_gmt":"2025-12-01T13:45:23","slug":"collagen-peptides-245g","status":"publish","type":"product","link":"https:\/\/reviva.fi\/fi\/tuote\/collagen-peptides-245g\/","title":{"rendered":"Kollageenipeptidit"},"content":{"rendered":"<article class=\"text-token-text-primary w-full focus:outline-none [--shadow-height:45px] has-data-writing-block:pointer-events-none has-data-writing-block:-mt-(--shadow-height) has-data-writing-block:pt-(--shadow-height) [&amp;:has([data-writing-block])&gt;*]:pointer-events-auto scroll-mt-[calc(var(--header-height)+min(200px,max(70px,20svh)))]\" dir=\"auto\" tabindex=\"-1\" data-turn-id=\"request-WEB:aff8403d-3f38-4fce-9009-2b39a3ad0fec-14\" data-testid=\"conversation-turn-30\" data-scroll-anchor=\"true\" data-turn=\"assistant\">\n<div class=\"text-base my-auto mx-auto pb-10 [--thread-content-margin:--spacing(4)] thread-sm:[--thread-content-margin:--spacing(6)] thread-lg:[--thread-content-margin:--spacing(16)] px-(--thread-content-margin)\">\n<div class=\"[--thread-content-max-width:40rem] thread-lg:[--thread-content-max-width:48rem] mx-auto max-w-(--thread-content-max-width) flex-1 group\/turn-messages focus-visible:outline-hidden relative flex w-full min-w-0 flex-col agent-turn\" tabindex=\"-1\">\n<div class=\"flex max-w-full flex-col grow\">\n<div class=\"min-h-8 text-message relative flex w-full flex-col items-end gap-2 text-start break-words whitespace-normal [.text-message+&amp;]:mt-1\" dir=\"auto\" data-message-author-role=\"assistant\" data-message-id=\"fdeb18f1-3847-4095-a216-519632dcdc5d\" data-message-model-slug=\"gpt-5-mini\">\n<div class=\"flex w-full flex-col gap-1 empty:hidden first:pt-[1px]\">\n<div class=\"markdown prose dark:prose-invert w-full break-words light markdown-new-styling\">\n<p data-start=\"38\" data-end=\"288\">Natures Pure -kollageenipeptidit on huolellisesti suunniteltu biok\u00e4ytt\u00f6kelpoisia kollageenipeptidej\u00e4 sis\u00e4lt\u00e4v\u00e4ksi tuotteeksi, jonka keho pystyy helposti hy\u00f6dynt\u00e4m\u00e4\u00e4n. N\u00e4in saat kollageenista maksimaalisen hy\u00f6dyn iholle, nivelille ja kudoksille.<\/p>\n<p data-start=\"290\" data-end=\"487\">Tyypin I kollageeni on yleisin kollageenimuoto ja esiintyy luonnollisesti ihossa, j\u00e4nteiss\u00e4, verisuonissa ja elimiss\u00e4. T\u00e4m\u00e4 t\u00e4rke\u00e4 proteiini antaa iholle sen vahvuuden, rakenteen ja kimmoisuuden.<\/p>\n<p data-start=\"489\" data-end=\"653\" data-is-last-node=\"\" data-is-only-node=\"\">T\u00e4ydenn\u00e4m\u00e4ll\u00e4 ravintoa Collagen Peptides -valmisteella voit tukea ihon kiinteytt\u00e4 ja joustavuutta sis\u00e4lt\u00e4p\u00e4in, edist\u00e4en luonnollisen raikasta ja nuorekasta ilmett\u00e4.<\/p>\n<\/div>\n<\/div>\n<\/div>\n<\/div>\n<div class=\"z-0 flex min-h-[46px] justify-start\"><\/div>\n<\/div>\n<\/div>\n<\/article>\n<div class=\"pointer-events-none h-px w-px\" aria-hidden=\"true\" data-edge=\"true\"><\/div>\n","protected":false},"excerpt":{"rendered":"<p><strong>245 grammaa<\/strong><\/p>\n","protected":false},"featured_media":12701,"comment_status":"closed","ping_status":"closed","template":"","meta":{"_acf_changed":false,"inline_featured_image":false,"_kad_blocks_custom_css":"","_kad_blocks_head_custom_js":"","_kad_blocks_body_custom_js":"","_kad_blocks_footer_custom_js":"","_kadence_starter_templates_imported_post":false,"_kad_post_transparent":"default","_kad_post_title":"","_kad_post_layout":"default","_kad_post_sidebar_id":"","_kad_post_content_style":"default","_kad_post_vertical_padding":"default","_kad_post_feature":"","_kad_post_feature_position":"","_kad_post_header":false,"_kad_post_footer":false},"product_brand":[],"product_cat":[2505,5984,2371,2350],"product_tag":[],"class_list":{"0":"post-13256","1":"product","2":"type-product","3":"status-publish","4":"has-post-thumbnail","6":"product_cat-ovriga-kosttillskott-fi","7":"product_cat-green-trade-fi","8":"product_cat-muskler-och-leder-fi","9":"product_cat-hud-och-skonhet-fi","11":"first","12":"instock","13":"taxable","14":"shipping-taxable","15":"purchasable","16":"product-type-simple","17":"entry","18":"content-bg","19":"loop-entry"},"acf":[],"yoast_head":"<!-- This site is optimized with the Yoast SEO plugin v25.8 - https:\/\/yoast.com\/wordpress\/plugins\/seo\/ -->\n<title>Kollageenipeptidit - Reviva<\/title>\n<meta name=\"description\" content=\"Natures Pure -kollageenipeptidit \u2013 biok\u00e4ytt\u00f6kelpoista tyypin I kollageenia vahvalle iholle, kimmoisuudelle ja luonnolliselle kauneudelle sis\u00e4lt\u00e4p\u00e4in.\" \/>\n<meta name=\"robots\" content=\"index, follow, max-snippet:-1, max-image-preview:large, max-video-preview:-1\" \/>\n<link rel=\"canonical\" href=\"https:\/\/reviva.fi\/fi\/tuote\/collagen-peptides-245g\/\" \/>\n<meta property=\"og:locale\" content=\"fi_FI\" \/>\n<meta property=\"og:type\" content=\"article\" \/>\n<meta property=\"og:title\" content=\"Kollageenipeptidit - Reviva\" \/>\n<meta property=\"og:description\" content=\"Natures Pure -kollageenipeptidit \u2013 biok\u00e4ytt\u00f6kelpoista tyypin I kollageenia vahvalle iholle, kimmoisuudelle ja luonnolliselle kauneudelle sis\u00e4lt\u00e4p\u00e4in.\" \/>\n<meta property=\"og:url\" content=\"https:\/\/reviva.fi\/fi\/tuote\/collagen-peptides-245g\/\" \/>\n<meta property=\"og:site_name\" content=\"Reviva\" \/>\n<meta property=\"article:modified_time\" content=\"2025-12-01T13:45:23+00:00\" \/>\n<meta property=\"og:image\" content=\"https:\/\/reviva.fi\/wp-content\/uploads\/2025\/09\/Collagen-peptides-Photoroom.png\" \/>\n\t<meta property=\"og:image:width\" content=\"800\" \/>\n\t<meta property=\"og:image:height\" content=\"800\" \/>\n\t<meta property=\"og:image:type\" content=\"image\/png\" \/>\n<meta name=\"twitter:card\" content=\"summary_large_image\" \/>\n<script type=\"application\/ld+json\" class=\"yoast-schema-graph\">{\"@context\":\"https:\/\/schema.org\",\"@graph\":[{\"@type\":\"WebPage\",\"@id\":\"https:\/\/reviva.fi\/fi\/tuote\/collagen-peptides-245g\/\",\"url\":\"https:\/\/reviva.fi\/fi\/tuote\/collagen-peptides-245g\/\",\"name\":\"Kollageenipeptidit - Reviva\",\"isPartOf\":{\"@id\":\"https:\/\/reviva.fi\/fi\/#website\"},\"primaryImageOfPage\":{\"@id\":\"https:\/\/reviva.fi\/fi\/tuote\/collagen-peptides-245g\/#primaryimage\"},\"image\":{\"@id\":\"https:\/\/reviva.fi\/fi\/tuote\/collagen-peptides-245g\/#primaryimage\"},\"thumbnailUrl\":\"https:\/\/reviva.fi\/wp-content\/uploads\/2025\/09\/Collagen-peptides-Photoroom.png\",\"datePublished\":\"2025-09-01T06:55:16+00:00\",\"dateModified\":\"2025-12-01T13:45:23+00:00\",\"description\":\"Natures Pure -kollageenipeptidit \u2013 biok\u00e4ytt\u00f6kelpoista tyypin I kollageenia vahvalle iholle, kimmoisuudelle ja luonnolliselle kauneudelle sis\u00e4lt\u00e4p\u00e4in.\",\"breadcrumb\":{\"@id\":\"https:\/\/reviva.fi\/fi\/tuote\/collagen-peptides-245g\/#breadcrumb\"},\"inLanguage\":\"fi\",\"potentialAction\":[{\"@type\":\"ReadAction\",\"target\":[\"https:\/\/reviva.fi\/fi\/tuote\/collagen-peptides-245g\/\"]}]},{\"@type\":\"ImageObject\",\"inLanguage\":\"fi\",\"@id\":\"https:\/\/reviva.fi\/fi\/tuote\/collagen-peptides-245g\/#primaryimage\",\"url\":\"https:\/\/reviva.fi\/wp-content\/uploads\/2025\/09\/Collagen-peptides-Photoroom.png\",\"contentUrl\":\"https:\/\/reviva.fi\/wp-content\/uploads\/2025\/09\/Collagen-peptides-Photoroom.png\",\"width\":800,\"height\":800,\"caption\":\"Collagen peptides\"},{\"@type\":\"BreadcrumbList\",\"@id\":\"https:\/\/reviva.fi\/fi\/tuote\/collagen-peptides-245g\/#breadcrumb\",\"itemListElement\":[{\"@type\":\"ListItem\",\"position\":1,\"name\":\"Etusivu\",\"item\":\"https:\/\/reviva.fi\/fi\/\"},{\"@type\":\"ListItem\",\"position\":2,\"name\":\"Tuotteet\",\"item\":\"https:\/\/reviva.fi\/produkter\/\"},{\"@type\":\"ListItem\",\"position\":3,\"name\":\"Kollageenipeptidit\"}]},{\"@type\":\"WebSite\",\"@id\":\"https:\/\/reviva.fi\/fi\/#website\",\"url\":\"https:\/\/reviva.fi\/fi\/\",\"name\":\"Reviva\",\"description\":\"\",\"publisher\":{\"@id\":\"https:\/\/reviva.fi\/fi\/#organization\"},\"potentialAction\":[{\"@type\":\"SearchAction\",\"target\":{\"@type\":\"EntryPoint\",\"urlTemplate\":\"https:\/\/reviva.fi\/fi\/?s={search_term_string}\"},\"query-input\":{\"@type\":\"PropertyValueSpecification\",\"valueRequired\":true,\"valueName\":\"search_term_string\"}}],\"inLanguage\":\"fi\"},{\"@type\":\"Organization\",\"@id\":\"https:\/\/reviva.fi\/fi\/#organization\",\"name\":\"Reviva\",\"url\":\"https:\/\/reviva.fi\/fi\/\",\"logo\":{\"@type\":\"ImageObject\",\"inLanguage\":\"fi\",\"@id\":\"https:\/\/reviva.fi\/fi\/#\/schema\/logo\/image\/\",\"url\":\"https:\/\/reviva.fi\/wp-content\/uploads\/2023\/10\/reviva-logo2.svg\",\"contentUrl\":\"https:\/\/reviva.fi\/wp-content\/uploads\/2023\/10\/reviva-logo2.svg\",\"caption\":\"Reviva\"},\"image\":{\"@id\":\"https:\/\/reviva.fi\/fi\/#\/schema\/logo\/image\/\"}}]}<\/script>\n<meta property=\"product:price:amount\" content=\"20.05\" \/>\n<meta property=\"product:price:currency\" content=\"EUR\" \/>\n<meta property=\"og:availability\" content=\"instock\" \/>\n<meta property=\"product:availability\" content=\"instock\" \/>\n<meta property=\"product:retailer_item_id\" content=\"NP5879\" \/>\n<meta property=\"product:condition\" content=\"new\" \/>\n<!-- \/ Yoast SEO plugin. -->","yoast_head_json":{"title":"Kollageenipeptidit - Reviva","description":"Natures Pure -kollageenipeptidit \u2013 biok\u00e4ytt\u00f6kelpoista tyypin I kollageenia vahvalle iholle, kimmoisuudelle ja luonnolliselle kauneudelle sis\u00e4lt\u00e4p\u00e4in.","robots":{"index":"index","follow":"follow","max-snippet":"max-snippet:-1","max-image-preview":"max-image-preview:large","max-video-preview":"max-video-preview:-1"},"canonical":"https:\/\/reviva.fi\/fi\/tuote\/collagen-peptides-245g\/","og_locale":"fi_FI","og_type":"article","og_title":"Kollageenipeptidit - Reviva","og_description":"Natures Pure -kollageenipeptidit \u2013 biok\u00e4ytt\u00f6kelpoista tyypin I kollageenia vahvalle iholle, kimmoisuudelle ja luonnolliselle kauneudelle sis\u00e4lt\u00e4p\u00e4in.","og_url":"https:\/\/reviva.fi\/fi\/tuote\/collagen-peptides-245g\/","og_site_name":"Reviva","article_modified_time":"2025-12-01T13:45:23+00:00","og_image":[{"width":800,"height":800,"url":"https:\/\/reviva.fi\/wp-content\/uploads\/2025\/09\/Collagen-peptides-Photoroom.png","type":"image\/png"}],"twitter_card":"summary_large_image","schema":{"@context":"https:\/\/schema.org","@graph":[{"@type":"WebPage","@id":"https:\/\/reviva.fi\/fi\/tuote\/collagen-peptides-245g\/","url":"https:\/\/reviva.fi\/fi\/tuote\/collagen-peptides-245g\/","name":"Kollageenipeptidit - Reviva","isPartOf":{"@id":"https:\/\/reviva.fi\/fi\/#website"},"primaryImageOfPage":{"@id":"https:\/\/reviva.fi\/fi\/tuote\/collagen-peptides-245g\/#primaryimage"},"image":{"@id":"https:\/\/reviva.fi\/fi\/tuote\/collagen-peptides-245g\/#primaryimage"},"thumbnailUrl":"https:\/\/reviva.fi\/wp-content\/uploads\/2025\/09\/Collagen-peptides-Photoroom.png","datePublished":"2025-09-01T06:55:16+00:00","dateModified":"2025-12-01T13:45:23+00:00","description":"Natures Pure -kollageenipeptidit \u2013 biok\u00e4ytt\u00f6kelpoista tyypin I kollageenia vahvalle iholle, kimmoisuudelle ja luonnolliselle kauneudelle sis\u00e4lt\u00e4p\u00e4in.","breadcrumb":{"@id":"https:\/\/reviva.fi\/fi\/tuote\/collagen-peptides-245g\/#breadcrumb"},"inLanguage":"fi","potentialAction":[{"@type":"ReadAction","target":["https:\/\/reviva.fi\/fi\/tuote\/collagen-peptides-245g\/"]}]},{"@type":"ImageObject","inLanguage":"fi","@id":"https:\/\/reviva.fi\/fi\/tuote\/collagen-peptides-245g\/#primaryimage","url":"https:\/\/reviva.fi\/wp-content\/uploads\/2025\/09\/Collagen-peptides-Photoroom.png","contentUrl":"https:\/\/reviva.fi\/wp-content\/uploads\/2025\/09\/Collagen-peptides-Photoroom.png","width":800,"height":800,"caption":"Collagen peptides"},{"@type":"BreadcrumbList","@id":"https:\/\/reviva.fi\/fi\/tuote\/collagen-peptides-245g\/#breadcrumb","itemListElement":[{"@type":"ListItem","position":1,"name":"Etusivu","item":"https:\/\/reviva.fi\/fi\/"},{"@type":"ListItem","position":2,"name":"Tuotteet","item":"https:\/\/reviva.fi\/produkter\/"},{"@type":"ListItem","position":3,"name":"Kollageenipeptidit"}]},{"@type":"WebSite","@id":"https:\/\/reviva.fi\/fi\/#website","url":"https:\/\/reviva.fi\/fi\/","name":"Reviva","description":"","publisher":{"@id":"https:\/\/reviva.fi\/fi\/#organization"},"potentialAction":[{"@type":"SearchAction","target":{"@type":"EntryPoint","urlTemplate":"https:\/\/reviva.fi\/fi\/?s={search_term_string}"},"query-input":{"@type":"PropertyValueSpecification","valueRequired":true,"valueName":"search_term_string"}}],"inLanguage":"fi"},{"@type":"Organization","@id":"https:\/\/reviva.fi\/fi\/#organization","name":"Reviva","url":"https:\/\/reviva.fi\/fi\/","logo":{"@type":"ImageObject","inLanguage":"fi","@id":"https:\/\/reviva.fi\/fi\/#\/schema\/logo\/image\/","url":"https:\/\/reviva.fi\/wp-content\/uploads\/2023\/10\/reviva-logo2.svg","contentUrl":"https:\/\/reviva.fi\/wp-content\/uploads\/2023\/10\/reviva-logo2.svg","caption":"Reviva"},"image":{"@id":"https:\/\/reviva.fi\/fi\/#\/schema\/logo\/image\/"}}]},"product_price_amount":"20.05","product_price_currency":"EUR","og_availability":"instock","product_availability":"instock","product_retailer_item_id":"NP5879","product_condition":"new"},"taxonomy_info":{"product_cat":[{"value":2505,"label":"Muut ravintolis\u00e4t"},{"value":5984,"label":"Green Trade"},{"value":2371,"label":"Nivelet &amp; Lihakset"},{"value":2350,"label":"Iho &amp; Kauneus"}]},"featured_image_src_large":["https:\/\/reviva.fi\/wp-content\/uploads\/2025\/09\/Collagen-peptides-Photoroom.png",800,800,false],"author_info":[],"comment_info":0,"_links":{"self":[{"href":"https:\/\/reviva.fi\/fi\/wp-json\/wp\/v2\/product\/13256","targetHints":{"allow":["GET"]}}],"collection":[{"href":"https:\/\/reviva.fi\/fi\/wp-json\/wp\/v2\/product"}],"about":[{"href":"https:\/\/reviva.fi\/fi\/wp-json\/wp\/v2\/types\/product"}],"replies":[{"embeddable":true,"href":"https:\/\/reviva.fi\/fi\/wp-json\/wp\/v2\/comments?post=13256"}],"wp:featuredmedia":[{"embeddable":true,"href":"https:\/\/reviva.fi\/fi\/wp-json\/wp\/v2\/media\/12701"}],"wp:attachment":[{"href":"https:\/\/reviva.fi\/fi\/wp-json\/wp\/v2\/media?parent=13256"}],"wp:term":[{"taxonomy":"product_brand","embeddable":true,"href":"https:\/\/reviva.fi\/fi\/wp-json\/wp\/v2\/product_brand?post=13256"},{"taxonomy":"product_cat","embeddable":true,"href":"https:\/\/reviva.fi\/fi\/wp-json\/wp\/v2\/product_cat?post=13256"},{"taxonomy":"product_tag","embeddable":true,"href":"https:\/\/reviva.fi\/fi\/wp-json\/wp\/v2\/product_tag?post=13256"}],"curies":[{"name":"wp","href":"https:\/\/api.w.org\/{rel}","templated":true}]}}