{"id":13395,"date":"2025-12-22T15:27:38","date_gmt":"2025-12-22T13:27:38","guid":{"rendered":"https:\/\/reviva.fi\/?post_type=product&#038;p=13395"},"modified":"2025-12-23T09:37:09","modified_gmt":"2025-12-23T07:37:09","slug":"biome-balance-for-those-on-antibiotics","status":"publish","type":"product","link":"https:\/\/reviva.fi\/fi\/tuote\/biome-balance-for-those-on-antibiotics\/","title":{"rendered":"Biome Balance, for those on Antibiotics"},"content":{"rendered":"<h4>Biome Balance, niille jotka ovat antibioottikuurilla.<\/h4>\n<h4>Saccharomyces Cerevisiae Boulardii<\/h4>\n<p>Lamberts\u00ae Biome Balance sis\u00e4lt\u00e4\u00e4 per\u00e4ti 6 miljardia mikro-organismia kapselia kohden. T\u00e4m\u00e4n probioottisen hiivan on osoitettu yll\u00e4pit\u00e4v\u00e4n ja palauttavan paksu- ja ohutsuolen mikrobikantaa, ja terveydenhuollon ammattilaiset suosittelevat sit\u00e4 nyky\u00e4\u00e4n laajalti erityisesti suoliston terveyden tukemiseen.<\/p>\n<p>Saccharomyces cerevisiae boulardii on ainutlaatuinen hiivakanta, jota on tutkittu perusteellisesti sen ruoansulatusj\u00e4rjestelm\u00e4\u00e4 tukevien vaikutusten vuoksi. Sill\u00e4 on monia k\u00e4ytt\u00f6tarkoituksia, mutta se on erityisen arvokas henkil\u00f6ille, jotka k\u00e4ytt\u00e4v\u00e4t antibiootteja. Toisin kuin useimmat el\u00e4v\u00e4t bakteerikannat, Saccharomyces boulardii on hiiva. T\u00e4m\u00e4 t\u00e4rke\u00e4 ero tarkoittaa, ett\u00e4 antibiootit, jotka kohdistuvat bakteereihin, eiv\u00e4t vaikuta siihen. Siksi se s\u00e4ilyy muuttumattomana my\u00f6s antibioottihoidon aikana.<\/p>\n<p>Lamberts\u00ae Biome Balance on vahva, p\u00e4ivitt\u00e4iseen k\u00e4ytt\u00f6\u00f6n tarkoitettu valmiste, joka sopii my\u00f6s sek\u00e4 kasvissy\u00f6jille ett\u00e4 vegaaneille. N\u00e4m\u00e4 pienet ja helposti nielt\u00e4v\u00e4t kapselit valmistetaan Isossa-Britanniassa farmaseuttisten laatuvaatimusten mukaisesti. Koska tuotteemme on huoneenl\u00e4mm\u00f6ss\u00e4 stabiili, sit\u00e4 ei tarvitse s\u00e4ilytt\u00e4\u00e4 j\u00e4\u00e4kaapissa.<\/p>\n","protected":false},"excerpt":{"rendered":"<p>6 miljardia organismia kapselia kohden.<\/p>\n<p><strong>30 Kapselia\u00a0<\/strong><\/p>\n","protected":false},"featured_media":13399,"comment_status":"closed","ping_status":"closed","template":"","meta":{"_acf_changed":false,"inline_featured_image":false,"_kad_blocks_custom_css":"","_kad_blocks_head_custom_js":"","_kad_blocks_body_custom_js":"","_kad_blocks_footer_custom_js":"","_kadence_starter_templates_imported_post":false,"_kad_post_transparent":"default","_kad_post_title":"","_kad_post_layout":"default","_kad_post_sidebar_id":"","_kad_post_content_style":"default","_kad_post_vertical_padding":"default","_kad_post_feature":"","_kad_post_feature_position":"","_kad_post_header":false,"_kad_post_footer":false},"product_brand":[],"product_cat":[5976,2444,2387,2357],"product_tag":[4592,4681,4686,4683,4685,4402,4687,444,4678,4416,4684,4680,4682,4405,4679,4677,4403],"class_list":{"0":"post-13395","1":"product","2":"type-product","3":"status-publish","4":"has-post-thumbnail","6":"product_cat-mjolksyrebakterier-fi","7":"product_cat-lamberts-fi","8":"product_cat-mage-och-tarm-fi","9":"product_cat-immunforsvar-fi","10":"product_tag-300-mg-fi","11":"product_tag-6-miljardia-organismia-kapselia-kohden","12":"product_tag-akuutti-gastroenteriitti","13":"product_tag-antibioottihoitoon-liittyva-ripuli","14":"product_tag-clostridium-difficile-fi","15":"product_tag-gmp-standardi","16":"product_tag-huoneenlammossa-vakaa","17":"product_tag-immuunijarjestelma","18":"product_tag-kapselia","19":"product_tag-maha-suolikanavan-terveyteen","20":"product_tag-matkustajan-ripuli","21":"product_tag-probioottinen-hiiva","22":"product_tag-ripulin-ehkaisy","23":"product_tag-ruoansulatuksen-terveys","24":"product_tag-saccharomyces-cerevisiae-boulardii-fi","25":"product_tag-suolistofloora","26":"product_tag-vegaaniystavallinen","28":"first","29":"instock","30":"taxable","31":"shipping-taxable","32":"purchasable","33":"product-type-simple","34":"entry","35":"content-bg","36":"loop-entry"},"acf":[],"yoast_head":"<!-- This site is optimized with the Yoast SEO plugin v25.8 - https:\/\/yoast.com\/wordpress\/plugins\/seo\/ -->\n<title>Biome Balance, for those on Antibiotics - Reviva<\/title>\n<meta name=\"description\" content=\"Biome Balance, niille jotka ovat antibioottikuurilla \u2013 Saccharomyces boulardii on hiivakanta ja sopii k\u00e4ytett\u00e4v\u00e4ksi antibioottien kanssa.\" \/>\n<meta name=\"robots\" content=\"index, follow, max-snippet:-1, max-image-preview:large, max-video-preview:-1\" \/>\n<link rel=\"canonical\" href=\"https:\/\/reviva.fi\/fi\/tuote\/biome-balance-for-those-on-antibiotics\/\" \/>\n<meta property=\"og:locale\" content=\"fi_FI\" \/>\n<meta property=\"og:type\" content=\"article\" \/>\n<meta property=\"og:title\" content=\"Biome Balance, for those on Antibiotics - Reviva\" \/>\n<meta property=\"og:description\" content=\"Biome Balance, niille jotka ovat antibioottikuurilla \u2013 Saccharomyces boulardii on hiivakanta ja sopii k\u00e4ytett\u00e4v\u00e4ksi antibioottien kanssa.\" \/>\n<meta property=\"og:url\" content=\"https:\/\/reviva.fi\/fi\/tuote\/biome-balance-for-those-on-antibiotics\/\" \/>\n<meta property=\"og:site_name\" content=\"Reviva\" \/>\n<meta property=\"article:modified_time\" content=\"2025-12-23T07:37:09+00:00\" \/>\n<meta property=\"og:image\" content=\"https:\/\/reviva.fi\/wp-content\/uploads\/2025\/12\/8715-30-Biome-Balance-Photoroom.png\" \/>\n\t<meta property=\"og:image:width\" content=\"1200\" \/>\n\t<meta property=\"og:image:height\" content=\"1200\" \/>\n\t<meta property=\"og:image:type\" content=\"image\/png\" \/>\n<meta name=\"twitter:card\" content=\"summary_large_image\" \/>\n<script type=\"application\/ld+json\" class=\"yoast-schema-graph\">{\"@context\":\"https:\/\/schema.org\",\"@graph\":[{\"@type\":\"WebPage\",\"@id\":\"https:\/\/reviva.fi\/fi\/tuote\/biome-balance-for-those-on-antibiotics\/\",\"url\":\"https:\/\/reviva.fi\/fi\/tuote\/biome-balance-for-those-on-antibiotics\/\",\"name\":\"Biome Balance, for those on Antibiotics - Reviva\",\"isPartOf\":{\"@id\":\"https:\/\/reviva.fi\/fi\/#website\"},\"primaryImageOfPage\":{\"@id\":\"https:\/\/reviva.fi\/fi\/tuote\/biome-balance-for-those-on-antibiotics\/#primaryimage\"},\"image\":{\"@id\":\"https:\/\/reviva.fi\/fi\/tuote\/biome-balance-for-those-on-antibiotics\/#primaryimage\"},\"thumbnailUrl\":\"https:\/\/reviva.fi\/wp-content\/uploads\/2025\/12\/8715-30-Biome-Balance-Photoroom.png\",\"datePublished\":\"2025-12-22T13:27:38+00:00\",\"dateModified\":\"2025-12-23T07:37:09+00:00\",\"description\":\"Biome Balance, niille jotka ovat antibioottikuurilla \u2013 Saccharomyces boulardii on hiivakanta ja sopii k\u00e4ytett\u00e4v\u00e4ksi antibioottien kanssa.\",\"breadcrumb\":{\"@id\":\"https:\/\/reviva.fi\/fi\/tuote\/biome-balance-for-those-on-antibiotics\/#breadcrumb\"},\"inLanguage\":\"fi\",\"potentialAction\":[{\"@type\":\"ReadAction\",\"target\":[\"https:\/\/reviva.fi\/fi\/tuote\/biome-balance-for-those-on-antibiotics\/\"]}]},{\"@type\":\"ImageObject\",\"inLanguage\":\"fi\",\"@id\":\"https:\/\/reviva.fi\/fi\/tuote\/biome-balance-for-those-on-antibiotics\/#primaryimage\",\"url\":\"https:\/\/reviva.fi\/wp-content\/uploads\/2025\/12\/8715-30-Biome-Balance-Photoroom.png\",\"contentUrl\":\"https:\/\/reviva.fi\/wp-content\/uploads\/2025\/12\/8715-30-Biome-Balance-Photoroom.png\",\"width\":1200,\"height\":1200,\"caption\":\"Biome Balance, for those on antibiotics\"},{\"@type\":\"BreadcrumbList\",\"@id\":\"https:\/\/reviva.fi\/fi\/tuote\/biome-balance-for-those-on-antibiotics\/#breadcrumb\",\"itemListElement\":[{\"@type\":\"ListItem\",\"position\":1,\"name\":\"Etusivu\",\"item\":\"https:\/\/reviva.fi\/fi\/\"},{\"@type\":\"ListItem\",\"position\":2,\"name\":\"Tuotteet\",\"item\":\"https:\/\/reviva.fi\/produkter\/\"},{\"@type\":\"ListItem\",\"position\":3,\"name\":\"Biome Balance, for those on Antibiotics\"}]},{\"@type\":\"WebSite\",\"@id\":\"https:\/\/reviva.fi\/fi\/#website\",\"url\":\"https:\/\/reviva.fi\/fi\/\",\"name\":\"Reviva\",\"description\":\"\",\"publisher\":{\"@id\":\"https:\/\/reviva.fi\/fi\/#organization\"},\"potentialAction\":[{\"@type\":\"SearchAction\",\"target\":{\"@type\":\"EntryPoint\",\"urlTemplate\":\"https:\/\/reviva.fi\/fi\/?s={search_term_string}\"},\"query-input\":{\"@type\":\"PropertyValueSpecification\",\"valueRequired\":true,\"valueName\":\"search_term_string\"}}],\"inLanguage\":\"fi\"},{\"@type\":\"Organization\",\"@id\":\"https:\/\/reviva.fi\/fi\/#organization\",\"name\":\"Reviva\",\"url\":\"https:\/\/reviva.fi\/fi\/\",\"logo\":{\"@type\":\"ImageObject\",\"inLanguage\":\"fi\",\"@id\":\"https:\/\/reviva.fi\/fi\/#\/schema\/logo\/image\/\",\"url\":\"https:\/\/reviva.fi\/wp-content\/uploads\/2023\/10\/reviva-logo2.svg\",\"contentUrl\":\"https:\/\/reviva.fi\/wp-content\/uploads\/2023\/10\/reviva-logo2.svg\",\"caption\":\"Reviva\"},\"image\":{\"@id\":\"https:\/\/reviva.fi\/fi\/#\/schema\/logo\/image\/\"}}]}<\/script>\n<meta property=\"product:price:amount\" content=\"23.20\" \/>\n<meta property=\"product:price:currency\" content=\"EUR\" \/>\n<meta property=\"og:availability\" content=\"instock\" \/>\n<meta property=\"product:availability\" content=\"instock\" \/>\n<meta property=\"product:retailer_item_id\" content=\"8715-30\" \/>\n<meta property=\"product:condition\" content=\"new\" \/>\n<!-- \/ Yoast SEO plugin. -->","yoast_head_json":{"title":"Biome Balance, for those on Antibiotics - Reviva","description":"Biome Balance, niille jotka ovat antibioottikuurilla \u2013 Saccharomyces boulardii on hiivakanta ja sopii k\u00e4ytett\u00e4v\u00e4ksi antibioottien kanssa.","robots":{"index":"index","follow":"follow","max-snippet":"max-snippet:-1","max-image-preview":"max-image-preview:large","max-video-preview":"max-video-preview:-1"},"canonical":"https:\/\/reviva.fi\/fi\/tuote\/biome-balance-for-those-on-antibiotics\/","og_locale":"fi_FI","og_type":"article","og_title":"Biome Balance, for those on Antibiotics - Reviva","og_description":"Biome Balance, niille jotka ovat antibioottikuurilla \u2013 Saccharomyces boulardii on hiivakanta ja sopii k\u00e4ytett\u00e4v\u00e4ksi antibioottien kanssa.","og_url":"https:\/\/reviva.fi\/fi\/tuote\/biome-balance-for-those-on-antibiotics\/","og_site_name":"Reviva","article_modified_time":"2025-12-23T07:37:09+00:00","og_image":[{"width":1200,"height":1200,"url":"https:\/\/reviva.fi\/wp-content\/uploads\/2025\/12\/8715-30-Biome-Balance-Photoroom.png","type":"image\/png"}],"twitter_card":"summary_large_image","schema":{"@context":"https:\/\/schema.org","@graph":[{"@type":"WebPage","@id":"https:\/\/reviva.fi\/fi\/tuote\/biome-balance-for-those-on-antibiotics\/","url":"https:\/\/reviva.fi\/fi\/tuote\/biome-balance-for-those-on-antibiotics\/","name":"Biome Balance, for those on Antibiotics - Reviva","isPartOf":{"@id":"https:\/\/reviva.fi\/fi\/#website"},"primaryImageOfPage":{"@id":"https:\/\/reviva.fi\/fi\/tuote\/biome-balance-for-those-on-antibiotics\/#primaryimage"},"image":{"@id":"https:\/\/reviva.fi\/fi\/tuote\/biome-balance-for-those-on-antibiotics\/#primaryimage"},"thumbnailUrl":"https:\/\/reviva.fi\/wp-content\/uploads\/2025\/12\/8715-30-Biome-Balance-Photoroom.png","datePublished":"2025-12-22T13:27:38+00:00","dateModified":"2025-12-23T07:37:09+00:00","description":"Biome Balance, niille jotka ovat antibioottikuurilla \u2013 Saccharomyces boulardii on hiivakanta ja sopii k\u00e4ytett\u00e4v\u00e4ksi antibioottien kanssa.","breadcrumb":{"@id":"https:\/\/reviva.fi\/fi\/tuote\/biome-balance-for-those-on-antibiotics\/#breadcrumb"},"inLanguage":"fi","potentialAction":[{"@type":"ReadAction","target":["https:\/\/reviva.fi\/fi\/tuote\/biome-balance-for-those-on-antibiotics\/"]}]},{"@type":"ImageObject","inLanguage":"fi","@id":"https:\/\/reviva.fi\/fi\/tuote\/biome-balance-for-those-on-antibiotics\/#primaryimage","url":"https:\/\/reviva.fi\/wp-content\/uploads\/2025\/12\/8715-30-Biome-Balance-Photoroom.png","contentUrl":"https:\/\/reviva.fi\/wp-content\/uploads\/2025\/12\/8715-30-Biome-Balance-Photoroom.png","width":1200,"height":1200,"caption":"Biome Balance, for those on antibiotics"},{"@type":"BreadcrumbList","@id":"https:\/\/reviva.fi\/fi\/tuote\/biome-balance-for-those-on-antibiotics\/#breadcrumb","itemListElement":[{"@type":"ListItem","position":1,"name":"Etusivu","item":"https:\/\/reviva.fi\/fi\/"},{"@type":"ListItem","position":2,"name":"Tuotteet","item":"https:\/\/reviva.fi\/produkter\/"},{"@type":"ListItem","position":3,"name":"Biome Balance, for those on Antibiotics"}]},{"@type":"WebSite","@id":"https:\/\/reviva.fi\/fi\/#website","url":"https:\/\/reviva.fi\/fi\/","name":"Reviva","description":"","publisher":{"@id":"https:\/\/reviva.fi\/fi\/#organization"},"potentialAction":[{"@type":"SearchAction","target":{"@type":"EntryPoint","urlTemplate":"https:\/\/reviva.fi\/fi\/?s={search_term_string}"},"query-input":{"@type":"PropertyValueSpecification","valueRequired":true,"valueName":"search_term_string"}}],"inLanguage":"fi"},{"@type":"Organization","@id":"https:\/\/reviva.fi\/fi\/#organization","name":"Reviva","url":"https:\/\/reviva.fi\/fi\/","logo":{"@type":"ImageObject","inLanguage":"fi","@id":"https:\/\/reviva.fi\/fi\/#\/schema\/logo\/image\/","url":"https:\/\/reviva.fi\/wp-content\/uploads\/2023\/10\/reviva-logo2.svg","contentUrl":"https:\/\/reviva.fi\/wp-content\/uploads\/2023\/10\/reviva-logo2.svg","caption":"Reviva"},"image":{"@id":"https:\/\/reviva.fi\/fi\/#\/schema\/logo\/image\/"}}]},"product_price_amount":"23.20","product_price_currency":"EUR","og_availability":"instock","product_availability":"instock","product_retailer_item_id":"8715-30","product_condition":"new"},"taxonomy_info":{"product_cat":[{"value":5976,"label":"Maitohappobakteerit"},{"value":2444,"label":"Lamberts"},{"value":2387,"label":"Maha &amp; Suolisto"},{"value":2357,"label":"Immuunipuolustus"}],"product_tag":[{"value":4592,"label":"300 mg"},{"value":4681,"label":"6 miljardia organismia kapselia kohden"},{"value":4686,"label":"akuutti gastroenteriitti"},{"value":4683,"label":"antibioottihoitoon liittyv\u00e4 ripuli"},{"value":4685,"label":"Clostridium difficile"},{"value":4402,"label":"GMP standardi"},{"value":4687,"label":"huoneenl\u00e4mm\u00f6ss\u00e4 vakaa"},{"value":444,"label":"immuunij\u00e4rjestelm\u00e4"},{"value":4678,"label":"Kapselia"},{"value":4416,"label":"maha-suolikanavan terveyteen"},{"value":4684,"label":"matkustajan ripuli"},{"value":4680,"label":"probioottinen hiiva"},{"value":4682,"label":"ripulin ehk\u00e4isy"},{"value":4405,"label":"Ruoansulatuksen terveys"},{"value":4679,"label":"Saccharomyces Cerevisiae Boulardii"},{"value":4677,"label":"suolistofloora"},{"value":4403,"label":"vegaaniyst\u00e4v\u00e4llinen"}]},"featured_image_src_large":["https:\/\/reviva.fi\/wp-content\/uploads\/2025\/12\/8715-30-Biome-Balance-Photoroom-1024x1024.png",1024,1024,true],"author_info":[],"comment_info":0,"_links":{"self":[{"href":"https:\/\/reviva.fi\/fi\/wp-json\/wp\/v2\/product\/13395","targetHints":{"allow":["GET"]}}],"collection":[{"href":"https:\/\/reviva.fi\/fi\/wp-json\/wp\/v2\/product"}],"about":[{"href":"https:\/\/reviva.fi\/fi\/wp-json\/wp\/v2\/types\/product"}],"replies":[{"embeddable":true,"href":"https:\/\/reviva.fi\/fi\/wp-json\/wp\/v2\/comments?post=13395"}],"wp:featuredmedia":[{"embeddable":true,"href":"https:\/\/reviva.fi\/fi\/wp-json\/wp\/v2\/media\/13399"}],"wp:attachment":[{"href":"https:\/\/reviva.fi\/fi\/wp-json\/wp\/v2\/media?parent=13395"}],"wp:term":[{"taxonomy":"product_brand","embeddable":true,"href":"https:\/\/reviva.fi\/fi\/wp-json\/wp\/v2\/product_brand?post=13395"},{"taxonomy":"product_cat","embeddable":true,"href":"https:\/\/reviva.fi\/fi\/wp-json\/wp\/v2\/product_cat?post=13395"},{"taxonomy":"product_tag","embeddable":true,"href":"https:\/\/reviva.fi\/fi\/wp-json\/wp\/v2\/product_tag?post=13395"}],"curies":[{"name":"wp","href":"https:\/\/api.w.org\/{rel}","templated":true}]}}