{"id":13421,"date":"2025-09-11T13:49:48","date_gmt":"2025-09-11T10:49:48","guid":{"rendered":"https:\/\/reviva.fi\/product\/ashwaganda-300mg-60-kap\/"},"modified":"2025-12-29T14:17:10","modified_gmt":"2025-12-29T12:17:10","slug":"ashwaganda-300mg-60-kap","status":"publish","type":"product","link":"https:\/\/reviva.fi\/fi\/tuote\/ashwaganda-300mg-60-kap\/","title":{"rendered":"Ashwaganda 300mg"},"content":{"rendered":"<h4 data-start=\"79\" data-end=\"117\"><strong data-start=\"82\" data-end=\"117\">Ashwagandha 300 mg<\/strong><\/h4>\n<p data-start=\"119\" data-end=\"268\">Withania somnifera, joka tunnetaan my\u00f6s nimill\u00e4 <strong data-start=\"167\" data-end=\"182\">ashwagandha<\/strong> tai <strong data-start=\"187\" data-end=\"210\">intialainen ginseng<\/strong>, on kasvi, joka kuuluu koisokasvien (Solanaceae) heimoon.<\/p>\n<p data-start=\"270\" data-end=\"609\">Ashwagandha tunnetaan parhaiten kyvyst\u00e4\u00e4n lievitt\u00e4\u00e4 stressi\u00e4, ahdistusta, v\u00e4symyst\u00e4 ja fyysist\u00e4 uupumusta sek\u00e4 auttaa yll\u00e4pit\u00e4m\u00e4\u00e4n keskittymiskyky\u00e4 ja kest\u00e4vyytt\u00e4.<br data-start=\"433\" data-end=\"436\" \/>Stressi on yksi merkitt\u00e4vimmist\u00e4 henkisen tasapainon h\u00e4iri\u00f6iden aiheuttajista, ja ashwagandhan on todettu auttavan pit\u00e4m\u00e4\u00e4n stressihormoni kortisolin tasapainoisena kehossa.<\/p>\n<p data-start=\"611\" data-end=\"960\">Ashwagandha tukee stressinsietokyky\u00e4, fyysist\u00e4 ja henkist\u00e4 suorituskyky\u00e4, emotionaalista tasapainoa sek\u00e4 auttaa rentoutumaan, nukkumaan ja palautumaan. Se vahvistaa kehon vastustuskyky\u00e4 stressi\u00e4 vastaan, mik\u00e4 edist\u00e4\u00e4 kortisolitasojen normalisoitumista. Lis\u00e4ksi ashwagandhasta voi olla apua masennuksen, univaikeuksien ja ahdistuksen lievitt\u00e4misess\u00e4.<\/p>\n<p data-start=\"962\" data-end=\"1127\">Ashwagandha voi laskea stressihormoni kortisolin tasoa, mik\u00e4 lis\u00e4\u00e4 hyvinvoinnin tunnetta ja lievitt\u00e4\u00e4 mielialavaihteluita, levottomuutta, stressi\u00e4 ja alakuloisuutta.<\/p>\n","protected":false},"excerpt":{"rendered":"<p>Stabiloiva ja energis\u00f6iv\u00e4 adaptogeeni-ravintolis\u00e4<br \/>\n<strong><br \/>\n60 kapselia\u00a0<\/strong><\/p>\n","protected":false},"featured_media":13419,"comment_status":"closed","ping_status":"closed","template":"","meta":{"_acf_changed":false,"inline_featured_image":false,"_kad_blocks_custom_css":"","_kad_blocks_head_custom_js":"","_kad_blocks_body_custom_js":"","_kad_blocks_footer_custom_js":"","_kadence_starter_templates_imported_post":false,"_kad_post_transparent":"default","_kad_post_title":"","_kad_post_layout":"default","_kad_post_sidebar_id":"","_kad_post_content_style":"default","_kad_post_vertical_padding":"default","_kad_post_feature":"","_kad_post_feature_position":"","_kad_post_header":false,"_kad_post_footer":false},"product_brand":[],"product_cat":[141,2497,2376,2371,2375],"product_tag":[],"class_list":{"0":"post-13421","1":"product","2":"type-product","3":"status-publish","4":"has-post-thumbnail","6":"product_cat-orter-fi","7":"product_cat-reviva-nutrition-fi","8":"product_cat-stressad-och-trott-fi","9":"product_cat-muskler-och-leder-fi","10":"product_cat-traning-fi","12":"first","13":"instock","14":"taxable","15":"shipping-taxable","16":"purchasable","17":"product-type-simple","18":"entry","19":"content-bg","20":"loop-entry"},"acf":[],"yoast_head":"<!-- This site is optimized with the Yoast SEO plugin v25.8 - https:\/\/yoast.com\/wordpress\/plugins\/seo\/ -->\n<title>Ashwaganda 300mg - Reviva<\/title>\n<meta name=\"description\" content=\"Ashwaganda 300mg - Stabilisoiva ja energisoiva adaptogeeni-ravintolis\u00e4.\" \/>\n<meta name=\"robots\" content=\"index, follow, max-snippet:-1, max-image-preview:large, max-video-preview:-1\" \/>\n<link rel=\"canonical\" href=\"https:\/\/reviva.fi\/fi\/tuote\/ashwaganda-300mg-60-kap\/\" \/>\n<meta property=\"og:locale\" content=\"fi_FI\" \/>\n<meta property=\"og:type\" content=\"article\" \/>\n<meta property=\"og:title\" content=\"Ashwaganda 300mg - Reviva\" \/>\n<meta property=\"og:description\" content=\"Ashwaganda 300mg - Stabilisoiva ja energisoiva adaptogeeni-ravintolis\u00e4.\" \/>\n<meta property=\"og:url\" content=\"https:\/\/reviva.fi\/fi\/tuote\/ashwaganda-300mg-60-kap\/\" \/>\n<meta property=\"og:site_name\" content=\"Reviva\" \/>\n<meta property=\"article:modified_time\" content=\"2025-12-29T12:17:10+00:00\" \/>\n<meta property=\"og:image\" content=\"https:\/\/reviva.fi\/wp-content\/uploads\/2025\/09\/477-Ashwagandha-Photoroom-e1767009347302.png\" \/>\n\t<meta property=\"og:image:width\" content=\"2000\" \/>\n\t<meta property=\"og:image:height\" content=\"1333\" \/>\n\t<meta property=\"og:image:type\" content=\"image\/png\" \/>\n<meta name=\"twitter:card\" content=\"summary_large_image\" \/>\n<script type=\"application\/ld+json\" class=\"yoast-schema-graph\">{\"@context\":\"https:\/\/schema.org\",\"@graph\":[{\"@type\":\"WebPage\",\"@id\":\"https:\/\/reviva.fi\/fi\/tuote\/ashwaganda-300mg-60-kap\/\",\"url\":\"https:\/\/reviva.fi\/fi\/tuote\/ashwaganda-300mg-60-kap\/\",\"name\":\"Ashwaganda 300mg - Reviva\",\"isPartOf\":{\"@id\":\"https:\/\/reviva.fi\/fi\/#website\"},\"primaryImageOfPage\":{\"@id\":\"https:\/\/reviva.fi\/fi\/tuote\/ashwaganda-300mg-60-kap\/#primaryimage\"},\"image\":{\"@id\":\"https:\/\/reviva.fi\/fi\/tuote\/ashwaganda-300mg-60-kap\/#primaryimage\"},\"thumbnailUrl\":\"https:\/\/reviva.fi\/wp-content\/uploads\/2025\/09\/477-Ashwagandha-Photoroom-e1767009347302.png\",\"datePublished\":\"2025-09-11T10:49:48+00:00\",\"dateModified\":\"2025-12-29T12:17:10+00:00\",\"description\":\"Ashwaganda 300mg - Stabilisoiva ja energisoiva adaptogeeni-ravintolis\u00e4.\",\"breadcrumb\":{\"@id\":\"https:\/\/reviva.fi\/fi\/tuote\/ashwaganda-300mg-60-kap\/#breadcrumb\"},\"inLanguage\":\"fi\",\"potentialAction\":[{\"@type\":\"ReadAction\",\"target\":[\"https:\/\/reviva.fi\/fi\/tuote\/ashwaganda-300mg-60-kap\/\"]}]},{\"@type\":\"ImageObject\",\"inLanguage\":\"fi\",\"@id\":\"https:\/\/reviva.fi\/fi\/tuote\/ashwaganda-300mg-60-kap\/#primaryimage\",\"url\":\"https:\/\/reviva.fi\/wp-content\/uploads\/2025\/09\/477-Ashwagandha-Photoroom-e1767009347302.png\",\"contentUrl\":\"https:\/\/reviva.fi\/wp-content\/uploads\/2025\/09\/477-Ashwagandha-Photoroom-e1767009347302.png\",\"width\":2000,\"height\":1333,\"caption\":\"Ashwagandha\"},{\"@type\":\"BreadcrumbList\",\"@id\":\"https:\/\/reviva.fi\/fi\/tuote\/ashwaganda-300mg-60-kap\/#breadcrumb\",\"itemListElement\":[{\"@type\":\"ListItem\",\"position\":1,\"name\":\"Etusivu\",\"item\":\"https:\/\/reviva.fi\/fi\/\"},{\"@type\":\"ListItem\",\"position\":2,\"name\":\"Tuotteet\",\"item\":\"https:\/\/reviva.fi\/produkter\/\"},{\"@type\":\"ListItem\",\"position\":3,\"name\":\"Ashwaganda 300mg\"}]},{\"@type\":\"WebSite\",\"@id\":\"https:\/\/reviva.fi\/fi\/#website\",\"url\":\"https:\/\/reviva.fi\/fi\/\",\"name\":\"Reviva\",\"description\":\"\",\"publisher\":{\"@id\":\"https:\/\/reviva.fi\/fi\/#organization\"},\"potentialAction\":[{\"@type\":\"SearchAction\",\"target\":{\"@type\":\"EntryPoint\",\"urlTemplate\":\"https:\/\/reviva.fi\/fi\/?s={search_term_string}\"},\"query-input\":{\"@type\":\"PropertyValueSpecification\",\"valueRequired\":true,\"valueName\":\"search_term_string\"}}],\"inLanguage\":\"fi\"},{\"@type\":\"Organization\",\"@id\":\"https:\/\/reviva.fi\/fi\/#organization\",\"name\":\"Reviva\",\"url\":\"https:\/\/reviva.fi\/fi\/\",\"logo\":{\"@type\":\"ImageObject\",\"inLanguage\":\"fi\",\"@id\":\"https:\/\/reviva.fi\/fi\/#\/schema\/logo\/image\/\",\"url\":\"https:\/\/reviva.fi\/wp-content\/uploads\/2023\/10\/reviva-logo2.svg\",\"contentUrl\":\"https:\/\/reviva.fi\/wp-content\/uploads\/2023\/10\/reviva-logo2.svg\",\"caption\":\"Reviva\"},\"image\":{\"@id\":\"https:\/\/reviva.fi\/fi\/#\/schema\/logo\/image\/\"}}]}<\/script>\n<meta property=\"product:price:amount\" content=\"15.85\" \/>\n<meta property=\"product:price:currency\" content=\"EUR\" \/>\n<meta property=\"og:availability\" content=\"instock\" \/>\n<meta property=\"product:availability\" content=\"instock\" \/>\n<meta property=\"product:retailer_item_id\" content=\"REV005\" \/>\n<meta property=\"product:condition\" content=\"new\" \/>\n<!-- \/ Yoast SEO plugin. -->","yoast_head_json":{"title":"Ashwaganda 300mg - Reviva","description":"Ashwaganda 300mg - Stabilisoiva ja energisoiva adaptogeeni-ravintolis\u00e4.","robots":{"index":"index","follow":"follow","max-snippet":"max-snippet:-1","max-image-preview":"max-image-preview:large","max-video-preview":"max-video-preview:-1"},"canonical":"https:\/\/reviva.fi\/fi\/tuote\/ashwaganda-300mg-60-kap\/","og_locale":"fi_FI","og_type":"article","og_title":"Ashwaganda 300mg - Reviva","og_description":"Ashwaganda 300mg - Stabilisoiva ja energisoiva adaptogeeni-ravintolis\u00e4.","og_url":"https:\/\/reviva.fi\/fi\/tuote\/ashwaganda-300mg-60-kap\/","og_site_name":"Reviva","article_modified_time":"2025-12-29T12:17:10+00:00","og_image":[{"width":2000,"height":1333,"url":"https:\/\/reviva.fi\/wp-content\/uploads\/2025\/09\/477-Ashwagandha-Photoroom-e1767009347302.png","type":"image\/png"}],"twitter_card":"summary_large_image","schema":{"@context":"https:\/\/schema.org","@graph":[{"@type":"WebPage","@id":"https:\/\/reviva.fi\/fi\/tuote\/ashwaganda-300mg-60-kap\/","url":"https:\/\/reviva.fi\/fi\/tuote\/ashwaganda-300mg-60-kap\/","name":"Ashwaganda 300mg - Reviva","isPartOf":{"@id":"https:\/\/reviva.fi\/fi\/#website"},"primaryImageOfPage":{"@id":"https:\/\/reviva.fi\/fi\/tuote\/ashwaganda-300mg-60-kap\/#primaryimage"},"image":{"@id":"https:\/\/reviva.fi\/fi\/tuote\/ashwaganda-300mg-60-kap\/#primaryimage"},"thumbnailUrl":"https:\/\/reviva.fi\/wp-content\/uploads\/2025\/09\/477-Ashwagandha-Photoroom-e1767009347302.png","datePublished":"2025-09-11T10:49:48+00:00","dateModified":"2025-12-29T12:17:10+00:00","description":"Ashwaganda 300mg - Stabilisoiva ja energisoiva adaptogeeni-ravintolis\u00e4.","breadcrumb":{"@id":"https:\/\/reviva.fi\/fi\/tuote\/ashwaganda-300mg-60-kap\/#breadcrumb"},"inLanguage":"fi","potentialAction":[{"@type":"ReadAction","target":["https:\/\/reviva.fi\/fi\/tuote\/ashwaganda-300mg-60-kap\/"]}]},{"@type":"ImageObject","inLanguage":"fi","@id":"https:\/\/reviva.fi\/fi\/tuote\/ashwaganda-300mg-60-kap\/#primaryimage","url":"https:\/\/reviva.fi\/wp-content\/uploads\/2025\/09\/477-Ashwagandha-Photoroom-e1767009347302.png","contentUrl":"https:\/\/reviva.fi\/wp-content\/uploads\/2025\/09\/477-Ashwagandha-Photoroom-e1767009347302.png","width":2000,"height":1333,"caption":"Ashwagandha"},{"@type":"BreadcrumbList","@id":"https:\/\/reviva.fi\/fi\/tuote\/ashwaganda-300mg-60-kap\/#breadcrumb","itemListElement":[{"@type":"ListItem","position":1,"name":"Etusivu","item":"https:\/\/reviva.fi\/fi\/"},{"@type":"ListItem","position":2,"name":"Tuotteet","item":"https:\/\/reviva.fi\/produkter\/"},{"@type":"ListItem","position":3,"name":"Ashwaganda 300mg"}]},{"@type":"WebSite","@id":"https:\/\/reviva.fi\/fi\/#website","url":"https:\/\/reviva.fi\/fi\/","name":"Reviva","description":"","publisher":{"@id":"https:\/\/reviva.fi\/fi\/#organization"},"potentialAction":[{"@type":"SearchAction","target":{"@type":"EntryPoint","urlTemplate":"https:\/\/reviva.fi\/fi\/?s={search_term_string}"},"query-input":{"@type":"PropertyValueSpecification","valueRequired":true,"valueName":"search_term_string"}}],"inLanguage":"fi"},{"@type":"Organization","@id":"https:\/\/reviva.fi\/fi\/#organization","name":"Reviva","url":"https:\/\/reviva.fi\/fi\/","logo":{"@type":"ImageObject","inLanguage":"fi","@id":"https:\/\/reviva.fi\/fi\/#\/schema\/logo\/image\/","url":"https:\/\/reviva.fi\/wp-content\/uploads\/2023\/10\/reviva-logo2.svg","contentUrl":"https:\/\/reviva.fi\/wp-content\/uploads\/2023\/10\/reviva-logo2.svg","caption":"Reviva"},"image":{"@id":"https:\/\/reviva.fi\/fi\/#\/schema\/logo\/image\/"}}]},"product_price_amount":"15.85","product_price_currency":"EUR","og_availability":"instock","product_availability":"instock","product_retailer_item_id":"REV005","product_condition":"new"},"taxonomy_info":{"product_cat":[{"value":141,"label":"Yrtit"},{"value":2497,"label":"Reviva Nutrition"},{"value":2376,"label":"Stressaantunut &amp; V\u00e4synyt"},{"value":2371,"label":"Nivelet &amp; Lihakset"},{"value":2375,"label":"Harjoittelu"}]},"featured_image_src_large":["https:\/\/reviva.fi\/wp-content\/uploads\/2025\/09\/477-Ashwagandha-Photoroom-1024x682.png",1024,682,true],"author_info":[],"comment_info":0,"_links":{"self":[{"href":"https:\/\/reviva.fi\/fi\/wp-json\/wp\/v2\/product\/13421","targetHints":{"allow":["GET"]}}],"collection":[{"href":"https:\/\/reviva.fi\/fi\/wp-json\/wp\/v2\/product"}],"about":[{"href":"https:\/\/reviva.fi\/fi\/wp-json\/wp\/v2\/types\/product"}],"replies":[{"embeddable":true,"href":"https:\/\/reviva.fi\/fi\/wp-json\/wp\/v2\/comments?post=13421"}],"wp:featuredmedia":[{"embeddable":true,"href":"https:\/\/reviva.fi\/fi\/wp-json\/wp\/v2\/media\/13419"}],"wp:attachment":[{"href":"https:\/\/reviva.fi\/fi\/wp-json\/wp\/v2\/media?parent=13421"}],"wp:term":[{"taxonomy":"product_brand","embeddable":true,"href":"https:\/\/reviva.fi\/fi\/wp-json\/wp\/v2\/product_brand?post=13421"},{"taxonomy":"product_cat","embeddable":true,"href":"https:\/\/reviva.fi\/fi\/wp-json\/wp\/v2\/product_cat?post=13421"},{"taxonomy":"product_tag","embeddable":true,"href":"https:\/\/reviva.fi\/fi\/wp-json\/wp\/v2\/product_tag?post=13421"}],"curies":[{"name":"wp","href":"https:\/\/api.w.org\/{rel}","templated":true}]}}