{"id":13427,"date":"2025-12-30T10:40:38","date_gmt":"2025-12-30T08:40:38","guid":{"rendered":"https:\/\/reviva.fi\/?post_type=product&#038;p=13427"},"modified":"2026-03-23T12:06:40","modified_gmt":"2026-03-23T10:06:40","slug":"biome-balance-25-sensitive-lamberts-kopia","status":"publish","type":"product","link":"https:\/\/reviva.fi\/fi\/tuote\/biome-balance-25-sensitive-lamberts-kopia\/","title":{"rendered":"Biome Balance 25 Sensitive &#8211; Lamberts (kopia)"},"content":{"rendered":"<p><strong>Biome Balance 25 Sensitive &#8211; Lamberts\u00a0<\/strong><\/p>\n<p>Ainutlaatuisena el\u00e4vien bakteerien kaavana Lambert&#8217;s Biome Balance 25 yhdist\u00e4\u00e4 Lactobacillus plantarum ja Lactobacillus rhamnosus poikkeuksellisen hyvin tutkittuihin bakteerikantoihin, Lactobacillus acidophilus ja Bifidobacterium bifidum. N\u00e4m\u00e4 kannat toimivat synergistisesti parantaakseen suoliston yleist\u00e4 terveytt\u00e4 ja ruoansulatusta, ja jokainen t\u00e4ydent\u00e4\u00e4 toistensa mekanismeja.<\/p>\n<p>Lamberts Biome Balance sis\u00e4lt\u00e4\u00e4 25 miljardia el\u00e4v\u00e4\u00e4 bakteeria (valmistushetkell\u00e4), ja etuna on, ett\u00e4 tuotetta tulee ottaa vain yksi p\u00e4iv\u00e4ss\u00e4. Lamberts oli yksi ensimm\u00e4isist\u00e4 yrityksist\u00e4, joka tuotti el\u00e4vi\u00e4 bakteerikapseleita Isossa-Britanniassa (yli 30 vuotta sitten). Vaikka on t\u00e4rke\u00e4\u00e4 s\u00e4ilytt\u00e4\u00e4 suolistossa olevien hy\u00f6dyllisten el\u00e4vien bakteerien tasapaino, on hyvin todettu, ett\u00e4 ruoansulatusj\u00e4rjestelm\u00e4 on vihamielinen paikka. Itse asiassa sen varmistaminen, ett\u00e4 el\u00e4v\u00e4t bakteerit selvi\u00e4v\u00e4t siirtyess\u00e4\u00e4n suolistoon ja menestyv\u00e4t saapuessaan, on melkoista tiedett\u00e4. T\u00e4t\u00e4 varten erityisesti kehitetyss\u00e4 el\u00e4vien bakteerien tuotevalikoimassamme k\u00e4ytet\u00e4\u00e4n:<\/p>\n<ul>\n<li>Erityisesti valitut hitaasti vapauttavat kapselit<\/li>\n<li>Erityinen kuivausaine, joka on rakennettu ruukun putken sein\u00e4m\u00e4\u00e4n<\/li>\n<li>S\u00e4ilytysolosuhteet j\u00e4\u00e4kaapissa toimitukseen asti<\/li>\n<li>Kasvissy\u00f6j\u00e4kapselit on valmistettu kasvipohjaisesta selluloosasta, jonka kosteuspitoisuus on kolme kertaa pienempi kuin tavanomaisissa gelatiinipohjaisissa.<\/li>\n<\/ul>\n<p>On t\u00e4rke\u00e4\u00e4 huomata, ett\u00e4 miljardit bakteerit, jotka muodostavat t\u00e4m\u00e4n tuotteen, ovat el\u00e4vi\u00e4 mikro-organismeja. Siksi on t\u00e4rke\u00e4\u00e4 noudattaa oikeita s\u00e4ilytysolosuhteita. T\u00e4m\u00e4 tuote tulee s\u00e4ilytt\u00e4\u00e4 viile\u00e4ss\u00e4, kuivassa paikassa ja suojassa valolta, mieluiten j\u00e4\u00e4kaapissa.<\/p>\n","protected":false},"excerpt":{"rendered":"<p>Lamberts Biome Balance 25 on probioottinen lis\u00e4ravinne, joka sis\u00e4lt\u00e4\u00e4 25 miljardia aktiivista bakteeria kapselia kohden, mik\u00e4 tukee tervett\u00e4 suolistoflooraa ja ruoansulatusta. Sis\u00e4lt\u00e4\u00e4 nelj\u00e4\u00e4 erilaista hyvin tutkittua el\u00e4v\u00e4\u00e4 bakteerikantaa.<\/p>\n<p><strong>60 kapselia<\/strong><\/p>\n","protected":false},"featured_media":13429,"comment_status":"closed","ping_status":"closed","template":"","meta":{"_acf_changed":false,"inline_featured_image":false,"_kad_blocks_custom_css":"","_kad_blocks_head_custom_js":"","_kad_blocks_body_custom_js":"","_kad_blocks_footer_custom_js":"","_kadence_starter_templates_imported_post":false,"_kad_post_transparent":"default","_kad_post_title":"","_kad_post_layout":"default","_kad_post_sidebar_id":"","_kad_post_content_style":"default","_kad_post_vertical_padding":"default","_kad_post_feature":"","_kad_post_feature_position":"","_kad_post_header":false,"_kad_post_footer":false},"product_brand":[],"product_cat":[5976,2444,2387,2357],"product_tag":[4452,4455,4451,4402,444,4445,4448,4453,4454,476,4447,4446,4450,4449],"class_list":{"0":"post-13427","1":"product","2":"type-product","3":"status-publish","4":"has-post-thumbnail","6":"product_cat-mjolksyrebakterier-fi","7":"product_cat-lamberts-fi","8":"product_cat-mage-och-tarm-fi","9":"product_cat-immunforsvar-fi","10":"product_tag-25-miljardia-elavaa-bakteeria","11":"product_tag-alhainen-kosteus","12":"product_tag-bifidobacterium-bifidum-fi","13":"product_tag-gmp-standardi","14":"product_tag-immuunijarjestelma","15":"product_tag-kasviskapselit","16":"product_tag-lactobacillus-acidophilus-fi","17":"product_tag-lactobacillus-plantarum-fi","18":"product_tag-lactobacillus-rhamnosus-fi","19":"product_tag-lisaravinne","20":"product_tag-probioottinen","21":"product_tag-ruuansulatuksen-tuki","22":"product_tag-suoliston-terveytta","23":"product_tag-viivastetty-vapautuminen","25":"first","26":"instock","27":"taxable","28":"shipping-taxable","29":"purchasable","30":"product-type-simple","31":"entry","32":"content-bg","33":"loop-entry"},"acf":[],"yoast_head":"<!-- This site is optimized with the Yoast SEO plugin v25.8 - https:\/\/yoast.com\/wordpress\/plugins\/seo\/ -->\n<title>Biome Balance 25 Sensitive - Lamberts (kopia) - Reviva<\/title>\n<meta name=\"description\" content=\"Biome Balance 25 Sensitive - Probioottinen lis\u00e4ravinne joka sis\u00e4lt\u00e4\u00e4 25 miljardia el\u00e4v\u00e4\u00e4 bakteeria kapselia kohden. Tukee ruoansulatusta &amp; suolistoa.\" \/>\n<meta name=\"robots\" content=\"index, follow, max-snippet:-1, max-image-preview:large, max-video-preview:-1\" \/>\n<link rel=\"canonical\" href=\"https:\/\/reviva.fi\/fi\/tuote\/biome-balance-25-sensitive-lamberts-kopia\/\" \/>\n<meta property=\"og:locale\" content=\"fi_FI\" \/>\n<meta property=\"og:type\" content=\"article\" \/>\n<meta property=\"og:title\" content=\"Biome Balance 25 Sensitive - Lamberts (kopia) - Reviva\" \/>\n<meta property=\"og:description\" content=\"Biome Balance 25 Sensitive - Probioottinen lis\u00e4ravinne joka sis\u00e4lt\u00e4\u00e4 25 miljardia el\u00e4v\u00e4\u00e4 bakteeria kapselia kohden. Tukee ruoansulatusta &amp; suolistoa.\" \/>\n<meta property=\"og:url\" content=\"https:\/\/reviva.fi\/fi\/tuote\/biome-balance-25-sensitive-lamberts-kopia\/\" \/>\n<meta property=\"og:site_name\" content=\"Reviva\" \/>\n<meta property=\"article:modified_time\" content=\"2026-03-23T10:06:40+00:00\" \/>\n<meta property=\"og:image\" content=\"https:\/\/reviva.fi\/wp-content\/uploads\/2025\/12\/8713-30-Photoroom.png\" \/>\n\t<meta property=\"og:image:width\" content=\"1200\" \/>\n\t<meta property=\"og:image:height\" content=\"1200\" \/>\n\t<meta property=\"og:image:type\" content=\"image\/png\" \/>\n<meta name=\"twitter:card\" content=\"summary_large_image\" \/>\n<script type=\"application\/ld+json\" class=\"yoast-schema-graph\">{\"@context\":\"https:\/\/schema.org\",\"@graph\":[{\"@type\":\"WebPage\",\"@id\":\"https:\/\/reviva.fi\/fi\/tuote\/biome-balance-25-sensitive-lamberts-kopia\/\",\"url\":\"https:\/\/reviva.fi\/fi\/tuote\/biome-balance-25-sensitive-lamberts-kopia\/\",\"name\":\"Biome Balance 25 Sensitive - Lamberts (kopia) - Reviva\",\"isPartOf\":{\"@id\":\"https:\/\/reviva.fi\/fi\/#website\"},\"primaryImageOfPage\":{\"@id\":\"https:\/\/reviva.fi\/fi\/tuote\/biome-balance-25-sensitive-lamberts-kopia\/#primaryimage\"},\"image\":{\"@id\":\"https:\/\/reviva.fi\/fi\/tuote\/biome-balance-25-sensitive-lamberts-kopia\/#primaryimage\"},\"thumbnailUrl\":\"https:\/\/reviva.fi\/wp-content\/uploads\/2025\/12\/8713-30-Photoroom.png\",\"datePublished\":\"2025-12-30T08:40:38+00:00\",\"dateModified\":\"2026-03-23T10:06:40+00:00\",\"description\":\"Biome Balance 25 Sensitive - Probioottinen lis\u00e4ravinne joka sis\u00e4lt\u00e4\u00e4 25 miljardia el\u00e4v\u00e4\u00e4 bakteeria kapselia kohden. Tukee ruoansulatusta & suolistoa.\",\"breadcrumb\":{\"@id\":\"https:\/\/reviva.fi\/fi\/tuote\/biome-balance-25-sensitive-lamberts-kopia\/#breadcrumb\"},\"inLanguage\":\"fi\",\"potentialAction\":[{\"@type\":\"ReadAction\",\"target\":[\"https:\/\/reviva.fi\/fi\/tuote\/biome-balance-25-sensitive-lamberts-kopia\/\"]}]},{\"@type\":\"ImageObject\",\"inLanguage\":\"fi\",\"@id\":\"https:\/\/reviva.fi\/fi\/tuote\/biome-balance-25-sensitive-lamberts-kopia\/#primaryimage\",\"url\":\"https:\/\/reviva.fi\/wp-content\/uploads\/2025\/12\/8713-30-Photoroom.png\",\"contentUrl\":\"https:\/\/reviva.fi\/wp-content\/uploads\/2025\/12\/8713-30-Photoroom.png\",\"width\":1200,\"height\":1200,\"caption\":\"Biome Balance Everyday\"},{\"@type\":\"BreadcrumbList\",\"@id\":\"https:\/\/reviva.fi\/fi\/tuote\/biome-balance-25-sensitive-lamberts-kopia\/#breadcrumb\",\"itemListElement\":[{\"@type\":\"ListItem\",\"position\":1,\"name\":\"Etusivu\",\"item\":\"https:\/\/reviva.fi\/fi\/\"},{\"@type\":\"ListItem\",\"position\":2,\"name\":\"Tuotteet\",\"item\":\"https:\/\/reviva.fi\/produkter\/\"},{\"@type\":\"ListItem\",\"position\":3,\"name\":\"Biome Balance 25 Sensitive &#8211; Lamberts (kopia)\"}]},{\"@type\":\"WebSite\",\"@id\":\"https:\/\/reviva.fi\/fi\/#website\",\"url\":\"https:\/\/reviva.fi\/fi\/\",\"name\":\"Reviva\",\"description\":\"\",\"publisher\":{\"@id\":\"https:\/\/reviva.fi\/fi\/#organization\"},\"potentialAction\":[{\"@type\":\"SearchAction\",\"target\":{\"@type\":\"EntryPoint\",\"urlTemplate\":\"https:\/\/reviva.fi\/fi\/?s={search_term_string}\"},\"query-input\":{\"@type\":\"PropertyValueSpecification\",\"valueRequired\":true,\"valueName\":\"search_term_string\"}}],\"inLanguage\":\"fi\"},{\"@type\":\"Organization\",\"@id\":\"https:\/\/reviva.fi\/fi\/#organization\",\"name\":\"Reviva\",\"url\":\"https:\/\/reviva.fi\/fi\/\",\"logo\":{\"@type\":\"ImageObject\",\"inLanguage\":\"fi\",\"@id\":\"https:\/\/reviva.fi\/fi\/#\/schema\/logo\/image\/\",\"url\":\"https:\/\/reviva.fi\/wp-content\/uploads\/2023\/10\/reviva-logo2.svg\",\"contentUrl\":\"https:\/\/reviva.fi\/wp-content\/uploads\/2023\/10\/reviva-logo2.svg\",\"caption\":\"Reviva\"},\"image\":{\"@id\":\"https:\/\/reviva.fi\/fi\/#\/schema\/logo\/image\/\"}}]}<\/script>\n<meta property=\"product:price:amount\" content=\"23.90\" \/>\n<meta property=\"product:price:currency\" content=\"EUR\" \/>\n<meta property=\"og:availability\" content=\"instock\" \/>\n<meta property=\"product:availability\" content=\"instock\" \/>\n<meta property=\"product:retailer_item_id\" content=\"8713-30\" \/>\n<meta property=\"product:condition\" content=\"new\" \/>\n<!-- \/ Yoast SEO plugin. -->","yoast_head_json":{"title":"Biome Balance 25 Sensitive - Lamberts (kopia) - Reviva","description":"Biome Balance 25 Sensitive - Probioottinen lis\u00e4ravinne joka sis\u00e4lt\u00e4\u00e4 25 miljardia el\u00e4v\u00e4\u00e4 bakteeria kapselia kohden. Tukee ruoansulatusta & suolistoa.","robots":{"index":"index","follow":"follow","max-snippet":"max-snippet:-1","max-image-preview":"max-image-preview:large","max-video-preview":"max-video-preview:-1"},"canonical":"https:\/\/reviva.fi\/fi\/tuote\/biome-balance-25-sensitive-lamberts-kopia\/","og_locale":"fi_FI","og_type":"article","og_title":"Biome Balance 25 Sensitive - Lamberts (kopia) - Reviva","og_description":"Biome Balance 25 Sensitive - Probioottinen lis\u00e4ravinne joka sis\u00e4lt\u00e4\u00e4 25 miljardia el\u00e4v\u00e4\u00e4 bakteeria kapselia kohden. Tukee ruoansulatusta & suolistoa.","og_url":"https:\/\/reviva.fi\/fi\/tuote\/biome-balance-25-sensitive-lamberts-kopia\/","og_site_name":"Reviva","article_modified_time":"2026-03-23T10:06:40+00:00","og_image":[{"width":1200,"height":1200,"url":"https:\/\/reviva.fi\/wp-content\/uploads\/2025\/12\/8713-30-Photoroom.png","type":"image\/png"}],"twitter_card":"summary_large_image","schema":{"@context":"https:\/\/schema.org","@graph":[{"@type":"WebPage","@id":"https:\/\/reviva.fi\/fi\/tuote\/biome-balance-25-sensitive-lamberts-kopia\/","url":"https:\/\/reviva.fi\/fi\/tuote\/biome-balance-25-sensitive-lamberts-kopia\/","name":"Biome Balance 25 Sensitive - Lamberts (kopia) - Reviva","isPartOf":{"@id":"https:\/\/reviva.fi\/fi\/#website"},"primaryImageOfPage":{"@id":"https:\/\/reviva.fi\/fi\/tuote\/biome-balance-25-sensitive-lamberts-kopia\/#primaryimage"},"image":{"@id":"https:\/\/reviva.fi\/fi\/tuote\/biome-balance-25-sensitive-lamberts-kopia\/#primaryimage"},"thumbnailUrl":"https:\/\/reviva.fi\/wp-content\/uploads\/2025\/12\/8713-30-Photoroom.png","datePublished":"2025-12-30T08:40:38+00:00","dateModified":"2026-03-23T10:06:40+00:00","description":"Biome Balance 25 Sensitive - Probioottinen lis\u00e4ravinne joka sis\u00e4lt\u00e4\u00e4 25 miljardia el\u00e4v\u00e4\u00e4 bakteeria kapselia kohden. Tukee ruoansulatusta & suolistoa.","breadcrumb":{"@id":"https:\/\/reviva.fi\/fi\/tuote\/biome-balance-25-sensitive-lamberts-kopia\/#breadcrumb"},"inLanguage":"fi","potentialAction":[{"@type":"ReadAction","target":["https:\/\/reviva.fi\/fi\/tuote\/biome-balance-25-sensitive-lamberts-kopia\/"]}]},{"@type":"ImageObject","inLanguage":"fi","@id":"https:\/\/reviva.fi\/fi\/tuote\/biome-balance-25-sensitive-lamberts-kopia\/#primaryimage","url":"https:\/\/reviva.fi\/wp-content\/uploads\/2025\/12\/8713-30-Photoroom.png","contentUrl":"https:\/\/reviva.fi\/wp-content\/uploads\/2025\/12\/8713-30-Photoroom.png","width":1200,"height":1200,"caption":"Biome Balance Everyday"},{"@type":"BreadcrumbList","@id":"https:\/\/reviva.fi\/fi\/tuote\/biome-balance-25-sensitive-lamberts-kopia\/#breadcrumb","itemListElement":[{"@type":"ListItem","position":1,"name":"Etusivu","item":"https:\/\/reviva.fi\/fi\/"},{"@type":"ListItem","position":2,"name":"Tuotteet","item":"https:\/\/reviva.fi\/produkter\/"},{"@type":"ListItem","position":3,"name":"Biome Balance 25 Sensitive &#8211; Lamberts (kopia)"}]},{"@type":"WebSite","@id":"https:\/\/reviva.fi\/fi\/#website","url":"https:\/\/reviva.fi\/fi\/","name":"Reviva","description":"","publisher":{"@id":"https:\/\/reviva.fi\/fi\/#organization"},"potentialAction":[{"@type":"SearchAction","target":{"@type":"EntryPoint","urlTemplate":"https:\/\/reviva.fi\/fi\/?s={search_term_string}"},"query-input":{"@type":"PropertyValueSpecification","valueRequired":true,"valueName":"search_term_string"}}],"inLanguage":"fi"},{"@type":"Organization","@id":"https:\/\/reviva.fi\/fi\/#organization","name":"Reviva","url":"https:\/\/reviva.fi\/fi\/","logo":{"@type":"ImageObject","inLanguage":"fi","@id":"https:\/\/reviva.fi\/fi\/#\/schema\/logo\/image\/","url":"https:\/\/reviva.fi\/wp-content\/uploads\/2023\/10\/reviva-logo2.svg","contentUrl":"https:\/\/reviva.fi\/wp-content\/uploads\/2023\/10\/reviva-logo2.svg","caption":"Reviva"},"image":{"@id":"https:\/\/reviva.fi\/fi\/#\/schema\/logo\/image\/"}}]},"product_price_amount":"23.90","product_price_currency":"EUR","og_availability":"instock","product_availability":"instock","product_retailer_item_id":"8713-30","product_condition":"new"},"taxonomy_info":{"product_cat":[{"value":5976,"label":"Maitohappobakteerit"},{"value":2444,"label":"Lamberts"},{"value":2387,"label":"Maha &amp; Suolisto"},{"value":2357,"label":"Immuunipuolustus"}],"product_tag":[{"value":4452,"label":"25 miljardia el\u00e4v\u00e4\u00e4 bakteeria"},{"value":4455,"label":"alhainen kosteus"},{"value":4451,"label":"Bifidobacterium bifidum"},{"value":4402,"label":"GMP standardi"},{"value":444,"label":"immuunij\u00e4rjestelm\u00e4"},{"value":4445,"label":"Kasviskapselit"},{"value":4448,"label":"Lactobacillus acidophilus"},{"value":4453,"label":"Lactobacillus plantarum"},{"value":4454,"label":"Lactobacillus rhamnosus"},{"value":476,"label":"lis\u00e4ravinne"},{"value":4447,"label":"Probioottinen"},{"value":4446,"label":"ruuansulatuksen tuki"},{"value":4450,"label":"suoliston terveytt\u00e4"},{"value":4449,"label":"viiv\u00e4stetty vapautuminen"}]},"featured_image_src_large":["https:\/\/reviva.fi\/wp-content\/uploads\/2025\/12\/8713-30-Photoroom-1024x1024.png",1024,1024,true],"author_info":[],"comment_info":0,"_links":{"self":[{"href":"https:\/\/reviva.fi\/fi\/wp-json\/wp\/v2\/product\/13427","targetHints":{"allow":["GET"]}}],"collection":[{"href":"https:\/\/reviva.fi\/fi\/wp-json\/wp\/v2\/product"}],"about":[{"href":"https:\/\/reviva.fi\/fi\/wp-json\/wp\/v2\/types\/product"}],"replies":[{"embeddable":true,"href":"https:\/\/reviva.fi\/fi\/wp-json\/wp\/v2\/comments?post=13427"}],"wp:featuredmedia":[{"embeddable":true,"href":"https:\/\/reviva.fi\/fi\/wp-json\/wp\/v2\/media\/13429"}],"wp:attachment":[{"href":"https:\/\/reviva.fi\/fi\/wp-json\/wp\/v2\/media?parent=13427"}],"wp:term":[{"taxonomy":"product_brand","embeddable":true,"href":"https:\/\/reviva.fi\/fi\/wp-json\/wp\/v2\/product_brand?post=13427"},{"taxonomy":"product_cat","embeddable":true,"href":"https:\/\/reviva.fi\/fi\/wp-json\/wp\/v2\/product_cat?post=13427"},{"taxonomy":"product_tag","embeddable":true,"href":"https:\/\/reviva.fi\/fi\/wp-json\/wp\/v2\/product_tag?post=13427"}],"curies":[{"name":"wp","href":"https:\/\/api.w.org\/{rel}","templated":true}]}}