{"id":13468,"date":"2026-01-08T14:17:11","date_gmt":"2026-01-08T12:17:11","guid":{"rendered":"https:\/\/reviva.fi\/product\/viktreduktionspaket\/"},"modified":"2026-01-22T17:36:19","modified_gmt":"2026-01-22T15:36:19","slug":"viktreduktionspaket","status":"publish","type":"product","link":"https:\/\/reviva.fi\/fi\/tuote\/viktreduktionspaket\/","title":{"rendered":"Painonpudotuspaketti"},"content":{"rendered":"<div class=\"x_elementToProof\">\n<p data-start=\"0\" data-end=\"277\">Aloitamme uuden vuoden eritt\u00e4in edullisella tarjouksella laihdutuspakkauksesta. T\u00e4m\u00e4 pakkaus sis\u00e4lt\u00e4\u00e4 kaksi valmistetta, jotka yhdess\u00e4 tukevat painonpudotusta. Pakkaus sis\u00e4lt\u00e4\u00e4 seuraavat tuotteet:<br data-start=\"196\" data-end=\"199\" \/>\u00b7 <strong data-start=\"201\" data-end=\"214\">GTF Kromi<\/strong> (tuotenumero 210)<br data-start=\"232\" data-end=\"235\" \/>\u00b7 <strong data-start=\"237\" data-end=\"257\">Bio L-Karnitiini<\/strong> (tuotenumero 311)<\/p>\n<h3 data-start=\"284\" data-end=\"303\"><strong data-start=\"288\" data-end=\"301\">GTF Kromi<\/strong><\/h3>\n<p data-start=\"304\" data-end=\"1005\"><strong data-start=\"304\" data-end=\"320\">Tuotetiedot:<\/strong> 60 tablettia. Jokainen tabletti sis\u00e4lt\u00e4\u00e4 200 mikrogrammaa niasiiniin sitoutunutta kromia.<br data-start=\"410\" data-end=\"413\" \/>Kromin tunnettu tieteellinen teht\u00e4v\u00e4 liittyy sen rooliin kromimoduliini-proteiinissa. T\u00e4m\u00e4 proteiini on v\u00e4ltt\u00e4m\u00e4t\u00f6n, jotta verensokeria s\u00e4\u00e4telev\u00e4 hormoni insuliini voi sitoutua solukalvolla olevaan reseptoriinsa. Kun insuliini on sitoutunut reseptoriinsa, se k\u00e4ynnist\u00e4\u00e4 glukoosin (verensokerin) siirtymisen solun sis\u00e4\u00e4n. Solussa glukoosi muuttuu hengitysketjun kautta solun energiaksi, eli adenosiinitrifosfaatiksi (ATP).<br data-start=\"834\" data-end=\"837\" \/>Kromi edist\u00e4\u00e4 n\u00e4in glukoosin tehokkaampaa hy\u00f6dynt\u00e4mist\u00e4, mik\u00e4 puolestaan v\u00e4hent\u00e4\u00e4 makeanhimoa. Makeanhimo johtuu usein heikosti toimivasta glukoosiaineenvaihdunnasta.<\/p>\n<h3 data-start=\"1012\" data-end=\"1038\"><strong data-start=\"1016\" data-end=\"1036\">Bio L-Karnitiini<\/strong><\/h3>\n<p data-start=\"1039\" data-end=\"1416\"><strong data-start=\"1039\" data-end=\"1055\">Tuotetiedot:<\/strong> 60 kapselia. Jokainen kapseli sis\u00e4lt\u00e4\u00e4 500 mg asetyyli-L-karnitiinia.<br data-start=\"1125\" data-end=\"1128\" \/>Karnitiini on ammoniumyhdiste, jota elimist\u00f6 normaalisti syntetisoi p\u00e4\u00e4asiassa munuaisissa. Sen p\u00e4\u00e4teht\u00e4v\u00e4 on kuljettaa rasvahappoja mitokondrioihin, joissa rasva muunnetaan solun energiaksi (ATP). N\u00e4in karnitiini edist\u00e4\u00e4 rasvanpolttoa, mik\u00e4 ajan my\u00f6t\u00e4 voi tukea painonpudotusprosessia.<\/p>\n<h3 data-start=\"1423\" data-end=\"1443\"><strong data-start=\"1427\" data-end=\"1441\">K\u00e4ytt\u00f6aika<\/strong><\/h3>\n<p data-start=\"1444\" data-end=\"1488\">K\u00e4ytt\u00f6jakso on yleens\u00e4 noin 3\u20136 kuukautta.<\/p>\n<h3 data-start=\"1495\" data-end=\"1513\"><strong data-start=\"1499\" data-end=\"1511\">Annostus<\/strong><\/h3>\n<p data-start=\"1514\" data-end=\"1715\"><strong data-start=\"1514\" data-end=\"1528\">GTF Kromi:<\/strong> 2 tablettia p\u00e4iv\u00e4ss\u00e4 jaettuna kahteen erilliseen annokseen ruoan yhteydess\u00e4.<br data-start=\"1605\" data-end=\"1608\" \/><strong data-start=\"1608\" data-end=\"1629\">Bio L-Karnitiini:<\/strong> 2 kapselia p\u00e4iv\u00e4ss\u00e4 jaettuna kahteen annokseen, aamuin ja illoin, ruoan yhteydess\u00e4.<\/p>\n<p data-start=\"1722\" data-end=\"1953\" data-is-last-node=\"\" data-is-only-node=\"\"><strong>Huomioi, ett\u00e4 onnistunut painonhallinta edellytt\u00e4\u00e4 aina my\u00f6s tavoitteellista ruokavaliomuutosta, jossa keskityt\u00e4\u00e4n painonpudotukseen. GTF Kromi ja Bio L-Karnitiini voivat tarjota paremmat edellytykset onnistuneelle lopputulokselle.<\/strong><\/p>\n<\/div>\n","protected":false},"excerpt":{"rendered":"<div class=\"x_elementToProof\">Aloitamme uuden vuoden eritt\u00e4in edullisella tarjouksella laihdutuspakkauksesta. T\u00e4m\u00e4 pakkaus sis\u00e4lt\u00e4\u00e4 kaksi valmistetta, jotka yhdess\u00e4 tukevat painonpudotusta. Pakkaus sis\u00e4lt\u00e4\u00e4 seuraavat tuotteet:<br data-start=\"196\" data-end=\"199\" \/>\u00b7 <strong data-start=\"201\" data-end=\"214\">GTF Kromi<\/strong>, tuotenumero 210<br data-start=\"231\" data-end=\"234\" \/>\u00b7 <strong data-start=\"236\" data-end=\"256\">Bio L-Karnitiini<\/strong>, tuotenumero 311<\/div>\n","protected":false},"featured_media":13466,"comment_status":"closed","ping_status":"closed","template":"","meta":{"_acf_changed":false,"inline_featured_image":false,"_kad_blocks_custom_css":"","_kad_blocks_head_custom_js":"","_kad_blocks_body_custom_js":"","_kad_blocks_footer_custom_js":"","_kadence_starter_templates_imported_post":false,"_kad_post_transparent":"default","_kad_post_title":"","_kad_post_layout":"default","_kad_post_sidebar_id":"","_kad_post_content_style":"default","_kad_post_vertical_padding":"default","_kad_post_feature":"","_kad_post_feature_position":"","_kad_post_header":false,"_kad_post_footer":false},"product_brand":[],"product_cat":[2475],"product_tag":[],"class_list":{"0":"post-13468","1":"product","2":"type-product","3":"status-publish","4":"has-post-thumbnail","6":"product_cat-erbjudanden-fi","8":"first","9":"instock","10":"sale","11":"taxable","12":"shipping-taxable","13":"purchasable","14":"product-type-simple","15":"entry","16":"content-bg","17":"loop-entry"},"acf":[],"yoast_head":"<!-- This site is optimized with the Yoast SEO plugin v25.8 - https:\/\/yoast.com\/wordpress\/plugins\/seo\/ -->\n<title>Painonpudotuspaketti - Reviva<\/title>\n<meta name=\"description\" content=\"T\u00e4m\u00e4 pakkaus sis\u00e4lt\u00e4\u00e4 kaksi valmistetta, jotka yhdess\u00e4 tukevat painonpudotusta. Pakkaus sis\u00e4lt\u00e4\u00e4 GTF-Kromi ja Bio L-Karnitiini.\" \/>\n<meta name=\"robots\" content=\"index, follow, max-snippet:-1, max-image-preview:large, max-video-preview:-1\" \/>\n<link rel=\"canonical\" href=\"https:\/\/reviva.fi\/fi\/tuote\/viktreduktionspaket\/\" \/>\n<meta property=\"og:locale\" content=\"fi_FI\" \/>\n<meta property=\"og:type\" content=\"article\" \/>\n<meta property=\"og:title\" content=\"Painonpudotuspaketti - Reviva\" \/>\n<meta property=\"og:description\" content=\"T\u00e4m\u00e4 pakkaus sis\u00e4lt\u00e4\u00e4 kaksi valmistetta, jotka yhdess\u00e4 tukevat painonpudotusta. Pakkaus sis\u00e4lt\u00e4\u00e4 GTF-Kromi ja Bio L-Karnitiini.\" \/>\n<meta property=\"og:url\" content=\"https:\/\/reviva.fi\/fi\/tuote\/viktreduktionspaket\/\" \/>\n<meta property=\"og:site_name\" content=\"Reviva\" \/>\n<meta property=\"article:modified_time\" content=\"2026-01-22T15:36:19+00:00\" \/>\n<meta property=\"og:image\" content=\"https:\/\/reviva.fi\/wp-content\/uploads\/2026\/01\/Viktreduktionspaket-Photoroom-e1767873628393.png\" \/>\n\t<meta property=\"og:image:width\" content=\"2000\" \/>\n\t<meta property=\"og:image:height\" content=\"1333\" \/>\n\t<meta property=\"og:image:type\" content=\"image\/png\" \/>\n<meta name=\"twitter:card\" content=\"summary_large_image\" \/>\n<script type=\"application\/ld+json\" class=\"yoast-schema-graph\">{\"@context\":\"https:\/\/schema.org\",\"@graph\":[{\"@type\":\"WebPage\",\"@id\":\"https:\/\/reviva.fi\/fi\/tuote\/viktreduktionspaket\/\",\"url\":\"https:\/\/reviva.fi\/fi\/tuote\/viktreduktionspaket\/\",\"name\":\"Painonpudotuspaketti - Reviva\",\"isPartOf\":{\"@id\":\"https:\/\/reviva.fi\/fi\/#website\"},\"primaryImageOfPage\":{\"@id\":\"https:\/\/reviva.fi\/fi\/tuote\/viktreduktionspaket\/#primaryimage\"},\"image\":{\"@id\":\"https:\/\/reviva.fi\/fi\/tuote\/viktreduktionspaket\/#primaryimage\"},\"thumbnailUrl\":\"https:\/\/reviva.fi\/wp-content\/uploads\/2026\/01\/Viktreduktionspaket-Photoroom-e1767873628393.png\",\"datePublished\":\"2026-01-08T12:17:11+00:00\",\"dateModified\":\"2026-01-22T15:36:19+00:00\",\"description\":\"T\u00e4m\u00e4 pakkaus sis\u00e4lt\u00e4\u00e4 kaksi valmistetta, jotka yhdess\u00e4 tukevat painonpudotusta. Pakkaus sis\u00e4lt\u00e4\u00e4 GTF-Kromi ja Bio L-Karnitiini.\",\"breadcrumb\":{\"@id\":\"https:\/\/reviva.fi\/fi\/tuote\/viktreduktionspaket\/#breadcrumb\"},\"inLanguage\":\"fi\",\"potentialAction\":[{\"@type\":\"ReadAction\",\"target\":[\"https:\/\/reviva.fi\/fi\/tuote\/viktreduktionspaket\/\"]}]},{\"@type\":\"ImageObject\",\"inLanguage\":\"fi\",\"@id\":\"https:\/\/reviva.fi\/fi\/tuote\/viktreduktionspaket\/#primaryimage\",\"url\":\"https:\/\/reviva.fi\/wp-content\/uploads\/2026\/01\/Viktreduktionspaket-Photoroom-e1767873628393.png\",\"contentUrl\":\"https:\/\/reviva.fi\/wp-content\/uploads\/2026\/01\/Viktreduktionspaket-Photoroom-e1767873628393.png\",\"width\":2000,\"height\":1333,\"caption\":\"Viktreduktionspaket\"},{\"@type\":\"BreadcrumbList\",\"@id\":\"https:\/\/reviva.fi\/fi\/tuote\/viktreduktionspaket\/#breadcrumb\",\"itemListElement\":[{\"@type\":\"ListItem\",\"position\":1,\"name\":\"Etusivu\",\"item\":\"https:\/\/reviva.fi\/fi\/\"},{\"@type\":\"ListItem\",\"position\":2,\"name\":\"Tuotteet\",\"item\":\"https:\/\/reviva.fi\/produkter\/\"},{\"@type\":\"ListItem\",\"position\":3,\"name\":\"Painonpudotuspaketti\"}]},{\"@type\":\"WebSite\",\"@id\":\"https:\/\/reviva.fi\/fi\/#website\",\"url\":\"https:\/\/reviva.fi\/fi\/\",\"name\":\"Reviva\",\"description\":\"\",\"publisher\":{\"@id\":\"https:\/\/reviva.fi\/fi\/#organization\"},\"potentialAction\":[{\"@type\":\"SearchAction\",\"target\":{\"@type\":\"EntryPoint\",\"urlTemplate\":\"https:\/\/reviva.fi\/fi\/?s={search_term_string}\"},\"query-input\":{\"@type\":\"PropertyValueSpecification\",\"valueRequired\":true,\"valueName\":\"search_term_string\"}}],\"inLanguage\":\"fi\"},{\"@type\":\"Organization\",\"@id\":\"https:\/\/reviva.fi\/fi\/#organization\",\"name\":\"Reviva\",\"url\":\"https:\/\/reviva.fi\/fi\/\",\"logo\":{\"@type\":\"ImageObject\",\"inLanguage\":\"fi\",\"@id\":\"https:\/\/reviva.fi\/fi\/#\/schema\/logo\/image\/\",\"url\":\"https:\/\/reviva.fi\/wp-content\/uploads\/2023\/10\/reviva-logo2.svg\",\"contentUrl\":\"https:\/\/reviva.fi\/wp-content\/uploads\/2023\/10\/reviva-logo2.svg\",\"caption\":\"Reviva\"},\"image\":{\"@id\":\"https:\/\/reviva.fi\/fi\/#\/schema\/logo\/image\/\"}}]}<\/script>\n<meta property=\"product:price:amount\" content=\"31.00\" \/>\n<meta property=\"product:price:currency\" content=\"EUR\" \/>\n<meta property=\"og:availability\" content=\"instock\" \/>\n<meta property=\"product:availability\" content=\"instock\" \/>\n<meta property=\"product:retailer_item_id\" content=\"viktpaket\" \/>\n<meta property=\"product:condition\" content=\"new\" \/>\n<!-- \/ Yoast SEO plugin. -->","yoast_head_json":{"title":"Painonpudotuspaketti - Reviva","description":"T\u00e4m\u00e4 pakkaus sis\u00e4lt\u00e4\u00e4 kaksi valmistetta, jotka yhdess\u00e4 tukevat painonpudotusta. Pakkaus sis\u00e4lt\u00e4\u00e4 GTF-Kromi ja Bio L-Karnitiini.","robots":{"index":"index","follow":"follow","max-snippet":"max-snippet:-1","max-image-preview":"max-image-preview:large","max-video-preview":"max-video-preview:-1"},"canonical":"https:\/\/reviva.fi\/fi\/tuote\/viktreduktionspaket\/","og_locale":"fi_FI","og_type":"article","og_title":"Painonpudotuspaketti - Reviva","og_description":"T\u00e4m\u00e4 pakkaus sis\u00e4lt\u00e4\u00e4 kaksi valmistetta, jotka yhdess\u00e4 tukevat painonpudotusta. Pakkaus sis\u00e4lt\u00e4\u00e4 GTF-Kromi ja Bio L-Karnitiini.","og_url":"https:\/\/reviva.fi\/fi\/tuote\/viktreduktionspaket\/","og_site_name":"Reviva","article_modified_time":"2026-01-22T15:36:19+00:00","og_image":[{"width":2000,"height":1333,"url":"https:\/\/reviva.fi\/wp-content\/uploads\/2026\/01\/Viktreduktionspaket-Photoroom-e1767873628393.png","type":"image\/png"}],"twitter_card":"summary_large_image","schema":{"@context":"https:\/\/schema.org","@graph":[{"@type":"WebPage","@id":"https:\/\/reviva.fi\/fi\/tuote\/viktreduktionspaket\/","url":"https:\/\/reviva.fi\/fi\/tuote\/viktreduktionspaket\/","name":"Painonpudotuspaketti - Reviva","isPartOf":{"@id":"https:\/\/reviva.fi\/fi\/#website"},"primaryImageOfPage":{"@id":"https:\/\/reviva.fi\/fi\/tuote\/viktreduktionspaket\/#primaryimage"},"image":{"@id":"https:\/\/reviva.fi\/fi\/tuote\/viktreduktionspaket\/#primaryimage"},"thumbnailUrl":"https:\/\/reviva.fi\/wp-content\/uploads\/2026\/01\/Viktreduktionspaket-Photoroom-e1767873628393.png","datePublished":"2026-01-08T12:17:11+00:00","dateModified":"2026-01-22T15:36:19+00:00","description":"T\u00e4m\u00e4 pakkaus sis\u00e4lt\u00e4\u00e4 kaksi valmistetta, jotka yhdess\u00e4 tukevat painonpudotusta. Pakkaus sis\u00e4lt\u00e4\u00e4 GTF-Kromi ja Bio L-Karnitiini.","breadcrumb":{"@id":"https:\/\/reviva.fi\/fi\/tuote\/viktreduktionspaket\/#breadcrumb"},"inLanguage":"fi","potentialAction":[{"@type":"ReadAction","target":["https:\/\/reviva.fi\/fi\/tuote\/viktreduktionspaket\/"]}]},{"@type":"ImageObject","inLanguage":"fi","@id":"https:\/\/reviva.fi\/fi\/tuote\/viktreduktionspaket\/#primaryimage","url":"https:\/\/reviva.fi\/wp-content\/uploads\/2026\/01\/Viktreduktionspaket-Photoroom-e1767873628393.png","contentUrl":"https:\/\/reviva.fi\/wp-content\/uploads\/2026\/01\/Viktreduktionspaket-Photoroom-e1767873628393.png","width":2000,"height":1333,"caption":"Viktreduktionspaket"},{"@type":"BreadcrumbList","@id":"https:\/\/reviva.fi\/fi\/tuote\/viktreduktionspaket\/#breadcrumb","itemListElement":[{"@type":"ListItem","position":1,"name":"Etusivu","item":"https:\/\/reviva.fi\/fi\/"},{"@type":"ListItem","position":2,"name":"Tuotteet","item":"https:\/\/reviva.fi\/produkter\/"},{"@type":"ListItem","position":3,"name":"Painonpudotuspaketti"}]},{"@type":"WebSite","@id":"https:\/\/reviva.fi\/fi\/#website","url":"https:\/\/reviva.fi\/fi\/","name":"Reviva","description":"","publisher":{"@id":"https:\/\/reviva.fi\/fi\/#organization"},"potentialAction":[{"@type":"SearchAction","target":{"@type":"EntryPoint","urlTemplate":"https:\/\/reviva.fi\/fi\/?s={search_term_string}"},"query-input":{"@type":"PropertyValueSpecification","valueRequired":true,"valueName":"search_term_string"}}],"inLanguage":"fi"},{"@type":"Organization","@id":"https:\/\/reviva.fi\/fi\/#organization","name":"Reviva","url":"https:\/\/reviva.fi\/fi\/","logo":{"@type":"ImageObject","inLanguage":"fi","@id":"https:\/\/reviva.fi\/fi\/#\/schema\/logo\/image\/","url":"https:\/\/reviva.fi\/wp-content\/uploads\/2023\/10\/reviva-logo2.svg","contentUrl":"https:\/\/reviva.fi\/wp-content\/uploads\/2023\/10\/reviva-logo2.svg","caption":"Reviva"},"image":{"@id":"https:\/\/reviva.fi\/fi\/#\/schema\/logo\/image\/"}}]},"product_price_amount":"31.00","product_price_currency":"EUR","og_availability":"instock","product_availability":"instock","product_retailer_item_id":"viktpaket","product_condition":"new"},"taxonomy_info":{"product_cat":[{"value":2475,"label":"Tarjoukset"}]},"featured_image_src_large":["https:\/\/reviva.fi\/wp-content\/uploads\/2026\/01\/Viktreduktionspaket-Photoroom-1024x682.png",1024,682,true],"author_info":[],"comment_info":0,"_links":{"self":[{"href":"https:\/\/reviva.fi\/fi\/wp-json\/wp\/v2\/product\/13468","targetHints":{"allow":["GET"]}}],"collection":[{"href":"https:\/\/reviva.fi\/fi\/wp-json\/wp\/v2\/product"}],"about":[{"href":"https:\/\/reviva.fi\/fi\/wp-json\/wp\/v2\/types\/product"}],"replies":[{"embeddable":true,"href":"https:\/\/reviva.fi\/fi\/wp-json\/wp\/v2\/comments?post=13468"}],"wp:featuredmedia":[{"embeddable":true,"href":"https:\/\/reviva.fi\/fi\/wp-json\/wp\/v2\/media\/13466"}],"wp:attachment":[{"href":"https:\/\/reviva.fi\/fi\/wp-json\/wp\/v2\/media?parent=13468"}],"wp:term":[{"taxonomy":"product_brand","embeddable":true,"href":"https:\/\/reviva.fi\/fi\/wp-json\/wp\/v2\/product_brand?post=13468"},{"taxonomy":"product_cat","embeddable":true,"href":"https:\/\/reviva.fi\/fi\/wp-json\/wp\/v2\/product_cat?post=13468"},{"taxonomy":"product_tag","embeddable":true,"href":"https:\/\/reviva.fi\/fi\/wp-json\/wp\/v2\/product_tag?post=13468"}],"curies":[{"name":"wp","href":"https:\/\/api.w.org\/{rel}","templated":true}]}}