{"id":13665,"date":"2026-01-21T10:22:42","date_gmt":"2026-01-21T08:22:42","guid":{"rendered":"https:\/\/reviva.fi\/product\/a-vitamin-synergos-tabletter\/"},"modified":"2026-01-26T19:17:22","modified_gmt":"2026-01-26T17:17:22","slug":"a-vitamin-synergos-tabletter","status":"publish","type":"product","link":"https:\/\/reviva.fi\/fi\/tuote\/a-vitamin-synergos-tabletter\/","title":{"rendered":"A-vitamiini Synergos &#8211; tabletit"},"content":{"rendered":"<p data-start=\"18\" data-end=\"53\"><strong data-start=\"18\" data-end=\"53\">A-vitamiini Synergos \u2013 tabletit<\/strong><\/p>\n<p data-start=\"55\" data-end=\"453\"><strong data-start=\"55\" data-end=\"73\">Yleist\u00e4 tietoa<\/strong><br data-start=\"73\" data-end=\"76\" \/>A-vitamiinit ovat niin sanottujen retinoidien ryhm\u00e4 ja kuuluvat rasvaliukoisiin vitamiineihin. A-vitamiini on t\u00e4rke\u00e4 n\u00e4k\u00f6kyvylle, iholle, limakalvoille, luustolle sek\u00e4 siki\u00f6n kehitykselle ja kasvulle.<br data-start=\"276\" data-end=\"279\" \/>Sinkki on t\u00e4rke\u00e4 A-vitamiinin synergisti. Sit\u00e4 tarvitaan sek\u00e4 A-vitamiinin biologiseen hy\u00f6tyosuuteen ett\u00e4 A-vitamiinin muuntamiseen erilaisiksi toiminnallisiksi entsyymeiksi.<\/p>\n<p data-start=\"455\" data-end=\"720\" data-is-last-node=\"\" data-is-only-node=\"\"><strong data-start=\"455\" data-end=\"479\">A-vitamiini edist\u00e4\u00e4:<\/strong><br data-start=\"479\" data-end=\"482\" \/>\u2022 normaalia raudan aineenvaihduntaa<br data-start=\"517\" data-end=\"520\" \/>\u2022 normaalien limakalvojen yll\u00e4pit\u00e4mist\u00e4<br data-start=\"559\" data-end=\"562\" \/>\u2022 normaalin ihon yll\u00e4pit\u00e4mist\u00e4<br data-start=\"592\" data-end=\"595\" \/>\u2022 normaalin n\u00e4k\u00f6kyvyn yll\u00e4pit\u00e4mist\u00e4<br data-start=\"630\" data-end=\"633\" \/>\u2022 immuunij\u00e4rjestelm\u00e4n normaalia toimintaa<br data-start=\"674\" data-end=\"677\" \/>\u2022 osallistuu solujen erilaistumisprosessiin<\/p>\n","protected":false},"excerpt":{"rendered":"<p data-start=\"12\" data-end=\"64\">A-vitamiinit kuuluvat rasvaliukoisiin vitamiineihin.<\/p>\n<p data-start=\"66\" data-end=\"171\">A-vitamiini on t\u00e4rke\u00e4 n\u00e4k\u00f6kyvylle, iholle, limakalvoille, luustolle sek\u00e4 siki\u00f6n kehitykselle ja kasvulle.<\/p>\n<p data-start=\"173\" data-end=\"214\">Sinkki on t\u00e4rke\u00e4 A-vitamiinin synergisti.<\/p>\n<p data-start=\"216\" data-end=\"228\" data-is-last-node=\"\" data-is-only-node=\"\"><strong>60 tablettia<\/strong><\/p>\n","protected":false},"featured_media":13585,"comment_status":"closed","ping_status":"closed","template":"","meta":{"_acf_changed":false,"inline_featured_image":false,"_kad_blocks_custom_css":"","_kad_blocks_head_custom_js":"","_kad_blocks_body_custom_js":"","_kad_blocks_footer_custom_js":"","_kadence_starter_templates_imported_post":false,"_kad_post_transparent":"default","_kad_post_title":"","_kad_post_layout":"default","_kad_post_sidebar_id":"","_kad_post_content_style":"default","_kad_post_vertical_padding":"default","_kad_post_feature":"","_kad_post_feature_position":"","_kad_post_header":false,"_kad_post_footer":false},"product_brand":[],"product_cat":[2475,96,5959,5974,5963,2350],"product_tag":[],"class_list":{"0":"post-13665","1":"product","2":"type-product","3":"status-publish","4":"has-post-thumbnail","6":"product_cat-erbjudanden-fi","7":"product_cat-vitaminer-fi","8":"product_cat-a-vitamin-fi","9":"product_cat-zink-fi","10":"product_cat-synergos-fi","11":"product_cat-hud-och-skonhet-fi","13":"first","14":"instock","15":"sale","16":"taxable","17":"shipping-taxable","18":"purchasable","19":"product-type-simple","20":"entry","21":"content-bg","22":"loop-entry"},"acf":[],"yoast_head":"<!-- This site is optimized with the Yoast SEO plugin v25.8 - https:\/\/yoast.com\/wordpress\/plugins\/seo\/ -->\n<title>A-vitamiini Synergos - tabletit - Reviva<\/title>\n<meta name=\"description\" content=\"A-vitamiini ja sinkki - Puutos voi heikent\u00e4\u00e4 h\u00e4m\u00e4r\u00e4n\u00e4k\u00f6\u00e4 ja johtaa valoherkkyyteen, silm\u00e4tulehduksiin, ep\u00e4puhtaaseen ja tulehtuneeseen ihoon sek\u00e4 akneen.\" \/>\n<meta name=\"robots\" content=\"index, follow, max-snippet:-1, max-image-preview:large, max-video-preview:-1\" \/>\n<link rel=\"canonical\" href=\"https:\/\/reviva.fi\/fi\/tuote\/a-vitamin-synergos-tabletter\/\" \/>\n<meta property=\"og:locale\" content=\"fi_FI\" \/>\n<meta property=\"og:type\" content=\"article\" \/>\n<meta property=\"og:title\" content=\"A-vitamiini Synergos - tabletit - Reviva\" \/>\n<meta property=\"og:description\" content=\"A-vitamiini ja sinkki - Puutos voi heikent\u00e4\u00e4 h\u00e4m\u00e4r\u00e4n\u00e4k\u00f6\u00e4 ja johtaa valoherkkyyteen, silm\u00e4tulehduksiin, ep\u00e4puhtaaseen ja tulehtuneeseen ihoon sek\u00e4 akneen.\" \/>\n<meta property=\"og:url\" content=\"https:\/\/reviva.fi\/fi\/tuote\/a-vitamin-synergos-tabletter\/\" \/>\n<meta property=\"og:site_name\" content=\"Reviva\" \/>\n<meta property=\"article:modified_time\" content=\"2026-01-26T17:17:22+00:00\" \/>\n<meta property=\"og:image\" content=\"https:\/\/reviva.fi\/wp-content\/uploads\/2026\/01\/200-X-a-vitamin-tabletter-Photoroom-e1768983720389.png\" \/>\n\t<meta property=\"og:image:width\" content=\"2000\" \/>\n\t<meta property=\"og:image:height\" content=\"1332\" \/>\n\t<meta property=\"og:image:type\" content=\"image\/png\" \/>\n<meta name=\"twitter:card\" content=\"summary_large_image\" \/>\n<script type=\"application\/ld+json\" class=\"yoast-schema-graph\">{\"@context\":\"https:\/\/schema.org\",\"@graph\":[{\"@type\":\"WebPage\",\"@id\":\"https:\/\/reviva.fi\/fi\/tuote\/a-vitamin-synergos-tabletter\/\",\"url\":\"https:\/\/reviva.fi\/fi\/tuote\/a-vitamin-synergos-tabletter\/\",\"name\":\"A-vitamiini Synergos - tabletit - Reviva\",\"isPartOf\":{\"@id\":\"https:\/\/reviva.fi\/fi\/#website\"},\"primaryImageOfPage\":{\"@id\":\"https:\/\/reviva.fi\/fi\/tuote\/a-vitamin-synergos-tabletter\/#primaryimage\"},\"image\":{\"@id\":\"https:\/\/reviva.fi\/fi\/tuote\/a-vitamin-synergos-tabletter\/#primaryimage\"},\"thumbnailUrl\":\"https:\/\/reviva.fi\/wp-content\/uploads\/2026\/01\/200-X-a-vitamin-tabletter-Photoroom-e1768983720389.png\",\"datePublished\":\"2026-01-21T08:22:42+00:00\",\"dateModified\":\"2026-01-26T17:17:22+00:00\",\"description\":\"A-vitamiini ja sinkki - Puutos voi heikent\u00e4\u00e4 h\u00e4m\u00e4r\u00e4n\u00e4k\u00f6\u00e4 ja johtaa valoherkkyyteen, silm\u00e4tulehduksiin, ep\u00e4puhtaaseen ja tulehtuneeseen ihoon sek\u00e4 akneen.\",\"breadcrumb\":{\"@id\":\"https:\/\/reviva.fi\/fi\/tuote\/a-vitamin-synergos-tabletter\/#breadcrumb\"},\"inLanguage\":\"fi\",\"potentialAction\":[{\"@type\":\"ReadAction\",\"target\":[\"https:\/\/reviva.fi\/fi\/tuote\/a-vitamin-synergos-tabletter\/\"]}]},{\"@type\":\"ImageObject\",\"inLanguage\":\"fi\",\"@id\":\"https:\/\/reviva.fi\/fi\/tuote\/a-vitamin-synergos-tabletter\/#primaryimage\",\"url\":\"https:\/\/reviva.fi\/wp-content\/uploads\/2026\/01\/200-X-a-vitamin-tabletter-Photoroom-e1768983720389.png\",\"contentUrl\":\"https:\/\/reviva.fi\/wp-content\/uploads\/2026\/01\/200-X-a-vitamin-tabletter-Photoroom-e1768983720389.png\",\"width\":2000,\"height\":1332,\"caption\":\"A-vitamin tabletter\"},{\"@type\":\"BreadcrumbList\",\"@id\":\"https:\/\/reviva.fi\/fi\/tuote\/a-vitamin-synergos-tabletter\/#breadcrumb\",\"itemListElement\":[{\"@type\":\"ListItem\",\"position\":1,\"name\":\"Etusivu\",\"item\":\"https:\/\/reviva.fi\/fi\/\"},{\"@type\":\"ListItem\",\"position\":2,\"name\":\"Tuotteet\",\"item\":\"https:\/\/reviva.fi\/produkter\/\"},{\"@type\":\"ListItem\",\"position\":3,\"name\":\"A-vitamiini Synergos &#8211; tabletit\"}]},{\"@type\":\"WebSite\",\"@id\":\"https:\/\/reviva.fi\/fi\/#website\",\"url\":\"https:\/\/reviva.fi\/fi\/\",\"name\":\"Reviva\",\"description\":\"\",\"publisher\":{\"@id\":\"https:\/\/reviva.fi\/fi\/#organization\"},\"potentialAction\":[{\"@type\":\"SearchAction\",\"target\":{\"@type\":\"EntryPoint\",\"urlTemplate\":\"https:\/\/reviva.fi\/fi\/?s={search_term_string}\"},\"query-input\":{\"@type\":\"PropertyValueSpecification\",\"valueRequired\":true,\"valueName\":\"search_term_string\"}}],\"inLanguage\":\"fi\"},{\"@type\":\"Organization\",\"@id\":\"https:\/\/reviva.fi\/fi\/#organization\",\"name\":\"Reviva\",\"url\":\"https:\/\/reviva.fi\/fi\/\",\"logo\":{\"@type\":\"ImageObject\",\"inLanguage\":\"fi\",\"@id\":\"https:\/\/reviva.fi\/fi\/#\/schema\/logo\/image\/\",\"url\":\"https:\/\/reviva.fi\/wp-content\/uploads\/2023\/10\/reviva-logo2.svg\",\"contentUrl\":\"https:\/\/reviva.fi\/wp-content\/uploads\/2023\/10\/reviva-logo2.svg\",\"caption\":\"Reviva\"},\"image\":{\"@id\":\"https:\/\/reviva.fi\/fi\/#\/schema\/logo\/image\/\"}}]}<\/script>\n<meta property=\"product:price:amount\" content=\"6.90\" \/>\n<meta property=\"product:price:currency\" content=\"EUR\" \/>\n<meta property=\"og:availability\" content=\"instock\" \/>\n<meta property=\"product:availability\" content=\"instock\" \/>\n<meta property=\"product:retailer_item_id\" content=\"200 X\" \/>\n<meta property=\"product:condition\" content=\"new\" \/>\n<!-- \/ Yoast SEO plugin. -->","yoast_head_json":{"title":"A-vitamiini Synergos - tabletit - Reviva","description":"A-vitamiini ja sinkki - Puutos voi heikent\u00e4\u00e4 h\u00e4m\u00e4r\u00e4n\u00e4k\u00f6\u00e4 ja johtaa valoherkkyyteen, silm\u00e4tulehduksiin, ep\u00e4puhtaaseen ja tulehtuneeseen ihoon sek\u00e4 akneen.","robots":{"index":"index","follow":"follow","max-snippet":"max-snippet:-1","max-image-preview":"max-image-preview:large","max-video-preview":"max-video-preview:-1"},"canonical":"https:\/\/reviva.fi\/fi\/tuote\/a-vitamin-synergos-tabletter\/","og_locale":"fi_FI","og_type":"article","og_title":"A-vitamiini Synergos - tabletit - Reviva","og_description":"A-vitamiini ja sinkki - Puutos voi heikent\u00e4\u00e4 h\u00e4m\u00e4r\u00e4n\u00e4k\u00f6\u00e4 ja johtaa valoherkkyyteen, silm\u00e4tulehduksiin, ep\u00e4puhtaaseen ja tulehtuneeseen ihoon sek\u00e4 akneen.","og_url":"https:\/\/reviva.fi\/fi\/tuote\/a-vitamin-synergos-tabletter\/","og_site_name":"Reviva","article_modified_time":"2026-01-26T17:17:22+00:00","og_image":[{"width":2000,"height":1332,"url":"https:\/\/reviva.fi\/wp-content\/uploads\/2026\/01\/200-X-a-vitamin-tabletter-Photoroom-e1768983720389.png","type":"image\/png"}],"twitter_card":"summary_large_image","schema":{"@context":"https:\/\/schema.org","@graph":[{"@type":"WebPage","@id":"https:\/\/reviva.fi\/fi\/tuote\/a-vitamin-synergos-tabletter\/","url":"https:\/\/reviva.fi\/fi\/tuote\/a-vitamin-synergos-tabletter\/","name":"A-vitamiini Synergos - tabletit - Reviva","isPartOf":{"@id":"https:\/\/reviva.fi\/fi\/#website"},"primaryImageOfPage":{"@id":"https:\/\/reviva.fi\/fi\/tuote\/a-vitamin-synergos-tabletter\/#primaryimage"},"image":{"@id":"https:\/\/reviva.fi\/fi\/tuote\/a-vitamin-synergos-tabletter\/#primaryimage"},"thumbnailUrl":"https:\/\/reviva.fi\/wp-content\/uploads\/2026\/01\/200-X-a-vitamin-tabletter-Photoroom-e1768983720389.png","datePublished":"2026-01-21T08:22:42+00:00","dateModified":"2026-01-26T17:17:22+00:00","description":"A-vitamiini ja sinkki - Puutos voi heikent\u00e4\u00e4 h\u00e4m\u00e4r\u00e4n\u00e4k\u00f6\u00e4 ja johtaa valoherkkyyteen, silm\u00e4tulehduksiin, ep\u00e4puhtaaseen ja tulehtuneeseen ihoon sek\u00e4 akneen.","breadcrumb":{"@id":"https:\/\/reviva.fi\/fi\/tuote\/a-vitamin-synergos-tabletter\/#breadcrumb"},"inLanguage":"fi","potentialAction":[{"@type":"ReadAction","target":["https:\/\/reviva.fi\/fi\/tuote\/a-vitamin-synergos-tabletter\/"]}]},{"@type":"ImageObject","inLanguage":"fi","@id":"https:\/\/reviva.fi\/fi\/tuote\/a-vitamin-synergos-tabletter\/#primaryimage","url":"https:\/\/reviva.fi\/wp-content\/uploads\/2026\/01\/200-X-a-vitamin-tabletter-Photoroom-e1768983720389.png","contentUrl":"https:\/\/reviva.fi\/wp-content\/uploads\/2026\/01\/200-X-a-vitamin-tabletter-Photoroom-e1768983720389.png","width":2000,"height":1332,"caption":"A-vitamin tabletter"},{"@type":"BreadcrumbList","@id":"https:\/\/reviva.fi\/fi\/tuote\/a-vitamin-synergos-tabletter\/#breadcrumb","itemListElement":[{"@type":"ListItem","position":1,"name":"Etusivu","item":"https:\/\/reviva.fi\/fi\/"},{"@type":"ListItem","position":2,"name":"Tuotteet","item":"https:\/\/reviva.fi\/produkter\/"},{"@type":"ListItem","position":3,"name":"A-vitamiini Synergos &#8211; tabletit"}]},{"@type":"WebSite","@id":"https:\/\/reviva.fi\/fi\/#website","url":"https:\/\/reviva.fi\/fi\/","name":"Reviva","description":"","publisher":{"@id":"https:\/\/reviva.fi\/fi\/#organization"},"potentialAction":[{"@type":"SearchAction","target":{"@type":"EntryPoint","urlTemplate":"https:\/\/reviva.fi\/fi\/?s={search_term_string}"},"query-input":{"@type":"PropertyValueSpecification","valueRequired":true,"valueName":"search_term_string"}}],"inLanguage":"fi"},{"@type":"Organization","@id":"https:\/\/reviva.fi\/fi\/#organization","name":"Reviva","url":"https:\/\/reviva.fi\/fi\/","logo":{"@type":"ImageObject","inLanguage":"fi","@id":"https:\/\/reviva.fi\/fi\/#\/schema\/logo\/image\/","url":"https:\/\/reviva.fi\/wp-content\/uploads\/2023\/10\/reviva-logo2.svg","contentUrl":"https:\/\/reviva.fi\/wp-content\/uploads\/2023\/10\/reviva-logo2.svg","caption":"Reviva"},"image":{"@id":"https:\/\/reviva.fi\/fi\/#\/schema\/logo\/image\/"}}]},"product_price_amount":"6.90","product_price_currency":"EUR","og_availability":"instock","product_availability":"instock","product_retailer_item_id":"200 X","product_condition":"new"},"taxonomy_info":{"product_cat":[{"value":2475,"label":"Tarjoukset"},{"value":96,"label":"Vitamiinit"},{"value":5959,"label":"A-vitamiini"},{"value":5974,"label":"Sinkki"},{"value":5963,"label":"Synergos"},{"value":2350,"label":"Iho &amp; Kauneus"}]},"featured_image_src_large":["https:\/\/reviva.fi\/wp-content\/uploads\/2026\/01\/200-X-a-vitamin-tabletter-Photoroom-1024x682.png",1024,682,true],"author_info":[],"comment_info":0,"_links":{"self":[{"href":"https:\/\/reviva.fi\/fi\/wp-json\/wp\/v2\/product\/13665","targetHints":{"allow":["GET"]}}],"collection":[{"href":"https:\/\/reviva.fi\/fi\/wp-json\/wp\/v2\/product"}],"about":[{"href":"https:\/\/reviva.fi\/fi\/wp-json\/wp\/v2\/types\/product"}],"replies":[{"embeddable":true,"href":"https:\/\/reviva.fi\/fi\/wp-json\/wp\/v2\/comments?post=13665"}],"wp:featuredmedia":[{"embeddable":true,"href":"https:\/\/reviva.fi\/fi\/wp-json\/wp\/v2\/media\/13585"}],"wp:attachment":[{"href":"https:\/\/reviva.fi\/fi\/wp-json\/wp\/v2\/media?parent=13665"}],"wp:term":[{"taxonomy":"product_brand","embeddable":true,"href":"https:\/\/reviva.fi\/fi\/wp-json\/wp\/v2\/product_brand?post=13665"},{"taxonomy":"product_cat","embeddable":true,"href":"https:\/\/reviva.fi\/fi\/wp-json\/wp\/v2\/product_cat?post=13665"},{"taxonomy":"product_tag","embeddable":true,"href":"https:\/\/reviva.fi\/fi\/wp-json\/wp\/v2\/product_tag?post=13665"}],"curies":[{"name":"wp","href":"https:\/\/api.w.org\/{rel}","templated":true}]}}