{"id":13679,"date":"2026-01-26T18:31:55","date_gmt":"2026-01-26T16:31:55","guid":{"rendered":"https:\/\/reviva.fi\/product\/creatine-monohydrate\/"},"modified":"2026-03-23T12:06:40","modified_gmt":"2026-03-23T10:06:40","slug":"creatine-monohydrate","status":"publish","type":"product","link":"https:\/\/reviva.fi\/fi\/tuote\/creatine-monohydrate\/","title":{"rendered":"Kreatiini Monohydraatti"},"content":{"rendered":"<p data-start=\"0\" data-end=\"20\"><strong>Kreatiini Monohydraatti<\/strong><\/p>\n<p data-start=\"22\" data-end=\"248\">Kreatiini on yksi tutkituimmista ja tehokkaimmista ravintolisist\u00e4 fyysisen suorituskyvyn parantamiseen. Tuote sopii erityisen hyvin voima- ja r\u00e4j\u00e4ht\u00e4viin lajeihin, mutta se voi tukea my\u00f6s kest\u00e4vyysharjoittelua ja palautumista.<\/p>\n<p data-start=\"250\" data-end=\"484\" data-is-last-node=\"\" data-is-only-node=\"\">Creatine Monohydrate sis\u00e4lt\u00e4\u00e4 100 % puhdasta kreatiinimonohydraattia. Se on maustamaton, helposti liukeneva ja vaivaton sekoittaa veteen tai muuhun juomaan. Tuote soveltuu p\u00e4ivitt\u00e4iseen k\u00e4ytt\u00f6\u00f6n ja sopii my\u00f6s vegaaniseen ruokavalioon.<\/p>\n","protected":false},"excerpt":{"rendered":"<div class=\"text-base my-auto mx-auto pb-10 [--thread-content-margin:--spacing(4)] @w-sm\/main:[--thread-content-margin:--spacing(6)] @w-lg\/main:[--thread-content-margin:--spacing(16)] px-(--thread-content-margin)\">\n<div class=\"[--thread-content-max-width:40rem] @w-lg\/main:[--thread-content-max-width:48rem] mx-auto max-w-(--thread-content-max-width) flex-1 group\/turn-messages focus-visible:outline-hidden relative flex w-full min-w-0 flex-col agent-turn\" tabindex=\"-1\">\n<div class=\"flex max-w-full flex-col grow\">\n<div class=\"min-h-8 text-message relative flex w-full flex-col items-end gap-2 text-start break-words whitespace-normal [.text-message+&amp;]:mt-1\" dir=\"auto\" data-message-author-role=\"assistant\" data-message-id=\"0fe1c952-9d1e-4e75-b784-b848eaa8fb7b\" data-message-model-slug=\"gpt-5-2-instant\">\n<div class=\"flex w-full flex-col gap-1 empty:hidden first:pt-[1px]\">\n<div class=\"markdown prose dark:prose-invert w-full wrap-break-word light markdown-new-styling\">\n<p data-start=\"0\" data-end=\"233\">Creatine Monohydrate sis\u00e4lt\u00e4\u00e4 100 % puhdasta kreatiinimonohydraattia ja on maustamaton, helposti liukeneva sek\u00e4 helppo sekoittaa veteen tai muuhun juomaan. Tuote soveltuu p\u00e4ivitt\u00e4iseen k\u00e4ytt\u00f6\u00f6n ja sopii my\u00f6s vegaaniseen ruokavalioon.<\/p>\n<p data-start=\"235\" data-end=\"240\" data-is-last-node=\"\" data-is-only-node=\"\"><strong>400 grammaa<\/strong><\/p>\n<\/div>\n<\/div>\n<\/div>\n<\/div>\n<\/div>\n<\/div>\n","protected":false},"featured_media":13677,"comment_status":"closed","ping_status":"closed","template":"","meta":{"_acf_changed":false,"inline_featured_image":false,"_kad_blocks_custom_css":"","_kad_blocks_head_custom_js":"","_kad_blocks_body_custom_js":"","_kad_blocks_footer_custom_js":"","_kadence_starter_templates_imported_post":false,"_kad_post_transparent":"default","_kad_post_title":"","_kad_post_layout":"default","_kad_post_sidebar_id":"","_kad_post_content_style":"default","_kad_post_vertical_padding":"default","_kad_post_feature":"","_kad_post_feature_position":"","_kad_post_header":false,"_kad_post_footer":false},"product_brand":[],"product_cat":[5975,2505,2454,2375],"product_tag":[],"class_list":{"0":"post-13679","1":"product","2":"type-product","3":"status-publish","4":"has-post-thumbnail","6":"product_cat-nyheter-fi","7":"product_cat-ovriga-kosttillskott-fi","8":"product_cat-evp-nutrition-fi","9":"product_cat-traning-fi","11":"first","12":"instock","13":"taxable","14":"shipping-taxable","15":"purchasable","16":"product-type-simple","17":"entry","18":"content-bg","19":"loop-entry"},"acf":[],"yoast_head":"<!-- This site is optimized with the Yoast SEO plugin v25.8 - https:\/\/yoast.com\/wordpress\/plugins\/seo\/ -->\n<title>Kreatiini Monohydraatti - Reviva<\/title>\n<meta name=\"description\" content=\"Kreatiini on korkealaatuinen ravintolis\u00e4, joka tukee voimaa, r\u00e4j\u00e4ht\u00e4vyytt\u00e4 ja harjoittelusuorituskyky\u00e4. 100 % puhdasta kreatiinia p\u00e4ivitt\u00e4iseen k\u00e4ytt\u00f6\u00f6n.\" \/>\n<meta name=\"robots\" content=\"index, follow, max-snippet:-1, max-image-preview:large, max-video-preview:-1\" \/>\n<link rel=\"canonical\" href=\"https:\/\/reviva.fi\/fi\/tuote\/creatine-monohydrate\/\" \/>\n<meta property=\"og:locale\" content=\"fi_FI\" \/>\n<meta property=\"og:type\" content=\"article\" \/>\n<meta property=\"og:title\" content=\"Kreatiini Monohydraatti - Reviva\" \/>\n<meta property=\"og:description\" content=\"Kreatiini on korkealaatuinen ravintolis\u00e4, joka tukee voimaa, r\u00e4j\u00e4ht\u00e4vyytt\u00e4 ja harjoittelusuorituskyky\u00e4. 100 % puhdasta kreatiinia p\u00e4ivitt\u00e4iseen k\u00e4ytt\u00f6\u00f6n.\" \/>\n<meta property=\"og:url\" content=\"https:\/\/reviva.fi\/fi\/tuote\/creatine-monohydrate\/\" \/>\n<meta property=\"og:site_name\" content=\"Reviva\" \/>\n<meta property=\"article:modified_time\" content=\"2026-03-23T10:06:40+00:00\" \/>\n<meta property=\"og:image\" content=\"https:\/\/reviva.fi\/wp-content\/uploads\/2026\/01\/302-Creatine-Photoroom-e1769513584482.png\" \/>\n\t<meta property=\"og:image:width\" content=\"2000\" \/>\n\t<meta property=\"og:image:height\" content=\"1333\" \/>\n\t<meta property=\"og:image:type\" content=\"image\/png\" \/>\n<meta name=\"twitter:card\" content=\"summary_large_image\" \/>\n<script type=\"application\/ld+json\" class=\"yoast-schema-graph\">{\"@context\":\"https:\/\/schema.org\",\"@graph\":[{\"@type\":\"WebPage\",\"@id\":\"https:\/\/reviva.fi\/fi\/tuote\/creatine-monohydrate\/\",\"url\":\"https:\/\/reviva.fi\/fi\/tuote\/creatine-monohydrate\/\",\"name\":\"Kreatiini Monohydraatti - Reviva\",\"isPartOf\":{\"@id\":\"https:\/\/reviva.fi\/fi\/#website\"},\"primaryImageOfPage\":{\"@id\":\"https:\/\/reviva.fi\/fi\/tuote\/creatine-monohydrate\/#primaryimage\"},\"image\":{\"@id\":\"https:\/\/reviva.fi\/fi\/tuote\/creatine-monohydrate\/#primaryimage\"},\"thumbnailUrl\":\"https:\/\/reviva.fi\/wp-content\/uploads\/2026\/01\/302-Creatine-Photoroom-e1769513584482.png\",\"datePublished\":\"2026-01-26T16:31:55+00:00\",\"dateModified\":\"2026-03-23T10:06:40+00:00\",\"description\":\"Kreatiini on korkealaatuinen ravintolis\u00e4, joka tukee voimaa, r\u00e4j\u00e4ht\u00e4vyytt\u00e4 ja harjoittelusuorituskyky\u00e4. 100 % puhdasta kreatiinia p\u00e4ivitt\u00e4iseen k\u00e4ytt\u00f6\u00f6n.\",\"breadcrumb\":{\"@id\":\"https:\/\/reviva.fi\/fi\/tuote\/creatine-monohydrate\/#breadcrumb\"},\"inLanguage\":\"fi\",\"potentialAction\":[{\"@type\":\"ReadAction\",\"target\":[\"https:\/\/reviva.fi\/fi\/tuote\/creatine-monohydrate\/\"]}]},{\"@type\":\"ImageObject\",\"inLanguage\":\"fi\",\"@id\":\"https:\/\/reviva.fi\/fi\/tuote\/creatine-monohydrate\/#primaryimage\",\"url\":\"https:\/\/reviva.fi\/wp-content\/uploads\/2026\/01\/302-Creatine-Photoroom-e1769513584482.png\",\"contentUrl\":\"https:\/\/reviva.fi\/wp-content\/uploads\/2026\/01\/302-Creatine-Photoroom-e1769513584482.png\",\"width\":2000,\"height\":1333,\"caption\":\"Creatine\"},{\"@type\":\"BreadcrumbList\",\"@id\":\"https:\/\/reviva.fi\/fi\/tuote\/creatine-monohydrate\/#breadcrumb\",\"itemListElement\":[{\"@type\":\"ListItem\",\"position\":1,\"name\":\"Etusivu\",\"item\":\"https:\/\/reviva.fi\/fi\/\"},{\"@type\":\"ListItem\",\"position\":2,\"name\":\"Tuotteet\",\"item\":\"https:\/\/reviva.fi\/produkter\/\"},{\"@type\":\"ListItem\",\"position\":3,\"name\":\"Kreatiini Monohydraatti\"}]},{\"@type\":\"WebSite\",\"@id\":\"https:\/\/reviva.fi\/fi\/#website\",\"url\":\"https:\/\/reviva.fi\/fi\/\",\"name\":\"Reviva\",\"description\":\"\",\"publisher\":{\"@id\":\"https:\/\/reviva.fi\/fi\/#organization\"},\"potentialAction\":[{\"@type\":\"SearchAction\",\"target\":{\"@type\":\"EntryPoint\",\"urlTemplate\":\"https:\/\/reviva.fi\/fi\/?s={search_term_string}\"},\"query-input\":{\"@type\":\"PropertyValueSpecification\",\"valueRequired\":true,\"valueName\":\"search_term_string\"}}],\"inLanguage\":\"fi\"},{\"@type\":\"Organization\",\"@id\":\"https:\/\/reviva.fi\/fi\/#organization\",\"name\":\"Reviva\",\"url\":\"https:\/\/reviva.fi\/fi\/\",\"logo\":{\"@type\":\"ImageObject\",\"inLanguage\":\"fi\",\"@id\":\"https:\/\/reviva.fi\/fi\/#\/schema\/logo\/image\/\",\"url\":\"https:\/\/reviva.fi\/wp-content\/uploads\/2023\/10\/reviva-logo2.svg\",\"contentUrl\":\"https:\/\/reviva.fi\/wp-content\/uploads\/2023\/10\/reviva-logo2.svg\",\"caption\":\"Reviva\"},\"image\":{\"@id\":\"https:\/\/reviva.fi\/fi\/#\/schema\/logo\/image\/\"}}]}<\/script>\n<meta property=\"product:price:amount\" content=\"28.20\" \/>\n<meta property=\"product:price:currency\" content=\"EUR\" \/>\n<meta property=\"og:availability\" content=\"instock\" \/>\n<meta property=\"product:availability\" content=\"instock\" \/>\n<meta property=\"product:retailer_item_id\" content=\"302\" \/>\n<meta property=\"product:condition\" content=\"new\" \/>\n<!-- \/ Yoast SEO plugin. -->","yoast_head_json":{"title":"Kreatiini Monohydraatti - Reviva","description":"Kreatiini on korkealaatuinen ravintolis\u00e4, joka tukee voimaa, r\u00e4j\u00e4ht\u00e4vyytt\u00e4 ja harjoittelusuorituskyky\u00e4. 100 % puhdasta kreatiinia p\u00e4ivitt\u00e4iseen k\u00e4ytt\u00f6\u00f6n.","robots":{"index":"index","follow":"follow","max-snippet":"max-snippet:-1","max-image-preview":"max-image-preview:large","max-video-preview":"max-video-preview:-1"},"canonical":"https:\/\/reviva.fi\/fi\/tuote\/creatine-monohydrate\/","og_locale":"fi_FI","og_type":"article","og_title":"Kreatiini Monohydraatti - Reviva","og_description":"Kreatiini on korkealaatuinen ravintolis\u00e4, joka tukee voimaa, r\u00e4j\u00e4ht\u00e4vyytt\u00e4 ja harjoittelusuorituskyky\u00e4. 100 % puhdasta kreatiinia p\u00e4ivitt\u00e4iseen k\u00e4ytt\u00f6\u00f6n.","og_url":"https:\/\/reviva.fi\/fi\/tuote\/creatine-monohydrate\/","og_site_name":"Reviva","article_modified_time":"2026-03-23T10:06:40+00:00","og_image":[{"width":2000,"height":1333,"url":"https:\/\/reviva.fi\/wp-content\/uploads\/2026\/01\/302-Creatine-Photoroom-e1769513584482.png","type":"image\/png"}],"twitter_card":"summary_large_image","schema":{"@context":"https:\/\/schema.org","@graph":[{"@type":"WebPage","@id":"https:\/\/reviva.fi\/fi\/tuote\/creatine-monohydrate\/","url":"https:\/\/reviva.fi\/fi\/tuote\/creatine-monohydrate\/","name":"Kreatiini Monohydraatti - Reviva","isPartOf":{"@id":"https:\/\/reviva.fi\/fi\/#website"},"primaryImageOfPage":{"@id":"https:\/\/reviva.fi\/fi\/tuote\/creatine-monohydrate\/#primaryimage"},"image":{"@id":"https:\/\/reviva.fi\/fi\/tuote\/creatine-monohydrate\/#primaryimage"},"thumbnailUrl":"https:\/\/reviva.fi\/wp-content\/uploads\/2026\/01\/302-Creatine-Photoroom-e1769513584482.png","datePublished":"2026-01-26T16:31:55+00:00","dateModified":"2026-03-23T10:06:40+00:00","description":"Kreatiini on korkealaatuinen ravintolis\u00e4, joka tukee voimaa, r\u00e4j\u00e4ht\u00e4vyytt\u00e4 ja harjoittelusuorituskyky\u00e4. 100 % puhdasta kreatiinia p\u00e4ivitt\u00e4iseen k\u00e4ytt\u00f6\u00f6n.","breadcrumb":{"@id":"https:\/\/reviva.fi\/fi\/tuote\/creatine-monohydrate\/#breadcrumb"},"inLanguage":"fi","potentialAction":[{"@type":"ReadAction","target":["https:\/\/reviva.fi\/fi\/tuote\/creatine-monohydrate\/"]}]},{"@type":"ImageObject","inLanguage":"fi","@id":"https:\/\/reviva.fi\/fi\/tuote\/creatine-monohydrate\/#primaryimage","url":"https:\/\/reviva.fi\/wp-content\/uploads\/2026\/01\/302-Creatine-Photoroom-e1769513584482.png","contentUrl":"https:\/\/reviva.fi\/wp-content\/uploads\/2026\/01\/302-Creatine-Photoroom-e1769513584482.png","width":2000,"height":1333,"caption":"Creatine"},{"@type":"BreadcrumbList","@id":"https:\/\/reviva.fi\/fi\/tuote\/creatine-monohydrate\/#breadcrumb","itemListElement":[{"@type":"ListItem","position":1,"name":"Etusivu","item":"https:\/\/reviva.fi\/fi\/"},{"@type":"ListItem","position":2,"name":"Tuotteet","item":"https:\/\/reviva.fi\/produkter\/"},{"@type":"ListItem","position":3,"name":"Kreatiini Monohydraatti"}]},{"@type":"WebSite","@id":"https:\/\/reviva.fi\/fi\/#website","url":"https:\/\/reviva.fi\/fi\/","name":"Reviva","description":"","publisher":{"@id":"https:\/\/reviva.fi\/fi\/#organization"},"potentialAction":[{"@type":"SearchAction","target":{"@type":"EntryPoint","urlTemplate":"https:\/\/reviva.fi\/fi\/?s={search_term_string}"},"query-input":{"@type":"PropertyValueSpecification","valueRequired":true,"valueName":"search_term_string"}}],"inLanguage":"fi"},{"@type":"Organization","@id":"https:\/\/reviva.fi\/fi\/#organization","name":"Reviva","url":"https:\/\/reviva.fi\/fi\/","logo":{"@type":"ImageObject","inLanguage":"fi","@id":"https:\/\/reviva.fi\/fi\/#\/schema\/logo\/image\/","url":"https:\/\/reviva.fi\/wp-content\/uploads\/2023\/10\/reviva-logo2.svg","contentUrl":"https:\/\/reviva.fi\/wp-content\/uploads\/2023\/10\/reviva-logo2.svg","caption":"Reviva"},"image":{"@id":"https:\/\/reviva.fi\/fi\/#\/schema\/logo\/image\/"}}]},"product_price_amount":"28.20","product_price_currency":"EUR","og_availability":"instock","product_availability":"instock","product_retailer_item_id":"302","product_condition":"new"},"taxonomy_info":{"product_cat":[{"value":5975,"label":"Uutiset"},{"value":2505,"label":"Muut ravintolis\u00e4t"},{"value":2454,"label":"EVP Nutrition"},{"value":2375,"label":"Harjoittelu"}]},"featured_image_src_large":["https:\/\/reviva.fi\/wp-content\/uploads\/2026\/01\/302-Creatine-Photoroom-1024x682.png",1024,682,true],"author_info":[],"comment_info":0,"_links":{"self":[{"href":"https:\/\/reviva.fi\/fi\/wp-json\/wp\/v2\/product\/13679","targetHints":{"allow":["GET"]}}],"collection":[{"href":"https:\/\/reviva.fi\/fi\/wp-json\/wp\/v2\/product"}],"about":[{"href":"https:\/\/reviva.fi\/fi\/wp-json\/wp\/v2\/types\/product"}],"replies":[{"embeddable":true,"href":"https:\/\/reviva.fi\/fi\/wp-json\/wp\/v2\/comments?post=13679"}],"wp:featuredmedia":[{"embeddable":true,"href":"https:\/\/reviva.fi\/fi\/wp-json\/wp\/v2\/media\/13677"}],"wp:attachment":[{"href":"https:\/\/reviva.fi\/fi\/wp-json\/wp\/v2\/media?parent=13679"}],"wp:term":[{"taxonomy":"product_brand","embeddable":true,"href":"https:\/\/reviva.fi\/fi\/wp-json\/wp\/v2\/product_brand?post=13679"},{"taxonomy":"product_cat","embeddable":true,"href":"https:\/\/reviva.fi\/fi\/wp-json\/wp\/v2\/product_cat?post=13679"},{"taxonomy":"product_tag","embeddable":true,"href":"https:\/\/reviva.fi\/fi\/wp-json\/wp\/v2\/product_tag?post=13679"}],"curies":[{"name":"wp","href":"https:\/\/api.w.org\/{rel}","templated":true}]}}