{"id":1370,"date":"2021-03-18T15:23:15","date_gmt":"2021-03-18T13:23:15","guid":{"rendered":"https:\/\/reviva.dev.wikstrommedia.fi\/product\/riboflavin-b2-synergos\/"},"modified":"2026-01-18T15:46:47","modified_gmt":"2026-01-18T13:46:47","slug":"b2-vitamiini-synergos-riboflaviini","status":"publish","type":"product","link":"https:\/\/reviva.fi\/fi\/tuote\/b2-vitamiini-synergos-riboflaviini\/","title":{"rendered":"B2-vitamiini synergos &#8211; Riboflaviini"},"content":{"rendered":"<p><strong>Riboflaviini &#8211; B2-vitamiini Synergos<\/strong> on pitk\u00e4lle kehitetty ravintolis\u00e4, joka perustuu laajakirjo- ja synergiaperiaatteisiin. Jokainen tabletti sis\u00e4lt\u00e4\u00e4 200 mg riboflaviinia, riboflaviinin synergistien kanssa.<\/p>\n<p>Riboflaviini, joka tunnetaan my\u00f6s nimell\u00e4 B2-vitamiini, on vesiliukoinen vitamiini, joka kuuluu B-vitamiiniryhm\u00e4\u00e4n. Riboflaviini tunnetaan parhaiten\u00a0 vitamiinina, joka antaa oranssin v\u00e4rin B-vitamiinivalmisteille.<\/p>\n<p>Muiden B-vitamiinien tavoin sill\u00e4 on keskeinen rooli energian aineenvaihdunnassa sek\u00e4 rasvan, hiilihydraattien ja proteiinien aineenvaihdunnassa.<\/p>\n<p>Annos on jaettava kahteen ottokertaan, aamuin ja illoin. Parhaan imeytymisen saavuttamiseksi ravintolis\u00e4 tulisi ottaa aterian yhteydess\u00e4.<\/p>\n<p><strong>Riboflaviini edist\u00e4\u00e4:<\/strong><\/p>\n<ul>\n<li>hermoston normaalia toimintaa<\/li>\n<li>normaalia energia-aineenvaihduntaa<\/li>\n<li>limakalvojen pysymist\u00e4 normaaleina<\/li>\n<li>punaisten verisolujen pysymist\u00e4 normaaleina<\/li>\n<li>ihon pysymist\u00e4 normaalina<\/li>\n<li>n\u00e4\u00f6n pysymist\u00e4 normaalina<\/li>\n<li>raudan normaalia aineenvaihduntaa<\/li>\n<li>solujen suojaamista hapettumisstressilt\u00e4<\/li>\n<li>auttaa v\u00e4hent\u00e4m\u00e4\u00e4n v\u00e4symyst\u00e4 ja uupumusta<\/li>\n<\/ul>\n<p><strong>Huomaa<\/strong>, ett\u00e4 B-vitamiini voi v\u00e4rj\u00e4t\u00e4 virtsan keltavihre\u00e4ksi.<\/p>\n","protected":false},"excerpt":{"rendered":"<p>B2<strong> Riboflaviini<\/strong> Synergos on pitk\u00e4lle kehitetty ravintolis\u00e4, joka perustuu laajakirjo- ja synergiaperiaatteisiin. Jokainen tabletti sis\u00e4lt\u00e4\u00e4 200 mg riboflaviinia, riboflaviinin synergistien kanssa.<\/p>\n<p>Annos on jaettava kahteen ottokertaan, aamuin ja illoin. Parhaan imeytymisen saavuttamiseksi ravintolis\u00e4 tulisi ottaa aterian yhteydess\u00e4.<\/p>\n<p><strong>60 tablettia<\/strong><\/p>\n<p>&nbsp;<\/p>\n","protected":false},"featured_media":11806,"comment_status":"open","ping_status":"closed","template":"","meta":{"_acf_changed":false,"inline_featured_image":false,"_kad_blocks_custom_css":"","_kad_blocks_head_custom_js":"","_kad_blocks_body_custom_js":"","_kad_blocks_footer_custom_js":"","_kadence_starter_templates_imported_post":false,"_kad_post_transparent":"default","_kad_post_title":"","_kad_post_layout":"default","_kad_post_sidebar_id":"","_kad_post_content_style":"default","_kad_post_vertical_padding":"default","_kad_post_feature":"","_kad_post_feature_position":"","_kad_post_header":false,"_kad_post_footer":false},"product_brand":[],"product_cat":[96,525,5961,5978,5963,2376,2350],"product_tag":[1345,1123,428,1164,417,1555,1556,1621,1275,1278,1631,498,1420,1218,1411,1436,1198,1348,1349,1527,1200,1199,1339,1163,1531,1451,1408,520,522,1236],"class_list":{"0":"post-1370","1":"product","2":"type-product","3":"status-publish","4":"has-post-thumbnail","6":"product_cat-vitaminer-fi","7":"product_cat-b-vitamin-fi","8":"product_cat-multi-vitamin-fi","9":"product_cat-multi-produkter-fi","10":"product_cat-synergos-fi","11":"product_cat-stressad-och-trott-fi","12":"product_cat-hud-och-skonhet-fi","13":"product_tag-artyneisyys","14":"product_tag-ammoniakkimyrkytys","15":"product_tag-b-vitamiini","16":"product_tag-b-vitamiini-fi","17":"product_tag-b2-vitamiini","18":"product_tag-halkeilevat-huulet","19":"product_tag-hauraat-kynnet","20":"product_tag-huimaus","21":"product_tag-kaihi","22":"product_tag-kurkkukipu","23":"product_tag-kutisevat-silmat","24":"product_tag-luontais-lisaravinne","25":"product_tag-mahahaava","26":"product_tag-masennus","27":"product_tag-matala-hb","28":"product_tag-migreeni","29":"product_tag-polttava-tunne-jaloissa","30":"product_tag-raudanpuute","31":"product_tag-raudanpuuteanemia","32":"product_tag-riboflaviini-fi","33":"product_tag-rintamaidon-tuotanto","34":"product_tag-rintamaito","35":"product_tag-rintamaitoa-ei-tule","36":"product_tag-ruokahalun-puute","37":"product_tag-ruusufinni","38":"product_tag-suun-haavaumat","39":"product_tag-veren-alhaiset-rautatasot","40":"product_tag-vitamiini","41":"product_tag-vitamiinit","42":"product_tag-yksittainen-aine","44":"first","45":"instock","46":"taxable","47":"shipping-taxable","48":"purchasable","49":"product-type-simple","50":"entry","51":"content-bg","52":"loop-entry"},"acf":[],"yoast_head":"<!-- This site is optimized with the Yoast SEO plugin v25.8 - https:\/\/yoast.com\/wordpress\/plugins\/seo\/ -->\n<title>B2-vitamiini synergos - Riboflaviini - Reviva<\/title>\n<meta name=\"description\" content=\"Riboflaviini - B2-vitamiini Synergos - energia-aineenvaihduntaan. Limakalvoille, iholle, v\u00e4hent\u00e4\u00e4 v\u00e4symyst\u00e4 ja uupumusta ja auttaa raudan normaalia aineenvaihduntaa.\" \/>\n<meta name=\"robots\" content=\"index, follow, max-snippet:-1, max-image-preview:large, max-video-preview:-1\" \/>\n<link rel=\"canonical\" href=\"https:\/\/reviva.fi\/fi\/tuote\/b2-vitamiini-synergos-riboflaviini\/\" \/>\n<meta property=\"og:locale\" content=\"fi_FI\" \/>\n<meta property=\"og:type\" content=\"article\" \/>\n<meta property=\"og:title\" content=\"B2-vitamiini synergos - Riboflaviini - Reviva\" \/>\n<meta property=\"og:description\" content=\"Riboflaviini - B2-vitamiini Synergos - energia-aineenvaihduntaan. Limakalvoille, iholle, v\u00e4hent\u00e4\u00e4 v\u00e4symyst\u00e4 ja uupumusta ja auttaa raudan normaalia aineenvaihduntaa.\" \/>\n<meta property=\"og:url\" content=\"https:\/\/reviva.fi\/fi\/tuote\/b2-vitamiini-synergos-riboflaviini\/\" \/>\n<meta property=\"og:site_name\" content=\"Reviva\" \/>\n<meta property=\"article:modified_time\" content=\"2026-01-18T13:46:47+00:00\" \/>\n<meta property=\"og:image\" content=\"https:\/\/reviva.fi\/wp-content\/uploads\/2021\/03\/Vitamin-B2-Synergos-Photoroom-e1744894433590.png\" \/>\n\t<meta property=\"og:image:width\" content=\"1600\" \/>\n\t<meta property=\"og:image:height\" content=\"1600\" \/>\n\t<meta property=\"og:image:type\" content=\"image\/png\" \/>\n<meta name=\"twitter:card\" content=\"summary_large_image\" \/>\n<script type=\"application\/ld+json\" class=\"yoast-schema-graph\">{\"@context\":\"https:\/\/schema.org\",\"@graph\":[{\"@type\":\"WebPage\",\"@id\":\"https:\/\/reviva.fi\/fi\/tuote\/b2-vitamiini-synergos-riboflaviini\/\",\"url\":\"https:\/\/reviva.fi\/fi\/tuote\/b2-vitamiini-synergos-riboflaviini\/\",\"name\":\"B2-vitamiini synergos - Riboflaviini - Reviva\",\"isPartOf\":{\"@id\":\"https:\/\/reviva.fi\/fi\/#website\"},\"primaryImageOfPage\":{\"@id\":\"https:\/\/reviva.fi\/fi\/tuote\/b2-vitamiini-synergos-riboflaviini\/#primaryimage\"},\"image\":{\"@id\":\"https:\/\/reviva.fi\/fi\/tuote\/b2-vitamiini-synergos-riboflaviini\/#primaryimage\"},\"thumbnailUrl\":\"https:\/\/reviva.fi\/wp-content\/uploads\/2021\/03\/Vitamin-B2-Synergos-Photoroom-e1744894433590.png\",\"datePublished\":\"2021-03-18T13:23:15+00:00\",\"dateModified\":\"2026-01-18T13:46:47+00:00\",\"description\":\"Riboflaviini - B2-vitamiini Synergos - energia-aineenvaihduntaan. Limakalvoille, iholle, v\u00e4hent\u00e4\u00e4 v\u00e4symyst\u00e4 ja uupumusta ja auttaa raudan normaalia aineenvaihduntaa.\",\"breadcrumb\":{\"@id\":\"https:\/\/reviva.fi\/fi\/tuote\/b2-vitamiini-synergos-riboflaviini\/#breadcrumb\"},\"inLanguage\":\"fi\",\"potentialAction\":[{\"@type\":\"ReadAction\",\"target\":[\"https:\/\/reviva.fi\/fi\/tuote\/b2-vitamiini-synergos-riboflaviini\/\"]}]},{\"@type\":\"ImageObject\",\"inLanguage\":\"fi\",\"@id\":\"https:\/\/reviva.fi\/fi\/tuote\/b2-vitamiini-synergos-riboflaviini\/#primaryimage\",\"url\":\"https:\/\/reviva.fi\/wp-content\/uploads\/2021\/03\/Vitamin-B2-Synergos-Photoroom-e1744894433590.png\",\"contentUrl\":\"https:\/\/reviva.fi\/wp-content\/uploads\/2021\/03\/Vitamin-B2-Synergos-Photoroom-e1744894433590.png\",\"width\":1600,\"height\":1600,\"caption\":\"Vitamin B2 Synergos\"},{\"@type\":\"BreadcrumbList\",\"@id\":\"https:\/\/reviva.fi\/fi\/tuote\/b2-vitamiini-synergos-riboflaviini\/#breadcrumb\",\"itemListElement\":[{\"@type\":\"ListItem\",\"position\":1,\"name\":\"Etusivu\",\"item\":\"https:\/\/reviva.fi\/fi\/\"},{\"@type\":\"ListItem\",\"position\":2,\"name\":\"Tuotteet\",\"item\":\"https:\/\/reviva.fi\/produkter\/\"},{\"@type\":\"ListItem\",\"position\":3,\"name\":\"B2-vitamiini synergos &#8211; Riboflaviini\"}]},{\"@type\":\"WebSite\",\"@id\":\"https:\/\/reviva.fi\/fi\/#website\",\"url\":\"https:\/\/reviva.fi\/fi\/\",\"name\":\"Reviva\",\"description\":\"\",\"publisher\":{\"@id\":\"https:\/\/reviva.fi\/fi\/#organization\"},\"potentialAction\":[{\"@type\":\"SearchAction\",\"target\":{\"@type\":\"EntryPoint\",\"urlTemplate\":\"https:\/\/reviva.fi\/fi\/?s={search_term_string}\"},\"query-input\":{\"@type\":\"PropertyValueSpecification\",\"valueRequired\":true,\"valueName\":\"search_term_string\"}}],\"inLanguage\":\"fi\"},{\"@type\":\"Organization\",\"@id\":\"https:\/\/reviva.fi\/fi\/#organization\",\"name\":\"Reviva\",\"url\":\"https:\/\/reviva.fi\/fi\/\",\"logo\":{\"@type\":\"ImageObject\",\"inLanguage\":\"fi\",\"@id\":\"https:\/\/reviva.fi\/fi\/#\/schema\/logo\/image\/\",\"url\":\"https:\/\/reviva.fi\/wp-content\/uploads\/2023\/10\/reviva-logo2.svg\",\"contentUrl\":\"https:\/\/reviva.fi\/wp-content\/uploads\/2023\/10\/reviva-logo2.svg\",\"caption\":\"Reviva\"},\"image\":{\"@id\":\"https:\/\/reviva.fi\/fi\/#\/schema\/logo\/image\/\"}}]}<\/script>\n<meta property=\"product:price:amount\" content=\"27.35\" \/>\n<meta property=\"product:price:currency\" content=\"EUR\" \/>\n<meta property=\"og:availability\" content=\"instock\" \/>\n<meta property=\"product:availability\" content=\"instock\" \/>\n<meta property=\"product:retailer_item_id\" content=\"231\" \/>\n<meta property=\"product:condition\" content=\"new\" \/>\n<!-- \/ Yoast SEO plugin. -->","yoast_head_json":{"title":"B2-vitamiini synergos - Riboflaviini - Reviva","description":"Riboflaviini - B2-vitamiini Synergos - energia-aineenvaihduntaan. Limakalvoille, iholle, v\u00e4hent\u00e4\u00e4 v\u00e4symyst\u00e4 ja uupumusta ja auttaa raudan normaalia aineenvaihduntaa.","robots":{"index":"index","follow":"follow","max-snippet":"max-snippet:-1","max-image-preview":"max-image-preview:large","max-video-preview":"max-video-preview:-1"},"canonical":"https:\/\/reviva.fi\/fi\/tuote\/b2-vitamiini-synergos-riboflaviini\/","og_locale":"fi_FI","og_type":"article","og_title":"B2-vitamiini synergos - Riboflaviini - Reviva","og_description":"Riboflaviini - B2-vitamiini Synergos - energia-aineenvaihduntaan. Limakalvoille, iholle, v\u00e4hent\u00e4\u00e4 v\u00e4symyst\u00e4 ja uupumusta ja auttaa raudan normaalia aineenvaihduntaa.","og_url":"https:\/\/reviva.fi\/fi\/tuote\/b2-vitamiini-synergos-riboflaviini\/","og_site_name":"Reviva","article_modified_time":"2026-01-18T13:46:47+00:00","og_image":[{"width":1600,"height":1600,"url":"https:\/\/reviva.fi\/wp-content\/uploads\/2021\/03\/Vitamin-B2-Synergos-Photoroom-e1744894433590.png","type":"image\/png"}],"twitter_card":"summary_large_image","schema":{"@context":"https:\/\/schema.org","@graph":[{"@type":"WebPage","@id":"https:\/\/reviva.fi\/fi\/tuote\/b2-vitamiini-synergos-riboflaviini\/","url":"https:\/\/reviva.fi\/fi\/tuote\/b2-vitamiini-synergos-riboflaviini\/","name":"B2-vitamiini synergos - Riboflaviini - Reviva","isPartOf":{"@id":"https:\/\/reviva.fi\/fi\/#website"},"primaryImageOfPage":{"@id":"https:\/\/reviva.fi\/fi\/tuote\/b2-vitamiini-synergos-riboflaviini\/#primaryimage"},"image":{"@id":"https:\/\/reviva.fi\/fi\/tuote\/b2-vitamiini-synergos-riboflaviini\/#primaryimage"},"thumbnailUrl":"https:\/\/reviva.fi\/wp-content\/uploads\/2021\/03\/Vitamin-B2-Synergos-Photoroom-e1744894433590.png","datePublished":"2021-03-18T13:23:15+00:00","dateModified":"2026-01-18T13:46:47+00:00","description":"Riboflaviini - B2-vitamiini Synergos - energia-aineenvaihduntaan. Limakalvoille, iholle, v\u00e4hent\u00e4\u00e4 v\u00e4symyst\u00e4 ja uupumusta ja auttaa raudan normaalia aineenvaihduntaa.","breadcrumb":{"@id":"https:\/\/reviva.fi\/fi\/tuote\/b2-vitamiini-synergos-riboflaviini\/#breadcrumb"},"inLanguage":"fi","potentialAction":[{"@type":"ReadAction","target":["https:\/\/reviva.fi\/fi\/tuote\/b2-vitamiini-synergos-riboflaviini\/"]}]},{"@type":"ImageObject","inLanguage":"fi","@id":"https:\/\/reviva.fi\/fi\/tuote\/b2-vitamiini-synergos-riboflaviini\/#primaryimage","url":"https:\/\/reviva.fi\/wp-content\/uploads\/2021\/03\/Vitamin-B2-Synergos-Photoroom-e1744894433590.png","contentUrl":"https:\/\/reviva.fi\/wp-content\/uploads\/2021\/03\/Vitamin-B2-Synergos-Photoroom-e1744894433590.png","width":1600,"height":1600,"caption":"Vitamin B2 Synergos"},{"@type":"BreadcrumbList","@id":"https:\/\/reviva.fi\/fi\/tuote\/b2-vitamiini-synergos-riboflaviini\/#breadcrumb","itemListElement":[{"@type":"ListItem","position":1,"name":"Etusivu","item":"https:\/\/reviva.fi\/fi\/"},{"@type":"ListItem","position":2,"name":"Tuotteet","item":"https:\/\/reviva.fi\/produkter\/"},{"@type":"ListItem","position":3,"name":"B2-vitamiini synergos &#8211; Riboflaviini"}]},{"@type":"WebSite","@id":"https:\/\/reviva.fi\/fi\/#website","url":"https:\/\/reviva.fi\/fi\/","name":"Reviva","description":"","publisher":{"@id":"https:\/\/reviva.fi\/fi\/#organization"},"potentialAction":[{"@type":"SearchAction","target":{"@type":"EntryPoint","urlTemplate":"https:\/\/reviva.fi\/fi\/?s={search_term_string}"},"query-input":{"@type":"PropertyValueSpecification","valueRequired":true,"valueName":"search_term_string"}}],"inLanguage":"fi"},{"@type":"Organization","@id":"https:\/\/reviva.fi\/fi\/#organization","name":"Reviva","url":"https:\/\/reviva.fi\/fi\/","logo":{"@type":"ImageObject","inLanguage":"fi","@id":"https:\/\/reviva.fi\/fi\/#\/schema\/logo\/image\/","url":"https:\/\/reviva.fi\/wp-content\/uploads\/2023\/10\/reviva-logo2.svg","contentUrl":"https:\/\/reviva.fi\/wp-content\/uploads\/2023\/10\/reviva-logo2.svg","caption":"Reviva"},"image":{"@id":"https:\/\/reviva.fi\/fi\/#\/schema\/logo\/image\/"}}]},"product_price_amount":"27.35","product_price_currency":"EUR","og_availability":"instock","product_availability":"instock","product_retailer_item_id":"231","product_condition":"new"},"taxonomy_info":{"product_cat":[{"value":96,"label":"Vitamiinit"},{"value":525,"label":"B-vitamiini"},{"value":5961,"label":"Multi-vitamiini"},{"value":5978,"label":"Multi tuotteet"},{"value":5963,"label":"Synergos"},{"value":2376,"label":"Stressaantunut &amp; V\u00e4synyt"},{"value":2350,"label":"Iho &amp; Kauneus"}],"product_tag":[{"value":1345,"label":"\u00e4rtyneisyys"},{"value":1123,"label":"ammoniakkimyrkytys"},{"value":428,"label":"b vitamiini"},{"value":1164,"label":"b-vitamiini"},{"value":417,"label":"b2 vitamiini"},{"value":1555,"label":"halkeilevat huulet"},{"value":1556,"label":"hauraat kynnet"},{"value":1621,"label":"huimaus"},{"value":1275,"label":"kaihi"},{"value":1278,"label":"kurkkukipu"},{"value":1631,"label":"kutisevat silm\u00e4t"},{"value":498,"label":"luontais lis\u00e4ravinne"},{"value":1420,"label":"mahahaava"},{"value":1218,"label":"masennus"},{"value":1411,"label":"matala hb"},{"value":1436,"label":"migreeni"},{"value":1198,"label":"polttava tunne jaloissa"},{"value":1348,"label":"raudanpuute"},{"value":1349,"label":"raudanpuuteanemia"},{"value":1527,"label":"riboflaviini"},{"value":1200,"label":"rintamaidon tuotanto"},{"value":1199,"label":"rintamaito"},{"value":1339,"label":"rintamaitoa ei tule"},{"value":1163,"label":"ruokahalun puute"},{"value":1531,"label":"ruusufinni"},{"value":1451,"label":"suun haavaumat"},{"value":1408,"label":"veren alhaiset rautatasot"},{"value":520,"label":"vitamiini"},{"value":522,"label":"vitamiinit"},{"value":1236,"label":"yksitt\u00e4inen aine"}]},"featured_image_src_large":["https:\/\/reviva.fi\/wp-content\/uploads\/2021\/03\/Vitamin-B2-Synergos-Photoroom-1024x1024.png",1024,1024,true],"author_info":[],"comment_info":0,"_links":{"self":[{"href":"https:\/\/reviva.fi\/fi\/wp-json\/wp\/v2\/product\/1370","targetHints":{"allow":["GET"]}}],"collection":[{"href":"https:\/\/reviva.fi\/fi\/wp-json\/wp\/v2\/product"}],"about":[{"href":"https:\/\/reviva.fi\/fi\/wp-json\/wp\/v2\/types\/product"}],"replies":[{"embeddable":true,"href":"https:\/\/reviva.fi\/fi\/wp-json\/wp\/v2\/comments?post=1370"}],"wp:featuredmedia":[{"embeddable":true,"href":"https:\/\/reviva.fi\/fi\/wp-json\/wp\/v2\/media\/11806"}],"wp:attachment":[{"href":"https:\/\/reviva.fi\/fi\/wp-json\/wp\/v2\/media?parent=1370"}],"wp:term":[{"taxonomy":"product_brand","embeddable":true,"href":"https:\/\/reviva.fi\/fi\/wp-json\/wp\/v2\/product_brand?post=1370"},{"taxonomy":"product_cat","embeddable":true,"href":"https:\/\/reviva.fi\/fi\/wp-json\/wp\/v2\/product_cat?post=1370"},{"taxonomy":"product_tag","embeddable":true,"href":"https:\/\/reviva.fi\/fi\/wp-json\/wp\/v2\/product_tag?post=1370"}],"curies":[{"name":"wp","href":"https:\/\/api.w.org\/{rel}","templated":true}]}}