{"id":1381,"date":"2021-03-19T13:40:18","date_gmt":"2021-03-19T11:40:18","guid":{"rendered":"https:\/\/reviva.dev.wikstrommedia.fi\/product\/b3-niacinamid-synergos\/"},"modified":"2026-01-18T15:56:39","modified_gmt":"2026-01-18T13:56:39","slug":"b3-vitamiini-synergos-niasiiniamidi","status":"publish","type":"product","link":"https:\/\/reviva.fi\/fi\/tuote\/b3-vitamiini-synergos-niasiiniamidi\/","title":{"rendered":"B3-vitamiini synergos &#8211; Niasiiniamidi"},"content":{"rendered":"<p><strong>B3-vitamiini Synergos<\/strong> on pitk\u00e4lle kehitetty ravintolis\u00e4, joka perustuu laajakirjo- ja synergiaperiaatteisiin.<\/p>\n<p><strong>B3-vitamiini edist\u00e4\u00e4:<\/strong><\/p>\n<ul>\n<li>normaalia energia-aineenvaihduntaa<\/li>\n<li>hermoston normaalia toimintaa<\/li>\n<li>normaaleja psykologisia toimintoja<\/li>\n<li>limakalvojen pysymist\u00e4 normaaleina<\/li>\n<li>ihon pysymist\u00e4 normaalina<\/li>\n<li>v\u00e4hent\u00e4m\u00e4\u00e4n v\u00e4symyst\u00e4 ja uupumusta<\/li>\n<\/ul>\n<p><strong>Huomaa<\/strong>, ett\u00e4 B-vitamiini voi v\u00e4rj\u00e4t\u00e4 virtsan keltavihre\u00e4ksi.<\/p>\n","protected":false},"excerpt":{"rendered":"<p>B3 Niasinamiidi Synergos on pitk\u00e4lle kehitetty ravintolis\u00e4, joka perustuu laajakirjo- ja synergiaperiaatteisiin.<\/p>\n<p><strong>60 tablettia<\/strong><\/p>\n","protected":false},"featured_media":13749,"comment_status":"open","ping_status":"closed","template":"","meta":{"_acf_changed":false,"inline_featured_image":false,"_kad_blocks_custom_css":"","_kad_blocks_head_custom_js":"","_kad_blocks_body_custom_js":"","_kad_blocks_footer_custom_js":"","_kadence_starter_templates_imported_post":false,"_kad_post_transparent":"default","_kad_post_title":"","_kad_post_layout":"default","_kad_post_sidebar_id":"","_kad_post_content_style":"default","_kad_post_vertical_padding":"default","_kad_post_feature":"","_kad_post_feature_position":"","_kad_post_header":false,"_kad_post_footer":false},"product_brand":[],"product_cat":[96,525,5961,5978,5963,2357,2371],"product_tag":[3021,412,428,419,418,3119,3044,3013,3106,3126,3076,1621,3019,3062,3049,1557,1260,1326,3068,507,3125,498,1218,1436,501,3113,1526,1291,3147,3137,3172,1538,2977,3111,520,522],"class_list":{"0":"post-1381","1":"product","2":"type-product","3":"status-publish","4":"has-post-thumbnail","6":"product_cat-vitaminer-fi","7":"product_cat-b-vitamin-fi","8":"product_cat-multi-vitamin-fi","9":"product_cat-multi-produkter-fi","10":"product_cat-synergos-fi","11":"product_cat-immunforsvar-fi","12":"product_cat-muskler-och-leder-fi","13":"product_tag-aivohalvauksen-jalkihoito","14":"product_tag-antioksidantti","15":"product_tag-b-vitamiini","16":"product_tag-b3-fi","17":"product_tag-b3-vitamiini","18":"product_tag-ehkaisee-ateroskleroosia","19":"product_tag-ehkaisee-tyypin-1-diabetesta","20":"product_tag-eksokriininen-haiman-vajaatoiminta-fi","21":"product_tag-hajutoleranssi","22":"product_tag-heikentynyt-maksan-toiminta","23":"product_tag-herkkyys-kylmalle","24":"product_tag-huimaus","25":"product_tag-huono-tasapainon-tunne","26":"product_tag-hyperpigmentaatio","27":"product_tag-immuunipuolustusta-stimuloiva-aine","28":"product_tag-jaykkyys-nivelissa","29":"product_tag-kohonneet-kolesterolitasot","30":"product_tag-kohonnut-verenpaine","31":"product_tag-kolesteroolia-tasaava","32":"product_tag-lisaa-vastustuskykya","33":"product_tag-lisamunuaisen-toimintahairio","34":"product_tag-luontais-lisaravinne","35":"product_tag-masennus","36":"product_tag-migreeni","37":"product_tag-niasiiniamiidi","38":"product_tag-nikotiinin-vieroitusoire","39":"product_tag-nivelreuma","40":"product_tag-paansarky","41":"product_tag-pellagra-fi","42":"product_tag-raynaudin-oireyhtyma","43":"product_tag-sa","44":"product_tag-skitsofrenia","45":"product_tag-suolahapon-puute-fi","46":"product_tag-vahentynyt-aineenvaihdunta","47":"product_tag-vitamiini","48":"product_tag-vitamiinit","50":"first","51":"instock","52":"taxable","53":"shipping-taxable","54":"purchasable","55":"product-type-simple","56":"entry","57":"content-bg","58":"loop-entry"},"acf":[],"yoast_head":"<!-- This site is optimized with the Yoast SEO plugin v25.8 - https:\/\/yoast.com\/wordpress\/plugins\/seo\/ -->\n<title>B3-vitamiini synergos - Niasiiniamidi - Reviva<\/title>\n<meta name=\"description\" content=\"B3-vitamiini Synergos - normaalille psyykkiselle toiminnalle, normaaleille limakalvoille, yll\u00e4pit\u00e4\u00e4 normaalia ihoa ja v\u00e4hent\u00e4\u00e4 v\u00e4symyst\u00e4 ja uupumusta.\" \/>\n<meta name=\"robots\" content=\"index, follow, max-snippet:-1, max-image-preview:large, max-video-preview:-1\" \/>\n<link rel=\"canonical\" href=\"https:\/\/reviva.fi\/fi\/tuote\/b3-vitamiini-synergos-niasiiniamidi\/\" \/>\n<meta property=\"og:locale\" content=\"fi_FI\" \/>\n<meta property=\"og:type\" content=\"article\" \/>\n<meta property=\"og:title\" content=\"B3-vitamiini synergos - Niasiiniamidi - Reviva\" \/>\n<meta property=\"og:description\" content=\"B3-vitamiini Synergos - normaalille psyykkiselle toiminnalle, normaaleille limakalvoille, yll\u00e4pit\u00e4\u00e4 normaalia ihoa ja v\u00e4hent\u00e4\u00e4 v\u00e4symyst\u00e4 ja uupumusta.\" \/>\n<meta property=\"og:url\" content=\"https:\/\/reviva.fi\/fi\/tuote\/b3-vitamiini-synergos-niasiiniamidi\/\" \/>\n<meta property=\"og:site_name\" content=\"Reviva\" \/>\n<meta property=\"article:modified_time\" content=\"2026-01-18T13:56:39+00:00\" \/>\n<meta property=\"og:image\" content=\"https:\/\/reviva.fi\/wp-content\/uploads\/2021\/03\/232-B3-Synergos-Photoroom-e1769691138779.png\" \/>\n\t<meta property=\"og:image:width\" content=\"2000\" \/>\n\t<meta property=\"og:image:height\" content=\"1333\" \/>\n\t<meta property=\"og:image:type\" content=\"image\/png\" \/>\n<meta name=\"twitter:card\" content=\"summary_large_image\" \/>\n<script type=\"application\/ld+json\" class=\"yoast-schema-graph\">{\"@context\":\"https:\/\/schema.org\",\"@graph\":[{\"@type\":\"WebPage\",\"@id\":\"https:\/\/reviva.fi\/fi\/tuote\/b3-vitamiini-synergos-niasiiniamidi\/\",\"url\":\"https:\/\/reviva.fi\/fi\/tuote\/b3-vitamiini-synergos-niasiiniamidi\/\",\"name\":\"B3-vitamiini synergos - Niasiiniamidi - Reviva\",\"isPartOf\":{\"@id\":\"https:\/\/reviva.fi\/fi\/#website\"},\"primaryImageOfPage\":{\"@id\":\"https:\/\/reviva.fi\/fi\/tuote\/b3-vitamiini-synergos-niasiiniamidi\/#primaryimage\"},\"image\":{\"@id\":\"https:\/\/reviva.fi\/fi\/tuote\/b3-vitamiini-synergos-niasiiniamidi\/#primaryimage\"},\"thumbnailUrl\":\"https:\/\/reviva.fi\/wp-content\/uploads\/2021\/03\/232-B3-Synergos-Photoroom-e1769691138779.png\",\"datePublished\":\"2021-03-19T11:40:18+00:00\",\"dateModified\":\"2026-01-18T13:56:39+00:00\",\"description\":\"B3-vitamiini Synergos - normaalille psyykkiselle toiminnalle, normaaleille limakalvoille, yll\u00e4pit\u00e4\u00e4 normaalia ihoa ja v\u00e4hent\u00e4\u00e4 v\u00e4symyst\u00e4 ja uupumusta.\",\"breadcrumb\":{\"@id\":\"https:\/\/reviva.fi\/fi\/tuote\/b3-vitamiini-synergos-niasiiniamidi\/#breadcrumb\"},\"inLanguage\":\"fi\",\"potentialAction\":[{\"@type\":\"ReadAction\",\"target\":[\"https:\/\/reviva.fi\/fi\/tuote\/b3-vitamiini-synergos-niasiiniamidi\/\"]}]},{\"@type\":\"ImageObject\",\"inLanguage\":\"fi\",\"@id\":\"https:\/\/reviva.fi\/fi\/tuote\/b3-vitamiini-synergos-niasiiniamidi\/#primaryimage\",\"url\":\"https:\/\/reviva.fi\/wp-content\/uploads\/2021\/03\/232-B3-Synergos-Photoroom-e1769691138779.png\",\"contentUrl\":\"https:\/\/reviva.fi\/wp-content\/uploads\/2021\/03\/232-B3-Synergos-Photoroom-e1769691138779.png\",\"width\":2000,\"height\":1333,\"caption\":\"Vitamin B3 Synergos\"},{\"@type\":\"BreadcrumbList\",\"@id\":\"https:\/\/reviva.fi\/fi\/tuote\/b3-vitamiini-synergos-niasiiniamidi\/#breadcrumb\",\"itemListElement\":[{\"@type\":\"ListItem\",\"position\":1,\"name\":\"Etusivu\",\"item\":\"https:\/\/reviva.fi\/fi\/\"},{\"@type\":\"ListItem\",\"position\":2,\"name\":\"Tuotteet\",\"item\":\"https:\/\/reviva.fi\/produkter\/\"},{\"@type\":\"ListItem\",\"position\":3,\"name\":\"B3-vitamiini synergos &#8211; Niasiiniamidi\"}]},{\"@type\":\"WebSite\",\"@id\":\"https:\/\/reviva.fi\/fi\/#website\",\"url\":\"https:\/\/reviva.fi\/fi\/\",\"name\":\"Reviva\",\"description\":\"\",\"publisher\":{\"@id\":\"https:\/\/reviva.fi\/fi\/#organization\"},\"potentialAction\":[{\"@type\":\"SearchAction\",\"target\":{\"@type\":\"EntryPoint\",\"urlTemplate\":\"https:\/\/reviva.fi\/fi\/?s={search_term_string}\"},\"query-input\":{\"@type\":\"PropertyValueSpecification\",\"valueRequired\":true,\"valueName\":\"search_term_string\"}}],\"inLanguage\":\"fi\"},{\"@type\":\"Organization\",\"@id\":\"https:\/\/reviva.fi\/fi\/#organization\",\"name\":\"Reviva\",\"url\":\"https:\/\/reviva.fi\/fi\/\",\"logo\":{\"@type\":\"ImageObject\",\"inLanguage\":\"fi\",\"@id\":\"https:\/\/reviva.fi\/fi\/#\/schema\/logo\/image\/\",\"url\":\"https:\/\/reviva.fi\/wp-content\/uploads\/2023\/10\/reviva-logo2.svg\",\"contentUrl\":\"https:\/\/reviva.fi\/wp-content\/uploads\/2023\/10\/reviva-logo2.svg\",\"caption\":\"Reviva\"},\"image\":{\"@id\":\"https:\/\/reviva.fi\/fi\/#\/schema\/logo\/image\/\"}}]}<\/script>\n<meta property=\"product:price:amount\" content=\"27.35\" \/>\n<meta property=\"product:price:currency\" content=\"EUR\" \/>\n<meta property=\"og:availability\" content=\"instock\" \/>\n<meta property=\"product:availability\" content=\"instock\" \/>\n<meta property=\"product:retailer_item_id\" content=\"232\" \/>\n<meta property=\"product:condition\" content=\"new\" \/>\n<!-- \/ Yoast SEO plugin. -->","yoast_head_json":{"title":"B3-vitamiini synergos - Niasiiniamidi - Reviva","description":"B3-vitamiini Synergos - normaalille psyykkiselle toiminnalle, normaaleille limakalvoille, yll\u00e4pit\u00e4\u00e4 normaalia ihoa ja v\u00e4hent\u00e4\u00e4 v\u00e4symyst\u00e4 ja uupumusta.","robots":{"index":"index","follow":"follow","max-snippet":"max-snippet:-1","max-image-preview":"max-image-preview:large","max-video-preview":"max-video-preview:-1"},"canonical":"https:\/\/reviva.fi\/fi\/tuote\/b3-vitamiini-synergos-niasiiniamidi\/","og_locale":"fi_FI","og_type":"article","og_title":"B3-vitamiini synergos - Niasiiniamidi - Reviva","og_description":"B3-vitamiini Synergos - normaalille psyykkiselle toiminnalle, normaaleille limakalvoille, yll\u00e4pit\u00e4\u00e4 normaalia ihoa ja v\u00e4hent\u00e4\u00e4 v\u00e4symyst\u00e4 ja uupumusta.","og_url":"https:\/\/reviva.fi\/fi\/tuote\/b3-vitamiini-synergos-niasiiniamidi\/","og_site_name":"Reviva","article_modified_time":"2026-01-18T13:56:39+00:00","og_image":[{"width":2000,"height":1333,"url":"https:\/\/reviva.fi\/wp-content\/uploads\/2021\/03\/232-B3-Synergos-Photoroom-e1769691138779.png","type":"image\/png"}],"twitter_card":"summary_large_image","schema":{"@context":"https:\/\/schema.org","@graph":[{"@type":"WebPage","@id":"https:\/\/reviva.fi\/fi\/tuote\/b3-vitamiini-synergos-niasiiniamidi\/","url":"https:\/\/reviva.fi\/fi\/tuote\/b3-vitamiini-synergos-niasiiniamidi\/","name":"B3-vitamiini synergos - Niasiiniamidi - Reviva","isPartOf":{"@id":"https:\/\/reviva.fi\/fi\/#website"},"primaryImageOfPage":{"@id":"https:\/\/reviva.fi\/fi\/tuote\/b3-vitamiini-synergos-niasiiniamidi\/#primaryimage"},"image":{"@id":"https:\/\/reviva.fi\/fi\/tuote\/b3-vitamiini-synergos-niasiiniamidi\/#primaryimage"},"thumbnailUrl":"https:\/\/reviva.fi\/wp-content\/uploads\/2021\/03\/232-B3-Synergos-Photoroom-e1769691138779.png","datePublished":"2021-03-19T11:40:18+00:00","dateModified":"2026-01-18T13:56:39+00:00","description":"B3-vitamiini Synergos - normaalille psyykkiselle toiminnalle, normaaleille limakalvoille, yll\u00e4pit\u00e4\u00e4 normaalia ihoa ja v\u00e4hent\u00e4\u00e4 v\u00e4symyst\u00e4 ja uupumusta.","breadcrumb":{"@id":"https:\/\/reviva.fi\/fi\/tuote\/b3-vitamiini-synergos-niasiiniamidi\/#breadcrumb"},"inLanguage":"fi","potentialAction":[{"@type":"ReadAction","target":["https:\/\/reviva.fi\/fi\/tuote\/b3-vitamiini-synergos-niasiiniamidi\/"]}]},{"@type":"ImageObject","inLanguage":"fi","@id":"https:\/\/reviva.fi\/fi\/tuote\/b3-vitamiini-synergos-niasiiniamidi\/#primaryimage","url":"https:\/\/reviva.fi\/wp-content\/uploads\/2021\/03\/232-B3-Synergos-Photoroom-e1769691138779.png","contentUrl":"https:\/\/reviva.fi\/wp-content\/uploads\/2021\/03\/232-B3-Synergos-Photoroom-e1769691138779.png","width":2000,"height":1333,"caption":"Vitamin B3 Synergos"},{"@type":"BreadcrumbList","@id":"https:\/\/reviva.fi\/fi\/tuote\/b3-vitamiini-synergos-niasiiniamidi\/#breadcrumb","itemListElement":[{"@type":"ListItem","position":1,"name":"Etusivu","item":"https:\/\/reviva.fi\/fi\/"},{"@type":"ListItem","position":2,"name":"Tuotteet","item":"https:\/\/reviva.fi\/produkter\/"},{"@type":"ListItem","position":3,"name":"B3-vitamiini synergos &#8211; Niasiiniamidi"}]},{"@type":"WebSite","@id":"https:\/\/reviva.fi\/fi\/#website","url":"https:\/\/reviva.fi\/fi\/","name":"Reviva","description":"","publisher":{"@id":"https:\/\/reviva.fi\/fi\/#organization"},"potentialAction":[{"@type":"SearchAction","target":{"@type":"EntryPoint","urlTemplate":"https:\/\/reviva.fi\/fi\/?s={search_term_string}"},"query-input":{"@type":"PropertyValueSpecification","valueRequired":true,"valueName":"search_term_string"}}],"inLanguage":"fi"},{"@type":"Organization","@id":"https:\/\/reviva.fi\/fi\/#organization","name":"Reviva","url":"https:\/\/reviva.fi\/fi\/","logo":{"@type":"ImageObject","inLanguage":"fi","@id":"https:\/\/reviva.fi\/fi\/#\/schema\/logo\/image\/","url":"https:\/\/reviva.fi\/wp-content\/uploads\/2023\/10\/reviva-logo2.svg","contentUrl":"https:\/\/reviva.fi\/wp-content\/uploads\/2023\/10\/reviva-logo2.svg","caption":"Reviva"},"image":{"@id":"https:\/\/reviva.fi\/fi\/#\/schema\/logo\/image\/"}}]},"product_price_amount":"27.35","product_price_currency":"EUR","og_availability":"instock","product_availability":"instock","product_retailer_item_id":"232","product_condition":"new"},"taxonomy_info":{"product_cat":[{"value":96,"label":"Vitamiinit"},{"value":525,"label":"B-vitamiini"},{"value":5961,"label":"Multi-vitamiini"},{"value":5978,"label":"Multi tuotteet"},{"value":5963,"label":"Synergos"},{"value":2357,"label":"Immuunipuolustus"},{"value":2371,"label":"Nivelet &amp; Lihakset"}],"product_tag":[{"value":3021,"label":"aivohalvauksen j\u00e4lkihoito"},{"value":412,"label":"antioksidantti"},{"value":428,"label":"b vitamiini"},{"value":419,"label":"b3"},{"value":418,"label":"b3 vitamiini"},{"value":3119,"label":"ehk\u00e4isee ateroskleroosia"},{"value":3044,"label":"ehk\u00e4isee tyypin 1 diabetest\u00e4"},{"value":3013,"label":"eksokriininen haiman vajaatoiminta"},{"value":3106,"label":"Hajutoleranssi"},{"value":3126,"label":"heikentynyt maksan toiminta"},{"value":3076,"label":"herkkyys kylm\u00e4lle"},{"value":1621,"label":"huimaus"},{"value":3019,"label":"huono tasapainon tunne"},{"value":3062,"label":"hyperpigmentaatio"},{"value":3049,"label":"immuunipuolustusta stimuloiva aine"},{"value":1557,"label":"j\u00e4ykkyys niveliss\u00e4"},{"value":1260,"label":"kohonneet kolesterolitasot"},{"value":1326,"label":"kohonnut verenpaine"},{"value":3068,"label":"kolesteroolia tasaava"},{"value":507,"label":"lis\u00e4\u00e4 vastustuskyky\u00e4"},{"value":3125,"label":"Lis\u00e4munuaisen toimintah\u00e4iri\u00f6"},{"value":498,"label":"luontais lis\u00e4ravinne"},{"value":1218,"label":"masennus"},{"value":1436,"label":"migreeni"},{"value":501,"label":"niasiiniamiidi"},{"value":3113,"label":"nikotiinin vieroitusoire"},{"value":1526,"label":"nivelreuma"},{"value":1291,"label":"p\u00e4\u00e4ns\u00e4rky"},{"value":3147,"label":"pellagra"},{"value":3137,"label":"Raynaudin oireyhtym\u00e4"},{"value":3172,"label":"Salakavala muistisairaus"},{"value":1538,"label":"skitsofrenia"},{"value":2977,"label":"Suolahapon puute"},{"value":3111,"label":"v\u00e4hentynyt aineenvaihdunta"},{"value":520,"label":"vitamiini"},{"value":522,"label":"vitamiinit"}]},"featured_image_src_large":["https:\/\/reviva.fi\/wp-content\/uploads\/2021\/03\/232-B3-Synergos-Photoroom-1024x682.png",1024,682,true],"author_info":[],"comment_info":0,"_links":{"self":[{"href":"https:\/\/reviva.fi\/fi\/wp-json\/wp\/v2\/product\/1381","targetHints":{"allow":["GET"]}}],"collection":[{"href":"https:\/\/reviva.fi\/fi\/wp-json\/wp\/v2\/product"}],"about":[{"href":"https:\/\/reviva.fi\/fi\/wp-json\/wp\/v2\/types\/product"}],"replies":[{"embeddable":true,"href":"https:\/\/reviva.fi\/fi\/wp-json\/wp\/v2\/comments?post=1381"}],"wp:featuredmedia":[{"embeddable":true,"href":"https:\/\/reviva.fi\/fi\/wp-json\/wp\/v2\/media\/13749"}],"wp:attachment":[{"href":"https:\/\/reviva.fi\/fi\/wp-json\/wp\/v2\/media?parent=1381"}],"wp:term":[{"taxonomy":"product_brand","embeddable":true,"href":"https:\/\/reviva.fi\/fi\/wp-json\/wp\/v2\/product_brand?post=1381"},{"taxonomy":"product_cat","embeddable":true,"href":"https:\/\/reviva.fi\/fi\/wp-json\/wp\/v2\/product_cat?post=1381"},{"taxonomy":"product_tag","embeddable":true,"href":"https:\/\/reviva.fi\/fi\/wp-json\/wp\/v2\/product_tag?post=1381"}],"curies":[{"name":"wp","href":"https:\/\/api.w.org\/{rel}","templated":true}]}}