{"id":13849,"date":"2025-11-10T11:12:31","date_gmt":"2025-11-10T09:12:31","guid":{"rendered":"https:\/\/reviva.fi\/product\/folic-acid-400%c2%b5g\/"},"modified":"2026-02-11T14:24:17","modified_gmt":"2026-02-11T12:24:17","slug":"folic-acid-400%c2%b5g","status":"publish","type":"product","link":"https:\/\/reviva.fi\/fi\/tuote\/folic-acid-400%c2%b5g\/","title":{"rendered":"Folic Acid 400\u00b5g &#8211; Foolihappo, Lamberts"},"content":{"rendered":"<div class=\"flex flex-col text-sm pb-25\">\n<article class=\"text-token-text-primary w-full focus:outline-none [--shadow-height:45px] has-data-writing-block:pointer-events-none has-data-writing-block:-mt-(--shadow-height) has-data-writing-block:pt-(--shadow-height) [&amp;:has([data-writing-block])&gt;*]:pointer-events-auto scroll-mt-[calc(var(--header-height)+min(200px,max(70px,20svh)))]\" dir=\"auto\" tabindex=\"-1\" data-turn-id=\"91c9fdd4-02fa-4a8b-b463-809d51bc3f34\" data-testid=\"conversation-turn-26\" data-scroll-anchor=\"true\" data-turn=\"assistant\">\n<div class=\"text-base my-auto mx-auto pb-10 [--thread-content-margin:--spacing(4)] @w-sm\/main:[--thread-content-margin:--spacing(6)] @w-lg\/main:[--thread-content-margin:--spacing(16)] px-(--thread-content-margin)\">\n<div class=\"[--thread-content-max-width:40rem] @w-lg\/main:[--thread-content-max-width:48rem] mx-auto max-w-(--thread-content-max-width) flex-1 group\/turn-messages focus-visible:outline-hidden relative flex w-full min-w-0 flex-col agent-turn\" tabindex=\"-1\">\n<div class=\"flex max-w-full flex-col grow\">\n<div class=\"min-h-8 text-message relative flex w-full flex-col items-end gap-2 text-start break-words whitespace-normal [.text-message+&amp;]:mt-1\" dir=\"auto\" data-message-author-role=\"assistant\" data-message-id=\"fa804983-9361-4ff2-bc97-9a4919a579b7\" data-message-model-slug=\"gpt-5-2\">\n<div class=\"flex w-full flex-col gap-1 empty:hidden first:pt-[1px]\">\n<div class=\"markdown prose dark:prose-invert w-full wrap-break-word light markdown-new-styling\">\n<p data-start=\"0\" data-end=\"68\"><strong>Foolihappo solujen jakautumiseen, verenmuodostukseen ja raskauteen<\/strong><\/p>\n<p data-start=\"70\" data-end=\"353\"><strong>Lamberts Folic Acid 400 \u00b5g<\/strong> on korkealaatuinen ravintolis\u00e4, joka sis\u00e4lt\u00e4\u00e4 400 \u00b5g foolihappoa per tabletti. Foolihappo (B9-vitamiini) on vesiliukoinen B-vitamiini, jolla on keskeinen rooli kehon solujen jakautumisessa ja verenmuodostuksessa, ja se on erityisen t\u00e4rke\u00e4 raskauden aikana.<\/p>\n<p data-start=\"355\" data-end=\"474\">Koska folaatti ei varastoidu elimist\u00f6\u00f6n suurina m\u00e4\u00e4rin\u00e4, sit\u00e4 tulee saada s\u00e4\u00e4nn\u00f6llisesti ravinnosta tai ravintolis\u00e4st\u00e4.<\/p>\n<p data-start=\"476\" data-end=\"501\"><strong>T\u00e4rke\u00e4 raskauden aikana<\/strong><\/p>\n<p data-start=\"503\" data-end=\"684\">Folaattivalmisteen k\u00e4ytt\u00f6 lis\u00e4\u00e4 raskaana olevien naisten folaatin m\u00e4\u00e4r\u00e4\u00e4. Raskaana olevien naisten alhainen folaatin taso on riskitekij\u00e4 siki\u00f6n hermostoputken sulkeutumish\u00e4iri\u00f6ille.<\/p>\n<p data-start=\"686\" data-end=\"875\">Hy\u00f6dyllinen vaikutus saavutetaan nauttimalla 400 \u00b5g foolihappoa p\u00e4ivitt\u00e4in lis\u00e4n\u00e4 v\u00e4hint\u00e4\u00e4n kuukauden ajan ennen hedelm\u00f6ittymist\u00e4 ja enint\u00e4\u00e4n kolmen kuukauden ajan hedelm\u00f6ittymisen j\u00e4lkeen.<\/p>\n<p data-start=\"877\" data-end=\"913\"><strong>Edist\u00e4\u00e4 normaalia verenmuodostusta<\/strong><\/p>\n<ul>\n<li data-start=\"915\" data-end=\"951\">edist\u00e4\u00e4 normaalia verenmuodostusta<\/li>\n<li data-start=\"915\" data-end=\"951\">edist\u00e4\u00e4 normaalia homokysteiinin aineenvaihduntaa<\/li>\n<\/ul>\n<p data-start=\"1006\" data-end=\"1100\">Folaatti on t\u00e4rke\u00e4 punasolujen muodostumiselle ja osallistuu elimist\u00f6n metylointiprosesseihin.<\/p>\n<p data-start=\"1102\" data-end=\"1153\"><strong>Tukea solujen jakautumiselle ja kudosten kasvulle<\/strong><\/p>\n<ul>\n<li data-start=\"1155\" data-end=\"1207\">edist\u00e4\u00e4 normaalia kudosten kasvua raskauden aikana<\/li>\n<li data-start=\"1155\" data-end=\"1207\">osallistuu solujen jakautumisprosessiin<\/li>\n<\/ul>\n<p data-start=\"1252\" data-end=\"1369\">T\u00e4m\u00e4n vuoksi folaatti on ratkaisevan t\u00e4rke\u00e4 nopean solukasvun vaiheissa, kuten raskauden ja siki\u00f6n kehityksen aikana.<\/p>\n<p data-start=\"1371\" data-end=\"1406\"><strong>Energia ja v\u00e4symyksen v\u00e4heneminen<\/strong><\/p>\n<ul>\n<li data-start=\"1408\" data-end=\"1452\">edist\u00e4\u00e4 normaalia energia-aineenvaihduntaa<\/li>\n<li data-start=\"1408\" data-end=\"1452\">auttaa v\u00e4hent\u00e4m\u00e4\u00e4n v\u00e4symyst\u00e4 ja uupumusta<\/li>\n<li data-start=\"1408\" data-end=\"1452\">edist\u00e4\u00e4 immuunij\u00e4rjestelm\u00e4n normaalia toimintaa<\/li>\n<li data-start=\"1408\" data-end=\"1452\">edist\u00e4\u00e4 normaalia psykologista toimintaa<\/li>\n<\/ul>\n<p data-start=\"1594\" data-end=\"1754\">T\u00e4m\u00e4n ansiosta foolihappo on merkityksellinen ravintolis\u00e4 my\u00f6s raskauden ulkopuolella, esimerkiksi lis\u00e4\u00e4ntyneen tarpeen tai yksipuolisen ruokavalion yhteydess\u00e4.<\/p>\n<p data-start=\"1756\" data-end=\"1777\"><strong>Laatua Lambertsilta<\/strong><\/p>\n<p data-start=\"1779\" data-end=\"2011\">Lamberts tunnetaan korkeista laatustandardeistaan ja huolellisesti valvotuista raaka-aineistaan. Folic Acid 400 \u00b5g on valmistettu tiukkojen laatuvaatimusten mukaisesti oikean annostuksen, stabiilisuuden ja puhtauden varmistamiseksi.<\/p>\n<p data-start=\"2013\" data-end=\"2129\" data-is-last-node=\"\" data-is-only-node=\"\">Tabletit ovat pieni\u00e4 ja helppoja niell\u00e4, ja ne soveltuvat p\u00e4ivitt\u00e4iseen k\u00e4ytt\u00f6\u00f6n suositellun annostuksen mukaisesti.<\/p>\n<\/div>\n<\/div>\n<\/div>\n<\/div>\n<div class=\"z-0 flex min-h-[46px] justify-start\"><\/div>\n<div class=\"mt-3 w-full empty:hidden\">\n<div class=\"text-center\"><\/div>\n<\/div>\n<\/div>\n<\/div>\n<\/article>\n<\/div>\n<div class=\"pointer-events-none h-px w-px absolute bottom-0\" aria-hidden=\"true\" data-edge=\"true\"><\/div>\n","protected":false},"excerpt":{"rendered":"<p>Lamberts Folic Acid 400 \u00b5g on turvallinen ja laadukas foolihappolis\u00e4, joka edist\u00e4\u00e4 normaalia verenmuodostusta, solujen jakautumista, normaalia energia-aineenvaihduntaa sek\u00e4 auttaa v\u00e4hent\u00e4m\u00e4\u00e4n v\u00e4symyst\u00e4 ja uupumusta, ja on erityisen t\u00e4rke\u00e4 raskauden aikana.<\/p>\n<p data-start=\"342\" data-end=\"530\"><strong>100 tablettia<\/strong><\/p>\n","protected":false},"featured_media":13109,"comment_status":"closed","ping_status":"closed","template":"","meta":{"_acf_changed":false,"inline_featured_image":false,"_kad_blocks_custom_css":"","_kad_blocks_head_custom_js":"","_kad_blocks_body_custom_js":"","_kad_blocks_footer_custom_js":"","_kadence_starter_templates_imported_post":false,"_kad_post_transparent":"default","_kad_post_title":"","_kad_post_layout":"default","_kad_post_sidebar_id":"","_kad_post_content_style":"default","_kad_post_vertical_padding":"default","_kad_post_feature":"","_kad_post_feature_position":"","_kad_post_header":false,"_kad_post_footer":false},"product_brand":[],"product_cat":[96,525,2444],"product_tag":[],"class_list":{"0":"post-13849","1":"product","2":"type-product","3":"status-publish","4":"has-post-thumbnail","6":"product_cat-vitaminer-fi","7":"product_cat-b-vitamin-fi","8":"product_cat-lamberts-fi","10":"first","11":"instock","12":"taxable","13":"shipping-taxable","14":"purchasable","15":"product-type-simple","16":"entry","17":"content-bg","18":"loop-entry"},"acf":[],"yoast_head":"<!-- This site is optimized with the Yoast SEO plugin v25.8 - https:\/\/yoast.com\/wordpress\/plugins\/seo\/ -->\n<title>Folic Acid 400\u00b5g - Foolihappo, Lamberts - Reviva<\/title>\n<meta name=\"description\" content=\"Folic Acid 400 \u00b5g \u2013 korkealaatuinen ravintolis\u00e4, joka sis\u00e4lt\u00e4\u00e4 suositellun p\u00e4ivitt\u00e4isen annoksen foolihappoa helposti nielt\u00e4v\u00e4ss\u00e4 tabletissa.\" \/>\n<meta name=\"robots\" content=\"index, follow, max-snippet:-1, max-image-preview:large, max-video-preview:-1\" \/>\n<link rel=\"canonical\" href=\"https:\/\/reviva.fi\/fi\/tuote\/folic-acid-400%c2%b5g\/\" \/>\n<meta property=\"og:locale\" content=\"fi_FI\" \/>\n<meta property=\"og:type\" content=\"article\" \/>\n<meta property=\"og:title\" content=\"Folic Acid 400\u00b5g - Foolihappo, Lamberts - Reviva\" \/>\n<meta property=\"og:description\" content=\"Folic Acid 400 \u00b5g \u2013 korkealaatuinen ravintolis\u00e4, joka sis\u00e4lt\u00e4\u00e4 suositellun p\u00e4ivitt\u00e4isen annoksen foolihappoa helposti nielt\u00e4v\u00e4ss\u00e4 tabletissa.\" \/>\n<meta property=\"og:url\" content=\"https:\/\/reviva.fi\/fi\/tuote\/folic-acid-400%c2%b5g\/\" \/>\n<meta property=\"og:site_name\" content=\"Reviva\" \/>\n<meta property=\"article:modified_time\" content=\"2026-02-11T12:24:17+00:00\" \/>\n<meta property=\"og:image\" content=\"https:\/\/reviva.fi\/wp-content\/uploads\/2025\/11\/8071-100-Photoroom.png\" \/>\n\t<meta property=\"og:image:width\" content=\"780\" \/>\n\t<meta property=\"og:image:height\" content=\"780\" \/>\n\t<meta property=\"og:image:type\" content=\"image\/png\" \/>\n<meta name=\"twitter:card\" content=\"summary_large_image\" \/>\n<script type=\"application\/ld+json\" class=\"yoast-schema-graph\">{\"@context\":\"https:\/\/schema.org\",\"@graph\":[{\"@type\":\"WebPage\",\"@id\":\"https:\/\/reviva.fi\/fi\/tuote\/folic-acid-400%c2%b5g\/\",\"url\":\"https:\/\/reviva.fi\/fi\/tuote\/folic-acid-400%c2%b5g\/\",\"name\":\"Folic Acid 400\u00b5g - Foolihappo, Lamberts - Reviva\",\"isPartOf\":{\"@id\":\"https:\/\/reviva.fi\/fi\/#website\"},\"primaryImageOfPage\":{\"@id\":\"https:\/\/reviva.fi\/fi\/tuote\/folic-acid-400%c2%b5g\/#primaryimage\"},\"image\":{\"@id\":\"https:\/\/reviva.fi\/fi\/tuote\/folic-acid-400%c2%b5g\/#primaryimage\"},\"thumbnailUrl\":\"https:\/\/reviva.fi\/wp-content\/uploads\/2025\/11\/8071-100-Photoroom.png\",\"datePublished\":\"2025-11-10T09:12:31+00:00\",\"dateModified\":\"2026-02-11T12:24:17+00:00\",\"description\":\"Folic Acid 400 \u00b5g \u2013 korkealaatuinen ravintolis\u00e4, joka sis\u00e4lt\u00e4\u00e4 suositellun p\u00e4ivitt\u00e4isen annoksen foolihappoa helposti nielt\u00e4v\u00e4ss\u00e4 tabletissa.\",\"breadcrumb\":{\"@id\":\"https:\/\/reviva.fi\/fi\/tuote\/folic-acid-400%c2%b5g\/#breadcrumb\"},\"inLanguage\":\"fi\",\"potentialAction\":[{\"@type\":\"ReadAction\",\"target\":[\"https:\/\/reviva.fi\/fi\/tuote\/folic-acid-400%c2%b5g\/\"]}]},{\"@type\":\"ImageObject\",\"inLanguage\":\"fi\",\"@id\":\"https:\/\/reviva.fi\/fi\/tuote\/folic-acid-400%c2%b5g\/#primaryimage\",\"url\":\"https:\/\/reviva.fi\/wp-content\/uploads\/2025\/11\/8071-100-Photoroom.png\",\"contentUrl\":\"https:\/\/reviva.fi\/wp-content\/uploads\/2025\/11\/8071-100-Photoroom.png\",\"width\":780,\"height\":780,\"caption\":\"Folic Acid 400\u00b5g\"},{\"@type\":\"BreadcrumbList\",\"@id\":\"https:\/\/reviva.fi\/fi\/tuote\/folic-acid-400%c2%b5g\/#breadcrumb\",\"itemListElement\":[{\"@type\":\"ListItem\",\"position\":1,\"name\":\"Etusivu\",\"item\":\"https:\/\/reviva.fi\/fi\/\"},{\"@type\":\"ListItem\",\"position\":2,\"name\":\"Tuotteet\",\"item\":\"https:\/\/reviva.fi\/produkter\/\"},{\"@type\":\"ListItem\",\"position\":3,\"name\":\"Folic Acid 400\u00b5g &#8211; Foolihappo, Lamberts\"}]},{\"@type\":\"WebSite\",\"@id\":\"https:\/\/reviva.fi\/fi\/#website\",\"url\":\"https:\/\/reviva.fi\/fi\/\",\"name\":\"Reviva\",\"description\":\"\",\"publisher\":{\"@id\":\"https:\/\/reviva.fi\/fi\/#organization\"},\"potentialAction\":[{\"@type\":\"SearchAction\",\"target\":{\"@type\":\"EntryPoint\",\"urlTemplate\":\"https:\/\/reviva.fi\/fi\/?s={search_term_string}\"},\"query-input\":{\"@type\":\"PropertyValueSpecification\",\"valueRequired\":true,\"valueName\":\"search_term_string\"}}],\"inLanguage\":\"fi\"},{\"@type\":\"Organization\",\"@id\":\"https:\/\/reviva.fi\/fi\/#organization\",\"name\":\"Reviva\",\"url\":\"https:\/\/reviva.fi\/fi\/\",\"logo\":{\"@type\":\"ImageObject\",\"inLanguage\":\"fi\",\"@id\":\"https:\/\/reviva.fi\/fi\/#\/schema\/logo\/image\/\",\"url\":\"https:\/\/reviva.fi\/wp-content\/uploads\/2023\/10\/reviva-logo2.svg\",\"contentUrl\":\"https:\/\/reviva.fi\/wp-content\/uploads\/2023\/10\/reviva-logo2.svg\",\"caption\":\"Reviva\"},\"image\":{\"@id\":\"https:\/\/reviva.fi\/fi\/#\/schema\/logo\/image\/\"}}]}<\/script>\n<meta property=\"product:price:amount\" content=\"8.25\" \/>\n<meta property=\"product:price:currency\" content=\"EUR\" \/>\n<meta property=\"og:availability\" content=\"instock\" \/>\n<meta property=\"product:availability\" content=\"instock\" \/>\n<meta property=\"product:retailer_item_id\" content=\"8071-100\" \/>\n<meta property=\"product:condition\" content=\"new\" \/>\n<!-- \/ Yoast SEO plugin. -->","yoast_head_json":{"title":"Folic Acid 400\u00b5g - Foolihappo, Lamberts - Reviva","description":"Folic Acid 400 \u00b5g \u2013 korkealaatuinen ravintolis\u00e4, joka sis\u00e4lt\u00e4\u00e4 suositellun p\u00e4ivitt\u00e4isen annoksen foolihappoa helposti nielt\u00e4v\u00e4ss\u00e4 tabletissa.","robots":{"index":"index","follow":"follow","max-snippet":"max-snippet:-1","max-image-preview":"max-image-preview:large","max-video-preview":"max-video-preview:-1"},"canonical":"https:\/\/reviva.fi\/fi\/tuote\/folic-acid-400%c2%b5g\/","og_locale":"fi_FI","og_type":"article","og_title":"Folic Acid 400\u00b5g - Foolihappo, Lamberts - Reviva","og_description":"Folic Acid 400 \u00b5g \u2013 korkealaatuinen ravintolis\u00e4, joka sis\u00e4lt\u00e4\u00e4 suositellun p\u00e4ivitt\u00e4isen annoksen foolihappoa helposti nielt\u00e4v\u00e4ss\u00e4 tabletissa.","og_url":"https:\/\/reviva.fi\/fi\/tuote\/folic-acid-400%c2%b5g\/","og_site_name":"Reviva","article_modified_time":"2026-02-11T12:24:17+00:00","og_image":[{"width":780,"height":780,"url":"https:\/\/reviva.fi\/wp-content\/uploads\/2025\/11\/8071-100-Photoroom.png","type":"image\/png"}],"twitter_card":"summary_large_image","schema":{"@context":"https:\/\/schema.org","@graph":[{"@type":"WebPage","@id":"https:\/\/reviva.fi\/fi\/tuote\/folic-acid-400%c2%b5g\/","url":"https:\/\/reviva.fi\/fi\/tuote\/folic-acid-400%c2%b5g\/","name":"Folic Acid 400\u00b5g - Foolihappo, Lamberts - Reviva","isPartOf":{"@id":"https:\/\/reviva.fi\/fi\/#website"},"primaryImageOfPage":{"@id":"https:\/\/reviva.fi\/fi\/tuote\/folic-acid-400%c2%b5g\/#primaryimage"},"image":{"@id":"https:\/\/reviva.fi\/fi\/tuote\/folic-acid-400%c2%b5g\/#primaryimage"},"thumbnailUrl":"https:\/\/reviva.fi\/wp-content\/uploads\/2025\/11\/8071-100-Photoroom.png","datePublished":"2025-11-10T09:12:31+00:00","dateModified":"2026-02-11T12:24:17+00:00","description":"Folic Acid 400 \u00b5g \u2013 korkealaatuinen ravintolis\u00e4, joka sis\u00e4lt\u00e4\u00e4 suositellun p\u00e4ivitt\u00e4isen annoksen foolihappoa helposti nielt\u00e4v\u00e4ss\u00e4 tabletissa.","breadcrumb":{"@id":"https:\/\/reviva.fi\/fi\/tuote\/folic-acid-400%c2%b5g\/#breadcrumb"},"inLanguage":"fi","potentialAction":[{"@type":"ReadAction","target":["https:\/\/reviva.fi\/fi\/tuote\/folic-acid-400%c2%b5g\/"]}]},{"@type":"ImageObject","inLanguage":"fi","@id":"https:\/\/reviva.fi\/fi\/tuote\/folic-acid-400%c2%b5g\/#primaryimage","url":"https:\/\/reviva.fi\/wp-content\/uploads\/2025\/11\/8071-100-Photoroom.png","contentUrl":"https:\/\/reviva.fi\/wp-content\/uploads\/2025\/11\/8071-100-Photoroom.png","width":780,"height":780,"caption":"Folic Acid 400\u00b5g"},{"@type":"BreadcrumbList","@id":"https:\/\/reviva.fi\/fi\/tuote\/folic-acid-400%c2%b5g\/#breadcrumb","itemListElement":[{"@type":"ListItem","position":1,"name":"Etusivu","item":"https:\/\/reviva.fi\/fi\/"},{"@type":"ListItem","position":2,"name":"Tuotteet","item":"https:\/\/reviva.fi\/produkter\/"},{"@type":"ListItem","position":3,"name":"Folic Acid 400\u00b5g &#8211; Foolihappo, Lamberts"}]},{"@type":"WebSite","@id":"https:\/\/reviva.fi\/fi\/#website","url":"https:\/\/reviva.fi\/fi\/","name":"Reviva","description":"","publisher":{"@id":"https:\/\/reviva.fi\/fi\/#organization"},"potentialAction":[{"@type":"SearchAction","target":{"@type":"EntryPoint","urlTemplate":"https:\/\/reviva.fi\/fi\/?s={search_term_string}"},"query-input":{"@type":"PropertyValueSpecification","valueRequired":true,"valueName":"search_term_string"}}],"inLanguage":"fi"},{"@type":"Organization","@id":"https:\/\/reviva.fi\/fi\/#organization","name":"Reviva","url":"https:\/\/reviva.fi\/fi\/","logo":{"@type":"ImageObject","inLanguage":"fi","@id":"https:\/\/reviva.fi\/fi\/#\/schema\/logo\/image\/","url":"https:\/\/reviva.fi\/wp-content\/uploads\/2023\/10\/reviva-logo2.svg","contentUrl":"https:\/\/reviva.fi\/wp-content\/uploads\/2023\/10\/reviva-logo2.svg","caption":"Reviva"},"image":{"@id":"https:\/\/reviva.fi\/fi\/#\/schema\/logo\/image\/"}}]},"product_price_amount":"8.25","product_price_currency":"EUR","og_availability":"instock","product_availability":"instock","product_retailer_item_id":"8071-100","product_condition":"new"},"taxonomy_info":{"product_cat":[{"value":96,"label":"Vitamiinit"},{"value":525,"label":"B-vitamiini"},{"value":2444,"label":"Lamberts"}]},"featured_image_src_large":["https:\/\/reviva.fi\/wp-content\/uploads\/2025\/11\/8071-100-Photoroom.png",780,780,false],"author_info":[],"comment_info":0,"_links":{"self":[{"href":"https:\/\/reviva.fi\/fi\/wp-json\/wp\/v2\/product\/13849","targetHints":{"allow":["GET"]}}],"collection":[{"href":"https:\/\/reviva.fi\/fi\/wp-json\/wp\/v2\/product"}],"about":[{"href":"https:\/\/reviva.fi\/fi\/wp-json\/wp\/v2\/types\/product"}],"replies":[{"embeddable":true,"href":"https:\/\/reviva.fi\/fi\/wp-json\/wp\/v2\/comments?post=13849"}],"wp:featuredmedia":[{"embeddable":true,"href":"https:\/\/reviva.fi\/fi\/wp-json\/wp\/v2\/media\/13109"}],"wp:attachment":[{"href":"https:\/\/reviva.fi\/fi\/wp-json\/wp\/v2\/media?parent=13849"}],"wp:term":[{"taxonomy":"product_brand","embeddable":true,"href":"https:\/\/reviva.fi\/fi\/wp-json\/wp\/v2\/product_brand?post=13849"},{"taxonomy":"product_cat","embeddable":true,"href":"https:\/\/reviva.fi\/fi\/wp-json\/wp\/v2\/product_cat?post=13849"},{"taxonomy":"product_tag","embeddable":true,"href":"https:\/\/reviva.fi\/fi\/wp-json\/wp\/v2\/product_tag?post=13849"}],"curies":[{"name":"wp","href":"https:\/\/api.w.org\/{rel}","templated":true}]}}